{"id":22046,"date":"2023-02-09T10:59:07","date_gmt":"2023-02-09T10:59:07","guid":{"rendered":"https:\/\/atami.com\/product\/ata-clean\/"},"modified":"2025-11-10T15:37:37","modified_gmt":"2025-11-10T13:37:37","slug":"ata-clean","status":"publish","type":"product","link":"https:\/\/atami.com\/es\/producto\/ata-clean","title":{"rendered":"ATA Clean"},"content":{"rendered":"<p><strong>ATA Clean es un producto de limpieza que permite que tu sistema de riego se mantenga completamente funcional. Previene y limpia los sedimentos, haci\u00e9ndolos nuevamente solubles en agua para que se descarguen f\u00e1cilmente con la irrigaci\u00f3n.<\/strong><\/p>\n<p>&nbsp;<\/p>\n<p>ATA Clean no es considerado como un fertilizante, a pesar de tener un valor de PK relativamente alto en la botella. Como la dosis es tan baja, los nutrientes en el producto tienen muy poco efecto sobre la propia planta. Otros productos nutricionales generalmente contienen iones y nutrientes met\u00e1licos solubles en agua como el hierro, el manganeso, el calcio y el magnesio que eventualmente forman sedimentos en el sistema de riego. Las sustancias de ATA Clean se unir\u00e1n con estos nutrientes met\u00e1licos y romper\u00e1n los cristales y las escamas para que se eliminen f\u00e1cilmente. ATA Clean es inofensivo para las plantas y el medio ambiente.<\/p>\n<p>&nbsp;<\/p>\n<p><strong>ESPECIALMENTE APTO PARA<\/strong><br \/>\nATA Clean es un nutriente universal, apto para diferentes tipos de frutas, verduras, hierbas y plantas ornamentales como romero, estrag\u00f3n, anturio, celosia, etc. La dosis requerida se puede medir para satisfacer las necesidades de cualquier planta o cultivo.<\/p>\n<p>&nbsp;<\/p>\n<p><strong>USO<\/strong><br \/>\nEspecialmente indicado para usar con agua del grifo. Agregar a cada riego de manera preventiva. Preparar la nutrici\u00f3n b\u00e1sica y corregir el pH (5,5-6,5) en caso de necesidad. Utilizar solo la nutrici\u00f3n b\u00e1sica por un tiempo, luego agregar ATA Clean. El producto se puede utilizar tanto de forma preventiva como curativa.<\/p>\n<p>&nbsp;<\/p>\n<p><strong>DOSIS<\/strong><br \/>\n0,1 ml por litro de agua.<\/p>\n<p>&nbsp;<\/p>\n<p><strong>P-K 18-6 W\/W<\/strong><\/p>\n<p>&nbsp;<\/p>\n<p><strong>DISPONIBLE EN 250ML, 1L, 5L Y 10L.<\/strong><\/p>\n","protected":false},"excerpt":{"rendered":"<p>F\u00e1cil mantenimiento del sistema de riego<\/p>\n","protected":false},"featured_media":23872,"comment_status":"closed","ping_status":"closed","template":"","meta":{"_acf_changed":false,"iawp_total_views":351},"product_brand":[],"product_cat":[222,220],"product_tag":[],"class_list":{"0":"post-22046","1":"product","2":"type-product","3":"status-publish","4":"has-post-thumbnail","6":"product_cat-aditivos","7":"product_cat-ata","9":"first","10":"instock","11":"shipping-taxable","12":"product-type-simple"},"acf":{"short_description":"<p><strong>ATA Clean es un producto de limpieza que permite que tu sistema de riego se mantenga completamente funcional. Previene y limpia los sedimentos, haci\u00e9ndolos nuevamente solubles en agua para que se descarguen f\u00e1cilmente con la irrigaci\u00f3n.<\/strong><\/p><p>&nbsp;<\/p><p>ATA Clean no es considerado como un fertilizante, a pesar de tener un valor de PK relativamente alto en la botella. Como la dosis es tan baja, los nutrientes en el producto tienen muy poco efecto sobre la propia planta. Otros productos nutricionales generalmente contienen iones y nutrientes met\u00e1licos solubles en agua como el hierro, el manganeso, el calcio y el magnesio que eventualmente forman sedimentos en el sistema de riego. Las sustancias de ATA Clean se unir\u00e1n con estos nutrientes met\u00e1licos y romper\u00e1n los cristales y las escamas para que se eliminen f\u00e1cilmente. ATA Clean es inofensivo para las plantas y el medio ambiente.<\/p>","suitable_for":"<p>ATA Clean es un nutriente universal, apto para diferentes tipos de frutas, verduras, hierbas y plantas ornamentales como romero, estrag\u00f3n, anturio, celosia, etc. La dosis requerida se puede medir para satisfacer las necesidades de cualquier planta o cultivo.<\/p>","application":"<p>Especialmente indicado para usar con agua del grifo. Agregar a cada riego de manera preventiva. Preparar la nutrici\u00f3n b\u00e1sica y corregir el pH (5,5-6,5) en caso de necesidad. Utilizar solo la nutrici\u00f3n b\u00e1sica por un tiempo, luego agregar ATA Clean. El producto se puede utilizar tanto de forma preventiva como curativa.<\/p>","dosage":"<p>0,1 ml por litro de agua.<\/p>","npk_ratio":"<p>P-K 18-6 W\/W<\/p>","available_in":"<p>250ML, 1L, 5L Y 10L<\/p>","icon_1":1841,"icon_1_text":"PREVIENE Y ELIMINA SEDIMENTOS EN EL SISTEMA DE RIEGO","icon_2":1845,"icon_2_text":"F\u00c1CIL MANTENIMIENTO DEL SISTEMA DE RIEGO","icon_3":"","icon_3_text":"","icon_4":"","icon_4_text":"","video":"https:\/\/youtu.be\/FqGuEDq1vYI","second_image":1837,"product_image_page":4066,"user_manual":"","new_icon_1":"","new_icon_2":"","new_icon_3":"","new_icon_4":"","grow_guides":"","category":"Aditivo"},"yoast_head":"<!-- This site is optimized with the Yoast SEO Premium plugin v27.5 (Yoast SEO v27.5) - https:\/\/yoast.com\/product\/yoast-seo-premium-wordpress\/ -->\n<title>ATA Clean \u2013 El limpiador ideal para sistemas de riego y cultivos de calidad<\/title>\n<meta name=\"description\" content=\"Mant\u00e9n tus sistemas de riego en perfecto estado con ATA Clean. El limpiador eficaz para eliminar residuos y asegurar el buen funcionamiento de tus cultivos. \u00a1Mejora tus cosechas ahora!\" \/>\n<meta name=\"robots\" content=\"index, follow, max-snippet:-1, max-image-preview:large, max-video-preview:-1\" \/>\n<link rel=\"canonical\" href=\"https:\/\/atami.com\/es\/producto\/ata-clean\" \/>\n<meta property=\"og:locale\" content=\"es_ES\" \/>\n<meta property=\"og:type\" content=\"article\" \/>\n<meta property=\"og:title\" content=\"ATA Clean\" \/>\n<meta property=\"og:description\" content=\"Mant\u00e9n tus sistemas de riego en perfecto estado con ATA Clean. El limpiador eficaz para eliminar residuos y asegurar el buen funcionamiento de tus cultivos. \u00a1Mejora tus cosechas ahora!\" \/>\n<meta property=\"og:url\" content=\"https:\/\/atami.com\/es\/producto\/ata-clean\" \/>\n<meta property=\"og:site_name\" content=\"Atami\" \/>\n<meta property=\"article:publisher\" content=\"https:\/\/www.facebook.com\/Atami.International\" \/>\n<meta property=\"article:modified_time\" content=\"2025-11-10T13:37:37+00:00\" \/>\n<meta property=\"og:image\" content=\"https:\/\/atami.com\/wp-content\/uploads\/2023\/02\/ATA-Clean-Main-Image.webp\" \/>\n\t<meta property=\"og:image:width\" content=\"1080\" \/>\n\t<meta property=\"og:image:height\" content=\"1080\" \/>\n\t<meta property=\"og:image:type\" content=\"image\/webp\" \/>\n<meta name=\"twitter:card\" content=\"summary_large_image\" \/>\n<meta name=\"twitter:site\" content=\"@AtamiEU\" \/>\n<meta name=\"twitter:label1\" content=\"Tiempo de lectura\" \/>\n\t<meta name=\"twitter:data1\" content=\"2 minutos\" \/>\n<script type=\"application\/ld+json\" class=\"yoast-schema-graph\">{\"@context\":\"https:\\\/\\\/schema.org\",\"@graph\":[{\"@type\":\"WebPage\",\"@id\":\"https:\\\/\\\/atami.com\\\/es\\\/producto\\\/ata-clean\",\"url\":\"https:\\\/\\\/atami.com\\\/es\\\/producto\\\/ata-clean\",\"name\":\"ATA Clean \u2013 El limpiador ideal para sistemas de riego y cultivos de calidad\",\"isPartOf\":{\"@id\":\"https:\\\/\\\/atami.com\\\/es#website\"},\"primaryImageOfPage\":{\"@id\":\"https:\\\/\\\/atami.com\\\/es\\\/producto\\\/ata-clean#primaryimage\"},\"image\":{\"@id\":\"https:\\\/\\\/atami.com\\\/es\\\/producto\\\/ata-clean#primaryimage\"},\"thumbnailUrl\":\"https:\\\/\\\/atami.com\\\/wp-content\\\/uploads\\\/2023\\\/02\\\/ATA-Clean-Main-Image.webp\",\"datePublished\":\"2023-02-09T10:59:07+00:00\",\"dateModified\":\"2025-11-10T13:37:37+00:00\",\"description\":\"Mant\u00e9n tus sistemas de riego en perfecto estado con ATA Clean. El limpiador eficaz para eliminar residuos y asegurar el buen funcionamiento de tus cultivos. \u00a1Mejora tus cosechas ahora!\",\"breadcrumb\":{\"@id\":\"https:\\\/\\\/atami.com\\\/es\\\/producto\\\/ata-clean#breadcrumb\"},\"inLanguage\":\"es\",\"potentialAction\":[{\"@type\":\"ReadAction\",\"target\":[\"https:\\\/\\\/atami.com\\\/es\\\/producto\\\/ata-clean\"]}]},{\"@type\":\"ImageObject\",\"inLanguage\":\"es\",\"@id\":\"https:\\\/\\\/atami.com\\\/es\\\/producto\\\/ata-clean#primaryimage\",\"url\":\"https:\\\/\\\/atami.com\\\/wp-content\\\/uploads\\\/2023\\\/02\\\/ATA-Clean-Main-Image.webp\",\"contentUrl\":\"https:\\\/\\\/atami.com\\\/wp-content\\\/uploads\\\/2023\\\/02\\\/ATA-Clean-Main-Image.webp\",\"width\":1080,\"height\":1080,\"caption\":\"ATA Clean garantiza que su sistema de riego siga siendo completamente funcional al prevenir y limpiar los residuos minerales, haci\u00e9ndolo soluble en agua para una f\u00e1cil descarga.\"},{\"@type\":\"BreadcrumbList\",\"@id\":\"https:\\\/\\\/atami.com\\\/es\\\/producto\\\/ata-clean#breadcrumb\",\"itemListElement\":[{\"@type\":\"ListItem\",\"position\":1,\"name\":\"Home\",\"item\":\"https:\\\/\\\/atami.com\\\/es\"},{\"@type\":\"ListItem\",\"position\":2,\"name\":\"Productos\",\"item\":\"https:\\\/\\\/atami.com\\\/es\\\/shop\"},{\"@type\":\"ListItem\",\"position\":3,\"name\":\"Marcas\",\"item\":\"https:\\\/\\\/atami.com\\\/es\\\/categoria-producto\\\/marcas\"},{\"@type\":\"ListItem\",\"position\":4,\"name\":\"ATA\",\"item\":\"https:\\\/\\\/atami.com\\\/es\\\/categoria-producto\\\/marcas\\\/ata\"},{\"@type\":\"ListItem\",\"position\":5,\"name\":\"ATA Clean\"}]},{\"@type\":\"WebSite\",\"@id\":\"https:\\\/\\\/atami.com\\\/es#website\",\"url\":\"https:\\\/\\\/atami.com\\\/es\",\"name\":\"Atami\",\"description\":\"NATURALLY INNOVATING!\",\"publisher\":{\"@id\":\"https:\\\/\\\/atami.com\\\/es#organization\"},\"potentialAction\":[{\"@type\":\"SearchAction\",\"target\":{\"@type\":\"EntryPoint\",\"urlTemplate\":\"https:\\\/\\\/atami.com\\\/es?s={search_term_string}\"},\"query-input\":{\"@type\":\"PropertyValueSpecification\",\"valueRequired\":true,\"valueName\":\"search_term_string\"}}],\"inLanguage\":\"es\"},{\"@type\":\"Organization\",\"@id\":\"https:\\\/\\\/atami.com\\\/es#organization\",\"name\":\"Atami\",\"url\":\"https:\\\/\\\/atami.com\\\/es\",\"logo\":{\"@type\":\"ImageObject\",\"inLanguage\":\"es\",\"@id\":\"https:\\\/\\\/atami.com\\\/es#\\\/schema\\\/logo\\\/image\\\/\",\"url\":\"https:\\\/\\\/atami.com\\\/wp-content\\\/uploads\\\/2026\\\/01\\\/Atami-logo-696x696px.webp\",\"contentUrl\":\"https:\\\/\\\/atami.com\\\/wp-content\\\/uploads\\\/2026\\\/01\\\/Atami-logo-696x696px.webp\",\"width\":696,\"height\":696,\"caption\":\"Atami\"},\"image\":{\"@id\":\"https:\\\/\\\/atami.com\\\/es#\\\/schema\\\/logo\\\/image\\\/\"},\"sameAs\":[\"https:\\\/\\\/www.facebook.com\\\/Atami.International\",\"https:\\\/\\\/x.com\\\/AtamiEU\",\"https:\\\/\\\/www.youtube.com\\\/c\\\/AtamiInternational\",\"https:\\\/\\\/www.instagram.com\\\/atami.international\\\/\"],\"description\":\"ATAMI is a premium plant nutrition & substrate brand founded in 1997 with the mission to make exceptional cultivation achievable for everyone. From legacy to license, we offer a wide variety of innovating award-winning products to let cultivators achieve maximum results in taste & yield.\",\"email\":\"info@mginnovations.es\",\"legalName\":\"Atami\",\"numberOfEmployees\":{\"@type\":\"QuantitativeValue\",\"minValue\":\"11\",\"maxValue\":\"50\"}}]}<\/script>\n<!-- \/ Yoast SEO Premium plugin. -->","yoast_head_json":{"title":"ATA Clean \u2013 El limpiador ideal para sistemas de riego y cultivos de calidad","description":"Mant\u00e9n tus sistemas de riego en perfecto estado con ATA Clean. El limpiador eficaz para eliminar residuos y asegurar el buen funcionamiento de tus cultivos. \u00a1Mejora tus cosechas ahora!","robots":{"index":"index","follow":"follow","max-snippet":"max-snippet:-1","max-image-preview":"max-image-preview:large","max-video-preview":"max-video-preview:-1"},"canonical":"https:\/\/atami.com\/es\/producto\/ata-clean","og_locale":"es_ES","og_type":"article","og_title":"ATA Clean","og_description":"Mant\u00e9n tus sistemas de riego en perfecto estado con ATA Clean. El limpiador eficaz para eliminar residuos y asegurar el buen funcionamiento de tus cultivos. \u00a1Mejora tus cosechas ahora!","og_url":"https:\/\/atami.com\/es\/producto\/ata-clean","og_site_name":"Atami","article_publisher":"https:\/\/www.facebook.com\/Atami.International","article_modified_time":"2025-11-10T13:37:37+00:00","og_image":[{"width":1080,"height":1080,"url":"https:\/\/atami.com\/wp-content\/uploads\/2023\/02\/ATA-Clean-Main-Image.webp","type":"image\/webp"}],"twitter_card":"summary_large_image","twitter_site":"@AtamiEU","twitter_misc":{"Tiempo de lectura":"2 minutos"},"schema":{"@context":"https:\/\/schema.org","@graph":[{"@type":"WebPage","@id":"https:\/\/atami.com\/es\/producto\/ata-clean","url":"https:\/\/atami.com\/es\/producto\/ata-clean","name":"ATA Clean \u2013 El limpiador ideal para sistemas de riego y cultivos de calidad","isPartOf":{"@id":"https:\/\/atami.com\/es#website"},"primaryImageOfPage":{"@id":"https:\/\/atami.com\/es\/producto\/ata-clean#primaryimage"},"image":{"@id":"https:\/\/atami.com\/es\/producto\/ata-clean#primaryimage"},"thumbnailUrl":"https:\/\/atami.com\/wp-content\/uploads\/2023\/02\/ATA-Clean-Main-Image.webp","datePublished":"2023-02-09T10:59:07+00:00","dateModified":"2025-11-10T13:37:37+00:00","description":"Mant\u00e9n tus sistemas de riego en perfecto estado con ATA Clean. El limpiador eficaz para eliminar residuos y asegurar el buen funcionamiento de tus cultivos. \u00a1Mejora tus cosechas ahora!","breadcrumb":{"@id":"https:\/\/atami.com\/es\/producto\/ata-clean#breadcrumb"},"inLanguage":"es","potentialAction":[{"@type":"ReadAction","target":["https:\/\/atami.com\/es\/producto\/ata-clean"]}]},{"@type":"ImageObject","inLanguage":"es","@id":"https:\/\/atami.com\/es\/producto\/ata-clean#primaryimage","url":"https:\/\/atami.com\/wp-content\/uploads\/2023\/02\/ATA-Clean-Main-Image.webp","contentUrl":"https:\/\/atami.com\/wp-content\/uploads\/2023\/02\/ATA-Clean-Main-Image.webp","width":1080,"height":1080,"caption":"ATA Clean garantiza que su sistema de riego siga siendo completamente funcional al prevenir y limpiar los residuos minerales, haci\u00e9ndolo soluble en agua para una f\u00e1cil descarga."},{"@type":"BreadcrumbList","@id":"https:\/\/atami.com\/es\/producto\/ata-clean#breadcrumb","itemListElement":[{"@type":"ListItem","position":1,"name":"Home","item":"https:\/\/atami.com\/es"},{"@type":"ListItem","position":2,"name":"Productos","item":"https:\/\/atami.com\/es\/shop"},{"@type":"ListItem","position":3,"name":"Marcas","item":"https:\/\/atami.com\/es\/categoria-producto\/marcas"},{"@type":"ListItem","position":4,"name":"ATA","item":"https:\/\/atami.com\/es\/categoria-producto\/marcas\/ata"},{"@type":"ListItem","position":5,"name":"ATA Clean"}]},{"@type":"WebSite","@id":"https:\/\/atami.com\/es#website","url":"https:\/\/atami.com\/es","name":"Atami","description":"NATURALLY INNOVATING!","publisher":{"@id":"https:\/\/atami.com\/es#organization"},"potentialAction":[{"@type":"SearchAction","target":{"@type":"EntryPoint","urlTemplate":"https:\/\/atami.com\/es?s={search_term_string}"},"query-input":{"@type":"PropertyValueSpecification","valueRequired":true,"valueName":"search_term_string"}}],"inLanguage":"es"},{"@type":"Organization","@id":"https:\/\/atami.com\/es#organization","name":"Atami","url":"https:\/\/atami.com\/es","logo":{"@type":"ImageObject","inLanguage":"es","@id":"https:\/\/atami.com\/es#\/schema\/logo\/image\/","url":"https:\/\/atami.com\/wp-content\/uploads\/2026\/01\/Atami-logo-696x696px.webp","contentUrl":"https:\/\/atami.com\/wp-content\/uploads\/2026\/01\/Atami-logo-696x696px.webp","width":696,"height":696,"caption":"Atami"},"image":{"@id":"https:\/\/atami.com\/es#\/schema\/logo\/image\/"},"sameAs":["https:\/\/www.facebook.com\/Atami.International","https:\/\/x.com\/AtamiEU","https:\/\/www.youtube.com\/c\/AtamiInternational","https:\/\/www.instagram.com\/atami.international\/"],"description":"ATAMI is a premium plant nutrition & substrate brand founded in 1997 with the mission to make exceptional cultivation achievable for everyone. From legacy to license, we offer a wide variety of innovating award-winning products to let cultivators achieve maximum results in taste & yield.","email":"info@mginnovations.es","legalName":"Atami","numberOfEmployees":{"@type":"QuantitativeValue","minValue":"11","maxValue":"50"}}]}},"_links":{"self":[{"href":"https:\/\/atami.com\/es\/wp-json\/wp\/v2\/product\/22046","targetHints":{"allow":["GET"]}}],"collection":[{"href":"https:\/\/atami.com\/es\/wp-json\/wp\/v2\/product"}],"about":[{"href":"https:\/\/atami.com\/es\/wp-json\/wp\/v2\/types\/product"}],"replies":[{"embeddable":true,"href":"https:\/\/atami.com\/es\/wp-json\/wp\/v2\/comments?post=22046"}],"wp:featuredmedia":[{"embeddable":true,"href":"https:\/\/atami.com\/es\/wp-json\/wp\/v2\/media\/23872"}],"wp:attachment":[{"href":"https:\/\/atami.com\/es\/wp-json\/wp\/v2\/media?parent=22046"}],"wp:term":[{"taxonomy":"product_brand","embeddable":true,"href":"https:\/\/atami.com\/es\/wp-json\/wp\/v2\/product_brand?post=22046"},{"taxonomy":"product_cat","embeddable":true,"href":"https:\/\/atami.com\/es\/wp-json\/wp\/v2\/product_cat?post=22046"},{"taxonomy":"product_tag","embeddable":true,"href":"https:\/\/atami.com\/es\/wp-json\/wp\/v2\/product_tag?post=22046"}],"curies":[{"name":"wp","href":"https:\/\/api.w.org\/{rel}","templated":true}]}}