{"id":22044,"date":"2023-02-09T10:33:24","date_gmt":"2023-02-09T10:33:24","guid":{"rendered":"https:\/\/atami.com\/product\/ata-atazyme\/"},"modified":"2025-11-10T15:37:19","modified_gmt":"2025-11-10T13:37:19","slug":"ata-atazyme","status":"publish","type":"product","link":"https:\/\/atami.com\/es\/producto\/ata-atazyme","title":{"rendered":"ATA Atazyme"},"content":{"rendered":"<p><strong>ATA ATAzyme es un mejorador del suelo universal sin NPK compuesto por enzimas. Este complemento para la soluci\u00f3n nutritiva apenas afecta sus valores de EC. Las enzimas act\u00faan como catalizadores y, por lo tanto, juegan un papel en la implementaci\u00f3n de reacciones bioqu\u00edmicas al acelerarlas y\/o hacerlas posibles.<\/strong><\/p>\n<p>&nbsp;<\/p>\n<p>ATA ATAzyme asegura que la materia de las ra\u00edces viejas y muertas se descomponga en el sustrato. Esto asegura, por un lado, que los minerales y az\u00facares valiosos est\u00e9n disponibles para el entorno del suelo y, por otro lado, que la tierra se vuelva m\u00e1s aireada porque la materia de las ra\u00edces se ha \u00ablimpiado\u00bb. Un sustrato bien aireado asegura un mejor desarrollo de las ra\u00edces y, por lo tanto, una mejor resistencia de la planta contra enfermedades y hongos.<\/p>\n<p>&nbsp;<\/p>\n<p><strong>ESPECIALMENTE APTO PARA<\/strong><br \/>\nDiferentes tipos de verduras, frutas y hierbas como alubias, tomillo, or\u00e9gano, albahaca, brotes de r\u00e1bano, brotes de acedera, etc. La dosis requerida se puede medir para satisfacer las necesidades de cualquier planta o cultivo.<\/p>\n<p>&nbsp;<\/p>\n<p><strong>USO<\/strong><br \/>\nApto como complemento de los nutrientes habituales para el cultivo en tierra, hidro y coco. Utilizar una vez a la semana durante todo el ciclo de crecimiento y floraci\u00f3n. Adem\u00e1s, es muy eficaz en la reutilizaci\u00f3n de sustratos.<\/p>\n<p>&nbsp;<\/p>\n<p><strong>DOSIS<\/strong><br \/>\n1 \u2013 3 ml por litro de agua.<\/p>\n<p>&nbsp;<\/p>\n<p><strong>DISPONIBLE EN 1L, 5L Y 10L.<\/strong><\/p>\n","protected":false},"excerpt":{"rendered":"<p>Aditivo para la mejora de la tierra<\/p>\n","protected":false},"featured_media":23857,"comment_status":"closed","ping_status":"closed","template":"","meta":{"_acf_changed":false,"iawp_total_views":637},"product_brand":[],"product_cat":[222,220],"product_tag":[],"class_list":{"0":"post-22044","1":"product","2":"type-product","3":"status-publish","4":"has-post-thumbnail","6":"product_cat-aditivos","7":"product_cat-ata","9":"first","10":"instock","11":"shipping-taxable","12":"product-type-simple"},"acf":{"short_description":"<p><strong>ATA ATAzyme es un mejorador del suelo universal sin NPK compuesto por enzimas. Este complemento para la soluci\u00f3n nutritiva apenas afecta sus valores de EC. Las enzimas act\u00faan como catalizadores y, por lo tanto, juegan un papel en la implementaci\u00f3n de reacciones bioqu\u00edmicas al acelerarlas y\/o hacerlas posibles.<\/strong><\/p><p>&nbsp;<\/p><p>ATA ATAzyme asegura que la materia de las ra\u00edces viejas y muertas se descomponga en el sustrato. Esto asegura, por un lado, que los minerales y az\u00facares valiosos est\u00e9n disponibles para el entorno del suelo y, por otro lado, que la tierra se vuelva m\u00e1s aireada porque la materia de las ra\u00edces se ha \u00ablimpiado\u00bb. Un sustrato bien aireado asegura un mejor desarrollo de las ra\u00edces y, por lo tanto, una mejor resistencia de la planta contra enfermedades y hongos.<\/p>","suitable_for":"<p>Diferentes tipos de verduras, frutas y hierbas como alubias, tomillo, or\u00e9gano, albahaca, brotes de r\u00e1bano, brotes de acedera, etc. La dosis requerida se puede medir para satisfacer las necesidades de cualquier planta o cultivo.<\/p>","application":"<p>Apto como complemento de los nutrientes habituales para el cultivo en tierra, hidro y coco. Utilizar una vez a la semana durante todo el ciclo de crecimiento y floraci\u00f3n. Adem\u00e1s, es muy eficaz en la reutilizaci\u00f3n de sustratos.<\/p>","dosage":"<p>1 \u2013 3 ml por litro de agua.<\/p>","npk_ratio":"","available_in":"<p>1L, 5L Y 10L<\/p>","icon_1":1809,"icon_1_text":"MEJORA LA VIDA \u00daTIL DEL SUELO","icon_2":1813,"icon_2_text":"DESCOMPONE LA MATERIA DE LA RA\u00cdCES MUERTAS","icon_3":1817,"icon_3_text":"","icon_4":"","icon_4_text":"","video":"https:\/\/youtu.be\/2YbxNKjiizs","second_image":1805,"product_image_page":4076,"user_manual":"","new_icon_1":"","new_icon_2":"","new_icon_3":"","new_icon_4":"","grow_guides":"","category":"Aditivo"},"yoast_head":"<!-- This site is optimized with the Yoast SEO Premium plugin v27.5 (Yoast SEO v27.5) - https:\/\/yoast.com\/product\/yoast-seo-premium-wordpress\/ -->\n<title>Atazyme Atami: Mejora la Salud de tus Plantas con Enzimas Naturales<\/title>\n<meta name=\"description\" content=\"Atazyme de Atami es un potente activador enzim\u00e1tico que mejora la absorci\u00f3n de nutrientes en tus plantas. Optimiza el crecimiento y la salud de tus cultivos con este estimulante natural.\" \/>\n<meta name=\"robots\" content=\"index, follow, max-snippet:-1, max-image-preview:large, max-video-preview:-1\" \/>\n<link rel=\"canonical\" href=\"https:\/\/atami.com\/es\/producto\/ata-atazyme\" \/>\n<meta property=\"og:locale\" content=\"es_ES\" \/>\n<meta property=\"og:type\" content=\"article\" \/>\n<meta property=\"og:title\" content=\"ATA Atazyme\" \/>\n<meta property=\"og:description\" content=\"Atazyme de Atami es un potente activador enzim\u00e1tico que mejora la absorci\u00f3n de nutrientes en tus plantas. Optimiza el crecimiento y la salud de tus cultivos con este estimulante natural.\" \/>\n<meta property=\"og:url\" content=\"https:\/\/atami.com\/es\/producto\/ata-atazyme\" \/>\n<meta property=\"og:site_name\" content=\"Atami\" \/>\n<meta property=\"article:publisher\" content=\"https:\/\/www.facebook.com\/Atami.International\" \/>\n<meta property=\"article:modified_time\" content=\"2025-11-10T13:37:19+00:00\" \/>\n<meta property=\"og:image\" content=\"https:\/\/atami.com\/wp-content\/uploads\/2023\/02\/ATAzyme-Main-Image.webp\" \/>\n\t<meta property=\"og:image:width\" content=\"1080\" \/>\n\t<meta property=\"og:image:height\" content=\"1080\" \/>\n\t<meta property=\"og:image:type\" content=\"image\/webp\" \/>\n<meta name=\"twitter:card\" content=\"summary_large_image\" \/>\n<meta name=\"twitter:site\" content=\"@AtamiEU\" \/>\n<meta name=\"twitter:label1\" content=\"Tiempo de lectura\" \/>\n\t<meta name=\"twitter:data1\" content=\"2 minutos\" \/>\n<script type=\"application\/ld+json\" class=\"yoast-schema-graph\">{\"@context\":\"https:\\\/\\\/schema.org\",\"@graph\":[{\"@type\":\"WebPage\",\"@id\":\"https:\\\/\\\/atami.com\\\/es\\\/producto\\\/ata-atazyme\",\"url\":\"https:\\\/\\\/atami.com\\\/es\\\/producto\\\/ata-atazyme\",\"name\":\"Atazyme Atami: Mejora la Salud de tus Plantas con Enzimas Naturales\",\"isPartOf\":{\"@id\":\"https:\\\/\\\/atami.com\\\/es#website\"},\"primaryImageOfPage\":{\"@id\":\"https:\\\/\\\/atami.com\\\/es\\\/producto\\\/ata-atazyme#primaryimage\"},\"image\":{\"@id\":\"https:\\\/\\\/atami.com\\\/es\\\/producto\\\/ata-atazyme#primaryimage\"},\"thumbnailUrl\":\"https:\\\/\\\/atami.com\\\/wp-content\\\/uploads\\\/2023\\\/02\\\/ATAzyme-Main-Image.webp\",\"datePublished\":\"2023-02-09T10:33:24+00:00\",\"dateModified\":\"2025-11-10T13:37:19+00:00\",\"description\":\"Atazyme de Atami es un potente activador enzim\u00e1tico que mejora la absorci\u00f3n de nutrientes en tus plantas. Optimiza el crecimiento y la salud de tus cultivos con este estimulante natural.\",\"breadcrumb\":{\"@id\":\"https:\\\/\\\/atami.com\\\/es\\\/producto\\\/ata-atazyme#breadcrumb\"},\"inLanguage\":\"es\",\"potentialAction\":[{\"@type\":\"ReadAction\",\"target\":[\"https:\\\/\\\/atami.com\\\/es\\\/producto\\\/ata-atazyme\"]}]},{\"@type\":\"ImageObject\",\"inLanguage\":\"es\",\"@id\":\"https:\\\/\\\/atami.com\\\/es\\\/producto\\\/ata-atazyme#primaryimage\",\"url\":\"https:\\\/\\\/atami.com\\\/wp-content\\\/uploads\\\/2023\\\/02\\\/ATAzyme-Main-Image.webp\",\"contentUrl\":\"https:\\\/\\\/atami.com\\\/wp-content\\\/uploads\\\/2023\\\/02\\\/ATAzyme-Main-Image.webp\",\"width\":1080,\"height\":1080,\"caption\":\"ATA Atazyme acelera la descomposici\u00f3n del material de las ra\u00edces muertas, liberando valiosos minerales y az\u00facares al suelo.\"},{\"@type\":\"BreadcrumbList\",\"@id\":\"https:\\\/\\\/atami.com\\\/es\\\/producto\\\/ata-atazyme#breadcrumb\",\"itemListElement\":[{\"@type\":\"ListItem\",\"position\":1,\"name\":\"Home\",\"item\":\"https:\\\/\\\/atami.com\\\/es\"},{\"@type\":\"ListItem\",\"position\":2,\"name\":\"Productos\",\"item\":\"https:\\\/\\\/atami.com\\\/es\\\/shop\"},{\"@type\":\"ListItem\",\"position\":3,\"name\":\"Marcas\",\"item\":\"https:\\\/\\\/atami.com\\\/es\\\/categoria-producto\\\/marcas\"},{\"@type\":\"ListItem\",\"position\":4,\"name\":\"ATA\",\"item\":\"https:\\\/\\\/atami.com\\\/es\\\/categoria-producto\\\/marcas\\\/ata\"},{\"@type\":\"ListItem\",\"position\":5,\"name\":\"ATA Atazyme\"}]},{\"@type\":\"WebSite\",\"@id\":\"https:\\\/\\\/atami.com\\\/es#website\",\"url\":\"https:\\\/\\\/atami.com\\\/es\",\"name\":\"Atami\",\"description\":\"NATURALLY INNOVATING!\",\"publisher\":{\"@id\":\"https:\\\/\\\/atami.com\\\/es#organization\"},\"potentialAction\":[{\"@type\":\"SearchAction\",\"target\":{\"@type\":\"EntryPoint\",\"urlTemplate\":\"https:\\\/\\\/atami.com\\\/es?s={search_term_string}\"},\"query-input\":{\"@type\":\"PropertyValueSpecification\",\"valueRequired\":true,\"valueName\":\"search_term_string\"}}],\"inLanguage\":\"es\"},{\"@type\":\"Organization\",\"@id\":\"https:\\\/\\\/atami.com\\\/es#organization\",\"name\":\"Atami\",\"url\":\"https:\\\/\\\/atami.com\\\/es\",\"logo\":{\"@type\":\"ImageObject\",\"inLanguage\":\"es\",\"@id\":\"https:\\\/\\\/atami.com\\\/es#\\\/schema\\\/logo\\\/image\\\/\",\"url\":\"https:\\\/\\\/atami.com\\\/wp-content\\\/uploads\\\/2026\\\/01\\\/Atami-logo-696x696px.webp\",\"contentUrl\":\"https:\\\/\\\/atami.com\\\/wp-content\\\/uploads\\\/2026\\\/01\\\/Atami-logo-696x696px.webp\",\"width\":696,\"height\":696,\"caption\":\"Atami\"},\"image\":{\"@id\":\"https:\\\/\\\/atami.com\\\/es#\\\/schema\\\/logo\\\/image\\\/\"},\"sameAs\":[\"https:\\\/\\\/www.facebook.com\\\/Atami.International\",\"https:\\\/\\\/x.com\\\/AtamiEU\",\"https:\\\/\\\/www.youtube.com\\\/c\\\/AtamiInternational\",\"https:\\\/\\\/www.instagram.com\\\/atami.international\\\/\"],\"description\":\"ATAMI is a premium plant nutrition & substrate brand founded in 1997 with the mission to make exceptional cultivation achievable for everyone. From legacy to license, we offer a wide variety of innovating award-winning products to let cultivators achieve maximum results in taste & yield.\",\"email\":\"info@mginnovations.es\",\"legalName\":\"Atami\",\"numberOfEmployees\":{\"@type\":\"QuantitativeValue\",\"minValue\":\"11\",\"maxValue\":\"50\"}}]}<\/script>\n<!-- \/ Yoast SEO Premium plugin. -->","yoast_head_json":{"title":"Atazyme Atami: Mejora la Salud de tus Plantas con Enzimas Naturales","description":"Atazyme de Atami es un potente activador enzim\u00e1tico que mejora la absorci\u00f3n de nutrientes en tus plantas. Optimiza el crecimiento y la salud de tus cultivos con este estimulante natural.","robots":{"index":"index","follow":"follow","max-snippet":"max-snippet:-1","max-image-preview":"max-image-preview:large","max-video-preview":"max-video-preview:-1"},"canonical":"https:\/\/atami.com\/es\/producto\/ata-atazyme","og_locale":"es_ES","og_type":"article","og_title":"ATA Atazyme","og_description":"Atazyme de Atami es un potente activador enzim\u00e1tico que mejora la absorci\u00f3n de nutrientes en tus plantas. Optimiza el crecimiento y la salud de tus cultivos con este estimulante natural.","og_url":"https:\/\/atami.com\/es\/producto\/ata-atazyme","og_site_name":"Atami","article_publisher":"https:\/\/www.facebook.com\/Atami.International","article_modified_time":"2025-11-10T13:37:19+00:00","og_image":[{"width":1080,"height":1080,"url":"https:\/\/atami.com\/wp-content\/uploads\/2023\/02\/ATAzyme-Main-Image.webp","type":"image\/webp"}],"twitter_card":"summary_large_image","twitter_site":"@AtamiEU","twitter_misc":{"Tiempo de lectura":"2 minutos"},"schema":{"@context":"https:\/\/schema.org","@graph":[{"@type":"WebPage","@id":"https:\/\/atami.com\/es\/producto\/ata-atazyme","url":"https:\/\/atami.com\/es\/producto\/ata-atazyme","name":"Atazyme Atami: Mejora la Salud de tus Plantas con Enzimas Naturales","isPartOf":{"@id":"https:\/\/atami.com\/es#website"},"primaryImageOfPage":{"@id":"https:\/\/atami.com\/es\/producto\/ata-atazyme#primaryimage"},"image":{"@id":"https:\/\/atami.com\/es\/producto\/ata-atazyme#primaryimage"},"thumbnailUrl":"https:\/\/atami.com\/wp-content\/uploads\/2023\/02\/ATAzyme-Main-Image.webp","datePublished":"2023-02-09T10:33:24+00:00","dateModified":"2025-11-10T13:37:19+00:00","description":"Atazyme de Atami es un potente activador enzim\u00e1tico que mejora la absorci\u00f3n de nutrientes en tus plantas. Optimiza el crecimiento y la salud de tus cultivos con este estimulante natural.","breadcrumb":{"@id":"https:\/\/atami.com\/es\/producto\/ata-atazyme#breadcrumb"},"inLanguage":"es","potentialAction":[{"@type":"ReadAction","target":["https:\/\/atami.com\/es\/producto\/ata-atazyme"]}]},{"@type":"ImageObject","inLanguage":"es","@id":"https:\/\/atami.com\/es\/producto\/ata-atazyme#primaryimage","url":"https:\/\/atami.com\/wp-content\/uploads\/2023\/02\/ATAzyme-Main-Image.webp","contentUrl":"https:\/\/atami.com\/wp-content\/uploads\/2023\/02\/ATAzyme-Main-Image.webp","width":1080,"height":1080,"caption":"ATA Atazyme acelera la descomposici\u00f3n del material de las ra\u00edces muertas, liberando valiosos minerales y az\u00facares al suelo."},{"@type":"BreadcrumbList","@id":"https:\/\/atami.com\/es\/producto\/ata-atazyme#breadcrumb","itemListElement":[{"@type":"ListItem","position":1,"name":"Home","item":"https:\/\/atami.com\/es"},{"@type":"ListItem","position":2,"name":"Productos","item":"https:\/\/atami.com\/es\/shop"},{"@type":"ListItem","position":3,"name":"Marcas","item":"https:\/\/atami.com\/es\/categoria-producto\/marcas"},{"@type":"ListItem","position":4,"name":"ATA","item":"https:\/\/atami.com\/es\/categoria-producto\/marcas\/ata"},{"@type":"ListItem","position":5,"name":"ATA Atazyme"}]},{"@type":"WebSite","@id":"https:\/\/atami.com\/es#website","url":"https:\/\/atami.com\/es","name":"Atami","description":"NATURALLY INNOVATING!","publisher":{"@id":"https:\/\/atami.com\/es#organization"},"potentialAction":[{"@type":"SearchAction","target":{"@type":"EntryPoint","urlTemplate":"https:\/\/atami.com\/es?s={search_term_string}"},"query-input":{"@type":"PropertyValueSpecification","valueRequired":true,"valueName":"search_term_string"}}],"inLanguage":"es"},{"@type":"Organization","@id":"https:\/\/atami.com\/es#organization","name":"Atami","url":"https:\/\/atami.com\/es","logo":{"@type":"ImageObject","inLanguage":"es","@id":"https:\/\/atami.com\/es#\/schema\/logo\/image\/","url":"https:\/\/atami.com\/wp-content\/uploads\/2026\/01\/Atami-logo-696x696px.webp","contentUrl":"https:\/\/atami.com\/wp-content\/uploads\/2026\/01\/Atami-logo-696x696px.webp","width":696,"height":696,"caption":"Atami"},"image":{"@id":"https:\/\/atami.com\/es#\/schema\/logo\/image\/"},"sameAs":["https:\/\/www.facebook.com\/Atami.International","https:\/\/x.com\/AtamiEU","https:\/\/www.youtube.com\/c\/AtamiInternational","https:\/\/www.instagram.com\/atami.international\/"],"description":"ATAMI is a premium plant nutrition & substrate brand founded in 1997 with the mission to make exceptional cultivation achievable for everyone. From legacy to license, we offer a wide variety of innovating award-winning products to let cultivators achieve maximum results in taste & yield.","email":"info@mginnovations.es","legalName":"Atami","numberOfEmployees":{"@type":"QuantitativeValue","minValue":"11","maxValue":"50"}}]}},"_links":{"self":[{"href":"https:\/\/atami.com\/es\/wp-json\/wp\/v2\/product\/22044","targetHints":{"allow":["GET"]}}],"collection":[{"href":"https:\/\/atami.com\/es\/wp-json\/wp\/v2\/product"}],"about":[{"href":"https:\/\/atami.com\/es\/wp-json\/wp\/v2\/types\/product"}],"replies":[{"embeddable":true,"href":"https:\/\/atami.com\/es\/wp-json\/wp\/v2\/comments?post=22044"}],"wp:featuredmedia":[{"embeddable":true,"href":"https:\/\/atami.com\/es\/wp-json\/wp\/v2\/media\/23857"}],"wp:attachment":[{"href":"https:\/\/atami.com\/es\/wp-json\/wp\/v2\/media?parent=22044"}],"wp:term":[{"taxonomy":"product_brand","embeddable":true,"href":"https:\/\/atami.com\/es\/wp-json\/wp\/v2\/product_brand?post=22044"},{"taxonomy":"product_cat","embeddable":true,"href":"https:\/\/atami.com\/es\/wp-json\/wp\/v2\/product_cat?post=22044"},{"taxonomy":"product_tag","embeddable":true,"href":"https:\/\/atami.com\/es\/wp-json\/wp\/v2\/product_tag?post=22044"}],"curies":[{"name":"wp","href":"https:\/\/api.w.org\/{rel}","templated":true}]}}