{"id":22040,"date":"2023-02-09T10:22:15","date_gmt":"2023-02-09T10:22:15","guid":{"rendered":"https:\/\/atami.com\/product\/ata-calmag\/"},"modified":"2025-11-10T15:37:03","modified_gmt":"2025-11-10T13:37:03","slug":"ata-calmag","status":"publish","type":"product","link":"https:\/\/atami.com\/es\/producto\/ata-calmag","title":{"rendered":"ATA Calmag"},"content":{"rendered":"<p><strong>Un aditivo profesional y de acci\u00f3n r\u00e1pida, aplicable sobre todo tipo de sustratos. ATA Calmag es un c\u00f3ctel de nutrientes que aporta el calcio y el magnesio adicional que necesitan tus plantas.<\/strong><\/p>\n<p>&nbsp;<\/p>\n<p>Estos elementos nutricionales secundarios son fundamentales para un crecimiento \u00f3ptimo ya que tienen un papel fundamental en la formaci\u00f3n de las paredes celulares y la absorci\u00f3n de la energ\u00eda lum\u00ednica. ATA Calmag es ideal cuando se utiliza para cultivar con agua blanda o agua desmineralizada. Es tambi\u00e9n un excelente complemento para tu r\u00e9gimen habitual de fertilizantes.<\/p>\n<p>&nbsp;<\/p>\n<p><strong>ESPECIALMENTE APTO PARA<\/strong><br \/>\nDiferentes tipos de vegetales, frutas y hierbas como tomates, calabacines, pimientos, fresas, repollo, etc. La dosis requerida se puede medir para satisfacer las necesidades de cualquier planta o cultivo.<\/p>\n<p>&nbsp;<\/p>\n<p><strong>USO<\/strong><br \/>\nUsar ATA Calmag para enriquecer el agua pobre en calcio y en magnesio o como complemento para tu soluci\u00f3n fertilizante habitual. Utiliza agua a temperatura ambiente (21 \u00b0C) para obtener un resultado \u00f3ptimo.<\/p>\n<p>&nbsp;<\/p>\n<p><strong>DOSIS<\/strong><br \/>\n0,1 \u2013 1 ml por litro de agua.<\/p>\n<p>&nbsp;<\/p>\n<p><strong>N 6 W\/W<\/strong><\/p>\n<p>&nbsp;<\/p>\n<p><strong>DISPONIBLE EN 250ML, 1L Y 5L.<\/strong><\/p>\n","protected":false},"excerpt":{"rendered":"<p>Aditivo de calcio y magnesio con hierro<\/p>\n<p>Garantiza un crecimiento m\u00e1s r\u00e1pido y potente<\/p>\n","protected":false},"featured_media":202652,"comment_status":"closed","ping_status":"closed","template":"","meta":{"_acf_changed":false,"iawp_total_views":892},"product_brand":[],"product_cat":[222,220],"product_tag":[],"class_list":{"0":"post-22040","1":"product","2":"type-product","3":"status-publish","4":"has-post-thumbnail","6":"product_cat-aditivos","7":"product_cat-ata","9":"first","10":"instock","11":"shipping-taxable","12":"product-type-simple"},"acf":{"short_description":"<p><strong>Un aditivo profesional y de acci\u00f3n r\u00e1pida, aplicable sobre todo tipo de sustratos. ATA Calmag es un c\u00f3ctel de nutrientes que aporta el calcio y el magnesio adicional que necesitan tus plantas.<\/strong><\/p><p>&nbsp;<\/p><p>Estos elementos nutricionales secundarios son fundamentales para un crecimiento \u00f3ptimo ya que tienen un papel fundamental en la formaci\u00f3n de las paredes celulares y la absorci\u00f3n de la energ\u00eda lum\u00ednica. ATA Calmag es ideal cuando se utiliza para cultivar con agua blanda o agua desmineralizada. Es tambi\u00e9n un excelente complemento para tu r\u00e9gimen habitual de fertilizantes.<\/p>","suitable_for":"<p>Diferentes tipos de vegetales, frutas y hierbas como tomates, calabacines, pimientos, fresas, repollo, etc. La dosis requerida se puede medir para satisfacer las necesidades de cualquier planta o cultivo.<\/p>","application":"<p>Usar ATA Calmag para enriquecer el agua pobre en calcio y en magnesio o como complemento para tu soluci\u00f3n fertilizante habitual. Utiliza agua a temperatura ambiente (21 \u00b0C) para obtener un resultado \u00f3ptimo.<\/p>","dosage":"<p>0,1 \u2013 1 ml por litro de agua.<\/p>","npk_ratio":"<p>N 6 W\/W<\/p>","available_in":"<p>250ML, 1L Y 5L<\/p>","icon_1":1755,"icon_1_text":"\u00a1M\u00c1S CALCIO, PAREDES CELULARES M\u00c1S FUERTES, M\u00c1S RESILIENCIA! \u00a1M\u00c1S MAGNESIO, M\u00c1S CLOROFILA, M\u00c1S ENERG\u00cdA!","icon_2":1759,"icon_2_text":"AUMENTO DE LA ABSORBCI\u00d3N DE NUTRIENTES","icon_3":1763,"icon_3_text":"FOMENTA FLORES DE MEJOR CALIDAD","icon_4":"","icon_4_text":"","video":"https:\/\/youtu.be\/HHhwnMQGrvA","second_image":1751,"product_image_page":4062,"user_manual":"","new_icon_1":"","new_icon_2":"","new_icon_3":"","new_icon_4":"","grow_guides":"","category":"Aditivo"},"yoast_head":"<!-- This site is optimized with the Yoast SEO Premium plugin v27.5 (Yoast SEO v27.5) - https:\/\/yoast.com\/product\/yoast-seo-premium-wordpress\/ -->\n<title>ATA Calmag \u2013 Refuerza el Crecimiento con Calcio y Magnesio<\/title>\n<meta name=\"description\" content=\"ATA Calmag de Atami aporta el equilibrio perfecto de calcio y magnesio para fortalecer el crecimiento de tus plantas y prevenir deficiencias nutricionales.\" \/>\n<meta name=\"robots\" content=\"index, follow, max-snippet:-1, max-image-preview:large, max-video-preview:-1\" \/>\n<link rel=\"canonical\" href=\"https:\/\/atami.com\/es\/producto\/ata-calmag\" \/>\n<meta property=\"og:locale\" content=\"es_ES\" \/>\n<meta property=\"og:type\" content=\"article\" \/>\n<meta property=\"og:title\" content=\"ATA Calmag\" \/>\n<meta property=\"og:description\" content=\"ATA Calmag de Atami aporta el equilibrio perfecto de calcio y magnesio para fortalecer el crecimiento de tus plantas y prevenir deficiencias nutricionales.\" \/>\n<meta property=\"og:url\" content=\"https:\/\/atami.com\/es\/producto\/ata-calmag\" \/>\n<meta property=\"og:site_name\" content=\"Atami\" \/>\n<meta property=\"article:publisher\" content=\"https:\/\/www.facebook.com\/Atami.International\" \/>\n<meta property=\"article:modified_time\" content=\"2025-11-10T13:37:03+00:00\" \/>\n<meta property=\"og:image\" content=\"https:\/\/atami.com\/wp-content\/uploads\/2025\/01\/ATA-Calmag-product-image-ES-1.webp\" \/>\n\t<meta property=\"og:image:width\" content=\"1080\" \/>\n\t<meta property=\"og:image:height\" content=\"1080\" \/>\n\t<meta property=\"og:image:type\" content=\"image\/webp\" \/>\n<meta name=\"twitter:card\" content=\"summary_large_image\" \/>\n<meta name=\"twitter:site\" content=\"@AtamiEU\" \/>\n<meta name=\"twitter:label1\" content=\"Tiempo de lectura\" \/>\n\t<meta name=\"twitter:data1\" content=\"1 minuto\" \/>\n<script type=\"application\/ld+json\" class=\"yoast-schema-graph\">{\"@context\":\"https:\\\/\\\/schema.org\",\"@graph\":[{\"@type\":\"WebPage\",\"@id\":\"https:\\\/\\\/atami.com\\\/es\\\/producto\\\/ata-calmag\",\"url\":\"https:\\\/\\\/atami.com\\\/es\\\/producto\\\/ata-calmag\",\"name\":\"ATA Calmag \u2013 Refuerza el Crecimiento con Calcio y Magnesio\",\"isPartOf\":{\"@id\":\"https:\\\/\\\/atami.com\\\/es#website\"},\"primaryImageOfPage\":{\"@id\":\"https:\\\/\\\/atami.com\\\/es\\\/producto\\\/ata-calmag#primaryimage\"},\"image\":{\"@id\":\"https:\\\/\\\/atami.com\\\/es\\\/producto\\\/ata-calmag#primaryimage\"},\"thumbnailUrl\":\"https:\\\/\\\/atami.com\\\/wp-content\\\/uploads\\\/2025\\\/01\\\/ATA-Calmag-product-image-ES-1.webp\",\"datePublished\":\"2023-02-09T10:22:15+00:00\",\"dateModified\":\"2025-11-10T13:37:03+00:00\",\"description\":\"ATA Calmag de Atami aporta el equilibrio perfecto de calcio y magnesio para fortalecer el crecimiento de tus plantas y prevenir deficiencias nutricionales.\",\"breadcrumb\":{\"@id\":\"https:\\\/\\\/atami.com\\\/es\\\/producto\\\/ata-calmag#breadcrumb\"},\"inLanguage\":\"es\",\"potentialAction\":[{\"@type\":\"ReadAction\",\"target\":[\"https:\\\/\\\/atami.com\\\/es\\\/producto\\\/ata-calmag\"]}]},{\"@type\":\"ImageObject\",\"inLanguage\":\"es\",\"@id\":\"https:\\\/\\\/atami.com\\\/es\\\/producto\\\/ata-calmag#primaryimage\",\"url\":\"https:\\\/\\\/atami.com\\\/wp-content\\\/uploads\\\/2025\\\/01\\\/ATA-Calmag-product-image-ES-1.webp\",\"contentUrl\":\"https:\\\/\\\/atami.com\\\/wp-content\\\/uploads\\\/2025\\\/01\\\/ATA-Calmag-product-image-ES-1.webp\",\"width\":1080,\"height\":1080,\"caption\":\"ATA Calmag proporciona calcio y magnesio adicionales para fortalecer la estructura de la planta y mejorar la absorci\u00f3n de nutrientes.\"},{\"@type\":\"BreadcrumbList\",\"@id\":\"https:\\\/\\\/atami.com\\\/es\\\/producto\\\/ata-calmag#breadcrumb\",\"itemListElement\":[{\"@type\":\"ListItem\",\"position\":1,\"name\":\"Home\",\"item\":\"https:\\\/\\\/atami.com\\\/es\"},{\"@type\":\"ListItem\",\"position\":2,\"name\":\"Productos\",\"item\":\"https:\\\/\\\/atami.com\\\/es\\\/shop\"},{\"@type\":\"ListItem\",\"position\":3,\"name\":\"Marcas\",\"item\":\"https:\\\/\\\/atami.com\\\/es\\\/categoria-producto\\\/marcas\"},{\"@type\":\"ListItem\",\"position\":4,\"name\":\"ATA\",\"item\":\"https:\\\/\\\/atami.com\\\/es\\\/categoria-producto\\\/marcas\\\/ata\"},{\"@type\":\"ListItem\",\"position\":5,\"name\":\"ATA Calmag\"}]},{\"@type\":\"WebSite\",\"@id\":\"https:\\\/\\\/atami.com\\\/es#website\",\"url\":\"https:\\\/\\\/atami.com\\\/es\",\"name\":\"Atami\",\"description\":\"NATURALLY INNOVATING!\",\"publisher\":{\"@id\":\"https:\\\/\\\/atami.com\\\/es#organization\"},\"potentialAction\":[{\"@type\":\"SearchAction\",\"target\":{\"@type\":\"EntryPoint\",\"urlTemplate\":\"https:\\\/\\\/atami.com\\\/es?s={search_term_string}\"},\"query-input\":{\"@type\":\"PropertyValueSpecification\",\"valueRequired\":true,\"valueName\":\"search_term_string\"}}],\"inLanguage\":\"es\"},{\"@type\":\"Organization\",\"@id\":\"https:\\\/\\\/atami.com\\\/es#organization\",\"name\":\"Atami\",\"url\":\"https:\\\/\\\/atami.com\\\/es\",\"logo\":{\"@type\":\"ImageObject\",\"inLanguage\":\"es\",\"@id\":\"https:\\\/\\\/atami.com\\\/es#\\\/schema\\\/logo\\\/image\\\/\",\"url\":\"https:\\\/\\\/atami.com\\\/wp-content\\\/uploads\\\/2026\\\/01\\\/Atami-logo-696x696px.webp\",\"contentUrl\":\"https:\\\/\\\/atami.com\\\/wp-content\\\/uploads\\\/2026\\\/01\\\/Atami-logo-696x696px.webp\",\"width\":696,\"height\":696,\"caption\":\"Atami\"},\"image\":{\"@id\":\"https:\\\/\\\/atami.com\\\/es#\\\/schema\\\/logo\\\/image\\\/\"},\"sameAs\":[\"https:\\\/\\\/www.facebook.com\\\/Atami.International\",\"https:\\\/\\\/x.com\\\/AtamiEU\",\"https:\\\/\\\/www.youtube.com\\\/c\\\/AtamiInternational\",\"https:\\\/\\\/www.instagram.com\\\/atami.international\\\/\"],\"description\":\"ATAMI is a premium plant nutrition & substrate brand founded in 1997 with the mission to make exceptional cultivation achievable for everyone. From legacy to license, we offer a wide variety of innovating award-winning products to let cultivators achieve maximum results in taste & yield.\",\"email\":\"info@mginnovations.es\",\"legalName\":\"Atami\",\"numberOfEmployees\":{\"@type\":\"QuantitativeValue\",\"minValue\":\"11\",\"maxValue\":\"50\"}}]}<\/script>\n<!-- \/ Yoast SEO Premium plugin. -->","yoast_head_json":{"title":"ATA Calmag \u2013 Refuerza el Crecimiento con Calcio y Magnesio","description":"ATA Calmag de Atami aporta el equilibrio perfecto de calcio y magnesio para fortalecer el crecimiento de tus plantas y prevenir deficiencias nutricionales.","robots":{"index":"index","follow":"follow","max-snippet":"max-snippet:-1","max-image-preview":"max-image-preview:large","max-video-preview":"max-video-preview:-1"},"canonical":"https:\/\/atami.com\/es\/producto\/ata-calmag","og_locale":"es_ES","og_type":"article","og_title":"ATA Calmag","og_description":"ATA Calmag de Atami aporta el equilibrio perfecto de calcio y magnesio para fortalecer el crecimiento de tus plantas y prevenir deficiencias nutricionales.","og_url":"https:\/\/atami.com\/es\/producto\/ata-calmag","og_site_name":"Atami","article_publisher":"https:\/\/www.facebook.com\/Atami.International","article_modified_time":"2025-11-10T13:37:03+00:00","og_image":[{"width":1080,"height":1080,"url":"https:\/\/atami.com\/wp-content\/uploads\/2025\/01\/ATA-Calmag-product-image-ES-1.webp","type":"image\/webp"}],"twitter_card":"summary_large_image","twitter_site":"@AtamiEU","twitter_misc":{"Tiempo de lectura":"1 minuto"},"schema":{"@context":"https:\/\/schema.org","@graph":[{"@type":"WebPage","@id":"https:\/\/atami.com\/es\/producto\/ata-calmag","url":"https:\/\/atami.com\/es\/producto\/ata-calmag","name":"ATA Calmag \u2013 Refuerza el Crecimiento con Calcio y Magnesio","isPartOf":{"@id":"https:\/\/atami.com\/es#website"},"primaryImageOfPage":{"@id":"https:\/\/atami.com\/es\/producto\/ata-calmag#primaryimage"},"image":{"@id":"https:\/\/atami.com\/es\/producto\/ata-calmag#primaryimage"},"thumbnailUrl":"https:\/\/atami.com\/wp-content\/uploads\/2025\/01\/ATA-Calmag-product-image-ES-1.webp","datePublished":"2023-02-09T10:22:15+00:00","dateModified":"2025-11-10T13:37:03+00:00","description":"ATA Calmag de Atami aporta el equilibrio perfecto de calcio y magnesio para fortalecer el crecimiento de tus plantas y prevenir deficiencias nutricionales.","breadcrumb":{"@id":"https:\/\/atami.com\/es\/producto\/ata-calmag#breadcrumb"},"inLanguage":"es","potentialAction":[{"@type":"ReadAction","target":["https:\/\/atami.com\/es\/producto\/ata-calmag"]}]},{"@type":"ImageObject","inLanguage":"es","@id":"https:\/\/atami.com\/es\/producto\/ata-calmag#primaryimage","url":"https:\/\/atami.com\/wp-content\/uploads\/2025\/01\/ATA-Calmag-product-image-ES-1.webp","contentUrl":"https:\/\/atami.com\/wp-content\/uploads\/2025\/01\/ATA-Calmag-product-image-ES-1.webp","width":1080,"height":1080,"caption":"ATA Calmag proporciona calcio y magnesio adicionales para fortalecer la estructura de la planta y mejorar la absorci\u00f3n de nutrientes."},{"@type":"BreadcrumbList","@id":"https:\/\/atami.com\/es\/producto\/ata-calmag#breadcrumb","itemListElement":[{"@type":"ListItem","position":1,"name":"Home","item":"https:\/\/atami.com\/es"},{"@type":"ListItem","position":2,"name":"Productos","item":"https:\/\/atami.com\/es\/shop"},{"@type":"ListItem","position":3,"name":"Marcas","item":"https:\/\/atami.com\/es\/categoria-producto\/marcas"},{"@type":"ListItem","position":4,"name":"ATA","item":"https:\/\/atami.com\/es\/categoria-producto\/marcas\/ata"},{"@type":"ListItem","position":5,"name":"ATA Calmag"}]},{"@type":"WebSite","@id":"https:\/\/atami.com\/es#website","url":"https:\/\/atami.com\/es","name":"Atami","description":"NATURALLY INNOVATING!","publisher":{"@id":"https:\/\/atami.com\/es#organization"},"potentialAction":[{"@type":"SearchAction","target":{"@type":"EntryPoint","urlTemplate":"https:\/\/atami.com\/es?s={search_term_string}"},"query-input":{"@type":"PropertyValueSpecification","valueRequired":true,"valueName":"search_term_string"}}],"inLanguage":"es"},{"@type":"Organization","@id":"https:\/\/atami.com\/es#organization","name":"Atami","url":"https:\/\/atami.com\/es","logo":{"@type":"ImageObject","inLanguage":"es","@id":"https:\/\/atami.com\/es#\/schema\/logo\/image\/","url":"https:\/\/atami.com\/wp-content\/uploads\/2026\/01\/Atami-logo-696x696px.webp","contentUrl":"https:\/\/atami.com\/wp-content\/uploads\/2026\/01\/Atami-logo-696x696px.webp","width":696,"height":696,"caption":"Atami"},"image":{"@id":"https:\/\/atami.com\/es#\/schema\/logo\/image\/"},"sameAs":["https:\/\/www.facebook.com\/Atami.International","https:\/\/x.com\/AtamiEU","https:\/\/www.youtube.com\/c\/AtamiInternational","https:\/\/www.instagram.com\/atami.international\/"],"description":"ATAMI is a premium plant nutrition & substrate brand founded in 1997 with the mission to make exceptional cultivation achievable for everyone. From legacy to license, we offer a wide variety of innovating award-winning products to let cultivators achieve maximum results in taste & yield.","email":"info@mginnovations.es","legalName":"Atami","numberOfEmployees":{"@type":"QuantitativeValue","minValue":"11","maxValue":"50"}}]}},"_links":{"self":[{"href":"https:\/\/atami.com\/es\/wp-json\/wp\/v2\/product\/22040","targetHints":{"allow":["GET"]}}],"collection":[{"href":"https:\/\/atami.com\/es\/wp-json\/wp\/v2\/product"}],"about":[{"href":"https:\/\/atami.com\/es\/wp-json\/wp\/v2\/types\/product"}],"replies":[{"embeddable":true,"href":"https:\/\/atami.com\/es\/wp-json\/wp\/v2\/comments?post=22040"}],"wp:featuredmedia":[{"embeddable":true,"href":"https:\/\/atami.com\/es\/wp-json\/wp\/v2\/media\/202652"}],"wp:attachment":[{"href":"https:\/\/atami.com\/es\/wp-json\/wp\/v2\/media?parent=22040"}],"wp:term":[{"taxonomy":"product_brand","embeddable":true,"href":"https:\/\/atami.com\/es\/wp-json\/wp\/v2\/product_brand?post=22040"},{"taxonomy":"product_cat","embeddable":true,"href":"https:\/\/atami.com\/es\/wp-json\/wp\/v2\/product_cat?post=22040"},{"taxonomy":"product_tag","embeddable":true,"href":"https:\/\/atami.com\/es\/wp-json\/wp\/v2\/product_tag?post=22040"}],"curies":[{"name":"wp","href":"https:\/\/api.w.org\/{rel}","templated":true}]}}