{"id":22038,"date":"2023-02-09T10:11:59","date_gmt":"2023-02-09T10:11:59","guid":{"rendered":"https:\/\/atami.com\/product\/ata-pk-13-14\/"},"modified":"2025-11-10T15:36:45","modified_gmt":"2025-11-10T13:36:45","slug":"ata-pk-13-14","status":"publish","type":"product","link":"https:\/\/atami.com\/es\/producto\/ata-pk-13-14","title":{"rendered":"ATA PK 13-14"},"content":{"rendered":"<p><strong>ATA PK13-14 es un complemento universal para plantas que se a\u00f1ade al agua durante el per\u00edodo de floraci\u00f3n junto con los nutrientes b\u00e1sicos. Los ingredientes, el f\u00f3sforo y el potasio, son de gran importancia ya que la planta tiene una necesidad extra de estos nutrientes primarios durante la fase de floraci\u00f3n.<\/strong><\/p>\n<p>&nbsp;<\/p>\n<p>El f\u00f3sforo es importante durante la fase de floraci\u00f3n para el almacenamiento y el transporte de energ\u00eda proveniente de la luz solar que se recolecta durante la fotos\u00edntesis. El f\u00f3sforo ayuda a que esta energ\u00eda se distribuya por toda la planta. El potasio est\u00e1 involucrado en varios tipos de procesos para la formaci\u00f3n de flores y de frutos sabrosos, como el transporte de az\u00facares y de enzimas para la producci\u00f3n de almid\u00f3n.<\/p>\n<p>&nbsp;<\/p>\n<p><strong>ESPECIALMENTE APTO PARA<\/strong><br \/>\nATA PK 13-14 es un nutriente universal, apto para diferentes tipos de frutas, verduras y hierbas como pimientos, guindillas, ar\u00e1ndanos. Tambi\u00e9n se puede utilizar para plantas ornamentales con flores (por ejemplo, begonia, arbusto de las mariposas). La dosis requerida se puede medir para satisfacer las necesidades de cualquier planta o cultivo.<\/p>\n<p>&nbsp;<\/p>\n<p><strong>USO<\/strong><br \/>\nApto como complemento a la nutrici\u00f3n NPK habitual para cultivos en tierra, hidro y coco. A\u00f1adir a la soluci\u00f3n nutritiva desde la primera semana de floraci\u00f3n. Aumentar lentamente la dosis para que las plantas se acostumbren y obtener los mejores resultados. Puede usarse diariamente para el riego del cultivo durante la fase de floraci\u00f3n. La \u00faltima semana antes de la cosecha, lavar el sustrato con agua y enzimas.<\/p>\n<p>&nbsp;<\/p>\n<p><strong>DOSIS<\/strong><br \/>\n0,25 \u2013 1,5 ml por litro de agua.<\/p>\n<p>&nbsp;<\/p>\n<p><strong>PK 13-14 W\/W<\/strong><\/p>\n<p>&nbsp;<\/p>\n<p><strong>DISPONIBLE EN 1L, 5L Y 10L.<\/strong><\/p>\n","protected":false},"excerpt":{"rendered":"<p>Nutrientes en proporci\u00f3n perfecta<\/p>\n<p>Fase de floraci\u00f3n<\/p>\n","protected":false},"featured_media":23827,"comment_status":"closed","ping_status":"closed","template":"","meta":{"_acf_changed":false,"iawp_total_views":284},"product_brand":[],"product_cat":[222,220],"product_tag":[],"class_list":{"0":"post-22038","1":"product","2":"type-product","3":"status-publish","4":"has-post-thumbnail","6":"product_cat-aditivos","7":"product_cat-ata","9":"first","10":"instock","11":"shipping-taxable","12":"product-type-simple"},"acf":{"short_description":"<p><strong>ATA PK13-14 es un complemento universal para plantas que se a\u00f1ade al agua durante el per\u00edodo de floraci\u00f3n junto con los nutrientes b\u00e1sicos. Los ingredientes, el f\u00f3sforo y el potasio, son de gran importancia ya que la planta tiene una necesidad extra de estos nutrientes primarios durante la fase de floraci\u00f3n.<\/strong><\/p><p>&nbsp;<\/p><p>El f\u00f3sforo es importante durante la fase de floraci\u00f3n para el almacenamiento y el transporte de energ\u00eda proveniente de la luz solar que se recolecta durante la fotos\u00edntesis. El f\u00f3sforo ayuda a que esta energ\u00eda se distribuya por toda la planta. El potasio est\u00e1 involucrado en varios tipos de procesos para la formaci\u00f3n de flores y de frutos sabrosos, como el transporte de az\u00facares y de enzimas para la producci\u00f3n de almid\u00f3n.<\/p>","suitable_for":"<p>ATA PK 13-14 es un nutriente universal, apto para diferentes tipos de frutas, verduras y hierbas como pimientos, guindillas, ar\u00e1ndanos. Tambi\u00e9n se puede utilizar para plantas ornamentales con flores (por ejemplo, begonia, arbusto de las mariposas). La dosis requerida se puede medir para satisfacer las necesidades de cualquier planta o cultivo.<\/p>","application":"<p>Apto como complemento a la nutrici\u00f3n NPK habitual para cultivos en tierra, hidro y coco. A\u00f1adir a la soluci\u00f3n nutritiva desde la primera semana de floraci\u00f3n. Aumentar lentamente la dosis para que las plantas se acostumbren y obtener los mejores resultados. Puede usarse diariamente para el riego del cultivo durante la fase de floraci\u00f3n. La \u00faltima semana antes de la cosecha, lavar el sustrato con agua y enzimas.<\/p>","dosage":"<p>0,25 \u2013 1,5 ml por litro de agua.<\/p>","npk_ratio":"<p>PK 13-14 W\/W<\/p>","available_in":"<p>1L, 5L Y 10L<\/p>","icon_1":1720,"icon_1_text":"PROPORCI\u00d3N PERFECTA DE F\u00d3SFORO Y POTASIO","icon_2":1724,"icon_2_text":"FLORACI\u00d3N Y FRUTOS VOLUMINOSOS Y COMPACTOS","icon_3":1728,"icon_3_text":"ESTIMULA LA FRUCTIFICACI\u00d3N","icon_4":"","icon_4_text":"","video":"https:\/\/youtu.be\/UDa0XTAzBw4","second_image":1716,"product_image_page":4058,"user_manual":"","new_icon_1":"","new_icon_2":"","new_icon_3":"","new_icon_4":"","grow_guides":"","category":"Aditivo"},"yoast_head":"<!-- This site is optimized with the Yoast SEO Premium plugin v27.4 (Yoast SEO v27.4) - https:\/\/yoast.com\/product\/yoast-seo-premium-wordpress\/ -->\n<title>ATA PK 13-14: Potencia la Floraci\u00f3n y Fructificaci\u00f3n de tus Plantas | Atami<\/title>\n<meta name=\"description\" content=\"Descubre ATA PK 13-14, el suplemento ideal para la fase de floraci\u00f3n. Aumenta el tama\u00f1o de tus flores y frutas con la perfecta combinaci\u00f3n de f\u00f3sforo y potasio. \u00a1Logra cultivos m\u00e1s saludables y productivos!\" \/>\n<meta name=\"robots\" content=\"index, follow, max-snippet:-1, max-image-preview:large, max-video-preview:-1\" \/>\n<link rel=\"canonical\" href=\"https:\/\/atami.com\/es\/producto\/ata-pk-13-14\" \/>\n<meta property=\"og:locale\" content=\"es_ES\" \/>\n<meta property=\"og:type\" content=\"article\" \/>\n<meta property=\"og:title\" content=\"ATA PK 13-14\" \/>\n<meta property=\"og:description\" content=\"Descubre ATA PK 13-14, el suplemento ideal para la fase de floraci\u00f3n. Aumenta el tama\u00f1o de tus flores y frutas con la perfecta combinaci\u00f3n de f\u00f3sforo y potasio. \u00a1Logra cultivos m\u00e1s saludables y productivos!\" \/>\n<meta property=\"og:url\" content=\"https:\/\/atami.com\/es\/producto\/ata-pk-13-14\" \/>\n<meta property=\"og:site_name\" content=\"Atami\" \/>\n<meta property=\"article:publisher\" content=\"https:\/\/www.facebook.com\/Atami.International\" \/>\n<meta property=\"article:modified_time\" content=\"2025-11-10T13:36:45+00:00\" \/>\n<meta property=\"og:image\" content=\"https:\/\/atami.com\/wp-content\/uploads\/2023\/02\/PK-13-14-Main-Image.webp\" \/>\n\t<meta property=\"og:image:width\" content=\"1080\" \/>\n\t<meta property=\"og:image:height\" content=\"1080\" \/>\n\t<meta property=\"og:image:type\" content=\"image\/webp\" \/>\n<meta name=\"twitter:card\" content=\"summary_large_image\" \/>\n<meta name=\"twitter:site\" content=\"@AtamiEU\" \/>\n<meta name=\"twitter:label1\" content=\"Tiempo de lectura\" \/>\n\t<meta name=\"twitter:data1\" content=\"2 minutos\" \/>\n<script type=\"application\/ld+json\" class=\"yoast-schema-graph\">{\"@context\":\"https:\\\/\\\/schema.org\",\"@graph\":[{\"@type\":\"WebPage\",\"@id\":\"https:\\\/\\\/atami.com\\\/es\\\/producto\\\/ata-pk-13-14\",\"url\":\"https:\\\/\\\/atami.com\\\/es\\\/producto\\\/ata-pk-13-14\",\"name\":\"ATA PK 13-14: Potencia la Floraci\u00f3n y Fructificaci\u00f3n de tus Plantas | Atami\",\"isPartOf\":{\"@id\":\"https:\\\/\\\/atami.com\\\/es#website\"},\"primaryImageOfPage\":{\"@id\":\"https:\\\/\\\/atami.com\\\/es\\\/producto\\\/ata-pk-13-14#primaryimage\"},\"image\":{\"@id\":\"https:\\\/\\\/atami.com\\\/es\\\/producto\\\/ata-pk-13-14#primaryimage\"},\"thumbnailUrl\":\"https:\\\/\\\/atami.com\\\/wp-content\\\/uploads\\\/2023\\\/02\\\/PK-13-14-Main-Image.webp\",\"datePublished\":\"2023-02-09T10:11:59+00:00\",\"dateModified\":\"2025-11-10T13:36:45+00:00\",\"description\":\"Descubre ATA PK 13-14, el suplemento ideal para la fase de floraci\u00f3n. Aumenta el tama\u00f1o de tus flores y frutas con la perfecta combinaci\u00f3n de f\u00f3sforo y potasio. \u00a1Logra cultivos m\u00e1s saludables y productivos!\",\"breadcrumb\":{\"@id\":\"https:\\\/\\\/atami.com\\\/es\\\/producto\\\/ata-pk-13-14#breadcrumb\"},\"inLanguage\":\"es\",\"potentialAction\":[{\"@type\":\"ReadAction\",\"target\":[\"https:\\\/\\\/atami.com\\\/es\\\/producto\\\/ata-pk-13-14\"]}]},{\"@type\":\"ImageObject\",\"inLanguage\":\"es\",\"@id\":\"https:\\\/\\\/atami.com\\\/es\\\/producto\\\/ata-pk-13-14#primaryimage\",\"url\":\"https:\\\/\\\/atami.com\\\/wp-content\\\/uploads\\\/2023\\\/02\\\/PK-13-14-Main-Image.webp\",\"contentUrl\":\"https:\\\/\\\/atami.com\\\/wp-content\\\/uploads\\\/2023\\\/02\\\/PK-13-14-Main-Image.webp\",\"width\":1080,\"height\":1080,\"caption\":\"ATA PK 13-14 proporciona f\u00f3sforo y potasio esenciales durante la fase de floraci\u00f3n, favoreciendo la distribuci\u00f3n de energ\u00eda y ayudando en la formaci\u00f3n de flores y frutos sabrosos.\"},{\"@type\":\"BreadcrumbList\",\"@id\":\"https:\\\/\\\/atami.com\\\/es\\\/producto\\\/ata-pk-13-14#breadcrumb\",\"itemListElement\":[{\"@type\":\"ListItem\",\"position\":1,\"name\":\"Home\",\"item\":\"https:\\\/\\\/atami.com\\\/es\"},{\"@type\":\"ListItem\",\"position\":2,\"name\":\"Productos\",\"item\":\"https:\\\/\\\/atami.com\\\/es\\\/shop\"},{\"@type\":\"ListItem\",\"position\":3,\"name\":\"Marcas\",\"item\":\"https:\\\/\\\/atami.com\\\/es\\\/categoria-producto\\\/marcas\"},{\"@type\":\"ListItem\",\"position\":4,\"name\":\"ATA\",\"item\":\"https:\\\/\\\/atami.com\\\/es\\\/categoria-producto\\\/marcas\\\/ata\"},{\"@type\":\"ListItem\",\"position\":5,\"name\":\"ATA PK 13-14\"}]},{\"@type\":\"WebSite\",\"@id\":\"https:\\\/\\\/atami.com\\\/es#website\",\"url\":\"https:\\\/\\\/atami.com\\\/es\",\"name\":\"Atami\",\"description\":\"NATURALLY INNOVATING!\",\"publisher\":{\"@id\":\"https:\\\/\\\/atami.com\\\/es#organization\"},\"potentialAction\":[{\"@type\":\"SearchAction\",\"target\":{\"@type\":\"EntryPoint\",\"urlTemplate\":\"https:\\\/\\\/atami.com\\\/es?s={search_term_string}\"},\"query-input\":{\"@type\":\"PropertyValueSpecification\",\"valueRequired\":true,\"valueName\":\"search_term_string\"}}],\"inLanguage\":\"es\"},{\"@type\":\"Organization\",\"@id\":\"https:\\\/\\\/atami.com\\\/es#organization\",\"name\":\"Atami\",\"url\":\"https:\\\/\\\/atami.com\\\/es\",\"logo\":{\"@type\":\"ImageObject\",\"inLanguage\":\"es\",\"@id\":\"https:\\\/\\\/atami.com\\\/es#\\\/schema\\\/logo\\\/image\\\/\",\"url\":\"https:\\\/\\\/atami.com\\\/wp-content\\\/uploads\\\/2026\\\/01\\\/Atami-logo-696x696px.webp\",\"contentUrl\":\"https:\\\/\\\/atami.com\\\/wp-content\\\/uploads\\\/2026\\\/01\\\/Atami-logo-696x696px.webp\",\"width\":696,\"height\":696,\"caption\":\"Atami\"},\"image\":{\"@id\":\"https:\\\/\\\/atami.com\\\/es#\\\/schema\\\/logo\\\/image\\\/\"},\"sameAs\":[\"https:\\\/\\\/www.facebook.com\\\/Atami.International\",\"https:\\\/\\\/x.com\\\/AtamiEU\",\"https:\\\/\\\/www.youtube.com\\\/c\\\/AtamiInternational\",\"https:\\\/\\\/www.instagram.com\\\/atami.international\\\/\"],\"description\":\"ATAMI is a premium plant nutrition & substrate brand founded in 1997 with the mission to make exceptional cultivation achievable for everyone. From legacy to license, we offer a wide variety of innovating award-winning products to let cultivators achieve maximum results in taste & yield.\",\"email\":\"info@mginnovations.es\",\"legalName\":\"Atami\",\"numberOfEmployees\":{\"@type\":\"QuantitativeValue\",\"minValue\":\"11\",\"maxValue\":\"50\"}}]}<\/script>\n<!-- \/ Yoast SEO Premium plugin. -->","yoast_head_json":{"title":"ATA PK 13-14: Potencia la Floraci\u00f3n y Fructificaci\u00f3n de tus Plantas | Atami","description":"Descubre ATA PK 13-14, el suplemento ideal para la fase de floraci\u00f3n. Aumenta el tama\u00f1o de tus flores y frutas con la perfecta combinaci\u00f3n de f\u00f3sforo y potasio. \u00a1Logra cultivos m\u00e1s saludables y productivos!","robots":{"index":"index","follow":"follow","max-snippet":"max-snippet:-1","max-image-preview":"max-image-preview:large","max-video-preview":"max-video-preview:-1"},"canonical":"https:\/\/atami.com\/es\/producto\/ata-pk-13-14","og_locale":"es_ES","og_type":"article","og_title":"ATA PK 13-14","og_description":"Descubre ATA PK 13-14, el suplemento ideal para la fase de floraci\u00f3n. Aumenta el tama\u00f1o de tus flores y frutas con la perfecta combinaci\u00f3n de f\u00f3sforo y potasio. \u00a1Logra cultivos m\u00e1s saludables y productivos!","og_url":"https:\/\/atami.com\/es\/producto\/ata-pk-13-14","og_site_name":"Atami","article_publisher":"https:\/\/www.facebook.com\/Atami.International","article_modified_time":"2025-11-10T13:36:45+00:00","og_image":[{"width":1080,"height":1080,"url":"https:\/\/atami.com\/wp-content\/uploads\/2023\/02\/PK-13-14-Main-Image.webp","type":"image\/webp"}],"twitter_card":"summary_large_image","twitter_site":"@AtamiEU","twitter_misc":{"Tiempo de lectura":"2 minutos"},"schema":{"@context":"https:\/\/schema.org","@graph":[{"@type":"WebPage","@id":"https:\/\/atami.com\/es\/producto\/ata-pk-13-14","url":"https:\/\/atami.com\/es\/producto\/ata-pk-13-14","name":"ATA PK 13-14: Potencia la Floraci\u00f3n y Fructificaci\u00f3n de tus Plantas | Atami","isPartOf":{"@id":"https:\/\/atami.com\/es#website"},"primaryImageOfPage":{"@id":"https:\/\/atami.com\/es\/producto\/ata-pk-13-14#primaryimage"},"image":{"@id":"https:\/\/atami.com\/es\/producto\/ata-pk-13-14#primaryimage"},"thumbnailUrl":"https:\/\/atami.com\/wp-content\/uploads\/2023\/02\/PK-13-14-Main-Image.webp","datePublished":"2023-02-09T10:11:59+00:00","dateModified":"2025-11-10T13:36:45+00:00","description":"Descubre ATA PK 13-14, el suplemento ideal para la fase de floraci\u00f3n. Aumenta el tama\u00f1o de tus flores y frutas con la perfecta combinaci\u00f3n de f\u00f3sforo y potasio. \u00a1Logra cultivos m\u00e1s saludables y productivos!","breadcrumb":{"@id":"https:\/\/atami.com\/es\/producto\/ata-pk-13-14#breadcrumb"},"inLanguage":"es","potentialAction":[{"@type":"ReadAction","target":["https:\/\/atami.com\/es\/producto\/ata-pk-13-14"]}]},{"@type":"ImageObject","inLanguage":"es","@id":"https:\/\/atami.com\/es\/producto\/ata-pk-13-14#primaryimage","url":"https:\/\/atami.com\/wp-content\/uploads\/2023\/02\/PK-13-14-Main-Image.webp","contentUrl":"https:\/\/atami.com\/wp-content\/uploads\/2023\/02\/PK-13-14-Main-Image.webp","width":1080,"height":1080,"caption":"ATA PK 13-14 proporciona f\u00f3sforo y potasio esenciales durante la fase de floraci\u00f3n, favoreciendo la distribuci\u00f3n de energ\u00eda y ayudando en la formaci\u00f3n de flores y frutos sabrosos."},{"@type":"BreadcrumbList","@id":"https:\/\/atami.com\/es\/producto\/ata-pk-13-14#breadcrumb","itemListElement":[{"@type":"ListItem","position":1,"name":"Home","item":"https:\/\/atami.com\/es"},{"@type":"ListItem","position":2,"name":"Productos","item":"https:\/\/atami.com\/es\/shop"},{"@type":"ListItem","position":3,"name":"Marcas","item":"https:\/\/atami.com\/es\/categoria-producto\/marcas"},{"@type":"ListItem","position":4,"name":"ATA","item":"https:\/\/atami.com\/es\/categoria-producto\/marcas\/ata"},{"@type":"ListItem","position":5,"name":"ATA PK 13-14"}]},{"@type":"WebSite","@id":"https:\/\/atami.com\/es#website","url":"https:\/\/atami.com\/es","name":"Atami","description":"NATURALLY INNOVATING!","publisher":{"@id":"https:\/\/atami.com\/es#organization"},"potentialAction":[{"@type":"SearchAction","target":{"@type":"EntryPoint","urlTemplate":"https:\/\/atami.com\/es?s={search_term_string}"},"query-input":{"@type":"PropertyValueSpecification","valueRequired":true,"valueName":"search_term_string"}}],"inLanguage":"es"},{"@type":"Organization","@id":"https:\/\/atami.com\/es#organization","name":"Atami","url":"https:\/\/atami.com\/es","logo":{"@type":"ImageObject","inLanguage":"es","@id":"https:\/\/atami.com\/es#\/schema\/logo\/image\/","url":"https:\/\/atami.com\/wp-content\/uploads\/2026\/01\/Atami-logo-696x696px.webp","contentUrl":"https:\/\/atami.com\/wp-content\/uploads\/2026\/01\/Atami-logo-696x696px.webp","width":696,"height":696,"caption":"Atami"},"image":{"@id":"https:\/\/atami.com\/es#\/schema\/logo\/image\/"},"sameAs":["https:\/\/www.facebook.com\/Atami.International","https:\/\/x.com\/AtamiEU","https:\/\/www.youtube.com\/c\/AtamiInternational","https:\/\/www.instagram.com\/atami.international\/"],"description":"ATAMI is a premium plant nutrition & substrate brand founded in 1997 with the mission to make exceptional cultivation achievable for everyone. From legacy to license, we offer a wide variety of innovating award-winning products to let cultivators achieve maximum results in taste & yield.","email":"info@mginnovations.es","legalName":"Atami","numberOfEmployees":{"@type":"QuantitativeValue","minValue":"11","maxValue":"50"}}]}},"_links":{"self":[{"href":"https:\/\/atami.com\/es\/wp-json\/wp\/v2\/product\/22038","targetHints":{"allow":["GET"]}}],"collection":[{"href":"https:\/\/atami.com\/es\/wp-json\/wp\/v2\/product"}],"about":[{"href":"https:\/\/atami.com\/es\/wp-json\/wp\/v2\/types\/product"}],"replies":[{"embeddable":true,"href":"https:\/\/atami.com\/es\/wp-json\/wp\/v2\/comments?post=22038"}],"wp:featuredmedia":[{"embeddable":true,"href":"https:\/\/atami.com\/es\/wp-json\/wp\/v2\/media\/23827"}],"wp:attachment":[{"href":"https:\/\/atami.com\/es\/wp-json\/wp\/v2\/media?parent=22038"}],"wp:term":[{"taxonomy":"product_brand","embeddable":true,"href":"https:\/\/atami.com\/es\/wp-json\/wp\/v2\/product_brand?post=22038"},{"taxonomy":"product_cat","embeddable":true,"href":"https:\/\/atami.com\/es\/wp-json\/wp\/v2\/product_cat?post=22038"},{"taxonomy":"product_tag","embeddable":true,"href":"https:\/\/atami.com\/es\/wp-json\/wp\/v2\/product_tag?post=22038"}],"curies":[{"name":"wp","href":"https:\/\/api.w.org\/{rel}","templated":true}]}}