{"id":22036,"date":"2023-02-08T13:25:05","date_gmt":"2023-02-08T13:25:05","guid":{"rendered":"https:\/\/atami.com\/product\/ata-xl\/"},"modified":"2025-11-10T14:42:52","modified_gmt":"2025-11-10T12:42:52","slug":"ata-xl","status":"publish","type":"product","link":"https:\/\/atami.com\/es\/producto\/ata-xl","title":{"rendered":"ATA-XL"},"content":{"rendered":"<p><strong>ATA-XL es un producto especial: es el \u00fanico en el mercado que re\u00fane un estimulante de crecimiento y un estimulante de floraci\u00f3n. Este producto universal est\u00e1 compuesto por extractos vegetales, \u00e1cidos h\u00famicos y minerales PK, por lo que la planta recibe nutrientes de manera \u00f3ptima, tanto durante la fase de crecimiento como de floraci\u00f3n.<\/strong><\/p>\n<p>&nbsp;<\/p>\n<p>Los \u00e1cidos h\u00famicos de ATA-XL tienen un efecto quelante que los hace m\u00e1s absorbibles por la planta. Estos \u00e1cidos tambi\u00e9n tienen un efecto estimulante sobre los pelos radiculares, mejorando la capacidad de las ra\u00edces para absorber nutrientes. Una buena dosis de los nutrientes PK primarios es ideal para iniciar la fase de floraci\u00f3n ya que estos elementos se encargan del almacenamiento y transporte de energ\u00eda y aumentan el volumen de las flores y de los frutos.<\/p>\n<p>&nbsp;<\/p>\n<p><strong>ESPECIALMENTE APTO PARA<\/strong><br \/>\nATA-XL es un nutriente universal, apto para diferentes tipos de frutas, verduras y hierbas como ar\u00e1ndanos, frambuesas y fresas. Tambi\u00e9n se puede utilizar para plantas ornamentales con flores (por ejemplo, orqu\u00eddeas, anturio). La dosis requerida se puede medir para satisfacer las necesidades de las plantas individuales o de los cultivos.<\/p>\n<p>&nbsp;<\/p>\n<p><strong>USO<\/strong><br \/>\nSe puede utilizar despu\u00e9s de la fase de enraizamiento y durante todo el ciclo de cultivo como complemento de la nutrici\u00f3n NPK habitual. Apto para tierra, hidro y coco.<\/p>\n<p>&nbsp;<\/p>\n<p><strong>DOSIS<\/strong><br \/>\n1 ml por litro de agua.<\/p>\n<p>&nbsp;<\/p>\n<p><strong>PK 2-2 W\/W<\/strong><\/p>\n<p>&nbsp;<\/p>\n<p><strong>DISPONIBLE EN 1L, 5L Y 10L.<\/strong><\/p>\n","protected":false},"excerpt":{"rendered":"<p>Estimulante del crecimiento y la floraci\u00f3n<\/p>\n<p>Ra\u00edces fuertes y flores y frutos con m\u00e1s volumen<\/p>\n","protected":false},"featured_media":23812,"comment_status":"closed","ping_status":"closed","template":"","meta":{"_acf_changed":false,"iawp_total_views":383},"product_brand":[],"product_cat":[220,218],"product_tag":[],"class_list":{"0":"post-22036","1":"product","2":"type-product","3":"status-publish","4":"has-post-thumbnail","6":"product_cat-ata","7":"product_cat-estimulantes","9":"first","10":"instock","11":"shipping-taxable","12":"product-type-simple"},"acf":{"short_description":"<p><strong>ATA-XL es un producto especial: es el \u00fanico en el mercado que re\u00fane un estimulante de crecimiento y un estimulante de floraci\u00f3n. Este producto universal est\u00e1 compuesto por extractos vegetales, \u00e1cidos h\u00famicos y minerales PK, por lo que la planta recibe nutrientes de manera \u00f3ptima, tanto durante la fase de crecimiento como de floraci\u00f3n.<\/strong><\/p><p>&nbsp;<\/p><p>Los \u00e1cidos h\u00famicos de ATA-XL tienen un efecto quelante que los hace m\u00e1s absorbibles por la planta. Estos \u00e1cidos tambi\u00e9n tienen un efecto estimulante sobre los pelos radiculares, mejorando la capacidad de las ra\u00edces para absorber nutrientes. Una buena dosis de los nutrientes PK primarios es ideal para iniciar la fase de floraci\u00f3n ya que estos elementos se encargan del almacenamiento y transporte de energ\u00eda y aumentan el volumen de las flores y de los frutos.<\/p>","suitable_for":"<p>ATA-XL es un nutriente universal, apto para diferentes tipos de frutas, verduras y hierbas como ar\u00e1ndanos, frambuesas y fresas. Tambi\u00e9n se puede utilizar para plantas ornamentales con flores (por ejemplo, orqu\u00eddeas, anturio). La dosis requerida se puede medir para satisfacer las necesidades de las plantas individuales o de los cultivos.<\/p>","application":"<p>Se puede utilizar despu\u00e9s de la fase de enraizamiento y durante todo el ciclo de cultivo como complemento de la nutrici\u00f3n NPK habitual. Apto para tierra, hidro y coco.<\/p>","dosage":"<p>1 ml por litro de agua.<\/p>","npk_ratio":"<p>PK 2-2 W\/W<\/p>","available_in":"<p>1L, 5L Y 10L<\/p>","icon_1":1681,"icon_1_text":"ESTIMULANTE DE CRECIMIENTO Y FLORACI\u00d3N DOS EN UNO","icon_2":1685,"icon_2_text":"\u00a1ESTIMULA LOS PELOS RADICULARES PARA TENER RA\u00cdCES FUERTES: \u00a1CONTIENE \u00c1CIDOS H\u00daMICOS QUE FACILITAN A LA PLANTA LA ABSORCI\u00d3N DE NUTRIENTES!","icon_3":1689,"icon_3_text":"FLORES Y FRUTOS M\u00c1S VOLUMINOSOS","icon_4":"","icon_4_text":"","video":"https:\/\/youtu.be\/gs43VRLysos","second_image":1676,"product_image_page":4054,"user_manual":"","new_icon_1":"","new_icon_2":"","new_icon_3":"","new_icon_4":"","grow_guides":"","category":"Estimulador"},"yoast_head":"<!-- This site is optimized with the Yoast SEO Premium plugin v27.5 (Yoast SEO v27.5) - https:\/\/yoast.com\/product\/yoast-seo-premium-wordpress\/ -->\n<title>ATA-XL: Fertilizante Premium para un Crecimiento Excepcional de tus Plantas<\/title>\n<meta name=\"description\" content=\"ATA-XL de Atami es el fertilizante ideal para maximizar el rendimiento y crecimiento de tus plantas. Ofrece nutrientes esenciales para un desarrollo saludable y vigoroso. \u00a1Haz que tus cultivos alcancen su m\u00e1ximo potencial con ATA-XL!\" \/>\n<meta name=\"robots\" content=\"index, follow, max-snippet:-1, max-image-preview:large, max-video-preview:-1\" \/>\n<link rel=\"canonical\" href=\"https:\/\/atami.com\/es\/producto\/ata-xl\" \/>\n<meta property=\"og:locale\" content=\"es_ES\" \/>\n<meta property=\"og:type\" content=\"article\" \/>\n<meta property=\"og:title\" content=\"ATA-XL\" \/>\n<meta property=\"og:description\" content=\"ATA-XL de Atami es el fertilizante ideal para maximizar el rendimiento y crecimiento de tus plantas. Ofrece nutrientes esenciales para un desarrollo saludable y vigoroso. \u00a1Haz que tus cultivos alcancen su m\u00e1ximo potencial con ATA-XL!\" \/>\n<meta property=\"og:url\" content=\"https:\/\/atami.com\/es\/producto\/ata-xl\" \/>\n<meta property=\"og:site_name\" content=\"Atami\" \/>\n<meta property=\"article:publisher\" content=\"https:\/\/www.facebook.com\/Atami.International\" \/>\n<meta property=\"article:modified_time\" content=\"2025-11-10T12:42:52+00:00\" \/>\n<meta property=\"og:image\" content=\"https:\/\/atami.com\/wp-content\/uploads\/2023\/02\/ATA-XL-Main-Image.webp\" \/>\n\t<meta property=\"og:image:width\" content=\"1080\" \/>\n\t<meta property=\"og:image:height\" content=\"1080\" \/>\n\t<meta property=\"og:image:type\" content=\"image\/webp\" \/>\n<meta name=\"twitter:card\" content=\"summary_large_image\" \/>\n<meta name=\"twitter:site\" content=\"@AtamiEU\" \/>\n<meta name=\"twitter:label1\" content=\"Tiempo de lectura\" \/>\n\t<meta name=\"twitter:data1\" content=\"2 minutos\" \/>\n<script type=\"application\/ld+json\" class=\"yoast-schema-graph\">{\"@context\":\"https:\\\/\\\/schema.org\",\"@graph\":[{\"@type\":\"WebPage\",\"@id\":\"https:\\\/\\\/atami.com\\\/es\\\/producto\\\/ata-xl\",\"url\":\"https:\\\/\\\/atami.com\\\/es\\\/producto\\\/ata-xl\",\"name\":\"ATA-XL: Fertilizante Premium para un Crecimiento Excepcional de tus Plantas\",\"isPartOf\":{\"@id\":\"https:\\\/\\\/atami.com\\\/es#website\"},\"primaryImageOfPage\":{\"@id\":\"https:\\\/\\\/atami.com\\\/es\\\/producto\\\/ata-xl#primaryimage\"},\"image\":{\"@id\":\"https:\\\/\\\/atami.com\\\/es\\\/producto\\\/ata-xl#primaryimage\"},\"thumbnailUrl\":\"https:\\\/\\\/atami.com\\\/wp-content\\\/uploads\\\/2023\\\/02\\\/ATA-XL-Main-Image.webp\",\"datePublished\":\"2023-02-08T13:25:05+00:00\",\"dateModified\":\"2025-11-10T12:42:52+00:00\",\"description\":\"ATA-XL de Atami es el fertilizante ideal para maximizar el rendimiento y crecimiento de tus plantas. Ofrece nutrientes esenciales para un desarrollo saludable y vigoroso. \u00a1Haz que tus cultivos alcancen su m\u00e1ximo potencial con ATA-XL!\",\"breadcrumb\":{\"@id\":\"https:\\\/\\\/atami.com\\\/es\\\/producto\\\/ata-xl#breadcrumb\"},\"inLanguage\":\"es\",\"potentialAction\":[{\"@type\":\"ReadAction\",\"target\":[\"https:\\\/\\\/atami.com\\\/es\\\/producto\\\/ata-xl\"]}]},{\"@type\":\"ImageObject\",\"inLanguage\":\"es\",\"@id\":\"https:\\\/\\\/atami.com\\\/es\\\/producto\\\/ata-xl#primaryimage\",\"url\":\"https:\\\/\\\/atami.com\\\/wp-content\\\/uploads\\\/2023\\\/02\\\/ATA-XL-Main-Image.webp\",\"contentUrl\":\"https:\\\/\\\/atami.com\\\/wp-content\\\/uploads\\\/2023\\\/02\\\/ATA-XL-Main-Image.webp\",\"width\":1080,\"height\":1080,\"caption\":\"ATA-XL promueve ra\u00edces fuertes y aumenta el volumen de flores y frutos a trav\u00e9s de su mezcla \u00fanica de ingredientes naturales.\"},{\"@type\":\"BreadcrumbList\",\"@id\":\"https:\\\/\\\/atami.com\\\/es\\\/producto\\\/ata-xl#breadcrumb\",\"itemListElement\":[{\"@type\":\"ListItem\",\"position\":1,\"name\":\"Home\",\"item\":\"https:\\\/\\\/atami.com\\\/es\"},{\"@type\":\"ListItem\",\"position\":2,\"name\":\"Productos\",\"item\":\"https:\\\/\\\/atami.com\\\/es\\\/shop\"},{\"@type\":\"ListItem\",\"position\":3,\"name\":\"Marcas\",\"item\":\"https:\\\/\\\/atami.com\\\/es\\\/categoria-producto\\\/marcas\"},{\"@type\":\"ListItem\",\"position\":4,\"name\":\"ATA\",\"item\":\"https:\\\/\\\/atami.com\\\/es\\\/categoria-producto\\\/marcas\\\/ata\"},{\"@type\":\"ListItem\",\"position\":5,\"name\":\"ATA-XL\"}]},{\"@type\":\"WebSite\",\"@id\":\"https:\\\/\\\/atami.com\\\/es#website\",\"url\":\"https:\\\/\\\/atami.com\\\/es\",\"name\":\"Atami\",\"description\":\"NATURALLY INNOVATING!\",\"publisher\":{\"@id\":\"https:\\\/\\\/atami.com\\\/es#organization\"},\"potentialAction\":[{\"@type\":\"SearchAction\",\"target\":{\"@type\":\"EntryPoint\",\"urlTemplate\":\"https:\\\/\\\/atami.com\\\/es?s={search_term_string}\"},\"query-input\":{\"@type\":\"PropertyValueSpecification\",\"valueRequired\":true,\"valueName\":\"search_term_string\"}}],\"inLanguage\":\"es\"},{\"@type\":\"Organization\",\"@id\":\"https:\\\/\\\/atami.com\\\/es#organization\",\"name\":\"Atami\",\"url\":\"https:\\\/\\\/atami.com\\\/es\",\"logo\":{\"@type\":\"ImageObject\",\"inLanguage\":\"es\",\"@id\":\"https:\\\/\\\/atami.com\\\/es#\\\/schema\\\/logo\\\/image\\\/\",\"url\":\"https:\\\/\\\/atami.com\\\/wp-content\\\/uploads\\\/2026\\\/01\\\/Atami-logo-696x696px.webp\",\"contentUrl\":\"https:\\\/\\\/atami.com\\\/wp-content\\\/uploads\\\/2026\\\/01\\\/Atami-logo-696x696px.webp\",\"width\":696,\"height\":696,\"caption\":\"Atami\"},\"image\":{\"@id\":\"https:\\\/\\\/atami.com\\\/es#\\\/schema\\\/logo\\\/image\\\/\"},\"sameAs\":[\"https:\\\/\\\/www.facebook.com\\\/Atami.International\",\"https:\\\/\\\/x.com\\\/AtamiEU\",\"https:\\\/\\\/www.youtube.com\\\/c\\\/AtamiInternational\",\"https:\\\/\\\/www.instagram.com\\\/atami.international\\\/\"],\"description\":\"ATAMI is a premium plant nutrition & substrate brand founded in 1997 with the mission to make exceptional cultivation achievable for everyone. From legacy to license, we offer a wide variety of innovating award-winning products to let cultivators achieve maximum results in taste & yield.\",\"email\":\"info@mginnovations.es\",\"legalName\":\"Atami\",\"numberOfEmployees\":{\"@type\":\"QuantitativeValue\",\"minValue\":\"11\",\"maxValue\":\"50\"}}]}<\/script>\n<!-- \/ Yoast SEO Premium plugin. -->","yoast_head_json":{"title":"ATA-XL: Fertilizante Premium para un Crecimiento Excepcional de tus Plantas","description":"ATA-XL de Atami es el fertilizante ideal para maximizar el rendimiento y crecimiento de tus plantas. Ofrece nutrientes esenciales para un desarrollo saludable y vigoroso. \u00a1Haz que tus cultivos alcancen su m\u00e1ximo potencial con ATA-XL!","robots":{"index":"index","follow":"follow","max-snippet":"max-snippet:-1","max-image-preview":"max-image-preview:large","max-video-preview":"max-video-preview:-1"},"canonical":"https:\/\/atami.com\/es\/producto\/ata-xl","og_locale":"es_ES","og_type":"article","og_title":"ATA-XL","og_description":"ATA-XL de Atami es el fertilizante ideal para maximizar el rendimiento y crecimiento de tus plantas. Ofrece nutrientes esenciales para un desarrollo saludable y vigoroso. \u00a1Haz que tus cultivos alcancen su m\u00e1ximo potencial con ATA-XL!","og_url":"https:\/\/atami.com\/es\/producto\/ata-xl","og_site_name":"Atami","article_publisher":"https:\/\/www.facebook.com\/Atami.International","article_modified_time":"2025-11-10T12:42:52+00:00","og_image":[{"width":1080,"height":1080,"url":"https:\/\/atami.com\/wp-content\/uploads\/2023\/02\/ATA-XL-Main-Image.webp","type":"image\/webp"}],"twitter_card":"summary_large_image","twitter_site":"@AtamiEU","twitter_misc":{"Tiempo de lectura":"2 minutos"},"schema":{"@context":"https:\/\/schema.org","@graph":[{"@type":"WebPage","@id":"https:\/\/atami.com\/es\/producto\/ata-xl","url":"https:\/\/atami.com\/es\/producto\/ata-xl","name":"ATA-XL: Fertilizante Premium para un Crecimiento Excepcional de tus Plantas","isPartOf":{"@id":"https:\/\/atami.com\/es#website"},"primaryImageOfPage":{"@id":"https:\/\/atami.com\/es\/producto\/ata-xl#primaryimage"},"image":{"@id":"https:\/\/atami.com\/es\/producto\/ata-xl#primaryimage"},"thumbnailUrl":"https:\/\/atami.com\/wp-content\/uploads\/2023\/02\/ATA-XL-Main-Image.webp","datePublished":"2023-02-08T13:25:05+00:00","dateModified":"2025-11-10T12:42:52+00:00","description":"ATA-XL de Atami es el fertilizante ideal para maximizar el rendimiento y crecimiento de tus plantas. Ofrece nutrientes esenciales para un desarrollo saludable y vigoroso. \u00a1Haz que tus cultivos alcancen su m\u00e1ximo potencial con ATA-XL!","breadcrumb":{"@id":"https:\/\/atami.com\/es\/producto\/ata-xl#breadcrumb"},"inLanguage":"es","potentialAction":[{"@type":"ReadAction","target":["https:\/\/atami.com\/es\/producto\/ata-xl"]}]},{"@type":"ImageObject","inLanguage":"es","@id":"https:\/\/atami.com\/es\/producto\/ata-xl#primaryimage","url":"https:\/\/atami.com\/wp-content\/uploads\/2023\/02\/ATA-XL-Main-Image.webp","contentUrl":"https:\/\/atami.com\/wp-content\/uploads\/2023\/02\/ATA-XL-Main-Image.webp","width":1080,"height":1080,"caption":"ATA-XL promueve ra\u00edces fuertes y aumenta el volumen de flores y frutos a trav\u00e9s de su mezcla \u00fanica de ingredientes naturales."},{"@type":"BreadcrumbList","@id":"https:\/\/atami.com\/es\/producto\/ata-xl#breadcrumb","itemListElement":[{"@type":"ListItem","position":1,"name":"Home","item":"https:\/\/atami.com\/es"},{"@type":"ListItem","position":2,"name":"Productos","item":"https:\/\/atami.com\/es\/shop"},{"@type":"ListItem","position":3,"name":"Marcas","item":"https:\/\/atami.com\/es\/categoria-producto\/marcas"},{"@type":"ListItem","position":4,"name":"ATA","item":"https:\/\/atami.com\/es\/categoria-producto\/marcas\/ata"},{"@type":"ListItem","position":5,"name":"ATA-XL"}]},{"@type":"WebSite","@id":"https:\/\/atami.com\/es#website","url":"https:\/\/atami.com\/es","name":"Atami","description":"NATURALLY INNOVATING!","publisher":{"@id":"https:\/\/atami.com\/es#organization"},"potentialAction":[{"@type":"SearchAction","target":{"@type":"EntryPoint","urlTemplate":"https:\/\/atami.com\/es?s={search_term_string}"},"query-input":{"@type":"PropertyValueSpecification","valueRequired":true,"valueName":"search_term_string"}}],"inLanguage":"es"},{"@type":"Organization","@id":"https:\/\/atami.com\/es#organization","name":"Atami","url":"https:\/\/atami.com\/es","logo":{"@type":"ImageObject","inLanguage":"es","@id":"https:\/\/atami.com\/es#\/schema\/logo\/image\/","url":"https:\/\/atami.com\/wp-content\/uploads\/2026\/01\/Atami-logo-696x696px.webp","contentUrl":"https:\/\/atami.com\/wp-content\/uploads\/2026\/01\/Atami-logo-696x696px.webp","width":696,"height":696,"caption":"Atami"},"image":{"@id":"https:\/\/atami.com\/es#\/schema\/logo\/image\/"},"sameAs":["https:\/\/www.facebook.com\/Atami.International","https:\/\/x.com\/AtamiEU","https:\/\/www.youtube.com\/c\/AtamiInternational","https:\/\/www.instagram.com\/atami.international\/"],"description":"ATAMI is a premium plant nutrition & substrate brand founded in 1997 with the mission to make exceptional cultivation achievable for everyone. From legacy to license, we offer a wide variety of innovating award-winning products to let cultivators achieve maximum results in taste & yield.","email":"info@mginnovations.es","legalName":"Atami","numberOfEmployees":{"@type":"QuantitativeValue","minValue":"11","maxValue":"50"}}]}},"_links":{"self":[{"href":"https:\/\/atami.com\/es\/wp-json\/wp\/v2\/product\/22036","targetHints":{"allow":["GET"]}}],"collection":[{"href":"https:\/\/atami.com\/es\/wp-json\/wp\/v2\/product"}],"about":[{"href":"https:\/\/atami.com\/es\/wp-json\/wp\/v2\/types\/product"}],"replies":[{"embeddable":true,"href":"https:\/\/atami.com\/es\/wp-json\/wp\/v2\/comments?post=22036"}],"wp:featuredmedia":[{"embeddable":true,"href":"https:\/\/atami.com\/es\/wp-json\/wp\/v2\/media\/23812"}],"wp:attachment":[{"href":"https:\/\/atami.com\/es\/wp-json\/wp\/v2\/media?parent=22036"}],"wp:term":[{"taxonomy":"product_brand","embeddable":true,"href":"https:\/\/atami.com\/es\/wp-json\/wp\/v2\/product_brand?post=22036"},{"taxonomy":"product_cat","embeddable":true,"href":"https:\/\/atami.com\/es\/wp-json\/wp\/v2\/product_cat?post=22036"},{"taxonomy":"product_tag","embeddable":true,"href":"https:\/\/atami.com\/es\/wp-json\/wp\/v2\/product_tag?post=22036"}],"curies":[{"name":"wp","href":"https:\/\/api.w.org\/{rel}","templated":true}]}}