{"id":22033,"date":"2023-02-08T13:17:19","date_gmt":"2023-02-08T13:17:19","guid":{"rendered":"https:\/\/atami.com\/product\/ata-rootfast\/"},"modified":"2025-11-10T14:42:33","modified_gmt":"2025-11-10T12:42:33","slug":"ata-rootfast","status":"publish","type":"product","link":"https:\/\/atami.com\/es\/producto\/ata-rootfast","title":{"rendered":"ATA Rootfast"},"content":{"rendered":"<p><strong>ATA Rootfast es un estimulante radicular universal particularmente importante para un desarrollo bueno y saludable de la planta. A diferencia de la mayor\u00eda de los estimulantes de ra\u00edces, tiene un alto contenido en f\u00f3sforo.<\/strong><\/p>\n<p>&nbsp;<\/p>\n<p>Con ATA Rootfast, la planta puede desarrollar ra\u00edces m\u00e1s numerosas, grandes y fuertes, caracter\u00edsticas muy importantes durante las primeras semanas de la planta. A medida que las ra\u00edces se ramifican y crecen de manera m\u00e1s efectiva, la planta gana m\u00e1s resistencia contra enfermedades y hongos da\u00f1inos.<\/p>\n<p>&nbsp;<\/p>\n<p>Un sistema radicular expandido ayuda a la planta a producir m\u00e1s c\u00e9lulas y absorber todo tipo de nutrientes con mayor facilidad. Si tu sustrato es bajo en fosfato, la planta adaptar\u00e1 su sistema radicular para crecer de forma m\u00e1s superficial, lo que provocar\u00e1 un menor rendimiento. El uso de ATA Rootfast prevendr\u00e1 que esto suceda.<\/p>\n<p>&nbsp;<\/p>\n<h2><span style=\"font-size: 14pt;\"><strong>ESPECIALMENTE APTO PARA<\/strong><\/span><\/h2>\n<p>\nATA Rootfast es un nutriente universal, apto para diferentes tipos de frutas, verduras, hierbas, como patatas y boniatos, y plantas ornamentales.<\/p>\n<p>&nbsp;<\/p>\n<p>Tambi\u00e9n se puede utilizar para plantas ornamentales con flores (por ejemplo, crisantemos, tulipanes, muscari). La dosis requerida se puede medir para satisfacer las necesidades de cualquier planta o cultivo.<\/p>\n<p>&nbsp;<\/p>\n<h2><span style=\"font-size: 14pt;\"><strong>USO<\/strong><\/span><\/h2>\n<p><span style=\"font-size: 14pt;\">A\u00f1adir diariamente a la planta durante las semanas 1 y 2 en cada ciclo de riego.<\/span><\/p>\n<p>&nbsp;<\/p>\n<h2><span style=\"font-size: 14pt;\"><strong>DOSIS<\/strong><\/span><\/h2>\n<ul>\n<li><span style=\"font-size: 14pt;\">0,5 \u2013 1 ml por litro de agua.<\/span><\/li>\n<\/ul>\n<p>&nbsp;<\/p>\n<p><strong>P 5 W\/W<\/strong><\/p>\n<p>&nbsp;<\/p>\n<p><strong>DISPONIBLE EN 100ML, 250ML, 500ML, 1L Y 5L.<\/strong><\/p>\n","protected":false},"excerpt":{"rendered":"<p>Estimulante de ra\u00edces<\/p>\n<p>Ra\u00edces fuertes y bien desarrolladas<\/p>\n","protected":false},"featured_media":23782,"comment_status":"closed","ping_status":"closed","template":"","meta":{"_acf_changed":false,"iawp_total_views":501},"product_brand":[],"product_cat":[220,218],"product_tag":[],"class_list":{"0":"post-22033","1":"product","2":"type-product","3":"status-publish","4":"has-post-thumbnail","6":"product_cat-ata","7":"product_cat-estimulantes","9":"first","10":"instock","11":"shipping-taxable","12":"product-type-simple"},"acf":{"short_description":"<p><strong>ATA Rootfast es un estimulante radicular universal particularmente importante para un desarrollo bueno y saludable de la planta. A diferencia de la mayor\u00eda de los estimulantes de ra\u00edces, tiene un alto contenido en f\u00f3sforo.<\/strong><\/p><p>&nbsp;<\/p><p>Con ATA Rootfast, la planta puede desarrollar ra\u00edces m\u00e1s numerosas, grandes y fuertes, caracter\u00edsticas muy importantes durante las primeras semanas de la planta. A medida que las ra\u00edces se ramifican y crecen de manera m\u00e1s efectiva, la planta gana m\u00e1s resistencia contra enfermedades y hongos da\u00f1inos.<\/p><p>&nbsp;<\/p><p>Un sistema radicular expandido ayuda a la planta a producir m\u00e1s c\u00e9lulas y absorber todo tipo de nutrientes con mayor facilidad. Si tu sustrato es bajo en fosfato, la planta adaptar\u00e1 su sistema radicular para crecer de forma m\u00e1s superficial, lo que provocar\u00e1 un menor rendimiento. El uso de ATA Rootfast prevendr\u00e1 que esto suceda.<\/p>","suitable_for":"<p>ATA Rootfast es un nutriente universal, apto para diferentes tipos de frutas, verduras, hierbas, como patatas y boniatos, y plantas ornamentales.<\/p><p>&nbsp;<\/p><p>Tambi\u00e9n se puede utilizar para plantas ornamentales con flores (por ejemplo, crisantemos, tulipanes, muscari). La dosis requerida se puede medir para satisfacer las necesidades de cualquier planta o cultivo.<\/p>","application":"<p>A\u00f1adir diariamente a la planta durante las semanas 1 y 2 en cada ciclo de riego.<\/p>","dosage":"<p>0,5 \u2013 1 ml por litro de agua.<\/p>","npk_ratio":"<p>P 5 W\/W<\/p>","available_in":"<p>100ML, 250ML, 500ML, 1L Y 5L<\/p>","icon_1":1648,"icon_1_text":"ALTO CONTENIDO EN F\u00d3SFORO","icon_2":1652,"icon_2_text":"AUMENTA LA RESISTENCIA CONTRA LAS ENFERMEDADES Y LOS HONGOS NOCIVOS","icon_3":1656,"icon_3_text":"RA\u00cdCES FUERTES Y SALUDABLES","icon_4":"","icon_4_text":"","video":"https:\/\/youtu.be\/cKQHS26xWk8","second_image":1644,"product_image_page":4050,"user_manual":"","new_icon_1":"","new_icon_2":"","new_icon_3":"","new_icon_4":"","grow_guides":"","category":"Estimulador"},"yoast_head":"<!-- This site is optimized with the Yoast SEO Premium plugin v27.5 (Yoast SEO v27.5) - https:\/\/yoast.com\/product\/yoast-seo-premium-wordpress\/ -->\n<title>ATA Rootfast | Estimulador de Ra\u00edces para un Crecimiento R\u00e1pido<\/title>\n<meta name=\"description\" content=\"Potencia el crecimiento de las ra\u00edces con ATA Rootfast, un estimulante ideal para obtener ra\u00edces fuertes y resistentes. Con alto contenido en f\u00f3sforo, mejora la absorci\u00f3n de nutrientes y protege contra enfermedades.\" \/>\n<meta name=\"robots\" content=\"index, follow, max-snippet:-1, max-image-preview:large, max-video-preview:-1\" \/>\n<link rel=\"canonical\" href=\"https:\/\/atami.com\/es\/producto\/ata-rootfast\" \/>\n<meta property=\"og:locale\" content=\"es_ES\" \/>\n<meta property=\"og:type\" content=\"article\" \/>\n<meta property=\"og:title\" content=\"ATA Rootfast\" \/>\n<meta property=\"og:description\" content=\"Potencia el crecimiento de las ra\u00edces con ATA Rootfast, un estimulante ideal para obtener ra\u00edces fuertes y resistentes. Con alto contenido en f\u00f3sforo, mejora la absorci\u00f3n de nutrientes y protege contra enfermedades.\" \/>\n<meta property=\"og:url\" content=\"https:\/\/atami.com\/es\/producto\/ata-rootfast\" \/>\n<meta property=\"og:site_name\" content=\"Atami\" \/>\n<meta property=\"article:publisher\" content=\"https:\/\/www.facebook.com\/Atami.International\" \/>\n<meta property=\"article:modified_time\" content=\"2025-11-10T12:42:33+00:00\" \/>\n<meta property=\"og:image\" content=\"https:\/\/atami.com\/wp-content\/uploads\/2023\/02\/ATA-Rootfast-Main-Image.webp\" \/>\n\t<meta property=\"og:image:width\" content=\"1080\" \/>\n\t<meta property=\"og:image:height\" content=\"1080\" \/>\n\t<meta property=\"og:image:type\" content=\"image\/webp\" \/>\n<meta name=\"twitter:card\" content=\"summary_large_image\" \/>\n<meta name=\"twitter:site\" content=\"@AtamiEU\" \/>\n<meta name=\"twitter:label1\" content=\"Tiempo de lectura\" \/>\n\t<meta name=\"twitter:data1\" content=\"2 minutos\" \/>\n<script type=\"application\/ld+json\" class=\"yoast-schema-graph\">{\"@context\":\"https:\\\/\\\/schema.org\",\"@graph\":[{\"@type\":\"WebPage\",\"@id\":\"https:\\\/\\\/atami.com\\\/es\\\/producto\\\/ata-rootfast\",\"url\":\"https:\\\/\\\/atami.com\\\/es\\\/producto\\\/ata-rootfast\",\"name\":\"ATA Rootfast | Estimulador de Ra\u00edces para un Crecimiento R\u00e1pido\",\"isPartOf\":{\"@id\":\"https:\\\/\\\/atami.com\\\/es#website\"},\"primaryImageOfPage\":{\"@id\":\"https:\\\/\\\/atami.com\\\/es\\\/producto\\\/ata-rootfast#primaryimage\"},\"image\":{\"@id\":\"https:\\\/\\\/atami.com\\\/es\\\/producto\\\/ata-rootfast#primaryimage\"},\"thumbnailUrl\":\"https:\\\/\\\/atami.com\\\/wp-content\\\/uploads\\\/2023\\\/02\\\/ATA-Rootfast-Main-Image.webp\",\"datePublished\":\"2023-02-08T13:17:19+00:00\",\"dateModified\":\"2025-11-10T12:42:33+00:00\",\"description\":\"Potencia el crecimiento de las ra\u00edces con ATA Rootfast, un estimulante ideal para obtener ra\u00edces fuertes y resistentes. Con alto contenido en f\u00f3sforo, mejora la absorci\u00f3n de nutrientes y protege contra enfermedades.\",\"breadcrumb\":{\"@id\":\"https:\\\/\\\/atami.com\\\/es\\\/producto\\\/ata-rootfast#breadcrumb\"},\"inLanguage\":\"es\",\"potentialAction\":[{\"@type\":\"ReadAction\",\"target\":[\"https:\\\/\\\/atami.com\\\/es\\\/producto\\\/ata-rootfast\"]}]},{\"@type\":\"ImageObject\",\"inLanguage\":\"es\",\"@id\":\"https:\\\/\\\/atami.com\\\/es\\\/producto\\\/ata-rootfast#primaryimage\",\"url\":\"https:\\\/\\\/atami.com\\\/wp-content\\\/uploads\\\/2023\\\/02\\\/ATA-Rootfast-Main-Image.webp\",\"contentUrl\":\"https:\\\/\\\/atami.com\\\/wp-content\\\/uploads\\\/2023\\\/02\\\/ATA-Rootfast-Main-Image.webp\",\"width\":1080,\"height\":1080,\"caption\":\"ATA Rootfast mejora la ramificaci\u00f3n y la fuerza de las ra\u00edces, aumentando la resistencia de las plantas a enfermedades y hongos da\u00f1inos.\"},{\"@type\":\"BreadcrumbList\",\"@id\":\"https:\\\/\\\/atami.com\\\/es\\\/producto\\\/ata-rootfast#breadcrumb\",\"itemListElement\":[{\"@type\":\"ListItem\",\"position\":1,\"name\":\"Home\",\"item\":\"https:\\\/\\\/atami.com\\\/es\"},{\"@type\":\"ListItem\",\"position\":2,\"name\":\"Productos\",\"item\":\"https:\\\/\\\/atami.com\\\/es\\\/shop\"},{\"@type\":\"ListItem\",\"position\":3,\"name\":\"Marcas\",\"item\":\"https:\\\/\\\/atami.com\\\/es\\\/categoria-producto\\\/marcas\"},{\"@type\":\"ListItem\",\"position\":4,\"name\":\"ATA\",\"item\":\"https:\\\/\\\/atami.com\\\/es\\\/categoria-producto\\\/marcas\\\/ata\"},{\"@type\":\"ListItem\",\"position\":5,\"name\":\"ATA Rootfast\"}]},{\"@type\":\"WebSite\",\"@id\":\"https:\\\/\\\/atami.com\\\/es#website\",\"url\":\"https:\\\/\\\/atami.com\\\/es\",\"name\":\"Atami\",\"description\":\"NATURALLY INNOVATING!\",\"publisher\":{\"@id\":\"https:\\\/\\\/atami.com\\\/es#organization\"},\"potentialAction\":[{\"@type\":\"SearchAction\",\"target\":{\"@type\":\"EntryPoint\",\"urlTemplate\":\"https:\\\/\\\/atami.com\\\/es?s={search_term_string}\"},\"query-input\":{\"@type\":\"PropertyValueSpecification\",\"valueRequired\":true,\"valueName\":\"search_term_string\"}}],\"inLanguage\":\"es\"},{\"@type\":\"Organization\",\"@id\":\"https:\\\/\\\/atami.com\\\/es#organization\",\"name\":\"Atami\",\"url\":\"https:\\\/\\\/atami.com\\\/es\",\"logo\":{\"@type\":\"ImageObject\",\"inLanguage\":\"es\",\"@id\":\"https:\\\/\\\/atami.com\\\/es#\\\/schema\\\/logo\\\/image\\\/\",\"url\":\"https:\\\/\\\/atami.com\\\/wp-content\\\/uploads\\\/2026\\\/01\\\/Atami-logo-696x696px.webp\",\"contentUrl\":\"https:\\\/\\\/atami.com\\\/wp-content\\\/uploads\\\/2026\\\/01\\\/Atami-logo-696x696px.webp\",\"width\":696,\"height\":696,\"caption\":\"Atami\"},\"image\":{\"@id\":\"https:\\\/\\\/atami.com\\\/es#\\\/schema\\\/logo\\\/image\\\/\"},\"sameAs\":[\"https:\\\/\\\/www.facebook.com\\\/Atami.International\",\"https:\\\/\\\/x.com\\\/AtamiEU\",\"https:\\\/\\\/www.youtube.com\\\/c\\\/AtamiInternational\",\"https:\\\/\\\/www.instagram.com\\\/atami.international\\\/\"],\"description\":\"ATAMI is a premium plant nutrition & substrate brand founded in 1997 with the mission to make exceptional cultivation achievable for everyone. From legacy to license, we offer a wide variety of innovating award-winning products to let cultivators achieve maximum results in taste & yield.\",\"email\":\"info@mginnovations.es\",\"legalName\":\"Atami\",\"numberOfEmployees\":{\"@type\":\"QuantitativeValue\",\"minValue\":\"11\",\"maxValue\":\"50\"}}]}<\/script>\n<!-- \/ Yoast SEO Premium plugin. -->","yoast_head_json":{"title":"ATA Rootfast | Estimulador de Ra\u00edces para un Crecimiento R\u00e1pido","description":"Potencia el crecimiento de las ra\u00edces con ATA Rootfast, un estimulante ideal para obtener ra\u00edces fuertes y resistentes. Con alto contenido en f\u00f3sforo, mejora la absorci\u00f3n de nutrientes y protege contra enfermedades.","robots":{"index":"index","follow":"follow","max-snippet":"max-snippet:-1","max-image-preview":"max-image-preview:large","max-video-preview":"max-video-preview:-1"},"canonical":"https:\/\/atami.com\/es\/producto\/ata-rootfast","og_locale":"es_ES","og_type":"article","og_title":"ATA Rootfast","og_description":"Potencia el crecimiento de las ra\u00edces con ATA Rootfast, un estimulante ideal para obtener ra\u00edces fuertes y resistentes. Con alto contenido en f\u00f3sforo, mejora la absorci\u00f3n de nutrientes y protege contra enfermedades.","og_url":"https:\/\/atami.com\/es\/producto\/ata-rootfast","og_site_name":"Atami","article_publisher":"https:\/\/www.facebook.com\/Atami.International","article_modified_time":"2025-11-10T12:42:33+00:00","og_image":[{"width":1080,"height":1080,"url":"https:\/\/atami.com\/wp-content\/uploads\/2023\/02\/ATA-Rootfast-Main-Image.webp","type":"image\/webp"}],"twitter_card":"summary_large_image","twitter_site":"@AtamiEU","twitter_misc":{"Tiempo de lectura":"2 minutos"},"schema":{"@context":"https:\/\/schema.org","@graph":[{"@type":"WebPage","@id":"https:\/\/atami.com\/es\/producto\/ata-rootfast","url":"https:\/\/atami.com\/es\/producto\/ata-rootfast","name":"ATA Rootfast | Estimulador de Ra\u00edces para un Crecimiento R\u00e1pido","isPartOf":{"@id":"https:\/\/atami.com\/es#website"},"primaryImageOfPage":{"@id":"https:\/\/atami.com\/es\/producto\/ata-rootfast#primaryimage"},"image":{"@id":"https:\/\/atami.com\/es\/producto\/ata-rootfast#primaryimage"},"thumbnailUrl":"https:\/\/atami.com\/wp-content\/uploads\/2023\/02\/ATA-Rootfast-Main-Image.webp","datePublished":"2023-02-08T13:17:19+00:00","dateModified":"2025-11-10T12:42:33+00:00","description":"Potencia el crecimiento de las ra\u00edces con ATA Rootfast, un estimulante ideal para obtener ra\u00edces fuertes y resistentes. Con alto contenido en f\u00f3sforo, mejora la absorci\u00f3n de nutrientes y protege contra enfermedades.","breadcrumb":{"@id":"https:\/\/atami.com\/es\/producto\/ata-rootfast#breadcrumb"},"inLanguage":"es","potentialAction":[{"@type":"ReadAction","target":["https:\/\/atami.com\/es\/producto\/ata-rootfast"]}]},{"@type":"ImageObject","inLanguage":"es","@id":"https:\/\/atami.com\/es\/producto\/ata-rootfast#primaryimage","url":"https:\/\/atami.com\/wp-content\/uploads\/2023\/02\/ATA-Rootfast-Main-Image.webp","contentUrl":"https:\/\/atami.com\/wp-content\/uploads\/2023\/02\/ATA-Rootfast-Main-Image.webp","width":1080,"height":1080,"caption":"ATA Rootfast mejora la ramificaci\u00f3n y la fuerza de las ra\u00edces, aumentando la resistencia de las plantas a enfermedades y hongos da\u00f1inos."},{"@type":"BreadcrumbList","@id":"https:\/\/atami.com\/es\/producto\/ata-rootfast#breadcrumb","itemListElement":[{"@type":"ListItem","position":1,"name":"Home","item":"https:\/\/atami.com\/es"},{"@type":"ListItem","position":2,"name":"Productos","item":"https:\/\/atami.com\/es\/shop"},{"@type":"ListItem","position":3,"name":"Marcas","item":"https:\/\/atami.com\/es\/categoria-producto\/marcas"},{"@type":"ListItem","position":4,"name":"ATA","item":"https:\/\/atami.com\/es\/categoria-producto\/marcas\/ata"},{"@type":"ListItem","position":5,"name":"ATA Rootfast"}]},{"@type":"WebSite","@id":"https:\/\/atami.com\/es#website","url":"https:\/\/atami.com\/es","name":"Atami","description":"NATURALLY INNOVATING!","publisher":{"@id":"https:\/\/atami.com\/es#organization"},"potentialAction":[{"@type":"SearchAction","target":{"@type":"EntryPoint","urlTemplate":"https:\/\/atami.com\/es?s={search_term_string}"},"query-input":{"@type":"PropertyValueSpecification","valueRequired":true,"valueName":"search_term_string"}}],"inLanguage":"es"},{"@type":"Organization","@id":"https:\/\/atami.com\/es#organization","name":"Atami","url":"https:\/\/atami.com\/es","logo":{"@type":"ImageObject","inLanguage":"es","@id":"https:\/\/atami.com\/es#\/schema\/logo\/image\/","url":"https:\/\/atami.com\/wp-content\/uploads\/2026\/01\/Atami-logo-696x696px.webp","contentUrl":"https:\/\/atami.com\/wp-content\/uploads\/2026\/01\/Atami-logo-696x696px.webp","width":696,"height":696,"caption":"Atami"},"image":{"@id":"https:\/\/atami.com\/es#\/schema\/logo\/image\/"},"sameAs":["https:\/\/www.facebook.com\/Atami.International","https:\/\/x.com\/AtamiEU","https:\/\/www.youtube.com\/c\/AtamiInternational","https:\/\/www.instagram.com\/atami.international\/"],"description":"ATAMI is a premium plant nutrition & substrate brand founded in 1997 with the mission to make exceptional cultivation achievable for everyone. From legacy to license, we offer a wide variety of innovating award-winning products to let cultivators achieve maximum results in taste & yield.","email":"info@mginnovations.es","legalName":"Atami","numberOfEmployees":{"@type":"QuantitativeValue","minValue":"11","maxValue":"50"}}]}},"_links":{"self":[{"href":"https:\/\/atami.com\/es\/wp-json\/wp\/v2\/product\/22033","targetHints":{"allow":["GET"]}}],"collection":[{"href":"https:\/\/atami.com\/es\/wp-json\/wp\/v2\/product"}],"about":[{"href":"https:\/\/atami.com\/es\/wp-json\/wp\/v2\/types\/product"}],"replies":[{"embeddable":true,"href":"https:\/\/atami.com\/es\/wp-json\/wp\/v2\/comments?post=22033"}],"wp:featuredmedia":[{"embeddable":true,"href":"https:\/\/atami.com\/es\/wp-json\/wp\/v2\/media\/23782"}],"wp:attachment":[{"href":"https:\/\/atami.com\/es\/wp-json\/wp\/v2\/media?parent=22033"}],"wp:term":[{"taxonomy":"product_brand","embeddable":true,"href":"https:\/\/atami.com\/es\/wp-json\/wp\/v2\/product_brand?post=22033"},{"taxonomy":"product_cat","embeddable":true,"href":"https:\/\/atami.com\/es\/wp-json\/wp\/v2\/product_cat?post=22033"},{"taxonomy":"product_tag","embeddable":true,"href":"https:\/\/atami.com\/es\/wp-json\/wp\/v2\/product_tag?post=22033"}],"curies":[{"name":"wp","href":"https:\/\/api.w.org\/{rel}","templated":true}]}}