{"id":22028,"date":"2023-02-08T10:42:06","date_gmt":"2023-02-08T10:42:06","guid":{"rendered":"https:\/\/atami.com\/product\/ata-awa-max-ab\/"},"modified":"2025-11-07T17:54:23","modified_gmt":"2025-11-07T15:54:23","slug":"ata-awa-max-ab","status":"publish","type":"product","link":"https:\/\/atami.com\/es\/producto\/ata-awa-max-ab","title":{"rendered":"ATA Awa Max A&#038;B"},"content":{"rendered":"<p><strong>ATA Awa Max es un nutriente b\u00e1sico universal especialmente desarrollado para los cultivos en sistemas hidro. Aporta a la planta los nutrientes NPK primarios que est\u00e1n perfectamente proporcionados para la fase de floraci\u00f3n.<\/strong><\/p>\n<p>&nbsp;<\/p>\n<p>Las propiedades reguladoras del pH de ATA Awa Max permiten que la tierra apenas necesite ajustes o aditivos, haciendo que la planta florezca mucho m\u00e1s r\u00e1pidamente y de manera m\u00e1s eficiente. Es posible utilizar la soluci\u00f3n nutritiva m\u00e1s de una vez.<\/p>\n<p>&nbsp;<\/p>\n<p><strong>ESPECIALMENTE APTO PARA<\/strong><br \/>\nATA Awa Max A&amp;B es un nutriente universal apto para diferentes tipos de frutas, verduras y hierbas como berenjenas, salvia y albahaca. Tambi\u00e9n se puede utilizar para plantas de interior y en macetas (por ejemplo, anturio, lavanda, gerbera). La dosis requerida se puede medir para satisfacer las necesidades de las plantas o de los cultivos.<\/p>\n<p>&nbsp;<\/p>\n<p><strong>USO<\/strong><br \/>\nDebido a que ciertos componentes de ATA Awa Max reaccionan entre s\u00ed en una soluci\u00f3n concentrada, los componentes A y B vienen en botellas separadas. Estos dos nutrientes b\u00e1sicos solo se pueden combinar en una soluci\u00f3n diluida. Los concentrados A y B solo se pueden mezclar entre s\u00ed y en combinaci\u00f3n con agua. Utilice agua a temperatura ambiente (21 \u00b0C) para obtener mejores resultados.<\/p>\n<p>&nbsp;<\/p>\n<p><strong>DOSIS<\/strong><br \/>\n1 \u2013 4 ml A y 1 \u2013 4 ml B por litro de agua.<\/p>\n<p>&nbsp;<\/p>\n<p><strong>ATA Awa Max A: NK 3-6 W\/W<\/strong><br \/>\n<strong>ATA Awa Max B: PK 5-3 W\/W<\/strong><\/p>\n<p>&nbsp;<\/p>\n<p><strong>DISPONIBLE EN 250ML, 1L, 5L Y 10L.<\/strong><\/p>\n","protected":false},"excerpt":{"rendered":"<p>Fase de floraci\u00f3n<\/p>\n<p>Hidropon\u00eda<\/p>\n","protected":false},"featured_media":23746,"comment_status":"closed","ping_status":"closed","template":"","meta":{"_acf_changed":false,"iawp_total_views":54},"product_brand":[],"product_cat":[220,221],"product_tag":[],"class_list":{"0":"post-22028","1":"product","2":"type-product","3":"status-publish","4":"has-post-thumbnail","6":"product_cat-ata","7":"product_cat-nutrientes-basicos","9":"first","10":"instock","11":"shipping-taxable","12":"product-type-simple"},"acf":{"short_description":"<p><strong>ATA Awa Max es un nutriente b\u00e1sico universal especialmente desarrollado para los cultivos en sistemas hidro. Aporta a la planta los nutrientes NPK primarios que est\u00e1n perfectamente proporcionados para la fase de floraci\u00f3n.<\/strong><\/p><p>&nbsp;<\/p><p>Las propiedades reguladoras del pH de ATA Awa Max permiten que la tierra apenas necesite ajustes o aditivos, haciendo que la planta florezca mucho m\u00e1s r\u00e1pidamente y de manera m\u00e1s eficiente. Es posible utilizar la soluci\u00f3n nutritiva m\u00e1s de una vez.<\/p>","suitable_for":"<p>ATA Awa Max A&amp;B es un nutriente universal apto para diferentes tipos de frutas, verduras y hierbas como berenjenas, salvia y albahaca. Tambi\u00e9n se puede utilizar para plantas de interior y en macetas (por ejemplo, anturio, lavanda, gerbera). La dosis requerida se puede medir para satisfacer las necesidades de las plantas o de los cultivos.<\/p>","application":"<p>Debido a que ciertos componentes de ATA Awa Max reaccionan entre s\u00ed en una soluci\u00f3n concentrada, los componentes A y B vienen en botellas separadas. Estos dos nutrientes b\u00e1sicos solo se pueden combinar en una soluci\u00f3n diluida. Los concentrados A y B solo se pueden mezclar entre s\u00ed y en combinaci\u00f3n con agua. Utilice agua a temperatura ambiente (21 \u00b0C) para obtener mejores resultados.<\/p>","dosage":"<p>1 \u2013 4 ml A y 1 \u2013 4 ml B por litro de agua.<\/p>","npk_ratio":"<p>ATA Awa Max A: NK 3-6 W\/W<br \/>ATA Awa Max B: PK 5-3 W\/W<\/p>","available_in":"<p>250ML, 1L, 5L Y 10L<\/p>","icon_1":1568,"icon_1_text":"ESTIMULA LA PRODUCCI\u00d3N DE CLOROFILA","icon_2":1572,"icon_2_text":"CONTIENE NPK","icon_3":1576,"icon_3_text":"APTO PARA TODOS LOS SISTEMAS DE RIEGO","icon_4":"","icon_4_text":"","video":"https:\/\/youtu.be\/pB1_Ls2_uFA","second_image":1564,"product_image_page":4041,"user_manual":"","new_icon_1":"","new_icon_2":"","new_icon_3":"","new_icon_4":"","grow_guides":"","category":"Nutriente base"},"yoast_head":"<!-- This site is optimized with the Yoast SEO Premium plugin v27.5 (Yoast SEO v27.5) - https:\/\/yoast.com\/product\/yoast-seo-premium-wordpress\/ -->\n<title>ATA AWA Max AB \u2013 Nutriente esencial para un crecimiento saludable y fuerte<\/title>\n<meta name=\"description\" content=\"Mejora el crecimiento y desarrollo de tus plantas con ATA AWA Max AB. Un abono l\u00edquido perfecto para asegurar una nutrici\u00f3n completa y equilibrada. \u00a1Obt\u00e9n mejores resultados en tu cultivo!\" \/>\n<meta name=\"robots\" content=\"index, follow, max-snippet:-1, max-image-preview:large, max-video-preview:-1\" \/>\n<link rel=\"canonical\" href=\"https:\/\/atami.com\/es\/producto\/ata-awa-max-ab\" \/>\n<meta property=\"og:locale\" content=\"es_ES\" \/>\n<meta property=\"og:type\" content=\"article\" \/>\n<meta property=\"og:title\" content=\"ATA Awa Max A&amp;B\" \/>\n<meta property=\"og:description\" content=\"Mejora el crecimiento y desarrollo de tus plantas con ATA AWA Max AB. Un abono l\u00edquido perfecto para asegurar una nutrici\u00f3n completa y equilibrada. \u00a1Obt\u00e9n mejores resultados en tu cultivo!\" \/>\n<meta property=\"og:url\" content=\"https:\/\/atami.com\/es\/producto\/ata-awa-max-ab\" \/>\n<meta property=\"og:site_name\" content=\"Atami\" \/>\n<meta property=\"article:publisher\" content=\"https:\/\/www.facebook.com\/Atami.International\" \/>\n<meta property=\"article:modified_time\" content=\"2025-11-07T15:54:23+00:00\" \/>\n<meta property=\"og:image\" content=\"https:\/\/atami.com\/wp-content\/uploads\/2023\/02\/ATA-Awa-Max-Main-Image.webp\" \/>\n\t<meta property=\"og:image:width\" content=\"1080\" \/>\n\t<meta property=\"og:image:height\" content=\"1080\" \/>\n\t<meta property=\"og:image:type\" content=\"image\/webp\" \/>\n<meta name=\"twitter:card\" content=\"summary_large_image\" \/>\n<meta name=\"twitter:site\" content=\"@AtamiEU\" \/>\n<meta name=\"twitter:label1\" content=\"Tiempo de lectura\" \/>\n\t<meta name=\"twitter:data1\" content=\"2 minutos\" \/>\n<script type=\"application\/ld+json\" class=\"yoast-schema-graph\">{\"@context\":\"https:\\\/\\\/schema.org\",\"@graph\":[{\"@type\":\"WebPage\",\"@id\":\"https:\\\/\\\/atami.com\\\/es\\\/producto\\\/ata-awa-max-ab\",\"url\":\"https:\\\/\\\/atami.com\\\/es\\\/producto\\\/ata-awa-max-ab\",\"name\":\"ATA AWA Max AB \u2013 Nutriente esencial para un crecimiento saludable y fuerte\",\"isPartOf\":{\"@id\":\"https:\\\/\\\/atami.com\\\/es#website\"},\"primaryImageOfPage\":{\"@id\":\"https:\\\/\\\/atami.com\\\/es\\\/producto\\\/ata-awa-max-ab#primaryimage\"},\"image\":{\"@id\":\"https:\\\/\\\/atami.com\\\/es\\\/producto\\\/ata-awa-max-ab#primaryimage\"},\"thumbnailUrl\":\"https:\\\/\\\/atami.com\\\/wp-content\\\/uploads\\\/2023\\\/02\\\/ATA-Awa-Max-Main-Image.webp\",\"datePublished\":\"2023-02-08T10:42:06+00:00\",\"dateModified\":\"2025-11-07T15:54:23+00:00\",\"description\":\"Mejora el crecimiento y desarrollo de tus plantas con ATA AWA Max AB. Un abono l\u00edquido perfecto para asegurar una nutrici\u00f3n completa y equilibrada. \u00a1Obt\u00e9n mejores resultados en tu cultivo!\",\"breadcrumb\":{\"@id\":\"https:\\\/\\\/atami.com\\\/es\\\/producto\\\/ata-awa-max-ab#breadcrumb\"},\"inLanguage\":\"es\",\"potentialAction\":[{\"@type\":\"ReadAction\",\"target\":[\"https:\\\/\\\/atami.com\\\/es\\\/producto\\\/ata-awa-max-ab\"]}]},{\"@type\":\"ImageObject\",\"inLanguage\":\"es\",\"@id\":\"https:\\\/\\\/atami.com\\\/es\\\/producto\\\/ata-awa-max-ab#primaryimage\",\"url\":\"https:\\\/\\\/atami.com\\\/wp-content\\\/uploads\\\/2023\\\/02\\\/ATA-Awa-Max-Main-Image.webp\",\"contentUrl\":\"https:\\\/\\\/atami.com\\\/wp-content\\\/uploads\\\/2023\\\/02\\\/ATA-Awa-Max-Main-Image.webp\",\"width\":1080,\"height\":1080,\"caption\":\"ATA Awa Max A&B proporciona nutrientes NPK esenciales con propiedades reguladoras del pH, promoviendo una floraci\u00f3n \u00f3ptima en sistemas hidrop\u00f3nicos.\"},{\"@type\":\"BreadcrumbList\",\"@id\":\"https:\\\/\\\/atami.com\\\/es\\\/producto\\\/ata-awa-max-ab#breadcrumb\",\"itemListElement\":[{\"@type\":\"ListItem\",\"position\":1,\"name\":\"Home\",\"item\":\"https:\\\/\\\/atami.com\\\/es\"},{\"@type\":\"ListItem\",\"position\":2,\"name\":\"Productos\",\"item\":\"https:\\\/\\\/atami.com\\\/es\\\/shop\"},{\"@type\":\"ListItem\",\"position\":3,\"name\":\"Marcas\",\"item\":\"https:\\\/\\\/atami.com\\\/es\\\/categoria-producto\\\/marcas\"},{\"@type\":\"ListItem\",\"position\":4,\"name\":\"ATA\",\"item\":\"https:\\\/\\\/atami.com\\\/es\\\/categoria-producto\\\/marcas\\\/ata\"},{\"@type\":\"ListItem\",\"position\":5,\"name\":\"ATA Awa Max A&#038;B\"}]},{\"@type\":\"WebSite\",\"@id\":\"https:\\\/\\\/atami.com\\\/es#website\",\"url\":\"https:\\\/\\\/atami.com\\\/es\",\"name\":\"Atami\",\"description\":\"NATURALLY INNOVATING!\",\"publisher\":{\"@id\":\"https:\\\/\\\/atami.com\\\/es#organization\"},\"potentialAction\":[{\"@type\":\"SearchAction\",\"target\":{\"@type\":\"EntryPoint\",\"urlTemplate\":\"https:\\\/\\\/atami.com\\\/es?s={search_term_string}\"},\"query-input\":{\"@type\":\"PropertyValueSpecification\",\"valueRequired\":true,\"valueName\":\"search_term_string\"}}],\"inLanguage\":\"es\"},{\"@type\":\"Organization\",\"@id\":\"https:\\\/\\\/atami.com\\\/es#organization\",\"name\":\"Atami\",\"url\":\"https:\\\/\\\/atami.com\\\/es\",\"logo\":{\"@type\":\"ImageObject\",\"inLanguage\":\"es\",\"@id\":\"https:\\\/\\\/atami.com\\\/es#\\\/schema\\\/logo\\\/image\\\/\",\"url\":\"https:\\\/\\\/atami.com\\\/wp-content\\\/uploads\\\/2026\\\/01\\\/Atami-logo-696x696px.webp\",\"contentUrl\":\"https:\\\/\\\/atami.com\\\/wp-content\\\/uploads\\\/2026\\\/01\\\/Atami-logo-696x696px.webp\",\"width\":696,\"height\":696,\"caption\":\"Atami\"},\"image\":{\"@id\":\"https:\\\/\\\/atami.com\\\/es#\\\/schema\\\/logo\\\/image\\\/\"},\"sameAs\":[\"https:\\\/\\\/www.facebook.com\\\/Atami.International\",\"https:\\\/\\\/x.com\\\/AtamiEU\",\"https:\\\/\\\/www.youtube.com\\\/c\\\/AtamiInternational\",\"https:\\\/\\\/www.instagram.com\\\/atami.international\\\/\"],\"description\":\"ATAMI is a premium plant nutrition & substrate brand founded in 1997 with the mission to make exceptional cultivation achievable for everyone. From legacy to license, we offer a wide variety of innovating award-winning products to let cultivators achieve maximum results in taste & yield.\",\"email\":\"info@mginnovations.es\",\"legalName\":\"Atami\",\"numberOfEmployees\":{\"@type\":\"QuantitativeValue\",\"minValue\":\"11\",\"maxValue\":\"50\"}}]}<\/script>\n<!-- \/ Yoast SEO Premium plugin. -->","yoast_head_json":{"title":"ATA AWA Max AB \u2013 Nutriente esencial para un crecimiento saludable y fuerte","description":"Mejora el crecimiento y desarrollo de tus plantas con ATA AWA Max AB. Un abono l\u00edquido perfecto para asegurar una nutrici\u00f3n completa y equilibrada. \u00a1Obt\u00e9n mejores resultados en tu cultivo!","robots":{"index":"index","follow":"follow","max-snippet":"max-snippet:-1","max-image-preview":"max-image-preview:large","max-video-preview":"max-video-preview:-1"},"canonical":"https:\/\/atami.com\/es\/producto\/ata-awa-max-ab","og_locale":"es_ES","og_type":"article","og_title":"ATA Awa Max A&B","og_description":"Mejora el crecimiento y desarrollo de tus plantas con ATA AWA Max AB. Un abono l\u00edquido perfecto para asegurar una nutrici\u00f3n completa y equilibrada. \u00a1Obt\u00e9n mejores resultados en tu cultivo!","og_url":"https:\/\/atami.com\/es\/producto\/ata-awa-max-ab","og_site_name":"Atami","article_publisher":"https:\/\/www.facebook.com\/Atami.International","article_modified_time":"2025-11-07T15:54:23+00:00","og_image":[{"width":1080,"height":1080,"url":"https:\/\/atami.com\/wp-content\/uploads\/2023\/02\/ATA-Awa-Max-Main-Image.webp","type":"image\/webp"}],"twitter_card":"summary_large_image","twitter_site":"@AtamiEU","twitter_misc":{"Tiempo de lectura":"2 minutos"},"schema":{"@context":"https:\/\/schema.org","@graph":[{"@type":"WebPage","@id":"https:\/\/atami.com\/es\/producto\/ata-awa-max-ab","url":"https:\/\/atami.com\/es\/producto\/ata-awa-max-ab","name":"ATA AWA Max AB \u2013 Nutriente esencial para un crecimiento saludable y fuerte","isPartOf":{"@id":"https:\/\/atami.com\/es#website"},"primaryImageOfPage":{"@id":"https:\/\/atami.com\/es\/producto\/ata-awa-max-ab#primaryimage"},"image":{"@id":"https:\/\/atami.com\/es\/producto\/ata-awa-max-ab#primaryimage"},"thumbnailUrl":"https:\/\/atami.com\/wp-content\/uploads\/2023\/02\/ATA-Awa-Max-Main-Image.webp","datePublished":"2023-02-08T10:42:06+00:00","dateModified":"2025-11-07T15:54:23+00:00","description":"Mejora el crecimiento y desarrollo de tus plantas con ATA AWA Max AB. Un abono l\u00edquido perfecto para asegurar una nutrici\u00f3n completa y equilibrada. \u00a1Obt\u00e9n mejores resultados en tu cultivo!","breadcrumb":{"@id":"https:\/\/atami.com\/es\/producto\/ata-awa-max-ab#breadcrumb"},"inLanguage":"es","potentialAction":[{"@type":"ReadAction","target":["https:\/\/atami.com\/es\/producto\/ata-awa-max-ab"]}]},{"@type":"ImageObject","inLanguage":"es","@id":"https:\/\/atami.com\/es\/producto\/ata-awa-max-ab#primaryimage","url":"https:\/\/atami.com\/wp-content\/uploads\/2023\/02\/ATA-Awa-Max-Main-Image.webp","contentUrl":"https:\/\/atami.com\/wp-content\/uploads\/2023\/02\/ATA-Awa-Max-Main-Image.webp","width":1080,"height":1080,"caption":"ATA Awa Max A&B proporciona nutrientes NPK esenciales con propiedades reguladoras del pH, promoviendo una floraci\u00f3n \u00f3ptima en sistemas hidrop\u00f3nicos."},{"@type":"BreadcrumbList","@id":"https:\/\/atami.com\/es\/producto\/ata-awa-max-ab#breadcrumb","itemListElement":[{"@type":"ListItem","position":1,"name":"Home","item":"https:\/\/atami.com\/es"},{"@type":"ListItem","position":2,"name":"Productos","item":"https:\/\/atami.com\/es\/shop"},{"@type":"ListItem","position":3,"name":"Marcas","item":"https:\/\/atami.com\/es\/categoria-producto\/marcas"},{"@type":"ListItem","position":4,"name":"ATA","item":"https:\/\/atami.com\/es\/categoria-producto\/marcas\/ata"},{"@type":"ListItem","position":5,"name":"ATA Awa Max A&#038;B"}]},{"@type":"WebSite","@id":"https:\/\/atami.com\/es#website","url":"https:\/\/atami.com\/es","name":"Atami","description":"NATURALLY INNOVATING!","publisher":{"@id":"https:\/\/atami.com\/es#organization"},"potentialAction":[{"@type":"SearchAction","target":{"@type":"EntryPoint","urlTemplate":"https:\/\/atami.com\/es?s={search_term_string}"},"query-input":{"@type":"PropertyValueSpecification","valueRequired":true,"valueName":"search_term_string"}}],"inLanguage":"es"},{"@type":"Organization","@id":"https:\/\/atami.com\/es#organization","name":"Atami","url":"https:\/\/atami.com\/es","logo":{"@type":"ImageObject","inLanguage":"es","@id":"https:\/\/atami.com\/es#\/schema\/logo\/image\/","url":"https:\/\/atami.com\/wp-content\/uploads\/2026\/01\/Atami-logo-696x696px.webp","contentUrl":"https:\/\/atami.com\/wp-content\/uploads\/2026\/01\/Atami-logo-696x696px.webp","width":696,"height":696,"caption":"Atami"},"image":{"@id":"https:\/\/atami.com\/es#\/schema\/logo\/image\/"},"sameAs":["https:\/\/www.facebook.com\/Atami.International","https:\/\/x.com\/AtamiEU","https:\/\/www.youtube.com\/c\/AtamiInternational","https:\/\/www.instagram.com\/atami.international\/"],"description":"ATAMI is a premium plant nutrition & substrate brand founded in 1997 with the mission to make exceptional cultivation achievable for everyone. From legacy to license, we offer a wide variety of innovating award-winning products to let cultivators achieve maximum results in taste & yield.","email":"info@mginnovations.es","legalName":"Atami","numberOfEmployees":{"@type":"QuantitativeValue","minValue":"11","maxValue":"50"}}]}},"_links":{"self":[{"href":"https:\/\/atami.com\/es\/wp-json\/wp\/v2\/product\/22028","targetHints":{"allow":["GET"]}}],"collection":[{"href":"https:\/\/atami.com\/es\/wp-json\/wp\/v2\/product"}],"about":[{"href":"https:\/\/atami.com\/es\/wp-json\/wp\/v2\/types\/product"}],"replies":[{"embeddable":true,"href":"https:\/\/atami.com\/es\/wp-json\/wp\/v2\/comments?post=22028"}],"wp:featuredmedia":[{"embeddable":true,"href":"https:\/\/atami.com\/es\/wp-json\/wp\/v2\/media\/23746"}],"wp:attachment":[{"href":"https:\/\/atami.com\/es\/wp-json\/wp\/v2\/media?parent=22028"}],"wp:term":[{"taxonomy":"product_brand","embeddable":true,"href":"https:\/\/atami.com\/es\/wp-json\/wp\/v2\/product_brand?post=22028"},{"taxonomy":"product_cat","embeddable":true,"href":"https:\/\/atami.com\/es\/wp-json\/wp\/v2\/product_cat?post=22028"},{"taxonomy":"product_tag","embeddable":true,"href":"https:\/\/atami.com\/es\/wp-json\/wp\/v2\/product_tag?post=22028"}],"curies":[{"name":"wp","href":"https:\/\/api.w.org\/{rel}","templated":true}]}}