{"id":22026,"date":"2023-02-08T10:14:38","date_gmt":"2023-02-08T10:14:38","guid":{"rendered":"https:\/\/atami.com\/product\/ata-awa-leaves-ab\/"},"modified":"2025-11-07T17:54:03","modified_gmt":"2025-11-07T15:54:03","slug":"ata-awa-leaves-ab","status":"publish","type":"product","link":"https:\/\/atami.com\/es\/producto\/ata-awa-leaves-ab","title":{"rendered":"ATA Awa Leaves A&#038;B"},"content":{"rendered":"<p><strong>ATA Awa Leaves A&amp;B es un nutriente b\u00e1sico universal que suministra a la planta los nutrientes NPK primarios que se necesitan durante el ciclo de crecimiento de la planta. Esta soluci\u00f3n nutritiva b\u00e1sica universal se puede complementar con una serie de micronutrientes, si se desea.<\/strong><\/p>\n<p>&nbsp;<\/p>\n<p>El nutriente b\u00e1sico ATA Awa Leaves se utiliza durante el ciclo de crecimiento de la planta y est\u00e1 desarrollado para el cultivo en sistemas hidro. Este nutriente tiene la capacidad de regular el pH, lo que significa que los valores de pH apenas necesitan ajustes, favoreciendo as\u00ed un crecimiento m\u00e1s r\u00e1pido y eficiente de la planta. La f\u00f3rmula compleja de ATA Awa Leaves A&amp;B garantiza una soluci\u00f3n nutritiva \u00f3ptima durante todo el per\u00edodo de crecimiento.<\/p>\n<p>&nbsp;<\/p>\n<p><strong>ESPECIALMENTE APTO PARA<\/strong><br \/>\nATA Awa Leaves A&amp;B es un nutriente universal, apto para diferentes tipos de frutas, verduras y hierbas, como lechuga, tomates y salvia, y plantas ornamentales. Tambi\u00e9n se puede utilizar para plantas de interior y en macetas (por ejemplo, ficus, dracaena, etc.). La dosis requerida se puede medir para satisfacer las necesidades de las plantas o de los cultivos.<\/p>\n<p>&nbsp;<\/p>\n<p><strong>USO<\/strong><br \/>\nATA Awa Leaves A y B vienen en dos botellas separadas. Estos dos nutrientes b\u00e1sicos solo se pueden combinar en una soluci\u00f3n diluida. Al reutilizar el agua nutritiva, la planta usa el mismo nutriente varias veces.<\/p>\n<p>&nbsp;<\/p>\n<p><strong>DOSIS<\/strong><br \/>\n1 \u2013 4 ml A y 1 \u2013 4 ml B por litro de agua.<\/p>\n<p>&nbsp;<\/p>\n<p><strong>ATA LEAVES A: NK 5-3 W\/W<\/strong><br \/>\n<strong>ATA LEAVES B: PK 3-3 W\/W<\/strong><\/p>\n<p>&nbsp;<\/p>\n<p><strong>DISPONIBLE EN 250ML, 1L, 5L Y 10L.<\/strong><\/p>\n","protected":false},"excerpt":{"rendered":"<p>Fase de crecimiento<\/p>\n<p>Hidropon\u00eda<\/p>\n","protected":false},"featured_media":23731,"comment_status":"closed","ping_status":"closed","template":"","meta":{"_acf_changed":false,"iawp_total_views":71},"product_brand":[],"product_cat":[220,221],"product_tag":[],"class_list":{"0":"post-22026","1":"product","2":"type-product","3":"status-publish","4":"has-post-thumbnail","6":"product_cat-ata","7":"product_cat-nutrientes-basicos","9":"first","10":"instock","11":"shipping-taxable","12":"product-type-simple"},"acf":{"short_description":"<p><strong>ATA Awa Leaves A&amp;B es un nutriente b\u00e1sico universal que suministra a la planta los nutrientes NPK primarios que se necesitan durante el ciclo de crecimiento de la planta. Esta soluci\u00f3n nutritiva b\u00e1sica universal se puede complementar con una serie de micronutrientes, si se desea.<\/strong><\/p><p>&nbsp;<\/p><p>El nutriente b\u00e1sico ATA Awa Leaves se utiliza durante el ciclo de crecimiento de la planta y est\u00e1 desarrollado para el cultivo en sistemas hidro. Este nutriente tiene la capacidad de regular el pH, lo que significa que los valores de pH apenas necesitan ajustes, favoreciendo as\u00ed un crecimiento m\u00e1s r\u00e1pido y eficiente de la planta. La f\u00f3rmula compleja de ATA Awa Leaves A&amp;B garantiza una soluci\u00f3n nutritiva \u00f3ptima durante todo el per\u00edodo de crecimiento.<\/p>","suitable_for":"<p>ATA Awa Leaves A&amp;B es un nutriente universal, apto para diferentes tipos de frutas, verduras y hierbas, como lechuga, tomates y salvia, y plantas ornamentales. Tambi\u00e9n se puede utilizar para plantas de interior y en macetas (por ejemplo, ficus, dracaena, etc.). La dosis requerida se puede medir para satisfacer las necesidades de las plantas o de los cultivos.<\/p>","application":"<p>ATA Awa Leaves A y B vienen en dos botellas separadas. Estos dos nutrientes b\u00e1sicos solo se pueden combinar en una soluci\u00f3n diluida. Al reutilizar el agua nutritiva, la planta usa el mismo nutriente varias veces.<\/p>","dosage":"<p>1 \u2013 4 ml A y 1 \u2013 4 ml B por litro de agua.<\/p>","npk_ratio":"<p>ATA LEAVES A: NK 5-3 W\/W<br \/>ATA LEAVES B: PK 3-3 W\/W<\/p>","available_in":"<p>250ML, 1L, 5L Y 10L<\/p>","icon_1":1530,"icon_1_text":"ESTIMULA LA PRODUCCI\u00d3N DE CLOROFILA","icon_2":1534,"icon_2_text":"GARANTIZA UN CRECIMIENTO \u00d3PTIMO","icon_3":1538,"icon_3_text":"APTO PARA TODOS LOS SISTEMAS DE RIEGO","icon_4":"","icon_4_text":"","video":"https:\/\/youtu.be\/pB1_Ls2_uFA","second_image":1522,"product_image_page":4037,"user_manual":"","new_icon_1":"","new_icon_2":"","new_icon_3":"","new_icon_4":"","grow_guides":"","category":"Nutriente base"},"yoast_head":"<!-- This site is optimized with the Yoast SEO Premium plugin v27.5 (Yoast SEO v27.5) - https:\/\/yoast.com\/product\/yoast-seo-premium-wordpress\/ -->\n<title>ATA AWA Leaves A&amp;B | Nutrici\u00f3n Hidrop\u00f3nica para Fase Vegetativa<\/title>\n<meta name=\"description\" content=\"ATA Awa Leaves A&amp;B es la soluci\u00f3n ideal para un crecimiento saludable en cultivos hidrop\u00f3nicos. Asegura un desarrollo fuerte de las hojas y una regulaci\u00f3n eficiente del pH para todas las plantas, desde hortalizas hasta plantas ornamentales.\" \/>\n<meta name=\"robots\" content=\"index, follow, max-snippet:-1, max-image-preview:large, max-video-preview:-1\" \/>\n<link rel=\"canonical\" href=\"https:\/\/atami.com\/es\/producto\/ata-awa-leaves-ab\" \/>\n<meta property=\"og:locale\" content=\"es_ES\" \/>\n<meta property=\"og:type\" content=\"article\" \/>\n<meta property=\"og:title\" content=\"ATA Awa Leaves A&amp;B\" \/>\n<meta property=\"og:description\" content=\"ATA Awa Leaves A&amp;B es la soluci\u00f3n ideal para un crecimiento saludable en cultivos hidrop\u00f3nicos. Asegura un desarrollo fuerte de las hojas y una regulaci\u00f3n eficiente del pH para todas las plantas, desde hortalizas hasta plantas ornamentales.\" \/>\n<meta property=\"og:url\" content=\"https:\/\/atami.com\/es\/producto\/ata-awa-leaves-ab\" \/>\n<meta property=\"og:site_name\" content=\"Atami\" \/>\n<meta property=\"article:publisher\" content=\"https:\/\/www.facebook.com\/Atami.International\" \/>\n<meta property=\"article:modified_time\" content=\"2025-11-07T15:54:03+00:00\" \/>\n<meta property=\"og:image\" content=\"https:\/\/atami.com\/wp-content\/uploads\/2023\/02\/ATA-Awa-Leaves-Main-Image.webp\" \/>\n\t<meta property=\"og:image:width\" content=\"1080\" \/>\n\t<meta property=\"og:image:height\" content=\"1080\" \/>\n\t<meta property=\"og:image:type\" content=\"image\/webp\" \/>\n<meta name=\"twitter:card\" content=\"summary_large_image\" \/>\n<meta name=\"twitter:site\" content=\"@AtamiEU\" \/>\n<meta name=\"twitter:label1\" content=\"Tiempo de lectura\" \/>\n\t<meta name=\"twitter:data1\" content=\"2 minutos\" \/>\n<script type=\"application\/ld+json\" class=\"yoast-schema-graph\">{\"@context\":\"https:\\\/\\\/schema.org\",\"@graph\":[{\"@type\":\"WebPage\",\"@id\":\"https:\\\/\\\/atami.com\\\/es\\\/producto\\\/ata-awa-leaves-ab\",\"url\":\"https:\\\/\\\/atami.com\\\/es\\\/producto\\\/ata-awa-leaves-ab\",\"name\":\"ATA AWA Leaves A&B | Nutrici\u00f3n Hidrop\u00f3nica para Fase Vegetativa\",\"isPartOf\":{\"@id\":\"https:\\\/\\\/atami.com\\\/es#website\"},\"primaryImageOfPage\":{\"@id\":\"https:\\\/\\\/atami.com\\\/es\\\/producto\\\/ata-awa-leaves-ab#primaryimage\"},\"image\":{\"@id\":\"https:\\\/\\\/atami.com\\\/es\\\/producto\\\/ata-awa-leaves-ab#primaryimage\"},\"thumbnailUrl\":\"https:\\\/\\\/atami.com\\\/wp-content\\\/uploads\\\/2023\\\/02\\\/ATA-Awa-Leaves-Main-Image.webp\",\"datePublished\":\"2023-02-08T10:14:38+00:00\",\"dateModified\":\"2025-11-07T15:54:03+00:00\",\"description\":\"ATA Awa Leaves A&B es la soluci\u00f3n ideal para un crecimiento saludable en cultivos hidrop\u00f3nicos. Asegura un desarrollo fuerte de las hojas y una regulaci\u00f3n eficiente del pH para todas las plantas, desde hortalizas hasta plantas ornamentales.\",\"breadcrumb\":{\"@id\":\"https:\\\/\\\/atami.com\\\/es\\\/producto\\\/ata-awa-leaves-ab#breadcrumb\"},\"inLanguage\":\"es\",\"potentialAction\":[{\"@type\":\"ReadAction\",\"target\":[\"https:\\\/\\\/atami.com\\\/es\\\/producto\\\/ata-awa-leaves-ab\"]}]},{\"@type\":\"ImageObject\",\"inLanguage\":\"es\",\"@id\":\"https:\\\/\\\/atami.com\\\/es\\\/producto\\\/ata-awa-leaves-ab#primaryimage\",\"url\":\"https:\\\/\\\/atami.com\\\/wp-content\\\/uploads\\\/2023\\\/02\\\/ATA-Awa-Leaves-Main-Image.webp\",\"contentUrl\":\"https:\\\/\\\/atami.com\\\/wp-content\\\/uploads\\\/2023\\\/02\\\/ATA-Awa-Leaves-Main-Image.webp\",\"width\":1080,\"height\":1080,\"caption\":\"ATA Awa Leaves A&B proporciona nutrientes NPK esenciales con propiedades reguladoras del pH, promoviendo un crecimiento \u00f3ptimo de las plantas en sistemas hidrop\u00f3nicos.\"},{\"@type\":\"BreadcrumbList\",\"@id\":\"https:\\\/\\\/atami.com\\\/es\\\/producto\\\/ata-awa-leaves-ab#breadcrumb\",\"itemListElement\":[{\"@type\":\"ListItem\",\"position\":1,\"name\":\"Home\",\"item\":\"https:\\\/\\\/atami.com\\\/es\"},{\"@type\":\"ListItem\",\"position\":2,\"name\":\"Productos\",\"item\":\"https:\\\/\\\/atami.com\\\/es\\\/shop\"},{\"@type\":\"ListItem\",\"position\":3,\"name\":\"Marcas\",\"item\":\"https:\\\/\\\/atami.com\\\/es\\\/categoria-producto\\\/marcas\"},{\"@type\":\"ListItem\",\"position\":4,\"name\":\"ATA\",\"item\":\"https:\\\/\\\/atami.com\\\/es\\\/categoria-producto\\\/marcas\\\/ata\"},{\"@type\":\"ListItem\",\"position\":5,\"name\":\"ATA Awa Leaves A&#038;B\"}]},{\"@type\":\"WebSite\",\"@id\":\"https:\\\/\\\/atami.com\\\/es#website\",\"url\":\"https:\\\/\\\/atami.com\\\/es\",\"name\":\"Atami\",\"description\":\"NATURALLY INNOVATING!\",\"publisher\":{\"@id\":\"https:\\\/\\\/atami.com\\\/es#organization\"},\"potentialAction\":[{\"@type\":\"SearchAction\",\"target\":{\"@type\":\"EntryPoint\",\"urlTemplate\":\"https:\\\/\\\/atami.com\\\/es?s={search_term_string}\"},\"query-input\":{\"@type\":\"PropertyValueSpecification\",\"valueRequired\":true,\"valueName\":\"search_term_string\"}}],\"inLanguage\":\"es\"},{\"@type\":\"Organization\",\"@id\":\"https:\\\/\\\/atami.com\\\/es#organization\",\"name\":\"Atami\",\"url\":\"https:\\\/\\\/atami.com\\\/es\",\"logo\":{\"@type\":\"ImageObject\",\"inLanguage\":\"es\",\"@id\":\"https:\\\/\\\/atami.com\\\/es#\\\/schema\\\/logo\\\/image\\\/\",\"url\":\"https:\\\/\\\/atami.com\\\/wp-content\\\/uploads\\\/2026\\\/01\\\/Atami-logo-696x696px.webp\",\"contentUrl\":\"https:\\\/\\\/atami.com\\\/wp-content\\\/uploads\\\/2026\\\/01\\\/Atami-logo-696x696px.webp\",\"width\":696,\"height\":696,\"caption\":\"Atami\"},\"image\":{\"@id\":\"https:\\\/\\\/atami.com\\\/es#\\\/schema\\\/logo\\\/image\\\/\"},\"sameAs\":[\"https:\\\/\\\/www.facebook.com\\\/Atami.International\",\"https:\\\/\\\/x.com\\\/AtamiEU\",\"https:\\\/\\\/www.youtube.com\\\/c\\\/AtamiInternational\",\"https:\\\/\\\/www.instagram.com\\\/atami.international\\\/\"],\"description\":\"ATAMI is a premium plant nutrition & substrate brand founded in 1997 with the mission to make exceptional cultivation achievable for everyone. From legacy to license, we offer a wide variety of innovating award-winning products to let cultivators achieve maximum results in taste & yield.\",\"email\":\"info@mginnovations.es\",\"legalName\":\"Atami\",\"numberOfEmployees\":{\"@type\":\"QuantitativeValue\",\"minValue\":\"11\",\"maxValue\":\"50\"}}]}<\/script>\n<!-- \/ Yoast SEO Premium plugin. -->","yoast_head_json":{"title":"ATA AWA Leaves A&B | Nutrici\u00f3n Hidrop\u00f3nica para Fase Vegetativa","description":"ATA Awa Leaves A&B es la soluci\u00f3n ideal para un crecimiento saludable en cultivos hidrop\u00f3nicos. Asegura un desarrollo fuerte de las hojas y una regulaci\u00f3n eficiente del pH para todas las plantas, desde hortalizas hasta plantas ornamentales.","robots":{"index":"index","follow":"follow","max-snippet":"max-snippet:-1","max-image-preview":"max-image-preview:large","max-video-preview":"max-video-preview:-1"},"canonical":"https:\/\/atami.com\/es\/producto\/ata-awa-leaves-ab","og_locale":"es_ES","og_type":"article","og_title":"ATA Awa Leaves A&B","og_description":"ATA Awa Leaves A&B es la soluci\u00f3n ideal para un crecimiento saludable en cultivos hidrop\u00f3nicos. Asegura un desarrollo fuerte de las hojas y una regulaci\u00f3n eficiente del pH para todas las plantas, desde hortalizas hasta plantas ornamentales.","og_url":"https:\/\/atami.com\/es\/producto\/ata-awa-leaves-ab","og_site_name":"Atami","article_publisher":"https:\/\/www.facebook.com\/Atami.International","article_modified_time":"2025-11-07T15:54:03+00:00","og_image":[{"width":1080,"height":1080,"url":"https:\/\/atami.com\/wp-content\/uploads\/2023\/02\/ATA-Awa-Leaves-Main-Image.webp","type":"image\/webp"}],"twitter_card":"summary_large_image","twitter_site":"@AtamiEU","twitter_misc":{"Tiempo de lectura":"2 minutos"},"schema":{"@context":"https:\/\/schema.org","@graph":[{"@type":"WebPage","@id":"https:\/\/atami.com\/es\/producto\/ata-awa-leaves-ab","url":"https:\/\/atami.com\/es\/producto\/ata-awa-leaves-ab","name":"ATA AWA Leaves A&B | Nutrici\u00f3n Hidrop\u00f3nica para Fase Vegetativa","isPartOf":{"@id":"https:\/\/atami.com\/es#website"},"primaryImageOfPage":{"@id":"https:\/\/atami.com\/es\/producto\/ata-awa-leaves-ab#primaryimage"},"image":{"@id":"https:\/\/atami.com\/es\/producto\/ata-awa-leaves-ab#primaryimage"},"thumbnailUrl":"https:\/\/atami.com\/wp-content\/uploads\/2023\/02\/ATA-Awa-Leaves-Main-Image.webp","datePublished":"2023-02-08T10:14:38+00:00","dateModified":"2025-11-07T15:54:03+00:00","description":"ATA Awa Leaves A&B es la soluci\u00f3n ideal para un crecimiento saludable en cultivos hidrop\u00f3nicos. Asegura un desarrollo fuerte de las hojas y una regulaci\u00f3n eficiente del pH para todas las plantas, desde hortalizas hasta plantas ornamentales.","breadcrumb":{"@id":"https:\/\/atami.com\/es\/producto\/ata-awa-leaves-ab#breadcrumb"},"inLanguage":"es","potentialAction":[{"@type":"ReadAction","target":["https:\/\/atami.com\/es\/producto\/ata-awa-leaves-ab"]}]},{"@type":"ImageObject","inLanguage":"es","@id":"https:\/\/atami.com\/es\/producto\/ata-awa-leaves-ab#primaryimage","url":"https:\/\/atami.com\/wp-content\/uploads\/2023\/02\/ATA-Awa-Leaves-Main-Image.webp","contentUrl":"https:\/\/atami.com\/wp-content\/uploads\/2023\/02\/ATA-Awa-Leaves-Main-Image.webp","width":1080,"height":1080,"caption":"ATA Awa Leaves A&B proporciona nutrientes NPK esenciales con propiedades reguladoras del pH, promoviendo un crecimiento \u00f3ptimo de las plantas en sistemas hidrop\u00f3nicos."},{"@type":"BreadcrumbList","@id":"https:\/\/atami.com\/es\/producto\/ata-awa-leaves-ab#breadcrumb","itemListElement":[{"@type":"ListItem","position":1,"name":"Home","item":"https:\/\/atami.com\/es"},{"@type":"ListItem","position":2,"name":"Productos","item":"https:\/\/atami.com\/es\/shop"},{"@type":"ListItem","position":3,"name":"Marcas","item":"https:\/\/atami.com\/es\/categoria-producto\/marcas"},{"@type":"ListItem","position":4,"name":"ATA","item":"https:\/\/atami.com\/es\/categoria-producto\/marcas\/ata"},{"@type":"ListItem","position":5,"name":"ATA Awa Leaves A&#038;B"}]},{"@type":"WebSite","@id":"https:\/\/atami.com\/es#website","url":"https:\/\/atami.com\/es","name":"Atami","description":"NATURALLY INNOVATING!","publisher":{"@id":"https:\/\/atami.com\/es#organization"},"potentialAction":[{"@type":"SearchAction","target":{"@type":"EntryPoint","urlTemplate":"https:\/\/atami.com\/es?s={search_term_string}"},"query-input":{"@type":"PropertyValueSpecification","valueRequired":true,"valueName":"search_term_string"}}],"inLanguage":"es"},{"@type":"Organization","@id":"https:\/\/atami.com\/es#organization","name":"Atami","url":"https:\/\/atami.com\/es","logo":{"@type":"ImageObject","inLanguage":"es","@id":"https:\/\/atami.com\/es#\/schema\/logo\/image\/","url":"https:\/\/atami.com\/wp-content\/uploads\/2026\/01\/Atami-logo-696x696px.webp","contentUrl":"https:\/\/atami.com\/wp-content\/uploads\/2026\/01\/Atami-logo-696x696px.webp","width":696,"height":696,"caption":"Atami"},"image":{"@id":"https:\/\/atami.com\/es#\/schema\/logo\/image\/"},"sameAs":["https:\/\/www.facebook.com\/Atami.International","https:\/\/x.com\/AtamiEU","https:\/\/www.youtube.com\/c\/AtamiInternational","https:\/\/www.instagram.com\/atami.international\/"],"description":"ATAMI is a premium plant nutrition & substrate brand founded in 1997 with the mission to make exceptional cultivation achievable for everyone. From legacy to license, we offer a wide variety of innovating award-winning products to let cultivators achieve maximum results in taste & yield.","email":"info@mginnovations.es","legalName":"Atami","numberOfEmployees":{"@type":"QuantitativeValue","minValue":"11","maxValue":"50"}}]}},"_links":{"self":[{"href":"https:\/\/atami.com\/es\/wp-json\/wp\/v2\/product\/22026","targetHints":{"allow":["GET"]}}],"collection":[{"href":"https:\/\/atami.com\/es\/wp-json\/wp\/v2\/product"}],"about":[{"href":"https:\/\/atami.com\/es\/wp-json\/wp\/v2\/types\/product"}],"replies":[{"embeddable":true,"href":"https:\/\/atami.com\/es\/wp-json\/wp\/v2\/comments?post=22026"}],"wp:featuredmedia":[{"embeddable":true,"href":"https:\/\/atami.com\/es\/wp-json\/wp\/v2\/media\/23731"}],"wp:attachment":[{"href":"https:\/\/atami.com\/es\/wp-json\/wp\/v2\/media?parent=22026"}],"wp:term":[{"taxonomy":"product_brand","embeddable":true,"href":"https:\/\/atami.com\/es\/wp-json\/wp\/v2\/product_brand?post=22026"},{"taxonomy":"product_cat","embeddable":true,"href":"https:\/\/atami.com\/es\/wp-json\/wp\/v2\/product_cat?post=22026"},{"taxonomy":"product_tag","embeddable":true,"href":"https:\/\/atami.com\/es\/wp-json\/wp\/v2\/product_tag?post=22026"}],"curies":[{"name":"wp","href":"https:\/\/api.w.org\/{rel}","templated":true}]}}