{"id":22023,"date":"2023-02-08T08:00:20","date_gmt":"2023-02-08T08:00:20","guid":{"rendered":"https:\/\/atami.com\/product\/ata-terra-max\/"},"modified":"2025-11-07T17:53:26","modified_gmt":"2025-11-07T15:53:26","slug":"ata-terra-max","status":"publish","type":"product","link":"https:\/\/atami.com\/es\/producto\/ata-terra-max","title":{"rendered":"ATA Terra Max"},"content":{"rendered":"<p><strong>ATA Terra Max es una soluci\u00f3n nutritiva b\u00e1sica universal para plantas que se utiliza durante el ciclo de floraci\u00f3n y est\u00e1 desarrollada espec\u00edficamente para el cultivo en tierra. Debido a que este sustrato es naturalmente rico en calcio y otros nutrientes, ATA Terra Max tiene un contenido bajo en calcio y los valores de NPK se han mantenido relativamente bajos para evitar la sobrefertilizaci\u00f3n.<\/strong><\/p>\n<p>&nbsp;<\/p>\n<p>ATA Terra Max es una nutrici\u00f3n de floraci\u00f3n completa que tiene un efecto positivo en la predisposici\u00f3n de tu planta a florecer. Esto permitir\u00e1 la obtenci\u00f3n de flores preciosas y compactas que aumentar\u00e1n significativamente de tama\u00f1o.<\/p>\n<p>&nbsp;<\/p>\n<p><strong>ESPECIALMENTE APTO PARA<\/strong><br \/>\nATA Terra Max es un nutriente universal adecuado para muchos tipos diferentes de frutas, verduras, hierbas como coliflor, br\u00f3coli y berenjena y plantas ornamentales. Tambi\u00e9n se puede utilizar para plantas ornamentales con flores (por ejemplo, rosas, flores de brezo). La dosis requerida se puede medir para satisfacer las necesidades de las plantas individuales o de los cultivos.<\/p>\n<p>&nbsp;<\/p>\n<p><strong>USO<\/strong><br \/>\nPuede usarse diariamente durante toda la fase de floraci\u00f3n. ATA Terra Max es directamente soluble en agua y f\u00e1cilmente absorbible por las plantas, permitiendo que los resultados se noten r\u00e1pidamente.<\/p>\n<p>&nbsp;<\/p>\n<p><strong>DOSIS<\/strong><br \/>\n1 \u2013 5 ml por litro de agua. Apto para todos los sistemas de riego.<\/p>\n<p>&nbsp;<\/p>\n<p><strong>NPK 2-2-4 W\/W<\/strong><\/p>\n<p>&nbsp;<\/p>\n<p><strong>DISPONIBLE EN 250ML, 1L, 5L Y 10L.<\/strong><\/p>\n","protected":false},"excerpt":{"rendered":"<p>Fase de floraci\u00f3n<\/p>\n","protected":false},"featured_media":23710,"comment_status":"closed","ping_status":"closed","template":"","meta":{"_acf_changed":false,"iawp_total_views":470},"product_brand":[],"product_cat":[220,221],"product_tag":[],"class_list":{"0":"post-22023","1":"product","2":"type-product","3":"status-publish","4":"has-post-thumbnail","6":"product_cat-ata","7":"product_cat-nutrientes-basicos","9":"first","10":"instock","11":"shipping-taxable","12":"product-type-simple"},"acf":{"short_description":"<p><strong>ATA Terra Max es una soluci\u00f3n nutritiva b\u00e1sica universal para plantas que se utiliza durante el ciclo de floraci\u00f3n y est\u00e1 desarrollada espec\u00edficamente para el cultivo en tierra. Debido a que este sustrato es naturalmente rico en calcio y otros nutrientes, ATA Terra Max tiene un contenido bajo en calcio y los valores de NPK se han mantenido relativamente bajos para evitar la sobrefertilizaci\u00f3n.<\/strong><\/p><p>&nbsp;<\/p><p>ATA Terra Max es una nutrici\u00f3n de floraci\u00f3n completa que tiene un efecto positivo en la predisposici\u00f3n de tu planta a florecer. Esto permitir\u00e1 la obtenci\u00f3n de flores preciosas y compactas que aumentar\u00e1n significativamente de tama\u00f1o.<\/p>","suitable_for":"<p>ATA Terra Max es un nutriente universal adecuado para muchos tipos diferentes de frutas, verduras, hierbas como coliflor, br\u00f3coli y berenjena y plantas ornamentales. Tambi\u00e9n se puede utilizar para plantas ornamentales con flores (por ejemplo, rosas, flores de brezo). La dosis requerida se puede medir para satisfacer las necesidades de las plantas individuales o de los cultivos.<\/p>","application":"<p>Puede usarse diariamente durante toda la fase de floraci\u00f3n. ATA Terra Max es directamente soluble en agua y f\u00e1cilmente absorbible por las plantas, permitiendo que los resultados se noten r\u00e1pidamente.<\/p>","dosage":"<p>1 \u2013 5 ml por litro de agua. Apto para todos los sistemas de riego.<\/p>","npk_ratio":"<p>NPK 2-2-4 W\/W<\/p>","available_in":"<p>250ML, 1L, 5L Y 10L<\/p>","icon_1":1494,"icon_1_text":"ESTIMULA LA PRODUCCI\u00d3N DE CLOROFILA","icon_2":1498,"icon_2_text":"NPK RELATIVAMENTE BAJO","icon_3":1502,"icon_3_text":"GARANTIZA UN CRECIMIENTO \u00d3PTIMO","icon_4":"","icon_4_text":"","video":"","second_image":1490,"product_image_page":4033,"user_manual":"","new_icon_1":"","new_icon_2":"","new_icon_3":"","new_icon_4":"","grow_guides":"","category":"Nutriente base"},"yoast_head":"<!-- This site is optimized with the Yoast SEO Premium plugin v27.4 (Yoast SEO v27.4) - https:\/\/yoast.com\/product\/yoast-seo-premium-wordpress\/ -->\n<title>ATA Terra Max | Floraci\u00f3n Potente con Nutrientes de Alta Calidad<\/title>\n<meta name=\"description\" content=\"Descubre ATA Terra Max, el fertilizante ideal para una nutrici\u00f3n completa y equilibrada de tus plantas. Dise\u00f1ado para maximizar el crecimiento y mejorar la salud de las ra\u00edces, garantiza resultados extraordinarios para tus cultivos.\" \/>\n<meta name=\"robots\" content=\"index, follow, max-snippet:-1, max-image-preview:large, max-video-preview:-1\" \/>\n<link rel=\"canonical\" href=\"https:\/\/atami.com\/es\/producto\/ata-terra-max\" \/>\n<meta property=\"og:locale\" content=\"es_ES\" \/>\n<meta property=\"og:type\" content=\"article\" \/>\n<meta property=\"og:title\" content=\"ATA Terra Max\" \/>\n<meta property=\"og:description\" content=\"Descubre ATA Terra Max, el fertilizante ideal para una nutrici\u00f3n completa y equilibrada de tus plantas. Dise\u00f1ado para maximizar el crecimiento y mejorar la salud de las ra\u00edces, garantiza resultados extraordinarios para tus cultivos.\" \/>\n<meta property=\"og:url\" content=\"https:\/\/atami.com\/es\/producto\/ata-terra-max\" \/>\n<meta property=\"og:site_name\" content=\"Atami\" \/>\n<meta property=\"article:publisher\" content=\"https:\/\/www.facebook.com\/Atami.International\" \/>\n<meta property=\"article:modified_time\" content=\"2025-11-07T15:53:26+00:00\" \/>\n<meta property=\"og:image\" content=\"https:\/\/atami.com\/wp-content\/uploads\/2023\/02\/ATA-Terra-Max-Main-Image.webp\" \/>\n\t<meta property=\"og:image:width\" content=\"1080\" \/>\n\t<meta property=\"og:image:height\" content=\"1080\" \/>\n\t<meta property=\"og:image:type\" content=\"image\/webp\" \/>\n<meta name=\"twitter:card\" content=\"summary_large_image\" \/>\n<meta name=\"twitter:site\" content=\"@AtamiEU\" \/>\n<meta name=\"twitter:label1\" content=\"Tiempo de lectura\" \/>\n\t<meta name=\"twitter:data1\" content=\"2 minutos\" \/>\n<script type=\"application\/ld+json\" class=\"yoast-schema-graph\">{\"@context\":\"https:\\\/\\\/schema.org\",\"@graph\":[{\"@type\":\"WebPage\",\"@id\":\"https:\\\/\\\/atami.com\\\/es\\\/producto\\\/ata-terra-max\",\"url\":\"https:\\\/\\\/atami.com\\\/es\\\/producto\\\/ata-terra-max\",\"name\":\"ATA Terra Max | Floraci\u00f3n Potente con Nutrientes de Alta Calidad\",\"isPartOf\":{\"@id\":\"https:\\\/\\\/atami.com\\\/es#website\"},\"primaryImageOfPage\":{\"@id\":\"https:\\\/\\\/atami.com\\\/es\\\/producto\\\/ata-terra-max#primaryimage\"},\"image\":{\"@id\":\"https:\\\/\\\/atami.com\\\/es\\\/producto\\\/ata-terra-max#primaryimage\"},\"thumbnailUrl\":\"https:\\\/\\\/atami.com\\\/wp-content\\\/uploads\\\/2023\\\/02\\\/ATA-Terra-Max-Main-Image.webp\",\"datePublished\":\"2023-02-08T08:00:20+00:00\",\"dateModified\":\"2025-11-07T15:53:26+00:00\",\"description\":\"Descubre ATA Terra Max, el fertilizante ideal para una nutrici\u00f3n completa y equilibrada de tus plantas. Dise\u00f1ado para maximizar el crecimiento y mejorar la salud de las ra\u00edces, garantiza resultados extraordinarios para tus cultivos.\",\"breadcrumb\":{\"@id\":\"https:\\\/\\\/atami.com\\\/es\\\/producto\\\/ata-terra-max#breadcrumb\"},\"inLanguage\":\"es\",\"potentialAction\":[{\"@type\":\"ReadAction\",\"target\":[\"https:\\\/\\\/atami.com\\\/es\\\/producto\\\/ata-terra-max\"]}]},{\"@type\":\"ImageObject\",\"inLanguage\":\"es\",\"@id\":\"https:\\\/\\\/atami.com\\\/es\\\/producto\\\/ata-terra-max#primaryimage\",\"url\":\"https:\\\/\\\/atami.com\\\/wp-content\\\/uploads\\\/2023\\\/02\\\/ATA-Terra-Max-Main-Image.webp\",\"contentUrl\":\"https:\\\/\\\/atami.com\\\/wp-content\\\/uploads\\\/2023\\\/02\\\/ATA-Terra-Max-Main-Image.webp\",\"width\":1080,\"height\":1080,\"caption\":\"ATA Terra Max favorece el desarrollo de flores compactas, aumentando significativamente su tama\u00f1o durante el ciclo de floraci\u00f3n.\"},{\"@type\":\"BreadcrumbList\",\"@id\":\"https:\\\/\\\/atami.com\\\/es\\\/producto\\\/ata-terra-max#breadcrumb\",\"itemListElement\":[{\"@type\":\"ListItem\",\"position\":1,\"name\":\"Home\",\"item\":\"https:\\\/\\\/atami.com\\\/es\"},{\"@type\":\"ListItem\",\"position\":2,\"name\":\"Productos\",\"item\":\"https:\\\/\\\/atami.com\\\/es\\\/shop\"},{\"@type\":\"ListItem\",\"position\":3,\"name\":\"Marcas\",\"item\":\"https:\\\/\\\/atami.com\\\/es\\\/categoria-producto\\\/marcas\"},{\"@type\":\"ListItem\",\"position\":4,\"name\":\"ATA\",\"item\":\"https:\\\/\\\/atami.com\\\/es\\\/categoria-producto\\\/marcas\\\/ata\"},{\"@type\":\"ListItem\",\"position\":5,\"name\":\"ATA Terra Max\"}]},{\"@type\":\"WebSite\",\"@id\":\"https:\\\/\\\/atami.com\\\/es#website\",\"url\":\"https:\\\/\\\/atami.com\\\/es\",\"name\":\"Atami\",\"description\":\"NATURALLY INNOVATING!\",\"publisher\":{\"@id\":\"https:\\\/\\\/atami.com\\\/es#organization\"},\"potentialAction\":[{\"@type\":\"SearchAction\",\"target\":{\"@type\":\"EntryPoint\",\"urlTemplate\":\"https:\\\/\\\/atami.com\\\/es?s={search_term_string}\"},\"query-input\":{\"@type\":\"PropertyValueSpecification\",\"valueRequired\":true,\"valueName\":\"search_term_string\"}}],\"inLanguage\":\"es\"},{\"@type\":\"Organization\",\"@id\":\"https:\\\/\\\/atami.com\\\/es#organization\",\"name\":\"Atami\",\"url\":\"https:\\\/\\\/atami.com\\\/es\",\"logo\":{\"@type\":\"ImageObject\",\"inLanguage\":\"es\",\"@id\":\"https:\\\/\\\/atami.com\\\/es#\\\/schema\\\/logo\\\/image\\\/\",\"url\":\"https:\\\/\\\/atami.com\\\/wp-content\\\/uploads\\\/2026\\\/01\\\/Atami-logo-696x696px.webp\",\"contentUrl\":\"https:\\\/\\\/atami.com\\\/wp-content\\\/uploads\\\/2026\\\/01\\\/Atami-logo-696x696px.webp\",\"width\":696,\"height\":696,\"caption\":\"Atami\"},\"image\":{\"@id\":\"https:\\\/\\\/atami.com\\\/es#\\\/schema\\\/logo\\\/image\\\/\"},\"sameAs\":[\"https:\\\/\\\/www.facebook.com\\\/Atami.International\",\"https:\\\/\\\/x.com\\\/AtamiEU\",\"https:\\\/\\\/www.youtube.com\\\/c\\\/AtamiInternational\",\"https:\\\/\\\/www.instagram.com\\\/atami.international\\\/\"],\"description\":\"ATAMI is a premium plant nutrition & substrate brand founded in 1997 with the mission to make exceptional cultivation achievable for everyone. From legacy to license, we offer a wide variety of innovating award-winning products to let cultivators achieve maximum results in taste & yield.\",\"email\":\"info@mginnovations.es\",\"legalName\":\"Atami\",\"numberOfEmployees\":{\"@type\":\"QuantitativeValue\",\"minValue\":\"11\",\"maxValue\":\"50\"}}]}<\/script>\n<!-- \/ Yoast SEO Premium plugin. -->","yoast_head_json":{"title":"ATA Terra Max | Floraci\u00f3n Potente con Nutrientes de Alta Calidad","description":"Descubre ATA Terra Max, el fertilizante ideal para una nutrici\u00f3n completa y equilibrada de tus plantas. Dise\u00f1ado para maximizar el crecimiento y mejorar la salud de las ra\u00edces, garantiza resultados extraordinarios para tus cultivos.","robots":{"index":"index","follow":"follow","max-snippet":"max-snippet:-1","max-image-preview":"max-image-preview:large","max-video-preview":"max-video-preview:-1"},"canonical":"https:\/\/atami.com\/es\/producto\/ata-terra-max","og_locale":"es_ES","og_type":"article","og_title":"ATA Terra Max","og_description":"Descubre ATA Terra Max, el fertilizante ideal para una nutrici\u00f3n completa y equilibrada de tus plantas. Dise\u00f1ado para maximizar el crecimiento y mejorar la salud de las ra\u00edces, garantiza resultados extraordinarios para tus cultivos.","og_url":"https:\/\/atami.com\/es\/producto\/ata-terra-max","og_site_name":"Atami","article_publisher":"https:\/\/www.facebook.com\/Atami.International","article_modified_time":"2025-11-07T15:53:26+00:00","og_image":[{"width":1080,"height":1080,"url":"https:\/\/atami.com\/wp-content\/uploads\/2023\/02\/ATA-Terra-Max-Main-Image.webp","type":"image\/webp"}],"twitter_card":"summary_large_image","twitter_site":"@AtamiEU","twitter_misc":{"Tiempo de lectura":"2 minutos"},"schema":{"@context":"https:\/\/schema.org","@graph":[{"@type":"WebPage","@id":"https:\/\/atami.com\/es\/producto\/ata-terra-max","url":"https:\/\/atami.com\/es\/producto\/ata-terra-max","name":"ATA Terra Max | Floraci\u00f3n Potente con Nutrientes de Alta Calidad","isPartOf":{"@id":"https:\/\/atami.com\/es#website"},"primaryImageOfPage":{"@id":"https:\/\/atami.com\/es\/producto\/ata-terra-max#primaryimage"},"image":{"@id":"https:\/\/atami.com\/es\/producto\/ata-terra-max#primaryimage"},"thumbnailUrl":"https:\/\/atami.com\/wp-content\/uploads\/2023\/02\/ATA-Terra-Max-Main-Image.webp","datePublished":"2023-02-08T08:00:20+00:00","dateModified":"2025-11-07T15:53:26+00:00","description":"Descubre ATA Terra Max, el fertilizante ideal para una nutrici\u00f3n completa y equilibrada de tus plantas. Dise\u00f1ado para maximizar el crecimiento y mejorar la salud de las ra\u00edces, garantiza resultados extraordinarios para tus cultivos.","breadcrumb":{"@id":"https:\/\/atami.com\/es\/producto\/ata-terra-max#breadcrumb"},"inLanguage":"es","potentialAction":[{"@type":"ReadAction","target":["https:\/\/atami.com\/es\/producto\/ata-terra-max"]}]},{"@type":"ImageObject","inLanguage":"es","@id":"https:\/\/atami.com\/es\/producto\/ata-terra-max#primaryimage","url":"https:\/\/atami.com\/wp-content\/uploads\/2023\/02\/ATA-Terra-Max-Main-Image.webp","contentUrl":"https:\/\/atami.com\/wp-content\/uploads\/2023\/02\/ATA-Terra-Max-Main-Image.webp","width":1080,"height":1080,"caption":"ATA Terra Max favorece el desarrollo de flores compactas, aumentando significativamente su tama\u00f1o durante el ciclo de floraci\u00f3n."},{"@type":"BreadcrumbList","@id":"https:\/\/atami.com\/es\/producto\/ata-terra-max#breadcrumb","itemListElement":[{"@type":"ListItem","position":1,"name":"Home","item":"https:\/\/atami.com\/es"},{"@type":"ListItem","position":2,"name":"Productos","item":"https:\/\/atami.com\/es\/shop"},{"@type":"ListItem","position":3,"name":"Marcas","item":"https:\/\/atami.com\/es\/categoria-producto\/marcas"},{"@type":"ListItem","position":4,"name":"ATA","item":"https:\/\/atami.com\/es\/categoria-producto\/marcas\/ata"},{"@type":"ListItem","position":5,"name":"ATA Terra Max"}]},{"@type":"WebSite","@id":"https:\/\/atami.com\/es#website","url":"https:\/\/atami.com\/es","name":"Atami","description":"NATURALLY INNOVATING!","publisher":{"@id":"https:\/\/atami.com\/es#organization"},"potentialAction":[{"@type":"SearchAction","target":{"@type":"EntryPoint","urlTemplate":"https:\/\/atami.com\/es?s={search_term_string}"},"query-input":{"@type":"PropertyValueSpecification","valueRequired":true,"valueName":"search_term_string"}}],"inLanguage":"es"},{"@type":"Organization","@id":"https:\/\/atami.com\/es#organization","name":"Atami","url":"https:\/\/atami.com\/es","logo":{"@type":"ImageObject","inLanguage":"es","@id":"https:\/\/atami.com\/es#\/schema\/logo\/image\/","url":"https:\/\/atami.com\/wp-content\/uploads\/2026\/01\/Atami-logo-696x696px.webp","contentUrl":"https:\/\/atami.com\/wp-content\/uploads\/2026\/01\/Atami-logo-696x696px.webp","width":696,"height":696,"caption":"Atami"},"image":{"@id":"https:\/\/atami.com\/es#\/schema\/logo\/image\/"},"sameAs":["https:\/\/www.facebook.com\/Atami.International","https:\/\/x.com\/AtamiEU","https:\/\/www.youtube.com\/c\/AtamiInternational","https:\/\/www.instagram.com\/atami.international\/"],"description":"ATAMI is a premium plant nutrition & substrate brand founded in 1997 with the mission to make exceptional cultivation achievable for everyone. From legacy to license, we offer a wide variety of innovating award-winning products to let cultivators achieve maximum results in taste & yield.","email":"info@mginnovations.es","legalName":"Atami","numberOfEmployees":{"@type":"QuantitativeValue","minValue":"11","maxValue":"50"}}]}},"_links":{"self":[{"href":"https:\/\/atami.com\/es\/wp-json\/wp\/v2\/product\/22023","targetHints":{"allow":["GET"]}}],"collection":[{"href":"https:\/\/atami.com\/es\/wp-json\/wp\/v2\/product"}],"about":[{"href":"https:\/\/atami.com\/es\/wp-json\/wp\/v2\/types\/product"}],"replies":[{"embeddable":true,"href":"https:\/\/atami.com\/es\/wp-json\/wp\/v2\/comments?post=22023"}],"wp:featuredmedia":[{"embeddable":true,"href":"https:\/\/atami.com\/es\/wp-json\/wp\/v2\/media\/23710"}],"wp:attachment":[{"href":"https:\/\/atami.com\/es\/wp-json\/wp\/v2\/media?parent=22023"}],"wp:term":[{"taxonomy":"product_brand","embeddable":true,"href":"https:\/\/atami.com\/es\/wp-json\/wp\/v2\/product_brand?post=22023"},{"taxonomy":"product_cat","embeddable":true,"href":"https:\/\/atami.com\/es\/wp-json\/wp\/v2\/product_cat?post=22023"},{"taxonomy":"product_tag","embeddable":true,"href":"https:\/\/atami.com\/es\/wp-json\/wp\/v2\/product_tag?post=22023"}],"curies":[{"name":"wp","href":"https:\/\/api.w.org\/{rel}","templated":true}]}}