{"id":22020,"date":"2023-02-07T14:34:34","date_gmt":"2023-02-07T14:34:34","guid":{"rendered":"https:\/\/atami.com\/product\/ata-terra-leaves\/"},"modified":"2025-11-07T17:53:05","modified_gmt":"2025-11-07T15:53:05","slug":"ata-terra-leaves","status":"publish","type":"product","link":"https:\/\/atami.com\/es\/producto\/ata-terra-leaves","title":{"rendered":"ATA Terra Leaves"},"content":{"rendered":"<p><strong>ATA Terra Leaves es un nutriente b\u00e1sico universal que se utiliza durante el ciclo de crecimiento de la planta y est\u00e1 espec\u00edficamente desarrollado para el cultivo en tierra. Es por eso que no se ha agregado calcio a este alimento vegetal, ya que el mismo se encuentra naturalmente y en cantidades suficientes en los sustratos de tierra.<\/strong><\/p>\n<p>&nbsp;<\/p>\n<p>Debido a que la tierra contiene muchos nutrientes de forma natural, adem\u00e1s de calcio, y que es tambi\u00e9n capaz de retener los alimentos, los valores de NPK en ATA Terra Leaves se han mantenido relativamente bajos para evitar una posible fertilizaci\u00f3n excesiva. ATA Terra Leaves ayuda a la planta a desarrollar ramas fuertes y vitales, permitiendo que la planta aumente de tama\u00f1o de manera constante. Estimula la producci\u00f3n de clorofila.<\/p>\n<p>&nbsp;<\/p>\n<p><strong>ESPECIALMENTE APTO PARA<\/strong><br \/>\nDDiferentes tipos de verduras, frutas y hierbas como espinaca, salvia y lechuga. Tambi\u00e9n se puede utilizar para plantas de interior y en macetas (por ejemplo, hortensias, arbustos de brezo, etc.). La dosis requerida se puede medir para satisfacer las necesidades de las plantas o de los cultivos.<\/p>\n<p>&nbsp;<\/p>\n<p><strong>USO<\/strong><br \/>\nDirectamente soluble en agua y f\u00e1cilmente absorbible por la planta. Especialmente indicado para cultivo en maceta con tierras poco calc\u00e1reas.<\/p>\n<p>&nbsp;<\/p>\n<p><strong>DOSIS<\/strong><br \/>\n1 \u2013 5 ml por litro de agua. Apto para todos los sistemas de riego.<\/p>\n<p>&nbsp;<\/p>\n<p><strong>NPK 2-1-3 W\/W<\/strong><\/p>\n<p>&nbsp;<\/p>\n<p><strong>DISPONIBLE EN 250ML, 1L, 5L Y 10L.<\/strong><\/p>\n","protected":false},"excerpt":{"rendered":"<p>Fase de crecimiento<\/p>\n<p>Tierra<\/p>\n","protected":false},"featured_media":23695,"comment_status":"closed","ping_status":"closed","template":"","meta":{"_acf_changed":false,"iawp_total_views":333},"product_brand":[],"product_cat":[220,221],"product_tag":[],"class_list":{"0":"post-22020","1":"product","2":"type-product","3":"status-publish","4":"has-post-thumbnail","6":"product_cat-ata","7":"product_cat-nutrientes-basicos","9":"first","10":"instock","11":"shipping-taxable","12":"product-type-simple"},"acf":{"short_description":"<p><strong>ATA Terra Leaves es un nutriente b\u00e1sico universal que se utiliza durante el ciclo de crecimiento de la planta y est\u00e1 espec\u00edficamente desarrollado para el cultivo en tierra. Es por eso que no se ha agregado calcio a este alimento vegetal, ya que el mismo se encuentra naturalmente y en cantidades suficientes en los sustratos de tierra.<\/strong><\/p><p>&nbsp;<\/p><p>Debido a que la tierra contiene muchos nutrientes de forma natural, adem\u00e1s de calcio, y que es tambi\u00e9n capaz de retener los alimentos, los valores de NPK en ATA Terra Leaves se han mantenido relativamente bajos para evitar una posible fertilizaci\u00f3n excesiva. ATA Terra Leaves ayuda a la planta a desarrollar ramas fuertes y vitales, permitiendo que la planta aumente de tama\u00f1o de manera constante. Estimula la producci\u00f3n de clorofila.<\/p>","suitable_for":"<p>Diferentes tipos de verduras, frutas y hierbas como espinaca, salvia y lechuga. Tambi\u00e9n se puede utilizar para plantas de interior y en macetas (por ejemplo, hortensias, arbustos de brezo, etc.). La dosis requerida se puede medir para satisfacer las necesidades de las plantas o de los cultivos.<\/p>","application":"<p>Directamente soluble en agua y f\u00e1cilmente absorbible por la planta. Especialmente indicado para cultivo en maceta con tierras poco calc\u00e1reas.<\/p>","dosage":"<p>1 \u2013 5 ml por litro de agua. Apto para todos los sistemas de riego.<\/p>","npk_ratio":"<p>NPK 2-1-3 W\/W<\/p>","available_in":"<p>250ML, 1L, 5L Y 10L<\/p>","icon_1":1357,"icon_1_text":"ESTIMULA LA PRODUCCI\u00d3N DE CLOROFILA","icon_2":1361,"icon_2_text":"GARANTIZA UN CRECIMIENTO \u00d3PTIMO","icon_3":1365,"icon_3_text":"APTO PARA TODOS LOS SISTEMAS DE RIEGO","icon_4":"","icon_4_text":"","video":"","second_image":1347,"product_image_page":4029,"user_manual":"","new_icon_1":"","new_icon_2":"","new_icon_3":"","new_icon_4":"","grow_guides":"","category":"Nutriente base"},"yoast_head":"<!-- This site is optimized with the Yoast SEO Premium plugin v27.4 (Yoast SEO v27.4) - https:\/\/yoast.com\/product\/yoast-seo-premium-wordpress\/ -->\n<title>ATA Terra Leaves | Nutrientes Esenciales para la Fase Vegetativa<\/title>\n<meta name=\"description\" content=\"Mejora la salud de tus plantas con Ata Terra Leaves de Atami. Un fertilizante dise\u00f1ado para fortalecer el crecimiento vegetativo, proporcionando los nutrientes esenciales para hojas verdes y fuertes.\" \/>\n<meta name=\"robots\" content=\"index, follow, max-snippet:-1, max-image-preview:large, max-video-preview:-1\" \/>\n<link rel=\"canonical\" href=\"https:\/\/atami.com\/es\/producto\/ata-terra-leaves\" \/>\n<meta property=\"og:locale\" content=\"es_ES\" \/>\n<meta property=\"og:type\" content=\"article\" \/>\n<meta property=\"og:title\" content=\"ATA Terra Leaves\" \/>\n<meta property=\"og:description\" content=\"Mejora la salud de tus plantas con Ata Terra Leaves de Atami. Un fertilizante dise\u00f1ado para fortalecer el crecimiento vegetativo, proporcionando los nutrientes esenciales para hojas verdes y fuertes.\" \/>\n<meta property=\"og:url\" content=\"https:\/\/atami.com\/es\/producto\/ata-terra-leaves\" \/>\n<meta property=\"og:site_name\" content=\"Atami\" \/>\n<meta property=\"article:publisher\" content=\"https:\/\/www.facebook.com\/Atami.International\" \/>\n<meta property=\"article:modified_time\" content=\"2025-11-07T15:53:05+00:00\" \/>\n<meta property=\"og:image\" content=\"https:\/\/atami.com\/wp-content\/uploads\/2023\/02\/ATA-Terra-Leaves-Main-Image.webp\" \/>\n\t<meta property=\"og:image:width\" content=\"1080\" \/>\n\t<meta property=\"og:image:height\" content=\"1080\" \/>\n\t<meta property=\"og:image:type\" content=\"image\/webp\" \/>\n<meta name=\"twitter:card\" content=\"summary_large_image\" \/>\n<meta name=\"twitter:site\" content=\"@AtamiEU\" \/>\n<meta name=\"twitter:label1\" content=\"Tiempo de lectura\" \/>\n\t<meta name=\"twitter:data1\" content=\"2 minutos\" \/>\n<script type=\"application\/ld+json\" class=\"yoast-schema-graph\">{\"@context\":\"https:\\\/\\\/schema.org\",\"@graph\":[{\"@type\":\"WebPage\",\"@id\":\"https:\\\/\\\/atami.com\\\/es\\\/producto\\\/ata-terra-leaves\",\"url\":\"https:\\\/\\\/atami.com\\\/es\\\/producto\\\/ata-terra-leaves\",\"name\":\"ATA Terra Leaves | Nutrientes Esenciales para la Fase Vegetativa\",\"isPartOf\":{\"@id\":\"https:\\\/\\\/atami.com\\\/es#website\"},\"primaryImageOfPage\":{\"@id\":\"https:\\\/\\\/atami.com\\\/es\\\/producto\\\/ata-terra-leaves#primaryimage\"},\"image\":{\"@id\":\"https:\\\/\\\/atami.com\\\/es\\\/producto\\\/ata-terra-leaves#primaryimage\"},\"thumbnailUrl\":\"https:\\\/\\\/atami.com\\\/wp-content\\\/uploads\\\/2023\\\/02\\\/ATA-Terra-Leaves-Main-Image.webp\",\"datePublished\":\"2023-02-07T14:34:34+00:00\",\"dateModified\":\"2025-11-07T15:53:05+00:00\",\"description\":\"Mejora la salud de tus plantas con Ata Terra Leaves de Atami. Un fertilizante dise\u00f1ado para fortalecer el crecimiento vegetativo, proporcionando los nutrientes esenciales para hojas verdes y fuertes.\",\"breadcrumb\":{\"@id\":\"https:\\\/\\\/atami.com\\\/es\\\/producto\\\/ata-terra-leaves#breadcrumb\"},\"inLanguage\":\"es\",\"potentialAction\":[{\"@type\":\"ReadAction\",\"target\":[\"https:\\\/\\\/atami.com\\\/es\\\/producto\\\/ata-terra-leaves\"]}]},{\"@type\":\"ImageObject\",\"inLanguage\":\"es\",\"@id\":\"https:\\\/\\\/atami.com\\\/es\\\/producto\\\/ata-terra-leaves#primaryimage\",\"url\":\"https:\\\/\\\/atami.com\\\/wp-content\\\/uploads\\\/2023\\\/02\\\/ATA-Terra-Leaves-Main-Image.webp\",\"contentUrl\":\"https:\\\/\\\/atami.com\\\/wp-content\\\/uploads\\\/2023\\\/02\\\/ATA-Terra-Leaves-Main-Image.webp\",\"width\":1080,\"height\":1080,\"caption\":\"ATA Terra Leaves estimula la producci\u00f3n de clorofila, promoviendo ramas fuertes y vitales y un crecimiento constante de las plantas.\"},{\"@type\":\"BreadcrumbList\",\"@id\":\"https:\\\/\\\/atami.com\\\/es\\\/producto\\\/ata-terra-leaves#breadcrumb\",\"itemListElement\":[{\"@type\":\"ListItem\",\"position\":1,\"name\":\"Home\",\"item\":\"https:\\\/\\\/atami.com\\\/es\"},{\"@type\":\"ListItem\",\"position\":2,\"name\":\"Productos\",\"item\":\"https:\\\/\\\/atami.com\\\/es\\\/shop\"},{\"@type\":\"ListItem\",\"position\":3,\"name\":\"Marcas\",\"item\":\"https:\\\/\\\/atami.com\\\/es\\\/categoria-producto\\\/marcas\"},{\"@type\":\"ListItem\",\"position\":4,\"name\":\"ATA\",\"item\":\"https:\\\/\\\/atami.com\\\/es\\\/categoria-producto\\\/marcas\\\/ata\"},{\"@type\":\"ListItem\",\"position\":5,\"name\":\"ATA Terra Leaves\"}]},{\"@type\":\"WebSite\",\"@id\":\"https:\\\/\\\/atami.com\\\/es#website\",\"url\":\"https:\\\/\\\/atami.com\\\/es\",\"name\":\"Atami\",\"description\":\"NATURALLY INNOVATING!\",\"publisher\":{\"@id\":\"https:\\\/\\\/atami.com\\\/es#organization\"},\"potentialAction\":[{\"@type\":\"SearchAction\",\"target\":{\"@type\":\"EntryPoint\",\"urlTemplate\":\"https:\\\/\\\/atami.com\\\/es?s={search_term_string}\"},\"query-input\":{\"@type\":\"PropertyValueSpecification\",\"valueRequired\":true,\"valueName\":\"search_term_string\"}}],\"inLanguage\":\"es\"},{\"@type\":\"Organization\",\"@id\":\"https:\\\/\\\/atami.com\\\/es#organization\",\"name\":\"Atami\",\"url\":\"https:\\\/\\\/atami.com\\\/es\",\"logo\":{\"@type\":\"ImageObject\",\"inLanguage\":\"es\",\"@id\":\"https:\\\/\\\/atami.com\\\/es#\\\/schema\\\/logo\\\/image\\\/\",\"url\":\"https:\\\/\\\/atami.com\\\/wp-content\\\/uploads\\\/2026\\\/01\\\/Atami-logo-696x696px.webp\",\"contentUrl\":\"https:\\\/\\\/atami.com\\\/wp-content\\\/uploads\\\/2026\\\/01\\\/Atami-logo-696x696px.webp\",\"width\":696,\"height\":696,\"caption\":\"Atami\"},\"image\":{\"@id\":\"https:\\\/\\\/atami.com\\\/es#\\\/schema\\\/logo\\\/image\\\/\"},\"sameAs\":[\"https:\\\/\\\/www.facebook.com\\\/Atami.International\",\"https:\\\/\\\/x.com\\\/AtamiEU\",\"https:\\\/\\\/www.youtube.com\\\/c\\\/AtamiInternational\",\"https:\\\/\\\/www.instagram.com\\\/atami.international\\\/\"],\"description\":\"ATAMI is a premium plant nutrition & substrate brand founded in 1997 with the mission to make exceptional cultivation achievable for everyone. From legacy to license, we offer a wide variety of innovating award-winning products to let cultivators achieve maximum results in taste & yield.\",\"email\":\"info@mginnovations.es\",\"legalName\":\"Atami\",\"numberOfEmployees\":{\"@type\":\"QuantitativeValue\",\"minValue\":\"11\",\"maxValue\":\"50\"}}]}<\/script>\n<!-- \/ Yoast SEO Premium plugin. -->","yoast_head_json":{"title":"ATA Terra Leaves | Nutrientes Esenciales para la Fase Vegetativa","description":"Mejora la salud de tus plantas con Ata Terra Leaves de Atami. Un fertilizante dise\u00f1ado para fortalecer el crecimiento vegetativo, proporcionando los nutrientes esenciales para hojas verdes y fuertes.","robots":{"index":"index","follow":"follow","max-snippet":"max-snippet:-1","max-image-preview":"max-image-preview:large","max-video-preview":"max-video-preview:-1"},"canonical":"https:\/\/atami.com\/es\/producto\/ata-terra-leaves","og_locale":"es_ES","og_type":"article","og_title":"ATA Terra Leaves","og_description":"Mejora la salud de tus plantas con Ata Terra Leaves de Atami. Un fertilizante dise\u00f1ado para fortalecer el crecimiento vegetativo, proporcionando los nutrientes esenciales para hojas verdes y fuertes.","og_url":"https:\/\/atami.com\/es\/producto\/ata-terra-leaves","og_site_name":"Atami","article_publisher":"https:\/\/www.facebook.com\/Atami.International","article_modified_time":"2025-11-07T15:53:05+00:00","og_image":[{"width":1080,"height":1080,"url":"https:\/\/atami.com\/wp-content\/uploads\/2023\/02\/ATA-Terra-Leaves-Main-Image.webp","type":"image\/webp"}],"twitter_card":"summary_large_image","twitter_site":"@AtamiEU","twitter_misc":{"Tiempo de lectura":"2 minutos"},"schema":{"@context":"https:\/\/schema.org","@graph":[{"@type":"WebPage","@id":"https:\/\/atami.com\/es\/producto\/ata-terra-leaves","url":"https:\/\/atami.com\/es\/producto\/ata-terra-leaves","name":"ATA Terra Leaves | Nutrientes Esenciales para la Fase Vegetativa","isPartOf":{"@id":"https:\/\/atami.com\/es#website"},"primaryImageOfPage":{"@id":"https:\/\/atami.com\/es\/producto\/ata-terra-leaves#primaryimage"},"image":{"@id":"https:\/\/atami.com\/es\/producto\/ata-terra-leaves#primaryimage"},"thumbnailUrl":"https:\/\/atami.com\/wp-content\/uploads\/2023\/02\/ATA-Terra-Leaves-Main-Image.webp","datePublished":"2023-02-07T14:34:34+00:00","dateModified":"2025-11-07T15:53:05+00:00","description":"Mejora la salud de tus plantas con Ata Terra Leaves de Atami. Un fertilizante dise\u00f1ado para fortalecer el crecimiento vegetativo, proporcionando los nutrientes esenciales para hojas verdes y fuertes.","breadcrumb":{"@id":"https:\/\/atami.com\/es\/producto\/ata-terra-leaves#breadcrumb"},"inLanguage":"es","potentialAction":[{"@type":"ReadAction","target":["https:\/\/atami.com\/es\/producto\/ata-terra-leaves"]}]},{"@type":"ImageObject","inLanguage":"es","@id":"https:\/\/atami.com\/es\/producto\/ata-terra-leaves#primaryimage","url":"https:\/\/atami.com\/wp-content\/uploads\/2023\/02\/ATA-Terra-Leaves-Main-Image.webp","contentUrl":"https:\/\/atami.com\/wp-content\/uploads\/2023\/02\/ATA-Terra-Leaves-Main-Image.webp","width":1080,"height":1080,"caption":"ATA Terra Leaves estimula la producci\u00f3n de clorofila, promoviendo ramas fuertes y vitales y un crecimiento constante de las plantas."},{"@type":"BreadcrumbList","@id":"https:\/\/atami.com\/es\/producto\/ata-terra-leaves#breadcrumb","itemListElement":[{"@type":"ListItem","position":1,"name":"Home","item":"https:\/\/atami.com\/es"},{"@type":"ListItem","position":2,"name":"Productos","item":"https:\/\/atami.com\/es\/shop"},{"@type":"ListItem","position":3,"name":"Marcas","item":"https:\/\/atami.com\/es\/categoria-producto\/marcas"},{"@type":"ListItem","position":4,"name":"ATA","item":"https:\/\/atami.com\/es\/categoria-producto\/marcas\/ata"},{"@type":"ListItem","position":5,"name":"ATA Terra Leaves"}]},{"@type":"WebSite","@id":"https:\/\/atami.com\/es#website","url":"https:\/\/atami.com\/es","name":"Atami","description":"NATURALLY INNOVATING!","publisher":{"@id":"https:\/\/atami.com\/es#organization"},"potentialAction":[{"@type":"SearchAction","target":{"@type":"EntryPoint","urlTemplate":"https:\/\/atami.com\/es?s={search_term_string}"},"query-input":{"@type":"PropertyValueSpecification","valueRequired":true,"valueName":"search_term_string"}}],"inLanguage":"es"},{"@type":"Organization","@id":"https:\/\/atami.com\/es#organization","name":"Atami","url":"https:\/\/atami.com\/es","logo":{"@type":"ImageObject","inLanguage":"es","@id":"https:\/\/atami.com\/es#\/schema\/logo\/image\/","url":"https:\/\/atami.com\/wp-content\/uploads\/2026\/01\/Atami-logo-696x696px.webp","contentUrl":"https:\/\/atami.com\/wp-content\/uploads\/2026\/01\/Atami-logo-696x696px.webp","width":696,"height":696,"caption":"Atami"},"image":{"@id":"https:\/\/atami.com\/es#\/schema\/logo\/image\/"},"sameAs":["https:\/\/www.facebook.com\/Atami.International","https:\/\/x.com\/AtamiEU","https:\/\/www.youtube.com\/c\/AtamiInternational","https:\/\/www.instagram.com\/atami.international\/"],"description":"ATAMI is a premium plant nutrition & substrate brand founded in 1997 with the mission to make exceptional cultivation achievable for everyone. From legacy to license, we offer a wide variety of innovating award-winning products to let cultivators achieve maximum results in taste & yield.","email":"info@mginnovations.es","legalName":"Atami","numberOfEmployees":{"@type":"QuantitativeValue","minValue":"11","maxValue":"50"}}]}},"_links":{"self":[{"href":"https:\/\/atami.com\/es\/wp-json\/wp\/v2\/product\/22020","targetHints":{"allow":["GET"]}}],"collection":[{"href":"https:\/\/atami.com\/es\/wp-json\/wp\/v2\/product"}],"about":[{"href":"https:\/\/atami.com\/es\/wp-json\/wp\/v2\/types\/product"}],"replies":[{"embeddable":true,"href":"https:\/\/atami.com\/es\/wp-json\/wp\/v2\/comments?post=22020"}],"wp:featuredmedia":[{"embeddable":true,"href":"https:\/\/atami.com\/es\/wp-json\/wp\/v2\/media\/23695"}],"wp:attachment":[{"href":"https:\/\/atami.com\/es\/wp-json\/wp\/v2\/media?parent=22020"}],"wp:term":[{"taxonomy":"product_brand","embeddable":true,"href":"https:\/\/atami.com\/es\/wp-json\/wp\/v2\/product_brand?post=22020"},{"taxonomy":"product_cat","embeddable":true,"href":"https:\/\/atami.com\/es\/wp-json\/wp\/v2\/product_cat?post=22020"},{"taxonomy":"product_tag","embeddable":true,"href":"https:\/\/atami.com\/es\/wp-json\/wp\/v2\/product_tag?post=22020"}],"curies":[{"name":"wp","href":"https:\/\/api.w.org\/{rel}","templated":true}]}}