{"id":22018,"date":"2023-02-07T13:56:28","date_gmt":"2023-02-07T13:56:28","guid":{"rendered":"https:\/\/atami.com\/product\/bi-bloombastic\/"},"modified":"2025-11-10T15:33:23","modified_gmt":"2025-11-10T13:33:23","slug":"bi-bloombastic","status":"publish","type":"product","link":"https:\/\/atami.com\/es\/producto\/bi-bloombastic","title":{"rendered":"Bi-Bloombastic"},"content":{"rendered":"<p><strong>\u00a1Bloombastic con un toque verde! Bi-Bloombastic mejora el sabor y acelera la formaci\u00f3n de flores, pero tambi\u00e9n contiene compuestos org\u00e1nicos. Es un estimulante de floraci\u00f3n, todo en uno, altamente concentrado para el cultivador comprometido con el medio ambiente. Act\u00faa como un estimulante, endurecedor, potenciador del sabor y activador de diversos procesos enzim\u00e1ticos. Los fertilizantes de Bi-Bloombastic apoyan a los microorganismos durante la fase de floraci\u00f3n. \u00a1Esto asegura un sistema radicular saludable y, en definitiva, un alto rendimiento!<\/strong><\/p>\n<p>&nbsp;<\/p>\n<p>Bi-Bloombastic se puede combinar con nutrientes b\u00e1sicos y otros aditivos. Sin embargo, siempre debes prestar atenci\u00f3n al valor de EC de tu soluci\u00f3n nutritiva. Este producto contiene una alta concentraci\u00f3n de P, K y hierro, pero debido a su naturaleza org\u00e1nica, los microorganismos lo metabolizan mejor que a los fertilizantes minerales. Adem\u00e1s de estimular la potencia de floraci\u00f3n general, Bi-Bloombastic aumenta el tama\u00f1o de los frutos y el rendimiento de la cosecha. En definitiva, es un producto muy vers\u00e1til con muchas funciones y ventajas diferentes.<\/p>\n<p>&nbsp;<\/p>\n<p><strong>APTO PARA<\/strong><br \/>\nDiferentes tipos de verduras y frutas como guindillas, fresas, ar\u00e1ndanos. Tambi\u00e9n se puede utilizar en plantas ornamentales con flores (por ejemplo, orqu\u00eddeas, violetas). Apto para los cultivos en hidro, coco y tierra.<\/p>\n<p>&nbsp;<\/p>\n<p><strong>USO<\/strong><br \/>\nPuede utilizarse en las \u00faltimas 4 a 6 semanas de la fase de floraci\u00f3n como un aditivo a tu nutrici\u00f3n habitual. Cuando se utilizan sistemas de riego, Bi-Bloombastic solo se puede administrar manualmente con una regadera. En caso contrario, existe un riesgo de obstrucciones.<\/p>\n<p>&nbsp;<\/p>\n<p><strong>DOSIS<\/strong><br \/>\n1 \u2013 2 ml por litro de agua.<\/p>\n<p>&nbsp;<\/p>\n<p><strong>PK 8-12 W\/W<\/strong><\/p>\n<p>&nbsp;<\/p>\n<p><strong>DISPONIBLE EN 50ML, 100ML, 250ML, 500ML, 1L Y 5L.<\/strong><\/p>\n","protected":false},"excerpt":{"rendered":"<p>Aditivo de floraci\u00f3n todo en uno<\/p>\n<p>\u2018Green twist\u2019<\/p>\n","protected":false},"featured_media":202152,"comment_status":"closed","ping_status":"closed","template":"","meta":{"_acf_changed":false,"iawp_total_views":473},"product_brand":[],"product_cat":[222,217],"product_tag":[],"class_list":{"0":"post-22018","1":"product","2":"type-product","3":"status-publish","4":"has-post-thumbnail","6":"product_cat-aditivos","7":"product_cat-bastics","9":"first","10":"instock","11":"shipping-taxable","12":"product-type-simple"},"acf":{"short_description":"<p><strong>\u00a1Bloombastic con un toque verde! Bi-Bloombastic mejora el sabor y acelera la formaci\u00f3n de flores, pero tambi\u00e9n contiene compuestos org\u00e1nicos. Es un estimulante de floraci\u00f3n, todo en uno, altamente concentrado para el cultivador comprometido con el medio ambiente. Act\u00faa como un estimulante, endurecedor, potenciador del sabor y activador de diversos procesos enzim\u00e1ticos. Los fertilizantes de Bi-Bloombastic apoyan a los microorganismos durante la fase de floraci\u00f3n. \u00a1Esto asegura un sistema radicular saludable y, en definitiva, un alto rendimiento!<\/strong><\/p><p>&nbsp;<\/p><p>Bi-Bloombastic se puede combinar con nutrientes b\u00e1sicos y otros aditivos. Sin embargo, siempre debes prestar atenci\u00f3n al valor de EC de tu soluci\u00f3n nutritiva. Este producto contiene una alta concentraci\u00f3n de P, K y hierro, pero debido a su naturaleza org\u00e1nica, los microorganismos lo metabolizan mejor que a los fertilizantes minerales. Adem\u00e1s de estimular la potencia de floraci\u00f3n general, Bi-Bloombastic aumenta el tama\u00f1o de los frutos y el rendimiento de la cosecha. En definitiva, es un producto muy vers\u00e1til con muchas funciones y ventajas diferentes.<\/p>","suitable_for":"<p>Diferentes tipos de verduras y frutas como guindillas, fresas, ar\u00e1ndanos. Tambi\u00e9n se puede utilizar en plantas ornamentales con flores (por ejemplo, orqu\u00eddeas, violetas). Apto para los cultivos en hidro, coco y tierra.<\/p>","application":"<p>Puede utilizarse en las \u00faltimas 4 a 6 semanas de la fase de floraci\u00f3n como un aditivo a tu nutrici\u00f3n habitual. Cuando se utilizan sistemas de riego, Bi-Bloombastic solo se puede administrar manualmente con una regadera. En caso contrario, existe un riesgo de obstrucciones.<\/p>","dosage":"<p>1 \u2013 2 ml por litro de agua.<\/p>","npk_ratio":"<p>PK 8-12 W\/W<\/p>","available_in":"<p>DISPONIBLE EN 50ML, 100ML, 250ML, 500ML, 1L Y 5L<\/p>","icon_1":191366,"icon_1_text":"RICO EN MICROORGANISMOS","icon_2":514,"icon_2_text":"UN C\u00d3CTEL DE ALTA CALIDAD DE BIOMINERALES Y BIOESTIMULANTES","icon_3":596,"icon_3_text":"\u00a1AUMENTA EL CONTENIDO DE AZ\u00daCARES, EL PESO Y EL AROMA!","icon_4":600,"icon_4_text":"EXPLOSI\u00d3N DE LA PRODUCCI\u00d3N DE AZ\u00daCARES Y FLORES","video":"https:\/\/youtu.be\/MKqIRkE2v6U","second_image":648,"product_image_page":638,"user_manual":"","new_icon_1":196933,"new_icon_2":196813,"new_icon_3":196828,"new_icon_4":196843,"grow_guides":"","category":"Aditivo"},"yoast_head":"<!-- This site is optimized with the Yoast SEO Premium plugin v27.5 (Yoast SEO v27.5) - https:\/\/yoast.com\/product\/yoast-seo-premium-wordpress\/ -->\n<title>Bi-Bloombastic | Aumenta el Rendimiento y Floraci\u00f3n de tus Plantas<\/title>\n<meta name=\"description\" content=\"Bi-Bloombastic es el estimulante de floraci\u00f3n ideal para mejorar el rendimiento y la calidad de tus plantas. Aumenta la producci\u00f3n de flores y resinas con este potente aditivo.\" \/>\n<meta name=\"robots\" content=\"index, follow, max-snippet:-1, max-image-preview:large, max-video-preview:-1\" \/>\n<link rel=\"canonical\" href=\"https:\/\/atami.com\/es\/producto\/bi-bloombastic\" \/>\n<meta property=\"og:locale\" content=\"es_ES\" \/>\n<meta property=\"og:type\" content=\"article\" \/>\n<meta property=\"og:title\" content=\"Bi-Bloombastic\" \/>\n<meta property=\"og:description\" content=\"Bi-Bloombastic es el estimulante de floraci\u00f3n ideal para mejorar el rendimiento y la calidad de tus plantas. Aumenta la producci\u00f3n de flores y resinas con este potente aditivo.\" \/>\n<meta property=\"og:url\" content=\"https:\/\/atami.com\/es\/producto\/bi-bloombastic\" \/>\n<meta property=\"og:site_name\" content=\"Atami\" \/>\n<meta property=\"article:publisher\" content=\"https:\/\/www.facebook.com\/Atami.International\" \/>\n<meta property=\"article:modified_time\" content=\"2025-11-10T13:33:23+00:00\" \/>\n<meta property=\"og:image\" content=\"https:\/\/atami.com\/wp-content\/uploads\/2023\/02\/Bi-Bloombastic-product-image.webp\" \/>\n\t<meta property=\"og:image:width\" content=\"1080\" \/>\n\t<meta property=\"og:image:height\" content=\"1080\" \/>\n\t<meta property=\"og:image:type\" content=\"image\/webp\" \/>\n<meta name=\"twitter:card\" content=\"summary_large_image\" \/>\n<meta name=\"twitter:site\" content=\"@AtamiEU\" \/>\n<meta name=\"twitter:label1\" content=\"Tiempo de lectura\" \/>\n\t<meta name=\"twitter:data1\" content=\"2 minutos\" \/>\n<script type=\"application\/ld+json\" class=\"yoast-schema-graph\">{\"@context\":\"https:\\\/\\\/schema.org\",\"@graph\":[{\"@type\":\"WebPage\",\"@id\":\"https:\\\/\\\/atami.com\\\/es\\\/producto\\\/bi-bloombastic\",\"url\":\"https:\\\/\\\/atami.com\\\/es\\\/producto\\\/bi-bloombastic\",\"name\":\"Bi-Bloombastic | Aumenta el Rendimiento y Floraci\u00f3n de tus Plantas\",\"isPartOf\":{\"@id\":\"https:\\\/\\\/atami.com\\\/es#website\"},\"primaryImageOfPage\":{\"@id\":\"https:\\\/\\\/atami.com\\\/es\\\/producto\\\/bi-bloombastic#primaryimage\"},\"image\":{\"@id\":\"https:\\\/\\\/atami.com\\\/es\\\/producto\\\/bi-bloombastic#primaryimage\"},\"thumbnailUrl\":\"https:\\\/\\\/atami.com\\\/wp-content\\\/uploads\\\/2023\\\/02\\\/Bi-Bloombastic-product-image.webp\",\"datePublished\":\"2023-02-07T13:56:28+00:00\",\"dateModified\":\"2025-11-10T13:33:23+00:00\",\"description\":\"Bi-Bloombastic es el estimulante de floraci\u00f3n ideal para mejorar el rendimiento y la calidad de tus plantas. Aumenta la producci\u00f3n de flores y resinas con este potente aditivo.\",\"breadcrumb\":{\"@id\":\"https:\\\/\\\/atami.com\\\/es\\\/producto\\\/bi-bloombastic#breadcrumb\"},\"inLanguage\":\"es\",\"potentialAction\":[{\"@type\":\"ReadAction\",\"target\":[\"https:\\\/\\\/atami.com\\\/es\\\/producto\\\/bi-bloombastic\"]}]},{\"@type\":\"ImageObject\",\"inLanguage\":\"es\",\"@id\":\"https:\\\/\\\/atami.com\\\/es\\\/producto\\\/bi-bloombastic#primaryimage\",\"url\":\"https:\\\/\\\/atami.com\\\/wp-content\\\/uploads\\\/2023\\\/02\\\/Bi-Bloombastic-product-image.webp\",\"contentUrl\":\"https:\\\/\\\/atami.com\\\/wp-content\\\/uploads\\\/2023\\\/02\\\/Bi-Bloombastic-product-image.webp\",\"width\":1080,\"height\":1080,\"caption\":\"Bi-Bloombastic ofrece una mezcla de biominerales y bioestimulantes de alta calidad, que promueve una floraci\u00f3n robusta y un sabor mejorado.\"},{\"@type\":\"BreadcrumbList\",\"@id\":\"https:\\\/\\\/atami.com\\\/es\\\/producto\\\/bi-bloombastic#breadcrumb\",\"itemListElement\":[{\"@type\":\"ListItem\",\"position\":1,\"name\":\"Home\",\"item\":\"https:\\\/\\\/atami.com\\\/es\"},{\"@type\":\"ListItem\",\"position\":2,\"name\":\"Productos\",\"item\":\"https:\\\/\\\/atami.com\\\/es\\\/shop\"},{\"@type\":\"ListItem\",\"position\":3,\"name\":\"Marcas\",\"item\":\"https:\\\/\\\/atami.com\\\/es\\\/categoria-producto\\\/marcas\"},{\"@type\":\"ListItem\",\"position\":4,\"name\":\"Bastics\",\"item\":\"https:\\\/\\\/atami.com\\\/es\\\/categoria-producto\\\/marcas\\\/bastics\"},{\"@type\":\"ListItem\",\"position\":5,\"name\":\"Bi-Bloombastic\"}]},{\"@type\":\"WebSite\",\"@id\":\"https:\\\/\\\/atami.com\\\/es#website\",\"url\":\"https:\\\/\\\/atami.com\\\/es\",\"name\":\"Atami\",\"description\":\"NATURALLY INNOVATING!\",\"publisher\":{\"@id\":\"https:\\\/\\\/atami.com\\\/es#organization\"},\"potentialAction\":[{\"@type\":\"SearchAction\",\"target\":{\"@type\":\"EntryPoint\",\"urlTemplate\":\"https:\\\/\\\/atami.com\\\/es?s={search_term_string}\"},\"query-input\":{\"@type\":\"PropertyValueSpecification\",\"valueRequired\":true,\"valueName\":\"search_term_string\"}}],\"inLanguage\":\"es\"},{\"@type\":\"Organization\",\"@id\":\"https:\\\/\\\/atami.com\\\/es#organization\",\"name\":\"Atami\",\"url\":\"https:\\\/\\\/atami.com\\\/es\",\"logo\":{\"@type\":\"ImageObject\",\"inLanguage\":\"es\",\"@id\":\"https:\\\/\\\/atami.com\\\/es#\\\/schema\\\/logo\\\/image\\\/\",\"url\":\"https:\\\/\\\/atami.com\\\/wp-content\\\/uploads\\\/2026\\\/01\\\/Atami-logo-696x696px.webp\",\"contentUrl\":\"https:\\\/\\\/atami.com\\\/wp-content\\\/uploads\\\/2026\\\/01\\\/Atami-logo-696x696px.webp\",\"width\":696,\"height\":696,\"caption\":\"Atami\"},\"image\":{\"@id\":\"https:\\\/\\\/atami.com\\\/es#\\\/schema\\\/logo\\\/image\\\/\"},\"sameAs\":[\"https:\\\/\\\/www.facebook.com\\\/Atami.International\",\"https:\\\/\\\/x.com\\\/AtamiEU\",\"https:\\\/\\\/www.youtube.com\\\/c\\\/AtamiInternational\",\"https:\\\/\\\/www.instagram.com\\\/atami.international\\\/\"],\"description\":\"ATAMI is a premium plant nutrition & substrate brand founded in 1997 with the mission to make exceptional cultivation achievable for everyone. From legacy to license, we offer a wide variety of innovating award-winning products to let cultivators achieve maximum results in taste & yield.\",\"email\":\"info@mginnovations.es\",\"legalName\":\"Atami\",\"numberOfEmployees\":{\"@type\":\"QuantitativeValue\",\"minValue\":\"11\",\"maxValue\":\"50\"}}]}<\/script>\n<!-- \/ Yoast SEO Premium plugin. -->","yoast_head_json":{"title":"Bi-Bloombastic | Aumenta el Rendimiento y Floraci\u00f3n de tus Plantas","description":"Bi-Bloombastic es el estimulante de floraci\u00f3n ideal para mejorar el rendimiento y la calidad de tus plantas. Aumenta la producci\u00f3n de flores y resinas con este potente aditivo.","robots":{"index":"index","follow":"follow","max-snippet":"max-snippet:-1","max-image-preview":"max-image-preview:large","max-video-preview":"max-video-preview:-1"},"canonical":"https:\/\/atami.com\/es\/producto\/bi-bloombastic","og_locale":"es_ES","og_type":"article","og_title":"Bi-Bloombastic","og_description":"Bi-Bloombastic es el estimulante de floraci\u00f3n ideal para mejorar el rendimiento y la calidad de tus plantas. Aumenta la producci\u00f3n de flores y resinas con este potente aditivo.","og_url":"https:\/\/atami.com\/es\/producto\/bi-bloombastic","og_site_name":"Atami","article_publisher":"https:\/\/www.facebook.com\/Atami.International","article_modified_time":"2025-11-10T13:33:23+00:00","og_image":[{"width":1080,"height":1080,"url":"https:\/\/atami.com\/wp-content\/uploads\/2023\/02\/Bi-Bloombastic-product-image.webp","type":"image\/webp"}],"twitter_card":"summary_large_image","twitter_site":"@AtamiEU","twitter_misc":{"Tiempo de lectura":"2 minutos"},"schema":{"@context":"https:\/\/schema.org","@graph":[{"@type":"WebPage","@id":"https:\/\/atami.com\/es\/producto\/bi-bloombastic","url":"https:\/\/atami.com\/es\/producto\/bi-bloombastic","name":"Bi-Bloombastic | Aumenta el Rendimiento y Floraci\u00f3n de tus Plantas","isPartOf":{"@id":"https:\/\/atami.com\/es#website"},"primaryImageOfPage":{"@id":"https:\/\/atami.com\/es\/producto\/bi-bloombastic#primaryimage"},"image":{"@id":"https:\/\/atami.com\/es\/producto\/bi-bloombastic#primaryimage"},"thumbnailUrl":"https:\/\/atami.com\/wp-content\/uploads\/2023\/02\/Bi-Bloombastic-product-image.webp","datePublished":"2023-02-07T13:56:28+00:00","dateModified":"2025-11-10T13:33:23+00:00","description":"Bi-Bloombastic es el estimulante de floraci\u00f3n ideal para mejorar el rendimiento y la calidad de tus plantas. Aumenta la producci\u00f3n de flores y resinas con este potente aditivo.","breadcrumb":{"@id":"https:\/\/atami.com\/es\/producto\/bi-bloombastic#breadcrumb"},"inLanguage":"es","potentialAction":[{"@type":"ReadAction","target":["https:\/\/atami.com\/es\/producto\/bi-bloombastic"]}]},{"@type":"ImageObject","inLanguage":"es","@id":"https:\/\/atami.com\/es\/producto\/bi-bloombastic#primaryimage","url":"https:\/\/atami.com\/wp-content\/uploads\/2023\/02\/Bi-Bloombastic-product-image.webp","contentUrl":"https:\/\/atami.com\/wp-content\/uploads\/2023\/02\/Bi-Bloombastic-product-image.webp","width":1080,"height":1080,"caption":"Bi-Bloombastic ofrece una mezcla de biominerales y bioestimulantes de alta calidad, que promueve una floraci\u00f3n robusta y un sabor mejorado."},{"@type":"BreadcrumbList","@id":"https:\/\/atami.com\/es\/producto\/bi-bloombastic#breadcrumb","itemListElement":[{"@type":"ListItem","position":1,"name":"Home","item":"https:\/\/atami.com\/es"},{"@type":"ListItem","position":2,"name":"Productos","item":"https:\/\/atami.com\/es\/shop"},{"@type":"ListItem","position":3,"name":"Marcas","item":"https:\/\/atami.com\/es\/categoria-producto\/marcas"},{"@type":"ListItem","position":4,"name":"Bastics","item":"https:\/\/atami.com\/es\/categoria-producto\/marcas\/bastics"},{"@type":"ListItem","position":5,"name":"Bi-Bloombastic"}]},{"@type":"WebSite","@id":"https:\/\/atami.com\/es#website","url":"https:\/\/atami.com\/es","name":"Atami","description":"NATURALLY INNOVATING!","publisher":{"@id":"https:\/\/atami.com\/es#organization"},"potentialAction":[{"@type":"SearchAction","target":{"@type":"EntryPoint","urlTemplate":"https:\/\/atami.com\/es?s={search_term_string}"},"query-input":{"@type":"PropertyValueSpecification","valueRequired":true,"valueName":"search_term_string"}}],"inLanguage":"es"},{"@type":"Organization","@id":"https:\/\/atami.com\/es#organization","name":"Atami","url":"https:\/\/atami.com\/es","logo":{"@type":"ImageObject","inLanguage":"es","@id":"https:\/\/atami.com\/es#\/schema\/logo\/image\/","url":"https:\/\/atami.com\/wp-content\/uploads\/2026\/01\/Atami-logo-696x696px.webp","contentUrl":"https:\/\/atami.com\/wp-content\/uploads\/2026\/01\/Atami-logo-696x696px.webp","width":696,"height":696,"caption":"Atami"},"image":{"@id":"https:\/\/atami.com\/es#\/schema\/logo\/image\/"},"sameAs":["https:\/\/www.facebook.com\/Atami.International","https:\/\/x.com\/AtamiEU","https:\/\/www.youtube.com\/c\/AtamiInternational","https:\/\/www.instagram.com\/atami.international\/"],"description":"ATAMI is a premium plant nutrition & substrate brand founded in 1997 with the mission to make exceptional cultivation achievable for everyone. From legacy to license, we offer a wide variety of innovating award-winning products to let cultivators achieve maximum results in taste & yield.","email":"info@mginnovations.es","legalName":"Atami","numberOfEmployees":{"@type":"QuantitativeValue","minValue":"11","maxValue":"50"}}]}},"_links":{"self":[{"href":"https:\/\/atami.com\/es\/wp-json\/wp\/v2\/product\/22018","targetHints":{"allow":["GET"]}}],"collection":[{"href":"https:\/\/atami.com\/es\/wp-json\/wp\/v2\/product"}],"about":[{"href":"https:\/\/atami.com\/es\/wp-json\/wp\/v2\/types\/product"}],"replies":[{"embeddable":true,"href":"https:\/\/atami.com\/es\/wp-json\/wp\/v2\/comments?post=22018"}],"wp:featuredmedia":[{"embeddable":true,"href":"https:\/\/atami.com\/es\/wp-json\/wp\/v2\/media\/202152"}],"wp:attachment":[{"href":"https:\/\/atami.com\/es\/wp-json\/wp\/v2\/media?parent=22018"}],"wp:term":[{"taxonomy":"product_brand","embeddable":true,"href":"https:\/\/atami.com\/es\/wp-json\/wp\/v2\/product_brand?post=22018"},{"taxonomy":"product_cat","embeddable":true,"href":"https:\/\/atami.com\/es\/wp-json\/wp\/v2\/product_cat?post=22018"},{"taxonomy":"product_tag","embeddable":true,"href":"https:\/\/atami.com\/es\/wp-json\/wp\/v2\/product_tag?post=22018"}],"curies":[{"name":"wp","href":"https:\/\/api.w.org\/{rel}","templated":true}]}}