{"id":22015,"date":"2023-02-07T13:09:39","date_gmt":"2023-02-07T13:09:39","guid":{"rendered":"https:\/\/atami.com\/product\/rootbastic\/"},"modified":"2025-11-10T15:28:14","modified_gmt":"2025-11-10T13:28:14","slug":"rootbastic","status":"publish","type":"product","link":"https:\/\/atami.com\/es\/producto\/rootbastic","title":{"rendered":"Rootbastic"},"content":{"rendered":"<p><strong>Rootbastic es un estimulante de ra\u00edces que se distingue por la alta concentraci\u00f3n de NPK y una gran dosis de oligoelementos. Posee una alta concentraci\u00f3n de nutrientes minerales, amino\u00e1cidos y extractos vegetales.<\/strong><\/p>\n<p>&nbsp;<\/p>\n<p>Rootbastic contiene un n\u00famero relativamente alto de NPK para un estimulante de ra\u00edces. Pero el f\u00f3sforo es el nutriente m\u00e1s importante pues asegura el transporte y el almacenamiento de energ\u00eda y tiene un papel esencial en la formaci\u00f3n de las c\u00e9lulas y del ADN.<\/p>\n<p>&nbsp;<\/p>\n<p><strong>APTO PARA<\/strong><br \/>\nRootbastic es un nutriente universal adecuado para diferentes tipos de frutas, verduras y hierbas como calabazas, calabacines, pepinos, patatas, r\u00e1banos, etc. Los cultivadores experimentados pueden medir la dosis requerida por planta, bas\u00e1ndose en los valores NPK.<\/p>\n<p>&nbsp;<\/p>\n<p><strong>USO<\/strong><br \/>\nAplicar en las 3 primeras semanas de la fase de crecimiento del cultivo. Agitar bien antes de usar. El agregado de oligoelementos es fundamental en las primeras etapas de crecimiento de la planta para el desarrollo de las ra\u00edces. Apto para los cultivos en hidro, coco y tierra.<\/p>\n<p>&nbsp;<\/p>\n<p><strong>DOSIS<\/strong><br \/>\nSemana 1: 0,1 ml por litro de agua.<br \/>\nSemana 2: 0,2 ml por litro de agua.<br \/>\nSemana 3: 0,3 ml por litro de agua.<br \/>\nAumenta el valor de EC en la soluci\u00f3n nutritiva b\u00e1sica.<\/p>\n<p>&nbsp;<\/p>\n<p><strong>NPK 4-14-4 W\/W<\/strong><\/p>\n<p>&nbsp;<\/p>\n<p><strong>DISPONIBLE EN 50ML, 100ML, 250ML, 500ML Y 1250ML.<\/strong><\/p>\n","protected":false},"excerpt":{"rendered":"<p>Estimulante de ra\u00edces con alta concentraci\u00f3n de NPK<\/p>\n","protected":false},"featured_media":202107,"comment_status":"closed","ping_status":"closed","template":"","meta":{"_acf_changed":false,"iawp_total_views":736},"product_brand":[],"product_cat":[222,217],"product_tag":[],"class_list":{"0":"post-22015","1":"product","2":"type-product","3":"status-publish","4":"has-post-thumbnail","6":"product_cat-aditivos","7":"product_cat-bastics","9":"first","10":"instock","11":"shipping-taxable","12":"product-type-simple"},"acf":{"short_description":"<p><strong>Rootbastic es un estimulante de ra\u00edces que se distingue por la alta concentraci\u00f3n de NPK y una gran dosis de oligoelementos. Posee una alta concentraci\u00f3n de nutrientes minerales, amino\u00e1cidos y extractos vegetales.<\/strong><\/p><p>&nbsp;<\/p><p>Rootbastic contiene un n\u00famero relativamente alto de NPK para un estimulante de ra\u00edces. Pero el f\u00f3sforo es el nutriente m\u00e1s importante pues asegura el transporte y el almacenamiento de energ\u00eda y tiene un papel esencial en la formaci\u00f3n de las c\u00e9lulas y del ADN.<\/p>","suitable_for":"<p>Rootbastic es un nutriente universal adecuado para diferentes tipos de frutas, verduras y hierbas como calabazas, calabacines, pepinos, patatas, r\u00e1banos, etc. Los cultivadores experimentados pueden medir la dosis requerida por planta, bas\u00e1ndose en los valores NPK.<\/p>","application":"<p>Aplicar en las 3 primeras semanas de la fase de crecimiento del cultivo. Agitar bien antes de usar. El agregado de oligoelementos es fundamental en las primeras etapas de crecimiento de la planta para el desarrollo de las ra\u00edces. Apto para los cultivos en hidro, coco y tierra.<\/p>","dosage":"<p>Semana 1: 0,1 ml por litro de agua.<br \/>Semana 2: 0,2 ml por litro de agua.<br \/>Semana 3: 0,3 ml por litro de agua.<br \/>Aumenta el valor de EC en la soluci\u00f3n nutritiva b\u00e1sica.<\/p>","npk_ratio":"<p>NPK 4-14-4 W\/W<\/p>","available_in":"<p>50ML, 100ML, 250ML, 500ML Y 1250ML<\/p>","icon_1":191273,"icon_1_text":"PROTEGE CONTRA EL ESTR\u00c9S AMBIENTAL","icon_2":514,"icon_2_text":"OFRECE UNA COMBINACI\u00d3N \u00daNICA DE NPK ALTO, BIOESTIMULANTES Y BIOMINERALES","icon_3":191291,"icon_3_text":"\u00a1ALTAMENTE EFECTIVO EN LAS 3 PRIMERAS SEMANAS DEL CICLO DE CRECIMIENTO!","icon_4":191306,"icon_4_text":"\u00a1AUMENTA LA RESISTENCIA A LAS ENFERMEDADES DE RADICULARES!","video":"https:\/\/youtu.be\/BF8vc2McoLw","second_image":"","product_image_page":"","user_manual":"","new_icon_1":196888,"new_icon_2":196813,"new_icon_3":196903,"new_icon_4":196918,"grow_guides":"","category":"Aditivo"},"yoast_head":"<!-- This site is optimized with the Yoast SEO Premium plugin v27.4 (Yoast SEO v27.4) - https:\/\/yoast.com\/product\/yoast-seo-premium-wordpress\/ -->\n<title>Rootbastic | Estimula el Crecimiento de Ra\u00edces para Plantas Saludables<\/title>\n<meta name=\"description\" content=\"Descubre Rootbastic, el estimulante de ra\u00edces ideal para un desarrollo saludable y robusto de las ra\u00edces. Aumenta la resistencia a enfermedades y promueve un crecimiento \u00f3ptimo durante las primeras semanas del cultivo.\" \/>\n<meta name=\"robots\" content=\"index, follow, max-snippet:-1, max-image-preview:large, max-video-preview:-1\" \/>\n<link rel=\"canonical\" href=\"https:\/\/atami.com\/es\/producto\/rootbastic\" \/>\n<meta property=\"og:locale\" content=\"es_ES\" \/>\n<meta property=\"og:type\" content=\"article\" \/>\n<meta property=\"og:title\" content=\"Rootbastic\" \/>\n<meta property=\"og:description\" content=\"Descubre Rootbastic, el estimulante de ra\u00edces ideal para un desarrollo saludable y robusto de las ra\u00edces. Aumenta la resistencia a enfermedades y promueve un crecimiento \u00f3ptimo durante las primeras semanas del cultivo.\" \/>\n<meta property=\"og:url\" content=\"https:\/\/atami.com\/es\/producto\/rootbastic\" \/>\n<meta property=\"og:site_name\" content=\"Atami\" \/>\n<meta property=\"article:publisher\" content=\"https:\/\/www.facebook.com\/Atami.International\" \/>\n<meta property=\"article:modified_time\" content=\"2025-11-10T13:28:14+00:00\" \/>\n<meta property=\"og:image\" content=\"https:\/\/atami.com\/wp-content\/uploads\/2023\/02\/Rootbastic-product-image.webp\" \/>\n\t<meta property=\"og:image:width\" content=\"1080\" \/>\n\t<meta property=\"og:image:height\" content=\"1080\" \/>\n\t<meta property=\"og:image:type\" content=\"image\/webp\" \/>\n<meta name=\"twitter:card\" content=\"summary_large_image\" \/>\n<meta name=\"twitter:site\" content=\"@AtamiEU\" \/>\n<meta name=\"twitter:label1\" content=\"Tiempo de lectura\" \/>\n\t<meta name=\"twitter:data1\" content=\"2 minutos\" \/>\n<script type=\"application\/ld+json\" class=\"yoast-schema-graph\">{\"@context\":\"https:\\\/\\\/schema.org\",\"@graph\":[{\"@type\":\"WebPage\",\"@id\":\"https:\\\/\\\/atami.com\\\/es\\\/producto\\\/rootbastic\",\"url\":\"https:\\\/\\\/atami.com\\\/es\\\/producto\\\/rootbastic\",\"name\":\"Rootbastic | Estimula el Crecimiento de Ra\u00edces para Plantas Saludables\",\"isPartOf\":{\"@id\":\"https:\\\/\\\/atami.com\\\/es#website\"},\"primaryImageOfPage\":{\"@id\":\"https:\\\/\\\/atami.com\\\/es\\\/producto\\\/rootbastic#primaryimage\"},\"image\":{\"@id\":\"https:\\\/\\\/atami.com\\\/es\\\/producto\\\/rootbastic#primaryimage\"},\"thumbnailUrl\":\"https:\\\/\\\/atami.com\\\/wp-content\\\/uploads\\\/2023\\\/02\\\/Rootbastic-product-image.webp\",\"datePublished\":\"2023-02-07T13:09:39+00:00\",\"dateModified\":\"2025-11-10T13:28:14+00:00\",\"description\":\"Descubre Rootbastic, el estimulante de ra\u00edces ideal para un desarrollo saludable y robusto de las ra\u00edces. Aumenta la resistencia a enfermedades y promueve un crecimiento \u00f3ptimo durante las primeras semanas del cultivo.\",\"breadcrumb\":{\"@id\":\"https:\\\/\\\/atami.com\\\/es\\\/producto\\\/rootbastic#breadcrumb\"},\"inLanguage\":\"es\",\"potentialAction\":[{\"@type\":\"ReadAction\",\"target\":[\"https:\\\/\\\/atami.com\\\/es\\\/producto\\\/rootbastic\"]}]},{\"@type\":\"ImageObject\",\"inLanguage\":\"es\",\"@id\":\"https:\\\/\\\/atami.com\\\/es\\\/producto\\\/rootbastic#primaryimage\",\"url\":\"https:\\\/\\\/atami.com\\\/wp-content\\\/uploads\\\/2023\\\/02\\\/Rootbastic-product-image.webp\",\"contentUrl\":\"https:\\\/\\\/atami.com\\\/wp-content\\\/uploads\\\/2023\\\/02\\\/Rootbastic-product-image.webp\",\"width\":1080,\"height\":1080,\"caption\":\"Rootbastic ofrece una potente mezcla de nutrientes y oligoelementos para promover un crecimiento vigoroso de las ra\u00edces.\"},{\"@type\":\"BreadcrumbList\",\"@id\":\"https:\\\/\\\/atami.com\\\/es\\\/producto\\\/rootbastic#breadcrumb\",\"itemListElement\":[{\"@type\":\"ListItem\",\"position\":1,\"name\":\"Home\",\"item\":\"https:\\\/\\\/atami.com\\\/es\"},{\"@type\":\"ListItem\",\"position\":2,\"name\":\"Productos\",\"item\":\"https:\\\/\\\/atami.com\\\/es\\\/shop\"},{\"@type\":\"ListItem\",\"position\":3,\"name\":\"Marcas\",\"item\":\"https:\\\/\\\/atami.com\\\/es\\\/categoria-producto\\\/marcas\"},{\"@type\":\"ListItem\",\"position\":4,\"name\":\"Bastics\",\"item\":\"https:\\\/\\\/atami.com\\\/es\\\/categoria-producto\\\/marcas\\\/bastics\"},{\"@type\":\"ListItem\",\"position\":5,\"name\":\"Rootbastic\"}]},{\"@type\":\"WebSite\",\"@id\":\"https:\\\/\\\/atami.com\\\/es#website\",\"url\":\"https:\\\/\\\/atami.com\\\/es\",\"name\":\"Atami\",\"description\":\"NATURALLY INNOVATING!\",\"publisher\":{\"@id\":\"https:\\\/\\\/atami.com\\\/es#organization\"},\"potentialAction\":[{\"@type\":\"SearchAction\",\"target\":{\"@type\":\"EntryPoint\",\"urlTemplate\":\"https:\\\/\\\/atami.com\\\/es?s={search_term_string}\"},\"query-input\":{\"@type\":\"PropertyValueSpecification\",\"valueRequired\":true,\"valueName\":\"search_term_string\"}}],\"inLanguage\":\"es\"},{\"@type\":\"Organization\",\"@id\":\"https:\\\/\\\/atami.com\\\/es#organization\",\"name\":\"Atami\",\"url\":\"https:\\\/\\\/atami.com\\\/es\",\"logo\":{\"@type\":\"ImageObject\",\"inLanguage\":\"es\",\"@id\":\"https:\\\/\\\/atami.com\\\/es#\\\/schema\\\/logo\\\/image\\\/\",\"url\":\"https:\\\/\\\/atami.com\\\/wp-content\\\/uploads\\\/2026\\\/01\\\/Atami-logo-696x696px.webp\",\"contentUrl\":\"https:\\\/\\\/atami.com\\\/wp-content\\\/uploads\\\/2026\\\/01\\\/Atami-logo-696x696px.webp\",\"width\":696,\"height\":696,\"caption\":\"Atami\"},\"image\":{\"@id\":\"https:\\\/\\\/atami.com\\\/es#\\\/schema\\\/logo\\\/image\\\/\"},\"sameAs\":[\"https:\\\/\\\/www.facebook.com\\\/Atami.International\",\"https:\\\/\\\/x.com\\\/AtamiEU\",\"https:\\\/\\\/www.youtube.com\\\/c\\\/AtamiInternational\",\"https:\\\/\\\/www.instagram.com\\\/atami.international\\\/\"],\"description\":\"ATAMI is a premium plant nutrition & substrate brand founded in 1997 with the mission to make exceptional cultivation achievable for everyone. From legacy to license, we offer a wide variety of innovating award-winning products to let cultivators achieve maximum results in taste & yield.\",\"email\":\"info@mginnovations.es\",\"legalName\":\"Atami\",\"numberOfEmployees\":{\"@type\":\"QuantitativeValue\",\"minValue\":\"11\",\"maxValue\":\"50\"}}]}<\/script>\n<!-- \/ Yoast SEO Premium plugin. -->","yoast_head_json":{"title":"Rootbastic | Estimula el Crecimiento de Ra\u00edces para Plantas Saludables","description":"Descubre Rootbastic, el estimulante de ra\u00edces ideal para un desarrollo saludable y robusto de las ra\u00edces. Aumenta la resistencia a enfermedades y promueve un crecimiento \u00f3ptimo durante las primeras semanas del cultivo.","robots":{"index":"index","follow":"follow","max-snippet":"max-snippet:-1","max-image-preview":"max-image-preview:large","max-video-preview":"max-video-preview:-1"},"canonical":"https:\/\/atami.com\/es\/producto\/rootbastic","og_locale":"es_ES","og_type":"article","og_title":"Rootbastic","og_description":"Descubre Rootbastic, el estimulante de ra\u00edces ideal para un desarrollo saludable y robusto de las ra\u00edces. Aumenta la resistencia a enfermedades y promueve un crecimiento \u00f3ptimo durante las primeras semanas del cultivo.","og_url":"https:\/\/atami.com\/es\/producto\/rootbastic","og_site_name":"Atami","article_publisher":"https:\/\/www.facebook.com\/Atami.International","article_modified_time":"2025-11-10T13:28:14+00:00","og_image":[{"width":1080,"height":1080,"url":"https:\/\/atami.com\/wp-content\/uploads\/2023\/02\/Rootbastic-product-image.webp","type":"image\/webp"}],"twitter_card":"summary_large_image","twitter_site":"@AtamiEU","twitter_misc":{"Tiempo de lectura":"2 minutos"},"schema":{"@context":"https:\/\/schema.org","@graph":[{"@type":"WebPage","@id":"https:\/\/atami.com\/es\/producto\/rootbastic","url":"https:\/\/atami.com\/es\/producto\/rootbastic","name":"Rootbastic | Estimula el Crecimiento de Ra\u00edces para Plantas Saludables","isPartOf":{"@id":"https:\/\/atami.com\/es#website"},"primaryImageOfPage":{"@id":"https:\/\/atami.com\/es\/producto\/rootbastic#primaryimage"},"image":{"@id":"https:\/\/atami.com\/es\/producto\/rootbastic#primaryimage"},"thumbnailUrl":"https:\/\/atami.com\/wp-content\/uploads\/2023\/02\/Rootbastic-product-image.webp","datePublished":"2023-02-07T13:09:39+00:00","dateModified":"2025-11-10T13:28:14+00:00","description":"Descubre Rootbastic, el estimulante de ra\u00edces ideal para un desarrollo saludable y robusto de las ra\u00edces. Aumenta la resistencia a enfermedades y promueve un crecimiento \u00f3ptimo durante las primeras semanas del cultivo.","breadcrumb":{"@id":"https:\/\/atami.com\/es\/producto\/rootbastic#breadcrumb"},"inLanguage":"es","potentialAction":[{"@type":"ReadAction","target":["https:\/\/atami.com\/es\/producto\/rootbastic"]}]},{"@type":"ImageObject","inLanguage":"es","@id":"https:\/\/atami.com\/es\/producto\/rootbastic#primaryimage","url":"https:\/\/atami.com\/wp-content\/uploads\/2023\/02\/Rootbastic-product-image.webp","contentUrl":"https:\/\/atami.com\/wp-content\/uploads\/2023\/02\/Rootbastic-product-image.webp","width":1080,"height":1080,"caption":"Rootbastic ofrece una potente mezcla de nutrientes y oligoelementos para promover un crecimiento vigoroso de las ra\u00edces."},{"@type":"BreadcrumbList","@id":"https:\/\/atami.com\/es\/producto\/rootbastic#breadcrumb","itemListElement":[{"@type":"ListItem","position":1,"name":"Home","item":"https:\/\/atami.com\/es"},{"@type":"ListItem","position":2,"name":"Productos","item":"https:\/\/atami.com\/es\/shop"},{"@type":"ListItem","position":3,"name":"Marcas","item":"https:\/\/atami.com\/es\/categoria-producto\/marcas"},{"@type":"ListItem","position":4,"name":"Bastics","item":"https:\/\/atami.com\/es\/categoria-producto\/marcas\/bastics"},{"@type":"ListItem","position":5,"name":"Rootbastic"}]},{"@type":"WebSite","@id":"https:\/\/atami.com\/es#website","url":"https:\/\/atami.com\/es","name":"Atami","description":"NATURALLY INNOVATING!","publisher":{"@id":"https:\/\/atami.com\/es#organization"},"potentialAction":[{"@type":"SearchAction","target":{"@type":"EntryPoint","urlTemplate":"https:\/\/atami.com\/es?s={search_term_string}"},"query-input":{"@type":"PropertyValueSpecification","valueRequired":true,"valueName":"search_term_string"}}],"inLanguage":"es"},{"@type":"Organization","@id":"https:\/\/atami.com\/es#organization","name":"Atami","url":"https:\/\/atami.com\/es","logo":{"@type":"ImageObject","inLanguage":"es","@id":"https:\/\/atami.com\/es#\/schema\/logo\/image\/","url":"https:\/\/atami.com\/wp-content\/uploads\/2026\/01\/Atami-logo-696x696px.webp","contentUrl":"https:\/\/atami.com\/wp-content\/uploads\/2026\/01\/Atami-logo-696x696px.webp","width":696,"height":696,"caption":"Atami"},"image":{"@id":"https:\/\/atami.com\/es#\/schema\/logo\/image\/"},"sameAs":["https:\/\/www.facebook.com\/Atami.International","https:\/\/x.com\/AtamiEU","https:\/\/www.youtube.com\/c\/AtamiInternational","https:\/\/www.instagram.com\/atami.international\/"],"description":"ATAMI is a premium plant nutrition & substrate brand founded in 1997 with the mission to make exceptional cultivation achievable for everyone. From legacy to license, we offer a wide variety of innovating award-winning products to let cultivators achieve maximum results in taste & yield.","email":"info@mginnovations.es","legalName":"Atami","numberOfEmployees":{"@type":"QuantitativeValue","minValue":"11","maxValue":"50"}}]}},"_links":{"self":[{"href":"https:\/\/atami.com\/es\/wp-json\/wp\/v2\/product\/22015","targetHints":{"allow":["GET"]}}],"collection":[{"href":"https:\/\/atami.com\/es\/wp-json\/wp\/v2\/product"}],"about":[{"href":"https:\/\/atami.com\/es\/wp-json\/wp\/v2\/types\/product"}],"replies":[{"embeddable":true,"href":"https:\/\/atami.com\/es\/wp-json\/wp\/v2\/comments?post=22015"}],"wp:featuredmedia":[{"embeddable":true,"href":"https:\/\/atami.com\/es\/wp-json\/wp\/v2\/media\/202107"}],"wp:attachment":[{"href":"https:\/\/atami.com\/es\/wp-json\/wp\/v2\/media?parent=22015"}],"wp:term":[{"taxonomy":"product_brand","embeddable":true,"href":"https:\/\/atami.com\/es\/wp-json\/wp\/v2\/product_brand?post=22015"},{"taxonomy":"product_cat","embeddable":true,"href":"https:\/\/atami.com\/es\/wp-json\/wp\/v2\/product_cat?post=22015"},{"taxonomy":"product_tag","embeddable":true,"href":"https:\/\/atami.com\/es\/wp-json\/wp\/v2\/product_tag?post=22015"}],"curies":[{"name":"wp","href":"https:\/\/api.w.org\/{rel}","templated":true}]}}