{"id":22013,"date":"2023-02-06T13:16:50","date_gmt":"2023-02-06T13:16:50","guid":{"rendered":"https:\/\/atami.com\/product\/bloombastic\/"},"modified":"2025-11-10T15:28:35","modified_gmt":"2025-11-10T13:28:35","slug":"bloombastic","status":"publish","type":"product","link":"https:\/\/atami.com\/es\/producto\/bloombastic","title":{"rendered":"Bloombastic"},"content":{"rendered":"<p><strong>El aditivo de floraci\u00f3n todo en uno Bloombastic, act\u00faa como un estimulante, endurecedor, potenciador del sabor y como un activador de varios procesos enzim\u00e1ticos. Un c\u00f3ctel de alta calidad premiado internacionalmente que combina varios minerales y compuestos org\u00e1nicos.<\/strong><\/p>\n<p>&nbsp;<\/p>\n<p>En comparaci\u00f3n con otros productos de floraci\u00f3n l\u00edquidos, Bloombastic contiene m\u00e1s de un 50% extra de biominerales (f\u00f3sforo y potasio) para los que no se han utilizado en absoluto sustancias de carga (sodio y cloro). Bloombastic act\u00faa tambi\u00e9n a nivel enzim\u00e1tico en varias \u00e1reas, teniendo as\u00ed un impacto en la prevenci\u00f3n y la recuperaci\u00f3n del estr\u00e9s en la planta.<\/p>\n<p>&nbsp;<\/p>\n<p>Bloombastic aumenta el contenido de az\u00facares de tu cultivo y, en consecuencia, el peso y el aroma. Mediante una explosi\u00f3n de la producci\u00f3n de az\u00facares y de flores, Bloombastic proporciona flores robustas, compactas y arom\u00e1ticas. La combinaci\u00f3n de estas caracter\u00edsticas permite que Bloombastic reemplace varios productos.<\/p>\n<p>&nbsp;<\/p>\n<p><strong>APTO PARA<\/strong><\/p>\n<p>Bloombastic es un nutriente universal adecuado para diferentes tipos de verduras, frutas y hierbas como guindillas, fresas, ar\u00e1ndanos. Tambi\u00e9n se puede utilizar para las plantas ornamentales con flores (por ejemplo, orqu\u00eddeas, violetas). Los cultivadores experimentados pueden medir la dosis requerida por planta, bas\u00e1ndose en los valores NPK.<\/p>\n<p>&nbsp;<\/p>\n<p>Apto para los cultivos en hidro, coco y tierra.<\/p>\n<p>&nbsp;<\/p>\n<p><strong>USO<\/strong><\/p>\n<p>Aplicar en las \u00faltimas 4 a 6 semanas de floraci\u00f3n y maduraci\u00f3n en combinaci\u00f3n con los nutrientes b\u00e1sicos. Bloombastic se puede utilizar en cualquier sustrato y es adecuado para todos los sistemas de riego. Usar Bloombastic junto con, por ejemplo, <a href=\"https:\/\/atami.com\/es\/producto\/bcuzz-bloom-stimulator\/\"><strong>B\u2019cuzz Bloom Stimulator<\/strong><\/a> es una excelente manera para que los cultivadores aumenten a\u00fan m\u00e1s el efecto estimulante de la fase de floraci\u00f3n.<\/p>\n<p>&nbsp;<\/p>\n<p>Puede combinarse con nutrientes b\u00e1sicos, pero hay que prestar atenci\u00f3n al valor de EC de la soluci\u00f3n nutritiva. Combinar Bloombastic con otro nutriente PK no solo es innecesario, sino potencialmente riesgoso debido a la posibilidad de una sobrefertilizaci\u00f3n.<\/p>\n<p>&nbsp;<\/p>\n<p><strong>DOSIS<\/strong><\/p>\n<p>0,5 \u2013 1 ml en 1 litro de agua.<br \/>\nAumenta el valor de EC en tu soluci\u00f3n nutritiva b\u00e1sica.<\/p>\n<p>&nbsp;<\/p>\n<p><strong>PK 14-15 W\/W<\/strong><\/p>\n<p>\n<strong>DISPONIBLE EN 50ML, 100ML, 325ML, 1250ML Y 5,5L, 10L<\/strong><\/p>\n","protected":false},"excerpt":{"rendered":"<p>Aditivo de floraci\u00f3n todo en uno<\/p>\n","protected":false},"featured_media":202122,"comment_status":"closed","ping_status":"closed","template":"","meta":{"_acf_changed":false,"iawp_total_views":3731},"product_brand":[],"product_cat":[222,217],"product_tag":[],"class_list":{"0":"post-22013","1":"product","2":"type-product","3":"status-publish","4":"has-post-thumbnail","6":"product_cat-aditivos","7":"product_cat-bastics","9":"first","10":"instock","11":"shipping-taxable","12":"purchasable","13":"product-type-simple"},"acf":{"short_description":"<p><strong>El aditivo de floraci\u00f3n todo en uno Bloombastic, act\u00faa como un estimulante, endurecedor, potenciador del sabor y como un activador de varios procesos enzim\u00e1ticos. Un c\u00f3ctel de alta calidad premiado internacionalmente que combina varios minerales y compuestos org\u00e1nicos.<\/strong><\/p><p>&nbsp;<\/p><p>En comparaci\u00f3n con otros productos de floraci\u00f3n l\u00edquidos, Bloombastic contiene m\u00e1s de un 50% extra de biominerales (f\u00f3sforo y potasio) para los que no se han utilizado en absoluto sustancias de carga (sodio y cloro). Bloombastic act\u00faa tambi\u00e9n a nivel enzim\u00e1tico en varias \u00e1reas, teniendo as\u00ed un impacto en la prevenci\u00f3n y la recuperaci\u00f3n del estr\u00e9s en la planta.<\/p><p>&nbsp;<\/p><p>Bloombastic aumenta el contenido de az\u00facares de tu cultivo y, en consecuencia, el peso y el aroma. Mediante una explosi\u00f3n de la producci\u00f3n de az\u00facares y de flores, Bloombastic proporciona flores robustas, compactas y arom\u00e1ticas. La combinaci\u00f3n de estas caracter\u00edsticas permite que Bloombastic reemplace varios productos.<\/p>","suitable_for":"<p>Bloombastic es un nutriente universal adecuado para diferentes tipos de verduras, frutas y hierbas como guindillas, fresas, ar\u00e1ndanos. Tambi\u00e9n se puede utilizar para las plantas ornamentales con flores (por ejemplo, orqu\u00eddeas, violetas). Los cultivadores experimentados pueden medir la dosis requerida por planta, bas\u00e1ndose en los valores NPK.<\/p><p>&nbsp;<\/p><p>Apto para los cultivos en hidro, coco y tierra.<\/p>","application":"<p>Aplicar en las \u00faltimas 4 a 6 semanas de floraci\u00f3n y maduraci\u00f3n en combinaci\u00f3n con los nutrientes b\u00e1sicos. Bloombastic se puede utilizar en cualquier sustrato y es adecuado para todos los sistemas de riego. Usar Bloombastic junto con, por ejemplo, <a href=\"https:\/\/atami.com\/es\/producto\/bcuzz-bloom-stimulator\"><strong>B\u2019cuzz Bloom Stimulator<\/strong><\/a> es una excelente manera para que los cultivadores aumenten a\u00fan m\u00e1s el efecto estimulante de la fase de floraci\u00f3n.<\/p><p>&nbsp;<\/p><p>Puede combinarse con nutrientes b\u00e1sicos, pero hay que prestar atenci\u00f3n al valor de EC de la soluci\u00f3n nutritiva. Combinar Bloombastic con otro nutriente PK no solo es innecesario, sino potencialmente riesgoso debido a la posibilidad de una sobrefertilizaci\u00f3n.<\/p>","dosage":"<p>0,5 \u2013 1 ml en 1 litro de agua.<br \/>Aumenta el valor de EC en tu soluci\u00f3n nutritiva b\u00e1sica.<\/p>","npk_ratio":"<p>PK 14-15 W\/W<\/p>","available_in":"<p>50ML, 100ML, 325ML, 1250ML Y 5,5L, 10L<\/p>","icon_1":588,"icon_1_text":"CONTIENE UN 50% M\u00c1S DE F\u00d3SFORO Y POTASIO QUE OTROS PRODUCTOS DE FLORACI\u00d3N L\u00cdQUIDOS EN EL MERCADO","icon_2":514,"icon_2_text":"UN C\u00d3CTEL DE ALTA CALIDAD DE BIOMINERALES Y BIOESTIMULANTES","icon_3":596,"icon_3_text":"\u00a1AUMENTA EL CONTENIDO DE AZ\u00daCARES, EL PESO Y EL AROMA!","icon_4":600,"icon_4_text":"EXPLOSI\u00d3N DE LA PRODUCCI\u00d3N DE AZ\u00daCARES Y FLORES","video":"https:\/\/youtu.be\/nZz-RW1YX2c","second_image":10872,"product_image_page":4348,"user_manual":"","new_icon_1":196798,"new_icon_2":196813,"new_icon_3":196828,"new_icon_4":196843,"grow_guides":"","category":"Aditivo"},"yoast_head":"<!-- This site is optimized with the Yoast SEO Premium plugin v27.5 (Yoast SEO v27.5) - https:\/\/yoast.com\/product\/yoast-seo-premium-wordpress\/ -->\n<title>Bloombastic Atami: Potencia tu cosecha con este estimulador de floraci\u00f3n<\/title>\n<meta name=\"description\" content=\"Descubre Bloombastic de Atami, el estimulador de floraci\u00f3n que maximiza la producci\u00f3n y calidad de tus flores. Ideal para cultivos de alto rendimiento y resultados impresionantes.\" \/>\n<meta name=\"robots\" content=\"index, follow, max-snippet:-1, max-image-preview:large, max-video-preview:-1\" \/>\n<link rel=\"canonical\" href=\"https:\/\/atami.com\/es\/producto\/bloombastic\" \/>\n<meta property=\"og:locale\" content=\"es_ES\" \/>\n<meta property=\"og:type\" content=\"article\" \/>\n<meta property=\"og:title\" content=\"Bloombastic\" \/>\n<meta property=\"og:description\" content=\"Descubre Bloombastic de Atami, el estimulador de floraci\u00f3n que maximiza la producci\u00f3n y calidad de tus flores. Ideal para cultivos de alto rendimiento y resultados impresionantes.\" \/>\n<meta property=\"og:url\" content=\"https:\/\/atami.com\/es\/producto\/bloombastic\" \/>\n<meta property=\"og:site_name\" content=\"Atami\" \/>\n<meta property=\"article:publisher\" content=\"https:\/\/www.facebook.com\/Atami.International\" \/>\n<meta property=\"article:modified_time\" content=\"2025-11-10T13:28:35+00:00\" \/>\n<meta property=\"og:image\" content=\"https:\/\/atami.com\/wp-content\/uploads\/2023\/02\/Bloombastic-product-image.webp\" \/>\n\t<meta property=\"og:image:width\" content=\"1080\" \/>\n\t<meta property=\"og:image:height\" content=\"1080\" \/>\n\t<meta property=\"og:image:type\" content=\"image\/webp\" \/>\n<meta name=\"twitter:card\" content=\"summary_large_image\" \/>\n<meta name=\"twitter:site\" content=\"@AtamiEU\" \/>\n<meta name=\"twitter:label1\" content=\"Tiempo de lectura\" \/>\n\t<meta name=\"twitter:data1\" content=\"2 minutos\" \/>\n<script type=\"application\/ld+json\" class=\"yoast-schema-graph\">{\"@context\":\"https:\\\/\\\/schema.org\",\"@graph\":[{\"@type\":\"WebPage\",\"@id\":\"https:\\\/\\\/atami.com\\\/es\\\/producto\\\/bloombastic\",\"url\":\"https:\\\/\\\/atami.com\\\/es\\\/producto\\\/bloombastic\",\"name\":\"Bloombastic Atami: Potencia tu cosecha con este estimulador de floraci\u00f3n\",\"isPartOf\":{\"@id\":\"https:\\\/\\\/atami.com\\\/es#website\"},\"primaryImageOfPage\":{\"@id\":\"https:\\\/\\\/atami.com\\\/es\\\/producto\\\/bloombastic#primaryimage\"},\"image\":{\"@id\":\"https:\\\/\\\/atami.com\\\/es\\\/producto\\\/bloombastic#primaryimage\"},\"thumbnailUrl\":\"https:\\\/\\\/atami.com\\\/wp-content\\\/uploads\\\/2023\\\/02\\\/Bloombastic-product-image.webp\",\"datePublished\":\"2023-02-06T13:16:50+00:00\",\"dateModified\":\"2025-11-10T13:28:35+00:00\",\"description\":\"Descubre Bloombastic de Atami, el estimulador de floraci\u00f3n que maximiza la producci\u00f3n y calidad de tus flores. Ideal para cultivos de alto rendimiento y resultados impresionantes.\",\"breadcrumb\":{\"@id\":\"https:\\\/\\\/atami.com\\\/es\\\/producto\\\/bloombastic#breadcrumb\"},\"inLanguage\":\"es\",\"potentialAction\":[{\"@type\":\"ReadAction\",\"target\":[\"https:\\\/\\\/atami.com\\\/es\\\/producto\\\/bloombastic\"]}]},{\"@type\":\"ImageObject\",\"inLanguage\":\"es\",\"@id\":\"https:\\\/\\\/atami.com\\\/es\\\/producto\\\/bloombastic#primaryimage\",\"url\":\"https:\\\/\\\/atami.com\\\/wp-content\\\/uploads\\\/2023\\\/02\\\/Bloombastic-product-image.webp\",\"contentUrl\":\"https:\\\/\\\/atami.com\\\/wp-content\\\/uploads\\\/2023\\\/02\\\/Bloombastic-product-image.webp\",\"width\":1080,\"height\":1080,\"caption\":\"Bloombastic proporciona un c\u00f3ctel de minerales y compuestos org\u00e1nicos de alta calidad para mejorar la producci\u00f3n y el sabor de las flores.\"},{\"@type\":\"BreadcrumbList\",\"@id\":\"https:\\\/\\\/atami.com\\\/es\\\/producto\\\/bloombastic#breadcrumb\",\"itemListElement\":[{\"@type\":\"ListItem\",\"position\":1,\"name\":\"Home\",\"item\":\"https:\\\/\\\/atami.com\\\/es\"},{\"@type\":\"ListItem\",\"position\":2,\"name\":\"Productos\",\"item\":\"https:\\\/\\\/atami.com\\\/es\\\/shop\"},{\"@type\":\"ListItem\",\"position\":3,\"name\":\"Marcas\",\"item\":\"https:\\\/\\\/atami.com\\\/es\\\/categoria-producto\\\/marcas\"},{\"@type\":\"ListItem\",\"position\":4,\"name\":\"Bastics\",\"item\":\"https:\\\/\\\/atami.com\\\/es\\\/categoria-producto\\\/marcas\\\/bastics\"},{\"@type\":\"ListItem\",\"position\":5,\"name\":\"Bloombastic\"}]},{\"@type\":\"WebSite\",\"@id\":\"https:\\\/\\\/atami.com\\\/es#website\",\"url\":\"https:\\\/\\\/atami.com\\\/es\",\"name\":\"Atami\",\"description\":\"NATURALLY INNOVATING!\",\"publisher\":{\"@id\":\"https:\\\/\\\/atami.com\\\/es#organization\"},\"potentialAction\":[{\"@type\":\"SearchAction\",\"target\":{\"@type\":\"EntryPoint\",\"urlTemplate\":\"https:\\\/\\\/atami.com\\\/es?s={search_term_string}\"},\"query-input\":{\"@type\":\"PropertyValueSpecification\",\"valueRequired\":true,\"valueName\":\"search_term_string\"}}],\"inLanguage\":\"es\"},{\"@type\":\"Organization\",\"@id\":\"https:\\\/\\\/atami.com\\\/es#organization\",\"name\":\"Atami\",\"url\":\"https:\\\/\\\/atami.com\\\/es\",\"logo\":{\"@type\":\"ImageObject\",\"inLanguage\":\"es\",\"@id\":\"https:\\\/\\\/atami.com\\\/es#\\\/schema\\\/logo\\\/image\\\/\",\"url\":\"https:\\\/\\\/atami.com\\\/wp-content\\\/uploads\\\/2026\\\/01\\\/Atami-logo-696x696px.webp\",\"contentUrl\":\"https:\\\/\\\/atami.com\\\/wp-content\\\/uploads\\\/2026\\\/01\\\/Atami-logo-696x696px.webp\",\"width\":696,\"height\":696,\"caption\":\"Atami\"},\"image\":{\"@id\":\"https:\\\/\\\/atami.com\\\/es#\\\/schema\\\/logo\\\/image\\\/\"},\"sameAs\":[\"https:\\\/\\\/www.facebook.com\\\/Atami.International\",\"https:\\\/\\\/x.com\\\/AtamiEU\",\"https:\\\/\\\/www.youtube.com\\\/c\\\/AtamiInternational\",\"https:\\\/\\\/www.instagram.com\\\/atami.international\\\/\"],\"description\":\"ATAMI is a premium plant nutrition & substrate brand founded in 1997 with the mission to make exceptional cultivation achievable for everyone. From legacy to license, we offer a wide variety of innovating award-winning products to let cultivators achieve maximum results in taste & yield.\",\"email\":\"info@mginnovations.es\",\"legalName\":\"Atami\",\"numberOfEmployees\":{\"@type\":\"QuantitativeValue\",\"minValue\":\"11\",\"maxValue\":\"50\"}}]}<\/script>\n<!-- \/ Yoast SEO Premium plugin. -->","yoast_head_json":{"title":"Bloombastic Atami: Potencia tu cosecha con este estimulador de floraci\u00f3n","description":"Descubre Bloombastic de Atami, el estimulador de floraci\u00f3n que maximiza la producci\u00f3n y calidad de tus flores. Ideal para cultivos de alto rendimiento y resultados impresionantes.","robots":{"index":"index","follow":"follow","max-snippet":"max-snippet:-1","max-image-preview":"max-image-preview:large","max-video-preview":"max-video-preview:-1"},"canonical":"https:\/\/atami.com\/es\/producto\/bloombastic","og_locale":"es_ES","og_type":"article","og_title":"Bloombastic","og_description":"Descubre Bloombastic de Atami, el estimulador de floraci\u00f3n que maximiza la producci\u00f3n y calidad de tus flores. Ideal para cultivos de alto rendimiento y resultados impresionantes.","og_url":"https:\/\/atami.com\/es\/producto\/bloombastic","og_site_name":"Atami","article_publisher":"https:\/\/www.facebook.com\/Atami.International","article_modified_time":"2025-11-10T13:28:35+00:00","og_image":[{"width":1080,"height":1080,"url":"https:\/\/atami.com\/wp-content\/uploads\/2023\/02\/Bloombastic-product-image.webp","type":"image\/webp"}],"twitter_card":"summary_large_image","twitter_site":"@AtamiEU","twitter_misc":{"Tiempo de lectura":"2 minutos"},"schema":{"@context":"https:\/\/schema.org","@graph":[{"@type":"WebPage","@id":"https:\/\/atami.com\/es\/producto\/bloombastic","url":"https:\/\/atami.com\/es\/producto\/bloombastic","name":"Bloombastic Atami: Potencia tu cosecha con este estimulador de floraci\u00f3n","isPartOf":{"@id":"https:\/\/atami.com\/es#website"},"primaryImageOfPage":{"@id":"https:\/\/atami.com\/es\/producto\/bloombastic#primaryimage"},"image":{"@id":"https:\/\/atami.com\/es\/producto\/bloombastic#primaryimage"},"thumbnailUrl":"https:\/\/atami.com\/wp-content\/uploads\/2023\/02\/Bloombastic-product-image.webp","datePublished":"2023-02-06T13:16:50+00:00","dateModified":"2025-11-10T13:28:35+00:00","description":"Descubre Bloombastic de Atami, el estimulador de floraci\u00f3n que maximiza la producci\u00f3n y calidad de tus flores. Ideal para cultivos de alto rendimiento y resultados impresionantes.","breadcrumb":{"@id":"https:\/\/atami.com\/es\/producto\/bloombastic#breadcrumb"},"inLanguage":"es","potentialAction":[{"@type":"ReadAction","target":["https:\/\/atami.com\/es\/producto\/bloombastic"]}]},{"@type":"ImageObject","inLanguage":"es","@id":"https:\/\/atami.com\/es\/producto\/bloombastic#primaryimage","url":"https:\/\/atami.com\/wp-content\/uploads\/2023\/02\/Bloombastic-product-image.webp","contentUrl":"https:\/\/atami.com\/wp-content\/uploads\/2023\/02\/Bloombastic-product-image.webp","width":1080,"height":1080,"caption":"Bloombastic proporciona un c\u00f3ctel de minerales y compuestos org\u00e1nicos de alta calidad para mejorar la producci\u00f3n y el sabor de las flores."},{"@type":"BreadcrumbList","@id":"https:\/\/atami.com\/es\/producto\/bloombastic#breadcrumb","itemListElement":[{"@type":"ListItem","position":1,"name":"Home","item":"https:\/\/atami.com\/es"},{"@type":"ListItem","position":2,"name":"Productos","item":"https:\/\/atami.com\/es\/shop"},{"@type":"ListItem","position":3,"name":"Marcas","item":"https:\/\/atami.com\/es\/categoria-producto\/marcas"},{"@type":"ListItem","position":4,"name":"Bastics","item":"https:\/\/atami.com\/es\/categoria-producto\/marcas\/bastics"},{"@type":"ListItem","position":5,"name":"Bloombastic"}]},{"@type":"WebSite","@id":"https:\/\/atami.com\/es#website","url":"https:\/\/atami.com\/es","name":"Atami","description":"NATURALLY INNOVATING!","publisher":{"@id":"https:\/\/atami.com\/es#organization"},"potentialAction":[{"@type":"SearchAction","target":{"@type":"EntryPoint","urlTemplate":"https:\/\/atami.com\/es?s={search_term_string}"},"query-input":{"@type":"PropertyValueSpecification","valueRequired":true,"valueName":"search_term_string"}}],"inLanguage":"es"},{"@type":"Organization","@id":"https:\/\/atami.com\/es#organization","name":"Atami","url":"https:\/\/atami.com\/es","logo":{"@type":"ImageObject","inLanguage":"es","@id":"https:\/\/atami.com\/es#\/schema\/logo\/image\/","url":"https:\/\/atami.com\/wp-content\/uploads\/2026\/01\/Atami-logo-696x696px.webp","contentUrl":"https:\/\/atami.com\/wp-content\/uploads\/2026\/01\/Atami-logo-696x696px.webp","width":696,"height":696,"caption":"Atami"},"image":{"@id":"https:\/\/atami.com\/es#\/schema\/logo\/image\/"},"sameAs":["https:\/\/www.facebook.com\/Atami.International","https:\/\/x.com\/AtamiEU","https:\/\/www.youtube.com\/c\/AtamiInternational","https:\/\/www.instagram.com\/atami.international\/"],"description":"ATAMI is a premium plant nutrition & substrate brand founded in 1997 with the mission to make exceptional cultivation achievable for everyone. From legacy to license, we offer a wide variety of innovating award-winning products to let cultivators achieve maximum results in taste & yield.","email":"info@mginnovations.es","legalName":"Atami","numberOfEmployees":{"@type":"QuantitativeValue","minValue":"11","maxValue":"50"}}]}},"_links":{"self":[{"href":"https:\/\/atami.com\/es\/wp-json\/wp\/v2\/product\/22013","targetHints":{"allow":["GET"]}}],"collection":[{"href":"https:\/\/atami.com\/es\/wp-json\/wp\/v2\/product"}],"about":[{"href":"https:\/\/atami.com\/es\/wp-json\/wp\/v2\/types\/product"}],"replies":[{"embeddable":true,"href":"https:\/\/atami.com\/es\/wp-json\/wp\/v2\/comments?post=22013"}],"wp:featuredmedia":[{"embeddable":true,"href":"https:\/\/atami.com\/es\/wp-json\/wp\/v2\/media\/202122"}],"wp:attachment":[{"href":"https:\/\/atami.com\/es\/wp-json\/wp\/v2\/media?parent=22013"}],"wp:term":[{"taxonomy":"product_brand","embeddable":true,"href":"https:\/\/atami.com\/es\/wp-json\/wp\/v2\/product_brand?post=22013"},{"taxonomy":"product_cat","embeddable":true,"href":"https:\/\/atami.com\/es\/wp-json\/wp\/v2\/product_cat?post=22013"},{"taxonomy":"product_tag","embeddable":true,"href":"https:\/\/atami.com\/es\/wp-json\/wp\/v2\/product_tag?post=22013"}],"curies":[{"name":"wp","href":"https:\/\/api.w.org\/{rel}","templated":true}]}}