{"id":202509,"date":"2025-01-22T12:19:25","date_gmt":"2025-01-22T10:19:25","guid":{"rendered":"https:\/\/atami.com\/?post_type=product&#038;p=202509"},"modified":"2025-11-10T15:36:27","modified_gmt":"2025-11-10T13:36:27","slug":"vgn-calmag","status":"publish","type":"product","link":"https:\/\/atami.com\/es\/producto\/vgn-calmag","title":{"rendered":"VGN CALMAG"},"content":{"rendered":"","protected":false},"excerpt":{"rendered":"<p>Veganic calmag<\/p>\n","protected":false},"featured_media":202452,"comment_status":"closed","ping_status":"closed","template":"","meta":{"_acf_changed":false,"iawp_total_views":210},"product_brand":[],"product_cat":[222,2337],"product_tag":[],"class_list":{"0":"post-202509","1":"product","2":"type-product","3":"status-publish","4":"has-post-thumbnail","6":"product_cat-aditivos","7":"product_cat-vgn-fertilizantes-veganic","9":"first","10":"instock","11":"shipping-taxable","12":"product-type-simple"},"acf":{"short_description":"<p><strong>Suplemento de Calcio y Magnesio para la Agricultura Ecol\u00f3gica.<\/strong><\/p><p>Normalmente, la composici\u00f3n exacta del agua del grifo es incierta y no podemos confiar en ella como \u00fanica fuente de calcio y magnesio. Si cultivas con agua blanda de grifo, agua de lluvia u \u00f3smosis inversa, el uso de un suplemento de calcio y magnesio es casi obligatorio.<\/p><p>&nbsp;<\/p><p>VGN CALMAG te ayudar\u00e1 evitar deficiencias de Ca\/Mg gracias a su aporte de estos elementos. El Calcio y el Magnesio son elementos vitales para las paredes celulares, la producci\u00f3n celular y la fotos\u00edntesis. Todo lo que una planta necesita para un crecimiento robusto y una floraci\u00f3n satisfactoria.<\/p><p>&nbsp;<\/p><p>\u00bfPor qu\u00e9 elegir VGN Calmag? Este producto mezcla los mejores ingredientes, aprobados por Control Union para la Agricultura Ecol\u00f3gica. Todo ello sin introducir nitr\u00f3geno extra, as\u00ed que VGN Calmag no modificar\u00e1 la proporci\u00f3n NPK de su soluci\u00f3n nutritiva. Util\u00edzalo para corregir los desequilibrios y d\u00e9ficits de la soluci\u00f3n de forma f\u00e1cil, precisa y natural.<\/p>","suitable_for":"<p>Adecuado para el cultivo en suelo. <br \/>Menos adecuado para sistemas de riego, puede causar olores y biofilm.<\/p>","application":"<p><strong>\u00bfC\u00f3mo utilizarlo?<\/strong><br \/>1. Llena su regadera hasta la mitad con agua del grifo.<br \/>2. A\u00f1ade la cantidad deseada de VGN CalMag.<br \/>3. Remueve bien la mezcla.<br \/>4. Incorpora los otros nutrientes o aditivos.<br \/>5. A\u00f1ade el otro 50% del agua y remueve bien.<br \/>6. \u00a1La soluci\u00f3n ya est\u00e1 lista para usar!<\/p>","dosage":"<p>A\u00f1ada 1 - 2 ml de VGN CALMAG por 1 litro de agua del grifo cuando alimente sus plantas durante todas las fases.<\/p>","npk_ratio":"","available_in":"<p>4x250ml, 500ml, 1L, 5L, 10L<\/p>","icon_1":202495,"icon_1_text":"Extra calcio y magnesio <br>sin nitr\u00f3geno","icon_2":184166,"icon_2_text":"","icon_3":"","icon_3_text":"","icon_4":"","icon_4_text":"","video":"","second_image":"","product_image_page":"","user_manual":"","new_icon_1":"","new_icon_2":"","new_icon_3":"","new_icon_4":"","grow_guides":"","category":"Aditivo"},"yoast_head":"<!-- This site is optimized with the Yoast SEO Premium plugin v27.5 (Yoast SEO v27.5) - https:\/\/yoast.com\/product\/yoast-seo-premium-wordpress\/ -->\n<title>VGN Calmag | Soluci\u00f3n Ecol\u00f3gica para la Salud de tus Plantas<\/title>\n<meta name=\"description\" content=\"Normalmente, la composici\u00f3n exacta del agua del grifo es incierta y no podemos confiar en ella como \u00fanica fuente de calcio y magnesio.\" \/>\n<meta name=\"robots\" content=\"index, follow, max-snippet:-1, max-image-preview:large, max-video-preview:-1\" \/>\n<link rel=\"canonical\" href=\"https:\/\/atami.com\/es\/producto\/vgn-calmag\" \/>\n<meta property=\"og:locale\" content=\"es_ES\" \/>\n<meta property=\"og:type\" content=\"article\" \/>\n<meta property=\"og:title\" content=\"VGN CALMAG\" \/>\n<meta property=\"og:description\" content=\"Normalmente, la composici\u00f3n exacta del agua del grifo es incierta y no podemos confiar en ella como \u00fanica fuente de calcio y magnesio.\" \/>\n<meta property=\"og:url\" content=\"https:\/\/atami.com\/es\/producto\/vgn-calmag\" \/>\n<meta property=\"og:site_name\" content=\"Atami\" \/>\n<meta property=\"article:publisher\" content=\"https:\/\/www.facebook.com\/Atami.International\" \/>\n<meta property=\"article:modified_time\" content=\"2025-11-10T13:36:27+00:00\" \/>\n<meta property=\"og:image\" content=\"https:\/\/atami.com\/wp-content\/uploads\/2025\/01\/VGN-Calmag-product-image.webp\" \/>\n\t<meta property=\"og:image:width\" content=\"1080\" \/>\n\t<meta property=\"og:image:height\" content=\"1080\" \/>\n\t<meta property=\"og:image:type\" content=\"image\/webp\" \/>\n<meta name=\"twitter:card\" content=\"summary_large_image\" \/>\n<meta name=\"twitter:site\" content=\"@AtamiEU\" \/>\n<meta name=\"twitter:label1\" content=\"Tiempo de lectura\" \/>\n\t<meta name=\"twitter:data1\" content=\"1 minuto\" \/>\n<script type=\"application\/ld+json\" class=\"yoast-schema-graph\">{\"@context\":\"https:\\\/\\\/schema.org\",\"@graph\":[{\"@type\":\"WebPage\",\"@id\":\"https:\\\/\\\/atami.com\\\/es\\\/producto\\\/vgn-calmag\",\"url\":\"https:\\\/\\\/atami.com\\\/es\\\/producto\\\/vgn-calmag\",\"name\":\"VGN Calmag | Soluci\u00f3n Ecol\u00f3gica para la Salud de tus Plantas\",\"isPartOf\":{\"@id\":\"https:\\\/\\\/atami.com\\\/es#website\"},\"primaryImageOfPage\":{\"@id\":\"https:\\\/\\\/atami.com\\\/es\\\/producto\\\/vgn-calmag#primaryimage\"},\"image\":{\"@id\":\"https:\\\/\\\/atami.com\\\/es\\\/producto\\\/vgn-calmag#primaryimage\"},\"thumbnailUrl\":\"https:\\\/\\\/atami.com\\\/wp-content\\\/uploads\\\/2025\\\/01\\\/VGN-Calmag-product-image.webp\",\"datePublished\":\"2025-01-22T10:19:25+00:00\",\"dateModified\":\"2025-11-10T13:36:27+00:00\",\"description\":\"Normalmente, la composici\u00f3n exacta del agua del grifo es incierta y no podemos confiar en ella como \u00fanica fuente de calcio y magnesio.\",\"breadcrumb\":{\"@id\":\"https:\\\/\\\/atami.com\\\/es\\\/producto\\\/vgn-calmag#breadcrumb\"},\"inLanguage\":\"es\",\"potentialAction\":[{\"@type\":\"ReadAction\",\"target\":[\"https:\\\/\\\/atami.com\\\/es\\\/producto\\\/vgn-calmag\"]}]},{\"@type\":\"ImageObject\",\"inLanguage\":\"es\",\"@id\":\"https:\\\/\\\/atami.com\\\/es\\\/producto\\\/vgn-calmag#primaryimage\",\"url\":\"https:\\\/\\\/atami.com\\\/wp-content\\\/uploads\\\/2025\\\/01\\\/VGN-Calmag-product-image.webp\",\"contentUrl\":\"https:\\\/\\\/atami.com\\\/wp-content\\\/uploads\\\/2025\\\/01\\\/VGN-Calmag-product-image.webp\",\"width\":1080,\"height\":1080,\"caption\":\"VGN Calmag proporciona calcio y magnesio esenciales, vitales para las paredes celulares, la producci\u00f3n celular y la fotos\u00edntesis, lo que garantiza un crecimiento robusto y una floraci\u00f3n exitosa.\"},{\"@type\":\"BreadcrumbList\",\"@id\":\"https:\\\/\\\/atami.com\\\/es\\\/producto\\\/vgn-calmag#breadcrumb\",\"itemListElement\":[{\"@type\":\"ListItem\",\"position\":1,\"name\":\"Home\",\"item\":\"https:\\\/\\\/atami.com\\\/es\"},{\"@type\":\"ListItem\",\"position\":2,\"name\":\"Productos\",\"item\":\"https:\\\/\\\/atami.com\\\/es\\\/shop\"},{\"@type\":\"ListItem\",\"position\":3,\"name\":\"Marcas\",\"item\":\"https:\\\/\\\/atami.com\\\/es\\\/categoria-producto\\\/marcas\"},{\"@type\":\"ListItem\",\"position\":4,\"name\":\"VGN - FERTILIZANTES VEGANIC\",\"item\":\"https:\\\/\\\/atami.com\\\/es\\\/categoria-producto\\\/marcas\\\/vgn-fertilizantes-veganic\"},{\"@type\":\"ListItem\",\"position\":5,\"name\":\"VGN CALMAG\"}]},{\"@type\":\"WebSite\",\"@id\":\"https:\\\/\\\/atami.com\\\/es#website\",\"url\":\"https:\\\/\\\/atami.com\\\/es\",\"name\":\"Atami\",\"description\":\"NATURALLY INNOVATING!\",\"publisher\":{\"@id\":\"https:\\\/\\\/atami.com\\\/es#organization\"},\"potentialAction\":[{\"@type\":\"SearchAction\",\"target\":{\"@type\":\"EntryPoint\",\"urlTemplate\":\"https:\\\/\\\/atami.com\\\/es?s={search_term_string}\"},\"query-input\":{\"@type\":\"PropertyValueSpecification\",\"valueRequired\":true,\"valueName\":\"search_term_string\"}}],\"inLanguage\":\"es\"},{\"@type\":\"Organization\",\"@id\":\"https:\\\/\\\/atami.com\\\/es#organization\",\"name\":\"Atami\",\"url\":\"https:\\\/\\\/atami.com\\\/es\",\"logo\":{\"@type\":\"ImageObject\",\"inLanguage\":\"es\",\"@id\":\"https:\\\/\\\/atami.com\\\/es#\\\/schema\\\/logo\\\/image\\\/\",\"url\":\"https:\\\/\\\/atami.com\\\/wp-content\\\/uploads\\\/2026\\\/01\\\/Atami-logo-696x696px.webp\",\"contentUrl\":\"https:\\\/\\\/atami.com\\\/wp-content\\\/uploads\\\/2026\\\/01\\\/Atami-logo-696x696px.webp\",\"width\":696,\"height\":696,\"caption\":\"Atami\"},\"image\":{\"@id\":\"https:\\\/\\\/atami.com\\\/es#\\\/schema\\\/logo\\\/image\\\/\"},\"sameAs\":[\"https:\\\/\\\/www.facebook.com\\\/Atami.International\",\"https:\\\/\\\/x.com\\\/AtamiEU\",\"https:\\\/\\\/www.youtube.com\\\/c\\\/AtamiInternational\",\"https:\\\/\\\/www.instagram.com\\\/atami.international\\\/\"],\"description\":\"ATAMI is a premium plant nutrition & substrate brand founded in 1997 with the mission to make exceptional cultivation achievable for everyone. From legacy to license, we offer a wide variety of innovating award-winning products to let cultivators achieve maximum results in taste & yield.\",\"email\":\"info@mginnovations.es\",\"legalName\":\"Atami\",\"numberOfEmployees\":{\"@type\":\"QuantitativeValue\",\"minValue\":\"11\",\"maxValue\":\"50\"}}]}<\/script>\n<!-- \/ Yoast SEO Premium plugin. -->","yoast_head_json":{"title":"VGN Calmag | Soluci\u00f3n Ecol\u00f3gica para la Salud de tus Plantas","description":"Normalmente, la composici\u00f3n exacta del agua del grifo es incierta y no podemos confiar en ella como \u00fanica fuente de calcio y magnesio.","robots":{"index":"index","follow":"follow","max-snippet":"max-snippet:-1","max-image-preview":"max-image-preview:large","max-video-preview":"max-video-preview:-1"},"canonical":"https:\/\/atami.com\/es\/producto\/vgn-calmag","og_locale":"es_ES","og_type":"article","og_title":"VGN CALMAG","og_description":"Normalmente, la composici\u00f3n exacta del agua del grifo es incierta y no podemos confiar en ella como \u00fanica fuente de calcio y magnesio.","og_url":"https:\/\/atami.com\/es\/producto\/vgn-calmag","og_site_name":"Atami","article_publisher":"https:\/\/www.facebook.com\/Atami.International","article_modified_time":"2025-11-10T13:36:27+00:00","og_image":[{"width":1080,"height":1080,"url":"https:\/\/atami.com\/wp-content\/uploads\/2025\/01\/VGN-Calmag-product-image.webp","type":"image\/webp"}],"twitter_card":"summary_large_image","twitter_site":"@AtamiEU","twitter_misc":{"Tiempo de lectura":"1 minuto"},"schema":{"@context":"https:\/\/schema.org","@graph":[{"@type":"WebPage","@id":"https:\/\/atami.com\/es\/producto\/vgn-calmag","url":"https:\/\/atami.com\/es\/producto\/vgn-calmag","name":"VGN Calmag | Soluci\u00f3n Ecol\u00f3gica para la Salud de tus Plantas","isPartOf":{"@id":"https:\/\/atami.com\/es#website"},"primaryImageOfPage":{"@id":"https:\/\/atami.com\/es\/producto\/vgn-calmag#primaryimage"},"image":{"@id":"https:\/\/atami.com\/es\/producto\/vgn-calmag#primaryimage"},"thumbnailUrl":"https:\/\/atami.com\/wp-content\/uploads\/2025\/01\/VGN-Calmag-product-image.webp","datePublished":"2025-01-22T10:19:25+00:00","dateModified":"2025-11-10T13:36:27+00:00","description":"Normalmente, la composici\u00f3n exacta del agua del grifo es incierta y no podemos confiar en ella como \u00fanica fuente de calcio y magnesio.","breadcrumb":{"@id":"https:\/\/atami.com\/es\/producto\/vgn-calmag#breadcrumb"},"inLanguage":"es","potentialAction":[{"@type":"ReadAction","target":["https:\/\/atami.com\/es\/producto\/vgn-calmag"]}]},{"@type":"ImageObject","inLanguage":"es","@id":"https:\/\/atami.com\/es\/producto\/vgn-calmag#primaryimage","url":"https:\/\/atami.com\/wp-content\/uploads\/2025\/01\/VGN-Calmag-product-image.webp","contentUrl":"https:\/\/atami.com\/wp-content\/uploads\/2025\/01\/VGN-Calmag-product-image.webp","width":1080,"height":1080,"caption":"VGN Calmag proporciona calcio y magnesio esenciales, vitales para las paredes celulares, la producci\u00f3n celular y la fotos\u00edntesis, lo que garantiza un crecimiento robusto y una floraci\u00f3n exitosa."},{"@type":"BreadcrumbList","@id":"https:\/\/atami.com\/es\/producto\/vgn-calmag#breadcrumb","itemListElement":[{"@type":"ListItem","position":1,"name":"Home","item":"https:\/\/atami.com\/es"},{"@type":"ListItem","position":2,"name":"Productos","item":"https:\/\/atami.com\/es\/shop"},{"@type":"ListItem","position":3,"name":"Marcas","item":"https:\/\/atami.com\/es\/categoria-producto\/marcas"},{"@type":"ListItem","position":4,"name":"VGN - FERTILIZANTES VEGANIC","item":"https:\/\/atami.com\/es\/categoria-producto\/marcas\/vgn-fertilizantes-veganic"},{"@type":"ListItem","position":5,"name":"VGN CALMAG"}]},{"@type":"WebSite","@id":"https:\/\/atami.com\/es#website","url":"https:\/\/atami.com\/es","name":"Atami","description":"NATURALLY INNOVATING!","publisher":{"@id":"https:\/\/atami.com\/es#organization"},"potentialAction":[{"@type":"SearchAction","target":{"@type":"EntryPoint","urlTemplate":"https:\/\/atami.com\/es?s={search_term_string}"},"query-input":{"@type":"PropertyValueSpecification","valueRequired":true,"valueName":"search_term_string"}}],"inLanguage":"es"},{"@type":"Organization","@id":"https:\/\/atami.com\/es#organization","name":"Atami","url":"https:\/\/atami.com\/es","logo":{"@type":"ImageObject","inLanguage":"es","@id":"https:\/\/atami.com\/es#\/schema\/logo\/image\/","url":"https:\/\/atami.com\/wp-content\/uploads\/2026\/01\/Atami-logo-696x696px.webp","contentUrl":"https:\/\/atami.com\/wp-content\/uploads\/2026\/01\/Atami-logo-696x696px.webp","width":696,"height":696,"caption":"Atami"},"image":{"@id":"https:\/\/atami.com\/es#\/schema\/logo\/image\/"},"sameAs":["https:\/\/www.facebook.com\/Atami.International","https:\/\/x.com\/AtamiEU","https:\/\/www.youtube.com\/c\/AtamiInternational","https:\/\/www.instagram.com\/atami.international\/"],"description":"ATAMI is a premium plant nutrition & substrate brand founded in 1997 with the mission to make exceptional cultivation achievable for everyone. From legacy to license, we offer a wide variety of innovating award-winning products to let cultivators achieve maximum results in taste & yield.","email":"info@mginnovations.es","legalName":"Atami","numberOfEmployees":{"@type":"QuantitativeValue","minValue":"11","maxValue":"50"}}]}},"_links":{"self":[{"href":"https:\/\/atami.com\/es\/wp-json\/wp\/v2\/product\/202509","targetHints":{"allow":["GET"]}}],"collection":[{"href":"https:\/\/atami.com\/es\/wp-json\/wp\/v2\/product"}],"about":[{"href":"https:\/\/atami.com\/es\/wp-json\/wp\/v2\/types\/product"}],"replies":[{"embeddable":true,"href":"https:\/\/atami.com\/es\/wp-json\/wp\/v2\/comments?post=202509"}],"wp:featuredmedia":[{"embeddable":true,"href":"https:\/\/atami.com\/es\/wp-json\/wp\/v2\/media\/202452"}],"wp:attachment":[{"href":"https:\/\/atami.com\/es\/wp-json\/wp\/v2\/media?parent=202509"}],"wp:term":[{"taxonomy":"product_brand","embeddable":true,"href":"https:\/\/atami.com\/es\/wp-json\/wp\/v2\/product_brand?post=202509"},{"taxonomy":"product_cat","embeddable":true,"href":"https:\/\/atami.com\/es\/wp-json\/wp\/v2\/product_cat?post=202509"},{"taxonomy":"product_tag","embeddable":true,"href":"https:\/\/atami.com\/es\/wp-json\/wp\/v2\/product_tag?post=202509"}],"curies":[{"name":"wp","href":"https:\/\/api.w.org\/{rel}","templated":true}]}}