{"id":202508,"date":"2025-01-22T12:19:26","date_gmt":"2025-01-22T10:19:26","guid":{"rendered":"https:\/\/atami.com\/?post_type=product&#038;p=202508"},"modified":"2025-11-10T15:00:05","modified_gmt":"2025-11-10T13:00:05","slug":"vgn-1-4-4","status":"publish","type":"product","link":"https:\/\/atami.com\/es\/producto\/vgn-1-4-4","title":{"rendered":"VGN 1-4-4"},"content":{"rendered":"","protected":false},"excerpt":{"rendered":"<p>Veganic boost<\/p>\n","protected":false},"featured_media":202441,"comment_status":"closed","ping_status":"closed","template":"","meta":{"_acf_changed":false,"iawp_total_views":240},"product_brand":[],"product_cat":[225,2337],"product_tag":[],"class_list":{"0":"post-202508","1":"product","2":"type-product","3":"status-publish","4":"has-post-thumbnail","6":"product_cat-boosters","7":"product_cat-vgn-fertilizantes-veganic","9":"first","10":"instock","11":"shipping-taxable","12":"product-type-simple"},"acf":{"short_description":"<p><strong>Fertilizante de floraci\u00f3n para floraciones excepcionales.<\/strong><\/p><p>VGN 1-4-4 es un fertilizante de floraci\u00f3n l\u00edquido, obtenido mediante el procesamiento y la mezcla de diversos residuos vegetales. VGN 1-4-4 es el complemento perfecto para los dem\u00e1s nutrientes b\u00e1sicos de la gama VGN. Aportar\u00e1 el f\u00f3sforo y el potasio adicionales que las plantas necesitan durante la fase de floraci\u00f3n y maduraci\u00f3n.<\/p><p>&nbsp;<\/p><p>El objetivo de la l\u00ednea VGN es alimentar a las plantas mientras mantiene un ecosistema pr\u00f3spero bajo la superficie. Al igual que el resto de los productos VGN, todos los ingredientes de VGN 1-4-4 est\u00e1n revisados y aprobados por Control Union para la agricultura ecol\u00f3gica.<\/p>","suitable_for":"<p>Adecuado para el cultivo en suelo. <br \/>Menos adecuado para sistemas de riego, puede causar olores y biofilm.<\/p>","application":"<p><strong>\u00bfC\u00f3mo utilizarlo?<\/strong><br \/>1. Llena la regadera hasta la mitad con agua del grifo.<br \/>2. A\u00f1ade los fertilizantes b\u00e1sicos VGN.<br \/>3. Remueve bien la mezcla.<br \/>4. A\u00f1ade la cantidad deseada de VGN 1-4-4.<br \/>5. Llena el resto de la regadera con agua del grifo.<br \/>6. \u00a1La soluci\u00f3n ya est\u00e1 lista para usar!<\/p>","dosage":"<p>A\u00f1ade 1 - 3 ml de VGN 1-4-4 por 1 litro de agua cuando riegues tus plantas. Comienza la aplicaci\u00f3n desde el final de la fase de crecimiento y aumenta la dosis durante la floraci\u00f3n y la maduraci\u00f3n.<\/p>","npk_ratio":"<p>1-4-4<\/p>","available_in":"<p>4x250ml, 500ml, 1L, 5L, 10L<\/p>","icon_1":202484,"icon_1_text":"Alto en f\u00f3sforo y potasio","icon_2":184166,"icon_2_text":"","icon_3":"","icon_3_text":"","icon_4":"","icon_4_text":"","video":"","second_image":"","product_image_page":"","user_manual":"","new_icon_1":"","new_icon_2":"","new_icon_3":"","new_icon_4":"","grow_guides":"","category":"Refuerzo"},"yoast_head":"<!-- This site is optimized with the Yoast SEO Premium plugin v27.4 (Yoast SEO v27.4) - https:\/\/yoast.com\/product\/yoast-seo-premium-wordpress\/ -->\n<title>VGN 1-4-4 | Fertilizante Ecol\u00f3gico para Plantas M\u00e1s Fuertes y Sanas<\/title>\n<meta name=\"description\" content=\"VGN 1-4-4 es un fertilizante de floraci\u00f3n l\u00edquido, obtenido mediante el procesamiento y la mezcla de diversos residuos vegetales.\" \/>\n<meta name=\"robots\" content=\"index, follow, max-snippet:-1, max-image-preview:large, max-video-preview:-1\" \/>\n<link rel=\"canonical\" href=\"https:\/\/atami.com\/es\/producto\/vgn-1-4-4\" \/>\n<meta property=\"og:locale\" content=\"es_ES\" \/>\n<meta property=\"og:type\" content=\"article\" \/>\n<meta property=\"og:title\" content=\"VGN 1-4-4\" \/>\n<meta property=\"og:description\" content=\"VGN 1-4-4 es un fertilizante de floraci\u00f3n l\u00edquido, obtenido mediante el procesamiento y la mezcla de diversos residuos vegetales.\" \/>\n<meta property=\"og:url\" content=\"https:\/\/atami.com\/es\/producto\/vgn-1-4-4\" \/>\n<meta property=\"og:site_name\" content=\"Atami\" \/>\n<meta property=\"article:publisher\" content=\"https:\/\/www.facebook.com\/Atami.International\" \/>\n<meta property=\"article:modified_time\" content=\"2025-11-10T13:00:05+00:00\" \/>\n<meta property=\"og:image\" content=\"https:\/\/atami.com\/wp-content\/uploads\/2025\/01\/VGN-1-4-4-product-image.webp\" \/>\n\t<meta property=\"og:image:width\" content=\"1080\" \/>\n\t<meta property=\"og:image:height\" content=\"1080\" \/>\n\t<meta property=\"og:image:type\" content=\"image\/webp\" \/>\n<meta name=\"twitter:card\" content=\"summary_large_image\" \/>\n<meta name=\"twitter:site\" content=\"@AtamiEU\" \/>\n<meta name=\"twitter:label1\" content=\"Tiempo de lectura\" \/>\n\t<meta name=\"twitter:data1\" content=\"1 minuto\" \/>\n<script type=\"application\/ld+json\" class=\"yoast-schema-graph\">{\"@context\":\"https:\\\/\\\/schema.org\",\"@graph\":[{\"@type\":\"WebPage\",\"@id\":\"https:\\\/\\\/atami.com\\\/es\\\/producto\\\/vgn-1-4-4\",\"url\":\"https:\\\/\\\/atami.com\\\/es\\\/producto\\\/vgn-1-4-4\",\"name\":\"VGN 1-4-4 | Fertilizante Ecol\u00f3gico para Plantas M\u00e1s Fuertes y Sanas\",\"isPartOf\":{\"@id\":\"https:\\\/\\\/atami.com\\\/es#website\"},\"primaryImageOfPage\":{\"@id\":\"https:\\\/\\\/atami.com\\\/es\\\/producto\\\/vgn-1-4-4#primaryimage\"},\"image\":{\"@id\":\"https:\\\/\\\/atami.com\\\/es\\\/producto\\\/vgn-1-4-4#primaryimage\"},\"thumbnailUrl\":\"https:\\\/\\\/atami.com\\\/wp-content\\\/uploads\\\/2025\\\/01\\\/VGN-1-4-4-product-image.webp\",\"datePublished\":\"2025-01-22T10:19:26+00:00\",\"dateModified\":\"2025-11-10T13:00:05+00:00\",\"description\":\"VGN 1-4-4 es un fertilizante de floraci\u00f3n l\u00edquido, obtenido mediante el procesamiento y la mezcla de diversos residuos vegetales.\",\"breadcrumb\":{\"@id\":\"https:\\\/\\\/atami.com\\\/es\\\/producto\\\/vgn-1-4-4#breadcrumb\"},\"inLanguage\":\"es\",\"potentialAction\":[{\"@type\":\"ReadAction\",\"target\":[\"https:\\\/\\\/atami.com\\\/es\\\/producto\\\/vgn-1-4-4\"]}]},{\"@type\":\"ImageObject\",\"inLanguage\":\"es\",\"@id\":\"https:\\\/\\\/atami.com\\\/es\\\/producto\\\/vgn-1-4-4#primaryimage\",\"url\":\"https:\\\/\\\/atami.com\\\/wp-content\\\/uploads\\\/2025\\\/01\\\/VGN-1-4-4-product-image.webp\",\"contentUrl\":\"https:\\\/\\\/atami.com\\\/wp-content\\\/uploads\\\/2025\\\/01\\\/VGN-1-4-4-product-image.webp\",\"width\":1080,\"height\":1080,\"caption\":\"Atami VGN 1-4-4 es un fertilizante l\u00edquido para flores que se obtiene procesando y mezclando diversos residuos vegetales, aportando el extra de f\u00f3sforo y potasio que las plantas necesitan durante la fase de floraci\u00f3n y maduraci\u00f3n.\"},{\"@type\":\"BreadcrumbList\",\"@id\":\"https:\\\/\\\/atami.com\\\/es\\\/producto\\\/vgn-1-4-4#breadcrumb\",\"itemListElement\":[{\"@type\":\"ListItem\",\"position\":1,\"name\":\"Home\",\"item\":\"https:\\\/\\\/atami.com\\\/es\"},{\"@type\":\"ListItem\",\"position\":2,\"name\":\"Productos\",\"item\":\"https:\\\/\\\/atami.com\\\/es\\\/shop\"},{\"@type\":\"ListItem\",\"position\":3,\"name\":\"Marcas\",\"item\":\"https:\\\/\\\/atami.com\\\/es\\\/categoria-producto\\\/marcas\"},{\"@type\":\"ListItem\",\"position\":4,\"name\":\"VGN - FERTILIZANTES VEGANIC\",\"item\":\"https:\\\/\\\/atami.com\\\/es\\\/categoria-producto\\\/marcas\\\/vgn-fertilizantes-veganic\"},{\"@type\":\"ListItem\",\"position\":5,\"name\":\"VGN 1-4-4\"}]},{\"@type\":\"WebSite\",\"@id\":\"https:\\\/\\\/atami.com\\\/es#website\",\"url\":\"https:\\\/\\\/atami.com\\\/es\",\"name\":\"Atami\",\"description\":\"NATURALLY INNOVATING!\",\"publisher\":{\"@id\":\"https:\\\/\\\/atami.com\\\/es#organization\"},\"potentialAction\":[{\"@type\":\"SearchAction\",\"target\":{\"@type\":\"EntryPoint\",\"urlTemplate\":\"https:\\\/\\\/atami.com\\\/es?s={search_term_string}\"},\"query-input\":{\"@type\":\"PropertyValueSpecification\",\"valueRequired\":true,\"valueName\":\"search_term_string\"}}],\"inLanguage\":\"es\"},{\"@type\":\"Organization\",\"@id\":\"https:\\\/\\\/atami.com\\\/es#organization\",\"name\":\"Atami\",\"url\":\"https:\\\/\\\/atami.com\\\/es\",\"logo\":{\"@type\":\"ImageObject\",\"inLanguage\":\"es\",\"@id\":\"https:\\\/\\\/atami.com\\\/es#\\\/schema\\\/logo\\\/image\\\/\",\"url\":\"https:\\\/\\\/atami.com\\\/wp-content\\\/uploads\\\/2026\\\/01\\\/Atami-logo-696x696px.webp\",\"contentUrl\":\"https:\\\/\\\/atami.com\\\/wp-content\\\/uploads\\\/2026\\\/01\\\/Atami-logo-696x696px.webp\",\"width\":696,\"height\":696,\"caption\":\"Atami\"},\"image\":{\"@id\":\"https:\\\/\\\/atami.com\\\/es#\\\/schema\\\/logo\\\/image\\\/\"},\"sameAs\":[\"https:\\\/\\\/www.facebook.com\\\/Atami.International\",\"https:\\\/\\\/x.com\\\/AtamiEU\",\"https:\\\/\\\/www.youtube.com\\\/c\\\/AtamiInternational\",\"https:\\\/\\\/www.instagram.com\\\/atami.international\\\/\"],\"description\":\"ATAMI is a premium plant nutrition & substrate brand founded in 1997 with the mission to make exceptional cultivation achievable for everyone. From legacy to license, we offer a wide variety of innovating award-winning products to let cultivators achieve maximum results in taste & yield.\",\"email\":\"info@mginnovations.es\",\"legalName\":\"Atami\",\"numberOfEmployees\":{\"@type\":\"QuantitativeValue\",\"minValue\":\"11\",\"maxValue\":\"50\"}}]}<\/script>\n<!-- \/ Yoast SEO Premium plugin. -->","yoast_head_json":{"title":"VGN 1-4-4 | Fertilizante Ecol\u00f3gico para Plantas M\u00e1s Fuertes y Sanas","description":"VGN 1-4-4 es un fertilizante de floraci\u00f3n l\u00edquido, obtenido mediante el procesamiento y la mezcla de diversos residuos vegetales.","robots":{"index":"index","follow":"follow","max-snippet":"max-snippet:-1","max-image-preview":"max-image-preview:large","max-video-preview":"max-video-preview:-1"},"canonical":"https:\/\/atami.com\/es\/producto\/vgn-1-4-4","og_locale":"es_ES","og_type":"article","og_title":"VGN 1-4-4","og_description":"VGN 1-4-4 es un fertilizante de floraci\u00f3n l\u00edquido, obtenido mediante el procesamiento y la mezcla de diversos residuos vegetales.","og_url":"https:\/\/atami.com\/es\/producto\/vgn-1-4-4","og_site_name":"Atami","article_publisher":"https:\/\/www.facebook.com\/Atami.International","article_modified_time":"2025-11-10T13:00:05+00:00","og_image":[{"width":1080,"height":1080,"url":"https:\/\/atami.com\/wp-content\/uploads\/2025\/01\/VGN-1-4-4-product-image.webp","type":"image\/webp"}],"twitter_card":"summary_large_image","twitter_site":"@AtamiEU","twitter_misc":{"Tiempo de lectura":"1 minuto"},"schema":{"@context":"https:\/\/schema.org","@graph":[{"@type":"WebPage","@id":"https:\/\/atami.com\/es\/producto\/vgn-1-4-4","url":"https:\/\/atami.com\/es\/producto\/vgn-1-4-4","name":"VGN 1-4-4 | Fertilizante Ecol\u00f3gico para Plantas M\u00e1s Fuertes y Sanas","isPartOf":{"@id":"https:\/\/atami.com\/es#website"},"primaryImageOfPage":{"@id":"https:\/\/atami.com\/es\/producto\/vgn-1-4-4#primaryimage"},"image":{"@id":"https:\/\/atami.com\/es\/producto\/vgn-1-4-4#primaryimage"},"thumbnailUrl":"https:\/\/atami.com\/wp-content\/uploads\/2025\/01\/VGN-1-4-4-product-image.webp","datePublished":"2025-01-22T10:19:26+00:00","dateModified":"2025-11-10T13:00:05+00:00","description":"VGN 1-4-4 es un fertilizante de floraci\u00f3n l\u00edquido, obtenido mediante el procesamiento y la mezcla de diversos residuos vegetales.","breadcrumb":{"@id":"https:\/\/atami.com\/es\/producto\/vgn-1-4-4#breadcrumb"},"inLanguage":"es","potentialAction":[{"@type":"ReadAction","target":["https:\/\/atami.com\/es\/producto\/vgn-1-4-4"]}]},{"@type":"ImageObject","inLanguage":"es","@id":"https:\/\/atami.com\/es\/producto\/vgn-1-4-4#primaryimage","url":"https:\/\/atami.com\/wp-content\/uploads\/2025\/01\/VGN-1-4-4-product-image.webp","contentUrl":"https:\/\/atami.com\/wp-content\/uploads\/2025\/01\/VGN-1-4-4-product-image.webp","width":1080,"height":1080,"caption":"Atami VGN 1-4-4 es un fertilizante l\u00edquido para flores que se obtiene procesando y mezclando diversos residuos vegetales, aportando el extra de f\u00f3sforo y potasio que las plantas necesitan durante la fase de floraci\u00f3n y maduraci\u00f3n."},{"@type":"BreadcrumbList","@id":"https:\/\/atami.com\/es\/producto\/vgn-1-4-4#breadcrumb","itemListElement":[{"@type":"ListItem","position":1,"name":"Home","item":"https:\/\/atami.com\/es"},{"@type":"ListItem","position":2,"name":"Productos","item":"https:\/\/atami.com\/es\/shop"},{"@type":"ListItem","position":3,"name":"Marcas","item":"https:\/\/atami.com\/es\/categoria-producto\/marcas"},{"@type":"ListItem","position":4,"name":"VGN - FERTILIZANTES VEGANIC","item":"https:\/\/atami.com\/es\/categoria-producto\/marcas\/vgn-fertilizantes-veganic"},{"@type":"ListItem","position":5,"name":"VGN 1-4-4"}]},{"@type":"WebSite","@id":"https:\/\/atami.com\/es#website","url":"https:\/\/atami.com\/es","name":"Atami","description":"NATURALLY INNOVATING!","publisher":{"@id":"https:\/\/atami.com\/es#organization"},"potentialAction":[{"@type":"SearchAction","target":{"@type":"EntryPoint","urlTemplate":"https:\/\/atami.com\/es?s={search_term_string}"},"query-input":{"@type":"PropertyValueSpecification","valueRequired":true,"valueName":"search_term_string"}}],"inLanguage":"es"},{"@type":"Organization","@id":"https:\/\/atami.com\/es#organization","name":"Atami","url":"https:\/\/atami.com\/es","logo":{"@type":"ImageObject","inLanguage":"es","@id":"https:\/\/atami.com\/es#\/schema\/logo\/image\/","url":"https:\/\/atami.com\/wp-content\/uploads\/2026\/01\/Atami-logo-696x696px.webp","contentUrl":"https:\/\/atami.com\/wp-content\/uploads\/2026\/01\/Atami-logo-696x696px.webp","width":696,"height":696,"caption":"Atami"},"image":{"@id":"https:\/\/atami.com\/es#\/schema\/logo\/image\/"},"sameAs":["https:\/\/www.facebook.com\/Atami.International","https:\/\/x.com\/AtamiEU","https:\/\/www.youtube.com\/c\/AtamiInternational","https:\/\/www.instagram.com\/atami.international\/"],"description":"ATAMI is a premium plant nutrition & substrate brand founded in 1997 with the mission to make exceptional cultivation achievable for everyone. From legacy to license, we offer a wide variety of innovating award-winning products to let cultivators achieve maximum results in taste & yield.","email":"info@mginnovations.es","legalName":"Atami","numberOfEmployees":{"@type":"QuantitativeValue","minValue":"11","maxValue":"50"}}]}},"_links":{"self":[{"href":"https:\/\/atami.com\/es\/wp-json\/wp\/v2\/product\/202508","targetHints":{"allow":["GET"]}}],"collection":[{"href":"https:\/\/atami.com\/es\/wp-json\/wp\/v2\/product"}],"about":[{"href":"https:\/\/atami.com\/es\/wp-json\/wp\/v2\/types\/product"}],"replies":[{"embeddable":true,"href":"https:\/\/atami.com\/es\/wp-json\/wp\/v2\/comments?post=202508"}],"wp:featuredmedia":[{"embeddable":true,"href":"https:\/\/atami.com\/es\/wp-json\/wp\/v2\/media\/202441"}],"wp:attachment":[{"href":"https:\/\/atami.com\/es\/wp-json\/wp\/v2\/media?parent=202508"}],"wp:term":[{"taxonomy":"product_brand","embeddable":true,"href":"https:\/\/atami.com\/es\/wp-json\/wp\/v2\/product_brand?post=202508"},{"taxonomy":"product_cat","embeddable":true,"href":"https:\/\/atami.com\/es\/wp-json\/wp\/v2\/product_cat?post=202508"},{"taxonomy":"product_tag","embeddable":true,"href":"https:\/\/atami.com\/es\/wp-json\/wp\/v2\/product_tag?post=202508"}],"curies":[{"name":"wp","href":"https:\/\/api.w.org\/{rel}","templated":true}]}}