{"id":202507,"date":"2025-01-22T12:19:28","date_gmt":"2025-01-22T10:19:28","guid":{"rendered":"https:\/\/atami.com\/?post_type=product&#038;p=202507"},"modified":"2025-11-07T17:52:45","modified_gmt":"2025-11-07T15:52:45","slug":"vgn-2-2-4","status":"publish","type":"product","link":"https:\/\/atami.com\/es\/producto\/vgn-2-2-4","title":{"rendered":"VGN 2-2-4"},"content":{"rendered":"","protected":false},"excerpt":{"rendered":"<p>Veganic fertiliser<\/p>\n","protected":false},"featured_media":202430,"comment_status":"closed","ping_status":"closed","template":"","meta":{"_acf_changed":false,"iawp_total_views":178},"product_brand":[],"product_cat":[221,2337],"product_tag":[],"class_list":{"0":"post-202507","1":"product","2":"type-product","3":"status-publish","4":"has-post-thumbnail","6":"product_cat-nutrientes-basicos","7":"product_cat-vgn-fertilizantes-veganic","9":"first","10":"instock","11":"shipping-taxable","12":"product-type-simple"},"acf":{"short_description":"<p><strong>Potasio adicional para un crecimiento fortalecido y vigoroso de las plantas.<\/strong><\/p><p>VGN 2-2-4 es un fertilizante l\u00edquido org\u00e1nico para la fase de crecimiento. Su contenido extra de potasio har\u00e1 que tus plantas crezcan m\u00e1s sanas y fuertes. Elaborado a partir de valiosos productos residuales de plantas, este nutriente b\u00e1sico est\u00e1 aprobado para la Agricultura Ecol\u00f3gica por Control Union.<\/p><p>&nbsp;<\/p><p>Adem\u00e1s, VGN 2-2-4 contiene oligoelementos quelatados que la planta absorbe f\u00e1cilmente. Por su alto contenido en materia org\u00e1nica, VGN ayuda a mantener el ecosistema de tu suelo en un estado saludable. Un suelo sano es esencial para unas plantas sanas. Los productos VGN satisfar\u00e1n tus exigencias ecol\u00f3gicas; \u00a1prueba y experimenta la diferencia!<\/p>","suitable_for":"<p>Adecuado para el cultivo en suelo. <br \/>Menos adecuado para sistemas de riego, puede causar olores y biofilm.<\/p>","application":"<p>Combinado con agua del grifo, VGN 2-2-4 proporciona todos los elementos esenciales para el crecimiento de las plantas. M\u00e9zclalo con VGN 5-2-2 en proporciones personalizables para satisfacer las necesidades espec\u00edficas de las diferentes especies de plantas y etapas de desarrollo. Este d\u00fao es la nutrici\u00f3n b\u00e1sica que se adapta al crecimiento de tus plantas.<\/p><p>&nbsp;<\/p><p><strong>\u00bfC\u00f3mo utilizarlo?<\/strong><br \/>1. Llena la regadera hasta la mitad con agua del grifo.<br \/>2. A\u00f1ade la cantidad deseada de VGN 2-2-4.<br \/>3. Llena el resto de la regadera con agua del grifo.<br \/>4. \u00a1La soluci\u00f3n ya est\u00e1 lista para usar!<\/p>","dosage":"<p>A\u00f1ade 2 - 5 ml de VGN 2-2-4 por 1 litro de agua del grifo cuando riegues tus plantas. Tambi\u00e9n puedes mezclar 1 - 3 ml de VGN 2-2-4 con 1 - 3 ml de VGN 5-2-2 por 1 litro de agua del grifo.<\/p>","npk_ratio":"<p>2-2-4<\/p>","available_in":"<p>4x250ml, 500ml, 1L, 5L, 10L<\/p>","icon_1":202474,"icon_1_text":"Abundante en potasio","icon_2":184166,"icon_2_text":"","icon_3":"","icon_3_text":"","icon_4":"","icon_4_text":"","video":"","second_image":"","product_image_page":"","user_manual":"","new_icon_1":"","new_icon_2":"","new_icon_3":"","new_icon_4":"","grow_guides":"","category":"Nutriente base"},"yoast_head":"<!-- This site is optimized with the Yoast SEO Premium plugin v27.4 (Yoast SEO v27.4) - https:\/\/yoast.com\/product\/yoast-seo-premium-wordpress\/ -->\n<title>VGN 2-2-4 | Fertilizante Ecol\u00f3gico para un Crecimiento Saludable<\/title>\n<meta name=\"description\" content=\"VGN 2-2-4 es un fertilizante l\u00edquido org\u00e1nico para la fase de crecimiento.\" \/>\n<meta name=\"robots\" content=\"index, follow, max-snippet:-1, max-image-preview:large, max-video-preview:-1\" \/>\n<link rel=\"canonical\" href=\"https:\/\/atami.com\/es\/producto\/vgn-2-2-4\" \/>\n<meta property=\"og:locale\" content=\"es_ES\" \/>\n<meta property=\"og:type\" content=\"article\" \/>\n<meta property=\"og:title\" content=\"VGN 2-2-4\" \/>\n<meta property=\"og:description\" content=\"VGN 2-2-4 es un fertilizante l\u00edquido org\u00e1nico para la fase de crecimiento.\" \/>\n<meta property=\"og:url\" content=\"https:\/\/atami.com\/es\/producto\/vgn-2-2-4\" \/>\n<meta property=\"og:site_name\" content=\"Atami\" \/>\n<meta property=\"article:publisher\" content=\"https:\/\/www.facebook.com\/Atami.International\" \/>\n<meta property=\"article:modified_time\" content=\"2025-11-07T15:52:45+00:00\" \/>\n<meta property=\"og:image\" content=\"https:\/\/atami.com\/wp-content\/uploads\/2025\/01\/VGN-2-2-4-product-image.webp\" \/>\n\t<meta property=\"og:image:width\" content=\"1080\" \/>\n\t<meta property=\"og:image:height\" content=\"1080\" \/>\n\t<meta property=\"og:image:type\" content=\"image\/webp\" \/>\n<meta name=\"twitter:card\" content=\"summary_large_image\" \/>\n<meta name=\"twitter:site\" content=\"@AtamiEU\" \/>\n<meta name=\"twitter:label1\" content=\"Tiempo de lectura\" \/>\n\t<meta name=\"twitter:data1\" content=\"1 minuto\" \/>\n<script type=\"application\/ld+json\" class=\"yoast-schema-graph\">{\"@context\":\"https:\\\/\\\/schema.org\",\"@graph\":[{\"@type\":\"WebPage\",\"@id\":\"https:\\\/\\\/atami.com\\\/es\\\/producto\\\/vgn-2-2-4\",\"url\":\"https:\\\/\\\/atami.com\\\/es\\\/producto\\\/vgn-2-2-4\",\"name\":\"VGN 2-2-4 | Fertilizante Ecol\u00f3gico para un Crecimiento Saludable\",\"isPartOf\":{\"@id\":\"https:\\\/\\\/atami.com\\\/es#website\"},\"primaryImageOfPage\":{\"@id\":\"https:\\\/\\\/atami.com\\\/es\\\/producto\\\/vgn-2-2-4#primaryimage\"},\"image\":{\"@id\":\"https:\\\/\\\/atami.com\\\/es\\\/producto\\\/vgn-2-2-4#primaryimage\"},\"thumbnailUrl\":\"https:\\\/\\\/atami.com\\\/wp-content\\\/uploads\\\/2025\\\/01\\\/VGN-2-2-4-product-image.webp\",\"datePublished\":\"2025-01-22T10:19:28+00:00\",\"dateModified\":\"2025-11-07T15:52:45+00:00\",\"description\":\"VGN 2-2-4 es un fertilizante l\u00edquido org\u00e1nico para la fase de crecimiento.\",\"breadcrumb\":{\"@id\":\"https:\\\/\\\/atami.com\\\/es\\\/producto\\\/vgn-2-2-4#breadcrumb\"},\"inLanguage\":\"es\",\"potentialAction\":[{\"@type\":\"ReadAction\",\"target\":[\"https:\\\/\\\/atami.com\\\/es\\\/producto\\\/vgn-2-2-4\"]}]},{\"@type\":\"ImageObject\",\"inLanguage\":\"es\",\"@id\":\"https:\\\/\\\/atami.com\\\/es\\\/producto\\\/vgn-2-2-4#primaryimage\",\"url\":\"https:\\\/\\\/atami.com\\\/wp-content\\\/uploads\\\/2025\\\/01\\\/VGN-2-2-4-product-image.webp\",\"contentUrl\":\"https:\\\/\\\/atami.com\\\/wp-content\\\/uploads\\\/2025\\\/01\\\/VGN-2-2-4-product-image.webp\",\"width\":1080,\"height\":1080,\"caption\":\"Atami VGN 2-2-4 es un fertilizante l\u00edquido org\u00e1nico para la fase de crecimiento, enriquecido con potasio adicional para favorecer un desarrollo m\u00e1s sano y fuerte de las plantas.\"},{\"@type\":\"BreadcrumbList\",\"@id\":\"https:\\\/\\\/atami.com\\\/es\\\/producto\\\/vgn-2-2-4#breadcrumb\",\"itemListElement\":[{\"@type\":\"ListItem\",\"position\":1,\"name\":\"Home\",\"item\":\"https:\\\/\\\/atami.com\\\/es\"},{\"@type\":\"ListItem\",\"position\":2,\"name\":\"Productos\",\"item\":\"https:\\\/\\\/atami.com\\\/es\\\/shop\"},{\"@type\":\"ListItem\",\"position\":3,\"name\":\"Marcas\",\"item\":\"https:\\\/\\\/atami.com\\\/es\\\/categoria-producto\\\/marcas\"},{\"@type\":\"ListItem\",\"position\":4,\"name\":\"VGN - FERTILIZANTES VEGANIC\",\"item\":\"https:\\\/\\\/atami.com\\\/es\\\/categoria-producto\\\/marcas\\\/vgn-fertilizantes-veganic\"},{\"@type\":\"ListItem\",\"position\":5,\"name\":\"VGN 2-2-4\"}]},{\"@type\":\"WebSite\",\"@id\":\"https:\\\/\\\/atami.com\\\/es#website\",\"url\":\"https:\\\/\\\/atami.com\\\/es\",\"name\":\"Atami\",\"description\":\"NATURALLY INNOVATING!\",\"publisher\":{\"@id\":\"https:\\\/\\\/atami.com\\\/es#organization\"},\"potentialAction\":[{\"@type\":\"SearchAction\",\"target\":{\"@type\":\"EntryPoint\",\"urlTemplate\":\"https:\\\/\\\/atami.com\\\/es?s={search_term_string}\"},\"query-input\":{\"@type\":\"PropertyValueSpecification\",\"valueRequired\":true,\"valueName\":\"search_term_string\"}}],\"inLanguage\":\"es\"},{\"@type\":\"Organization\",\"@id\":\"https:\\\/\\\/atami.com\\\/es#organization\",\"name\":\"Atami\",\"url\":\"https:\\\/\\\/atami.com\\\/es\",\"logo\":{\"@type\":\"ImageObject\",\"inLanguage\":\"es\",\"@id\":\"https:\\\/\\\/atami.com\\\/es#\\\/schema\\\/logo\\\/image\\\/\",\"url\":\"https:\\\/\\\/atami.com\\\/wp-content\\\/uploads\\\/2026\\\/01\\\/Atami-logo-696x696px.webp\",\"contentUrl\":\"https:\\\/\\\/atami.com\\\/wp-content\\\/uploads\\\/2026\\\/01\\\/Atami-logo-696x696px.webp\",\"width\":696,\"height\":696,\"caption\":\"Atami\"},\"image\":{\"@id\":\"https:\\\/\\\/atami.com\\\/es#\\\/schema\\\/logo\\\/image\\\/\"},\"sameAs\":[\"https:\\\/\\\/www.facebook.com\\\/Atami.International\",\"https:\\\/\\\/x.com\\\/AtamiEU\",\"https:\\\/\\\/www.youtube.com\\\/c\\\/AtamiInternational\",\"https:\\\/\\\/www.instagram.com\\\/atami.international\\\/\"],\"description\":\"ATAMI is a premium plant nutrition & substrate brand founded in 1997 with the mission to make exceptional cultivation achievable for everyone. From legacy to license, we offer a wide variety of innovating award-winning products to let cultivators achieve maximum results in taste & yield.\",\"email\":\"info@mginnovations.es\",\"legalName\":\"Atami\",\"numberOfEmployees\":{\"@type\":\"QuantitativeValue\",\"minValue\":\"11\",\"maxValue\":\"50\"}}]}<\/script>\n<!-- \/ Yoast SEO Premium plugin. -->","yoast_head_json":{"title":"VGN 2-2-4 | Fertilizante Ecol\u00f3gico para un Crecimiento Saludable","description":"VGN 2-2-4 es un fertilizante l\u00edquido org\u00e1nico para la fase de crecimiento.","robots":{"index":"index","follow":"follow","max-snippet":"max-snippet:-1","max-image-preview":"max-image-preview:large","max-video-preview":"max-video-preview:-1"},"canonical":"https:\/\/atami.com\/es\/producto\/vgn-2-2-4","og_locale":"es_ES","og_type":"article","og_title":"VGN 2-2-4","og_description":"VGN 2-2-4 es un fertilizante l\u00edquido org\u00e1nico para la fase de crecimiento.","og_url":"https:\/\/atami.com\/es\/producto\/vgn-2-2-4","og_site_name":"Atami","article_publisher":"https:\/\/www.facebook.com\/Atami.International","article_modified_time":"2025-11-07T15:52:45+00:00","og_image":[{"width":1080,"height":1080,"url":"https:\/\/atami.com\/wp-content\/uploads\/2025\/01\/VGN-2-2-4-product-image.webp","type":"image\/webp"}],"twitter_card":"summary_large_image","twitter_site":"@AtamiEU","twitter_misc":{"Tiempo de lectura":"1 minuto"},"schema":{"@context":"https:\/\/schema.org","@graph":[{"@type":"WebPage","@id":"https:\/\/atami.com\/es\/producto\/vgn-2-2-4","url":"https:\/\/atami.com\/es\/producto\/vgn-2-2-4","name":"VGN 2-2-4 | Fertilizante Ecol\u00f3gico para un Crecimiento Saludable","isPartOf":{"@id":"https:\/\/atami.com\/es#website"},"primaryImageOfPage":{"@id":"https:\/\/atami.com\/es\/producto\/vgn-2-2-4#primaryimage"},"image":{"@id":"https:\/\/atami.com\/es\/producto\/vgn-2-2-4#primaryimage"},"thumbnailUrl":"https:\/\/atami.com\/wp-content\/uploads\/2025\/01\/VGN-2-2-4-product-image.webp","datePublished":"2025-01-22T10:19:28+00:00","dateModified":"2025-11-07T15:52:45+00:00","description":"VGN 2-2-4 es un fertilizante l\u00edquido org\u00e1nico para la fase de crecimiento.","breadcrumb":{"@id":"https:\/\/atami.com\/es\/producto\/vgn-2-2-4#breadcrumb"},"inLanguage":"es","potentialAction":[{"@type":"ReadAction","target":["https:\/\/atami.com\/es\/producto\/vgn-2-2-4"]}]},{"@type":"ImageObject","inLanguage":"es","@id":"https:\/\/atami.com\/es\/producto\/vgn-2-2-4#primaryimage","url":"https:\/\/atami.com\/wp-content\/uploads\/2025\/01\/VGN-2-2-4-product-image.webp","contentUrl":"https:\/\/atami.com\/wp-content\/uploads\/2025\/01\/VGN-2-2-4-product-image.webp","width":1080,"height":1080,"caption":"Atami VGN 2-2-4 es un fertilizante l\u00edquido org\u00e1nico para la fase de crecimiento, enriquecido con potasio adicional para favorecer un desarrollo m\u00e1s sano y fuerte de las plantas."},{"@type":"BreadcrumbList","@id":"https:\/\/atami.com\/es\/producto\/vgn-2-2-4#breadcrumb","itemListElement":[{"@type":"ListItem","position":1,"name":"Home","item":"https:\/\/atami.com\/es"},{"@type":"ListItem","position":2,"name":"Productos","item":"https:\/\/atami.com\/es\/shop"},{"@type":"ListItem","position":3,"name":"Marcas","item":"https:\/\/atami.com\/es\/categoria-producto\/marcas"},{"@type":"ListItem","position":4,"name":"VGN - FERTILIZANTES VEGANIC","item":"https:\/\/atami.com\/es\/categoria-producto\/marcas\/vgn-fertilizantes-veganic"},{"@type":"ListItem","position":5,"name":"VGN 2-2-4"}]},{"@type":"WebSite","@id":"https:\/\/atami.com\/es#website","url":"https:\/\/atami.com\/es","name":"Atami","description":"NATURALLY INNOVATING!","publisher":{"@id":"https:\/\/atami.com\/es#organization"},"potentialAction":[{"@type":"SearchAction","target":{"@type":"EntryPoint","urlTemplate":"https:\/\/atami.com\/es?s={search_term_string}"},"query-input":{"@type":"PropertyValueSpecification","valueRequired":true,"valueName":"search_term_string"}}],"inLanguage":"es"},{"@type":"Organization","@id":"https:\/\/atami.com\/es#organization","name":"Atami","url":"https:\/\/atami.com\/es","logo":{"@type":"ImageObject","inLanguage":"es","@id":"https:\/\/atami.com\/es#\/schema\/logo\/image\/","url":"https:\/\/atami.com\/wp-content\/uploads\/2026\/01\/Atami-logo-696x696px.webp","contentUrl":"https:\/\/atami.com\/wp-content\/uploads\/2026\/01\/Atami-logo-696x696px.webp","width":696,"height":696,"caption":"Atami"},"image":{"@id":"https:\/\/atami.com\/es#\/schema\/logo\/image\/"},"sameAs":["https:\/\/www.facebook.com\/Atami.International","https:\/\/x.com\/AtamiEU","https:\/\/www.youtube.com\/c\/AtamiInternational","https:\/\/www.instagram.com\/atami.international\/"],"description":"ATAMI is a premium plant nutrition & substrate brand founded in 1997 with the mission to make exceptional cultivation achievable for everyone. From legacy to license, we offer a wide variety of innovating award-winning products to let cultivators achieve maximum results in taste & yield.","email":"info@mginnovations.es","legalName":"Atami","numberOfEmployees":{"@type":"QuantitativeValue","minValue":"11","maxValue":"50"}}]}},"_links":{"self":[{"href":"https:\/\/atami.com\/es\/wp-json\/wp\/v2\/product\/202507","targetHints":{"allow":["GET"]}}],"collection":[{"href":"https:\/\/atami.com\/es\/wp-json\/wp\/v2\/product"}],"about":[{"href":"https:\/\/atami.com\/es\/wp-json\/wp\/v2\/types\/product"}],"replies":[{"embeddable":true,"href":"https:\/\/atami.com\/es\/wp-json\/wp\/v2\/comments?post=202507"}],"wp:featuredmedia":[{"embeddable":true,"href":"https:\/\/atami.com\/es\/wp-json\/wp\/v2\/media\/202430"}],"wp:attachment":[{"href":"https:\/\/atami.com\/es\/wp-json\/wp\/v2\/media?parent=202507"}],"wp:term":[{"taxonomy":"product_brand","embeddable":true,"href":"https:\/\/atami.com\/es\/wp-json\/wp\/v2\/product_brand?post=202507"},{"taxonomy":"product_cat","embeddable":true,"href":"https:\/\/atami.com\/es\/wp-json\/wp\/v2\/product_cat?post=202507"},{"taxonomy":"product_tag","embeddable":true,"href":"https:\/\/atami.com\/es\/wp-json\/wp\/v2\/product_tag?post=202507"}],"curies":[{"name":"wp","href":"https:\/\/api.w.org\/{rel}","templated":true}]}}