{"id":6226,"date":"2021-03-30T12:23:29","date_gmt":"2021-03-30T12:23:29","guid":{"rendered":"https:\/\/atami.com\/productos\/"},"modified":"2024-06-24T13:06:06","modified_gmt":"2024-06-24T11:06:06","slug":"productos","status":"publish","type":"page","link":"https:\/\/atami.com\/es\/productos","title":{"rendered":"Productos"},"content":{"rendered":"\t\t<div data-elementor-type=\"wp-page\" data-elementor-id=\"6226\" class=\"elementor elementor-6226\" data-elementor-post-type=\"page\">\n\t\t\t\t<div class=\"elementor-element elementor-element-67c1d8e e-flex e-con-boxed e-con e-parent\" data-id=\"67c1d8e\" data-element_type=\"container\" data-e-type=\"container\" data-settings=\"{&quot;background_background&quot;:&quot;classic&quot;}\">\n\t\t\t\t\t<div class=\"e-con-inner\">\n\t\t\t\t<div class=\"elementor-element elementor-element-90cbc5e elementor-widget elementor-widget-heading\" data-id=\"90cbc5e\" data-element_type=\"widget\" data-e-type=\"widget\" data-widget_type=\"heading.default\">\n\t\t\t\t\t<h1 class=\"elementor-heading-title elementor-size-default\">Atami lifestyle<\/h1>\t\t\t\t<\/div>\n\t\t\t\t\t<\/div>\n\t\t\t\t<\/div>\n\t\t<div class=\"elementor-element elementor-element-7753590 e-flex e-con-boxed e-con e-parent\" data-id=\"7753590\" data-element_type=\"container\" data-e-type=\"container\" data-settings=\"{&quot;background_background&quot;:&quot;classic&quot;}\">\n\t\t\t\t\t<div class=\"e-con-inner\">\n\t\t\t\t<div class=\"elementor-element elementor-element-9b4fed8 elementor-widget elementor-widget-woocommerce-breadcrumb\" data-id=\"9b4fed8\" data-element_type=\"widget\" data-e-type=\"widget\" data-widget_type=\"woocommerce-breadcrumb.default\">\n\t\t\t\t\t<nav class=\"woocommerce-breadcrumb\" aria-label=\"Breadcrumb\">Inicio<\/nav>\t\t\t\t<\/div>\n\t\t<div class=\"elementor-element elementor-element-c0c0a85 e-con-full e-flex e-con e-child\" data-id=\"c0c0a85\" data-element_type=\"container\" data-e-type=\"container\">\n\t\t\t\t<div class=\"elementor-element elementor-element-b9c98c7 elementor-widget elementor-widget-text-editor\" data-id=\"b9c98c7\" data-element_type=\"widget\" data-e-type=\"widget\" data-widget_type=\"text-editor.default\">\n\t\t\t\t\t\t\t\t\t<p>Tras m\u00e1s de 20 a\u00f1os de experiencia, la marca Atami se ha convertido en un estilo de vida para muchas personas. En consonancia con el lema de Atami, \u2018Naturally Innovating\u2019, Atami presenta una l\u00ednea \u00fanica de productos de estilo personal como ropa y accesorios. Con la mirada puesta en los detalles y con unos est\u00e1ndares de gran exigencia, s\u00f3lo utilizamos materiales de la m\u00e1s alta calidad. Ahora ser\u00e1s capaz de disfrutar de la experiencia de Atami en tu patio, jard\u00edn o en la carretera.<\/p>\n\t\t\t\t\t\t\t\t<\/div>\n\t\t\t\t<div class=\"elementor-element elementor-element-9db7339 elementor-hidden-desktop elementor-hidden-tablet elementor-widget elementor-widget-image\" data-id=\"9db7339\" data-element_type=\"widget\" data-e-type=\"widget\" data-widget_type=\"image.default\">\n\t\t\t\t\t\t\t\t\t\t\t\t\t\t\t<img fetchpriority=\"high\" decoding=\"async\" width=\"415\" height=\"346\" src=\"https:\/\/atami.com\/wp-content\/uploads\/2021\/03\/signal-2021-03-02-091336_002.png\" class=\"attachment-full size-full wp-image-3815\" alt=\"\" \/>\t\t\t\t\t\t\t\t\t\t\t\t\t\t\t<\/div>\n\t\t\t\t<div class=\"elementor-element elementor-element-a998657 elementor-hidden-desktop elementor-hidden-tablet elementor-widget elementor-widget-image\" data-id=\"a998657\" data-element_type=\"widget\" data-e-type=\"widget\" data-widget_type=\"image.default\">\n\t\t\t\t\t\t\t\t\t\t\t\t\t\t\t<img decoding=\"async\" width=\"414\" height=\"346\" src=\"https:\/\/atami.com\/wp-content\/uploads\/2021\/03\/signal-2021-03-02-091336_001.png\" class=\"attachment-full size-full wp-image-3811\" alt=\"\" \/>\t\t\t\t\t\t\t\t\t\t\t\t\t\t\t<\/div>\n\t\t\t\t<div class=\"elementor-element elementor-element-a4c6167 elementor-hidden-phone elementor-widget elementor-widget-image\" data-id=\"a4c6167\" data-element_type=\"widget\" data-e-type=\"widget\" data-widget_type=\"image.default\">\n\t\t\t\t\t\t\t\t\t\t\t\t\t\t\t<img decoding=\"async\" width=\"866\" height=\"346\" src=\"https:\/\/atami.com\/wp-content\/uploads\/2021\/02\/merchandise-bags.png\" class=\"attachment-full size-full wp-image-2758\" alt=\"\" srcset=\"https:\/\/atami.com\/wp-content\/uploads\/2021\/02\/merchandise-bags.png 866w, https:\/\/atami.com\/wp-content\/uploads\/2021\/02\/merchandise-bags-450x180.png 450w, https:\/\/atami.com\/wp-content\/uploads\/2021\/02\/merchandise-bags-600x240.png 600w\" sizes=\"(max-width: 866px) 100vw, 866px\" \/>\t\t\t\t\t\t\t\t\t\t\t\t\t\t\t<\/div>\n\t\t\t\t<div class=\"elementor-element elementor-element-c859f4b elementor-widget elementor-widget-text-editor\" data-id=\"c859f4b\" data-element_type=\"widget\" data-e-type=\"widget\" data-widget_type=\"text-editor.default\">\n\t\t\t\t\t\t\t\t\t<p><strong>BOLSOS Y CARTERAS DE VIAJE<\/strong><\/p>\r\n<p>&nbsp;<\/p>\r\n<p>Nuestra gama de elegantes bolsos consiste en un bolso bandolera y una cartera de viaje. Est\u00e1n hechos de cuero de alta calidad. El bolso bandolera tiene cuatro compartimentos amplios en los que se pueden almacenar tablets, cargadores, documentos de viaje y tarjetas de cr\u00e9dito. Su dise\u00f1o \u00fanico protege tus pertenencias y te permite un f\u00e1cil acceso a los compartimentos.<\/p>\r\n<p>&nbsp;<\/p>\r\n<p>La cartera de viaje es una soluci\u00f3n compacta que complementa a la gama bandolera. Ligera y discreta, con f\u00e1cil acceso a los documentos de uso diario y tarjetas bancarias. Se puede llevar por encima o por debajo de la ropa. Una cremallera proporciona acceso a un compartimiento adicional para guardar dinero. Ambas bolsas est\u00e1n disponibles en color casta\u00f1o, rojo, camel, marr\u00f3n y negro.<\/p>\r\n<p>&nbsp;<\/p>\r\n<p>The travel wallet is a compact solution complementing the cross-body range. Lightweight and discrete with easy access to daily used documents and bank cards. Can be worn above or underneath clothing. A zipper provides access to an additional compartment to store cash. Both bags are available in chestnut, red, camel, moro and black.<\/p>\t\t\t\t\t\t\t\t<\/div>\n\t\t\t\t<div class=\"elementor-element elementor-element-e40ecc8 elementor-hidden-desktop elementor-hidden-tablet elementor-widget elementor-widget-image\" data-id=\"e40ecc8\" data-element_type=\"widget\" data-e-type=\"widget\" data-widget_type=\"image.default\">\n\t\t\t\t\t\t\t\t\t\t\t\t\t\t\t<img loading=\"lazy\" decoding=\"async\" width=\"554\" height=\"472\" src=\"https:\/\/atami.com\/wp-content\/uploads\/2021\/03\/signal-2021-02-16-155418_002.png\" class=\"attachment-full size-full wp-image-3819\" alt=\"\" srcset=\"https:\/\/atami.com\/wp-content\/uploads\/2021\/03\/signal-2021-02-16-155418_002.png 554w, https:\/\/atami.com\/wp-content\/uploads\/2021\/03\/signal-2021-02-16-155418_002-450x383.png 450w\" sizes=\"(max-width: 554px) 100vw, 554px\" \/>\t\t\t\t\t\t\t\t\t\t\t\t\t\t\t<\/div>\n\t\t\t\t<div class=\"elementor-element elementor-element-d249eb3 elementor-hidden-phone elementor-widget elementor-widget-image\" data-id=\"d249eb3\" data-element_type=\"widget\" data-e-type=\"widget\" data-widget_type=\"image.default\">\n\t\t\t\t\t\t\t\t\t\t\t\t\t\t\t<img loading=\"lazy\" decoding=\"async\" width=\"1058\" height=\"433\" src=\"https:\/\/atami.com\/wp-content\/uploads\/2021\/02\/merchandise-shirts-cap-jacket.png\" class=\"attachment-full size-full wp-image-2762\" alt=\"\" srcset=\"https:\/\/atami.com\/wp-content\/uploads\/2021\/02\/merchandise-shirts-cap-jacket.png 1058w, https:\/\/atami.com\/wp-content\/uploads\/2021\/02\/merchandise-shirts-cap-jacket-450x184.png 450w, https:\/\/atami.com\/wp-content\/uploads\/2021\/02\/merchandise-shirts-cap-jacket-600x246.png 600w\" sizes=\"(max-width: 1058px) 100vw, 1058px\" \/>\t\t\t\t\t\t\t\t\t\t\t\t\t\t\t<\/div>\n\t\t\t\t<div class=\"elementor-element elementor-element-d15ec5f elementor-widget elementor-widget-text-editor\" data-id=\"d15ec5f\" data-element_type=\"widget\" data-e-type=\"widget\" data-widget_type=\"text-editor.default\">\n\t\t\t\t\t\t\t\t\t<p><strong>L\u00cdNEA DE ROPA<\/strong><\/p>\r\n<p>La l\u00ednea de ropa Atami comenz\u00f3 con camisetas de moda creadas por nuestro propio equipo de dise\u00f1o. Atami bas\u00f3 su proceso de dise\u00f1o en la sutileza y la elegancia. Hechas de un tejido de alta calidad, compuesto de algod\u00f3n cardado en anillo en grupos de 40 fibras individuales. Las camisetas han sido lavadas con enzimas y tratadas con silicona para evitar picores. Los dos ic\u00f3nicos dise\u00f1os est\u00e1n disponibles en cuatro colores y cuentan con una l\u00ednea para mujeres y otra para hombres.<\/p>\t\t\t\t\t\t\t\t<\/div>\n\t\t\t\t<\/div>\n\t\t\t\t\t<\/div>\n\t\t\t\t<\/div>\n\t\t\t\t<\/div>\n\t\t","protected":false},"excerpt":{"rendered":"<p>Atami lifestyle Tras m\u00e1s de 20 a\u00f1os de experiencia, la marca Atami se ha convertido en un estilo de vida para muchas personas. En consonancia con el lema de Atami, \u2018Naturally Innovating\u2019, Atami presenta una l\u00ednea \u00fanica de productos de estilo personal como ropa y accesorios. Con la mirada puesta en los detalles y con [&hellip;]<\/p>\n","protected":false},"author":1,"featured_media":0,"parent":0,"menu_order":0,"comment_status":"closed","ping_status":"closed","template":"elementor_header_footer","meta":{"_acf_changed":false,"iawp_total_views":124,"footnotes":""},"class_list":["post-6226","page","type-page","status-publish","hentry"],"acf":[],"yoast_head":"<!-- This site is optimized with the Yoast SEO Premium plugin v27.4 (Yoast SEO v27.4) - https:\/\/yoast.com\/product\/yoast-seo-premium-wordpress\/ -->\n<title>Productos | Atami<\/title>\n<meta name=\"robots\" content=\"index, follow, max-snippet:-1, max-image-preview:large, max-video-preview:-1\" \/>\n<link rel=\"canonical\" href=\"https:\/\/atami.com\/es\/productos\" \/>\n<meta property=\"og:locale\" content=\"es_ES\" \/>\n<meta property=\"og:type\" content=\"article\" \/>\n<meta property=\"og:title\" content=\"Productos\" \/>\n<meta property=\"og:description\" content=\"Atami lifestyle Tras m\u00e1s de 20 a\u00f1os de experiencia, la marca Atami se ha convertido en un estilo de vida para muchas personas. En consonancia con el lema de Atami, \u2018Naturally Innovating\u2019, Atami presenta una l\u00ednea \u00fanica de productos de estilo personal como ropa y accesorios. Con la mirada puesta en los detalles y con [&hellip;]\" \/>\n<meta property=\"og:url\" content=\"https:\/\/atami.com\/es\/productos\" \/>\n<meta property=\"og:site_name\" content=\"Atami\" \/>\n<meta property=\"article:publisher\" content=\"https:\/\/www.facebook.com\/Atami.International\" \/>\n<meta property=\"article:modified_time\" content=\"2024-06-24T11:06:06+00:00\" \/>\n<meta property=\"og:image\" content=\"https:\/\/atami.com\/wp-content\/uploads\/2021\/03\/signal-2021-03-02-091336_002.png\" \/>\n<meta name=\"twitter:card\" content=\"summary_large_image\" \/>\n<meta name=\"twitter:site\" content=\"@AtamiEU\" \/>\n<meta name=\"twitter:label1\" content=\"Tiempo de lectura\" \/>\n\t<meta name=\"twitter:data1\" content=\"3 minutos\" \/>\n<script type=\"application\/ld+json\" class=\"yoast-schema-graph\">{\"@context\":\"https:\\\/\\\/schema.org\",\"@graph\":[{\"@type\":\"WebPage\",\"@id\":\"https:\\\/\\\/atami.com\\\/es\\\/productos\",\"url\":\"https:\\\/\\\/atami.com\\\/es\\\/productos\",\"name\":\"Productos | Atami\",\"isPartOf\":{\"@id\":\"https:\\\/\\\/atami.com\\\/es#website\"},\"primaryImageOfPage\":{\"@id\":\"https:\\\/\\\/atami.com\\\/es\\\/productos#primaryimage\"},\"image\":{\"@id\":\"https:\\\/\\\/atami.com\\\/es\\\/productos#primaryimage\"},\"thumbnailUrl\":\"https:\\\/\\\/atami.com\\\/wp-content\\\/uploads\\\/2021\\\/03\\\/signal-2021-03-02-091336_002.png\",\"datePublished\":\"2021-03-30T12:23:29+00:00\",\"dateModified\":\"2024-06-24T11:06:06+00:00\",\"breadcrumb\":{\"@id\":\"https:\\\/\\\/atami.com\\\/es\\\/productos#breadcrumb\"},\"inLanguage\":\"es\",\"potentialAction\":[{\"@type\":\"ReadAction\",\"target\":[\"https:\\\/\\\/atami.com\\\/es\\\/productos\"]}]},{\"@type\":\"ImageObject\",\"inLanguage\":\"es\",\"@id\":\"https:\\\/\\\/atami.com\\\/es\\\/productos#primaryimage\",\"url\":\"https:\\\/\\\/atami.com\\\/wp-content\\\/uploads\\\/2021\\\/03\\\/signal-2021-03-02-091336_002.png\",\"contentUrl\":\"https:\\\/\\\/atami.com\\\/wp-content\\\/uploads\\\/2021\\\/03\\\/signal-2021-03-02-091336_002.png\"},{\"@type\":\"BreadcrumbList\",\"@id\":\"https:\\\/\\\/atami.com\\\/es\\\/productos#breadcrumb\",\"itemListElement\":[{\"@type\":\"ListItem\",\"position\":1,\"name\":\"Home\",\"item\":\"https:\\\/\\\/atami.com\\\/es\"},{\"@type\":\"ListItem\",\"position\":2,\"name\":\"Productos\"}]},{\"@type\":\"WebSite\",\"@id\":\"https:\\\/\\\/atami.com\\\/es#website\",\"url\":\"https:\\\/\\\/atami.com\\\/es\",\"name\":\"Atami\",\"description\":\"NATURALLY INNOVATING!\",\"publisher\":{\"@id\":\"https:\\\/\\\/atami.com\\\/es#organization\"},\"potentialAction\":[{\"@type\":\"SearchAction\",\"target\":{\"@type\":\"EntryPoint\",\"urlTemplate\":\"https:\\\/\\\/atami.com\\\/es?s={search_term_string}\"},\"query-input\":{\"@type\":\"PropertyValueSpecification\",\"valueRequired\":true,\"valueName\":\"search_term_string\"}}],\"inLanguage\":\"es\"},{\"@type\":\"Organization\",\"@id\":\"https:\\\/\\\/atami.com\\\/es#organization\",\"name\":\"Atami\",\"url\":\"https:\\\/\\\/atami.com\\\/es\",\"logo\":{\"@type\":\"ImageObject\",\"inLanguage\":\"es\",\"@id\":\"https:\\\/\\\/atami.com\\\/es#\\\/schema\\\/logo\\\/image\\\/\",\"url\":\"https:\\\/\\\/atami.com\\\/wp-content\\\/uploads\\\/2026\\\/01\\\/Atami-logo-696x696px.webp\",\"contentUrl\":\"https:\\\/\\\/atami.com\\\/wp-content\\\/uploads\\\/2026\\\/01\\\/Atami-logo-696x696px.webp\",\"width\":696,\"height\":696,\"caption\":\"Atami\"},\"image\":{\"@id\":\"https:\\\/\\\/atami.com\\\/es#\\\/schema\\\/logo\\\/image\\\/\"},\"sameAs\":[\"https:\\\/\\\/www.facebook.com\\\/Atami.International\",\"https:\\\/\\\/x.com\\\/AtamiEU\",\"https:\\\/\\\/www.youtube.com\\\/c\\\/AtamiInternational\",\"https:\\\/\\\/www.instagram.com\\\/atami.international\\\/\"],\"description\":\"ATAMI is a premium plant nutrition & substrate brand founded in 1997 with the mission to make exceptional cultivation achievable for everyone. From legacy to license, we offer a wide variety of innovating award-winning products to let cultivators achieve maximum results in taste & yield.\",\"email\":\"info@mginnovations.es\",\"legalName\":\"Atami\",\"numberOfEmployees\":{\"@type\":\"QuantitativeValue\",\"minValue\":\"11\",\"maxValue\":\"50\"}}]}<\/script>\n<!-- \/ Yoast SEO Premium plugin. -->","yoast_head_json":{"title":"Productos | Atami","robots":{"index":"index","follow":"follow","max-snippet":"max-snippet:-1","max-image-preview":"max-image-preview:large","max-video-preview":"max-video-preview:-1"},"canonical":"https:\/\/atami.com\/es\/productos","og_locale":"es_ES","og_type":"article","og_title":"Productos","og_description":"Atami lifestyle Tras m\u00e1s de 20 a\u00f1os de experiencia, la marca Atami se ha convertido en un estilo de vida para muchas personas. En consonancia con el lema de Atami, \u2018Naturally Innovating\u2019, Atami presenta una l\u00ednea \u00fanica de productos de estilo personal como ropa y accesorios. Con la mirada puesta en los detalles y con [&hellip;]","og_url":"https:\/\/atami.com\/es\/productos","og_site_name":"Atami","article_publisher":"https:\/\/www.facebook.com\/Atami.International","article_modified_time":"2024-06-24T11:06:06+00:00","og_image":[{"url":"https:\/\/atami.com\/wp-content\/uploads\/2021\/03\/signal-2021-03-02-091336_002.png","type":"","width":"","height":""}],"twitter_card":"summary_large_image","twitter_site":"@AtamiEU","twitter_misc":{"Tiempo de lectura":"3 minutos"},"schema":{"@context":"https:\/\/schema.org","@graph":[{"@type":"WebPage","@id":"https:\/\/atami.com\/es\/productos","url":"https:\/\/atami.com\/es\/productos","name":"Productos | Atami","isPartOf":{"@id":"https:\/\/atami.com\/es#website"},"primaryImageOfPage":{"@id":"https:\/\/atami.com\/es\/productos#primaryimage"},"image":{"@id":"https:\/\/atami.com\/es\/productos#primaryimage"},"thumbnailUrl":"https:\/\/atami.com\/wp-content\/uploads\/2021\/03\/signal-2021-03-02-091336_002.png","datePublished":"2021-03-30T12:23:29+00:00","dateModified":"2024-06-24T11:06:06+00:00","breadcrumb":{"@id":"https:\/\/atami.com\/es\/productos#breadcrumb"},"inLanguage":"es","potentialAction":[{"@type":"ReadAction","target":["https:\/\/atami.com\/es\/productos"]}]},{"@type":"ImageObject","inLanguage":"es","@id":"https:\/\/atami.com\/es\/productos#primaryimage","url":"https:\/\/atami.com\/wp-content\/uploads\/2021\/03\/signal-2021-03-02-091336_002.png","contentUrl":"https:\/\/atami.com\/wp-content\/uploads\/2021\/03\/signal-2021-03-02-091336_002.png"},{"@type":"BreadcrumbList","@id":"https:\/\/atami.com\/es\/productos#breadcrumb","itemListElement":[{"@type":"ListItem","position":1,"name":"Home","item":"https:\/\/atami.com\/es"},{"@type":"ListItem","position":2,"name":"Productos"}]},{"@type":"WebSite","@id":"https:\/\/atami.com\/es#website","url":"https:\/\/atami.com\/es","name":"Atami","description":"NATURALLY INNOVATING!","publisher":{"@id":"https:\/\/atami.com\/es#organization"},"potentialAction":[{"@type":"SearchAction","target":{"@type":"EntryPoint","urlTemplate":"https:\/\/atami.com\/es?s={search_term_string}"},"query-input":{"@type":"PropertyValueSpecification","valueRequired":true,"valueName":"search_term_string"}}],"inLanguage":"es"},{"@type":"Organization","@id":"https:\/\/atami.com\/es#organization","name":"Atami","url":"https:\/\/atami.com\/es","logo":{"@type":"ImageObject","inLanguage":"es","@id":"https:\/\/atami.com\/es#\/schema\/logo\/image\/","url":"https:\/\/atami.com\/wp-content\/uploads\/2026\/01\/Atami-logo-696x696px.webp","contentUrl":"https:\/\/atami.com\/wp-content\/uploads\/2026\/01\/Atami-logo-696x696px.webp","width":696,"height":696,"caption":"Atami"},"image":{"@id":"https:\/\/atami.com\/es#\/schema\/logo\/image\/"},"sameAs":["https:\/\/www.facebook.com\/Atami.International","https:\/\/x.com\/AtamiEU","https:\/\/www.youtube.com\/c\/AtamiInternational","https:\/\/www.instagram.com\/atami.international\/"],"description":"ATAMI is a premium plant nutrition & substrate brand founded in 1997 with the mission to make exceptional cultivation achievable for everyone. From legacy to license, we offer a wide variety of innovating award-winning products to let cultivators achieve maximum results in taste & yield.","email":"info@mginnovations.es","legalName":"Atami","numberOfEmployees":{"@type":"QuantitativeValue","minValue":"11","maxValue":"50"}}]}},"_links":{"self":[{"href":"https:\/\/atami.com\/es\/wp-json\/wp\/v2\/pages\/6226","targetHints":{"allow":["GET"]}}],"collection":[{"href":"https:\/\/atami.com\/es\/wp-json\/wp\/v2\/pages"}],"about":[{"href":"https:\/\/atami.com\/es\/wp-json\/wp\/v2\/types\/page"}],"author":[{"embeddable":true,"href":"https:\/\/atami.com\/es\/wp-json\/wp\/v2\/users\/1"}],"replies":[{"embeddable":true,"href":"https:\/\/atami.com\/es\/wp-json\/wp\/v2\/comments?post=6226"}],"version-history":[{"count":0,"href":"https:\/\/atami.com\/es\/wp-json\/wp\/v2\/pages\/6226\/revisions"}],"wp:attachment":[{"href":"https:\/\/atami.com\/es\/wp-json\/wp\/v2\/media?parent=6226"}],"curies":[{"name":"wp","href":"https:\/\/api.w.org\/{rel}","templated":true}]}}