{"id":214421,"date":"2026-02-12T12:20:26","date_gmt":"2026-02-12T10:20:26","guid":{"rendered":"https:\/\/atami.com\/consejos-y-trucos-para-el-cultivo-ecologico-de-vgn"},"modified":"2026-03-09T15:37:40","modified_gmt":"2026-03-09T13:37:40","slug":"consejos-y-trucos-para-el-cultivo-ecologico-de-vgn","status":"publish","type":"page","link":"https:\/\/atami.com\/es\/consejos-y-trucos-para-el-cultivo-ecologico-de-vgn","title":{"rendered":"Consejos y trucos para el cultivo ecol\u00f3gico de VGN"},"content":{"rendered":"\t\t<div data-elementor-type=\"wp-page\" data-elementor-id=\"214421\" class=\"elementor elementor-214421 elementor-214418\" data-elementor-post-type=\"page\">\n\t\t\t\t<div class=\"elementor-element elementor-element-f679ed8 e-flex e-con-boxed e-con e-parent\" data-id=\"f679ed8\" data-element_type=\"container\" data-e-type=\"container\">\n\t\t\t\t\t<div class=\"e-con-inner\">\n\t\t<div class=\"elementor-element elementor-element-9f1f177 e-con-full e-flex e-con e-child\" data-id=\"9f1f177\" data-element_type=\"container\" data-e-type=\"container\">\n\t\t\t\t<div class=\"elementor-element elementor-element-b5336e7 elementor-widget elementor-widget-heading\" data-id=\"b5336e7\" data-element_type=\"widget\" data-e-type=\"widget\" data-widget_type=\"heading.default\">\n\t\t\t\t\t<h1 class=\"elementor-heading-title elementor-size-default\">Consigue hoy mismo la gu\u00eda electr\u00f3nica de VGN.<\/h1>\t\t\t\t<\/div>\n\t\t\t\t<div class=\"elementor-element elementor-element-8c8b6fa elementor-widget elementor-widget-text-editor\" data-id=\"8c8b6fa\" data-element_type=\"widget\" data-e-type=\"widget\" data-widget_type=\"text-editor.default\">\n\t\t\t\t\t\t\t\t\t<p>El cultivo ecol\u00f3gico produce un sabor, un aroma y una salud vegetal incre\u00edbles, pero tambi\u00e9n conlleva retos que pillan desprevenidos a los agricultores. Esta gu\u00eda desglosa los 12 problemas m\u00e1s comunes a los que se enfrentan los agricultores ecol\u00f3gicos en el mundo real y muestra c\u00f3mo los fertilizantes veganos VGN te ayudan a evitarlos gracias a f\u00f3rmulas m\u00e1s limpias, lotes uniformes y una disponibilidad m\u00e1s r\u00e1pida de los nutrientes.<\/p>\n\t\t\t\t\t\t\t\t<\/div>\n\t\t\t\t<div class=\"elementor-element elementor-element-27ac311 elementor-button-align-stretch elementor-widget elementor-widget-form\" data-id=\"27ac311\" data-element_type=\"widget\" data-e-type=\"widget\" data-settings=\"{&quot;button_width&quot;:&quot;25&quot;,&quot;button_width_mobile&quot;:&quot;25&quot;,&quot;step_next_label&quot;:&quot;Siguiente&quot;,&quot;step_previous_label&quot;:&quot;Anterior&quot;,&quot;step_type&quot;:&quot;number_text&quot;,&quot;step_icon_shape&quot;:&quot;circle&quot;}\" data-widget_type=\"form.default\">\n\t\t\t\t\t\t\t<form class=\"elementor-form\" method=\"post\" id=\"e_guide_vgn_uk\" name=\"e-guide VGN ES\" aria-label=\"e-guide VGN ES\">\n\t\t\t<input type=\"hidden\" name=\"post_id\" value=\"214421\"\/>\n\t\t\t<input type=\"hidden\" name=\"form_id\" value=\"27ac311\"\/>\n\t\t\t<input type=\"hidden\" name=\"referer_title\" value=\"Consejos y trucos para el cultivo ecol\u00f3gico de VGN | Atami\" \/>\n\n\t\t\t\t\t\t\t<input type=\"hidden\" name=\"queried_id\" value=\"214421\"\/>\n\t\t\t\n\t\t\t<div class=\"elementor-form-fields-wrapper elementor-labels-above\">\n\t\t\t\t\t\t\t\t<div class=\"elementor-field-type-email elementor-field-group elementor-column elementor-field-group-message elementor-col-75 elementor-sm-75 elementor-field-required\">\n\t\t\t\t\t\t\t\t\t\t\t\t\t<input size=\"1\" type=\"email\" name=\"form_fields[message]\" id=\"form-field-message\" class=\"elementor-field elementor-size-sm  elementor-field-textual\" placeholder=\"Obtenga la gu\u00eda electr\u00f3nica (correo electr\u00f3nico)\" required=\"required\">\n\t\t\t\t\t\t\t\t\t\t\t<\/div>\n\t\t\t\t\t\t\t\t<div class=\"elementor-field-group elementor-column elementor-field-type-submit elementor-col-25 e-form__buttons elementor-sm-25\">\n\t\t\t\t\t<button class=\"elementor-button elementor-size-sm\" type=\"submit\">\n\t\t\t\t\t\t<span class=\"elementor-button-content-wrapper\">\n\t\t\t\t\t\t\t\t\t\t\t\t\t\t\t\t\t\t\t\t\t\t<span class=\"elementor-button-text\">Enviar<\/span>\n\t\t\t\t\t\t\t\t\t\t\t\t\t<\/span>\n\t\t\t\t\t<\/button>\n\t\t\t\t<\/div>\n\t\t\t<\/div>\n\t\t<\/form>\n\t\t\t\t\t\t<\/div>\n\t\t\t\t<div class=\"elementor-element elementor-element-ff256a0 elementor-widget elementor-widget-text-editor\" data-id=\"ff256a0\" data-element_type=\"widget\" data-e-type=\"widget\" data-widget_type=\"text-editor.default\">\n\t\t\t\t\t\t\t\t\t<p>Al enviar este formulario, aceptas nuestra pol\u00edtica de <a href=\"https:\/\/atami.com\/es\/politica-de-privacidad\">privacidad<\/a>.<\/p>\n\t\t\t\t\t\t\t\t<\/div>\n\t\t\t\t<\/div>\n\t\t<div class=\"elementor-element elementor-element-20823f0 e-con-full e-flex e-con e-child\" data-id=\"20823f0\" data-element_type=\"container\" data-e-type=\"container\">\n\t\t\t\t<div class=\"elementor-element elementor-element-7c3aae5 elementor-widget elementor-widget-image\" data-id=\"7c3aae5\" data-element_type=\"widget\" data-e-type=\"widget\" data-widget_type=\"image.default\">\n\t\t\t\t\t\t\t\t\t\t\t\t\t\t\t<img fetchpriority=\"high\" decoding=\"async\" width=\"1024\" height=\"1024\" src=\"https:\/\/atami.com\/wp-content\/uploads\/2024\/11\/VGN-product-image-1.webp\" class=\"attachment-full size-full wp-image-196075\" alt=\"\" srcset=\"https:\/\/atami.com\/wp-content\/uploads\/2024\/11\/VGN-product-image-1.webp 1024w, https:\/\/atami.com\/wp-content\/uploads\/2024\/11\/VGN-product-image-1-300x300.webp 300w, https:\/\/atami.com\/wp-content\/uploads\/2024\/11\/VGN-product-image-1-150x150.webp 150w, https:\/\/atami.com\/wp-content\/uploads\/2024\/11\/VGN-product-image-1-768x768.webp 768w, https:\/\/atami.com\/wp-content\/uploads\/2024\/11\/VGN-product-image-1-450x450.webp 450w, https:\/\/atami.com\/wp-content\/uploads\/2024\/11\/VGN-product-image-1-600x600.webp 600w, https:\/\/atami.com\/wp-content\/uploads\/2024\/11\/VGN-product-image-1-100x100.webp 100w\" sizes=\"(max-width: 1024px) 100vw, 1024px\" \/>\t\t\t\t\t\t\t\t\t\t\t\t\t\t\t<\/div>\n\t\t\t\t<\/div>\n\t\t\t\t\t<\/div>\n\t\t\t\t<\/div>\n\t\t\t\t<\/div>\n\t\t","protected":false},"excerpt":{"rendered":"<p>Consigue hoy mismo la gu\u00eda electr\u00f3nica de VGN. El cultivo ecol\u00f3gico produce un sabor, un aroma y una salud vegetal incre\u00edbles, pero tambi\u00e9n conlleva retos que pillan desprevenidos a los agricultores. Esta gu\u00eda desglosa los 12 problemas m\u00e1s comunes a los que se enfrentan los agricultores ecol\u00f3gicos en el mundo real y muestra c\u00f3mo los [&hellip;]<\/p>\n","protected":false},"author":1,"featured_media":0,"parent":0,"menu_order":0,"comment_status":"closed","ping_status":"closed","template":"elementor_header_footer","meta":{"_acf_changed":false,"iawp_total_views":3,"footnotes":""},"class_list":["post-214421","page","type-page","status-publish","hentry"],"acf":[],"yoast_head":"<!-- This site is optimized with the Yoast SEO Premium plugin v27.4 (Yoast SEO v27.4) - https:\/\/yoast.com\/product\/yoast-seo-premium-wordpress\/ -->\n<title>Consejos y trucos para el cultivo ecol\u00f3gico de VGN | Atami<\/title>\n<meta name=\"robots\" content=\"index, follow, max-snippet:-1, max-image-preview:large, max-video-preview:-1\" \/>\n<link rel=\"canonical\" href=\"https:\/\/atami.com\/es\/consejos-y-trucos-para-el-cultivo-ecologico-de-vgn\" \/>\n<meta property=\"og:locale\" content=\"es_ES\" \/>\n<meta property=\"og:type\" content=\"article\" \/>\n<meta property=\"og:title\" content=\"Consejos y trucos para el cultivo ecol\u00f3gico de VGN\" \/>\n<meta property=\"og:description\" content=\"Consigue hoy mismo la gu\u00eda electr\u00f3nica de VGN. El cultivo ecol\u00f3gico produce un sabor, un aroma y una salud vegetal incre\u00edbles, pero tambi\u00e9n conlleva retos que pillan desprevenidos a los agricultores. Esta gu\u00eda desglosa los 12 problemas m\u00e1s comunes a los que se enfrentan los agricultores ecol\u00f3gicos en el mundo real y muestra c\u00f3mo los [&hellip;]\" \/>\n<meta property=\"og:url\" content=\"https:\/\/atami.com\/es\/consejos-y-trucos-para-el-cultivo-ecologico-de-vgn\" \/>\n<meta property=\"og:site_name\" content=\"Atami\" \/>\n<meta property=\"article:publisher\" content=\"https:\/\/www.facebook.com\/Atami.International\" \/>\n<meta property=\"article:modified_time\" content=\"2026-03-09T13:37:40+00:00\" \/>\n<meta property=\"og:image\" content=\"https:\/\/atami.com\/wp-content\/uploads\/2024\/11\/VGN-product-image-1.webp\" \/>\n\t<meta property=\"og:image:width\" content=\"1024\" \/>\n\t<meta property=\"og:image:height\" content=\"1024\" \/>\n\t<meta property=\"og:image:type\" content=\"image\/webp\" \/>\n<meta name=\"twitter:card\" content=\"summary_large_image\" \/>\n<meta name=\"twitter:site\" content=\"@AtamiEU\" \/>\n<meta name=\"twitter:label1\" content=\"Tiempo de lectura\" \/>\n\t<meta name=\"twitter:data1\" content=\"1 minuto\" \/>\n<script type=\"application\/ld+json\" class=\"yoast-schema-graph\">{\"@context\":\"https:\\\/\\\/schema.org\",\"@graph\":[{\"@type\":\"WebPage\",\"@id\":\"https:\\\/\\\/atami.com\\\/es\\\/consejos-y-trucos-para-el-cultivo-ecologico-de-vgn\",\"url\":\"https:\\\/\\\/atami.com\\\/es\\\/consejos-y-trucos-para-el-cultivo-ecologico-de-vgn\",\"name\":\"Consejos y trucos para el cultivo ecol\u00f3gico de VGN | Atami\",\"isPartOf\":{\"@id\":\"https:\\\/\\\/atami.com\\\/es#website\"},\"primaryImageOfPage\":{\"@id\":\"https:\\\/\\\/atami.com\\\/es\\\/consejos-y-trucos-para-el-cultivo-ecologico-de-vgn#primaryimage\"},\"image\":{\"@id\":\"https:\\\/\\\/atami.com\\\/es\\\/consejos-y-trucos-para-el-cultivo-ecologico-de-vgn#primaryimage\"},\"thumbnailUrl\":\"https:\\\/\\\/atami.com\\\/wp-content\\\/uploads\\\/2024\\\/11\\\/VGN-product-image-1.webp\",\"datePublished\":\"2026-02-12T10:20:26+00:00\",\"dateModified\":\"2026-03-09T13:37:40+00:00\",\"breadcrumb\":{\"@id\":\"https:\\\/\\\/atami.com\\\/es\\\/consejos-y-trucos-para-el-cultivo-ecologico-de-vgn#breadcrumb\"},\"inLanguage\":\"es\",\"potentialAction\":[{\"@type\":\"ReadAction\",\"target\":[\"https:\\\/\\\/atami.com\\\/es\\\/consejos-y-trucos-para-el-cultivo-ecologico-de-vgn\"]}]},{\"@type\":\"ImageObject\",\"inLanguage\":\"es\",\"@id\":\"https:\\\/\\\/atami.com\\\/es\\\/consejos-y-trucos-para-el-cultivo-ecologico-de-vgn#primaryimage\",\"url\":\"https:\\\/\\\/atami.com\\\/wp-content\\\/uploads\\\/2024\\\/11\\\/VGN-product-image-1.webp\",\"contentUrl\":\"https:\\\/\\\/atami.com\\\/wp-content\\\/uploads\\\/2024\\\/11\\\/VGN-product-image-1.webp\"},{\"@type\":\"BreadcrumbList\",\"@id\":\"https:\\\/\\\/atami.com\\\/es\\\/consejos-y-trucos-para-el-cultivo-ecologico-de-vgn#breadcrumb\",\"itemListElement\":[{\"@type\":\"ListItem\",\"position\":1,\"name\":\"Home\",\"item\":\"https:\\\/\\\/atami.com\\\/es\"},{\"@type\":\"ListItem\",\"position\":2,\"name\":\"Consejos y trucos para el cultivo ecol\u00f3gico de VGN\"}]},{\"@type\":\"WebSite\",\"@id\":\"https:\\\/\\\/atami.com\\\/es#website\",\"url\":\"https:\\\/\\\/atami.com\\\/es\",\"name\":\"Atami\",\"description\":\"NATURALLY INNOVATING!\",\"publisher\":{\"@id\":\"https:\\\/\\\/atami.com\\\/es#organization\"},\"potentialAction\":[{\"@type\":\"SearchAction\",\"target\":{\"@type\":\"EntryPoint\",\"urlTemplate\":\"https:\\\/\\\/atami.com\\\/es?s={search_term_string}\"},\"query-input\":{\"@type\":\"PropertyValueSpecification\",\"valueRequired\":true,\"valueName\":\"search_term_string\"}}],\"inLanguage\":\"es\"},{\"@type\":\"Organization\",\"@id\":\"https:\\\/\\\/atami.com\\\/es#organization\",\"name\":\"Atami\",\"url\":\"https:\\\/\\\/atami.com\\\/es\",\"logo\":{\"@type\":\"ImageObject\",\"inLanguage\":\"es\",\"@id\":\"https:\\\/\\\/atami.com\\\/es#\\\/schema\\\/logo\\\/image\\\/\",\"url\":\"https:\\\/\\\/atami.com\\\/wp-content\\\/uploads\\\/2026\\\/01\\\/Atami-logo-696x696px.webp\",\"contentUrl\":\"https:\\\/\\\/atami.com\\\/wp-content\\\/uploads\\\/2026\\\/01\\\/Atami-logo-696x696px.webp\",\"width\":696,\"height\":696,\"caption\":\"Atami\"},\"image\":{\"@id\":\"https:\\\/\\\/atami.com\\\/es#\\\/schema\\\/logo\\\/image\\\/\"},\"sameAs\":[\"https:\\\/\\\/www.facebook.com\\\/Atami.International\",\"https:\\\/\\\/x.com\\\/AtamiEU\",\"https:\\\/\\\/www.youtube.com\\\/c\\\/AtamiInternational\",\"https:\\\/\\\/www.instagram.com\\\/atami.international\\\/\"],\"description\":\"ATAMI is a premium plant nutrition & substrate brand founded in 1997 with the mission to make exceptional cultivation achievable for everyone. From legacy to license, we offer a wide variety of innovating award-winning products to let cultivators achieve maximum results in taste & yield.\",\"email\":\"info@mginnovations.es\",\"legalName\":\"Atami\",\"numberOfEmployees\":{\"@type\":\"QuantitativeValue\",\"minValue\":\"11\",\"maxValue\":\"50\"}}]}<\/script>\n<!-- \/ Yoast SEO Premium plugin. -->","yoast_head_json":{"title":"Consejos y trucos para el cultivo ecol\u00f3gico de VGN | Atami","robots":{"index":"index","follow":"follow","max-snippet":"max-snippet:-1","max-image-preview":"max-image-preview:large","max-video-preview":"max-video-preview:-1"},"canonical":"https:\/\/atami.com\/es\/consejos-y-trucos-para-el-cultivo-ecologico-de-vgn","og_locale":"es_ES","og_type":"article","og_title":"Consejos y trucos para el cultivo ecol\u00f3gico de VGN","og_description":"Consigue hoy mismo la gu\u00eda electr\u00f3nica de VGN. El cultivo ecol\u00f3gico produce un sabor, un aroma y una salud vegetal incre\u00edbles, pero tambi\u00e9n conlleva retos que pillan desprevenidos a los agricultores. Esta gu\u00eda desglosa los 12 problemas m\u00e1s comunes a los que se enfrentan los agricultores ecol\u00f3gicos en el mundo real y muestra c\u00f3mo los [&hellip;]","og_url":"https:\/\/atami.com\/es\/consejos-y-trucos-para-el-cultivo-ecologico-de-vgn","og_site_name":"Atami","article_publisher":"https:\/\/www.facebook.com\/Atami.International","article_modified_time":"2026-03-09T13:37:40+00:00","og_image":[{"width":1024,"height":1024,"url":"https:\/\/atami.com\/wp-content\/uploads\/2024\/11\/VGN-product-image-1.webp","type":"image\/webp"}],"twitter_card":"summary_large_image","twitter_site":"@AtamiEU","twitter_misc":{"Tiempo de lectura":"1 minuto"},"schema":{"@context":"https:\/\/schema.org","@graph":[{"@type":"WebPage","@id":"https:\/\/atami.com\/es\/consejos-y-trucos-para-el-cultivo-ecologico-de-vgn","url":"https:\/\/atami.com\/es\/consejos-y-trucos-para-el-cultivo-ecologico-de-vgn","name":"Consejos y trucos para el cultivo ecol\u00f3gico de VGN | Atami","isPartOf":{"@id":"https:\/\/atami.com\/es#website"},"primaryImageOfPage":{"@id":"https:\/\/atami.com\/es\/consejos-y-trucos-para-el-cultivo-ecologico-de-vgn#primaryimage"},"image":{"@id":"https:\/\/atami.com\/es\/consejos-y-trucos-para-el-cultivo-ecologico-de-vgn#primaryimage"},"thumbnailUrl":"https:\/\/atami.com\/wp-content\/uploads\/2024\/11\/VGN-product-image-1.webp","datePublished":"2026-02-12T10:20:26+00:00","dateModified":"2026-03-09T13:37:40+00:00","breadcrumb":{"@id":"https:\/\/atami.com\/es\/consejos-y-trucos-para-el-cultivo-ecologico-de-vgn#breadcrumb"},"inLanguage":"es","potentialAction":[{"@type":"ReadAction","target":["https:\/\/atami.com\/es\/consejos-y-trucos-para-el-cultivo-ecologico-de-vgn"]}]},{"@type":"ImageObject","inLanguage":"es","@id":"https:\/\/atami.com\/es\/consejos-y-trucos-para-el-cultivo-ecologico-de-vgn#primaryimage","url":"https:\/\/atami.com\/wp-content\/uploads\/2024\/11\/VGN-product-image-1.webp","contentUrl":"https:\/\/atami.com\/wp-content\/uploads\/2024\/11\/VGN-product-image-1.webp"},{"@type":"BreadcrumbList","@id":"https:\/\/atami.com\/es\/consejos-y-trucos-para-el-cultivo-ecologico-de-vgn#breadcrumb","itemListElement":[{"@type":"ListItem","position":1,"name":"Home","item":"https:\/\/atami.com\/es"},{"@type":"ListItem","position":2,"name":"Consejos y trucos para el cultivo ecol\u00f3gico de VGN"}]},{"@type":"WebSite","@id":"https:\/\/atami.com\/es#website","url":"https:\/\/atami.com\/es","name":"Atami","description":"NATURALLY INNOVATING!","publisher":{"@id":"https:\/\/atami.com\/es#organization"},"potentialAction":[{"@type":"SearchAction","target":{"@type":"EntryPoint","urlTemplate":"https:\/\/atami.com\/es?s={search_term_string}"},"query-input":{"@type":"PropertyValueSpecification","valueRequired":true,"valueName":"search_term_string"}}],"inLanguage":"es"},{"@type":"Organization","@id":"https:\/\/atami.com\/es#organization","name":"Atami","url":"https:\/\/atami.com\/es","logo":{"@type":"ImageObject","inLanguage":"es","@id":"https:\/\/atami.com\/es#\/schema\/logo\/image\/","url":"https:\/\/atami.com\/wp-content\/uploads\/2026\/01\/Atami-logo-696x696px.webp","contentUrl":"https:\/\/atami.com\/wp-content\/uploads\/2026\/01\/Atami-logo-696x696px.webp","width":696,"height":696,"caption":"Atami"},"image":{"@id":"https:\/\/atami.com\/es#\/schema\/logo\/image\/"},"sameAs":["https:\/\/www.facebook.com\/Atami.International","https:\/\/x.com\/AtamiEU","https:\/\/www.youtube.com\/c\/AtamiInternational","https:\/\/www.instagram.com\/atami.international\/"],"description":"ATAMI is a premium plant nutrition & substrate brand founded in 1997 with the mission to make exceptional cultivation achievable for everyone. From legacy to license, we offer a wide variety of innovating award-winning products to let cultivators achieve maximum results in taste & yield.","email":"info@mginnovations.es","legalName":"Atami","numberOfEmployees":{"@type":"QuantitativeValue","minValue":"11","maxValue":"50"}}]}},"_links":{"self":[{"href":"https:\/\/atami.com\/es\/wp-json\/wp\/v2\/pages\/214421","targetHints":{"allow":["GET"]}}],"collection":[{"href":"https:\/\/atami.com\/es\/wp-json\/wp\/v2\/pages"}],"about":[{"href":"https:\/\/atami.com\/es\/wp-json\/wp\/v2\/types\/page"}],"author":[{"embeddable":true,"href":"https:\/\/atami.com\/es\/wp-json\/wp\/v2\/users\/1"}],"replies":[{"embeddable":true,"href":"https:\/\/atami.com\/es\/wp-json\/wp\/v2\/comments?post=214421"}],"version-history":[{"count":5,"href":"https:\/\/atami.com\/es\/wp-json\/wp\/v2\/pages\/214421\/revisions"}],"predecessor-version":[{"id":214742,"href":"https:\/\/atami.com\/es\/wp-json\/wp\/v2\/pages\/214421\/revisions\/214742"}],"wp:attachment":[{"href":"https:\/\/atami.com\/es\/wp-json\/wp\/v2\/media?parent=214421"}],"curies":[{"name":"wp","href":"https:\/\/api.w.org\/{rel}","templated":true}]}}