{"id":50237,"date":"2023-09-01T05:00:39","date_gmt":"2023-09-01T05:00:39","guid":{"rendered":"https:\/\/atami.com\/product\/washed-buffered-cocos\/"},"modified":"2026-03-03T15:29:10","modified_gmt":"2026-03-03T13:29:10","slug":"washed-buffered-cocos","status":"publish","type":"product","link":"https:\/\/atami.com\/de\/produkt\/washed-buffered-cocos","title":{"rendered":"Washed &#038; Buffered Cocos"},"content":{"rendered":"<p>WASHED &amp; BUFFERED COCOS ist ein Substrat, das zu 100 % aus gewaschenen und gepufferten Kokosfasern besteht, die keine D\u00fcngemittel enthalten, was eine unglaublich niedrige elektrische Leitf\u00e4higkeit (EC) garantiert.<\/p>\n<p>&nbsp;<\/p>\n<p>Dieses Substrat bietet alle Vorteile des Anbaus mit dem hochwertigen Atami Cocos Substrat, nur ohne D\u00fcnger, so dass Du die gew\u00fcnschte N\u00e4hrstoffversorgung gleich zu Beginn des Wachstums anwenden kannst. Daher eignet sich Washed &amp; Buffered Cocos auch ideal f\u00fcr Setzlinge und Stecklinge.<\/p>\n<p>EC:&lt; 0,3<\/p>\n<p><strong>VERF\u00dcGBAR IN 50 L<\/strong><\/p>\n","protected":false},"excerpt":{"rendered":"<p>Unged\u00fcngte, gewaschene und gepufferte Kokosfasern, die einen unglaublich niedrigen EC-Wert garantieren<\/p>\n","protected":false},"featured_media":179415,"comment_status":"closed","ping_status":"closed","template":"","meta":{"_acf_changed":false,"iawp_total_views":96},"product_brand":[],"product_cat":[196],"product_tag":[],"class_list":{"0":"post-50237","1":"product","2":"type-product","3":"status-publish","4":"has-post-thumbnail","6":"product_cat-atami-substrate","8":"first","9":"instock","10":"shipping-taxable","11":"product-type-simple"},"acf":{"short_description":"<p>WASHED &amp; BUFFERED COCOS ist ein Substrat, das zu 100 % aus gewaschenen und gepufferten Kokosfasern besteht, die keine D\u00fcngemittel enthalten, was eine unglaublich niedrige elektrische Leitf\u00e4higkeit (EC) garantiert.<\/p>\r\n<p>Dieses Substrat bietet alle Vorteile des Anbaus mit dem hochwertigen Atami Cocos Substrat, nur ohne D\u00fcnger, so dass Du die gew\u00fcnschte N\u00e4hrstoffversorgung gleich zu Beginn des Wachstums anwenden kannst. Daher eignet sich Washed &amp; Buffered Cocos auch ideal f\u00fcr Setzlinge und Stecklinge.<\/p>\r\n<p><strong>EC:&lt; 0,3<\/strong><\/p>","suitable_for":"","application":"","dosage":"","npk_ratio":"","available_in":"<p>50L<\/p>","icon_1":"","icon_1_text":"","icon_2":195181,"icon_2_text":"","icon_3":"","icon_3_text":"","icon_4":"","icon_4_text":"","video":"","second_image":179415,"product_image_page":"","user_manual":"","new_icon_1":"","new_icon_2":"","new_icon_3":"","new_icon_4":"","grow_guides":"","category":"Substrat"},"yoast_head":"<!-- This site is optimized with the Yoast SEO Premium plugin v27.5 (Yoast SEO v27.5) - https:\/\/yoast.com\/product\/yoast-seo-premium-wordpress\/ -->\n<title>Washed &amp; Buffered Cocos \u2013 Perfekt f\u00fcr eine gesunde Pflanzenzucht<\/title>\n<meta name=\"description\" content=\"Holen Sie sich den idealen Untergrund f\u00fcr Ihre Pflanzen mit dem Washed &amp; Buffered Cocos von Atami. Ideal f\u00fcr hydroponische Systeme, bietet dieser Kokos-Substrat optimale Bel\u00fcftung und Feuchtigkeitskontrolle f\u00fcr gesunde und kr\u00e4ftige Pflanzen. Perfekt f\u00fcr Anf\u00e4nger und Profis.\" \/>\n<meta name=\"robots\" content=\"index, follow, max-snippet:-1, max-image-preview:large, max-video-preview:-1\" \/>\n<link rel=\"canonical\" href=\"https:\/\/atami.com\/de\/produkt\/washed-buffered-cocos\" \/>\n<meta property=\"og:locale\" content=\"de_DE\" \/>\n<meta property=\"og:type\" content=\"article\" \/>\n<meta property=\"og:title\" content=\"Washed &amp; Buffered Cocos\" \/>\n<meta property=\"og:description\" content=\"Holen Sie sich den idealen Untergrund f\u00fcr Ihre Pflanzen mit dem Washed &amp; Buffered Cocos von Atami. Ideal f\u00fcr hydroponische Systeme, bietet dieser Kokos-Substrat optimale Bel\u00fcftung und Feuchtigkeitskontrolle f\u00fcr gesunde und kr\u00e4ftige Pflanzen. Perfekt f\u00fcr Anf\u00e4nger und Profis.\" \/>\n<meta property=\"og:url\" content=\"https:\/\/atami.com\/de\/produkt\/washed-buffered-cocos\" \/>\n<meta property=\"og:site_name\" content=\"Atami\" \/>\n<meta property=\"article:publisher\" content=\"https:\/\/www.facebook.com\/Atami.International\" \/>\n<meta property=\"article:modified_time\" content=\"2026-03-03T13:29:10+00:00\" \/>\n<meta property=\"og:image\" content=\"https:\/\/atami.com\/wp-content\/uploads\/2023\/09\/Washed-Buffered-Cocos.webp\" \/>\n\t<meta property=\"og:image:width\" content=\"800\" \/>\n\t<meta property=\"og:image:height\" content=\"800\" \/>\n\t<meta property=\"og:image:type\" content=\"image\/webp\" \/>\n<meta name=\"twitter:card\" content=\"summary_large_image\" \/>\n<meta name=\"twitter:site\" content=\"@AtamiEU\" \/>\n<meta name=\"twitter:label1\" content=\"Gesch\u00e4tzte Lesezeit\" \/>\n\t<meta name=\"twitter:data1\" content=\"1\u00a0Minute\" \/>\n<script type=\"application\/ld+json\" class=\"yoast-schema-graph\">{\"@context\":\"https:\\\/\\\/schema.org\",\"@graph\":[{\"@type\":\"WebPage\",\"@id\":\"https:\\\/\\\/atami.com\\\/de\\\/produkt\\\/washed-buffered-cocos\",\"url\":\"https:\\\/\\\/atami.com\\\/de\\\/produkt\\\/washed-buffered-cocos\",\"name\":\"Washed & Buffered Cocos \u2013 Perfekt f\u00fcr eine gesunde Pflanzenzucht\",\"isPartOf\":{\"@id\":\"https:\\\/\\\/atami.com\\\/de#website\"},\"primaryImageOfPage\":{\"@id\":\"https:\\\/\\\/atami.com\\\/de\\\/produkt\\\/washed-buffered-cocos#primaryimage\"},\"image\":{\"@id\":\"https:\\\/\\\/atami.com\\\/de\\\/produkt\\\/washed-buffered-cocos#primaryimage\"},\"thumbnailUrl\":\"https:\\\/\\\/atami.com\\\/wp-content\\\/uploads\\\/2023\\\/09\\\/Washed-Buffered-Cocos.webp\",\"datePublished\":\"2023-09-01T05:00:39+00:00\",\"dateModified\":\"2026-03-03T13:29:10+00:00\",\"description\":\"Holen Sie sich den idealen Untergrund f\u00fcr Ihre Pflanzen mit dem Washed & Buffered Cocos von Atami. Ideal f\u00fcr hydroponische Systeme, bietet dieser Kokos-Substrat optimale Bel\u00fcftung und Feuchtigkeitskontrolle f\u00fcr gesunde und kr\u00e4ftige Pflanzen. Perfekt f\u00fcr Anf\u00e4nger und Profis.\",\"breadcrumb\":{\"@id\":\"https:\\\/\\\/atami.com\\\/de\\\/produkt\\\/washed-buffered-cocos#breadcrumb\"},\"inLanguage\":\"de\",\"potentialAction\":[{\"@type\":\"ReadAction\",\"target\":[\"https:\\\/\\\/atami.com\\\/de\\\/produkt\\\/washed-buffered-cocos\"]}]},{\"@type\":\"ImageObject\",\"inLanguage\":\"de\",\"@id\":\"https:\\\/\\\/atami.com\\\/de\\\/produkt\\\/washed-buffered-cocos#primaryimage\",\"url\":\"https:\\\/\\\/atami.com\\\/wp-content\\\/uploads\\\/2023\\\/09\\\/Washed-Buffered-Cocos.webp\",\"contentUrl\":\"https:\\\/\\\/atami.com\\\/wp-content\\\/uploads\\\/2023\\\/09\\\/Washed-Buffered-Cocos.webp\",\"width\":800,\"height\":800,\"caption\":\"Washed & Buffered Cocos bietet den Z\u00fcchtern eine saubere Ausgangslage und ein Substrat mit niedrigem EC-Wert, ideal f\u00fcr Setzlinge und Stecklinge.\"},{\"@type\":\"BreadcrumbList\",\"@id\":\"https:\\\/\\\/atami.com\\\/de\\\/produkt\\\/washed-buffered-cocos#breadcrumb\",\"itemListElement\":[{\"@type\":\"ListItem\",\"position\":1,\"name\":\"Home\",\"item\":\"https:\\\/\\\/atami.com\\\/de\"},{\"@type\":\"ListItem\",\"position\":2,\"name\":\"Produkte\",\"item\":\"https:\\\/\\\/atami.com\\\/de\\\/shop\"},{\"@type\":\"ListItem\",\"position\":3,\"name\":\"Marken\",\"item\":\"https:\\\/\\\/atami.com\\\/de\\\/produkt-kategorie\\\/marken\"},{\"@type\":\"ListItem\",\"position\":4,\"name\":\"Atami substrate\",\"item\":\"https:\\\/\\\/atami.com\\\/de\\\/produkt-kategorie\\\/marken\\\/atami-substrate\"},{\"@type\":\"ListItem\",\"position\":5,\"name\":\"Washed &#038; Buffered Cocos\"}]},{\"@type\":\"WebSite\",\"@id\":\"https:\\\/\\\/atami.com\\\/de#website\",\"url\":\"https:\\\/\\\/atami.com\\\/de\",\"name\":\"Atami\",\"description\":\"NATURALLY INNOVATING!\",\"publisher\":{\"@id\":\"https:\\\/\\\/atami.com\\\/de#organization\"},\"potentialAction\":[{\"@type\":\"SearchAction\",\"target\":{\"@type\":\"EntryPoint\",\"urlTemplate\":\"https:\\\/\\\/atami.com\\\/de?s={search_term_string}\"},\"query-input\":{\"@type\":\"PropertyValueSpecification\",\"valueRequired\":true,\"valueName\":\"search_term_string\"}}],\"inLanguage\":\"de\"},{\"@type\":\"Organization\",\"@id\":\"https:\\\/\\\/atami.com\\\/de#organization\",\"name\":\"Atami\",\"url\":\"https:\\\/\\\/atami.com\\\/de\",\"logo\":{\"@type\":\"ImageObject\",\"inLanguage\":\"de\",\"@id\":\"https:\\\/\\\/atami.com\\\/de#\\\/schema\\\/logo\\\/image\\\/\",\"url\":\"https:\\\/\\\/atami.com\\\/wp-content\\\/uploads\\\/2026\\\/01\\\/Atami-logo-696x696px.webp\",\"contentUrl\":\"https:\\\/\\\/atami.com\\\/wp-content\\\/uploads\\\/2026\\\/01\\\/Atami-logo-696x696px.webp\",\"width\":696,\"height\":696,\"caption\":\"Atami\"},\"image\":{\"@id\":\"https:\\\/\\\/atami.com\\\/de#\\\/schema\\\/logo\\\/image\\\/\"},\"sameAs\":[\"https:\\\/\\\/www.facebook.com\\\/Atami.International\",\"https:\\\/\\\/x.com\\\/AtamiEU\",\"https:\\\/\\\/www.youtube.com\\\/c\\\/AtamiInternational\",\"https:\\\/\\\/www.instagram.com\\\/atami.international\\\/\"],\"description\":\"ATAMI is a premium plant nutrition & substrate brand founded in 1997 with the mission to make exceptional cultivation achievable for everyone. From legacy to license, we offer a wide variety of innovating award-winning products to let cultivators achieve maximum results in taste & yield.\",\"email\":\"info@mginnovations.es\",\"legalName\":\"Atami\",\"numberOfEmployees\":{\"@type\":\"QuantitativeValue\",\"minValue\":\"11\",\"maxValue\":\"50\"}}]}<\/script>\n<!-- \/ Yoast SEO Premium plugin. -->","yoast_head_json":{"title":"Washed & Buffered Cocos \u2013 Perfekt f\u00fcr eine gesunde Pflanzenzucht","description":"Holen Sie sich den idealen Untergrund f\u00fcr Ihre Pflanzen mit dem Washed & Buffered Cocos von Atami. Ideal f\u00fcr hydroponische Systeme, bietet dieser Kokos-Substrat optimale Bel\u00fcftung und Feuchtigkeitskontrolle f\u00fcr gesunde und kr\u00e4ftige Pflanzen. Perfekt f\u00fcr Anf\u00e4nger und Profis.","robots":{"index":"index","follow":"follow","max-snippet":"max-snippet:-1","max-image-preview":"max-image-preview:large","max-video-preview":"max-video-preview:-1"},"canonical":"https:\/\/atami.com\/de\/produkt\/washed-buffered-cocos","og_locale":"de_DE","og_type":"article","og_title":"Washed & Buffered Cocos","og_description":"Holen Sie sich den idealen Untergrund f\u00fcr Ihre Pflanzen mit dem Washed & Buffered Cocos von Atami. Ideal f\u00fcr hydroponische Systeme, bietet dieser Kokos-Substrat optimale Bel\u00fcftung und Feuchtigkeitskontrolle f\u00fcr gesunde und kr\u00e4ftige Pflanzen. Perfekt f\u00fcr Anf\u00e4nger und Profis.","og_url":"https:\/\/atami.com\/de\/produkt\/washed-buffered-cocos","og_site_name":"Atami","article_publisher":"https:\/\/www.facebook.com\/Atami.International","article_modified_time":"2026-03-03T13:29:10+00:00","og_image":[{"width":800,"height":800,"url":"https:\/\/atami.com\/wp-content\/uploads\/2023\/09\/Washed-Buffered-Cocos.webp","type":"image\/webp"}],"twitter_card":"summary_large_image","twitter_site":"@AtamiEU","twitter_misc":{"Gesch\u00e4tzte Lesezeit":"1\u00a0Minute"},"schema":{"@context":"https:\/\/schema.org","@graph":[{"@type":"WebPage","@id":"https:\/\/atami.com\/de\/produkt\/washed-buffered-cocos","url":"https:\/\/atami.com\/de\/produkt\/washed-buffered-cocos","name":"Washed & Buffered Cocos \u2013 Perfekt f\u00fcr eine gesunde Pflanzenzucht","isPartOf":{"@id":"https:\/\/atami.com\/de#website"},"primaryImageOfPage":{"@id":"https:\/\/atami.com\/de\/produkt\/washed-buffered-cocos#primaryimage"},"image":{"@id":"https:\/\/atami.com\/de\/produkt\/washed-buffered-cocos#primaryimage"},"thumbnailUrl":"https:\/\/atami.com\/wp-content\/uploads\/2023\/09\/Washed-Buffered-Cocos.webp","datePublished":"2023-09-01T05:00:39+00:00","dateModified":"2026-03-03T13:29:10+00:00","description":"Holen Sie sich den idealen Untergrund f\u00fcr Ihre Pflanzen mit dem Washed & Buffered Cocos von Atami. Ideal f\u00fcr hydroponische Systeme, bietet dieser Kokos-Substrat optimale Bel\u00fcftung und Feuchtigkeitskontrolle f\u00fcr gesunde und kr\u00e4ftige Pflanzen. Perfekt f\u00fcr Anf\u00e4nger und Profis.","breadcrumb":{"@id":"https:\/\/atami.com\/de\/produkt\/washed-buffered-cocos#breadcrumb"},"inLanguage":"de","potentialAction":[{"@type":"ReadAction","target":["https:\/\/atami.com\/de\/produkt\/washed-buffered-cocos"]}]},{"@type":"ImageObject","inLanguage":"de","@id":"https:\/\/atami.com\/de\/produkt\/washed-buffered-cocos#primaryimage","url":"https:\/\/atami.com\/wp-content\/uploads\/2023\/09\/Washed-Buffered-Cocos.webp","contentUrl":"https:\/\/atami.com\/wp-content\/uploads\/2023\/09\/Washed-Buffered-Cocos.webp","width":800,"height":800,"caption":"Washed & Buffered Cocos bietet den Z\u00fcchtern eine saubere Ausgangslage und ein Substrat mit niedrigem EC-Wert, ideal f\u00fcr Setzlinge und Stecklinge."},{"@type":"BreadcrumbList","@id":"https:\/\/atami.com\/de\/produkt\/washed-buffered-cocos#breadcrumb","itemListElement":[{"@type":"ListItem","position":1,"name":"Home","item":"https:\/\/atami.com\/de"},{"@type":"ListItem","position":2,"name":"Produkte","item":"https:\/\/atami.com\/de\/shop"},{"@type":"ListItem","position":3,"name":"Marken","item":"https:\/\/atami.com\/de\/produkt-kategorie\/marken"},{"@type":"ListItem","position":4,"name":"Atami substrate","item":"https:\/\/atami.com\/de\/produkt-kategorie\/marken\/atami-substrate"},{"@type":"ListItem","position":5,"name":"Washed &#038; Buffered Cocos"}]},{"@type":"WebSite","@id":"https:\/\/atami.com\/de#website","url":"https:\/\/atami.com\/de","name":"Atami","description":"NATURALLY INNOVATING!","publisher":{"@id":"https:\/\/atami.com\/de#organization"},"potentialAction":[{"@type":"SearchAction","target":{"@type":"EntryPoint","urlTemplate":"https:\/\/atami.com\/de?s={search_term_string}"},"query-input":{"@type":"PropertyValueSpecification","valueRequired":true,"valueName":"search_term_string"}}],"inLanguage":"de"},{"@type":"Organization","@id":"https:\/\/atami.com\/de#organization","name":"Atami","url":"https:\/\/atami.com\/de","logo":{"@type":"ImageObject","inLanguage":"de","@id":"https:\/\/atami.com\/de#\/schema\/logo\/image\/","url":"https:\/\/atami.com\/wp-content\/uploads\/2026\/01\/Atami-logo-696x696px.webp","contentUrl":"https:\/\/atami.com\/wp-content\/uploads\/2026\/01\/Atami-logo-696x696px.webp","width":696,"height":696,"caption":"Atami"},"image":{"@id":"https:\/\/atami.com\/de#\/schema\/logo\/image\/"},"sameAs":["https:\/\/www.facebook.com\/Atami.International","https:\/\/x.com\/AtamiEU","https:\/\/www.youtube.com\/c\/AtamiInternational","https:\/\/www.instagram.com\/atami.international\/"],"description":"ATAMI is a premium plant nutrition & substrate brand founded in 1997 with the mission to make exceptional cultivation achievable for everyone. From legacy to license, we offer a wide variety of innovating award-winning products to let cultivators achieve maximum results in taste & yield.","email":"info@mginnovations.es","legalName":"Atami","numberOfEmployees":{"@type":"QuantitativeValue","minValue":"11","maxValue":"50"}}]}},"_links":{"self":[{"href":"https:\/\/atami.com\/de\/wp-json\/wp\/v2\/product\/50237","targetHints":{"allow":["GET"]}}],"collection":[{"href":"https:\/\/atami.com\/de\/wp-json\/wp\/v2\/product"}],"about":[{"href":"https:\/\/atami.com\/de\/wp-json\/wp\/v2\/types\/product"}],"replies":[{"embeddable":true,"href":"https:\/\/atami.com\/de\/wp-json\/wp\/v2\/comments?post=50237"}],"wp:featuredmedia":[{"embeddable":true,"href":"https:\/\/atami.com\/de\/wp-json\/wp\/v2\/media\/179415"}],"wp:attachment":[{"href":"https:\/\/atami.com\/de\/wp-json\/wp\/v2\/media?parent=50237"}],"wp:term":[{"taxonomy":"product_brand","embeddable":true,"href":"https:\/\/atami.com\/de\/wp-json\/wp\/v2\/product_brand?post=50237"},{"taxonomy":"product_cat","embeddable":true,"href":"https:\/\/atami.com\/de\/wp-json\/wp\/v2\/product_cat?post=50237"},{"taxonomy":"product_tag","embeddable":true,"href":"https:\/\/atami.com\/de\/wp-json\/wp\/v2\/product_tag?post=50237"}],"curies":[{"name":"wp","href":"https:\/\/api.w.org\/{rel}","templated":true}]}}