{"id":22396,"date":"2023-02-13T12:36:42","date_gmt":"2023-02-13T12:36:42","guid":{"rendered":"https:\/\/atami.com\/product\/rokzbastic\/"},"modified":"2026-03-03T10:55:45","modified_gmt":"2026-03-03T08:55:45","slug":"rokzbastic","status":"publish","type":"product","link":"https:\/\/atami.com\/de\/produkt\/rokzbastic","title":{"rendered":"Rokzbastic"},"content":{"rendered":"<p><strong>Rokzbastic ist ein hochwertiger Cocktail aus Mineralien und Biostimulanzien, der der perfekte Partner f\u00fcr ergebnisstarke und robuste Pflanzen ist. Erhalte festere, schwerere und kompaktere Bl\u00fcten und Fr\u00fcchte dank seines PK-Werts von 10-20, der im Vergleich zu anderen fl\u00fcssigen Bl\u00fchprodukten auf dem Markt einzigartig ist.<\/strong><\/p>\n<p>&nbsp;<\/p>\n<p>Rokzbastic hat ein P: K-Verh\u00e4ltnis von 1:2. Diese hohe Konzentration an Kalium f\u00f6rdert insbesondere die Bl\u00fcte von Pflanzen mit einer langen Bl\u00fctephase. So ist sein 10-20 PK-Wert der Schl\u00fcssel zur Produktion von dichteren und festeren Bl\u00fcten und Fr\u00fcchten. Dar\u00fcber hinaus ist Rokzbastic mit 1% Eisen und anderen lebenswichtigen Elementen angereichert, um viele Pflanzenprozesse zu unterst\u00fctzen.<\/p>\n<p>&nbsp;<\/p>\n<p>Und wie sein Verwandter, <strong><a href=\"https:\/\/atami.com\/de\/produkt\/bloombastic\/\">Bloombastic<\/a><\/strong> ist Rokzbastic absolut arm an Ballaststoffen (Natrium und Chlor).<\/p>\n<p>&nbsp;<\/p>\n<p><strong>GEEIGNET F\u00dcR<\/strong><br \/>\nRokzbastic ist ein universelles N\u00e4hrstoffpr\u00e4parat, das f\u00fcr verschiedene Arten von Gem\u00fcse und Obst geeignet ist und insbesondere f\u00fcr Pflanzen mit langen Bl\u00fctezeiten oder hohem Kaliumbedarf wie Paprika, Chilis, Zitrusfr\u00fcchte oder rote Tomaten entwickelt wurde.<\/p>\n<p>&nbsp;<\/p>\n<p>Es kann auch f\u00fcr Zierpflanzen mit gro\u00dfen Bl\u00fcten (z.B. Hibiskus, Rosen oder Orchideen) verwendet werden. Erfahrene Z\u00fcchter k\u00f6nnen die erforderliche Dosierung pro Pflanze auf der Grundlage von NPK-Werten messen. Geeignet f\u00fcr den Anbau in Hydroponik, Coco und Erde sowie in manuellen und automatischen Bew\u00e4sserungssystemen.<\/p>\n<p>&nbsp;<\/p>\n<p><strong>ANWENDUNG<\/strong><br \/>\nW\u00e4hrend der letzten 4 bis 6 Wochen der Bl\u00fctezeit in der gesamten Frucht- und Reifungsphase zusammen mit Deinen Grundn\u00e4hrstoffen anwenden. Kann in Kombination mit <a href=\"https:\/\/atami.com\/de\/produkt\/bloombastic\/\"><strong>Bloombastic<\/strong><\/a> verwendet werden, um die stimulierende Wirkung der Bl\u00fctephase weiter zu verst\u00e4rken, den Ertrag und das Gewicht der Ernte zu erh\u00f6hen sowie nat\u00fcrliche Aromen und Geschmacksrichtungen zu verbessern.<\/p>\n<p>&nbsp;<\/p>\n<p>Verwende es direkt nach <strong><a href=\"https:\/\/atami.com\/de\/produkt\/bloombastic\/\">Bloombastic<\/a><\/strong>, um die Wirkung beider Produkte zu maximieren. Achte jedoch darauf dass bei der Kombination von Produkten mit hohen PK-Werten immer den EC-Wert Deiner N\u00e4hrstoffl\u00f6sung, da eine \u00dcberd\u00fcngung m\u00f6glich ist.<\/p>\n<p>&nbsp;<\/p>\n<p><strong>DOSIERUNG<\/strong><br \/>\n0,5 \u2013 1 ml pro Liter Wasser. Erh\u00f6ht den E.C.-Wert Deiner Grundn\u00e4hrstoffl\u00f6sung.<\/p>\n<p>&nbsp;<\/p>\n<p><strong>PK 10-20 W\/W<\/strong><\/p>\n<p>&nbsp;<\/p>\n<p><strong>ERH\u00c4LTLICH IN 50 ML, 100 ML, 325 ML, 1250 ML, 5,5 L, 10 L<\/strong><\/p>\n","protected":false},"excerpt":{"rendered":"<p>Bl\u00fctenzusatz f\u00fcr die Reifung<\/p>\n","protected":false},"featured_media":202134,"comment_status":"closed","ping_status":"closed","template":"","meta":{"_acf_changed":false,"iawp_total_views":1394},"product_brand":[],"product_cat":[187,192],"product_tag":[],"class_list":{"0":"post-22396","1":"product","2":"type-product","3":"status-publish","4":"has-post-thumbnail","6":"product_cat-bastics","7":"product_cat-zusatze","9":"first","10":"instock","11":"shipping-taxable","12":"product-type-simple"},"acf":{"short_description":"<p><strong>Rokzbastic ist ein hochwertiger Cocktail aus Mineralien und Biostimulanzien, der der perfekte Partner f\u00fcr ergebnisstarke und robuste Pflanzen ist. Erhalte festere, schwerere und kompaktere Bl\u00fcten und Fr\u00fcchte dank seines PK-Werts von 10-20, der im Vergleich zu anderen fl\u00fcssigen Bl\u00fchprodukten auf dem Markt einzigartig ist.<\/strong><\/p>\r\n<p>Rokzbastic hat ein P: K-Verh\u00e4ltnis von 1:2. Diese hohe Konzentration an Kalium f\u00f6rdert insbesondere die Bl\u00fcte von Pflanzen mit einer langen Bl\u00fctephase. So ist sein 10-20 PK-Wert der Schl\u00fcssel zur Produktion von dichteren und festeren Bl\u00fcten und Fr\u00fcchten. Dar\u00fcber hinaus ist Rokzbastic mit 1% Eisen und anderen lebenswichtigen Elementen angereichert, um viele Pflanzenprozesse zu unterst\u00fctzen.<\/p>\r\n<p>Und wie sein Verwandter, <strong><a href=\"https:\/\/atami.com\/de\/produkt\/bloombastic\">Bloombastic<\/a><\/strong> ist Rokzbastic absolut arm an Ballaststoffen (Natrium und Chlor).<\/p>","suitable_for":"<p>Rokzbastic ist ein universelles N\u00e4hrstoffpr\u00e4parat, das f\u00fcr verschiedene Arten von Gem\u00fcse und Obst geeignet ist und insbesondere f\u00fcr Pflanzen mit langen Bl\u00fctezeiten oder hohem Kaliumbedarf wie Paprika, Chilis, Zitrusfr\u00fcchte oder rote Tomaten entwickelt wurde.<\/p>\r\n<p>Es kann auch f\u00fcr Zierpflanzen mit gro\u00dfen Bl\u00fcten (z.B. Hibiskus, Rosen oder Orchideen) verwendet werden. Erfahrene Z\u00fcchter k\u00f6nnen die erforderliche Dosierung pro Pflanze auf der Grundlage von NPK-Werten messen. Geeignet f\u00fcr den Anbau in Hydroponik, Coco und Erde sowie in manuellen und automatischen Bew\u00e4sserungssystemen.<\/p>","application":"<p>W\u00e4hrend der letzten 4 bis 6 Wochen der Bl\u00fctezeit in der gesamten Frucht- und Reifungsphase zusammen mit Deinen Grundn\u00e4hrstoffen anwenden. Kann in Kombination mit <a href=\"https:\/\/atami.com\/de\/produkt\/bloombastic\"><strong>Bloombastic<\/strong><\/a> verwendet werden, um die stimulierende Wirkung der Bl\u00fctephase weiter zu verst\u00e4rken, den Ertrag und das Gewicht der Ernte zu erh\u00f6hen sowie nat\u00fcrliche Aromen und Geschmacksrichtungen zu verbessern.<\/p>\r\n<p>Verwende es direkt nach <strong><a href=\"https:\/\/atami.com\/de\/produkt\/bloombastic\">Bloombastic<\/a><\/strong>, um die Wirkung beider Produkte zu maximieren. Achte jedoch darauf dass bei der Kombination von Produkten mit hohen PK-Werten immer den EC-Wert Deiner N\u00e4hrstoffl\u00f6sung, da eine \u00dcberd\u00fcngung m\u00f6glich ist.<\/p>","dosage":"<p>0,5 \u2013 1 ml pro Liter Wasser. Erh\u00f6ht den E.C.-Wert Deiner Grundn\u00e4hrstoffl\u00f6sung.<\/p>","npk_ratio":"<p>PK 10-20 W\/W<\/p>","available_in":"<p>50 ML, 100 ML, 325 ML, 1250 ML, 5,5 L, 10 L<\/p>","icon_1":587,"icon_1_text":"EINZIGARTIGES P:K-VERH\u00c4LTNIS VON 1:2 IM VERGLEICH ZU ANDEREN FL\u00dcSSIGEN BL\u00dcTENPRODUKTEN AUF DEM MARKT","icon_2":21399,"icon_2_text":"EGAL, AUF WELCHEM \u200b\u200bMEDIUM DU AN BAUST, ROKZBASTIC SORGT F\u00dcR ROKZ-SOLIDE UND FROSTIGE ERGEBNISSE!","icon_3":21414,"icon_3_text":"PK 10-20: DER KALIUMANTEIL IST DOPPELT SO HOCH WIE DER VON PHOSPHOR, UM DEINE BL\u00dcTEN UND FR\u00dcCHTE FESTER ZU MACHEN","icon_4":599,"icon_4_text":"MINIMALE DOSIERUNG, TOLLE ERGEBNISSE","video":"","second_image":19531,"product_image_page":25179,"user_manual":"","new_icon_1":196791,"new_icon_2":196851,"new_icon_3":196866,"new_icon_4":196836,"grow_guides":"","category":"Zusatzstoff"},"yoast_head":"<!-- This site is optimized with the Yoast SEO Premium plugin v27.4 (Yoast SEO v27.4) - https:\/\/yoast.com\/product\/yoast-seo-premium-wordpress\/ -->\n<title>Rokzbastic \u2013 Der ultimative Bl\u00fctenstimulator f\u00fcr eine reiche Ernte<\/title>\n<meta name=\"description\" content=\"Holen Sie das Beste aus Ihren Pflanzen heraus mit Rokzbastic von Atami. Dieser leistungsstarke Bl\u00fctenstimulator f\u00f6rdert kr\u00e4ftige Bl\u00fcten und sorgt f\u00fcr beeindruckende Ertr\u00e4ge. Erleben Sie den Unterschied in Ihrer Erntequalit\u00e4t.\" \/>\n<meta name=\"robots\" content=\"index, follow, max-snippet:-1, max-image-preview:large, max-video-preview:-1\" \/>\n<link rel=\"canonical\" href=\"https:\/\/atami.com\/de\/produkt\/rokzbastic\" \/>\n<meta property=\"og:locale\" content=\"de_DE\" \/>\n<meta property=\"og:type\" content=\"article\" \/>\n<meta property=\"og:title\" content=\"Rokzbastic\" \/>\n<meta property=\"og:description\" content=\"Holen Sie das Beste aus Ihren Pflanzen heraus mit Rokzbastic von Atami. Dieser leistungsstarke Bl\u00fctenstimulator f\u00f6rdert kr\u00e4ftige Bl\u00fcten und sorgt f\u00fcr beeindruckende Ertr\u00e4ge. Erleben Sie den Unterschied in Ihrer Erntequalit\u00e4t.\" \/>\n<meta property=\"og:url\" content=\"https:\/\/atami.com\/de\/produkt\/rokzbastic\" \/>\n<meta property=\"og:site_name\" content=\"Atami\" \/>\n<meta property=\"article:publisher\" content=\"https:\/\/www.facebook.com\/Atami.International\" \/>\n<meta property=\"article:modified_time\" content=\"2026-03-03T08:55:45+00:00\" \/>\n<meta property=\"og:image\" content=\"https:\/\/atami.com\/wp-content\/uploads\/2023\/02\/Rokzbastic-product-image.webp\" \/>\n\t<meta property=\"og:image:width\" content=\"1080\" \/>\n\t<meta property=\"og:image:height\" content=\"1080\" \/>\n\t<meta property=\"og:image:type\" content=\"image\/webp\" \/>\n<meta name=\"twitter:card\" content=\"summary_large_image\" \/>\n<meta name=\"twitter:site\" content=\"@AtamiEU\" \/>\n<meta name=\"twitter:label1\" content=\"Gesch\u00e4tzte Lesezeit\" \/>\n\t<meta name=\"twitter:data1\" content=\"2\u00a0Minuten\" \/>\n<script type=\"application\/ld+json\" class=\"yoast-schema-graph\">{\"@context\":\"https:\\\/\\\/schema.org\",\"@graph\":[{\"@type\":\"WebPage\",\"@id\":\"https:\\\/\\\/atami.com\\\/de\\\/produkt\\\/rokzbastic\",\"url\":\"https:\\\/\\\/atami.com\\\/de\\\/produkt\\\/rokzbastic\",\"name\":\"Rokzbastic \u2013 Der ultimative Bl\u00fctenstimulator f\u00fcr eine reiche Ernte\",\"isPartOf\":{\"@id\":\"https:\\\/\\\/atami.com\\\/de#website\"},\"primaryImageOfPage\":{\"@id\":\"https:\\\/\\\/atami.com\\\/de\\\/produkt\\\/rokzbastic#primaryimage\"},\"image\":{\"@id\":\"https:\\\/\\\/atami.com\\\/de\\\/produkt\\\/rokzbastic#primaryimage\"},\"thumbnailUrl\":\"https:\\\/\\\/atami.com\\\/wp-content\\\/uploads\\\/2023\\\/02\\\/Rokzbastic-product-image.webp\",\"datePublished\":\"2023-02-13T12:36:42+00:00\",\"dateModified\":\"2026-03-03T08:55:45+00:00\",\"description\":\"Holen Sie das Beste aus Ihren Pflanzen heraus mit Rokzbastic von Atami. Dieser leistungsstarke Bl\u00fctenstimulator f\u00f6rdert kr\u00e4ftige Bl\u00fcten und sorgt f\u00fcr beeindruckende Ertr\u00e4ge. Erleben Sie den Unterschied in Ihrer Erntequalit\u00e4t.\",\"breadcrumb\":{\"@id\":\"https:\\\/\\\/atami.com\\\/de\\\/produkt\\\/rokzbastic#breadcrumb\"},\"inLanguage\":\"de\",\"potentialAction\":[{\"@type\":\"ReadAction\",\"target\":[\"https:\\\/\\\/atami.com\\\/de\\\/produkt\\\/rokzbastic\"]}]},{\"@type\":\"ImageObject\",\"inLanguage\":\"de\",\"@id\":\"https:\\\/\\\/atami.com\\\/de\\\/produkt\\\/rokzbastic#primaryimage\",\"url\":\"https:\\\/\\\/atami.com\\\/wp-content\\\/uploads\\\/2023\\\/02\\\/Rokzbastic-product-image.webp\",\"contentUrl\":\"https:\\\/\\\/atami.com\\\/wp-content\\\/uploads\\\/2023\\\/02\\\/Rokzbastic-product-image.webp\",\"width\":1080,\"height\":1080,\"caption\":\"Das einzigartige PK-Verh\u00e4ltnis von 10\u201320 von Rokzbastic sorgt f\u00fcr dichtere und festere Bl\u00fcten und Fr\u00fcchte w\u00e4hrend der letzten Bl\u00fctephase.\"},{\"@type\":\"BreadcrumbList\",\"@id\":\"https:\\\/\\\/atami.com\\\/de\\\/produkt\\\/rokzbastic#breadcrumb\",\"itemListElement\":[{\"@type\":\"ListItem\",\"position\":1,\"name\":\"Home\",\"item\":\"https:\\\/\\\/atami.com\\\/de\"},{\"@type\":\"ListItem\",\"position\":2,\"name\":\"Produkte\",\"item\":\"https:\\\/\\\/atami.com\\\/de\\\/shop\"},{\"@type\":\"ListItem\",\"position\":3,\"name\":\"Marken\",\"item\":\"https:\\\/\\\/atami.com\\\/de\\\/produkt-kategorie\\\/marken\"},{\"@type\":\"ListItem\",\"position\":4,\"name\":\"Bastics\",\"item\":\"https:\\\/\\\/atami.com\\\/de\\\/produkt-kategorie\\\/marken\\\/bastics\"},{\"@type\":\"ListItem\",\"position\":5,\"name\":\"Rokzbastic\"}]},{\"@type\":\"WebSite\",\"@id\":\"https:\\\/\\\/atami.com\\\/de#website\",\"url\":\"https:\\\/\\\/atami.com\\\/de\",\"name\":\"Atami\",\"description\":\"NATURALLY INNOVATING!\",\"publisher\":{\"@id\":\"https:\\\/\\\/atami.com\\\/de#organization\"},\"potentialAction\":[{\"@type\":\"SearchAction\",\"target\":{\"@type\":\"EntryPoint\",\"urlTemplate\":\"https:\\\/\\\/atami.com\\\/de?s={search_term_string}\"},\"query-input\":{\"@type\":\"PropertyValueSpecification\",\"valueRequired\":true,\"valueName\":\"search_term_string\"}}],\"inLanguage\":\"de\"},{\"@type\":\"Organization\",\"@id\":\"https:\\\/\\\/atami.com\\\/de#organization\",\"name\":\"Atami\",\"url\":\"https:\\\/\\\/atami.com\\\/de\",\"logo\":{\"@type\":\"ImageObject\",\"inLanguage\":\"de\",\"@id\":\"https:\\\/\\\/atami.com\\\/de#\\\/schema\\\/logo\\\/image\\\/\",\"url\":\"https:\\\/\\\/atami.com\\\/wp-content\\\/uploads\\\/2026\\\/01\\\/Atami-logo-696x696px.webp\",\"contentUrl\":\"https:\\\/\\\/atami.com\\\/wp-content\\\/uploads\\\/2026\\\/01\\\/Atami-logo-696x696px.webp\",\"width\":696,\"height\":696,\"caption\":\"Atami\"},\"image\":{\"@id\":\"https:\\\/\\\/atami.com\\\/de#\\\/schema\\\/logo\\\/image\\\/\"},\"sameAs\":[\"https:\\\/\\\/www.facebook.com\\\/Atami.International\",\"https:\\\/\\\/x.com\\\/AtamiEU\",\"https:\\\/\\\/www.youtube.com\\\/c\\\/AtamiInternational\",\"https:\\\/\\\/www.instagram.com\\\/atami.international\\\/\"],\"description\":\"ATAMI is a premium plant nutrition & substrate brand founded in 1997 with the mission to make exceptional cultivation achievable for everyone. From legacy to license, we offer a wide variety of innovating award-winning products to let cultivators achieve maximum results in taste & yield.\",\"email\":\"info@mginnovations.es\",\"legalName\":\"Atami\",\"numberOfEmployees\":{\"@type\":\"QuantitativeValue\",\"minValue\":\"11\",\"maxValue\":\"50\"}}]}<\/script>\n<!-- \/ Yoast SEO Premium plugin. -->","yoast_head_json":{"title":"Rokzbastic \u2013 Der ultimative Bl\u00fctenstimulator f\u00fcr eine reiche Ernte","description":"Holen Sie das Beste aus Ihren Pflanzen heraus mit Rokzbastic von Atami. Dieser leistungsstarke Bl\u00fctenstimulator f\u00f6rdert kr\u00e4ftige Bl\u00fcten und sorgt f\u00fcr beeindruckende Ertr\u00e4ge. Erleben Sie den Unterschied in Ihrer Erntequalit\u00e4t.","robots":{"index":"index","follow":"follow","max-snippet":"max-snippet:-1","max-image-preview":"max-image-preview:large","max-video-preview":"max-video-preview:-1"},"canonical":"https:\/\/atami.com\/de\/produkt\/rokzbastic","og_locale":"de_DE","og_type":"article","og_title":"Rokzbastic","og_description":"Holen Sie das Beste aus Ihren Pflanzen heraus mit Rokzbastic von Atami. Dieser leistungsstarke Bl\u00fctenstimulator f\u00f6rdert kr\u00e4ftige Bl\u00fcten und sorgt f\u00fcr beeindruckende Ertr\u00e4ge. Erleben Sie den Unterschied in Ihrer Erntequalit\u00e4t.","og_url":"https:\/\/atami.com\/de\/produkt\/rokzbastic","og_site_name":"Atami","article_publisher":"https:\/\/www.facebook.com\/Atami.International","article_modified_time":"2026-03-03T08:55:45+00:00","og_image":[{"width":1080,"height":1080,"url":"https:\/\/atami.com\/wp-content\/uploads\/2023\/02\/Rokzbastic-product-image.webp","type":"image\/webp"}],"twitter_card":"summary_large_image","twitter_site":"@AtamiEU","twitter_misc":{"Gesch\u00e4tzte Lesezeit":"2\u00a0Minuten"},"schema":{"@context":"https:\/\/schema.org","@graph":[{"@type":"WebPage","@id":"https:\/\/atami.com\/de\/produkt\/rokzbastic","url":"https:\/\/atami.com\/de\/produkt\/rokzbastic","name":"Rokzbastic \u2013 Der ultimative Bl\u00fctenstimulator f\u00fcr eine reiche Ernte","isPartOf":{"@id":"https:\/\/atami.com\/de#website"},"primaryImageOfPage":{"@id":"https:\/\/atami.com\/de\/produkt\/rokzbastic#primaryimage"},"image":{"@id":"https:\/\/atami.com\/de\/produkt\/rokzbastic#primaryimage"},"thumbnailUrl":"https:\/\/atami.com\/wp-content\/uploads\/2023\/02\/Rokzbastic-product-image.webp","datePublished":"2023-02-13T12:36:42+00:00","dateModified":"2026-03-03T08:55:45+00:00","description":"Holen Sie das Beste aus Ihren Pflanzen heraus mit Rokzbastic von Atami. Dieser leistungsstarke Bl\u00fctenstimulator f\u00f6rdert kr\u00e4ftige Bl\u00fcten und sorgt f\u00fcr beeindruckende Ertr\u00e4ge. Erleben Sie den Unterschied in Ihrer Erntequalit\u00e4t.","breadcrumb":{"@id":"https:\/\/atami.com\/de\/produkt\/rokzbastic#breadcrumb"},"inLanguage":"de","potentialAction":[{"@type":"ReadAction","target":["https:\/\/atami.com\/de\/produkt\/rokzbastic"]}]},{"@type":"ImageObject","inLanguage":"de","@id":"https:\/\/atami.com\/de\/produkt\/rokzbastic#primaryimage","url":"https:\/\/atami.com\/wp-content\/uploads\/2023\/02\/Rokzbastic-product-image.webp","contentUrl":"https:\/\/atami.com\/wp-content\/uploads\/2023\/02\/Rokzbastic-product-image.webp","width":1080,"height":1080,"caption":"Das einzigartige PK-Verh\u00e4ltnis von 10\u201320 von Rokzbastic sorgt f\u00fcr dichtere und festere Bl\u00fcten und Fr\u00fcchte w\u00e4hrend der letzten Bl\u00fctephase."},{"@type":"BreadcrumbList","@id":"https:\/\/atami.com\/de\/produkt\/rokzbastic#breadcrumb","itemListElement":[{"@type":"ListItem","position":1,"name":"Home","item":"https:\/\/atami.com\/de"},{"@type":"ListItem","position":2,"name":"Produkte","item":"https:\/\/atami.com\/de\/shop"},{"@type":"ListItem","position":3,"name":"Marken","item":"https:\/\/atami.com\/de\/produkt-kategorie\/marken"},{"@type":"ListItem","position":4,"name":"Bastics","item":"https:\/\/atami.com\/de\/produkt-kategorie\/marken\/bastics"},{"@type":"ListItem","position":5,"name":"Rokzbastic"}]},{"@type":"WebSite","@id":"https:\/\/atami.com\/de#website","url":"https:\/\/atami.com\/de","name":"Atami","description":"NATURALLY INNOVATING!","publisher":{"@id":"https:\/\/atami.com\/de#organization"},"potentialAction":[{"@type":"SearchAction","target":{"@type":"EntryPoint","urlTemplate":"https:\/\/atami.com\/de?s={search_term_string}"},"query-input":{"@type":"PropertyValueSpecification","valueRequired":true,"valueName":"search_term_string"}}],"inLanguage":"de"},{"@type":"Organization","@id":"https:\/\/atami.com\/de#organization","name":"Atami","url":"https:\/\/atami.com\/de","logo":{"@type":"ImageObject","inLanguage":"de","@id":"https:\/\/atami.com\/de#\/schema\/logo\/image\/","url":"https:\/\/atami.com\/wp-content\/uploads\/2026\/01\/Atami-logo-696x696px.webp","contentUrl":"https:\/\/atami.com\/wp-content\/uploads\/2026\/01\/Atami-logo-696x696px.webp","width":696,"height":696,"caption":"Atami"},"image":{"@id":"https:\/\/atami.com\/de#\/schema\/logo\/image\/"},"sameAs":["https:\/\/www.facebook.com\/Atami.International","https:\/\/x.com\/AtamiEU","https:\/\/www.youtube.com\/c\/AtamiInternational","https:\/\/www.instagram.com\/atami.international\/"],"description":"ATAMI is a premium plant nutrition & substrate brand founded in 1997 with the mission to make exceptional cultivation achievable for everyone. From legacy to license, we offer a wide variety of innovating award-winning products to let cultivators achieve maximum results in taste & yield.","email":"info@mginnovations.es","legalName":"Atami","numberOfEmployees":{"@type":"QuantitativeValue","minValue":"11","maxValue":"50"}}]}},"_links":{"self":[{"href":"https:\/\/atami.com\/de\/wp-json\/wp\/v2\/product\/22396","targetHints":{"allow":["GET"]}}],"collection":[{"href":"https:\/\/atami.com\/de\/wp-json\/wp\/v2\/product"}],"about":[{"href":"https:\/\/atami.com\/de\/wp-json\/wp\/v2\/types\/product"}],"replies":[{"embeddable":true,"href":"https:\/\/atami.com\/de\/wp-json\/wp\/v2\/comments?post=22396"}],"wp:featuredmedia":[{"embeddable":true,"href":"https:\/\/atami.com\/de\/wp-json\/wp\/v2\/media\/202134"}],"wp:attachment":[{"href":"https:\/\/atami.com\/de\/wp-json\/wp\/v2\/media?parent=22396"}],"wp:term":[{"taxonomy":"product_brand","embeddable":true,"href":"https:\/\/atami.com\/de\/wp-json\/wp\/v2\/product_brand?post=22396"},{"taxonomy":"product_cat","embeddable":true,"href":"https:\/\/atami.com\/de\/wp-json\/wp\/v2\/product_cat?post=22396"},{"taxonomy":"product_tag","embeddable":true,"href":"https:\/\/atami.com\/de\/wp-json\/wp\/v2\/product_tag?post=22396"}],"curies":[{"name":"wp","href":"https:\/\/api.w.org\/{rel}","templated":true}]}}