{"id":21940,"date":"2023-02-14T15:40:49","date_gmt":"2023-02-14T15:40:49","guid":{"rendered":"https:\/\/atami.com\/product\/atami-containers\/"},"modified":"2026-03-04T12:39:58","modified_gmt":"2026-03-04T10:39:58","slug":"atami-containers","status":"publish","type":"product","link":"https:\/\/atami.com\/de\/produkt\/atami-containers","title":{"rendered":"Atami Containers"},"content":{"rendered":"<p>Atami liefert viele unterschiedliche Blument\u00f6pfe (sowohl runde als auch viereckige), sodass jeder Z\u00fcchter zufrieden ist. Oft haben Blument\u00f6pfe zu wenige L\u00f6cher im Boden (Drainagel\u00f6cher), wodurch die Entw\u00e4sserung behindert ist. Das ist f\u00fcr die Z\u00fcchtung eine Katastrophe, weil sie nassen Untergrund absolut nicht m\u00f6gen.<\/p>\n<p>\nAu\u00dferdem kann eine schlechte Entw\u00e4sserung das Substrat im Topf schnell in eine Schlammpf\u00fctze verwandeln mit Sauerstoffmangel zur Folge, wodurch die Wurzelstruktur angegriffen wird und verfault. Um ein derartiges Drama zu verhindern, wurden die Blument\u00f6pfe von Atami so entworfen, dass \u00fcberfl\u00fcssiges Wasser jederzeit wegflie\u00dfen kann. Das macht die Z\u00fcchtung ein St\u00fcck angenehmer!<\/p>\n","protected":false},"excerpt":{"rendered":"<p>Atami liefert viele unterschiedliche Blument\u00f6pfe (sowohl runde als auch viereckige), sodass jeder Z\u00fcchter zufrieden ist. Oft haben Blument\u00f6pfe zu wenige L\u00f6cher im Boden (Drainagel\u00f6cher), wodurch die Entw\u00e4sserung behindert ist. Das ist f\u00fcr die Z\u00fcchtung eine Katastrophe, weil sie nassen Untergrund absolut nicht m\u00f6gen. Au\u00dferdem kann eine schlechte Entw\u00e4sserung das Substrat im Topf schnell in eine [&hellip;]<\/p>\n","protected":false},"featured_media":26595,"comment_status":"closed","ping_status":"closed","template":"","meta":{"_acf_changed":false,"iawp_total_views":229},"product_brand":[],"product_cat":[197],"product_tag":[],"class_list":{"0":"post-21940","1":"product","2":"type-product","3":"status-publish","4":"has-post-thumbnail","6":"product_cat-wilma-anzuchtsysteme","8":"first","9":"instock","10":"shipping-taxable","11":"product-type-simple"},"acf":{"short_description":"<p>Atami liefert viele unterschiedliche Blument\u00f6pfe (sowohl runde als auch viereckige), sodass jeder Z\u00fcchter zufrieden ist. Oft haben Blument\u00f6pfe zu wenige L\u00f6cher im Boden (Drainagel\u00f6cher), wodurch die Entw\u00e4sserung behindert ist. Das ist f\u00fcr die Z\u00fcchtung eine Katastrophe, weil sie nassen Untergrund absolut nicht m\u00f6gen.<\/p>\r\n<p>Au\u00dferdem kann eine schlechte Entw\u00e4sserung das Substrat im Topf schnell in eine Schlammpf\u00fctze verwandeln mit Sauerstoffmangel zur Folge, wodurch die Wurzelstruktur angegriffen wird und verfault. Um ein derartiges Drama zu verhindern, wurden die Blument\u00f6pfe von Atami so entworfen, dass \u00fcberfl\u00fcssiges Wasser jederzeit wegflie\u00dfen kann. Das macht die Z\u00fcchtung ein St\u00fcck angenehmer!<\/p>","suitable_for":"","application":"","dosage":"","npk_ratio":"","available_in":"","icon_1":"","icon_1_text":"","icon_2":"","icon_2_text":"","icon_3":"","icon_3_text":"","icon_4":"","icon_4_text":"","video":"","second_image":"","product_image_page":26610,"user_manual":"","new_icon_1":"","new_icon_2":"","new_icon_3":"","new_icon_4":"","grow_guides":"","category":"Grow-System"},"yoast_head":"<!-- This site is optimized with the Yoast SEO Premium plugin v27.4 (Yoast SEO v27.4) - https:\/\/yoast.com\/product\/yoast-seo-premium-wordpress\/ -->\n<title>Atami Containers | Atami<\/title>\n<meta name=\"description\" content=\"Atami liefert viele unterschiedliche Blument\u00f6pfe (sowohl runde als auch viereckige), sodass jeder Z\u00fcchter zufrieden ist. Oft haben Blument\u00f6pfe zu wenige L\u00f6cher im Boden (Drainagel\u00f6cher), wodurch die Entw\u00e4sserung behindert ist. Das ist f\u00fcr die Z\u00fcchtung eine Katastrophe, weil sie nassen Untergrund absolut nicht m\u00f6gen.\" \/>\n<meta name=\"robots\" content=\"index, follow, max-snippet:-1, max-image-preview:large, max-video-preview:-1\" \/>\n<link rel=\"canonical\" href=\"https:\/\/atami.com\/de\/produkt\/atami-containers\" \/>\n<meta property=\"og:locale\" content=\"de_DE\" \/>\n<meta property=\"og:type\" content=\"article\" \/>\n<meta property=\"og:title\" content=\"Atami Containers\" \/>\n<meta property=\"og:description\" content=\"Atami liefert viele unterschiedliche Blument\u00f6pfe (sowohl runde als auch viereckige), sodass jeder Z\u00fcchter zufrieden ist. Oft haben Blument\u00f6pfe zu wenige L\u00f6cher im Boden (Drainagel\u00f6cher), wodurch die Entw\u00e4sserung behindert ist. Das ist f\u00fcr die Z\u00fcchtung eine Katastrophe, weil sie nassen Untergrund absolut nicht m\u00f6gen.\" \/>\n<meta property=\"og:url\" content=\"https:\/\/atami.com\/de\/produkt\/atami-containers\" \/>\n<meta property=\"og:site_name\" content=\"Atami\" \/>\n<meta property=\"article:publisher\" content=\"https:\/\/www.facebook.com\/Atami.International\" \/>\n<meta property=\"article:modified_time\" content=\"2026-03-04T10:39:58+00:00\" \/>\n<meta property=\"og:image\" content=\"https:\/\/atami.com\/wp-content\/uploads\/2023\/02\/Atami-Containers-Main-Image.webp\" \/>\n\t<meta property=\"og:image:width\" content=\"1080\" \/>\n\t<meta property=\"og:image:height\" content=\"1080\" \/>\n\t<meta property=\"og:image:type\" content=\"image\/webp\" \/>\n<meta name=\"twitter:card\" content=\"summary_large_image\" \/>\n<meta name=\"twitter:site\" content=\"@AtamiEU\" \/>\n<meta name=\"twitter:label1\" content=\"Gesch\u00e4tzte Lesezeit\" \/>\n\t<meta name=\"twitter:data1\" content=\"1\u00a0Minute\" \/>\n<script type=\"application\/ld+json\" class=\"yoast-schema-graph\">{\"@context\":\"https:\\\/\\\/schema.org\",\"@graph\":[{\"@type\":\"WebPage\",\"@id\":\"https:\\\/\\\/atami.com\\\/de\\\/produkt\\\/atami-containers\",\"url\":\"https:\\\/\\\/atami.com\\\/de\\\/produkt\\\/atami-containers\",\"name\":\"Atami Containers | Atami\",\"isPartOf\":{\"@id\":\"https:\\\/\\\/atami.com\\\/de#website\"},\"primaryImageOfPage\":{\"@id\":\"https:\\\/\\\/atami.com\\\/de\\\/produkt\\\/atami-containers#primaryimage\"},\"image\":{\"@id\":\"https:\\\/\\\/atami.com\\\/de\\\/produkt\\\/atami-containers#primaryimage\"},\"thumbnailUrl\":\"https:\\\/\\\/atami.com\\\/wp-content\\\/uploads\\\/2023\\\/02\\\/Atami-Containers-Main-Image.webp\",\"datePublished\":\"2023-02-14T15:40:49+00:00\",\"dateModified\":\"2026-03-04T10:39:58+00:00\",\"description\":\"Atami liefert viele unterschiedliche Blument\u00f6pfe (sowohl runde als auch viereckige), sodass jeder Z\u00fcchter zufrieden ist. Oft haben Blument\u00f6pfe zu wenige L\u00f6cher im Boden (Drainagel\u00f6cher), wodurch die Entw\u00e4sserung behindert ist. Das ist f\u00fcr die Z\u00fcchtung eine Katastrophe, weil sie nassen Untergrund absolut nicht m\u00f6gen.\",\"breadcrumb\":{\"@id\":\"https:\\\/\\\/atami.com\\\/de\\\/produkt\\\/atami-containers#breadcrumb\"},\"inLanguage\":\"de\",\"potentialAction\":[{\"@type\":\"ReadAction\",\"target\":[\"https:\\\/\\\/atami.com\\\/de\\\/produkt\\\/atami-containers\"]}]},{\"@type\":\"ImageObject\",\"inLanguage\":\"de\",\"@id\":\"https:\\\/\\\/atami.com\\\/de\\\/produkt\\\/atami-containers#primaryimage\",\"url\":\"https:\\\/\\\/atami.com\\\/wp-content\\\/uploads\\\/2023\\\/02\\\/Atami-Containers-Main-Image.webp\",\"contentUrl\":\"https:\\\/\\\/atami.com\\\/wp-content\\\/uploads\\\/2023\\\/02\\\/Atami-Containers-Main-Image.webp\",\"width\":1080,\"height\":1080,\"caption\":\"Atami-Beh\u00e4lter bieten eine stabile und atmungsaktive Umgebung f\u00fcr Pflanzen und unterst\u00fctzen eine starke Wurzelentwicklung und gesundes Wachstum.\"},{\"@type\":\"BreadcrumbList\",\"@id\":\"https:\\\/\\\/atami.com\\\/de\\\/produkt\\\/atami-containers#breadcrumb\",\"itemListElement\":[{\"@type\":\"ListItem\",\"position\":1,\"name\":\"Home\",\"item\":\"https:\\\/\\\/atami.com\\\/de\"},{\"@type\":\"ListItem\",\"position\":2,\"name\":\"Produkte\",\"item\":\"https:\\\/\\\/atami.com\\\/de\\\/shop\"},{\"@type\":\"ListItem\",\"position\":3,\"name\":\"Marken\",\"item\":\"https:\\\/\\\/atami.com\\\/de\\\/produkt-kategorie\\\/marken\"},{\"@type\":\"ListItem\",\"position\":4,\"name\":\"Wilma-anzuchtsysteme\",\"item\":\"https:\\\/\\\/atami.com\\\/de\\\/produkt-kategorie\\\/marken\\\/wilma-anzuchtsysteme\"},{\"@type\":\"ListItem\",\"position\":5,\"name\":\"Atami Containers\"}]},{\"@type\":\"WebSite\",\"@id\":\"https:\\\/\\\/atami.com\\\/de#website\",\"url\":\"https:\\\/\\\/atami.com\\\/de\",\"name\":\"Atami\",\"description\":\"NATURALLY INNOVATING!\",\"publisher\":{\"@id\":\"https:\\\/\\\/atami.com\\\/de#organization\"},\"potentialAction\":[{\"@type\":\"SearchAction\",\"target\":{\"@type\":\"EntryPoint\",\"urlTemplate\":\"https:\\\/\\\/atami.com\\\/de?s={search_term_string}\"},\"query-input\":{\"@type\":\"PropertyValueSpecification\",\"valueRequired\":true,\"valueName\":\"search_term_string\"}}],\"inLanguage\":\"de\"},{\"@type\":\"Organization\",\"@id\":\"https:\\\/\\\/atami.com\\\/de#organization\",\"name\":\"Atami\",\"url\":\"https:\\\/\\\/atami.com\\\/de\",\"logo\":{\"@type\":\"ImageObject\",\"inLanguage\":\"de\",\"@id\":\"https:\\\/\\\/atami.com\\\/de#\\\/schema\\\/logo\\\/image\\\/\",\"url\":\"https:\\\/\\\/atami.com\\\/wp-content\\\/uploads\\\/2026\\\/01\\\/Atami-logo-696x696px.webp\",\"contentUrl\":\"https:\\\/\\\/atami.com\\\/wp-content\\\/uploads\\\/2026\\\/01\\\/Atami-logo-696x696px.webp\",\"width\":696,\"height\":696,\"caption\":\"Atami\"},\"image\":{\"@id\":\"https:\\\/\\\/atami.com\\\/de#\\\/schema\\\/logo\\\/image\\\/\"},\"sameAs\":[\"https:\\\/\\\/www.facebook.com\\\/Atami.International\",\"https:\\\/\\\/x.com\\\/AtamiEU\",\"https:\\\/\\\/www.youtube.com\\\/c\\\/AtamiInternational\",\"https:\\\/\\\/www.instagram.com\\\/atami.international\\\/\"],\"description\":\"ATAMI is a premium plant nutrition & substrate brand founded in 1997 with the mission to make exceptional cultivation achievable for everyone. From legacy to license, we offer a wide variety of innovating award-winning products to let cultivators achieve maximum results in taste & yield.\",\"email\":\"info@mginnovations.es\",\"legalName\":\"Atami\",\"numberOfEmployees\":{\"@type\":\"QuantitativeValue\",\"minValue\":\"11\",\"maxValue\":\"50\"}}]}<\/script>\n<!-- \/ Yoast SEO Premium plugin. -->","yoast_head_json":{"title":"Atami Containers | Atami","description":"Atami liefert viele unterschiedliche Blument\u00f6pfe (sowohl runde als auch viereckige), sodass jeder Z\u00fcchter zufrieden ist. Oft haben Blument\u00f6pfe zu wenige L\u00f6cher im Boden (Drainagel\u00f6cher), wodurch die Entw\u00e4sserung behindert ist. Das ist f\u00fcr die Z\u00fcchtung eine Katastrophe, weil sie nassen Untergrund absolut nicht m\u00f6gen.","robots":{"index":"index","follow":"follow","max-snippet":"max-snippet:-1","max-image-preview":"max-image-preview:large","max-video-preview":"max-video-preview:-1"},"canonical":"https:\/\/atami.com\/de\/produkt\/atami-containers","og_locale":"de_DE","og_type":"article","og_title":"Atami Containers","og_description":"Atami liefert viele unterschiedliche Blument\u00f6pfe (sowohl runde als auch viereckige), sodass jeder Z\u00fcchter zufrieden ist. Oft haben Blument\u00f6pfe zu wenige L\u00f6cher im Boden (Drainagel\u00f6cher), wodurch die Entw\u00e4sserung behindert ist. Das ist f\u00fcr die Z\u00fcchtung eine Katastrophe, weil sie nassen Untergrund absolut nicht m\u00f6gen.","og_url":"https:\/\/atami.com\/de\/produkt\/atami-containers","og_site_name":"Atami","article_publisher":"https:\/\/www.facebook.com\/Atami.International","article_modified_time":"2026-03-04T10:39:58+00:00","og_image":[{"width":1080,"height":1080,"url":"https:\/\/atami.com\/wp-content\/uploads\/2023\/02\/Atami-Containers-Main-Image.webp","type":"image\/webp"}],"twitter_card":"summary_large_image","twitter_site":"@AtamiEU","twitter_misc":{"Gesch\u00e4tzte Lesezeit":"1\u00a0Minute"},"schema":{"@context":"https:\/\/schema.org","@graph":[{"@type":"WebPage","@id":"https:\/\/atami.com\/de\/produkt\/atami-containers","url":"https:\/\/atami.com\/de\/produkt\/atami-containers","name":"Atami Containers | Atami","isPartOf":{"@id":"https:\/\/atami.com\/de#website"},"primaryImageOfPage":{"@id":"https:\/\/atami.com\/de\/produkt\/atami-containers#primaryimage"},"image":{"@id":"https:\/\/atami.com\/de\/produkt\/atami-containers#primaryimage"},"thumbnailUrl":"https:\/\/atami.com\/wp-content\/uploads\/2023\/02\/Atami-Containers-Main-Image.webp","datePublished":"2023-02-14T15:40:49+00:00","dateModified":"2026-03-04T10:39:58+00:00","description":"Atami liefert viele unterschiedliche Blument\u00f6pfe (sowohl runde als auch viereckige), sodass jeder Z\u00fcchter zufrieden ist. Oft haben Blument\u00f6pfe zu wenige L\u00f6cher im Boden (Drainagel\u00f6cher), wodurch die Entw\u00e4sserung behindert ist. Das ist f\u00fcr die Z\u00fcchtung eine Katastrophe, weil sie nassen Untergrund absolut nicht m\u00f6gen.","breadcrumb":{"@id":"https:\/\/atami.com\/de\/produkt\/atami-containers#breadcrumb"},"inLanguage":"de","potentialAction":[{"@type":"ReadAction","target":["https:\/\/atami.com\/de\/produkt\/atami-containers"]}]},{"@type":"ImageObject","inLanguage":"de","@id":"https:\/\/atami.com\/de\/produkt\/atami-containers#primaryimage","url":"https:\/\/atami.com\/wp-content\/uploads\/2023\/02\/Atami-Containers-Main-Image.webp","contentUrl":"https:\/\/atami.com\/wp-content\/uploads\/2023\/02\/Atami-Containers-Main-Image.webp","width":1080,"height":1080,"caption":"Atami-Beh\u00e4lter bieten eine stabile und atmungsaktive Umgebung f\u00fcr Pflanzen und unterst\u00fctzen eine starke Wurzelentwicklung und gesundes Wachstum."},{"@type":"BreadcrumbList","@id":"https:\/\/atami.com\/de\/produkt\/atami-containers#breadcrumb","itemListElement":[{"@type":"ListItem","position":1,"name":"Home","item":"https:\/\/atami.com\/de"},{"@type":"ListItem","position":2,"name":"Produkte","item":"https:\/\/atami.com\/de\/shop"},{"@type":"ListItem","position":3,"name":"Marken","item":"https:\/\/atami.com\/de\/produkt-kategorie\/marken"},{"@type":"ListItem","position":4,"name":"Wilma-anzuchtsysteme","item":"https:\/\/atami.com\/de\/produkt-kategorie\/marken\/wilma-anzuchtsysteme"},{"@type":"ListItem","position":5,"name":"Atami Containers"}]},{"@type":"WebSite","@id":"https:\/\/atami.com\/de#website","url":"https:\/\/atami.com\/de","name":"Atami","description":"NATURALLY INNOVATING!","publisher":{"@id":"https:\/\/atami.com\/de#organization"},"potentialAction":[{"@type":"SearchAction","target":{"@type":"EntryPoint","urlTemplate":"https:\/\/atami.com\/de?s={search_term_string}"},"query-input":{"@type":"PropertyValueSpecification","valueRequired":true,"valueName":"search_term_string"}}],"inLanguage":"de"},{"@type":"Organization","@id":"https:\/\/atami.com\/de#organization","name":"Atami","url":"https:\/\/atami.com\/de","logo":{"@type":"ImageObject","inLanguage":"de","@id":"https:\/\/atami.com\/de#\/schema\/logo\/image\/","url":"https:\/\/atami.com\/wp-content\/uploads\/2026\/01\/Atami-logo-696x696px.webp","contentUrl":"https:\/\/atami.com\/wp-content\/uploads\/2026\/01\/Atami-logo-696x696px.webp","width":696,"height":696,"caption":"Atami"},"image":{"@id":"https:\/\/atami.com\/de#\/schema\/logo\/image\/"},"sameAs":["https:\/\/www.facebook.com\/Atami.International","https:\/\/x.com\/AtamiEU","https:\/\/www.youtube.com\/c\/AtamiInternational","https:\/\/www.instagram.com\/atami.international\/"],"description":"ATAMI is a premium plant nutrition & substrate brand founded in 1997 with the mission to make exceptional cultivation achievable for everyone. From legacy to license, we offer a wide variety of innovating award-winning products to let cultivators achieve maximum results in taste & yield.","email":"info@mginnovations.es","legalName":"Atami","numberOfEmployees":{"@type":"QuantitativeValue","minValue":"11","maxValue":"50"}}]}},"_links":{"self":[{"href":"https:\/\/atami.com\/de\/wp-json\/wp\/v2\/product\/21940","targetHints":{"allow":["GET"]}}],"collection":[{"href":"https:\/\/atami.com\/de\/wp-json\/wp\/v2\/product"}],"about":[{"href":"https:\/\/atami.com\/de\/wp-json\/wp\/v2\/types\/product"}],"replies":[{"embeddable":true,"href":"https:\/\/atami.com\/de\/wp-json\/wp\/v2\/comments?post=21940"}],"wp:featuredmedia":[{"embeddable":true,"href":"https:\/\/atami.com\/de\/wp-json\/wp\/v2\/media\/26595"}],"wp:attachment":[{"href":"https:\/\/atami.com\/de\/wp-json\/wp\/v2\/media?parent=21940"}],"wp:term":[{"taxonomy":"product_brand","embeddable":true,"href":"https:\/\/atami.com\/de\/wp-json\/wp\/v2\/product_brand?post=21940"},{"taxonomy":"product_cat","embeddable":true,"href":"https:\/\/atami.com\/de\/wp-json\/wp\/v2\/product_cat?post=21940"},{"taxonomy":"product_tag","embeddable":true,"href":"https:\/\/atami.com\/de\/wp-json\/wp\/v2\/product_tag?post=21940"}],"curies":[{"name":"wp","href":"https:\/\/api.w.org\/{rel}","templated":true}]}}