{"id":21939,"date":"2023-02-14T15:35:41","date_gmt":"2023-02-14T15:35:41","guid":{"rendered":"https:\/\/atami.com\/product\/wilma-xxl-20-complete-6-5l\/"},"modified":"2026-03-04T12:39:41","modified_gmt":"2026-03-04T10:39:41","slug":"wilma-xxl-20-complete-6-5l","status":"publish","type":"product","link":"https:\/\/atami.com\/de\/produkt\/wilma-xxl-20-complete-6-5l","title":{"rendered":"Wilma XXL 20 Complete 6.5L"},"content":{"rendered":"<p><strong>FORMAT<\/strong><\/p>\n<p>45.3\u201d x 45.3\u201d x 7.9\u201d<\/p>\n<p>115cm x 115cm x 20cm<\/p>\n<p>&nbsp;<\/p>\n<p><strong>TANKINHALT<\/strong><\/p>\n<p>150 L<\/p>\n<p>&nbsp;<\/p>\n<p>20 Atami 6.5L T\u00f6pfe, Bew\u00e4sserung + Pumpe<\/p>\n<p>&nbsp;<\/p>\n<p><a href=\"https:\/\/atami.com\/wp-content\/uploads\/2024\/09\/Wilma-XXL-20-Complete-65L-DE.pdf\" target=\"_blank\" rel=\"noopener\"><strong>KLICKEN SIE HIER F\u00dcR DAS BENUTZERHANDBUCH<\/strong><\/a><\/p>\n","protected":false},"excerpt":{"rendered":"<p>FORMAT 45.3\u201d x 45.3\u201d x 7.9\u201d 115cm x 115cm x 20cm &nbsp; TANKINHALT 150 L &nbsp; 20 Atami 6.5L T\u00f6pfe, Bew\u00e4sserung + Pumpe &nbsp; KLICKEN SIE HIER F\u00dcR DAS BENUTZERHANDBUCH<\/p>\n","protected":false},"featured_media":26476,"comment_status":"closed","ping_status":"closed","template":"","meta":{"_acf_changed":false,"iawp_total_views":180},"product_brand":[],"product_cat":[197],"product_tag":[],"class_list":{"0":"post-21939","1":"product","2":"type-product","3":"status-publish","4":"has-post-thumbnail","6":"product_cat-wilma-anzuchtsysteme","8":"first","9":"instock","10":"shipping-taxable","11":"product-type-simple"},"acf":{"short_description":"<p><strong>FORMAT<\/strong><\/p>\r\n<p>45.3\u201d x 45.3\u201d x 7.9\u201d<\/p>\r\n<p>115cm x 115cm x 20cm<\/p>\r\n<p><strong>TANKINHALT<\/strong><\/p>\r\n<p>150 L<\/p>\r\n<p>20 Atami 6.5L T\u00f6pfe, Bew\u00e4sserung + Pumpe<\/p>","suitable_for":"","application":"","dosage":"","npk_ratio":"","available_in":"","icon_1":"","icon_1_text":"","icon_2":"","icon_2_text":"","icon_3":"","icon_3_text":"","icon_4":"","icon_4_text":"","video":"","second_image":"","product_image_page":26491,"user_manual":"","new_icon_1":"","new_icon_2":"","new_icon_3":"","new_icon_4":"","grow_guides":"","category":"Grow-System"},"yoast_head":"<!-- This site is optimized with the Yoast SEO Premium plugin v27.4 (Yoast SEO v27.4) - https:\/\/yoast.com\/product\/yoast-seo-premium-wordpress\/ -->\n<title>Wilma XXL 20 Komplettsystem \u2013 6,5\u202fL T\u00f6pfe f\u00fcr pr\u00e4zises Pflanzenwachstum<\/title>\n<meta name=\"description\" content=\"Optimieren Sie Ihr Pflanzenwachstum mit dem Wilma XXL 20 Complete 6.5L Anbausystem. Ideal f\u00fcr gr\u00f6\u00dfere Kulturen, bietet es 20 T\u00f6pfe, Bew\u00e4sserung und eine Pumpe f\u00fcr effiziente Wasserverteilung und gesunde Pflanzen.\" \/>\n<meta name=\"robots\" content=\"index, follow, max-snippet:-1, max-image-preview:large, max-video-preview:-1\" \/>\n<link rel=\"canonical\" href=\"https:\/\/atami.com\/de\/produkt\/wilma-xxl-20-complete-6-5l\" \/>\n<meta property=\"og:locale\" content=\"de_DE\" \/>\n<meta property=\"og:type\" content=\"article\" \/>\n<meta property=\"og:title\" content=\"Wilma XXL 20 Complete 6.5L\" \/>\n<meta property=\"og:description\" content=\"Optimieren Sie Ihr Pflanzenwachstum mit dem Wilma XXL 20 Complete 6.5L Anbausystem. Ideal f\u00fcr gr\u00f6\u00dfere Kulturen, bietet es 20 T\u00f6pfe, Bew\u00e4sserung und eine Pumpe f\u00fcr effiziente Wasserverteilung und gesunde Pflanzen.\" \/>\n<meta property=\"og:url\" content=\"https:\/\/atami.com\/de\/produkt\/wilma-xxl-20-complete-6-5l\" \/>\n<meta property=\"og:site_name\" content=\"Atami\" \/>\n<meta property=\"article:publisher\" content=\"https:\/\/www.facebook.com\/Atami.International\" \/>\n<meta property=\"article:modified_time\" content=\"2026-03-04T10:39:41+00:00\" \/>\n<meta property=\"og:image\" content=\"https:\/\/atami.com\/wp-content\/uploads\/2023\/02\/Wilma-XXL-20-complete-6.5l-Main-Image.webp\" \/>\n\t<meta property=\"og:image:width\" content=\"1080\" \/>\n\t<meta property=\"og:image:height\" content=\"1080\" \/>\n\t<meta property=\"og:image:type\" content=\"image\/webp\" \/>\n<meta name=\"twitter:card\" content=\"summary_large_image\" \/>\n<meta name=\"twitter:site\" content=\"@AtamiEU\" \/>\n<meta name=\"twitter:label1\" content=\"Gesch\u00e4tzte Lesezeit\" \/>\n\t<meta name=\"twitter:data1\" content=\"1\u00a0Minute\" \/>\n<script type=\"application\/ld+json\" class=\"yoast-schema-graph\">{\"@context\":\"https:\\\/\\\/schema.org\",\"@graph\":[{\"@type\":\"WebPage\",\"@id\":\"https:\\\/\\\/atami.com\\\/de\\\/produkt\\\/wilma-xxl-20-complete-6-5l\",\"url\":\"https:\\\/\\\/atami.com\\\/de\\\/produkt\\\/wilma-xxl-20-complete-6-5l\",\"name\":\"Wilma XXL 20 Komplettsystem \u2013 6,5\u202fL T\u00f6pfe f\u00fcr pr\u00e4zises Pflanzenwachstum\",\"isPartOf\":{\"@id\":\"https:\\\/\\\/atami.com\\\/de#website\"},\"primaryImageOfPage\":{\"@id\":\"https:\\\/\\\/atami.com\\\/de\\\/produkt\\\/wilma-xxl-20-complete-6-5l#primaryimage\"},\"image\":{\"@id\":\"https:\\\/\\\/atami.com\\\/de\\\/produkt\\\/wilma-xxl-20-complete-6-5l#primaryimage\"},\"thumbnailUrl\":\"https:\\\/\\\/atami.com\\\/wp-content\\\/uploads\\\/2023\\\/02\\\/Wilma-XXL-20-complete-6.5l-Main-Image.webp\",\"datePublished\":\"2023-02-14T15:35:41+00:00\",\"dateModified\":\"2026-03-04T10:39:41+00:00\",\"description\":\"Optimieren Sie Ihr Pflanzenwachstum mit dem Wilma XXL 20 Complete 6.5L Anbausystem. Ideal f\u00fcr gr\u00f6\u00dfere Kulturen, bietet es 20 T\u00f6pfe, Bew\u00e4sserung und eine Pumpe f\u00fcr effiziente Wasserverteilung und gesunde Pflanzen.\",\"breadcrumb\":{\"@id\":\"https:\\\/\\\/atami.com\\\/de\\\/produkt\\\/wilma-xxl-20-complete-6-5l#breadcrumb\"},\"inLanguage\":\"de\",\"potentialAction\":[{\"@type\":\"ReadAction\",\"target\":[\"https:\\\/\\\/atami.com\\\/de\\\/produkt\\\/wilma-xxl-20-complete-6-5l\"]}]},{\"@type\":\"ImageObject\",\"inLanguage\":\"de\",\"@id\":\"https:\\\/\\\/atami.com\\\/de\\\/produkt\\\/wilma-xxl-20-complete-6-5l#primaryimage\",\"url\":\"https:\\\/\\\/atami.com\\\/wp-content\\\/uploads\\\/2023\\\/02\\\/Wilma-XXL-20-complete-6.5l-Main-Image.webp\",\"contentUrl\":\"https:\\\/\\\/atami.com\\\/wp-content\\\/uploads\\\/2023\\\/02\\\/Wilma-XXL-20-complete-6.5l-Main-Image.webp\",\"width\":1080,\"height\":1080,\"caption\":\"Wilma XXL 20 Complete 6,5L ist ein professionelles Hydrokultursystem mit 20 kompakten 6,5L-T\u00f6pfen und einem zuverl\u00e4ssigen Bew\u00e4sserungssystem f\u00fcr optimiertes Wachstum.\"},{\"@type\":\"BreadcrumbList\",\"@id\":\"https:\\\/\\\/atami.com\\\/de\\\/produkt\\\/wilma-xxl-20-complete-6-5l#breadcrumb\",\"itemListElement\":[{\"@type\":\"ListItem\",\"position\":1,\"name\":\"Home\",\"item\":\"https:\\\/\\\/atami.com\\\/de\"},{\"@type\":\"ListItem\",\"position\":2,\"name\":\"Produkte\",\"item\":\"https:\\\/\\\/atami.com\\\/de\\\/shop\"},{\"@type\":\"ListItem\",\"position\":3,\"name\":\"Marken\",\"item\":\"https:\\\/\\\/atami.com\\\/de\\\/produkt-kategorie\\\/marken\"},{\"@type\":\"ListItem\",\"position\":4,\"name\":\"Wilma-anzuchtsysteme\",\"item\":\"https:\\\/\\\/atami.com\\\/de\\\/produkt-kategorie\\\/marken\\\/wilma-anzuchtsysteme\"},{\"@type\":\"ListItem\",\"position\":5,\"name\":\"Wilma XXL 20 Complete 6.5L\"}]},{\"@type\":\"WebSite\",\"@id\":\"https:\\\/\\\/atami.com\\\/de#website\",\"url\":\"https:\\\/\\\/atami.com\\\/de\",\"name\":\"Atami\",\"description\":\"NATURALLY INNOVATING!\",\"publisher\":{\"@id\":\"https:\\\/\\\/atami.com\\\/de#organization\"},\"potentialAction\":[{\"@type\":\"SearchAction\",\"target\":{\"@type\":\"EntryPoint\",\"urlTemplate\":\"https:\\\/\\\/atami.com\\\/de?s={search_term_string}\"},\"query-input\":{\"@type\":\"PropertyValueSpecification\",\"valueRequired\":true,\"valueName\":\"search_term_string\"}}],\"inLanguage\":\"de\"},{\"@type\":\"Organization\",\"@id\":\"https:\\\/\\\/atami.com\\\/de#organization\",\"name\":\"Atami\",\"url\":\"https:\\\/\\\/atami.com\\\/de\",\"logo\":{\"@type\":\"ImageObject\",\"inLanguage\":\"de\",\"@id\":\"https:\\\/\\\/atami.com\\\/de#\\\/schema\\\/logo\\\/image\\\/\",\"url\":\"https:\\\/\\\/atami.com\\\/wp-content\\\/uploads\\\/2026\\\/01\\\/Atami-logo-696x696px.webp\",\"contentUrl\":\"https:\\\/\\\/atami.com\\\/wp-content\\\/uploads\\\/2026\\\/01\\\/Atami-logo-696x696px.webp\",\"width\":696,\"height\":696,\"caption\":\"Atami\"},\"image\":{\"@id\":\"https:\\\/\\\/atami.com\\\/de#\\\/schema\\\/logo\\\/image\\\/\"},\"sameAs\":[\"https:\\\/\\\/www.facebook.com\\\/Atami.International\",\"https:\\\/\\\/x.com\\\/AtamiEU\",\"https:\\\/\\\/www.youtube.com\\\/c\\\/AtamiInternational\",\"https:\\\/\\\/www.instagram.com\\\/atami.international\\\/\"],\"description\":\"ATAMI is a premium plant nutrition & substrate brand founded in 1997 with the mission to make exceptional cultivation achievable for everyone. From legacy to license, we offer a wide variety of innovating award-winning products to let cultivators achieve maximum results in taste & yield.\",\"email\":\"info@mginnovations.es\",\"legalName\":\"Atami\",\"numberOfEmployees\":{\"@type\":\"QuantitativeValue\",\"minValue\":\"11\",\"maxValue\":\"50\"}}]}<\/script>\n<!-- \/ Yoast SEO Premium plugin. -->","yoast_head_json":{"title":"Wilma XXL 20 Komplettsystem \u2013 6,5\u202fL T\u00f6pfe f\u00fcr pr\u00e4zises Pflanzenwachstum","description":"Optimieren Sie Ihr Pflanzenwachstum mit dem Wilma XXL 20 Complete 6.5L Anbausystem. Ideal f\u00fcr gr\u00f6\u00dfere Kulturen, bietet es 20 T\u00f6pfe, Bew\u00e4sserung und eine Pumpe f\u00fcr effiziente Wasserverteilung und gesunde Pflanzen.","robots":{"index":"index","follow":"follow","max-snippet":"max-snippet:-1","max-image-preview":"max-image-preview:large","max-video-preview":"max-video-preview:-1"},"canonical":"https:\/\/atami.com\/de\/produkt\/wilma-xxl-20-complete-6-5l","og_locale":"de_DE","og_type":"article","og_title":"Wilma XXL 20 Complete 6.5L","og_description":"Optimieren Sie Ihr Pflanzenwachstum mit dem Wilma XXL 20 Complete 6.5L Anbausystem. Ideal f\u00fcr gr\u00f6\u00dfere Kulturen, bietet es 20 T\u00f6pfe, Bew\u00e4sserung und eine Pumpe f\u00fcr effiziente Wasserverteilung und gesunde Pflanzen.","og_url":"https:\/\/atami.com\/de\/produkt\/wilma-xxl-20-complete-6-5l","og_site_name":"Atami","article_publisher":"https:\/\/www.facebook.com\/Atami.International","article_modified_time":"2026-03-04T10:39:41+00:00","og_image":[{"width":1080,"height":1080,"url":"https:\/\/atami.com\/wp-content\/uploads\/2023\/02\/Wilma-XXL-20-complete-6.5l-Main-Image.webp","type":"image\/webp"}],"twitter_card":"summary_large_image","twitter_site":"@AtamiEU","twitter_misc":{"Gesch\u00e4tzte Lesezeit":"1\u00a0Minute"},"schema":{"@context":"https:\/\/schema.org","@graph":[{"@type":"WebPage","@id":"https:\/\/atami.com\/de\/produkt\/wilma-xxl-20-complete-6-5l","url":"https:\/\/atami.com\/de\/produkt\/wilma-xxl-20-complete-6-5l","name":"Wilma XXL 20 Komplettsystem \u2013 6,5\u202fL T\u00f6pfe f\u00fcr pr\u00e4zises Pflanzenwachstum","isPartOf":{"@id":"https:\/\/atami.com\/de#website"},"primaryImageOfPage":{"@id":"https:\/\/atami.com\/de\/produkt\/wilma-xxl-20-complete-6-5l#primaryimage"},"image":{"@id":"https:\/\/atami.com\/de\/produkt\/wilma-xxl-20-complete-6-5l#primaryimage"},"thumbnailUrl":"https:\/\/atami.com\/wp-content\/uploads\/2023\/02\/Wilma-XXL-20-complete-6.5l-Main-Image.webp","datePublished":"2023-02-14T15:35:41+00:00","dateModified":"2026-03-04T10:39:41+00:00","description":"Optimieren Sie Ihr Pflanzenwachstum mit dem Wilma XXL 20 Complete 6.5L Anbausystem. Ideal f\u00fcr gr\u00f6\u00dfere Kulturen, bietet es 20 T\u00f6pfe, Bew\u00e4sserung und eine Pumpe f\u00fcr effiziente Wasserverteilung und gesunde Pflanzen.","breadcrumb":{"@id":"https:\/\/atami.com\/de\/produkt\/wilma-xxl-20-complete-6-5l#breadcrumb"},"inLanguage":"de","potentialAction":[{"@type":"ReadAction","target":["https:\/\/atami.com\/de\/produkt\/wilma-xxl-20-complete-6-5l"]}]},{"@type":"ImageObject","inLanguage":"de","@id":"https:\/\/atami.com\/de\/produkt\/wilma-xxl-20-complete-6-5l#primaryimage","url":"https:\/\/atami.com\/wp-content\/uploads\/2023\/02\/Wilma-XXL-20-complete-6.5l-Main-Image.webp","contentUrl":"https:\/\/atami.com\/wp-content\/uploads\/2023\/02\/Wilma-XXL-20-complete-6.5l-Main-Image.webp","width":1080,"height":1080,"caption":"Wilma XXL 20 Complete 6,5L ist ein professionelles Hydrokultursystem mit 20 kompakten 6,5L-T\u00f6pfen und einem zuverl\u00e4ssigen Bew\u00e4sserungssystem f\u00fcr optimiertes Wachstum."},{"@type":"BreadcrumbList","@id":"https:\/\/atami.com\/de\/produkt\/wilma-xxl-20-complete-6-5l#breadcrumb","itemListElement":[{"@type":"ListItem","position":1,"name":"Home","item":"https:\/\/atami.com\/de"},{"@type":"ListItem","position":2,"name":"Produkte","item":"https:\/\/atami.com\/de\/shop"},{"@type":"ListItem","position":3,"name":"Marken","item":"https:\/\/atami.com\/de\/produkt-kategorie\/marken"},{"@type":"ListItem","position":4,"name":"Wilma-anzuchtsysteme","item":"https:\/\/atami.com\/de\/produkt-kategorie\/marken\/wilma-anzuchtsysteme"},{"@type":"ListItem","position":5,"name":"Wilma XXL 20 Complete 6.5L"}]},{"@type":"WebSite","@id":"https:\/\/atami.com\/de#website","url":"https:\/\/atami.com\/de","name":"Atami","description":"NATURALLY INNOVATING!","publisher":{"@id":"https:\/\/atami.com\/de#organization"},"potentialAction":[{"@type":"SearchAction","target":{"@type":"EntryPoint","urlTemplate":"https:\/\/atami.com\/de?s={search_term_string}"},"query-input":{"@type":"PropertyValueSpecification","valueRequired":true,"valueName":"search_term_string"}}],"inLanguage":"de"},{"@type":"Organization","@id":"https:\/\/atami.com\/de#organization","name":"Atami","url":"https:\/\/atami.com\/de","logo":{"@type":"ImageObject","inLanguage":"de","@id":"https:\/\/atami.com\/de#\/schema\/logo\/image\/","url":"https:\/\/atami.com\/wp-content\/uploads\/2026\/01\/Atami-logo-696x696px.webp","contentUrl":"https:\/\/atami.com\/wp-content\/uploads\/2026\/01\/Atami-logo-696x696px.webp","width":696,"height":696,"caption":"Atami"},"image":{"@id":"https:\/\/atami.com\/de#\/schema\/logo\/image\/"},"sameAs":["https:\/\/www.facebook.com\/Atami.International","https:\/\/x.com\/AtamiEU","https:\/\/www.youtube.com\/c\/AtamiInternational","https:\/\/www.instagram.com\/atami.international\/"],"description":"ATAMI is a premium plant nutrition & substrate brand founded in 1997 with the mission to make exceptional cultivation achievable for everyone. From legacy to license, we offer a wide variety of innovating award-winning products to let cultivators achieve maximum results in taste & yield.","email":"info@mginnovations.es","legalName":"Atami","numberOfEmployees":{"@type":"QuantitativeValue","minValue":"11","maxValue":"50"}}]}},"_links":{"self":[{"href":"https:\/\/atami.com\/de\/wp-json\/wp\/v2\/product\/21939","targetHints":{"allow":["GET"]}}],"collection":[{"href":"https:\/\/atami.com\/de\/wp-json\/wp\/v2\/product"}],"about":[{"href":"https:\/\/atami.com\/de\/wp-json\/wp\/v2\/types\/product"}],"replies":[{"embeddable":true,"href":"https:\/\/atami.com\/de\/wp-json\/wp\/v2\/comments?post=21939"}],"wp:featuredmedia":[{"embeddable":true,"href":"https:\/\/atami.com\/de\/wp-json\/wp\/v2\/media\/26476"}],"wp:attachment":[{"href":"https:\/\/atami.com\/de\/wp-json\/wp\/v2\/media?parent=21939"}],"wp:term":[{"taxonomy":"product_brand","embeddable":true,"href":"https:\/\/atami.com\/de\/wp-json\/wp\/v2\/product_brand?post=21939"},{"taxonomy":"product_cat","embeddable":true,"href":"https:\/\/atami.com\/de\/wp-json\/wp\/v2\/product_cat?post=21939"},{"taxonomy":"product_tag","embeddable":true,"href":"https:\/\/atami.com\/de\/wp-json\/wp\/v2\/product_tag?post=21939"}],"curies":[{"name":"wp","href":"https:\/\/api.w.org\/{rel}","templated":true}]}}