{"id":21925,"date":"2023-02-14T13:15:05","date_gmt":"2023-02-14T13:15:05","guid":{"rendered":"https:\/\/atami.com\/product\/bounce\/"},"modified":"2026-03-03T15:34:14","modified_gmt":"2026-03-03T13:34:14","slug":"bounce","status":"publish","type":"product","link":"https:\/\/atami.com\/de\/produkt\/bounce","title":{"rendered":"B\u2019ounce"},"content":{"rendered":"<p>Atami B\u2019ounce ist ein gepresstes Substrat, das aus einer Mischung aus Kokosmehl, Kokosfasern und Kokosst\u00fcckchen besteht. Alle Zutaten wurden gepuffert und gesp\u00fclt, sodass Atami B\u2019ounce als ein reines Substrat angesehen werden kann. Durch die unterschiedliche Struktur von B\u2019ounce wird ein idealer Untergrund erreicht. Die gr\u00f6beren Kokosst\u00fcckchen sorgen daf\u00fcr, dass die Kokosmischung locker bleibt, wodurch die Wurzeln reichlich Sauerstoff bekommen. Der Sauerstoff hat eine g\u00fcnstige Auswirkung auf die (schnelle) Entwicklung einer gesunden und starken Wurzelstruktur. Auch das Tempo der Wurzelentwicklung wird von den g\u00fcnstigen (lockeren) Verh\u00e4ltnissen positiv beeinflusst, wodurch die Pflanzen schneller wachsen werden.<\/p>\n<p>&nbsp;<\/p>\n<p>Die etwas gr\u00f6\u00dferen Kokosst\u00fcckchen sorgen auch f\u00fcr eine gute Entw\u00e4sserung. Die feinen Kokosteilchen (also die Fasern und das Mehl), wirken dagegen wie ein Schwamm und halten das Wasser l\u00e4nger fest. Dadurch bleibt f\u00fcr die Pflanzen gen\u00fcgend (Nahrungs-)wasser im Substrat zur\u00fcck. Atami B\u2019ounce ist in kleinen Bl\u00f6cken von 18,5 x 18,5 cm erh\u00e4ltlich. Die H\u00f6he der Bl\u00f6cke betr\u00e4gt 6 cm. Nach dem Einweichen wird Atami B\u2019ounce bis auf eine H\u00f6he von ca. 20 cm anwachsen.<\/p>\n<p>&nbsp;<\/p>\n<p><strong>EC:\u00a0 0,80<\/strong><\/p>\n","protected":false},"excerpt":{"rendered":"<p>Komprimiertes Kokossubstrat<\/p>\n","protected":false},"featured_media":26129,"comment_status":"closed","ping_status":"closed","template":"","meta":{"_acf_changed":false,"iawp_total_views":62},"product_brand":[],"product_cat":[196],"product_tag":[],"class_list":{"0":"post-21925","1":"product","2":"type-product","3":"status-publish","4":"has-post-thumbnail","6":"product_cat-atami-substrate","8":"first","9":"instock","10":"shipping-taxable","11":"product-type-simple"},"acf":{"short_description":"<p>Atami B\u2019ounce ist ein gepresstes Substrat, das aus einer Mischung aus Kokosmehl, Kokosfasern und Kokosst\u00fcckchen besteht. Alle Zutaten wurden gepuffert und gesp\u00fclt, sodass Atami B\u2019ounce als ein reines Substrat angesehen werden kann. Durch die unterschiedliche Struktur von B\u2019ounce wird ein idealer Untergrund erreicht. Die gr\u00f6beren Kokosst\u00fcckchen sorgen daf\u00fcr, dass die Kokosmischung locker bleibt, wodurch die Wurzeln reichlich Sauerstoff bekommen. Der Sauerstoff hat eine g\u00fcnstige Auswirkung auf die (schnelle) Entwicklung einer gesunden und starken Wurzelstruktur. Auch das Tempo der Wurzelentwicklung wird von den g\u00fcnstigen (lockeren) Verh\u00e4ltnissen positiv beeinflusst, wodurch die Pflanzen schneller wachsen werden.<\/p>\r\n<p>Die etwas gr\u00f6\u00dferen Kokosst\u00fcckchen sorgen auch f\u00fcr eine gute Entw\u00e4sserung. Die feinen Kokosteilchen (also die Fasern und das Mehl), wirken dagegen wie ein Schwamm und halten das Wasser l\u00e4nger fest. Dadurch bleibt f\u00fcr die Pflanzen gen\u00fcgend (Nahrungs-)wasser im Substrat zur\u00fcck. Atami B\u2019ounce ist in kleinen Bl\u00f6cken von 18,5 x 18,5 cm erh\u00e4ltlich. Die H\u00f6he der Bl\u00f6cke betr\u00e4gt 6 cm. Nach dem Einweichen wird Atami B\u2019ounce bis auf eine H\u00f6he von ca. 20 cm anwachsen.<\/p>\r\n<p><strong>EC:\u00a0 0,80<\/strong><\/p>","suitable_for":"","application":"","dosage":"","npk_ratio":"","available_in":"","icon_1":"","icon_1_text":"","icon_2":"","icon_2_text":"","icon_3":"","icon_3_text":"","icon_4":"","icon_4_text":"","video":"","second_image":26144,"product_image_page":"","user_manual":"","new_icon_1":"","new_icon_2":"","new_icon_3":"","new_icon_4":"","grow_guides":"","category":"Substrat"},"yoast_head":"<!-- This site is optimized with the Yoast SEO Premium plugin v27.4 (Yoast SEO v27.4) - https:\/\/yoast.com\/product\/yoast-seo-premium-wordpress\/ -->\n<title>Bounce \u2013 F\u00f6rdert gesundes Pflanzenwachstum und steigert den Ertrag<\/title>\n<meta name=\"description\" content=\"Bounce ist der perfekte Pflanzenbooster f\u00fcr kr\u00e4ftiges Wachstum und hohe Ertr\u00e4ge. Entdecken Sie, wie Bounce die Gesundheit Ihrer Pflanzen unterst\u00fctzt und Ihre Ernte maximiert.\" \/>\n<meta name=\"robots\" content=\"index, follow, max-snippet:-1, max-image-preview:large, max-video-preview:-1\" \/>\n<link rel=\"canonical\" href=\"https:\/\/atami.com\/de\/produkt\/bounce\" \/>\n<meta property=\"og:locale\" content=\"de_DE\" \/>\n<meta property=\"og:type\" content=\"article\" \/>\n<meta property=\"og:title\" content=\"B\u2019ounce\" \/>\n<meta property=\"og:description\" content=\"Bounce ist der perfekte Pflanzenbooster f\u00fcr kr\u00e4ftiges Wachstum und hohe Ertr\u00e4ge. Entdecken Sie, wie Bounce die Gesundheit Ihrer Pflanzen unterst\u00fctzt und Ihre Ernte maximiert.\" \/>\n<meta property=\"og:url\" content=\"https:\/\/atami.com\/de\/produkt\/bounce\" \/>\n<meta property=\"og:site_name\" content=\"Atami\" \/>\n<meta property=\"article:publisher\" content=\"https:\/\/www.facebook.com\/Atami.International\" \/>\n<meta property=\"article:modified_time\" content=\"2026-03-03T13:34:14+00:00\" \/>\n<meta property=\"og:image\" content=\"https:\/\/atami.com\/wp-content\/uploads\/2023\/02\/Bounce-Main-Image.webp\" \/>\n\t<meta property=\"og:image:width\" content=\"1080\" \/>\n\t<meta property=\"og:image:height\" content=\"1080\" \/>\n\t<meta property=\"og:image:type\" content=\"image\/webp\" \/>\n<meta name=\"twitter:card\" content=\"summary_large_image\" \/>\n<meta name=\"twitter:site\" content=\"@AtamiEU\" \/>\n<meta name=\"twitter:label1\" content=\"Gesch\u00e4tzte Lesezeit\" \/>\n\t<meta name=\"twitter:data1\" content=\"1\u00a0Minute\" \/>\n<script type=\"application\/ld+json\" class=\"yoast-schema-graph\">{\"@context\":\"https:\\\/\\\/schema.org\",\"@graph\":[{\"@type\":\"WebPage\",\"@id\":\"https:\\\/\\\/atami.com\\\/de\\\/produkt\\\/bounce\",\"url\":\"https:\\\/\\\/atami.com\\\/de\\\/produkt\\\/bounce\",\"name\":\"Bounce \u2013 F\u00f6rdert gesundes Pflanzenwachstum und steigert den Ertrag\",\"isPartOf\":{\"@id\":\"https:\\\/\\\/atami.com\\\/de#website\"},\"primaryImageOfPage\":{\"@id\":\"https:\\\/\\\/atami.com\\\/de\\\/produkt\\\/bounce#primaryimage\"},\"image\":{\"@id\":\"https:\\\/\\\/atami.com\\\/de\\\/produkt\\\/bounce#primaryimage\"},\"thumbnailUrl\":\"https:\\\/\\\/atami.com\\\/wp-content\\\/uploads\\\/2023\\\/02\\\/Bounce-Main-Image.webp\",\"datePublished\":\"2023-02-14T13:15:05+00:00\",\"dateModified\":\"2026-03-03T13:34:14+00:00\",\"description\":\"Bounce ist der perfekte Pflanzenbooster f\u00fcr kr\u00e4ftiges Wachstum und hohe Ertr\u00e4ge. Entdecken Sie, wie Bounce die Gesundheit Ihrer Pflanzen unterst\u00fctzt und Ihre Ernte maximiert.\",\"breadcrumb\":{\"@id\":\"https:\\\/\\\/atami.com\\\/de\\\/produkt\\\/bounce#breadcrumb\"},\"inLanguage\":\"de\",\"potentialAction\":[{\"@type\":\"ReadAction\",\"target\":[\"https:\\\/\\\/atami.com\\\/de\\\/produkt\\\/bounce\"]}]},{\"@type\":\"ImageObject\",\"inLanguage\":\"de\",\"@id\":\"https:\\\/\\\/atami.com\\\/de\\\/produkt\\\/bounce#primaryimage\",\"url\":\"https:\\\/\\\/atami.com\\\/wp-content\\\/uploads\\\/2023\\\/02\\\/Bounce-Main-Image.webp\",\"contentUrl\":\"https:\\\/\\\/atami.com\\\/wp-content\\\/uploads\\\/2023\\\/02\\\/Bounce-Main-Image.webp\",\"width\":1080,\"height\":1080,\"caption\":\"B\u2019ounce bietet ein gut strukturiertes Medium, das Wasser und N\u00e4hrstoffe zur\u00fcckh\u00e4lt und so eine gesunde Wurzelentwicklung f\u00f6rdert.\"},{\"@type\":\"BreadcrumbList\",\"@id\":\"https:\\\/\\\/atami.com\\\/de\\\/produkt\\\/bounce#breadcrumb\",\"itemListElement\":[{\"@type\":\"ListItem\",\"position\":1,\"name\":\"Home\",\"item\":\"https:\\\/\\\/atami.com\\\/de\"},{\"@type\":\"ListItem\",\"position\":2,\"name\":\"Produkte\",\"item\":\"https:\\\/\\\/atami.com\\\/de\\\/shop\"},{\"@type\":\"ListItem\",\"position\":3,\"name\":\"Marken\",\"item\":\"https:\\\/\\\/atami.com\\\/de\\\/produkt-kategorie\\\/marken\"},{\"@type\":\"ListItem\",\"position\":4,\"name\":\"Atami substrate\",\"item\":\"https:\\\/\\\/atami.com\\\/de\\\/produkt-kategorie\\\/marken\\\/atami-substrate\"},{\"@type\":\"ListItem\",\"position\":5,\"name\":\"B\u2019ounce\"}]},{\"@type\":\"WebSite\",\"@id\":\"https:\\\/\\\/atami.com\\\/de#website\",\"url\":\"https:\\\/\\\/atami.com\\\/de\",\"name\":\"Atami\",\"description\":\"NATURALLY INNOVATING!\",\"publisher\":{\"@id\":\"https:\\\/\\\/atami.com\\\/de#organization\"},\"potentialAction\":[{\"@type\":\"SearchAction\",\"target\":{\"@type\":\"EntryPoint\",\"urlTemplate\":\"https:\\\/\\\/atami.com\\\/de?s={search_term_string}\"},\"query-input\":{\"@type\":\"PropertyValueSpecification\",\"valueRequired\":true,\"valueName\":\"search_term_string\"}}],\"inLanguage\":\"de\"},{\"@type\":\"Organization\",\"@id\":\"https:\\\/\\\/atami.com\\\/de#organization\",\"name\":\"Atami\",\"url\":\"https:\\\/\\\/atami.com\\\/de\",\"logo\":{\"@type\":\"ImageObject\",\"inLanguage\":\"de\",\"@id\":\"https:\\\/\\\/atami.com\\\/de#\\\/schema\\\/logo\\\/image\\\/\",\"url\":\"https:\\\/\\\/atami.com\\\/wp-content\\\/uploads\\\/2026\\\/01\\\/Atami-logo-696x696px.webp\",\"contentUrl\":\"https:\\\/\\\/atami.com\\\/wp-content\\\/uploads\\\/2026\\\/01\\\/Atami-logo-696x696px.webp\",\"width\":696,\"height\":696,\"caption\":\"Atami\"},\"image\":{\"@id\":\"https:\\\/\\\/atami.com\\\/de#\\\/schema\\\/logo\\\/image\\\/\"},\"sameAs\":[\"https:\\\/\\\/www.facebook.com\\\/Atami.International\",\"https:\\\/\\\/x.com\\\/AtamiEU\",\"https:\\\/\\\/www.youtube.com\\\/c\\\/AtamiInternational\",\"https:\\\/\\\/www.instagram.com\\\/atami.international\\\/\"],\"description\":\"ATAMI is a premium plant nutrition & substrate brand founded in 1997 with the mission to make exceptional cultivation achievable for everyone. From legacy to license, we offer a wide variety of innovating award-winning products to let cultivators achieve maximum results in taste & yield.\",\"email\":\"info@mginnovations.es\",\"legalName\":\"Atami\",\"numberOfEmployees\":{\"@type\":\"QuantitativeValue\",\"minValue\":\"11\",\"maxValue\":\"50\"}}]}<\/script>\n<!-- \/ Yoast SEO Premium plugin. -->","yoast_head_json":{"title":"Bounce \u2013 F\u00f6rdert gesundes Pflanzenwachstum und steigert den Ertrag","description":"Bounce ist der perfekte Pflanzenbooster f\u00fcr kr\u00e4ftiges Wachstum und hohe Ertr\u00e4ge. Entdecken Sie, wie Bounce die Gesundheit Ihrer Pflanzen unterst\u00fctzt und Ihre Ernte maximiert.","robots":{"index":"index","follow":"follow","max-snippet":"max-snippet:-1","max-image-preview":"max-image-preview:large","max-video-preview":"max-video-preview:-1"},"canonical":"https:\/\/atami.com\/de\/produkt\/bounce","og_locale":"de_DE","og_type":"article","og_title":"B\u2019ounce","og_description":"Bounce ist der perfekte Pflanzenbooster f\u00fcr kr\u00e4ftiges Wachstum und hohe Ertr\u00e4ge. Entdecken Sie, wie Bounce die Gesundheit Ihrer Pflanzen unterst\u00fctzt und Ihre Ernte maximiert.","og_url":"https:\/\/atami.com\/de\/produkt\/bounce","og_site_name":"Atami","article_publisher":"https:\/\/www.facebook.com\/Atami.International","article_modified_time":"2026-03-03T13:34:14+00:00","og_image":[{"width":1080,"height":1080,"url":"https:\/\/atami.com\/wp-content\/uploads\/2023\/02\/Bounce-Main-Image.webp","type":"image\/webp"}],"twitter_card":"summary_large_image","twitter_site":"@AtamiEU","twitter_misc":{"Gesch\u00e4tzte Lesezeit":"1\u00a0Minute"},"schema":{"@context":"https:\/\/schema.org","@graph":[{"@type":"WebPage","@id":"https:\/\/atami.com\/de\/produkt\/bounce","url":"https:\/\/atami.com\/de\/produkt\/bounce","name":"Bounce \u2013 F\u00f6rdert gesundes Pflanzenwachstum und steigert den Ertrag","isPartOf":{"@id":"https:\/\/atami.com\/de#website"},"primaryImageOfPage":{"@id":"https:\/\/atami.com\/de\/produkt\/bounce#primaryimage"},"image":{"@id":"https:\/\/atami.com\/de\/produkt\/bounce#primaryimage"},"thumbnailUrl":"https:\/\/atami.com\/wp-content\/uploads\/2023\/02\/Bounce-Main-Image.webp","datePublished":"2023-02-14T13:15:05+00:00","dateModified":"2026-03-03T13:34:14+00:00","description":"Bounce ist der perfekte Pflanzenbooster f\u00fcr kr\u00e4ftiges Wachstum und hohe Ertr\u00e4ge. Entdecken Sie, wie Bounce die Gesundheit Ihrer Pflanzen unterst\u00fctzt und Ihre Ernte maximiert.","breadcrumb":{"@id":"https:\/\/atami.com\/de\/produkt\/bounce#breadcrumb"},"inLanguage":"de","potentialAction":[{"@type":"ReadAction","target":["https:\/\/atami.com\/de\/produkt\/bounce"]}]},{"@type":"ImageObject","inLanguage":"de","@id":"https:\/\/atami.com\/de\/produkt\/bounce#primaryimage","url":"https:\/\/atami.com\/wp-content\/uploads\/2023\/02\/Bounce-Main-Image.webp","contentUrl":"https:\/\/atami.com\/wp-content\/uploads\/2023\/02\/Bounce-Main-Image.webp","width":1080,"height":1080,"caption":"B\u2019ounce bietet ein gut strukturiertes Medium, das Wasser und N\u00e4hrstoffe zur\u00fcckh\u00e4lt und so eine gesunde Wurzelentwicklung f\u00f6rdert."},{"@type":"BreadcrumbList","@id":"https:\/\/atami.com\/de\/produkt\/bounce#breadcrumb","itemListElement":[{"@type":"ListItem","position":1,"name":"Home","item":"https:\/\/atami.com\/de"},{"@type":"ListItem","position":2,"name":"Produkte","item":"https:\/\/atami.com\/de\/shop"},{"@type":"ListItem","position":3,"name":"Marken","item":"https:\/\/atami.com\/de\/produkt-kategorie\/marken"},{"@type":"ListItem","position":4,"name":"Atami substrate","item":"https:\/\/atami.com\/de\/produkt-kategorie\/marken\/atami-substrate"},{"@type":"ListItem","position":5,"name":"B\u2019ounce"}]},{"@type":"WebSite","@id":"https:\/\/atami.com\/de#website","url":"https:\/\/atami.com\/de","name":"Atami","description":"NATURALLY INNOVATING!","publisher":{"@id":"https:\/\/atami.com\/de#organization"},"potentialAction":[{"@type":"SearchAction","target":{"@type":"EntryPoint","urlTemplate":"https:\/\/atami.com\/de?s={search_term_string}"},"query-input":{"@type":"PropertyValueSpecification","valueRequired":true,"valueName":"search_term_string"}}],"inLanguage":"de"},{"@type":"Organization","@id":"https:\/\/atami.com\/de#organization","name":"Atami","url":"https:\/\/atami.com\/de","logo":{"@type":"ImageObject","inLanguage":"de","@id":"https:\/\/atami.com\/de#\/schema\/logo\/image\/","url":"https:\/\/atami.com\/wp-content\/uploads\/2026\/01\/Atami-logo-696x696px.webp","contentUrl":"https:\/\/atami.com\/wp-content\/uploads\/2026\/01\/Atami-logo-696x696px.webp","width":696,"height":696,"caption":"Atami"},"image":{"@id":"https:\/\/atami.com\/de#\/schema\/logo\/image\/"},"sameAs":["https:\/\/www.facebook.com\/Atami.International","https:\/\/x.com\/AtamiEU","https:\/\/www.youtube.com\/c\/AtamiInternational","https:\/\/www.instagram.com\/atami.international\/"],"description":"ATAMI is a premium plant nutrition & substrate brand founded in 1997 with the mission to make exceptional cultivation achievable for everyone. From legacy to license, we offer a wide variety of innovating award-winning products to let cultivators achieve maximum results in taste & yield.","email":"info@mginnovations.es","legalName":"Atami","numberOfEmployees":{"@type":"QuantitativeValue","minValue":"11","maxValue":"50"}}]}},"_links":{"self":[{"href":"https:\/\/atami.com\/de\/wp-json\/wp\/v2\/product\/21925","targetHints":{"allow":["GET"]}}],"collection":[{"href":"https:\/\/atami.com\/de\/wp-json\/wp\/v2\/product"}],"about":[{"href":"https:\/\/atami.com\/de\/wp-json\/wp\/v2\/types\/product"}],"replies":[{"embeddable":true,"href":"https:\/\/atami.com\/de\/wp-json\/wp\/v2\/comments?post=21925"}],"wp:featuredmedia":[{"embeddable":true,"href":"https:\/\/atami.com\/de\/wp-json\/wp\/v2\/media\/26129"}],"wp:attachment":[{"href":"https:\/\/atami.com\/de\/wp-json\/wp\/v2\/media?parent=21925"}],"wp:term":[{"taxonomy":"product_brand","embeddable":true,"href":"https:\/\/atami.com\/de\/wp-json\/wp\/v2\/product_brand?post=21925"},{"taxonomy":"product_cat","embeddable":true,"href":"https:\/\/atami.com\/de\/wp-json\/wp\/v2\/product_cat?post=21925"},{"taxonomy":"product_tag","embeddable":true,"href":"https:\/\/atami.com\/de\/wp-json\/wp\/v2\/product_tag?post=21925"}],"curies":[{"name":"wp","href":"https:\/\/api.w.org\/{rel}","templated":true}]}}