{"id":21924,"date":"2023-02-14T13:00:24","date_gmt":"2023-02-14T13:00:24","guid":{"rendered":"https:\/\/atami.com\/product\/cocos-slabs\/"},"modified":"2026-03-03T15:29:47","modified_gmt":"2026-03-03T13:29:47","slug":"cocos-slabs","status":"publish","type":"product","link":"https:\/\/atami.com\/de\/produkt\/cocos-slabs","title":{"rendered":"Cocos Slabs"},"content":{"rendered":"<p>Atami Coco Slabs ist mit einem RHP-G\u00fctezeichen versehen, dass ein einzigartiges Kokossubstrat garantiert. Die Kokosfasern wurden auf die richtige Weise gewaschen, ged\u00e4mpft und gepuffert, wodurch ein optimales Zuchtsubstrat garantiert werden kann. Das Kokossubstrat enth\u00e4lt gen\u00fcgend Nahrung f\u00fcr die 1. Woche des Zuchtzyklusses, danach kann man f\u00fcr ein optimales Ergebnis Wasser mit Fl\u00fcssigd\u00fcngern und Stimulatoren zuf\u00fcgen.<\/p>\n<p>&nbsp;<\/p>\n<p>Kokos hat eine perfekte Struktur, wodurch Nahrungswasser leicht festgehalten und somit schnell von den Wurzeln der Pflanze aufgenommen wird. Dabei bleibt das Kokossubstrat ziemlich locker, wodurch die Wurzeln viel Sauerstoff erhalten. Die Pflanzen bekommen somit eine gesunde und kr\u00e4ftige Wurzelstruktur und entwickeln sich dadurch sehr schnell.<\/p>\n<p>&nbsp;<\/p>\n<p><strong>EC: 0,80 \u2013 1,00<\/strong><\/p>\n<p>&nbsp;<\/p>\n<p><strong>Verf\u00fcgbar als 19 L<\/strong><\/p>\n","protected":false},"excerpt":{"rendered":"<p>Leicht ged\u00fcngte, gereifte, gewaschene und gepufferte Kokosfasern<\/p>\n","protected":false},"featured_media":27096,"comment_status":"closed","ping_status":"closed","template":"","meta":{"_acf_changed":false,"iawp_total_views":69},"product_brand":[],"product_cat":[196],"product_tag":[],"class_list":{"0":"post-21924","1":"product","2":"type-product","3":"status-publish","4":"has-post-thumbnail","6":"product_cat-atami-substrate","8":"first","9":"instock","10":"shipping-taxable","11":"product-type-simple"},"acf":{"short_description":"<p>Atami Coco Slabs ist mit einem RHP-G\u00fctezeichen versehen, dass ein einzigartiges Kokossubstrat garantiert. Die Kokosfasern wurden auf die richtige Weise gewaschen, ged\u00e4mpft und gepuffert, wodurch ein optimales Zuchtsubstrat garantiert werden kann. Das Kokossubstrat enth\u00e4lt gen\u00fcgend Nahrung f\u00fcr die 1. Woche des Zuchtzyklusses, danach kann man f\u00fcr ein optimales Ergebnis Wasser mit Fl\u00fcssigd\u00fcngern und Stimulatoren zuf\u00fcgen.<\/p>\r\n<p>Kokos hat eine perfekte Struktur, wodurch Nahrungswasser leicht festgehalten und somit schnell von den Wurzeln der Pflanze aufgenommen wird. Dabei bleibt das Kokossubstrat ziemlich locker, wodurch die Wurzeln viel Sauerstoff erhalten. Die Pflanzen bekommen somit eine gesunde und kr\u00e4ftige Wurzelstruktur und entwickeln sich dadurch sehr schnell.<\/p>\r\n<p><strong>EC: 0,80 \u2013 1,00<\/strong><\/p>","suitable_for":"","application":"","dosage":"","npk_ratio":"","available_in":"<p>19 L<\/p>","icon_1":"","icon_1_text":"","icon_2":"","icon_2_text":"","icon_3":"","icon_3_text":"","icon_4":"","icon_4_text":"","video":"","second_image":27111,"product_image_page":"","user_manual":"","new_icon_1":"","new_icon_2":"","new_icon_3":"","new_icon_4":"","grow_guides":"","category":"Substrat"},"yoast_head":"<!-- This site is optimized with the Yoast SEO Premium plugin v27.5 (Yoast SEO v27.5) - https:\/\/yoast.com\/product\/yoast-seo-premium-wordpress\/ -->\n<title>Cocos Slabs f\u00fcr optimales Wachstum \u2013 Hochwertige Anbaubasis<\/title>\n<meta name=\"description\" content=\"Entdecken Sie die Cocos Slabs von Atami f\u00fcr eine gesunde Pflanzenentwicklung. Diese speziell entwickelten Substrate bieten ideale Bedingungen f\u00fcr Wurzelwachstum und verbessern die N\u00e4hrstoffaufnahme Ihrer Pflanzen.\" \/>\n<meta name=\"robots\" content=\"index, follow, max-snippet:-1, max-image-preview:large, max-video-preview:-1\" \/>\n<link rel=\"canonical\" href=\"https:\/\/atami.com\/de\/produkt\/cocos-slabs\" \/>\n<meta property=\"og:locale\" content=\"de_DE\" \/>\n<meta property=\"og:type\" content=\"article\" \/>\n<meta property=\"og:title\" content=\"Cocos Slabs\" \/>\n<meta property=\"og:description\" content=\"Entdecken Sie die Cocos Slabs von Atami f\u00fcr eine gesunde Pflanzenentwicklung. Diese speziell entwickelten Substrate bieten ideale Bedingungen f\u00fcr Wurzelwachstum und verbessern die N\u00e4hrstoffaufnahme Ihrer Pflanzen.\" \/>\n<meta property=\"og:url\" content=\"https:\/\/atami.com\/de\/produkt\/cocos-slabs\" \/>\n<meta property=\"og:site_name\" content=\"Atami\" \/>\n<meta property=\"article:publisher\" content=\"https:\/\/www.facebook.com\/Atami.International\" \/>\n<meta property=\"article:modified_time\" content=\"2026-03-03T13:29:47+00:00\" \/>\n<meta property=\"og:image\" content=\"https:\/\/atami.com\/wp-content\/uploads\/2023\/02\/Cocos-Slabs-Main-Images.webp\" \/>\n\t<meta property=\"og:image:width\" content=\"1080\" \/>\n\t<meta property=\"og:image:height\" content=\"1080\" \/>\n\t<meta property=\"og:image:type\" content=\"image\/webp\" \/>\n<meta name=\"twitter:card\" content=\"summary_large_image\" \/>\n<meta name=\"twitter:site\" content=\"@AtamiEU\" \/>\n<meta name=\"twitter:label1\" content=\"Gesch\u00e4tzte Lesezeit\" \/>\n\t<meta name=\"twitter:data1\" content=\"1\u00a0Minute\" \/>\n<script type=\"application\/ld+json\" class=\"yoast-schema-graph\">{\"@context\":\"https:\\\/\\\/schema.org\",\"@graph\":[{\"@type\":\"WebPage\",\"@id\":\"https:\\\/\\\/atami.com\\\/de\\\/produkt\\\/cocos-slabs\",\"url\":\"https:\\\/\\\/atami.com\\\/de\\\/produkt\\\/cocos-slabs\",\"name\":\"Cocos Slabs f\u00fcr optimales Wachstum \u2013 Hochwertige Anbaubasis\",\"isPartOf\":{\"@id\":\"https:\\\/\\\/atami.com\\\/de#website\"},\"primaryImageOfPage\":{\"@id\":\"https:\\\/\\\/atami.com\\\/de\\\/produkt\\\/cocos-slabs#primaryimage\"},\"image\":{\"@id\":\"https:\\\/\\\/atami.com\\\/de\\\/produkt\\\/cocos-slabs#primaryimage\"},\"thumbnailUrl\":\"https:\\\/\\\/atami.com\\\/wp-content\\\/uploads\\\/2023\\\/02\\\/Cocos-Slabs-Main-Images.webp\",\"datePublished\":\"2023-02-14T13:00:24+00:00\",\"dateModified\":\"2026-03-03T13:29:47+00:00\",\"description\":\"Entdecken Sie die Cocos Slabs von Atami f\u00fcr eine gesunde Pflanzenentwicklung. Diese speziell entwickelten Substrate bieten ideale Bedingungen f\u00fcr Wurzelwachstum und verbessern die N\u00e4hrstoffaufnahme Ihrer Pflanzen.\",\"breadcrumb\":{\"@id\":\"https:\\\/\\\/atami.com\\\/de\\\/produkt\\\/cocos-slabs#breadcrumb\"},\"inLanguage\":\"de\",\"potentialAction\":[{\"@type\":\"ReadAction\",\"target\":[\"https:\\\/\\\/atami.com\\\/de\\\/produkt\\\/cocos-slabs\"]}]},{\"@type\":\"ImageObject\",\"inLanguage\":\"de\",\"@id\":\"https:\\\/\\\/atami.com\\\/de\\\/produkt\\\/cocos-slabs#primaryimage\",\"url\":\"https:\\\/\\\/atami.com\\\/wp-content\\\/uploads\\\/2023\\\/02\\\/Cocos-Slabs-Main-Images.webp\",\"contentUrl\":\"https:\\\/\\\/atami.com\\\/wp-content\\\/uploads\\\/2023\\\/02\\\/Cocos-Slabs-Main-Images.webp\",\"width\":1080,\"height\":1080,\"caption\":\"Kokosplatten bieten ein gut strukturiertes Medium, das Wasser und N\u00e4hrstoffe zur\u00fcckh\u00e4lt und so eine gesunde Wurzelentwicklung f\u00f6rdert.\"},{\"@type\":\"BreadcrumbList\",\"@id\":\"https:\\\/\\\/atami.com\\\/de\\\/produkt\\\/cocos-slabs#breadcrumb\",\"itemListElement\":[{\"@type\":\"ListItem\",\"position\":1,\"name\":\"Home\",\"item\":\"https:\\\/\\\/atami.com\\\/de\"},{\"@type\":\"ListItem\",\"position\":2,\"name\":\"Produkte\",\"item\":\"https:\\\/\\\/atami.com\\\/de\\\/shop\"},{\"@type\":\"ListItem\",\"position\":3,\"name\":\"Marken\",\"item\":\"https:\\\/\\\/atami.com\\\/de\\\/produkt-kategorie\\\/marken\"},{\"@type\":\"ListItem\",\"position\":4,\"name\":\"Atami substrate\",\"item\":\"https:\\\/\\\/atami.com\\\/de\\\/produkt-kategorie\\\/marken\\\/atami-substrate\"},{\"@type\":\"ListItem\",\"position\":5,\"name\":\"Cocos Slabs\"}]},{\"@type\":\"WebSite\",\"@id\":\"https:\\\/\\\/atami.com\\\/de#website\",\"url\":\"https:\\\/\\\/atami.com\\\/de\",\"name\":\"Atami\",\"description\":\"NATURALLY INNOVATING!\",\"publisher\":{\"@id\":\"https:\\\/\\\/atami.com\\\/de#organization\"},\"potentialAction\":[{\"@type\":\"SearchAction\",\"target\":{\"@type\":\"EntryPoint\",\"urlTemplate\":\"https:\\\/\\\/atami.com\\\/de?s={search_term_string}\"},\"query-input\":{\"@type\":\"PropertyValueSpecification\",\"valueRequired\":true,\"valueName\":\"search_term_string\"}}],\"inLanguage\":\"de\"},{\"@type\":\"Organization\",\"@id\":\"https:\\\/\\\/atami.com\\\/de#organization\",\"name\":\"Atami\",\"url\":\"https:\\\/\\\/atami.com\\\/de\",\"logo\":{\"@type\":\"ImageObject\",\"inLanguage\":\"de\",\"@id\":\"https:\\\/\\\/atami.com\\\/de#\\\/schema\\\/logo\\\/image\\\/\",\"url\":\"https:\\\/\\\/atami.com\\\/wp-content\\\/uploads\\\/2026\\\/01\\\/Atami-logo-696x696px.webp\",\"contentUrl\":\"https:\\\/\\\/atami.com\\\/wp-content\\\/uploads\\\/2026\\\/01\\\/Atami-logo-696x696px.webp\",\"width\":696,\"height\":696,\"caption\":\"Atami\"},\"image\":{\"@id\":\"https:\\\/\\\/atami.com\\\/de#\\\/schema\\\/logo\\\/image\\\/\"},\"sameAs\":[\"https:\\\/\\\/www.facebook.com\\\/Atami.International\",\"https:\\\/\\\/x.com\\\/AtamiEU\",\"https:\\\/\\\/www.youtube.com\\\/c\\\/AtamiInternational\",\"https:\\\/\\\/www.instagram.com\\\/atami.international\\\/\"],\"description\":\"ATAMI is a premium plant nutrition & substrate brand founded in 1997 with the mission to make exceptional cultivation achievable for everyone. From legacy to license, we offer a wide variety of innovating award-winning products to let cultivators achieve maximum results in taste & yield.\",\"email\":\"info@mginnovations.es\",\"legalName\":\"Atami\",\"numberOfEmployees\":{\"@type\":\"QuantitativeValue\",\"minValue\":\"11\",\"maxValue\":\"50\"}}]}<\/script>\n<!-- \/ Yoast SEO Premium plugin. -->","yoast_head_json":{"title":"Cocos Slabs f\u00fcr optimales Wachstum \u2013 Hochwertige Anbaubasis","description":"Entdecken Sie die Cocos Slabs von Atami f\u00fcr eine gesunde Pflanzenentwicklung. Diese speziell entwickelten Substrate bieten ideale Bedingungen f\u00fcr Wurzelwachstum und verbessern die N\u00e4hrstoffaufnahme Ihrer Pflanzen.","robots":{"index":"index","follow":"follow","max-snippet":"max-snippet:-1","max-image-preview":"max-image-preview:large","max-video-preview":"max-video-preview:-1"},"canonical":"https:\/\/atami.com\/de\/produkt\/cocos-slabs","og_locale":"de_DE","og_type":"article","og_title":"Cocos Slabs","og_description":"Entdecken Sie die Cocos Slabs von Atami f\u00fcr eine gesunde Pflanzenentwicklung. Diese speziell entwickelten Substrate bieten ideale Bedingungen f\u00fcr Wurzelwachstum und verbessern die N\u00e4hrstoffaufnahme Ihrer Pflanzen.","og_url":"https:\/\/atami.com\/de\/produkt\/cocos-slabs","og_site_name":"Atami","article_publisher":"https:\/\/www.facebook.com\/Atami.International","article_modified_time":"2026-03-03T13:29:47+00:00","og_image":[{"width":1080,"height":1080,"url":"https:\/\/atami.com\/wp-content\/uploads\/2023\/02\/Cocos-Slabs-Main-Images.webp","type":"image\/webp"}],"twitter_card":"summary_large_image","twitter_site":"@AtamiEU","twitter_misc":{"Gesch\u00e4tzte Lesezeit":"1\u00a0Minute"},"schema":{"@context":"https:\/\/schema.org","@graph":[{"@type":"WebPage","@id":"https:\/\/atami.com\/de\/produkt\/cocos-slabs","url":"https:\/\/atami.com\/de\/produkt\/cocos-slabs","name":"Cocos Slabs f\u00fcr optimales Wachstum \u2013 Hochwertige Anbaubasis","isPartOf":{"@id":"https:\/\/atami.com\/de#website"},"primaryImageOfPage":{"@id":"https:\/\/atami.com\/de\/produkt\/cocos-slabs#primaryimage"},"image":{"@id":"https:\/\/atami.com\/de\/produkt\/cocos-slabs#primaryimage"},"thumbnailUrl":"https:\/\/atami.com\/wp-content\/uploads\/2023\/02\/Cocos-Slabs-Main-Images.webp","datePublished":"2023-02-14T13:00:24+00:00","dateModified":"2026-03-03T13:29:47+00:00","description":"Entdecken Sie die Cocos Slabs von Atami f\u00fcr eine gesunde Pflanzenentwicklung. Diese speziell entwickelten Substrate bieten ideale Bedingungen f\u00fcr Wurzelwachstum und verbessern die N\u00e4hrstoffaufnahme Ihrer Pflanzen.","breadcrumb":{"@id":"https:\/\/atami.com\/de\/produkt\/cocos-slabs#breadcrumb"},"inLanguage":"de","potentialAction":[{"@type":"ReadAction","target":["https:\/\/atami.com\/de\/produkt\/cocos-slabs"]}]},{"@type":"ImageObject","inLanguage":"de","@id":"https:\/\/atami.com\/de\/produkt\/cocos-slabs#primaryimage","url":"https:\/\/atami.com\/wp-content\/uploads\/2023\/02\/Cocos-Slabs-Main-Images.webp","contentUrl":"https:\/\/atami.com\/wp-content\/uploads\/2023\/02\/Cocos-Slabs-Main-Images.webp","width":1080,"height":1080,"caption":"Kokosplatten bieten ein gut strukturiertes Medium, das Wasser und N\u00e4hrstoffe zur\u00fcckh\u00e4lt und so eine gesunde Wurzelentwicklung f\u00f6rdert."},{"@type":"BreadcrumbList","@id":"https:\/\/atami.com\/de\/produkt\/cocos-slabs#breadcrumb","itemListElement":[{"@type":"ListItem","position":1,"name":"Home","item":"https:\/\/atami.com\/de"},{"@type":"ListItem","position":2,"name":"Produkte","item":"https:\/\/atami.com\/de\/shop"},{"@type":"ListItem","position":3,"name":"Marken","item":"https:\/\/atami.com\/de\/produkt-kategorie\/marken"},{"@type":"ListItem","position":4,"name":"Atami substrate","item":"https:\/\/atami.com\/de\/produkt-kategorie\/marken\/atami-substrate"},{"@type":"ListItem","position":5,"name":"Cocos Slabs"}]},{"@type":"WebSite","@id":"https:\/\/atami.com\/de#website","url":"https:\/\/atami.com\/de","name":"Atami","description":"NATURALLY INNOVATING!","publisher":{"@id":"https:\/\/atami.com\/de#organization"},"potentialAction":[{"@type":"SearchAction","target":{"@type":"EntryPoint","urlTemplate":"https:\/\/atami.com\/de?s={search_term_string}"},"query-input":{"@type":"PropertyValueSpecification","valueRequired":true,"valueName":"search_term_string"}}],"inLanguage":"de"},{"@type":"Organization","@id":"https:\/\/atami.com\/de#organization","name":"Atami","url":"https:\/\/atami.com\/de","logo":{"@type":"ImageObject","inLanguage":"de","@id":"https:\/\/atami.com\/de#\/schema\/logo\/image\/","url":"https:\/\/atami.com\/wp-content\/uploads\/2026\/01\/Atami-logo-696x696px.webp","contentUrl":"https:\/\/atami.com\/wp-content\/uploads\/2026\/01\/Atami-logo-696x696px.webp","width":696,"height":696,"caption":"Atami"},"image":{"@id":"https:\/\/atami.com\/de#\/schema\/logo\/image\/"},"sameAs":["https:\/\/www.facebook.com\/Atami.International","https:\/\/x.com\/AtamiEU","https:\/\/www.youtube.com\/c\/AtamiInternational","https:\/\/www.instagram.com\/atami.international\/"],"description":"ATAMI is a premium plant nutrition & substrate brand founded in 1997 with the mission to make exceptional cultivation achievable for everyone. From legacy to license, we offer a wide variety of innovating award-winning products to let cultivators achieve maximum results in taste & yield.","email":"info@mginnovations.es","legalName":"Atami","numberOfEmployees":{"@type":"QuantitativeValue","minValue":"11","maxValue":"50"}}]}},"_links":{"self":[{"href":"https:\/\/atami.com\/de\/wp-json\/wp\/v2\/product\/21924","targetHints":{"allow":["GET"]}}],"collection":[{"href":"https:\/\/atami.com\/de\/wp-json\/wp\/v2\/product"}],"about":[{"href":"https:\/\/atami.com\/de\/wp-json\/wp\/v2\/types\/product"}],"replies":[{"embeddable":true,"href":"https:\/\/atami.com\/de\/wp-json\/wp\/v2\/comments?post=21924"}],"wp:featuredmedia":[{"embeddable":true,"href":"https:\/\/atami.com\/de\/wp-json\/wp\/v2\/media\/27096"}],"wp:attachment":[{"href":"https:\/\/atami.com\/de\/wp-json\/wp\/v2\/media?parent=21924"}],"wp:term":[{"taxonomy":"product_brand","embeddable":true,"href":"https:\/\/atami.com\/de\/wp-json\/wp\/v2\/product_brand?post=21924"},{"taxonomy":"product_cat","embeddable":true,"href":"https:\/\/atami.com\/de\/wp-json\/wp\/v2\/product_cat?post=21924"},{"taxonomy":"product_tag","embeddable":true,"href":"https:\/\/atami.com\/de\/wp-json\/wp\/v2\/product_tag?post=21924"}],"curies":[{"name":"wp","href":"https:\/\/api.w.org\/{rel}","templated":true}]}}