{"id":21923,"date":"2023-02-14T12:02:27","date_gmt":"2023-02-14T12:02:27","guid":{"rendered":"https:\/\/atami.com\/product\/worm-delight\/"},"modified":"2026-03-03T15:28:06","modified_gmt":"2026-03-03T13:28:06","slug":"worm-delight","status":"publish","type":"product","link":"https:\/\/atami.com\/de\/produkt\/worm-delight","title":{"rendered":"Worm Delight"},"content":{"rendered":"<p>Eines der wichtigsten D\u00fcngemittel f\u00fcr die Zucht ist Worm Delight. Es sorgt f\u00fcr gutes und schnelles Wachstum der Pflanze und erh\u00f6ht au\u00dferordentlich die Ernte (sehr wichtig w\u00e4hrend der Bl\u00fchperiode). Da Worm Delight ein sehr gutes D\u00fcngemittel ist, wovon wir als Z\u00fcchter eigentlich nie genug zur Erdmischung hinzuf\u00fcgen k\u00f6nnen, und weil Pflanzen da so verr\u00fcckt nach sind, k\u00f6nnen wir dies reichlich der Erde beimischen.<\/p>\n<p>&nbsp;<\/p>\n<p>Worm Delight enth\u00e4lt neben Kalium sehr wertvolle Stoffe wie Stickstoff und Phosphor, die zu einem au\u00dfergew\u00f6hnlichen Wachstum (Stickstoff) und zur Bl\u00fctenproduktion (Phosphor) beitragen werden. Wussten Sie, dass Worm Delight so ein gutes, fruchtbares D\u00fcngemittel ist, dass man Pflanzen sozusagen darauf wachsen lassen k\u00f6nnte? Das kommt durch das gleiche Verh\u00e4ltnis der wichtigsten D\u00fcngemittel im Worm Delight. Dies hat z.B. den Vorteil, dass man das Substrat, auf dem man z\u00fcchtet, nicht so leicht \u00fcberd\u00fcngen kann!<\/p>\n<p>&nbsp;<\/p>\n<p>Worm Delight tr\u00e4gt dar\u00fcber hinaus zu einem optimalen Bodenleben bei, da er lebenden Schimmel und Bakterien enth\u00e4lt. Auf diese Weise sorgt er f\u00fcr eine h\u00f6here Wachstumsrate der Pflanze. Au\u00dferdem h\u00e4lt Worm Delight das Substrat locker, wodurch die Aufnahme von gen\u00fcgend Sauerstoff erhalten bleibt. Und Worm Delight ist sehr wirtschaftlich im Verbrauch, was wiederum das Portemonnaie erfreut!<\/p>\n<p>&nbsp;<\/p>\n<p><strong>Verf\u00fcgbar als 20 L<\/strong><\/p>\n","protected":false},"excerpt":{"rendered":"<p>Bodenverbesserer, reich an Mikroorganismen und Hauptn\u00e4hrstoffen<\/p>\n","protected":false},"featured_media":25406,"comment_status":"closed","ping_status":"closed","template":"","meta":{"_acf_changed":false,"iawp_total_views":133},"product_brand":[],"product_cat":[196],"product_tag":[],"class_list":{"0":"post-21923","1":"product","2":"type-product","3":"status-publish","4":"has-post-thumbnail","6":"product_cat-atami-substrate","8":"first","9":"instock","10":"shipping-taxable","11":"product-type-simple"},"acf":{"short_description":"<p>Eines der wichtigsten D\u00fcngemittel f\u00fcr die Zucht ist Worm Delight. Es sorgt f\u00fcr gutes und schnelles Wachstum der Pflanze und erh\u00f6ht au\u00dferordentlich die Ernte (sehr wichtig w\u00e4hrend der Bl\u00fchperiode). Da Worm Delight ein sehr gutes D\u00fcngemittel ist, wovon wir als Z\u00fcchter eigentlich nie genug zur Erdmischung hinzuf\u00fcgen k\u00f6nnen, und weil Pflanzen da so verr\u00fcckt nach sind, k\u00f6nnen wir dies reichlich der Erde beimischen.<\/p>\r\n<p>Worm Delight enth\u00e4lt neben Kalium sehr wertvolle Stoffe wie Stickstoff und Phosphor, die zu einem au\u00dfergew\u00f6hnlichen Wachstum (Stickstoff) und zur Bl\u00fctenproduktion (Phosphor) beitragen werden. Wussten Sie, dass Worm Delight so ein gutes, fruchtbares D\u00fcngemittel ist, dass man Pflanzen sozusagen darauf wachsen lassen k\u00f6nnte? Das kommt durch das gleiche Verh\u00e4ltnis der wichtigsten D\u00fcngemittel im Worm Delight. Dies hat z.B. den Vorteil, dass man das Substrat, auf dem man z\u00fcchtet, nicht so leicht \u00fcberd\u00fcngen kann!<\/p>\r\n<p>Worm Delight tr\u00e4gt dar\u00fcber hinaus zu einem optimalen Bodenleben bei, da er lebenden Schimmel und Bakterien enth\u00e4lt. Auf diese Weise sorgt er f\u00fcr eine h\u00f6here Wachstumsrate der Pflanze. Au\u00dferdem h\u00e4lt Worm Delight das Substrat locker, wodurch die Aufnahme von gen\u00fcgend Sauerstoff erhalten bleibt. Und Worm Delight ist sehr wirtschaftlich im Verbrauch, was wiederum das Portemonnaie erfreut!<\/p>","suitable_for":"","application":"","dosage":"","npk_ratio":"","available_in":"<p>20L<\/p>","icon_1":"","icon_1_text":"","icon_2":195196,"icon_2_text":"","icon_3":"","icon_3_text":"","icon_4":"","icon_4_text":"","video":"https:\/\/youtu.be\/3Yh5UeL8kk0","second_image":25421,"product_image_page":"","user_manual":"","new_icon_1":"","new_icon_2":"","new_icon_3":"","new_icon_4":"","grow_guides":"","category":"Substrat"},"yoast_head":"<!-- This site is optimized with the Yoast SEO Premium plugin v27.4 (Yoast SEO v27.4) - https:\/\/yoast.com\/product\/yoast-seo-premium-wordpress\/ -->\n<title>Worm Delight von Atami \u2013 Hochwertiger Wurmhumus f\u00fcr gesunde Pflanzen<\/title>\n<meta name=\"description\" content=\"Entdecke Worm Delight von Atami, den nat\u00fcrlichen Wurmhumus f\u00fcr gesunde und kr\u00e4ftige Pflanzen. Mit wertvollen N\u00e4hrstoffen f\u00f6rdert Worm Delight das Wachstum und die Bl\u00fcte deiner Pflanzen. Perfekt f\u00fcr biologischen Anbau.\" \/>\n<meta name=\"robots\" content=\"index, follow, max-snippet:-1, max-image-preview:large, max-video-preview:-1\" \/>\n<link rel=\"canonical\" href=\"https:\/\/atami.com\/de\/produkt\/worm-delight\" \/>\n<meta property=\"og:locale\" content=\"de_DE\" \/>\n<meta property=\"og:type\" content=\"article\" \/>\n<meta property=\"og:title\" content=\"Worm Delight\" \/>\n<meta property=\"og:description\" content=\"Entdecke Worm Delight von Atami, den nat\u00fcrlichen Wurmhumus f\u00fcr gesunde und kr\u00e4ftige Pflanzen. Mit wertvollen N\u00e4hrstoffen f\u00f6rdert Worm Delight das Wachstum und die Bl\u00fcte deiner Pflanzen. Perfekt f\u00fcr biologischen Anbau.\" \/>\n<meta property=\"og:url\" content=\"https:\/\/atami.com\/de\/produkt\/worm-delight\" \/>\n<meta property=\"og:site_name\" content=\"Atami\" \/>\n<meta property=\"article:publisher\" content=\"https:\/\/www.facebook.com\/Atami.International\" \/>\n<meta property=\"article:modified_time\" content=\"2026-03-03T13:28:06+00:00\" \/>\n<meta property=\"og:image\" content=\"https:\/\/atami.com\/wp-content\/uploads\/2023\/02\/Worm-Delight-Main-Image.webp\" \/>\n\t<meta property=\"og:image:width\" content=\"1080\" \/>\n\t<meta property=\"og:image:height\" content=\"1080\" \/>\n\t<meta property=\"og:image:type\" content=\"image\/webp\" \/>\n<meta name=\"twitter:card\" content=\"summary_large_image\" \/>\n<meta name=\"twitter:site\" content=\"@AtamiEU\" \/>\n<meta name=\"twitter:label1\" content=\"Gesch\u00e4tzte Lesezeit\" \/>\n\t<meta name=\"twitter:data1\" content=\"2\u00a0Minuten\" \/>\n<script type=\"application\/ld+json\" class=\"yoast-schema-graph\">{\"@context\":\"https:\\\/\\\/schema.org\",\"@graph\":[{\"@type\":\"WebPage\",\"@id\":\"https:\\\/\\\/atami.com\\\/de\\\/produkt\\\/worm-delight\",\"url\":\"https:\\\/\\\/atami.com\\\/de\\\/produkt\\\/worm-delight\",\"name\":\"Worm Delight von Atami \u2013 Hochwertiger Wurmhumus f\u00fcr gesunde Pflanzen\",\"isPartOf\":{\"@id\":\"https:\\\/\\\/atami.com\\\/de#website\"},\"primaryImageOfPage\":{\"@id\":\"https:\\\/\\\/atami.com\\\/de\\\/produkt\\\/worm-delight#primaryimage\"},\"image\":{\"@id\":\"https:\\\/\\\/atami.com\\\/de\\\/produkt\\\/worm-delight#primaryimage\"},\"thumbnailUrl\":\"https:\\\/\\\/atami.com\\\/wp-content\\\/uploads\\\/2023\\\/02\\\/Worm-Delight-Main-Image.webp\",\"datePublished\":\"2023-02-14T12:02:27+00:00\",\"dateModified\":\"2026-03-03T13:28:06+00:00\",\"description\":\"Entdecke Worm Delight von Atami, den nat\u00fcrlichen Wurmhumus f\u00fcr gesunde und kr\u00e4ftige Pflanzen. Mit wertvollen N\u00e4hrstoffen f\u00f6rdert Worm Delight das Wachstum und die Bl\u00fcte deiner Pflanzen. Perfekt f\u00fcr biologischen Anbau.\",\"breadcrumb\":{\"@id\":\"https:\\\/\\\/atami.com\\\/de\\\/produkt\\\/worm-delight#breadcrumb\"},\"inLanguage\":\"de\",\"potentialAction\":[{\"@type\":\"ReadAction\",\"target\":[\"https:\\\/\\\/atami.com\\\/de\\\/produkt\\\/worm-delight\"]}]},{\"@type\":\"ImageObject\",\"inLanguage\":\"de\",\"@id\":\"https:\\\/\\\/atami.com\\\/de\\\/produkt\\\/worm-delight#primaryimage\",\"url\":\"https:\\\/\\\/atami.com\\\/wp-content\\\/uploads\\\/2023\\\/02\\\/Worm-Delight-Main-Image.webp\",\"contentUrl\":\"https:\\\/\\\/atami.com\\\/wp-content\\\/uploads\\\/2023\\\/02\\\/Worm-Delight-Main-Image.webp\",\"width\":1080,\"height\":1080,\"caption\":\"Worm Delight reichert Ihren Boden mit essentiellen N\u00e4hrstoffen und n\u00fctzlichen Mikroorganismen an und f\u00f6rdert so eine gesunde Pflanzenentwicklung.\"},{\"@type\":\"BreadcrumbList\",\"@id\":\"https:\\\/\\\/atami.com\\\/de\\\/produkt\\\/worm-delight#breadcrumb\",\"itemListElement\":[{\"@type\":\"ListItem\",\"position\":1,\"name\":\"Home\",\"item\":\"https:\\\/\\\/atami.com\\\/de\"},{\"@type\":\"ListItem\",\"position\":2,\"name\":\"Produkte\",\"item\":\"https:\\\/\\\/atami.com\\\/de\\\/shop\"},{\"@type\":\"ListItem\",\"position\":3,\"name\":\"Marken\",\"item\":\"https:\\\/\\\/atami.com\\\/de\\\/produkt-kategorie\\\/marken\"},{\"@type\":\"ListItem\",\"position\":4,\"name\":\"Atami substrate\",\"item\":\"https:\\\/\\\/atami.com\\\/de\\\/produkt-kategorie\\\/marken\\\/atami-substrate\"},{\"@type\":\"ListItem\",\"position\":5,\"name\":\"Worm Delight\"}]},{\"@type\":\"WebSite\",\"@id\":\"https:\\\/\\\/atami.com\\\/de#website\",\"url\":\"https:\\\/\\\/atami.com\\\/de\",\"name\":\"Atami\",\"description\":\"NATURALLY INNOVATING!\",\"publisher\":{\"@id\":\"https:\\\/\\\/atami.com\\\/de#organization\"},\"potentialAction\":[{\"@type\":\"SearchAction\",\"target\":{\"@type\":\"EntryPoint\",\"urlTemplate\":\"https:\\\/\\\/atami.com\\\/de?s={search_term_string}\"},\"query-input\":{\"@type\":\"PropertyValueSpecification\",\"valueRequired\":true,\"valueName\":\"search_term_string\"}}],\"inLanguage\":\"de\"},{\"@type\":\"Organization\",\"@id\":\"https:\\\/\\\/atami.com\\\/de#organization\",\"name\":\"Atami\",\"url\":\"https:\\\/\\\/atami.com\\\/de\",\"logo\":{\"@type\":\"ImageObject\",\"inLanguage\":\"de\",\"@id\":\"https:\\\/\\\/atami.com\\\/de#\\\/schema\\\/logo\\\/image\\\/\",\"url\":\"https:\\\/\\\/atami.com\\\/wp-content\\\/uploads\\\/2026\\\/01\\\/Atami-logo-696x696px.webp\",\"contentUrl\":\"https:\\\/\\\/atami.com\\\/wp-content\\\/uploads\\\/2026\\\/01\\\/Atami-logo-696x696px.webp\",\"width\":696,\"height\":696,\"caption\":\"Atami\"},\"image\":{\"@id\":\"https:\\\/\\\/atami.com\\\/de#\\\/schema\\\/logo\\\/image\\\/\"},\"sameAs\":[\"https:\\\/\\\/www.facebook.com\\\/Atami.International\",\"https:\\\/\\\/x.com\\\/AtamiEU\",\"https:\\\/\\\/www.youtube.com\\\/c\\\/AtamiInternational\",\"https:\\\/\\\/www.instagram.com\\\/atami.international\\\/\"],\"description\":\"ATAMI is a premium plant nutrition & substrate brand founded in 1997 with the mission to make exceptional cultivation achievable for everyone. From legacy to license, we offer a wide variety of innovating award-winning products to let cultivators achieve maximum results in taste & yield.\",\"email\":\"info@mginnovations.es\",\"legalName\":\"Atami\",\"numberOfEmployees\":{\"@type\":\"QuantitativeValue\",\"minValue\":\"11\",\"maxValue\":\"50\"}}]}<\/script>\n<!-- \/ Yoast SEO Premium plugin. -->","yoast_head_json":{"title":"Worm Delight von Atami \u2013 Hochwertiger Wurmhumus f\u00fcr gesunde Pflanzen","description":"Entdecke Worm Delight von Atami, den nat\u00fcrlichen Wurmhumus f\u00fcr gesunde und kr\u00e4ftige Pflanzen. Mit wertvollen N\u00e4hrstoffen f\u00f6rdert Worm Delight das Wachstum und die Bl\u00fcte deiner Pflanzen. Perfekt f\u00fcr biologischen Anbau.","robots":{"index":"index","follow":"follow","max-snippet":"max-snippet:-1","max-image-preview":"max-image-preview:large","max-video-preview":"max-video-preview:-1"},"canonical":"https:\/\/atami.com\/de\/produkt\/worm-delight","og_locale":"de_DE","og_type":"article","og_title":"Worm Delight","og_description":"Entdecke Worm Delight von Atami, den nat\u00fcrlichen Wurmhumus f\u00fcr gesunde und kr\u00e4ftige Pflanzen. Mit wertvollen N\u00e4hrstoffen f\u00f6rdert Worm Delight das Wachstum und die Bl\u00fcte deiner Pflanzen. Perfekt f\u00fcr biologischen Anbau.","og_url":"https:\/\/atami.com\/de\/produkt\/worm-delight","og_site_name":"Atami","article_publisher":"https:\/\/www.facebook.com\/Atami.International","article_modified_time":"2026-03-03T13:28:06+00:00","og_image":[{"width":1080,"height":1080,"url":"https:\/\/atami.com\/wp-content\/uploads\/2023\/02\/Worm-Delight-Main-Image.webp","type":"image\/webp"}],"twitter_card":"summary_large_image","twitter_site":"@AtamiEU","twitter_misc":{"Gesch\u00e4tzte Lesezeit":"2\u00a0Minuten"},"schema":{"@context":"https:\/\/schema.org","@graph":[{"@type":"WebPage","@id":"https:\/\/atami.com\/de\/produkt\/worm-delight","url":"https:\/\/atami.com\/de\/produkt\/worm-delight","name":"Worm Delight von Atami \u2013 Hochwertiger Wurmhumus f\u00fcr gesunde Pflanzen","isPartOf":{"@id":"https:\/\/atami.com\/de#website"},"primaryImageOfPage":{"@id":"https:\/\/atami.com\/de\/produkt\/worm-delight#primaryimage"},"image":{"@id":"https:\/\/atami.com\/de\/produkt\/worm-delight#primaryimage"},"thumbnailUrl":"https:\/\/atami.com\/wp-content\/uploads\/2023\/02\/Worm-Delight-Main-Image.webp","datePublished":"2023-02-14T12:02:27+00:00","dateModified":"2026-03-03T13:28:06+00:00","description":"Entdecke Worm Delight von Atami, den nat\u00fcrlichen Wurmhumus f\u00fcr gesunde und kr\u00e4ftige Pflanzen. Mit wertvollen N\u00e4hrstoffen f\u00f6rdert Worm Delight das Wachstum und die Bl\u00fcte deiner Pflanzen. Perfekt f\u00fcr biologischen Anbau.","breadcrumb":{"@id":"https:\/\/atami.com\/de\/produkt\/worm-delight#breadcrumb"},"inLanguage":"de","potentialAction":[{"@type":"ReadAction","target":["https:\/\/atami.com\/de\/produkt\/worm-delight"]}]},{"@type":"ImageObject","inLanguage":"de","@id":"https:\/\/atami.com\/de\/produkt\/worm-delight#primaryimage","url":"https:\/\/atami.com\/wp-content\/uploads\/2023\/02\/Worm-Delight-Main-Image.webp","contentUrl":"https:\/\/atami.com\/wp-content\/uploads\/2023\/02\/Worm-Delight-Main-Image.webp","width":1080,"height":1080,"caption":"Worm Delight reichert Ihren Boden mit essentiellen N\u00e4hrstoffen und n\u00fctzlichen Mikroorganismen an und f\u00f6rdert so eine gesunde Pflanzenentwicklung."},{"@type":"BreadcrumbList","@id":"https:\/\/atami.com\/de\/produkt\/worm-delight#breadcrumb","itemListElement":[{"@type":"ListItem","position":1,"name":"Home","item":"https:\/\/atami.com\/de"},{"@type":"ListItem","position":2,"name":"Produkte","item":"https:\/\/atami.com\/de\/shop"},{"@type":"ListItem","position":3,"name":"Marken","item":"https:\/\/atami.com\/de\/produkt-kategorie\/marken"},{"@type":"ListItem","position":4,"name":"Atami substrate","item":"https:\/\/atami.com\/de\/produkt-kategorie\/marken\/atami-substrate"},{"@type":"ListItem","position":5,"name":"Worm Delight"}]},{"@type":"WebSite","@id":"https:\/\/atami.com\/de#website","url":"https:\/\/atami.com\/de","name":"Atami","description":"NATURALLY INNOVATING!","publisher":{"@id":"https:\/\/atami.com\/de#organization"},"potentialAction":[{"@type":"SearchAction","target":{"@type":"EntryPoint","urlTemplate":"https:\/\/atami.com\/de?s={search_term_string}"},"query-input":{"@type":"PropertyValueSpecification","valueRequired":true,"valueName":"search_term_string"}}],"inLanguage":"de"},{"@type":"Organization","@id":"https:\/\/atami.com\/de#organization","name":"Atami","url":"https:\/\/atami.com\/de","logo":{"@type":"ImageObject","inLanguage":"de","@id":"https:\/\/atami.com\/de#\/schema\/logo\/image\/","url":"https:\/\/atami.com\/wp-content\/uploads\/2026\/01\/Atami-logo-696x696px.webp","contentUrl":"https:\/\/atami.com\/wp-content\/uploads\/2026\/01\/Atami-logo-696x696px.webp","width":696,"height":696,"caption":"Atami"},"image":{"@id":"https:\/\/atami.com\/de#\/schema\/logo\/image\/"},"sameAs":["https:\/\/www.facebook.com\/Atami.International","https:\/\/x.com\/AtamiEU","https:\/\/www.youtube.com\/c\/AtamiInternational","https:\/\/www.instagram.com\/atami.international\/"],"description":"ATAMI is a premium plant nutrition & substrate brand founded in 1997 with the mission to make exceptional cultivation achievable for everyone. From legacy to license, we offer a wide variety of innovating award-winning products to let cultivators achieve maximum results in taste & yield.","email":"info@mginnovations.es","legalName":"Atami","numberOfEmployees":{"@type":"QuantitativeValue","minValue":"11","maxValue":"50"}}]}},"_links":{"self":[{"href":"https:\/\/atami.com\/de\/wp-json\/wp\/v2\/product\/21923","targetHints":{"allow":["GET"]}}],"collection":[{"href":"https:\/\/atami.com\/de\/wp-json\/wp\/v2\/product"}],"about":[{"href":"https:\/\/atami.com\/de\/wp-json\/wp\/v2\/types\/product"}],"replies":[{"embeddable":true,"href":"https:\/\/atami.com\/de\/wp-json\/wp\/v2\/comments?post=21923"}],"wp:featuredmedia":[{"embeddable":true,"href":"https:\/\/atami.com\/de\/wp-json\/wp\/v2\/media\/25406"}],"wp:attachment":[{"href":"https:\/\/atami.com\/de\/wp-json\/wp\/v2\/media?parent=21923"}],"wp:term":[{"taxonomy":"product_brand","embeddable":true,"href":"https:\/\/atami.com\/de\/wp-json\/wp\/v2\/product_brand?post=21923"},{"taxonomy":"product_cat","embeddable":true,"href":"https:\/\/atami.com\/de\/wp-json\/wp\/v2\/product_cat?post=21923"},{"taxonomy":"product_tag","embeddable":true,"href":"https:\/\/atami.com\/de\/wp-json\/wp\/v2\/product_tag?post=21923"}],"curies":[{"name":"wp","href":"https:\/\/api.w.org\/{rel}","templated":true}]}}