{"id":21922,"date":"2023-02-14T10:56:27","date_gmt":"2023-02-14T10:56:27","guid":{"rendered":"https:\/\/atami.com\/product\/hydro-rokz\/"},"modified":"2026-03-03T15:29:30","modified_gmt":"2026-03-03T13:29:30","slug":"hydro-rokz","status":"publish","type":"product","link":"https:\/\/atami.com\/de\/produkt\/hydro-rokz","title":{"rendered":"Hydro Rokz"},"content":{"rendered":"<p>Atami Hydro Rokz werden aus reinem und salzfreiem Ton hergestellt. Du enth\u00e4lst eine sehr niedrige Konzentration von Elementen. Die Qualit\u00e4t von Hydrok\u00f6rnern wird gr\u00f6\u00dftenteils vom pH-Wert bestimmt. Ebenfalls wichtig ist die Konzentration von Natrium und Mangan.<\/p>\n<p>&nbsp;<\/p>\n<p>Atami Hydro Rokz werden f\u00fcr diverse Z\u00fcchtungsmethoden verwendet, manchmal platziert man sie unten im Blumentopf bei der Z\u00fcchtung mit einem Substrat wie z.B. Erde. Die Hydrok\u00f6rner werden dann als zus\u00e4tzliche Dr\u00e4nage benutzt, sodass die Entw\u00e4sserung und die Sauerstoffzufuhr von unten besser sind. Manchmal werden Hydrok\u00f6rner aber auch mit dem Substrat vermengt, damit das Z\u00fcchtungsmedium lockerer wird. Die Wurzeln k\u00f6nnen sich dann besser verzweigen.<\/p>\n<p>&nbsp;<\/p>\n<p>Eine dritte, oft verwendete Methode ist, die Pflanzen direkt auf Hydrok\u00f6rnern zu z\u00fcchten. Dies geschieht oft in Kombination mit einer Sauerstoffpumpe. Auf diese Weise stehen die Wurzeln unten im Topf mit den untergemischten, fl\u00fcssigen D\u00fcngemitteln st\u00e4ndig unter Wasser und versorgt die Sauerstoffpumpe die Wurzeln mit gen\u00fcgend Sauerstoff. Diese Z\u00fcchtungsmethode ist sehr erfolgreich.<\/p>\n<p>&nbsp;<\/p>\n<p><strong>EC: 0,4<\/strong><\/p>\n<p>&nbsp;<\/p>\n<p><strong>Verf\u00fcgbar als 40 L<\/strong><\/p>\n","protected":false},"excerpt":{"rendered":"<p>Landwirtschaftlicher Bl\u00e4hton<\/p>\n","protected":false},"featured_media":25376,"comment_status":"closed","ping_status":"closed","template":"","meta":{"_acf_changed":false,"iawp_total_views":121},"product_brand":[],"product_cat":[196],"product_tag":[],"class_list":{"0":"post-21922","1":"product","2":"type-product","3":"status-publish","4":"has-post-thumbnail","6":"product_cat-atami-substrate","8":"first","9":"instock","10":"shipping-taxable","11":"product-type-simple"},"acf":{"short_description":"<p>Atami Hydro Rokz werden aus reinem und salzfreiem Ton hergestellt. Du enth\u00e4lst eine sehr niedrige Konzentration von Elementen. Die Qualit\u00e4t von Hydrok\u00f6rnern wird gr\u00f6\u00dftenteils vom pH-Wert bestimmt. Ebenfalls wichtig ist die Konzentration von Natrium und Mangan.<\/p>\r\n<p>Atami Hydro Rokz werden f\u00fcr diverse Z\u00fcchtungsmethoden verwendet, manchmal platziert man sie unten im Blumentopf bei der Z\u00fcchtung mit einem Substrat wie z.B. Erde. Die Hydrok\u00f6rner werden dann als zus\u00e4tzliche Dr\u00e4nage benutzt, sodass die Entw\u00e4sserung und die Sauerstoffzufuhr von unten besser sind. Manchmal werden Hydrok\u00f6rner aber auch mit dem Substrat vermengt, damit das Z\u00fcchtungsmedium lockerer wird. Die Wurzeln k\u00f6nnen sich dann besser verzweigen.<\/p>\r\n<p>Eine dritte, oft verwendete Methode ist, die Pflanzen direkt auf Hydrok\u00f6rnern zu z\u00fcchten. Dies geschieht oft in Kombination mit einer Sauerstoffpumpe. Auf diese Weise stehen die Wurzeln unten im Topf mit den untergemischten, fl\u00fcssigen D\u00fcngemitteln st\u00e4ndig unter Wasser und versorgt die Sauerstoffpumpe die Wurzeln mit gen\u00fcgend Sauerstoff. Diese Z\u00fcchtungsmethode ist sehr erfolgreich.<\/p>\r\n<p><strong>EC: 0,4<\/strong><\/p>","suitable_for":"","application":"","dosage":"","npk_ratio":"","available_in":"<p>40L<\/p>","icon_1":"","icon_1_text":"","icon_2":195136,"icon_2_text":"","icon_3":"","icon_3_text":"","icon_4":"","icon_4_text":"","video":"https:\/\/youtu.be\/PkfLMNX8j4U","second_image":25391,"product_image_page":"","user_manual":"","new_icon_1":"","new_icon_2":"","new_icon_3":"","new_icon_4":"","grow_guides":"","category":"Substrat"},"yoast_head":"<!-- This site is optimized with the Yoast SEO Premium plugin v27.5 (Yoast SEO v27.5) - https:\/\/yoast.com\/product\/yoast-seo-premium-wordpress\/ -->\n<title>Hydro Rokz - Das ideale Substrat f\u00fcr robustes Pflanzenwachstum<\/title>\n<meta name=\"description\" content=\"Entdecken Sie Hydro Rokz von Atami f\u00fcr Ihre Pflanzen! Dieses hochwertige Substrat bietet eine exzellente Drainage und f\u00f6rdert das Wachstum Ihrer Pflanzen. Ideal f\u00fcr Hydrokultur und gesunde Wurzeln.\" \/>\n<meta name=\"robots\" content=\"index, follow, max-snippet:-1, max-image-preview:large, max-video-preview:-1\" \/>\n<link rel=\"canonical\" href=\"https:\/\/atami.com\/de\/produkt\/hydro-rokz\" \/>\n<meta property=\"og:locale\" content=\"de_DE\" \/>\n<meta property=\"og:type\" content=\"article\" \/>\n<meta property=\"og:title\" content=\"Hydro Rokz\" \/>\n<meta property=\"og:description\" content=\"Entdecken Sie Hydro Rokz von Atami f\u00fcr Ihre Pflanzen! Dieses hochwertige Substrat bietet eine exzellente Drainage und f\u00f6rdert das Wachstum Ihrer Pflanzen. Ideal f\u00fcr Hydrokultur und gesunde Wurzeln.\" \/>\n<meta property=\"og:url\" content=\"https:\/\/atami.com\/de\/produkt\/hydro-rokz\" \/>\n<meta property=\"og:site_name\" content=\"Atami\" \/>\n<meta property=\"article:publisher\" content=\"https:\/\/www.facebook.com\/Atami.International\" \/>\n<meta property=\"article:modified_time\" content=\"2026-03-03T13:29:30+00:00\" \/>\n<meta property=\"og:image\" content=\"https:\/\/atami.com\/wp-content\/uploads\/2023\/02\/Hydro-Rokz-Main-Image.webp\" \/>\n\t<meta property=\"og:image:width\" content=\"1080\" \/>\n\t<meta property=\"og:image:height\" content=\"1080\" \/>\n\t<meta property=\"og:image:type\" content=\"image\/webp\" \/>\n<meta name=\"twitter:card\" content=\"summary_large_image\" \/>\n<meta name=\"twitter:site\" content=\"@AtamiEU\" \/>\n<meta name=\"twitter:label1\" content=\"Gesch\u00e4tzte Lesezeit\" \/>\n\t<meta name=\"twitter:data1\" content=\"1\u00a0Minute\" \/>\n<script type=\"application\/ld+json\" class=\"yoast-schema-graph\">{\"@context\":\"https:\\\/\\\/schema.org\",\"@graph\":[{\"@type\":\"WebPage\",\"@id\":\"https:\\\/\\\/atami.com\\\/de\\\/produkt\\\/hydro-rokz\",\"url\":\"https:\\\/\\\/atami.com\\\/de\\\/produkt\\\/hydro-rokz\",\"name\":\"Hydro Rokz - Das ideale Substrat f\u00fcr robustes Pflanzenwachstum\",\"isPartOf\":{\"@id\":\"https:\\\/\\\/atami.com\\\/de#website\"},\"primaryImageOfPage\":{\"@id\":\"https:\\\/\\\/atami.com\\\/de\\\/produkt\\\/hydro-rokz#primaryimage\"},\"image\":{\"@id\":\"https:\\\/\\\/atami.com\\\/de\\\/produkt\\\/hydro-rokz#primaryimage\"},\"thumbnailUrl\":\"https:\\\/\\\/atami.com\\\/wp-content\\\/uploads\\\/2023\\\/02\\\/Hydro-Rokz-Main-Image.webp\",\"datePublished\":\"2023-02-14T10:56:27+00:00\",\"dateModified\":\"2026-03-03T13:29:30+00:00\",\"description\":\"Entdecken Sie Hydro Rokz von Atami f\u00fcr Ihre Pflanzen! Dieses hochwertige Substrat bietet eine exzellente Drainage und f\u00f6rdert das Wachstum Ihrer Pflanzen. Ideal f\u00fcr Hydrokultur und gesunde Wurzeln.\",\"breadcrumb\":{\"@id\":\"https:\\\/\\\/atami.com\\\/de\\\/produkt\\\/hydro-rokz#breadcrumb\"},\"inLanguage\":\"de\",\"potentialAction\":[{\"@type\":\"ReadAction\",\"target\":[\"https:\\\/\\\/atami.com\\\/de\\\/produkt\\\/hydro-rokz\"]}]},{\"@type\":\"ImageObject\",\"inLanguage\":\"de\",\"@id\":\"https:\\\/\\\/atami.com\\\/de\\\/produkt\\\/hydro-rokz#primaryimage\",\"url\":\"https:\\\/\\\/atami.com\\\/wp-content\\\/uploads\\\/2023\\\/02\\\/Hydro-Rokz-Main-Image.webp\",\"contentUrl\":\"https:\\\/\\\/atami.com\\\/wp-content\\\/uploads\\\/2023\\\/02\\\/Hydro-Rokz-Main-Image.webp\",\"width\":1080,\"height\":1080,\"caption\":\"Hydro Rokz sorgt f\u00fcr eine hervorragende Entw\u00e4sserung und Bel\u00fcftung und f\u00f6rdert so eine gesunde Wurzelentwicklung in Hydrokulturanlagen.\"},{\"@type\":\"BreadcrumbList\",\"@id\":\"https:\\\/\\\/atami.com\\\/de\\\/produkt\\\/hydro-rokz#breadcrumb\",\"itemListElement\":[{\"@type\":\"ListItem\",\"position\":1,\"name\":\"Home\",\"item\":\"https:\\\/\\\/atami.com\\\/de\"},{\"@type\":\"ListItem\",\"position\":2,\"name\":\"Produkte\",\"item\":\"https:\\\/\\\/atami.com\\\/de\\\/shop\"},{\"@type\":\"ListItem\",\"position\":3,\"name\":\"Marken\",\"item\":\"https:\\\/\\\/atami.com\\\/de\\\/produkt-kategorie\\\/marken\"},{\"@type\":\"ListItem\",\"position\":4,\"name\":\"Atami substrate\",\"item\":\"https:\\\/\\\/atami.com\\\/de\\\/produkt-kategorie\\\/marken\\\/atami-substrate\"},{\"@type\":\"ListItem\",\"position\":5,\"name\":\"Hydro Rokz\"}]},{\"@type\":\"WebSite\",\"@id\":\"https:\\\/\\\/atami.com\\\/de#website\",\"url\":\"https:\\\/\\\/atami.com\\\/de\",\"name\":\"Atami\",\"description\":\"NATURALLY INNOVATING!\",\"publisher\":{\"@id\":\"https:\\\/\\\/atami.com\\\/de#organization\"},\"potentialAction\":[{\"@type\":\"SearchAction\",\"target\":{\"@type\":\"EntryPoint\",\"urlTemplate\":\"https:\\\/\\\/atami.com\\\/de?s={search_term_string}\"},\"query-input\":{\"@type\":\"PropertyValueSpecification\",\"valueRequired\":true,\"valueName\":\"search_term_string\"}}],\"inLanguage\":\"de\"},{\"@type\":\"Organization\",\"@id\":\"https:\\\/\\\/atami.com\\\/de#organization\",\"name\":\"Atami\",\"url\":\"https:\\\/\\\/atami.com\\\/de\",\"logo\":{\"@type\":\"ImageObject\",\"inLanguage\":\"de\",\"@id\":\"https:\\\/\\\/atami.com\\\/de#\\\/schema\\\/logo\\\/image\\\/\",\"url\":\"https:\\\/\\\/atami.com\\\/wp-content\\\/uploads\\\/2026\\\/01\\\/Atami-logo-696x696px.webp\",\"contentUrl\":\"https:\\\/\\\/atami.com\\\/wp-content\\\/uploads\\\/2026\\\/01\\\/Atami-logo-696x696px.webp\",\"width\":696,\"height\":696,\"caption\":\"Atami\"},\"image\":{\"@id\":\"https:\\\/\\\/atami.com\\\/de#\\\/schema\\\/logo\\\/image\\\/\"},\"sameAs\":[\"https:\\\/\\\/www.facebook.com\\\/Atami.International\",\"https:\\\/\\\/x.com\\\/AtamiEU\",\"https:\\\/\\\/www.youtube.com\\\/c\\\/AtamiInternational\",\"https:\\\/\\\/www.instagram.com\\\/atami.international\\\/\"],\"description\":\"ATAMI is a premium plant nutrition & substrate brand founded in 1997 with the mission to make exceptional cultivation achievable for everyone. From legacy to license, we offer a wide variety of innovating award-winning products to let cultivators achieve maximum results in taste & yield.\",\"email\":\"info@mginnovations.es\",\"legalName\":\"Atami\",\"numberOfEmployees\":{\"@type\":\"QuantitativeValue\",\"minValue\":\"11\",\"maxValue\":\"50\"}}]}<\/script>\n<!-- \/ Yoast SEO Premium plugin. -->","yoast_head_json":{"title":"Hydro Rokz - Das ideale Substrat f\u00fcr robustes Pflanzenwachstum","description":"Entdecken Sie Hydro Rokz von Atami f\u00fcr Ihre Pflanzen! Dieses hochwertige Substrat bietet eine exzellente Drainage und f\u00f6rdert das Wachstum Ihrer Pflanzen. Ideal f\u00fcr Hydrokultur und gesunde Wurzeln.","robots":{"index":"index","follow":"follow","max-snippet":"max-snippet:-1","max-image-preview":"max-image-preview:large","max-video-preview":"max-video-preview:-1"},"canonical":"https:\/\/atami.com\/de\/produkt\/hydro-rokz","og_locale":"de_DE","og_type":"article","og_title":"Hydro Rokz","og_description":"Entdecken Sie Hydro Rokz von Atami f\u00fcr Ihre Pflanzen! Dieses hochwertige Substrat bietet eine exzellente Drainage und f\u00f6rdert das Wachstum Ihrer Pflanzen. Ideal f\u00fcr Hydrokultur und gesunde Wurzeln.","og_url":"https:\/\/atami.com\/de\/produkt\/hydro-rokz","og_site_name":"Atami","article_publisher":"https:\/\/www.facebook.com\/Atami.International","article_modified_time":"2026-03-03T13:29:30+00:00","og_image":[{"width":1080,"height":1080,"url":"https:\/\/atami.com\/wp-content\/uploads\/2023\/02\/Hydro-Rokz-Main-Image.webp","type":"image\/webp"}],"twitter_card":"summary_large_image","twitter_site":"@AtamiEU","twitter_misc":{"Gesch\u00e4tzte Lesezeit":"1\u00a0Minute"},"schema":{"@context":"https:\/\/schema.org","@graph":[{"@type":"WebPage","@id":"https:\/\/atami.com\/de\/produkt\/hydro-rokz","url":"https:\/\/atami.com\/de\/produkt\/hydro-rokz","name":"Hydro Rokz - Das ideale Substrat f\u00fcr robustes Pflanzenwachstum","isPartOf":{"@id":"https:\/\/atami.com\/de#website"},"primaryImageOfPage":{"@id":"https:\/\/atami.com\/de\/produkt\/hydro-rokz#primaryimage"},"image":{"@id":"https:\/\/atami.com\/de\/produkt\/hydro-rokz#primaryimage"},"thumbnailUrl":"https:\/\/atami.com\/wp-content\/uploads\/2023\/02\/Hydro-Rokz-Main-Image.webp","datePublished":"2023-02-14T10:56:27+00:00","dateModified":"2026-03-03T13:29:30+00:00","description":"Entdecken Sie Hydro Rokz von Atami f\u00fcr Ihre Pflanzen! Dieses hochwertige Substrat bietet eine exzellente Drainage und f\u00f6rdert das Wachstum Ihrer Pflanzen. Ideal f\u00fcr Hydrokultur und gesunde Wurzeln.","breadcrumb":{"@id":"https:\/\/atami.com\/de\/produkt\/hydro-rokz#breadcrumb"},"inLanguage":"de","potentialAction":[{"@type":"ReadAction","target":["https:\/\/atami.com\/de\/produkt\/hydro-rokz"]}]},{"@type":"ImageObject","inLanguage":"de","@id":"https:\/\/atami.com\/de\/produkt\/hydro-rokz#primaryimage","url":"https:\/\/atami.com\/wp-content\/uploads\/2023\/02\/Hydro-Rokz-Main-Image.webp","contentUrl":"https:\/\/atami.com\/wp-content\/uploads\/2023\/02\/Hydro-Rokz-Main-Image.webp","width":1080,"height":1080,"caption":"Hydro Rokz sorgt f\u00fcr eine hervorragende Entw\u00e4sserung und Bel\u00fcftung und f\u00f6rdert so eine gesunde Wurzelentwicklung in Hydrokulturanlagen."},{"@type":"BreadcrumbList","@id":"https:\/\/atami.com\/de\/produkt\/hydro-rokz#breadcrumb","itemListElement":[{"@type":"ListItem","position":1,"name":"Home","item":"https:\/\/atami.com\/de"},{"@type":"ListItem","position":2,"name":"Produkte","item":"https:\/\/atami.com\/de\/shop"},{"@type":"ListItem","position":3,"name":"Marken","item":"https:\/\/atami.com\/de\/produkt-kategorie\/marken"},{"@type":"ListItem","position":4,"name":"Atami substrate","item":"https:\/\/atami.com\/de\/produkt-kategorie\/marken\/atami-substrate"},{"@type":"ListItem","position":5,"name":"Hydro Rokz"}]},{"@type":"WebSite","@id":"https:\/\/atami.com\/de#website","url":"https:\/\/atami.com\/de","name":"Atami","description":"NATURALLY INNOVATING!","publisher":{"@id":"https:\/\/atami.com\/de#organization"},"potentialAction":[{"@type":"SearchAction","target":{"@type":"EntryPoint","urlTemplate":"https:\/\/atami.com\/de?s={search_term_string}"},"query-input":{"@type":"PropertyValueSpecification","valueRequired":true,"valueName":"search_term_string"}}],"inLanguage":"de"},{"@type":"Organization","@id":"https:\/\/atami.com\/de#organization","name":"Atami","url":"https:\/\/atami.com\/de","logo":{"@type":"ImageObject","inLanguage":"de","@id":"https:\/\/atami.com\/de#\/schema\/logo\/image\/","url":"https:\/\/atami.com\/wp-content\/uploads\/2026\/01\/Atami-logo-696x696px.webp","contentUrl":"https:\/\/atami.com\/wp-content\/uploads\/2026\/01\/Atami-logo-696x696px.webp","width":696,"height":696,"caption":"Atami"},"image":{"@id":"https:\/\/atami.com\/de#\/schema\/logo\/image\/"},"sameAs":["https:\/\/www.facebook.com\/Atami.International","https:\/\/x.com\/AtamiEU","https:\/\/www.youtube.com\/c\/AtamiInternational","https:\/\/www.instagram.com\/atami.international\/"],"description":"ATAMI is a premium plant nutrition & substrate brand founded in 1997 with the mission to make exceptional cultivation achievable for everyone. From legacy to license, we offer a wide variety of innovating award-winning products to let cultivators achieve maximum results in taste & yield.","email":"info@mginnovations.es","legalName":"Atami","numberOfEmployees":{"@type":"QuantitativeValue","minValue":"11","maxValue":"50"}}]}},"_links":{"self":[{"href":"https:\/\/atami.com\/de\/wp-json\/wp\/v2\/product\/21922","targetHints":{"allow":["GET"]}}],"collection":[{"href":"https:\/\/atami.com\/de\/wp-json\/wp\/v2\/product"}],"about":[{"href":"https:\/\/atami.com\/de\/wp-json\/wp\/v2\/types\/product"}],"replies":[{"embeddable":true,"href":"https:\/\/atami.com\/de\/wp-json\/wp\/v2\/comments?post=21922"}],"wp:featuredmedia":[{"embeddable":true,"href":"https:\/\/atami.com\/de\/wp-json\/wp\/v2\/media\/25376"}],"wp:attachment":[{"href":"https:\/\/atami.com\/de\/wp-json\/wp\/v2\/media?parent=21922"}],"wp:term":[{"taxonomy":"product_brand","embeddable":true,"href":"https:\/\/atami.com\/de\/wp-json\/wp\/v2\/product_brand?post=21922"},{"taxonomy":"product_cat","embeddable":true,"href":"https:\/\/atami.com\/de\/wp-json\/wp\/v2\/product_cat?post=21922"},{"taxonomy":"product_tag","embeddable":true,"href":"https:\/\/atami.com\/de\/wp-json\/wp\/v2\/product_tag?post=21922"}],"curies":[{"name":"wp","href":"https:\/\/api.w.org\/{rel}","templated":true}]}}