{"id":21916,"date":"2023-02-14T09:50:24","date_gmt":"2023-02-14T09:50:24","guid":{"rendered":"https:\/\/atami.com\/product\/bi-growmix\/"},"modified":"2026-03-03T15:13:01","modified_gmt":"2026-03-03T13:13:01","slug":"bi-growmix","status":"publish","type":"product","link":"https:\/\/atami.com\/de\/produkt\/bi-growmix","title":{"rendered":"Bi Grow Mix"},"content":{"rendered":"<p>Atami Bi Grow Mix ist eine biologische ged\u00fcngte Erde, die von der Struktur her sehr locker und frei von sch\u00e4dlichen Schimmeln ist. Das sorgt f\u00fcr einen sehr guten Untergrund f\u00fcr eine erfolgreiche Z\u00fcchtung. Die Pflanzen k\u00f6nnen darauf bereits in der Anfangsphase direkt wurzeln und sich danach weiter im Umfang entwickeln.<\/p>\n<p>&nbsp;<\/p>\n<p>Was die Menge und das Verh\u00e4ltnis von D\u00fcngemitteln betrifft, kann dieses Substrat als Medium gesehen werden. Damit ist gemeint, dass bei Atami Bi Grow Mix eine Startnahrung zugef\u00fcgt ist. Nach dieser Startperiode (je nach Pflanzenmenge und Topfgr\u00f6\u00dfe) empfiehlt Atami, das Gew\u00e4chs f\u00fcr ein optimales Ergebnis mit Fl\u00fcssigd\u00fcnger nachzud\u00fcngen.<\/p>\n<p>&nbsp;<\/p>\n<p><strong>EC: 1,25 \u2013 1,50<\/strong><\/p>\n<p>&nbsp;<\/p>\n<p><strong>Verf\u00fcgbar als 50 L<\/strong><\/p>\n","protected":false},"excerpt":{"rendered":"<p>Mitteld\u00fcngtes Torf- und Kokosfasersubstrat<\/p>\n","protected":false},"featured_media":25254,"comment_status":"closed","ping_status":"closed","template":"","meta":{"_acf_changed":false,"iawp_total_views":189},"product_brand":[],"product_cat":[196],"product_tag":[],"class_list":{"0":"post-21916","1":"product","2":"type-product","3":"status-publish","4":"has-post-thumbnail","6":"product_cat-atami-substrate","8":"first","9":"instock","10":"shipping-taxable","11":"product-type-simple"},"acf":{"short_description":"<p>Atami Bi Grow Mix ist eine biologische ged\u00fcngte Erde, die von der Struktur her sehr locker und frei von sch\u00e4dlichen Schimmeln ist. Das sorgt f\u00fcr einen sehr guten Untergrund f\u00fcr eine erfolgreiche Z\u00fcchtung. Die Pflanzen k\u00f6nnen darauf bereits in der Anfangsphase direkt wurzeln und sich danach weiter im Umfang entwickeln.<\/p>\r\n<p>Was die Menge und das Verh\u00e4ltnis von D\u00fcngemitteln betrifft, kann dieses Substrat als Medium gesehen werden. Damit ist gemeint, dass bei Atami Bi Grow Mix eine Startnahrung zugef\u00fcgt ist. Nach dieser Startperiode (je nach Pflanzenmenge und Topfgr\u00f6\u00dfe) empfiehlt Atami, das Gew\u00e4chs f\u00fcr ein optimales Ergebnis mit Fl\u00fcssigd\u00fcnger nachzud\u00fcngen.<\/p>\r\n<p><strong>EC: 1,25 \u2013 1,50<\/strong><\/p>","suitable_for":"","application":"","dosage":"","npk_ratio":"","available_in":"<p>50 L<\/p>","icon_1":"","icon_1_text":"","icon_2":195091,"icon_2_text":"","icon_3":"","icon_3_text":"","icon_4":"","icon_4_text":"","video":"https:\/\/youtu.be\/axIE-0t-F6c","second_image":25269,"product_image_page":"","user_manual":"","new_icon_1":"","new_icon_2":"","new_icon_3":"","new_icon_4":"","grow_guides":"","category":"Substrat"},"yoast_head":"<!-- This site is optimized with the Yoast SEO Premium plugin v27.4 (Yoast SEO v27.4) - https:\/\/yoast.com\/product\/yoast-seo-premium-wordpress\/ -->\n<title>Bi Grow Mix \u2013 Das perfekte Anzuchtmedium f\u00fcr gesundes Pflanzenwachstum<\/title>\n<meta name=\"description\" content=\"Bi Grow Mix von Atami bietet das ideale biologisch optimierte Substrat f\u00fcr eine gesunde Pflanzenzucht. F\u00f6rdern Sie das Wachstum Ihrer Pflanzen mit diesem n\u00e4hrstoffreichen, nat\u00fcrlichen Medium f\u00fcr beste Ergebnisse. Ideal f\u00fcr alle, die nachhaltige und organische Anbaumethoden bevorzugen.\" \/>\n<meta name=\"robots\" content=\"index, follow, max-snippet:-1, max-image-preview:large, max-video-preview:-1\" \/>\n<link rel=\"canonical\" href=\"https:\/\/atami.com\/de\/produkt\/bi-growmix\" \/>\n<meta property=\"og:locale\" content=\"de_DE\" \/>\n<meta property=\"og:type\" content=\"article\" \/>\n<meta property=\"og:title\" content=\"Bi Grow Mix\" \/>\n<meta property=\"og:description\" content=\"Bi Grow Mix von Atami bietet das ideale biologisch optimierte Substrat f\u00fcr eine gesunde Pflanzenzucht. F\u00f6rdern Sie das Wachstum Ihrer Pflanzen mit diesem n\u00e4hrstoffreichen, nat\u00fcrlichen Medium f\u00fcr beste Ergebnisse. Ideal f\u00fcr alle, die nachhaltige und organische Anbaumethoden bevorzugen.\" \/>\n<meta property=\"og:url\" content=\"https:\/\/atami.com\/de\/produkt\/bi-growmix\" \/>\n<meta property=\"og:site_name\" content=\"Atami\" \/>\n<meta property=\"article:publisher\" content=\"https:\/\/www.facebook.com\/Atami.International\" \/>\n<meta property=\"article:modified_time\" content=\"2026-03-03T13:13:01+00:00\" \/>\n<meta property=\"og:image\" content=\"https:\/\/atami.com\/wp-content\/uploads\/2023\/02\/Bi-Grow-Mix-Main-Image.webp\" \/>\n\t<meta property=\"og:image:width\" content=\"1080\" \/>\n\t<meta property=\"og:image:height\" content=\"1080\" \/>\n\t<meta property=\"og:image:type\" content=\"image\/webp\" \/>\n<meta name=\"twitter:card\" content=\"summary_large_image\" \/>\n<meta name=\"twitter:site\" content=\"@AtamiEU\" \/>\n<meta name=\"twitter:label1\" content=\"Gesch\u00e4tzte Lesezeit\" \/>\n\t<meta name=\"twitter:data1\" content=\"1\u00a0Minute\" \/>\n<script type=\"application\/ld+json\" class=\"yoast-schema-graph\">{\"@context\":\"https:\\\/\\\/schema.org\",\"@graph\":[{\"@type\":\"WebPage\",\"@id\":\"https:\\\/\\\/atami.com\\\/de\\\/produkt\\\/bi-growmix\",\"url\":\"https:\\\/\\\/atami.com\\\/de\\\/produkt\\\/bi-growmix\",\"name\":\"Bi Grow Mix \u2013 Das perfekte Anzuchtmedium f\u00fcr gesundes Pflanzenwachstum\",\"isPartOf\":{\"@id\":\"https:\\\/\\\/atami.com\\\/de#website\"},\"primaryImageOfPage\":{\"@id\":\"https:\\\/\\\/atami.com\\\/de\\\/produkt\\\/bi-growmix#primaryimage\"},\"image\":{\"@id\":\"https:\\\/\\\/atami.com\\\/de\\\/produkt\\\/bi-growmix#primaryimage\"},\"thumbnailUrl\":\"https:\\\/\\\/atami.com\\\/wp-content\\\/uploads\\\/2023\\\/02\\\/Bi-Grow-Mix-Main-Image.webp\",\"datePublished\":\"2023-02-14T09:50:24+00:00\",\"dateModified\":\"2026-03-03T13:13:01+00:00\",\"description\":\"Bi Grow Mix von Atami bietet das ideale biologisch optimierte Substrat f\u00fcr eine gesunde Pflanzenzucht. F\u00f6rdern Sie das Wachstum Ihrer Pflanzen mit diesem n\u00e4hrstoffreichen, nat\u00fcrlichen Medium f\u00fcr beste Ergebnisse. Ideal f\u00fcr alle, die nachhaltige und organische Anbaumethoden bevorzugen.\",\"breadcrumb\":{\"@id\":\"https:\\\/\\\/atami.com\\\/de\\\/produkt\\\/bi-growmix#breadcrumb\"},\"inLanguage\":\"de\",\"potentialAction\":[{\"@type\":\"ReadAction\",\"target\":[\"https:\\\/\\\/atami.com\\\/de\\\/produkt\\\/bi-growmix\"]}]},{\"@type\":\"ImageObject\",\"inLanguage\":\"de\",\"@id\":\"https:\\\/\\\/atami.com\\\/de\\\/produkt\\\/bi-growmix#primaryimage\",\"url\":\"https:\\\/\\\/atami.com\\\/wp-content\\\/uploads\\\/2023\\\/02\\\/Bi-Grow-Mix-Main-Image.webp\",\"contentUrl\":\"https:\\\/\\\/atami.com\\\/wp-content\\\/uploads\\\/2023\\\/02\\\/Bi-Grow-Mix-Main-Image.webp\",\"width\":1080,\"height\":1080,\"caption\":\"Bi Grow Mix bietet ein ausgewogenes N\u00e4hrstoffprofil und sorgt so f\u00fcr eine gesunde und kr\u00e4ftige Pflanzenentwicklung.\"},{\"@type\":\"BreadcrumbList\",\"@id\":\"https:\\\/\\\/atami.com\\\/de\\\/produkt\\\/bi-growmix#breadcrumb\",\"itemListElement\":[{\"@type\":\"ListItem\",\"position\":1,\"name\":\"Home\",\"item\":\"https:\\\/\\\/atami.com\\\/de\"},{\"@type\":\"ListItem\",\"position\":2,\"name\":\"Produkte\",\"item\":\"https:\\\/\\\/atami.com\\\/de\\\/shop\"},{\"@type\":\"ListItem\",\"position\":3,\"name\":\"Marken\",\"item\":\"https:\\\/\\\/atami.com\\\/de\\\/produkt-kategorie\\\/marken\"},{\"@type\":\"ListItem\",\"position\":4,\"name\":\"Atami substrate\",\"item\":\"https:\\\/\\\/atami.com\\\/de\\\/produkt-kategorie\\\/marken\\\/atami-substrate\"},{\"@type\":\"ListItem\",\"position\":5,\"name\":\"Bi Grow Mix\"}]},{\"@type\":\"WebSite\",\"@id\":\"https:\\\/\\\/atami.com\\\/de#website\",\"url\":\"https:\\\/\\\/atami.com\\\/de\",\"name\":\"Atami\",\"description\":\"NATURALLY INNOVATING!\",\"publisher\":{\"@id\":\"https:\\\/\\\/atami.com\\\/de#organization\"},\"potentialAction\":[{\"@type\":\"SearchAction\",\"target\":{\"@type\":\"EntryPoint\",\"urlTemplate\":\"https:\\\/\\\/atami.com\\\/de?s={search_term_string}\"},\"query-input\":{\"@type\":\"PropertyValueSpecification\",\"valueRequired\":true,\"valueName\":\"search_term_string\"}}],\"inLanguage\":\"de\"},{\"@type\":\"Organization\",\"@id\":\"https:\\\/\\\/atami.com\\\/de#organization\",\"name\":\"Atami\",\"url\":\"https:\\\/\\\/atami.com\\\/de\",\"logo\":{\"@type\":\"ImageObject\",\"inLanguage\":\"de\",\"@id\":\"https:\\\/\\\/atami.com\\\/de#\\\/schema\\\/logo\\\/image\\\/\",\"url\":\"https:\\\/\\\/atami.com\\\/wp-content\\\/uploads\\\/2026\\\/01\\\/Atami-logo-696x696px.webp\",\"contentUrl\":\"https:\\\/\\\/atami.com\\\/wp-content\\\/uploads\\\/2026\\\/01\\\/Atami-logo-696x696px.webp\",\"width\":696,\"height\":696,\"caption\":\"Atami\"},\"image\":{\"@id\":\"https:\\\/\\\/atami.com\\\/de#\\\/schema\\\/logo\\\/image\\\/\"},\"sameAs\":[\"https:\\\/\\\/www.facebook.com\\\/Atami.International\",\"https:\\\/\\\/x.com\\\/AtamiEU\",\"https:\\\/\\\/www.youtube.com\\\/c\\\/AtamiInternational\",\"https:\\\/\\\/www.instagram.com\\\/atami.international\\\/\"],\"description\":\"ATAMI is a premium plant nutrition & substrate brand founded in 1997 with the mission to make exceptional cultivation achievable for everyone. From legacy to license, we offer a wide variety of innovating award-winning products to let cultivators achieve maximum results in taste & yield.\",\"email\":\"info@mginnovations.es\",\"legalName\":\"Atami\",\"numberOfEmployees\":{\"@type\":\"QuantitativeValue\",\"minValue\":\"11\",\"maxValue\":\"50\"}}]}<\/script>\n<!-- \/ Yoast SEO Premium plugin. -->","yoast_head_json":{"title":"Bi Grow Mix \u2013 Das perfekte Anzuchtmedium f\u00fcr gesundes Pflanzenwachstum","description":"Bi Grow Mix von Atami bietet das ideale biologisch optimierte Substrat f\u00fcr eine gesunde Pflanzenzucht. F\u00f6rdern Sie das Wachstum Ihrer Pflanzen mit diesem n\u00e4hrstoffreichen, nat\u00fcrlichen Medium f\u00fcr beste Ergebnisse. Ideal f\u00fcr alle, die nachhaltige und organische Anbaumethoden bevorzugen.","robots":{"index":"index","follow":"follow","max-snippet":"max-snippet:-1","max-image-preview":"max-image-preview:large","max-video-preview":"max-video-preview:-1"},"canonical":"https:\/\/atami.com\/de\/produkt\/bi-growmix","og_locale":"de_DE","og_type":"article","og_title":"Bi Grow Mix","og_description":"Bi Grow Mix von Atami bietet das ideale biologisch optimierte Substrat f\u00fcr eine gesunde Pflanzenzucht. F\u00f6rdern Sie das Wachstum Ihrer Pflanzen mit diesem n\u00e4hrstoffreichen, nat\u00fcrlichen Medium f\u00fcr beste Ergebnisse. Ideal f\u00fcr alle, die nachhaltige und organische Anbaumethoden bevorzugen.","og_url":"https:\/\/atami.com\/de\/produkt\/bi-growmix","og_site_name":"Atami","article_publisher":"https:\/\/www.facebook.com\/Atami.International","article_modified_time":"2026-03-03T13:13:01+00:00","og_image":[{"width":1080,"height":1080,"url":"https:\/\/atami.com\/wp-content\/uploads\/2023\/02\/Bi-Grow-Mix-Main-Image.webp","type":"image\/webp"}],"twitter_card":"summary_large_image","twitter_site":"@AtamiEU","twitter_misc":{"Gesch\u00e4tzte Lesezeit":"1\u00a0Minute"},"schema":{"@context":"https:\/\/schema.org","@graph":[{"@type":"WebPage","@id":"https:\/\/atami.com\/de\/produkt\/bi-growmix","url":"https:\/\/atami.com\/de\/produkt\/bi-growmix","name":"Bi Grow Mix \u2013 Das perfekte Anzuchtmedium f\u00fcr gesundes Pflanzenwachstum","isPartOf":{"@id":"https:\/\/atami.com\/de#website"},"primaryImageOfPage":{"@id":"https:\/\/atami.com\/de\/produkt\/bi-growmix#primaryimage"},"image":{"@id":"https:\/\/atami.com\/de\/produkt\/bi-growmix#primaryimage"},"thumbnailUrl":"https:\/\/atami.com\/wp-content\/uploads\/2023\/02\/Bi-Grow-Mix-Main-Image.webp","datePublished":"2023-02-14T09:50:24+00:00","dateModified":"2026-03-03T13:13:01+00:00","description":"Bi Grow Mix von Atami bietet das ideale biologisch optimierte Substrat f\u00fcr eine gesunde Pflanzenzucht. F\u00f6rdern Sie das Wachstum Ihrer Pflanzen mit diesem n\u00e4hrstoffreichen, nat\u00fcrlichen Medium f\u00fcr beste Ergebnisse. Ideal f\u00fcr alle, die nachhaltige und organische Anbaumethoden bevorzugen.","breadcrumb":{"@id":"https:\/\/atami.com\/de\/produkt\/bi-growmix#breadcrumb"},"inLanguage":"de","potentialAction":[{"@type":"ReadAction","target":["https:\/\/atami.com\/de\/produkt\/bi-growmix"]}]},{"@type":"ImageObject","inLanguage":"de","@id":"https:\/\/atami.com\/de\/produkt\/bi-growmix#primaryimage","url":"https:\/\/atami.com\/wp-content\/uploads\/2023\/02\/Bi-Grow-Mix-Main-Image.webp","contentUrl":"https:\/\/atami.com\/wp-content\/uploads\/2023\/02\/Bi-Grow-Mix-Main-Image.webp","width":1080,"height":1080,"caption":"Bi Grow Mix bietet ein ausgewogenes N\u00e4hrstoffprofil und sorgt so f\u00fcr eine gesunde und kr\u00e4ftige Pflanzenentwicklung."},{"@type":"BreadcrumbList","@id":"https:\/\/atami.com\/de\/produkt\/bi-growmix#breadcrumb","itemListElement":[{"@type":"ListItem","position":1,"name":"Home","item":"https:\/\/atami.com\/de"},{"@type":"ListItem","position":2,"name":"Produkte","item":"https:\/\/atami.com\/de\/shop"},{"@type":"ListItem","position":3,"name":"Marken","item":"https:\/\/atami.com\/de\/produkt-kategorie\/marken"},{"@type":"ListItem","position":4,"name":"Atami substrate","item":"https:\/\/atami.com\/de\/produkt-kategorie\/marken\/atami-substrate"},{"@type":"ListItem","position":5,"name":"Bi Grow Mix"}]},{"@type":"WebSite","@id":"https:\/\/atami.com\/de#website","url":"https:\/\/atami.com\/de","name":"Atami","description":"NATURALLY INNOVATING!","publisher":{"@id":"https:\/\/atami.com\/de#organization"},"potentialAction":[{"@type":"SearchAction","target":{"@type":"EntryPoint","urlTemplate":"https:\/\/atami.com\/de?s={search_term_string}"},"query-input":{"@type":"PropertyValueSpecification","valueRequired":true,"valueName":"search_term_string"}}],"inLanguage":"de"},{"@type":"Organization","@id":"https:\/\/atami.com\/de#organization","name":"Atami","url":"https:\/\/atami.com\/de","logo":{"@type":"ImageObject","inLanguage":"de","@id":"https:\/\/atami.com\/de#\/schema\/logo\/image\/","url":"https:\/\/atami.com\/wp-content\/uploads\/2026\/01\/Atami-logo-696x696px.webp","contentUrl":"https:\/\/atami.com\/wp-content\/uploads\/2026\/01\/Atami-logo-696x696px.webp","width":696,"height":696,"caption":"Atami"},"image":{"@id":"https:\/\/atami.com\/de#\/schema\/logo\/image\/"},"sameAs":["https:\/\/www.facebook.com\/Atami.International","https:\/\/x.com\/AtamiEU","https:\/\/www.youtube.com\/c\/AtamiInternational","https:\/\/www.instagram.com\/atami.international\/"],"description":"ATAMI is a premium plant nutrition & substrate brand founded in 1997 with the mission to make exceptional cultivation achievable for everyone. From legacy to license, we offer a wide variety of innovating award-winning products to let cultivators achieve maximum results in taste & yield.","email":"info@mginnovations.es","legalName":"Atami","numberOfEmployees":{"@type":"QuantitativeValue","minValue":"11","maxValue":"50"}}]}},"_links":{"self":[{"href":"https:\/\/atami.com\/de\/wp-json\/wp\/v2\/product\/21916","targetHints":{"allow":["GET"]}}],"collection":[{"href":"https:\/\/atami.com\/de\/wp-json\/wp\/v2\/product"}],"about":[{"href":"https:\/\/atami.com\/de\/wp-json\/wp\/v2\/types\/product"}],"replies":[{"embeddable":true,"href":"https:\/\/atami.com\/de\/wp-json\/wp\/v2\/comments?post=21916"}],"wp:featuredmedia":[{"embeddable":true,"href":"https:\/\/atami.com\/de\/wp-json\/wp\/v2\/media\/25254"}],"wp:attachment":[{"href":"https:\/\/atami.com\/de\/wp-json\/wp\/v2\/media?parent=21916"}],"wp:term":[{"taxonomy":"product_brand","embeddable":true,"href":"https:\/\/atami.com\/de\/wp-json\/wp\/v2\/product_brand?post=21916"},{"taxonomy":"product_cat","embeddable":true,"href":"https:\/\/atami.com\/de\/wp-json\/wp\/v2\/product_cat?post=21916"},{"taxonomy":"product_tag","embeddable":true,"href":"https:\/\/atami.com\/de\/wp-json\/wp\/v2\/product_tag?post=21916"}],"curies":[{"name":"wp","href":"https:\/\/api.w.org\/{rel}","templated":true}]}}