{"id":21915,"date":"2023-02-14T08:22:44","date_gmt":"2023-02-14T08:22:44","guid":{"rendered":"https:\/\/atami.com\/product\/kilomix\/"},"modified":"2026-03-03T15:12:36","modified_gmt":"2026-03-03T13:12:36","slug":"kilomix","status":"publish","type":"product","link":"https:\/\/atami.com\/de\/produkt\/kilomix","title":{"rendered":"Kilomix"},"content":{"rendered":"<p>Atami Kilomix ist im Vergleich zu<span style=\"color: #00ccff;\"> <a style=\"color: #00ccff;\" href=\"https:\/\/atami.com\/de\/produkt\/janeco-lightmix\/\">Janeco<\/a> <\/span>(viel) st\u00e4rker ged\u00fcngt. Atami Kilomix bildet darum auch einen paradiesischen Untergrund f\u00fcr jede Pflanze, da es eine hohe Anzahl an wichtigen D\u00fcngemitteln enth\u00e4lt. So bilden u.a. W\u00fcrmermist, Kalk, Guano und zahlreiche andere organische D\u00fcngemittel wichtige Zutaten dieses Substrats.<\/p>\n<p>&nbsp;<\/p>\n<p>Hierdurch enth\u00e4lt Atami Kilomix alles, was die Pflanzen brauchen und das Risiko von Mangelerscheinungen ist eigentlich nicht vorhanden. Da das Verh\u00e4ltnis der D\u00fcngemittel auf professionelle Weise zusammengestellt wurde, findet \u00fcber einen l\u00e4ngern Zeitraum eine konstante Zufuhr wichtiger Nahrungsstoffe statt. Es ist f\u00fcr jede Pflanze dann auch eine wahre Freude, sich auf einem derartig reichen Untergrund entwickeln zu d\u00fcrfen!<\/p>\n<p>&nbsp;<\/p>\n<p><strong>EC: 2,60 \u2013 2,80<\/strong><\/p>\n<p>&nbsp;<\/p>\n<p><strong>Verf\u00fcgbar als 50 L<\/strong><\/p>\n","protected":false},"excerpt":{"rendered":"<p>Stark ged\u00fcngtes Torfsubstrat mit Perlit<\/p>\n","protected":false},"featured_media":25224,"comment_status":"closed","ping_status":"closed","template":"","meta":{"_acf_changed":false,"iawp_total_views":158},"product_brand":[],"product_cat":[196],"product_tag":[],"class_list":{"0":"post-21915","1":"product","2":"type-product","3":"status-publish","4":"has-post-thumbnail","6":"product_cat-atami-substrate","8":"first","9":"instock","10":"shipping-taxable","11":"product-type-simple"},"acf":{"short_description":"<p>Atami Kilomix ist im Vergleich zu<strong> <a href=\"https:\/\/atami.com\/de\/produkt\/janeco-lightmix\">Janeco<\/a> <\/strong>(viel) st\u00e4rker ged\u00fcngt. Atami Kilomix bildet darum auch einen paradiesischen Untergrund f\u00fcr jede Pflanze, da es eine hohe Anzahl an wichtigen D\u00fcngemitteln enth\u00e4lt. So bilden u.a. W\u00fcrmermist, Kalk, Guano und zahlreiche andere organische D\u00fcngemittel wichtige Zutaten dieses Substrats.<\/p>\r\n<p>Hierdurch enth\u00e4lt Atami Kilomix alles, was die Pflanzen brauchen und das Risiko von Mangelerscheinungen ist eigentlich nicht vorhanden. Da das Verh\u00e4ltnis der D\u00fcngemittel auf professionelle Weise zusammengestellt wurde, findet \u00fcber einen l\u00e4ngern Zeitraum eine konstante Zufuhr wichtiger Nahrungsstoffe statt. Es ist f\u00fcr jede Pflanze dann auch eine wahre Freude, sich auf einem derartig reichen Untergrund entwickeln zu d\u00fcrfen!<\/p>\r\n<p><strong>EC: 2,60 \u2013 2,80<\/strong><\/p>","suitable_for":"","application":"","dosage":"","npk_ratio":"","available_in":"<p>50 L<\/p>","icon_1":"","icon_1_text":"","icon_2":195166,"icon_2_text":"","icon_3":"","icon_3_text":"","icon_4":"","icon_4_text":"","video":"https:\/\/youtu.be\/usDwi49LtWE","second_image":25239,"product_image_page":"","user_manual":"","new_icon_1":"","new_icon_2":"","new_icon_3":"","new_icon_4":"","grow_guides":"","category":"Substrat"},"yoast_head":"<!-- This site is optimized with the Yoast SEO Premium plugin v27.5 (Yoast SEO v27.5) - https:\/\/yoast.com\/product\/yoast-seo-premium-wordpress\/ -->\n<title>Kilomix Substrat \u2013 Optimales Wachstum f\u00fcr Ihre Pflanzen<\/title>\n<meta name=\"description\" content=\"ntdecken Sie Kilomix Substrat von Atami f\u00fcr perfektes Pflanzenwachstum. Ideal f\u00fcr alle, die eine hohe Ertragsernte und gesunde Pflanzen erzielen wollen. Jetzt kaufen!\" \/>\n<meta name=\"robots\" content=\"index, follow, max-snippet:-1, max-image-preview:large, max-video-preview:-1\" \/>\n<link rel=\"canonical\" href=\"https:\/\/atami.com\/de\/produkt\/kilomix\" \/>\n<meta property=\"og:locale\" content=\"de_DE\" \/>\n<meta property=\"og:type\" content=\"article\" \/>\n<meta property=\"og:title\" content=\"Kilomix\" \/>\n<meta property=\"og:description\" content=\"ntdecken Sie Kilomix Substrat von Atami f\u00fcr perfektes Pflanzenwachstum. Ideal f\u00fcr alle, die eine hohe Ertragsernte und gesunde Pflanzen erzielen wollen. Jetzt kaufen!\" \/>\n<meta property=\"og:url\" content=\"https:\/\/atami.com\/de\/produkt\/kilomix\" \/>\n<meta property=\"og:site_name\" content=\"Atami\" \/>\n<meta property=\"article:publisher\" content=\"https:\/\/www.facebook.com\/Atami.International\" \/>\n<meta property=\"article:modified_time\" content=\"2026-03-03T13:12:36+00:00\" \/>\n<meta property=\"og:image\" content=\"https:\/\/atami.com\/wp-content\/uploads\/2023\/02\/Kilomix-Main-Image.webp\" \/>\n\t<meta property=\"og:image:width\" content=\"1080\" \/>\n\t<meta property=\"og:image:height\" content=\"1080\" \/>\n\t<meta property=\"og:image:type\" content=\"image\/webp\" \/>\n<meta name=\"twitter:card\" content=\"summary_large_image\" \/>\n<meta name=\"twitter:site\" content=\"@AtamiEU\" \/>\n<meta name=\"twitter:label1\" content=\"Gesch\u00e4tzte Lesezeit\" \/>\n\t<meta name=\"twitter:data1\" content=\"1\u00a0Minute\" \/>\n<script type=\"application\/ld+json\" class=\"yoast-schema-graph\">{\"@context\":\"https:\\\/\\\/schema.org\",\"@graph\":[{\"@type\":\"WebPage\",\"@id\":\"https:\\\/\\\/atami.com\\\/de\\\/produkt\\\/kilomix\",\"url\":\"https:\\\/\\\/atami.com\\\/de\\\/produkt\\\/kilomix\",\"name\":\"Kilomix Substrat \u2013 Optimales Wachstum f\u00fcr Ihre Pflanzen\",\"isPartOf\":{\"@id\":\"https:\\\/\\\/atami.com\\\/de#website\"},\"primaryImageOfPage\":{\"@id\":\"https:\\\/\\\/atami.com\\\/de\\\/produkt\\\/kilomix#primaryimage\"},\"image\":{\"@id\":\"https:\\\/\\\/atami.com\\\/de\\\/produkt\\\/kilomix#primaryimage\"},\"thumbnailUrl\":\"https:\\\/\\\/atami.com\\\/wp-content\\\/uploads\\\/2023\\\/02\\\/Kilomix-Main-Image.webp\",\"datePublished\":\"2023-02-14T08:22:44+00:00\",\"dateModified\":\"2026-03-03T13:12:36+00:00\",\"description\":\"ntdecken Sie Kilomix Substrat von Atami f\u00fcr perfektes Pflanzenwachstum. Ideal f\u00fcr alle, die eine hohe Ertragsernte und gesunde Pflanzen erzielen wollen. Jetzt kaufen!\",\"breadcrumb\":{\"@id\":\"https:\\\/\\\/atami.com\\\/de\\\/produkt\\\/kilomix#breadcrumb\"},\"inLanguage\":\"de\",\"potentialAction\":[{\"@type\":\"ReadAction\",\"target\":[\"https:\\\/\\\/atami.com\\\/de\\\/produkt\\\/kilomix\"]}]},{\"@type\":\"ImageObject\",\"inLanguage\":\"de\",\"@id\":\"https:\\\/\\\/atami.com\\\/de\\\/produkt\\\/kilomix#primaryimage\",\"url\":\"https:\\\/\\\/atami.com\\\/wp-content\\\/uploads\\\/2023\\\/02\\\/Kilomix-Main-Image.webp\",\"contentUrl\":\"https:\\\/\\\/atami.com\\\/wp-content\\\/uploads\\\/2023\\\/02\\\/Kilomix-Main-Image.webp\",\"width\":1080,\"height\":1080,\"caption\":\"Kilomix bietet eine n\u00e4hrstoffreiche Grundlage und sorgt f\u00fcr eine robuste Pflanzenentwicklung und reiche Ernten.\"},{\"@type\":\"BreadcrumbList\",\"@id\":\"https:\\\/\\\/atami.com\\\/de\\\/produkt\\\/kilomix#breadcrumb\",\"itemListElement\":[{\"@type\":\"ListItem\",\"position\":1,\"name\":\"Home\",\"item\":\"https:\\\/\\\/atami.com\\\/de\"},{\"@type\":\"ListItem\",\"position\":2,\"name\":\"Produkte\",\"item\":\"https:\\\/\\\/atami.com\\\/de\\\/shop\"},{\"@type\":\"ListItem\",\"position\":3,\"name\":\"Marken\",\"item\":\"https:\\\/\\\/atami.com\\\/de\\\/produkt-kategorie\\\/marken\"},{\"@type\":\"ListItem\",\"position\":4,\"name\":\"Atami substrate\",\"item\":\"https:\\\/\\\/atami.com\\\/de\\\/produkt-kategorie\\\/marken\\\/atami-substrate\"},{\"@type\":\"ListItem\",\"position\":5,\"name\":\"Kilomix\"}]},{\"@type\":\"WebSite\",\"@id\":\"https:\\\/\\\/atami.com\\\/de#website\",\"url\":\"https:\\\/\\\/atami.com\\\/de\",\"name\":\"Atami\",\"description\":\"NATURALLY INNOVATING!\",\"publisher\":{\"@id\":\"https:\\\/\\\/atami.com\\\/de#organization\"},\"potentialAction\":[{\"@type\":\"SearchAction\",\"target\":{\"@type\":\"EntryPoint\",\"urlTemplate\":\"https:\\\/\\\/atami.com\\\/de?s={search_term_string}\"},\"query-input\":{\"@type\":\"PropertyValueSpecification\",\"valueRequired\":true,\"valueName\":\"search_term_string\"}}],\"inLanguage\":\"de\"},{\"@type\":\"Organization\",\"@id\":\"https:\\\/\\\/atami.com\\\/de#organization\",\"name\":\"Atami\",\"url\":\"https:\\\/\\\/atami.com\\\/de\",\"logo\":{\"@type\":\"ImageObject\",\"inLanguage\":\"de\",\"@id\":\"https:\\\/\\\/atami.com\\\/de#\\\/schema\\\/logo\\\/image\\\/\",\"url\":\"https:\\\/\\\/atami.com\\\/wp-content\\\/uploads\\\/2026\\\/01\\\/Atami-logo-696x696px.webp\",\"contentUrl\":\"https:\\\/\\\/atami.com\\\/wp-content\\\/uploads\\\/2026\\\/01\\\/Atami-logo-696x696px.webp\",\"width\":696,\"height\":696,\"caption\":\"Atami\"},\"image\":{\"@id\":\"https:\\\/\\\/atami.com\\\/de#\\\/schema\\\/logo\\\/image\\\/\"},\"sameAs\":[\"https:\\\/\\\/www.facebook.com\\\/Atami.International\",\"https:\\\/\\\/x.com\\\/AtamiEU\",\"https:\\\/\\\/www.youtube.com\\\/c\\\/AtamiInternational\",\"https:\\\/\\\/www.instagram.com\\\/atami.international\\\/\"],\"description\":\"ATAMI is a premium plant nutrition & substrate brand founded in 1997 with the mission to make exceptional cultivation achievable for everyone. From legacy to license, we offer a wide variety of innovating award-winning products to let cultivators achieve maximum results in taste & yield.\",\"email\":\"info@mginnovations.es\",\"legalName\":\"Atami\",\"numberOfEmployees\":{\"@type\":\"QuantitativeValue\",\"minValue\":\"11\",\"maxValue\":\"50\"}}]}<\/script>\n<!-- \/ Yoast SEO Premium plugin. -->","yoast_head_json":{"title":"Kilomix Substrat \u2013 Optimales Wachstum f\u00fcr Ihre Pflanzen","description":"ntdecken Sie Kilomix Substrat von Atami f\u00fcr perfektes Pflanzenwachstum. Ideal f\u00fcr alle, die eine hohe Ertragsernte und gesunde Pflanzen erzielen wollen. Jetzt kaufen!","robots":{"index":"index","follow":"follow","max-snippet":"max-snippet:-1","max-image-preview":"max-image-preview:large","max-video-preview":"max-video-preview:-1"},"canonical":"https:\/\/atami.com\/de\/produkt\/kilomix","og_locale":"de_DE","og_type":"article","og_title":"Kilomix","og_description":"ntdecken Sie Kilomix Substrat von Atami f\u00fcr perfektes Pflanzenwachstum. Ideal f\u00fcr alle, die eine hohe Ertragsernte und gesunde Pflanzen erzielen wollen. Jetzt kaufen!","og_url":"https:\/\/atami.com\/de\/produkt\/kilomix","og_site_name":"Atami","article_publisher":"https:\/\/www.facebook.com\/Atami.International","article_modified_time":"2026-03-03T13:12:36+00:00","og_image":[{"width":1080,"height":1080,"url":"https:\/\/atami.com\/wp-content\/uploads\/2023\/02\/Kilomix-Main-Image.webp","type":"image\/webp"}],"twitter_card":"summary_large_image","twitter_site":"@AtamiEU","twitter_misc":{"Gesch\u00e4tzte Lesezeit":"1\u00a0Minute"},"schema":{"@context":"https:\/\/schema.org","@graph":[{"@type":"WebPage","@id":"https:\/\/atami.com\/de\/produkt\/kilomix","url":"https:\/\/atami.com\/de\/produkt\/kilomix","name":"Kilomix Substrat \u2013 Optimales Wachstum f\u00fcr Ihre Pflanzen","isPartOf":{"@id":"https:\/\/atami.com\/de#website"},"primaryImageOfPage":{"@id":"https:\/\/atami.com\/de\/produkt\/kilomix#primaryimage"},"image":{"@id":"https:\/\/atami.com\/de\/produkt\/kilomix#primaryimage"},"thumbnailUrl":"https:\/\/atami.com\/wp-content\/uploads\/2023\/02\/Kilomix-Main-Image.webp","datePublished":"2023-02-14T08:22:44+00:00","dateModified":"2026-03-03T13:12:36+00:00","description":"ntdecken Sie Kilomix Substrat von Atami f\u00fcr perfektes Pflanzenwachstum. Ideal f\u00fcr alle, die eine hohe Ertragsernte und gesunde Pflanzen erzielen wollen. Jetzt kaufen!","breadcrumb":{"@id":"https:\/\/atami.com\/de\/produkt\/kilomix#breadcrumb"},"inLanguage":"de","potentialAction":[{"@type":"ReadAction","target":["https:\/\/atami.com\/de\/produkt\/kilomix"]}]},{"@type":"ImageObject","inLanguage":"de","@id":"https:\/\/atami.com\/de\/produkt\/kilomix#primaryimage","url":"https:\/\/atami.com\/wp-content\/uploads\/2023\/02\/Kilomix-Main-Image.webp","contentUrl":"https:\/\/atami.com\/wp-content\/uploads\/2023\/02\/Kilomix-Main-Image.webp","width":1080,"height":1080,"caption":"Kilomix bietet eine n\u00e4hrstoffreiche Grundlage und sorgt f\u00fcr eine robuste Pflanzenentwicklung und reiche Ernten."},{"@type":"BreadcrumbList","@id":"https:\/\/atami.com\/de\/produkt\/kilomix#breadcrumb","itemListElement":[{"@type":"ListItem","position":1,"name":"Home","item":"https:\/\/atami.com\/de"},{"@type":"ListItem","position":2,"name":"Produkte","item":"https:\/\/atami.com\/de\/shop"},{"@type":"ListItem","position":3,"name":"Marken","item":"https:\/\/atami.com\/de\/produkt-kategorie\/marken"},{"@type":"ListItem","position":4,"name":"Atami substrate","item":"https:\/\/atami.com\/de\/produkt-kategorie\/marken\/atami-substrate"},{"@type":"ListItem","position":5,"name":"Kilomix"}]},{"@type":"WebSite","@id":"https:\/\/atami.com\/de#website","url":"https:\/\/atami.com\/de","name":"Atami","description":"NATURALLY INNOVATING!","publisher":{"@id":"https:\/\/atami.com\/de#organization"},"potentialAction":[{"@type":"SearchAction","target":{"@type":"EntryPoint","urlTemplate":"https:\/\/atami.com\/de?s={search_term_string}"},"query-input":{"@type":"PropertyValueSpecification","valueRequired":true,"valueName":"search_term_string"}}],"inLanguage":"de"},{"@type":"Organization","@id":"https:\/\/atami.com\/de#organization","name":"Atami","url":"https:\/\/atami.com\/de","logo":{"@type":"ImageObject","inLanguage":"de","@id":"https:\/\/atami.com\/de#\/schema\/logo\/image\/","url":"https:\/\/atami.com\/wp-content\/uploads\/2026\/01\/Atami-logo-696x696px.webp","contentUrl":"https:\/\/atami.com\/wp-content\/uploads\/2026\/01\/Atami-logo-696x696px.webp","width":696,"height":696,"caption":"Atami"},"image":{"@id":"https:\/\/atami.com\/de#\/schema\/logo\/image\/"},"sameAs":["https:\/\/www.facebook.com\/Atami.International","https:\/\/x.com\/AtamiEU","https:\/\/www.youtube.com\/c\/AtamiInternational","https:\/\/www.instagram.com\/atami.international\/"],"description":"ATAMI is a premium plant nutrition & substrate brand founded in 1997 with the mission to make exceptional cultivation achievable for everyone. From legacy to license, we offer a wide variety of innovating award-winning products to let cultivators achieve maximum results in taste & yield.","email":"info@mginnovations.es","legalName":"Atami","numberOfEmployees":{"@type":"QuantitativeValue","minValue":"11","maxValue":"50"}}]}},"_links":{"self":[{"href":"https:\/\/atami.com\/de\/wp-json\/wp\/v2\/product\/21915","targetHints":{"allow":["GET"]}}],"collection":[{"href":"https:\/\/atami.com\/de\/wp-json\/wp\/v2\/product"}],"about":[{"href":"https:\/\/atami.com\/de\/wp-json\/wp\/v2\/types\/product"}],"replies":[{"embeddable":true,"href":"https:\/\/atami.com\/de\/wp-json\/wp\/v2\/comments?post=21915"}],"wp:featuredmedia":[{"embeddable":true,"href":"https:\/\/atami.com\/de\/wp-json\/wp\/v2\/media\/25224"}],"wp:attachment":[{"href":"https:\/\/atami.com\/de\/wp-json\/wp\/v2\/media?parent=21915"}],"wp:term":[{"taxonomy":"product_brand","embeddable":true,"href":"https:\/\/atami.com\/de\/wp-json\/wp\/v2\/product_brand?post=21915"},{"taxonomy":"product_cat","embeddable":true,"href":"https:\/\/atami.com\/de\/wp-json\/wp\/v2\/product_cat?post=21915"},{"taxonomy":"product_tag","embeddable":true,"href":"https:\/\/atami.com\/de\/wp-json\/wp\/v2\/product_tag?post=21915"}],"curies":[{"name":"wp","href":"https:\/\/api.w.org\/{rel}","templated":true}]}}