{"id":21913,"date":"2023-02-14T07:59:43","date_gmt":"2023-02-14T07:59:43","guid":{"rendered":"https:\/\/atami.com\/product\/janeco-lightmix\/"},"modified":"2026-03-03T15:12:19","modified_gmt":"2026-03-03T13:12:19","slug":"janeco-lightmix","status":"publish","type":"product","link":"https:\/\/atami.com\/de\/produkt\/janeco-lightmix","title":{"rendered":"Janeco-Light-mix"},"content":{"rendered":"<p>Atami Janeco-Light-mix ist ein ideales Basissubstrat, auf dem fast jedes Gew\u00e4chs gez\u00fcchtet werden kann. Die leicht ged\u00fcngte Erde hat den Vorteil, dass auch die etwas \u2018schwierigeren\u2019 Sorten hiermit nicht schnell \u00fcberd\u00fcngt werden k\u00f6nnen. Neben einer leichten Dosierung an D\u00fcngemitteln enth\u00e4lt Atami Janeco-Light-mix auch Perlit, damit das Substrat ausreichend luftig bleibt und gleichzeitig ein optimaler Wasserhaushalt entsteht.<\/p>\n<p>&nbsp;<\/p>\n<p>Bei der Z\u00fcchtung auf Atami Janeco-Light-mix kann es sein, dass wir in den ersten 3-4 Wochen keine Nahrung zuzuf\u00fcgen brauchen. Das Erdgemisch enth\u00e4lt n\u00e4mlich gen\u00fcgend D\u00fcnger f\u00fcr die ersten zwei Wochen, je nach Pflanzenmenge und Topfgr\u00f6\u00dfen. Nach dieser Zeit empfiehlt Atami, das Gew\u00e4chs f\u00fcr ein optimales Ergebnis mit Fl\u00fcssigd\u00fcnger<\/p>\n<p>&nbsp;<\/p>\n<p><strong>EC:\u00a0 1,00 \u2013 1,25<\/strong><\/p>\n<p>&nbsp;<\/p>\n<p><strong>Verf\u00fcgbar als 20 L und 50 L<\/strong><\/p>\n","protected":false},"excerpt":{"rendered":"<p>Leicht ged\u00fcngtes Torfsubstrat mit Perlit<\/p>\n","protected":false},"featured_media":25194,"comment_status":"closed","ping_status":"closed","template":"","meta":{"_acf_changed":false,"iawp_total_views":267},"product_brand":[],"product_cat":[196],"product_tag":[],"class_list":{"0":"post-21913","1":"product","2":"type-product","3":"status-publish","4":"has-post-thumbnail","6":"product_cat-atami-substrate","8":"first","9":"instock","10":"shipping-taxable","11":"product-type-simple"},"acf":{"short_description":"<p>Atami Janeco-Light-mix ist ein ideales Basissubstrat, auf dem fast jedes Gew\u00e4chs gez\u00fcchtet werden kann. Die leicht ged\u00fcngte Erde hat den Vorteil, dass auch die etwas \u2018schwierigeren\u2019 Sorten hiermit nicht schnell \u00fcberd\u00fcngt werden k\u00f6nnen. Neben einer leichten Dosierung an D\u00fcngemitteln enth\u00e4lt Atami Janeco-Light-mix auch Perlit, damit das Substrat ausreichend luftig bleibt und gleichzeitig ein optimaler Wasserhaushalt entsteht.<\/p>\r\n<p>Bei der Z\u00fcchtung auf Atami Janeco-Light-mix kann es sein, dass wir in den ersten 3-4 Wochen keine Nahrung zuzuf\u00fcgen brauchen. Das Erdgemisch enth\u00e4lt n\u00e4mlich gen\u00fcgend D\u00fcnger f\u00fcr die ersten zwei Wochen, je nach Pflanzenmenge und Topfgr\u00f6\u00dfen. Nach dieser Zeit empfiehlt Atami, das Gew\u00e4chs f\u00fcr ein optimales Ergebnis mit Fl\u00fcssigd\u00fcnger<\/p>\r\n<p><strong>EC:\u00a0 1,00 \u2013 1,25<\/strong><\/p>","suitable_for":"","application":"","dosage":"","npk_ratio":"","available_in":"<p>20 L und 50 L<\/p>","icon_1":"","icon_1_text":"","icon_2":195151,"icon_2_text":"","icon_3":"","icon_3_text":"","icon_4":"","icon_4_text":"","video":"https:\/\/youtu.be\/HUS9aOAKtKc","second_image":25209,"product_image_page":"","user_manual":"","new_icon_1":"","new_icon_2":"","new_icon_3":"","new_icon_4":"","grow_guides":"","category":"Substrat"},"yoast_head":"<!-- This site is optimized with the Yoast SEO Premium plugin v27.5 (Yoast SEO v27.5) - https:\/\/yoast.com\/product\/yoast-seo-premium-wordpress\/ -->\n<title>Janeco Lightmix \u2013 Perfekte Erde f\u00fcr gesunde Pflanzenwachstums<\/title>\n<meta name=\"description\" content=\"Entdecken Sie Janeco Lightmix \u2013 die ideale Erde f\u00fcr eine starke Wurzelentwicklung und optimales Wachstum. Ideal f\u00fcr Ihre Pflanzen von der Keimung bis zur Ernte.\" \/>\n<meta name=\"robots\" content=\"index, follow, max-snippet:-1, max-image-preview:large, max-video-preview:-1\" \/>\n<link rel=\"canonical\" href=\"https:\/\/atami.com\/de\/produkt\/janeco-lightmix\" \/>\n<meta property=\"og:locale\" content=\"de_DE\" \/>\n<meta property=\"og:type\" content=\"article\" \/>\n<meta property=\"og:title\" content=\"Janeco-Light-mix\" \/>\n<meta property=\"og:description\" content=\"Entdecken Sie Janeco Lightmix \u2013 die ideale Erde f\u00fcr eine starke Wurzelentwicklung und optimales Wachstum. Ideal f\u00fcr Ihre Pflanzen von der Keimung bis zur Ernte.\" \/>\n<meta property=\"og:url\" content=\"https:\/\/atami.com\/de\/produkt\/janeco-lightmix\" \/>\n<meta property=\"og:site_name\" content=\"Atami\" \/>\n<meta property=\"article:publisher\" content=\"https:\/\/www.facebook.com\/Atami.International\" \/>\n<meta property=\"article:modified_time\" content=\"2026-03-03T13:12:19+00:00\" \/>\n<meta property=\"og:image\" content=\"https:\/\/atami.com\/wp-content\/uploads\/2023\/02\/Janeco-Light-Mix-Main-Image.webp\" \/>\n\t<meta property=\"og:image:width\" content=\"1080\" \/>\n\t<meta property=\"og:image:height\" content=\"1080\" \/>\n\t<meta property=\"og:image:type\" content=\"image\/webp\" \/>\n<meta name=\"twitter:card\" content=\"summary_large_image\" \/>\n<meta name=\"twitter:site\" content=\"@AtamiEU\" \/>\n<meta name=\"twitter:label1\" content=\"Gesch\u00e4tzte Lesezeit\" \/>\n\t<meta name=\"twitter:data1\" content=\"1\u00a0Minute\" \/>\n<script type=\"application\/ld+json\" class=\"yoast-schema-graph\">{\"@context\":\"https:\\\/\\\/schema.org\",\"@graph\":[{\"@type\":\"WebPage\",\"@id\":\"https:\\\/\\\/atami.com\\\/de\\\/produkt\\\/janeco-lightmix\",\"url\":\"https:\\\/\\\/atami.com\\\/de\\\/produkt\\\/janeco-lightmix\",\"name\":\"Janeco Lightmix \u2013 Perfekte Erde f\u00fcr gesunde Pflanzenwachstums\",\"isPartOf\":{\"@id\":\"https:\\\/\\\/atami.com\\\/de#website\"},\"primaryImageOfPage\":{\"@id\":\"https:\\\/\\\/atami.com\\\/de\\\/produkt\\\/janeco-lightmix#primaryimage\"},\"image\":{\"@id\":\"https:\\\/\\\/atami.com\\\/de\\\/produkt\\\/janeco-lightmix#primaryimage\"},\"thumbnailUrl\":\"https:\\\/\\\/atami.com\\\/wp-content\\\/uploads\\\/2023\\\/02\\\/Janeco-Light-Mix-Main-Image.webp\",\"datePublished\":\"2023-02-14T07:59:43+00:00\",\"dateModified\":\"2026-03-03T13:12:19+00:00\",\"description\":\"Entdecken Sie Janeco Lightmix \u2013 die ideale Erde f\u00fcr eine starke Wurzelentwicklung und optimales Wachstum. Ideal f\u00fcr Ihre Pflanzen von der Keimung bis zur Ernte.\",\"breadcrumb\":{\"@id\":\"https:\\\/\\\/atami.com\\\/de\\\/produkt\\\/janeco-lightmix#breadcrumb\"},\"inLanguage\":\"de\",\"potentialAction\":[{\"@type\":\"ReadAction\",\"target\":[\"https:\\\/\\\/atami.com\\\/de\\\/produkt\\\/janeco-lightmix\"]}]},{\"@type\":\"ImageObject\",\"inLanguage\":\"de\",\"@id\":\"https:\\\/\\\/atami.com\\\/de\\\/produkt\\\/janeco-lightmix#primaryimage\",\"url\":\"https:\\\/\\\/atami.com\\\/wp-content\\\/uploads\\\/2023\\\/02\\\/Janeco-Light-Mix-Main-Image.webp\",\"contentUrl\":\"https:\\\/\\\/atami.com\\\/wp-content\\\/uploads\\\/2023\\\/02\\\/Janeco-Light-Mix-Main-Image.webp\",\"width\":1080,\"height\":1080,\"caption\":\"Janeco-Light-Mix bietet eine ausgewogene N\u00e4hrstoffbasis, ideal f\u00fcr eine Vielzahl von Pflanzen.\"},{\"@type\":\"BreadcrumbList\",\"@id\":\"https:\\\/\\\/atami.com\\\/de\\\/produkt\\\/janeco-lightmix#breadcrumb\",\"itemListElement\":[{\"@type\":\"ListItem\",\"position\":1,\"name\":\"Home\",\"item\":\"https:\\\/\\\/atami.com\\\/de\"},{\"@type\":\"ListItem\",\"position\":2,\"name\":\"Produkte\",\"item\":\"https:\\\/\\\/atami.com\\\/de\\\/shop\"},{\"@type\":\"ListItem\",\"position\":3,\"name\":\"Marken\",\"item\":\"https:\\\/\\\/atami.com\\\/de\\\/produkt-kategorie\\\/marken\"},{\"@type\":\"ListItem\",\"position\":4,\"name\":\"Atami substrate\",\"item\":\"https:\\\/\\\/atami.com\\\/de\\\/produkt-kategorie\\\/marken\\\/atami-substrate\"},{\"@type\":\"ListItem\",\"position\":5,\"name\":\"Janeco-Light-mix\"}]},{\"@type\":\"WebSite\",\"@id\":\"https:\\\/\\\/atami.com\\\/de#website\",\"url\":\"https:\\\/\\\/atami.com\\\/de\",\"name\":\"Atami\",\"description\":\"NATURALLY INNOVATING!\",\"publisher\":{\"@id\":\"https:\\\/\\\/atami.com\\\/de#organization\"},\"potentialAction\":[{\"@type\":\"SearchAction\",\"target\":{\"@type\":\"EntryPoint\",\"urlTemplate\":\"https:\\\/\\\/atami.com\\\/de?s={search_term_string}\"},\"query-input\":{\"@type\":\"PropertyValueSpecification\",\"valueRequired\":true,\"valueName\":\"search_term_string\"}}],\"inLanguage\":\"de\"},{\"@type\":\"Organization\",\"@id\":\"https:\\\/\\\/atami.com\\\/de#organization\",\"name\":\"Atami\",\"url\":\"https:\\\/\\\/atami.com\\\/de\",\"logo\":{\"@type\":\"ImageObject\",\"inLanguage\":\"de\",\"@id\":\"https:\\\/\\\/atami.com\\\/de#\\\/schema\\\/logo\\\/image\\\/\",\"url\":\"https:\\\/\\\/atami.com\\\/wp-content\\\/uploads\\\/2026\\\/01\\\/Atami-logo-696x696px.webp\",\"contentUrl\":\"https:\\\/\\\/atami.com\\\/wp-content\\\/uploads\\\/2026\\\/01\\\/Atami-logo-696x696px.webp\",\"width\":696,\"height\":696,\"caption\":\"Atami\"},\"image\":{\"@id\":\"https:\\\/\\\/atami.com\\\/de#\\\/schema\\\/logo\\\/image\\\/\"},\"sameAs\":[\"https:\\\/\\\/www.facebook.com\\\/Atami.International\",\"https:\\\/\\\/x.com\\\/AtamiEU\",\"https:\\\/\\\/www.youtube.com\\\/c\\\/AtamiInternational\",\"https:\\\/\\\/www.instagram.com\\\/atami.international\\\/\"],\"description\":\"ATAMI is a premium plant nutrition & substrate brand founded in 1997 with the mission to make exceptional cultivation achievable for everyone. From legacy to license, we offer a wide variety of innovating award-winning products to let cultivators achieve maximum results in taste & yield.\",\"email\":\"info@mginnovations.es\",\"legalName\":\"Atami\",\"numberOfEmployees\":{\"@type\":\"QuantitativeValue\",\"minValue\":\"11\",\"maxValue\":\"50\"}}]}<\/script>\n<!-- \/ Yoast SEO Premium plugin. -->","yoast_head_json":{"title":"Janeco Lightmix \u2013 Perfekte Erde f\u00fcr gesunde Pflanzenwachstums","description":"Entdecken Sie Janeco Lightmix \u2013 die ideale Erde f\u00fcr eine starke Wurzelentwicklung und optimales Wachstum. Ideal f\u00fcr Ihre Pflanzen von der Keimung bis zur Ernte.","robots":{"index":"index","follow":"follow","max-snippet":"max-snippet:-1","max-image-preview":"max-image-preview:large","max-video-preview":"max-video-preview:-1"},"canonical":"https:\/\/atami.com\/de\/produkt\/janeco-lightmix","og_locale":"de_DE","og_type":"article","og_title":"Janeco-Light-mix","og_description":"Entdecken Sie Janeco Lightmix \u2013 die ideale Erde f\u00fcr eine starke Wurzelentwicklung und optimales Wachstum. Ideal f\u00fcr Ihre Pflanzen von der Keimung bis zur Ernte.","og_url":"https:\/\/atami.com\/de\/produkt\/janeco-lightmix","og_site_name":"Atami","article_publisher":"https:\/\/www.facebook.com\/Atami.International","article_modified_time":"2026-03-03T13:12:19+00:00","og_image":[{"width":1080,"height":1080,"url":"https:\/\/atami.com\/wp-content\/uploads\/2023\/02\/Janeco-Light-Mix-Main-Image.webp","type":"image\/webp"}],"twitter_card":"summary_large_image","twitter_site":"@AtamiEU","twitter_misc":{"Gesch\u00e4tzte Lesezeit":"1\u00a0Minute"},"schema":{"@context":"https:\/\/schema.org","@graph":[{"@type":"WebPage","@id":"https:\/\/atami.com\/de\/produkt\/janeco-lightmix","url":"https:\/\/atami.com\/de\/produkt\/janeco-lightmix","name":"Janeco Lightmix \u2013 Perfekte Erde f\u00fcr gesunde Pflanzenwachstums","isPartOf":{"@id":"https:\/\/atami.com\/de#website"},"primaryImageOfPage":{"@id":"https:\/\/atami.com\/de\/produkt\/janeco-lightmix#primaryimage"},"image":{"@id":"https:\/\/atami.com\/de\/produkt\/janeco-lightmix#primaryimage"},"thumbnailUrl":"https:\/\/atami.com\/wp-content\/uploads\/2023\/02\/Janeco-Light-Mix-Main-Image.webp","datePublished":"2023-02-14T07:59:43+00:00","dateModified":"2026-03-03T13:12:19+00:00","description":"Entdecken Sie Janeco Lightmix \u2013 die ideale Erde f\u00fcr eine starke Wurzelentwicklung und optimales Wachstum. Ideal f\u00fcr Ihre Pflanzen von der Keimung bis zur Ernte.","breadcrumb":{"@id":"https:\/\/atami.com\/de\/produkt\/janeco-lightmix#breadcrumb"},"inLanguage":"de","potentialAction":[{"@type":"ReadAction","target":["https:\/\/atami.com\/de\/produkt\/janeco-lightmix"]}]},{"@type":"ImageObject","inLanguage":"de","@id":"https:\/\/atami.com\/de\/produkt\/janeco-lightmix#primaryimage","url":"https:\/\/atami.com\/wp-content\/uploads\/2023\/02\/Janeco-Light-Mix-Main-Image.webp","contentUrl":"https:\/\/atami.com\/wp-content\/uploads\/2023\/02\/Janeco-Light-Mix-Main-Image.webp","width":1080,"height":1080,"caption":"Janeco-Light-Mix bietet eine ausgewogene N\u00e4hrstoffbasis, ideal f\u00fcr eine Vielzahl von Pflanzen."},{"@type":"BreadcrumbList","@id":"https:\/\/atami.com\/de\/produkt\/janeco-lightmix#breadcrumb","itemListElement":[{"@type":"ListItem","position":1,"name":"Home","item":"https:\/\/atami.com\/de"},{"@type":"ListItem","position":2,"name":"Produkte","item":"https:\/\/atami.com\/de\/shop"},{"@type":"ListItem","position":3,"name":"Marken","item":"https:\/\/atami.com\/de\/produkt-kategorie\/marken"},{"@type":"ListItem","position":4,"name":"Atami substrate","item":"https:\/\/atami.com\/de\/produkt-kategorie\/marken\/atami-substrate"},{"@type":"ListItem","position":5,"name":"Janeco-Light-mix"}]},{"@type":"WebSite","@id":"https:\/\/atami.com\/de#website","url":"https:\/\/atami.com\/de","name":"Atami","description":"NATURALLY INNOVATING!","publisher":{"@id":"https:\/\/atami.com\/de#organization"},"potentialAction":[{"@type":"SearchAction","target":{"@type":"EntryPoint","urlTemplate":"https:\/\/atami.com\/de?s={search_term_string}"},"query-input":{"@type":"PropertyValueSpecification","valueRequired":true,"valueName":"search_term_string"}}],"inLanguage":"de"},{"@type":"Organization","@id":"https:\/\/atami.com\/de#organization","name":"Atami","url":"https:\/\/atami.com\/de","logo":{"@type":"ImageObject","inLanguage":"de","@id":"https:\/\/atami.com\/de#\/schema\/logo\/image\/","url":"https:\/\/atami.com\/wp-content\/uploads\/2026\/01\/Atami-logo-696x696px.webp","contentUrl":"https:\/\/atami.com\/wp-content\/uploads\/2026\/01\/Atami-logo-696x696px.webp","width":696,"height":696,"caption":"Atami"},"image":{"@id":"https:\/\/atami.com\/de#\/schema\/logo\/image\/"},"sameAs":["https:\/\/www.facebook.com\/Atami.International","https:\/\/x.com\/AtamiEU","https:\/\/www.youtube.com\/c\/AtamiInternational","https:\/\/www.instagram.com\/atami.international\/"],"description":"ATAMI is a premium plant nutrition & substrate brand founded in 1997 with the mission to make exceptional cultivation achievable for everyone. From legacy to license, we offer a wide variety of innovating award-winning products to let cultivators achieve maximum results in taste & yield.","email":"info@mginnovations.es","legalName":"Atami","numberOfEmployees":{"@type":"QuantitativeValue","minValue":"11","maxValue":"50"}}]}},"_links":{"self":[{"href":"https:\/\/atami.com\/de\/wp-json\/wp\/v2\/product\/21913","targetHints":{"allow":["GET"]}}],"collection":[{"href":"https:\/\/atami.com\/de\/wp-json\/wp\/v2\/product"}],"about":[{"href":"https:\/\/atami.com\/de\/wp-json\/wp\/v2\/types\/product"}],"replies":[{"embeddable":true,"href":"https:\/\/atami.com\/de\/wp-json\/wp\/v2\/comments?post=21913"}],"wp:featuredmedia":[{"embeddable":true,"href":"https:\/\/atami.com\/de\/wp-json\/wp\/v2\/media\/25194"}],"wp:attachment":[{"href":"https:\/\/atami.com\/de\/wp-json\/wp\/v2\/media?parent=21913"}],"wp:term":[{"taxonomy":"product_brand","embeddable":true,"href":"https:\/\/atami.com\/de\/wp-json\/wp\/v2\/product_brand?post=21913"},{"taxonomy":"product_cat","embeddable":true,"href":"https:\/\/atami.com\/de\/wp-json\/wp\/v2\/product_cat?post=21913"},{"taxonomy":"product_tag","embeddable":true,"href":"https:\/\/atami.com\/de\/wp-json\/wp\/v2\/product_tag?post=21913"}],"curies":[{"name":"wp","href":"https:\/\/api.w.org\/{rel}","templated":true}]}}