{"id":21909,"date":"2023-02-13T10:47:47","date_gmt":"2023-02-13T10:47:47","guid":{"rendered":"https:\/\/atami.com\/product\/bcuzz-blossom-builder-liquid\/"},"modified":"2026-03-03T12:19:06","modified_gmt":"2026-03-03T10:19:06","slug":"bcuzz-blossom-builder-liquid","status":"publish","type":"product","link":"https:\/\/atami.com\/de\/produkt\/bcuzz-blossom-builder-liquid","title":{"rendered":"B\u2019cuzz Blossom Builder Liquid"},"content":{"rendered":"<p><strong>B\u2019cuzz Blossom Builder Liquid erzielt unglaubliche Ergebnisse! Es ist allgemein bekannt, dass Pflanzen mit fortschreitender Bl\u00fchphase auch einen erh\u00f6hten Bedarf an Phosphor und Kalium haben.<\/strong><\/p>\n<p>&nbsp;<\/p>\n<p>B\u2019cuzz Blossom Builder Liquid sorgt f\u00fcr eine verbesserte Struktur der Fr\u00fcchte und f\u00f6rdert die Bildung von starken, gesunden und sch\u00f6nen gro\u00dfen duftenden Bl\u00fcten und Fr\u00fcchten. Dank des einzigartigen P:K-Verh\u00e4ltnisses von 18% und 23% erf\u00fcllt das B\u2019cuzz Blossom Builder Liquid s\u00e4mtliche Bed\u00fcrfnisse Deiner Pflanzen. Zudem verbessert der h\u00f6here Gehalt an Phosphor im Verh\u00e4ltnis zu Kalium die Aush\u00e4rtung der Fr\u00fcchte.<\/p>\n<p>&nbsp;<\/p>\n<p><strong>BESONDERS GEEIGNET F\u00dcR<\/strong><br \/>\nVerschiedene Gem\u00fcse- und Obstsorten, wie z. B. Chilis, Paprika und Blaubeeren. Das Produkt kann auch f\u00fcr bl\u00fchende Zierpflanzen (z. B. Sommerflieder (Buddleja) und Amarant) verwendet werden. Die erforderliche Dosierung kann auf die Bed\u00fcrfnisse der jeweiligen Pflanze oder Kultur abgestimmt werden.<\/p>\n<p>&nbsp;<\/p>\n<p><strong>ANWENDUNG<\/strong><br \/>\nDas Kombiprodukt kann als alleinige N\u00e4hrstoffquelle und Stimulator verwendet werden, mit dem Z\u00fcchter bereits gute Ergebnisse erzielen. Wir empfehlen, den B\u2019cuzz Blossom Builder Liquid in Kombination mit dem <span style=\"color: #00ccff;\"><a style=\"color: #00ccff;\" href=\"https:\/\/atami.com\/fr\/produit\/bcuzz-bloom\/\">B\u2019cuzz Bloom Stimulator<\/a><\/span> zu verwenden. B\u2019cuzz Blossom Builder Liquid kann mit Erde, Kokoserde und Hydrokulturen sowie s\u00e4mtlichen Bew\u00e4sserungssystem verwendet werden.<\/p>\n<p>&nbsp;<\/p>\n<p><strong>DOSIERUNG<\/strong><br \/>\nMische Deine standardm\u00e4\u00dfigen Grundn\u00e4hrstoffe und f\u00fcgen Sie 0,25 ml bis 0,50 ml B\u2019cuzz Blossom Builder Liquid pro Liter N\u00e4hrstoffl\u00f6sung hinzu.<\/p>\n<p>&nbsp;<\/p>\n<p><strong>PK 18-23 W\/W<\/strong><\/p>\n<p>&nbsp;<\/p>\n<p><strong>VERF\u00dcGBAR ALS 50 ML, 100 ML, 1 LITER, 5 LITER<\/strong><\/p>\n","protected":false},"excerpt":{"rendered":"<p>Bl\u00fcten-Finisher<\/p>\n<p>Erh\u00f6ht den Ertrag, die Fruchtgr\u00f6\u00dfe und die aromatischen Eigenschaften<\/p>\n","protected":false},"featured_media":202014,"comment_status":"closed","ping_status":"closed","template":"","meta":{"_acf_changed":false,"iawp_total_views":298},"product_brand":[],"product_cat":[194,188],"product_tag":[],"class_list":{"0":"post-21909","1":"product","2":"type-product","3":"status-publish","4":"has-post-thumbnail","6":"product_cat-bcuzz-fluessigduenger","7":"product_cat-stimulatoren","9":"first","10":"instock","11":"shipping-taxable","12":"product-type-simple"},"acf":{"short_description":"<p><strong>B\u2019cuzz Blossom Builder Liquid erzielt unglaubliche Ergebnisse! Es ist allgemein bekannt, dass Pflanzen mit fortschreitender Bl\u00fchphase auch einen erh\u00f6hten Bedarf an Phosphor und Kalium haben.<\/strong><\/p>\r\n<p>B\u2019cuzz Blossom Builder Liquid sorgt f\u00fcr eine verbesserte Struktur der Fr\u00fcchte und f\u00f6rdert die Bildung von starken, gesunden und sch\u00f6nen gro\u00dfen duftenden Bl\u00fcten und Fr\u00fcchten. Dank des einzigartigen P:K-Verh\u00e4ltnisses von 18% und 23% erf\u00fcllt das B\u2019cuzz Blossom Builder Liquid s\u00e4mtliche Bed\u00fcrfnisse Deiner Pflanzen. Zudem verbessert der h\u00f6here Gehalt an Phosphor im Verh\u00e4ltnis zu Kalium die Aush\u00e4rtung der Fr\u00fcchte.<\/p>","suitable_for":"<p>Verschiedene Gem\u00fcse- und Obstsorten, wie z. B. Chilis, Paprika und Blaubeeren. Das Produkt kann auch f\u00fcr bl\u00fchende Zierpflanzen (z. B. Sommerflieder (Buddleja) und Amarant) verwendet werden. Die erforderliche Dosierung kann auf die Bed\u00fcrfnisse der jeweiligen Pflanze oder Kultur abgestimmt werden.<\/p>","application":"<p>Das Kombiprodukt kann als alleinige N\u00e4hrstoffquelle und Stimulator verwendet werden, mit dem Z\u00fcchter bereits gute Ergebnisse erzielen. Wir empfehlen, den B\u2019cuzz Blossom Builder Liquid in Kombination mit dem <strong><a href=\"https:\/\/atami.com\/fr\/produit\/bcuzz-bloom\/\">B\u2019cuzz Bloom Stimulator<\/a><\/strong> zu verwenden. B\u2019cuzz Blossom Builder Liquid kann mit Erde, Kokoserde und Hydrokulturen sowie s\u00e4mtlichen Bew\u00e4sserungssystem verwendet werden.<\/p>","dosage":"<p>Mische Deine standardm\u00e4\u00dfigen Grundn\u00e4hrstoffe und f\u00fcgen Sie 0,25 ml bis 0,50 ml B\u2019cuzz Blossom Builder Liquid pro Liter N\u00e4hrstoffl\u00f6sung hinzu.<\/p>","npk_ratio":"<p>PK 18-23 W\/W<\/p>","available_in":"<p>50 ML, 100 ML, 1 LITER, 5 LITER<\/p>","icon_1":191880,"icon_1_text":"STEIGERUNG VON ERTRAG UND FRUCHTGR\u00d6SSE","icon_2":191895,"icon_2_text":"EINZIGARTIGES PK-VERH\u00c4LTNIS","icon_3":191910,"icon_3_text":"HOHER GEHALT AN ZUCKER UND \u00c4THERISCHEN \u00d6LEN","icon_4":"","icon_4_text":"","video":"https:\/\/youtu.be\/HyUUmc4AqiY","second_image":1261,"product_image_page":25119,"user_manual":"","new_icon_1":"","new_icon_2":"","new_icon_3":"","new_icon_4":"","grow_guides":"","category":"Stimulator"},"yoast_head":"<!-- This site is optimized with the Yoast SEO Premium plugin v27.5 (Yoast SEO v27.5) - https:\/\/yoast.com\/product\/yoast-seo-premium-wordpress\/ -->\n<title>B\u2019cuzz Blossom Builder Liquid \u2013 Sattere Bl\u00fcten und h\u00f6here Ertr\u00e4ge<\/title>\n<meta name=\"description\" content=\"Optimiere die Bl\u00fctenbildung deiner Pflanzen mit B\u2019cuzz Blossom Builder Liquid! F\u00f6rdert dichte, kr\u00e4ftige Bl\u00fcten und maximiert den Ertrag. Jetzt entdecken!\" \/>\n<meta name=\"robots\" content=\"index, follow, max-snippet:-1, max-image-preview:large, max-video-preview:-1\" \/>\n<link rel=\"canonical\" href=\"https:\/\/atami.com\/de\/produkt\/bcuzz-blossom-builder-liquid\" \/>\n<meta property=\"og:locale\" content=\"de_DE\" \/>\n<meta property=\"og:type\" content=\"article\" \/>\n<meta property=\"og:title\" content=\"B\u2019cuzz Blossom Builder Liquid\" \/>\n<meta property=\"og:description\" content=\"Optimiere die Bl\u00fctenbildung deiner Pflanzen mit B\u2019cuzz Blossom Builder Liquid! F\u00f6rdert dichte, kr\u00e4ftige Bl\u00fcten und maximiert den Ertrag. Jetzt entdecken!\" \/>\n<meta property=\"og:url\" content=\"https:\/\/atami.com\/de\/produkt\/bcuzz-blossom-builder-liquid\" \/>\n<meta property=\"og:site_name\" content=\"Atami\" \/>\n<meta property=\"article:publisher\" content=\"https:\/\/www.facebook.com\/Atami.International\" \/>\n<meta property=\"article:modified_time\" content=\"2026-03-03T10:19:06+00:00\" \/>\n<meta property=\"og:image\" content=\"https:\/\/atami.com\/wp-content\/uploads\/2023\/02\/Bcuzz-Blossom-Builder-Liquid-product-image.webp\" \/>\n\t<meta property=\"og:image:width\" content=\"1080\" \/>\n\t<meta property=\"og:image:height\" content=\"1080\" \/>\n\t<meta property=\"og:image:type\" content=\"image\/webp\" \/>\n<meta name=\"twitter:card\" content=\"summary_large_image\" \/>\n<meta name=\"twitter:site\" content=\"@AtamiEU\" \/>\n<meta name=\"twitter:label1\" content=\"Gesch\u00e4tzte Lesezeit\" \/>\n\t<meta name=\"twitter:data1\" content=\"2\u00a0Minuten\" \/>\n<script type=\"application\/ld+json\" class=\"yoast-schema-graph\">{\"@context\":\"https:\\\/\\\/schema.org\",\"@graph\":[{\"@type\":\"WebPage\",\"@id\":\"https:\\\/\\\/atami.com\\\/de\\\/produkt\\\/bcuzz-blossom-builder-liquid\",\"url\":\"https:\\\/\\\/atami.com\\\/de\\\/produkt\\\/bcuzz-blossom-builder-liquid\",\"name\":\"B\u2019cuzz Blossom Builder Liquid \u2013 Sattere Bl\u00fcten und h\u00f6here Ertr\u00e4ge\",\"isPartOf\":{\"@id\":\"https:\\\/\\\/atami.com\\\/de#website\"},\"primaryImageOfPage\":{\"@id\":\"https:\\\/\\\/atami.com\\\/de\\\/produkt\\\/bcuzz-blossom-builder-liquid#primaryimage\"},\"image\":{\"@id\":\"https:\\\/\\\/atami.com\\\/de\\\/produkt\\\/bcuzz-blossom-builder-liquid#primaryimage\"},\"thumbnailUrl\":\"https:\\\/\\\/atami.com\\\/wp-content\\\/uploads\\\/2023\\\/02\\\/Bcuzz-Blossom-Builder-Liquid-product-image.webp\",\"datePublished\":\"2023-02-13T10:47:47+00:00\",\"dateModified\":\"2026-03-03T10:19:06+00:00\",\"description\":\"Optimiere die Bl\u00fctenbildung deiner Pflanzen mit B\u2019cuzz Blossom Builder Liquid! F\u00f6rdert dichte, kr\u00e4ftige Bl\u00fcten und maximiert den Ertrag. Jetzt entdecken!\",\"breadcrumb\":{\"@id\":\"https:\\\/\\\/atami.com\\\/de\\\/produkt\\\/bcuzz-blossom-builder-liquid#breadcrumb\"},\"inLanguage\":\"de\",\"potentialAction\":[{\"@type\":\"ReadAction\",\"target\":[\"https:\\\/\\\/atami.com\\\/de\\\/produkt\\\/bcuzz-blossom-builder-liquid\"]}]},{\"@type\":\"ImageObject\",\"inLanguage\":\"de\",\"@id\":\"https:\\\/\\\/atami.com\\\/de\\\/produkt\\\/bcuzz-blossom-builder-liquid#primaryimage\",\"url\":\"https:\\\/\\\/atami.com\\\/wp-content\\\/uploads\\\/2023\\\/02\\\/Bcuzz-Blossom-Builder-Liquid-product-image.webp\",\"contentUrl\":\"https:\\\/\\\/atami.com\\\/wp-content\\\/uploads\\\/2023\\\/02\\\/Bcuzz-Blossom-Builder-Liquid-product-image.webp\",\"width\":1080,\"height\":1080,\"caption\":\"B\u2019cuzz Blossom Builder Liquid verbessert die Fruchtstruktur und sorgt f\u00fcr kr\u00e4ftige, gesunde und gro\u00dfe duftende Bl\u00fcten und Fr\u00fcchte.\"},{\"@type\":\"BreadcrumbList\",\"@id\":\"https:\\\/\\\/atami.com\\\/de\\\/produkt\\\/bcuzz-blossom-builder-liquid#breadcrumb\",\"itemListElement\":[{\"@type\":\"ListItem\",\"position\":1,\"name\":\"Home\",\"item\":\"https:\\\/\\\/atami.com\\\/de\"},{\"@type\":\"ListItem\",\"position\":2,\"name\":\"Produkte\",\"item\":\"https:\\\/\\\/atami.com\\\/de\\\/shop\"},{\"@type\":\"ListItem\",\"position\":3,\"name\":\"Marken\",\"item\":\"https:\\\/\\\/atami.com\\\/de\\\/produkt-kategorie\\\/marken\"},{\"@type\":\"ListItem\",\"position\":4,\"name\":\"B'cuzz\",\"item\":\"https:\\\/\\\/atami.com\\\/de\\\/produkt-kategorie\\\/marken\\\/bcuzz-fluessigduenger\"},{\"@type\":\"ListItem\",\"position\":5,\"name\":\"B\u2019cuzz Blossom Builder Liquid\"}]},{\"@type\":\"WebSite\",\"@id\":\"https:\\\/\\\/atami.com\\\/de#website\",\"url\":\"https:\\\/\\\/atami.com\\\/de\",\"name\":\"Atami\",\"description\":\"NATURALLY INNOVATING!\",\"publisher\":{\"@id\":\"https:\\\/\\\/atami.com\\\/de#organization\"},\"potentialAction\":[{\"@type\":\"SearchAction\",\"target\":{\"@type\":\"EntryPoint\",\"urlTemplate\":\"https:\\\/\\\/atami.com\\\/de?s={search_term_string}\"},\"query-input\":{\"@type\":\"PropertyValueSpecification\",\"valueRequired\":true,\"valueName\":\"search_term_string\"}}],\"inLanguage\":\"de\"},{\"@type\":\"Organization\",\"@id\":\"https:\\\/\\\/atami.com\\\/de#organization\",\"name\":\"Atami\",\"url\":\"https:\\\/\\\/atami.com\\\/de\",\"logo\":{\"@type\":\"ImageObject\",\"inLanguage\":\"de\",\"@id\":\"https:\\\/\\\/atami.com\\\/de#\\\/schema\\\/logo\\\/image\\\/\",\"url\":\"https:\\\/\\\/atami.com\\\/wp-content\\\/uploads\\\/2026\\\/01\\\/Atami-logo-696x696px.webp\",\"contentUrl\":\"https:\\\/\\\/atami.com\\\/wp-content\\\/uploads\\\/2026\\\/01\\\/Atami-logo-696x696px.webp\",\"width\":696,\"height\":696,\"caption\":\"Atami\"},\"image\":{\"@id\":\"https:\\\/\\\/atami.com\\\/de#\\\/schema\\\/logo\\\/image\\\/\"},\"sameAs\":[\"https:\\\/\\\/www.facebook.com\\\/Atami.International\",\"https:\\\/\\\/x.com\\\/AtamiEU\",\"https:\\\/\\\/www.youtube.com\\\/c\\\/AtamiInternational\",\"https:\\\/\\\/www.instagram.com\\\/atami.international\\\/\"],\"description\":\"ATAMI is a premium plant nutrition & substrate brand founded in 1997 with the mission to make exceptional cultivation achievable for everyone. From legacy to license, we offer a wide variety of innovating award-winning products to let cultivators achieve maximum results in taste & yield.\",\"email\":\"info@mginnovations.es\",\"legalName\":\"Atami\",\"numberOfEmployees\":{\"@type\":\"QuantitativeValue\",\"minValue\":\"11\",\"maxValue\":\"50\"}}]}<\/script>\n<!-- \/ Yoast SEO Premium plugin. -->","yoast_head_json":{"title":"B\u2019cuzz Blossom Builder Liquid \u2013 Sattere Bl\u00fcten und h\u00f6here Ertr\u00e4ge","description":"Optimiere die Bl\u00fctenbildung deiner Pflanzen mit B\u2019cuzz Blossom Builder Liquid! F\u00f6rdert dichte, kr\u00e4ftige Bl\u00fcten und maximiert den Ertrag. Jetzt entdecken!","robots":{"index":"index","follow":"follow","max-snippet":"max-snippet:-1","max-image-preview":"max-image-preview:large","max-video-preview":"max-video-preview:-1"},"canonical":"https:\/\/atami.com\/de\/produkt\/bcuzz-blossom-builder-liquid","og_locale":"de_DE","og_type":"article","og_title":"B\u2019cuzz Blossom Builder Liquid","og_description":"Optimiere die Bl\u00fctenbildung deiner Pflanzen mit B\u2019cuzz Blossom Builder Liquid! F\u00f6rdert dichte, kr\u00e4ftige Bl\u00fcten und maximiert den Ertrag. Jetzt entdecken!","og_url":"https:\/\/atami.com\/de\/produkt\/bcuzz-blossom-builder-liquid","og_site_name":"Atami","article_publisher":"https:\/\/www.facebook.com\/Atami.International","article_modified_time":"2026-03-03T10:19:06+00:00","og_image":[{"width":1080,"height":1080,"url":"https:\/\/atami.com\/wp-content\/uploads\/2023\/02\/Bcuzz-Blossom-Builder-Liquid-product-image.webp","type":"image\/webp"}],"twitter_card":"summary_large_image","twitter_site":"@AtamiEU","twitter_misc":{"Gesch\u00e4tzte Lesezeit":"2\u00a0Minuten"},"schema":{"@context":"https:\/\/schema.org","@graph":[{"@type":"WebPage","@id":"https:\/\/atami.com\/de\/produkt\/bcuzz-blossom-builder-liquid","url":"https:\/\/atami.com\/de\/produkt\/bcuzz-blossom-builder-liquid","name":"B\u2019cuzz Blossom Builder Liquid \u2013 Sattere Bl\u00fcten und h\u00f6here Ertr\u00e4ge","isPartOf":{"@id":"https:\/\/atami.com\/de#website"},"primaryImageOfPage":{"@id":"https:\/\/atami.com\/de\/produkt\/bcuzz-blossom-builder-liquid#primaryimage"},"image":{"@id":"https:\/\/atami.com\/de\/produkt\/bcuzz-blossom-builder-liquid#primaryimage"},"thumbnailUrl":"https:\/\/atami.com\/wp-content\/uploads\/2023\/02\/Bcuzz-Blossom-Builder-Liquid-product-image.webp","datePublished":"2023-02-13T10:47:47+00:00","dateModified":"2026-03-03T10:19:06+00:00","description":"Optimiere die Bl\u00fctenbildung deiner Pflanzen mit B\u2019cuzz Blossom Builder Liquid! F\u00f6rdert dichte, kr\u00e4ftige Bl\u00fcten und maximiert den Ertrag. Jetzt entdecken!","breadcrumb":{"@id":"https:\/\/atami.com\/de\/produkt\/bcuzz-blossom-builder-liquid#breadcrumb"},"inLanguage":"de","potentialAction":[{"@type":"ReadAction","target":["https:\/\/atami.com\/de\/produkt\/bcuzz-blossom-builder-liquid"]}]},{"@type":"ImageObject","inLanguage":"de","@id":"https:\/\/atami.com\/de\/produkt\/bcuzz-blossom-builder-liquid#primaryimage","url":"https:\/\/atami.com\/wp-content\/uploads\/2023\/02\/Bcuzz-Blossom-Builder-Liquid-product-image.webp","contentUrl":"https:\/\/atami.com\/wp-content\/uploads\/2023\/02\/Bcuzz-Blossom-Builder-Liquid-product-image.webp","width":1080,"height":1080,"caption":"B\u2019cuzz Blossom Builder Liquid verbessert die Fruchtstruktur und sorgt f\u00fcr kr\u00e4ftige, gesunde und gro\u00dfe duftende Bl\u00fcten und Fr\u00fcchte."},{"@type":"BreadcrumbList","@id":"https:\/\/atami.com\/de\/produkt\/bcuzz-blossom-builder-liquid#breadcrumb","itemListElement":[{"@type":"ListItem","position":1,"name":"Home","item":"https:\/\/atami.com\/de"},{"@type":"ListItem","position":2,"name":"Produkte","item":"https:\/\/atami.com\/de\/shop"},{"@type":"ListItem","position":3,"name":"Marken","item":"https:\/\/atami.com\/de\/produkt-kategorie\/marken"},{"@type":"ListItem","position":4,"name":"B'cuzz","item":"https:\/\/atami.com\/de\/produkt-kategorie\/marken\/bcuzz-fluessigduenger"},{"@type":"ListItem","position":5,"name":"B\u2019cuzz Blossom Builder Liquid"}]},{"@type":"WebSite","@id":"https:\/\/atami.com\/de#website","url":"https:\/\/atami.com\/de","name":"Atami","description":"NATURALLY INNOVATING!","publisher":{"@id":"https:\/\/atami.com\/de#organization"},"potentialAction":[{"@type":"SearchAction","target":{"@type":"EntryPoint","urlTemplate":"https:\/\/atami.com\/de?s={search_term_string}"},"query-input":{"@type":"PropertyValueSpecification","valueRequired":true,"valueName":"search_term_string"}}],"inLanguage":"de"},{"@type":"Organization","@id":"https:\/\/atami.com\/de#organization","name":"Atami","url":"https:\/\/atami.com\/de","logo":{"@type":"ImageObject","inLanguage":"de","@id":"https:\/\/atami.com\/de#\/schema\/logo\/image\/","url":"https:\/\/atami.com\/wp-content\/uploads\/2026\/01\/Atami-logo-696x696px.webp","contentUrl":"https:\/\/atami.com\/wp-content\/uploads\/2026\/01\/Atami-logo-696x696px.webp","width":696,"height":696,"caption":"Atami"},"image":{"@id":"https:\/\/atami.com\/de#\/schema\/logo\/image\/"},"sameAs":["https:\/\/www.facebook.com\/Atami.International","https:\/\/x.com\/AtamiEU","https:\/\/www.youtube.com\/c\/AtamiInternational","https:\/\/www.instagram.com\/atami.international\/"],"description":"ATAMI is a premium plant nutrition & substrate brand founded in 1997 with the mission to make exceptional cultivation achievable for everyone. From legacy to license, we offer a wide variety of innovating award-winning products to let cultivators achieve maximum results in taste & yield.","email":"info@mginnovations.es","legalName":"Atami","numberOfEmployees":{"@type":"QuantitativeValue","minValue":"11","maxValue":"50"}}]}},"_links":{"self":[{"href":"https:\/\/atami.com\/de\/wp-json\/wp\/v2\/product\/21909","targetHints":{"allow":["GET"]}}],"collection":[{"href":"https:\/\/atami.com\/de\/wp-json\/wp\/v2\/product"}],"about":[{"href":"https:\/\/atami.com\/de\/wp-json\/wp\/v2\/types\/product"}],"replies":[{"embeddable":true,"href":"https:\/\/atami.com\/de\/wp-json\/wp\/v2\/comments?post=21909"}],"wp:featuredmedia":[{"embeddable":true,"href":"https:\/\/atami.com\/de\/wp-json\/wp\/v2\/media\/202014"}],"wp:attachment":[{"href":"https:\/\/atami.com\/de\/wp-json\/wp\/v2\/media?parent=21909"}],"wp:term":[{"taxonomy":"product_brand","embeddable":true,"href":"https:\/\/atami.com\/de\/wp-json\/wp\/v2\/product_brand?post=21909"},{"taxonomy":"product_cat","embeddable":true,"href":"https:\/\/atami.com\/de\/wp-json\/wp\/v2\/product_cat?post=21909"},{"taxonomy":"product_tag","embeddable":true,"href":"https:\/\/atami.com\/de\/wp-json\/wp\/v2\/product_tag?post=21909"}],"curies":[{"name":"wp","href":"https:\/\/api.w.org\/{rel}","templated":true}]}}