{"id":21907,"date":"2023-02-13T10:18:10","date_gmt":"2023-02-13T10:18:10","guid":{"rendered":"https:\/\/atami.com\/product\/bcuzz-bloom-stimulator\/"},"modified":"2026-03-03T12:18:46","modified_gmt":"2026-03-03T10:18:46","slug":"bcuzz-bloom-stimulator","status":"publish","type":"product","link":"https:\/\/atami.com\/de\/produkt\/bcuzz-bloom-stimulator","title":{"rendered":"B\u2019cuzz Bloom Stimulator"},"content":{"rendered":"<p><strong>Die Bl\u00fchphase ist ein spannender Teil des Pflanzenlebenszyklus, in dem das Wachstum reduziert wird und die generative Entwicklung der Pflanze beginnt.<\/strong><\/p>\n<p>&nbsp;<\/p>\n<p>Wende B\u2019cuzz Bloom Stimulator vor Beginn der Bl\u00fchphase an, sobald die Pflanze beginnt, Bl\u00fcten zu bilden. B\u2019cuzz Bloom Stimulator f\u00f6rdert die Bl\u00fchphase und sorgt daf\u00fcr, dass sie intensiver wird und l\u00e4nger anh\u00e4lt. Das Ergebnis ist eine intensive Entwicklung von dicken und kompakten Bl\u00fcten sowie Fr\u00fcchten, die gut riechen und schmecken.<\/p>\n<p>&nbsp;<\/p>\n<p><strong>B\u2019CUZZ BLOOM STIMULATOR BESONDERS GEEIGNET F\u00dcR:<\/strong><br \/>\nVerschiedene Gem\u00fcse- und Obstsorten, wie z. B. Paprika, Chilis und Aubergine. Das Produkt kann auch f\u00fcr bl\u00fchende Zierpflanzen (z. B. Kapmargeriten) verwendet werden. Die erforderliche Dosierung kann auf die Bed\u00fcrfnisse der jeweiligen Pflanze oder Kultur abgestimmt werden.<\/p>\n<p>&nbsp;<\/p>\n<p><strong>ANWENDUNG<\/strong><br \/>\nWende das Mittel ab Beginn der Bl\u00fctenbildung t\u00e4glich beim Gie\u00dfen der Pflanze an. Optimale Ergebnisse erzielst Du in Kombination mit dem B\u2019cuzz Booster. <span style=\"color: #00ccff;\"><a style=\"color: #00ccff;\" href=\"https:\/\/atami.com\/de\/produkt\/bcuzz-bloom-stimulator\/\">B\u2019cuzz Bloom Stimulator<\/a><\/span> ist einfach in der Anwendung! Du kannst es mit praktisch allen Grundn\u00e4hrstoffen kombinieren, da es fast keinen NPK-Gehalt hat. Au\u00dferdem ist es hochkonzentriert mit einer Verd\u00fcnnungsrate von 1:1000 der N\u00e4hrstoffl\u00f6sung.<\/p>\n<p>&nbsp;<\/p>\n<p><strong>DOSIERUNG<\/strong><br \/>\n0,5\u20131 ml pro Liter N\u00e4hrstoffl\u00f6sung<\/p>\n<p>&nbsp;<\/p>\n<p><strong>VERF\u00dcGBAR ALS 100 ML, 500 ML, 1 LITER, 5 LITER<\/strong><\/p>\n","protected":false},"excerpt":{"rendered":"<p>Bl\u00fctenstimulator<\/p>\n<p>Dichter, fester und reicher an Bl\u00fcten und Fr\u00fcchten<\/p>\n","protected":false},"featured_media":201999,"comment_status":"closed","ping_status":"closed","template":"","meta":{"_acf_changed":false,"iawp_total_views":661},"product_brand":[],"product_cat":[194,188],"product_tag":[],"class_list":{"0":"post-21907","1":"product","2":"type-product","3":"status-publish","4":"has-post-thumbnail","6":"product_cat-bcuzz-fluessigduenger","7":"product_cat-stimulatoren","9":"first","10":"instock","11":"shipping-taxable","12":"product-type-simple"},"acf":{"short_description":"<p><strong>Die Bl\u00fchphase ist ein spannender Teil des Pflanzenlebenszyklus, in dem das Wachstum reduziert wird und die generative Entwicklung der Pflanze beginnt.<\/strong><\/p>\r\n<p>Wende B\u2019cuzz Bloom Stimulator vor Beginn der Bl\u00fchphase an, sobald die Pflanze beginnt, Bl\u00fcten zu bilden. B\u2019cuzz Bloom Stimulator f\u00f6rdert die Bl\u00fchphase und sorgt daf\u00fcr, dass sie intensiver wird und l\u00e4nger anh\u00e4lt. Das Ergebnis ist eine intensive Entwicklung von dicken und kompakten Bl\u00fcten sowie Fr\u00fcchten, die gut riechen und schmecken.<\/p>","suitable_for":"<p>Verschiedene Gem\u00fcse- und Obstsorten, wie z. B. Paprika, Chilis und Aubergine. Das Produkt kann auch f\u00fcr bl\u00fchende Zierpflanzen (z. B. Kapmargeriten) verwendet werden. Die erforderliche Dosierung kann auf die Bed\u00fcrfnisse der jeweiligen Pflanze oder Kultur abgestimmt werden.<\/p>","application":"<p>Wende das Mittel ab Beginn der Bl\u00fctenbildung t\u00e4glich beim Gie\u00dfen der Pflanze an. Optimale Ergebnisse erzielst Du in Kombination mit dem B\u2019cuzz Booster. <strong><a href=\"https:\/\/atami.com\/de\/produkt\/bcuzz-bloom-stimulator\">B\u2019cuzz Bloom Stimulator<\/a><\/strong> ist einfach in der Anwendung! Du kannst es mit praktisch allen Grundn\u00e4hrstoffen kombinieren, da es fast keinen NPK-Gehalt hat. Au\u00dferdem ist es hochkonzentriert mit einer Verd\u00fcnnungsrate von 1:1000 der N\u00e4hrstoffl\u00f6sung.<\/p>","dosage":"<p>0,5\u20131 ml pro Liter N\u00e4hrstoffl\u00f6sung.<\/p>","npk_ratio":"","available_in":"<p>100 ML, 500 ML, 1 LITER, 5 LITER<\/p>","icon_1":191344,"icon_1_text":"L\u00c4NGERE UND INTENSIVERE BL\u00dcHPHASE","icon_2":191805,"icon_2_text":"ANGENEHMER DUFT UND GESCHMACK","icon_3":191820,"icon_3_text":"EINFACH ZU KOMBINIEREN MIT GRUNDN\u00c4HRSTOFFEN","icon_4":"","icon_4_text":"","video":"https:\/\/youtu.be\/kXXvgWn3DXU","second_image":1197,"product_image_page":25059,"user_manual":"","new_icon_1":"","new_icon_2":"","new_icon_3":"","new_icon_4":"","grow_guides":"","category":"Stimulator"},"yoast_head":"<!-- This site is optimized with the Yoast SEO Premium plugin v27.5 (Yoast SEO v27.5) - https:\/\/yoast.com\/product\/yoast-seo-premium-wordpress\/ -->\n<title>B&#039;cuzz Bloom Stimulator: F\u00f6rdern Sie st\u00e4rkere und gr\u00f6\u00dfere Bl\u00fcten<\/title>\n<meta name=\"description\" content=\"Der B&#039;cuzz Bloom Stimulator sorgt f\u00fcr eine kr\u00e4ftige Bl\u00fctenbildung und verbesserte Ertr\u00e4ge. Perfekt f\u00fcr alle, die hochwertige Bl\u00fcten mit intensiver Farbe und Aroma w\u00fcnschen.\" \/>\n<meta name=\"robots\" content=\"index, follow, max-snippet:-1, max-image-preview:large, max-video-preview:-1\" \/>\n<link rel=\"canonical\" href=\"https:\/\/atami.com\/de\/produkt\/bcuzz-bloom-stimulator\" \/>\n<meta property=\"og:locale\" content=\"de_DE\" \/>\n<meta property=\"og:type\" content=\"article\" \/>\n<meta property=\"og:title\" content=\"B\u2019cuzz Bloom Stimulator\" \/>\n<meta property=\"og:description\" content=\"Der B&#039;cuzz Bloom Stimulator sorgt f\u00fcr eine kr\u00e4ftige Bl\u00fctenbildung und verbesserte Ertr\u00e4ge. Perfekt f\u00fcr alle, die hochwertige Bl\u00fcten mit intensiver Farbe und Aroma w\u00fcnschen.\" \/>\n<meta property=\"og:url\" content=\"https:\/\/atami.com\/de\/produkt\/bcuzz-bloom-stimulator\" \/>\n<meta property=\"og:site_name\" content=\"Atami\" \/>\n<meta property=\"article:publisher\" content=\"https:\/\/www.facebook.com\/Atami.International\" \/>\n<meta property=\"article:modified_time\" content=\"2026-03-03T10:18:46+00:00\" \/>\n<meta property=\"og:image\" content=\"https:\/\/atami.com\/wp-content\/uploads\/2023\/02\/Bcuzz-Bloom-Stimulator-product-image.webp\" \/>\n\t<meta property=\"og:image:width\" content=\"1080\" \/>\n\t<meta property=\"og:image:height\" content=\"1080\" \/>\n\t<meta property=\"og:image:type\" content=\"image\/webp\" \/>\n<meta name=\"twitter:card\" content=\"summary_large_image\" \/>\n<meta name=\"twitter:site\" content=\"@AtamiEU\" \/>\n<meta name=\"twitter:label1\" content=\"Gesch\u00e4tzte Lesezeit\" \/>\n\t<meta name=\"twitter:data1\" content=\"2\u00a0Minuten\" \/>\n<script type=\"application\/ld+json\" class=\"yoast-schema-graph\">{\"@context\":\"https:\\\/\\\/schema.org\",\"@graph\":[{\"@type\":\"WebPage\",\"@id\":\"https:\\\/\\\/atami.com\\\/de\\\/produkt\\\/bcuzz-bloom-stimulator\",\"url\":\"https:\\\/\\\/atami.com\\\/de\\\/produkt\\\/bcuzz-bloom-stimulator\",\"name\":\"B'cuzz Bloom Stimulator: F\u00f6rdern Sie st\u00e4rkere und gr\u00f6\u00dfere Bl\u00fcten\",\"isPartOf\":{\"@id\":\"https:\\\/\\\/atami.com\\\/de#website\"},\"primaryImageOfPage\":{\"@id\":\"https:\\\/\\\/atami.com\\\/de\\\/produkt\\\/bcuzz-bloom-stimulator#primaryimage\"},\"image\":{\"@id\":\"https:\\\/\\\/atami.com\\\/de\\\/produkt\\\/bcuzz-bloom-stimulator#primaryimage\"},\"thumbnailUrl\":\"https:\\\/\\\/atami.com\\\/wp-content\\\/uploads\\\/2023\\\/02\\\/Bcuzz-Bloom-Stimulator-product-image.webp\",\"datePublished\":\"2023-02-13T10:18:10+00:00\",\"dateModified\":\"2026-03-03T10:18:46+00:00\",\"description\":\"Der B'cuzz Bloom Stimulator sorgt f\u00fcr eine kr\u00e4ftige Bl\u00fctenbildung und verbesserte Ertr\u00e4ge. Perfekt f\u00fcr alle, die hochwertige Bl\u00fcten mit intensiver Farbe und Aroma w\u00fcnschen.\",\"breadcrumb\":{\"@id\":\"https:\\\/\\\/atami.com\\\/de\\\/produkt\\\/bcuzz-bloom-stimulator#breadcrumb\"},\"inLanguage\":\"de\",\"potentialAction\":[{\"@type\":\"ReadAction\",\"target\":[\"https:\\\/\\\/atami.com\\\/de\\\/produkt\\\/bcuzz-bloom-stimulator\"]}]},{\"@type\":\"ImageObject\",\"inLanguage\":\"de\",\"@id\":\"https:\\\/\\\/atami.com\\\/de\\\/produkt\\\/bcuzz-bloom-stimulator#primaryimage\",\"url\":\"https:\\\/\\\/atami.com\\\/wp-content\\\/uploads\\\/2023\\\/02\\\/Bcuzz-Bloom-Stimulator-product-image.webp\",\"contentUrl\":\"https:\\\/\\\/atami.com\\\/wp-content\\\/uploads\\\/2023\\\/02\\\/Bcuzz-Bloom-Stimulator-product-image.webp\",\"width\":1080,\"height\":1080,\"caption\":\"Der B\u2019cuzz Bloom Stimulator leitet eine intensive und verl\u00e4ngerte Bl\u00fctephase ein, die zu einer explosiven Produktion dicker und kompakter Bl\u00fcten f\u00fchrt und schlie\u00dflich zu Fr\u00fcchten mit au\u00dfergew\u00f6hnlichem Geschmack und Aroma f\u00fchrt.\"},{\"@type\":\"BreadcrumbList\",\"@id\":\"https:\\\/\\\/atami.com\\\/de\\\/produkt\\\/bcuzz-bloom-stimulator#breadcrumb\",\"itemListElement\":[{\"@type\":\"ListItem\",\"position\":1,\"name\":\"Home\",\"item\":\"https:\\\/\\\/atami.com\\\/de\"},{\"@type\":\"ListItem\",\"position\":2,\"name\":\"Produkte\",\"item\":\"https:\\\/\\\/atami.com\\\/de\\\/shop\"},{\"@type\":\"ListItem\",\"position\":3,\"name\":\"Marken\",\"item\":\"https:\\\/\\\/atami.com\\\/de\\\/produkt-kategorie\\\/marken\"},{\"@type\":\"ListItem\",\"position\":4,\"name\":\"B'cuzz\",\"item\":\"https:\\\/\\\/atami.com\\\/de\\\/produkt-kategorie\\\/marken\\\/bcuzz-fluessigduenger\"},{\"@type\":\"ListItem\",\"position\":5,\"name\":\"B\u2019cuzz Bloom Stimulator\"}]},{\"@type\":\"WebSite\",\"@id\":\"https:\\\/\\\/atami.com\\\/de#website\",\"url\":\"https:\\\/\\\/atami.com\\\/de\",\"name\":\"Atami\",\"description\":\"NATURALLY INNOVATING!\",\"publisher\":{\"@id\":\"https:\\\/\\\/atami.com\\\/de#organization\"},\"potentialAction\":[{\"@type\":\"SearchAction\",\"target\":{\"@type\":\"EntryPoint\",\"urlTemplate\":\"https:\\\/\\\/atami.com\\\/de?s={search_term_string}\"},\"query-input\":{\"@type\":\"PropertyValueSpecification\",\"valueRequired\":true,\"valueName\":\"search_term_string\"}}],\"inLanguage\":\"de\"},{\"@type\":\"Organization\",\"@id\":\"https:\\\/\\\/atami.com\\\/de#organization\",\"name\":\"Atami\",\"url\":\"https:\\\/\\\/atami.com\\\/de\",\"logo\":{\"@type\":\"ImageObject\",\"inLanguage\":\"de\",\"@id\":\"https:\\\/\\\/atami.com\\\/de#\\\/schema\\\/logo\\\/image\\\/\",\"url\":\"https:\\\/\\\/atami.com\\\/wp-content\\\/uploads\\\/2026\\\/01\\\/Atami-logo-696x696px.webp\",\"contentUrl\":\"https:\\\/\\\/atami.com\\\/wp-content\\\/uploads\\\/2026\\\/01\\\/Atami-logo-696x696px.webp\",\"width\":696,\"height\":696,\"caption\":\"Atami\"},\"image\":{\"@id\":\"https:\\\/\\\/atami.com\\\/de#\\\/schema\\\/logo\\\/image\\\/\"},\"sameAs\":[\"https:\\\/\\\/www.facebook.com\\\/Atami.International\",\"https:\\\/\\\/x.com\\\/AtamiEU\",\"https:\\\/\\\/www.youtube.com\\\/c\\\/AtamiInternational\",\"https:\\\/\\\/www.instagram.com\\\/atami.international\\\/\"],\"description\":\"ATAMI is a premium plant nutrition & substrate brand founded in 1997 with the mission to make exceptional cultivation achievable for everyone. From legacy to license, we offer a wide variety of innovating award-winning products to let cultivators achieve maximum results in taste & yield.\",\"email\":\"info@mginnovations.es\",\"legalName\":\"Atami\",\"numberOfEmployees\":{\"@type\":\"QuantitativeValue\",\"minValue\":\"11\",\"maxValue\":\"50\"}}]}<\/script>\n<!-- \/ Yoast SEO Premium plugin. -->","yoast_head_json":{"title":"B'cuzz Bloom Stimulator: F\u00f6rdern Sie st\u00e4rkere und gr\u00f6\u00dfere Bl\u00fcten","description":"Der B'cuzz Bloom Stimulator sorgt f\u00fcr eine kr\u00e4ftige Bl\u00fctenbildung und verbesserte Ertr\u00e4ge. Perfekt f\u00fcr alle, die hochwertige Bl\u00fcten mit intensiver Farbe und Aroma w\u00fcnschen.","robots":{"index":"index","follow":"follow","max-snippet":"max-snippet:-1","max-image-preview":"max-image-preview:large","max-video-preview":"max-video-preview:-1"},"canonical":"https:\/\/atami.com\/de\/produkt\/bcuzz-bloom-stimulator","og_locale":"de_DE","og_type":"article","og_title":"B\u2019cuzz Bloom Stimulator","og_description":"Der B'cuzz Bloom Stimulator sorgt f\u00fcr eine kr\u00e4ftige Bl\u00fctenbildung und verbesserte Ertr\u00e4ge. Perfekt f\u00fcr alle, die hochwertige Bl\u00fcten mit intensiver Farbe und Aroma w\u00fcnschen.","og_url":"https:\/\/atami.com\/de\/produkt\/bcuzz-bloom-stimulator","og_site_name":"Atami","article_publisher":"https:\/\/www.facebook.com\/Atami.International","article_modified_time":"2026-03-03T10:18:46+00:00","og_image":[{"width":1080,"height":1080,"url":"https:\/\/atami.com\/wp-content\/uploads\/2023\/02\/Bcuzz-Bloom-Stimulator-product-image.webp","type":"image\/webp"}],"twitter_card":"summary_large_image","twitter_site":"@AtamiEU","twitter_misc":{"Gesch\u00e4tzte Lesezeit":"2\u00a0Minuten"},"schema":{"@context":"https:\/\/schema.org","@graph":[{"@type":"WebPage","@id":"https:\/\/atami.com\/de\/produkt\/bcuzz-bloom-stimulator","url":"https:\/\/atami.com\/de\/produkt\/bcuzz-bloom-stimulator","name":"B'cuzz Bloom Stimulator: F\u00f6rdern Sie st\u00e4rkere und gr\u00f6\u00dfere Bl\u00fcten","isPartOf":{"@id":"https:\/\/atami.com\/de#website"},"primaryImageOfPage":{"@id":"https:\/\/atami.com\/de\/produkt\/bcuzz-bloom-stimulator#primaryimage"},"image":{"@id":"https:\/\/atami.com\/de\/produkt\/bcuzz-bloom-stimulator#primaryimage"},"thumbnailUrl":"https:\/\/atami.com\/wp-content\/uploads\/2023\/02\/Bcuzz-Bloom-Stimulator-product-image.webp","datePublished":"2023-02-13T10:18:10+00:00","dateModified":"2026-03-03T10:18:46+00:00","description":"Der B'cuzz Bloom Stimulator sorgt f\u00fcr eine kr\u00e4ftige Bl\u00fctenbildung und verbesserte Ertr\u00e4ge. Perfekt f\u00fcr alle, die hochwertige Bl\u00fcten mit intensiver Farbe und Aroma w\u00fcnschen.","breadcrumb":{"@id":"https:\/\/atami.com\/de\/produkt\/bcuzz-bloom-stimulator#breadcrumb"},"inLanguage":"de","potentialAction":[{"@type":"ReadAction","target":["https:\/\/atami.com\/de\/produkt\/bcuzz-bloom-stimulator"]}]},{"@type":"ImageObject","inLanguage":"de","@id":"https:\/\/atami.com\/de\/produkt\/bcuzz-bloom-stimulator#primaryimage","url":"https:\/\/atami.com\/wp-content\/uploads\/2023\/02\/Bcuzz-Bloom-Stimulator-product-image.webp","contentUrl":"https:\/\/atami.com\/wp-content\/uploads\/2023\/02\/Bcuzz-Bloom-Stimulator-product-image.webp","width":1080,"height":1080,"caption":"Der B\u2019cuzz Bloom Stimulator leitet eine intensive und verl\u00e4ngerte Bl\u00fctephase ein, die zu einer explosiven Produktion dicker und kompakter Bl\u00fcten f\u00fchrt und schlie\u00dflich zu Fr\u00fcchten mit au\u00dfergew\u00f6hnlichem Geschmack und Aroma f\u00fchrt."},{"@type":"BreadcrumbList","@id":"https:\/\/atami.com\/de\/produkt\/bcuzz-bloom-stimulator#breadcrumb","itemListElement":[{"@type":"ListItem","position":1,"name":"Home","item":"https:\/\/atami.com\/de"},{"@type":"ListItem","position":2,"name":"Produkte","item":"https:\/\/atami.com\/de\/shop"},{"@type":"ListItem","position":3,"name":"Marken","item":"https:\/\/atami.com\/de\/produkt-kategorie\/marken"},{"@type":"ListItem","position":4,"name":"B'cuzz","item":"https:\/\/atami.com\/de\/produkt-kategorie\/marken\/bcuzz-fluessigduenger"},{"@type":"ListItem","position":5,"name":"B\u2019cuzz Bloom Stimulator"}]},{"@type":"WebSite","@id":"https:\/\/atami.com\/de#website","url":"https:\/\/atami.com\/de","name":"Atami","description":"NATURALLY INNOVATING!","publisher":{"@id":"https:\/\/atami.com\/de#organization"},"potentialAction":[{"@type":"SearchAction","target":{"@type":"EntryPoint","urlTemplate":"https:\/\/atami.com\/de?s={search_term_string}"},"query-input":{"@type":"PropertyValueSpecification","valueRequired":true,"valueName":"search_term_string"}}],"inLanguage":"de"},{"@type":"Organization","@id":"https:\/\/atami.com\/de#organization","name":"Atami","url":"https:\/\/atami.com\/de","logo":{"@type":"ImageObject","inLanguage":"de","@id":"https:\/\/atami.com\/de#\/schema\/logo\/image\/","url":"https:\/\/atami.com\/wp-content\/uploads\/2026\/01\/Atami-logo-696x696px.webp","contentUrl":"https:\/\/atami.com\/wp-content\/uploads\/2026\/01\/Atami-logo-696x696px.webp","width":696,"height":696,"caption":"Atami"},"image":{"@id":"https:\/\/atami.com\/de#\/schema\/logo\/image\/"},"sameAs":["https:\/\/www.facebook.com\/Atami.International","https:\/\/x.com\/AtamiEU","https:\/\/www.youtube.com\/c\/AtamiInternational","https:\/\/www.instagram.com\/atami.international\/"],"description":"ATAMI is a premium plant nutrition & substrate brand founded in 1997 with the mission to make exceptional cultivation achievable for everyone. From legacy to license, we offer a wide variety of innovating award-winning products to let cultivators achieve maximum results in taste & yield.","email":"info@mginnovations.es","legalName":"Atami","numberOfEmployees":{"@type":"QuantitativeValue","minValue":"11","maxValue":"50"}}]}},"_links":{"self":[{"href":"https:\/\/atami.com\/de\/wp-json\/wp\/v2\/product\/21907","targetHints":{"allow":["GET"]}}],"collection":[{"href":"https:\/\/atami.com\/de\/wp-json\/wp\/v2\/product"}],"about":[{"href":"https:\/\/atami.com\/de\/wp-json\/wp\/v2\/types\/product"}],"replies":[{"embeddable":true,"href":"https:\/\/atami.com\/de\/wp-json\/wp\/v2\/comments?post=21907"}],"wp:featuredmedia":[{"embeddable":true,"href":"https:\/\/atami.com\/de\/wp-json\/wp\/v2\/media\/201999"}],"wp:attachment":[{"href":"https:\/\/atami.com\/de\/wp-json\/wp\/v2\/media?parent=21907"}],"wp:term":[{"taxonomy":"product_brand","embeddable":true,"href":"https:\/\/atami.com\/de\/wp-json\/wp\/v2\/product_brand?post=21907"},{"taxonomy":"product_cat","embeddable":true,"href":"https:\/\/atami.com\/de\/wp-json\/wp\/v2\/product_cat?post=21907"},{"taxonomy":"product_tag","embeddable":true,"href":"https:\/\/atami.com\/de\/wp-json\/wp\/v2\/product_tag?post=21907"}],"curies":[{"name":"wp","href":"https:\/\/api.w.org\/{rel}","templated":true}]}}