{"id":21906,"date":"2023-02-13T10:05:07","date_gmt":"2023-02-13T10:05:07","guid":{"rendered":"https:\/\/atami.com\/product\/bcuzz-root-stimulator\/"},"modified":"2026-03-03T12:18:23","modified_gmt":"2026-03-03T10:18:23","slug":"bcuzz-root-stimulator","status":"publish","type":"product","link":"https:\/\/atami.com\/de\/produkt\/bcuzz-root-stimulator","title":{"rendered":"B\u2019cuzz Root Stimulator"},"content":{"rendered":"<p><strong>B\u2019cuzz Root Stimulator sorgt f\u00fcr starke Wurzeln zur optimalen Aufnahme und zum Transport von Wasser und N\u00e4hrstoffen. Je mehr Wurzeln eine Pflanze hat, desto st\u00e4rker ist sie mit dem Boden verbunden und desto mehr N\u00e4hrstoffe kann sie speichern und\/oder aus dem Boden zum Rest der Pflanze transportieren.<\/strong><\/p>\n<p>&nbsp;<\/p>\n<p>Dieser universelle Wurzelstimulator verbessert die Entwicklung und das Wachstum der Wurzeln sowie die Widerstandsf\u00e4higkeit der Pflanzen gegen Ungeziefer. Gesunde Wurzeln verankern die Pflanze im Substrat, wodurch sie sp\u00e4ter viel gr\u00f6\u00dfere Bl\u00fcten und Fr\u00fcchte tragen kann. Der B\u2019cuzz Root Stimulator besteht aus Fett-, Amino- und Humins\u00e4uren sowie Pflanzenextrakten.<\/p>\n<p>&nbsp;<\/p>\n<p><strong>BESONDERS GEEIGNET F\u00dcR<\/strong><br \/>\nVerschiedene Gem\u00fcse- und Obstsorten, wie z. B. Kartoffeln und S\u00fc\u00dfkartoffeln. Das Produkt kann auch f\u00fcr bl\u00fchende Zierpflanzen (z. B. Chrysanthemen, Tulpen, Traubenhyazinthen) verwendet werden. Die erforderliche Dosierung kann auf die Bed\u00fcrfnisse der jeweiligen Pflanze oder Kultur abgestimmt werden.<\/p>\n<p>&nbsp;<\/p>\n<p><strong>ANWENDUNG<\/strong><br \/>\nWenden Sie das Mittel w\u00e4hrend der ersten 2 Wochen t\u00e4glich beim Gie\u00dfen der Pflanze an. Verwenden Sie danach den <span style=\"color: #00ccff;\"><a style=\"color: #00ccff;\" href=\"https:\/\/atami.com\/de\/produkt\/bcuzz-boosters-uni\/\">B\u2019cuzz Booster<\/a><\/span>. (Erde, Hydrokultur &amp; Kokoserde)<\/p>\n<p>&nbsp;<\/p>\n<p><strong>DOSIERUNG<\/strong><br \/>\n1 ml pro Liter N\u00e4hrstoffl\u00f6sung\/Wasser<\/p>\n<p>&nbsp;<\/p>\n<p><strong>VERF\u00dcGBAR ALS 100 ML, 250 ML, 500 ML, 1 LITER UND 5 LITER<\/strong><\/p>\n","protected":false},"excerpt":{"rendered":"<p>Wurzelstimulator<\/p>\n<p>St\u00e4rker, ges\u00fcnder und mehr Wurzeln<\/p>\n","protected":false},"featured_media":202059,"comment_status":"open","ping_status":"closed","template":"","meta":{"_acf_changed":false,"iawp_total_views":244},"product_brand":[],"product_cat":[194,188],"product_tag":[],"class_list":{"0":"post-21906","1":"product","2":"type-product","3":"status-publish","4":"has-post-thumbnail","6":"product_cat-bcuzz-fluessigduenger","7":"product_cat-stimulatoren","9":"first","10":"instock","11":"shipping-taxable","12":"product-type-simple"},"acf":{"short_description":"<p><strong>B\u2019cuzz Root Stimulator sorgt f\u00fcr starke Wurzeln zur optimalen Aufnahme und zum Transport von Wasser und N\u00e4hrstoffen. Je mehr Wurzeln eine Pflanze hat, desto st\u00e4rker ist sie mit dem Boden verbunden und desto mehr N\u00e4hrstoffe kann sie speichern und\/oder aus dem Boden zum Rest der Pflanze transportieren.<\/strong><\/p>\r\n<p>Dieser universelle Wurzelstimulator verbessert die Entwicklung und das Wachstum der Wurzeln sowie die Widerstandsf\u00e4higkeit der Pflanzen gegen Ungeziefer. Gesunde Wurzeln verankern die Pflanze im Substrat, wodurch sie sp\u00e4ter viel gr\u00f6\u00dfere Bl\u00fcten und Fr\u00fcchte tragen kann. Der B\u2019cuzz Root Stimulator besteht aus Fett-, Amino- und Humins\u00e4uren sowie Pflanzenextrakten.<\/p>","suitable_for":"<p>Verschiedene Gem\u00fcse- und Obstsorten, wie z. B. Kartoffeln und S\u00fc\u00dfkartoffeln. Das Produkt kann auch f\u00fcr bl\u00fchende Zierpflanzen (z. B. Chrysanthemen, Tulpen, Traubenhyazinthen) verwendet werden. Die erforderliche Dosierung kann auf die Bed\u00fcrfnisse der jeweiligen Pflanze oder Kultur abgestimmt werden.<\/p>","application":"<p>Wenden Sie das Mittel w\u00e4hrend der ersten 2 Wochen t\u00e4glich beim Gie\u00dfen der Pflanze an. Verwenden Sie danach den <strong><a href=\"https:\/\/atami.com\/de\/produkt\/bcuzz-boosters-uni\">B\u2019cuzz Booster<\/a><\/strong>. (Erde, Hydrokultur &amp; Kokoserde)<\/p>","dosage":"<p>1 ml pro Liter N\u00e4hrstoffl\u00f6sung\/Wasser.<\/p>","npk_ratio":"","available_in":"<p>100 ML, 250 ML, 500 ML, 1 LITER UND 5 LITER<\/p>","icon_1":191314,"icon_1_text":"GESUNDE WURZELN","icon_2":191329,"icon_2_text":"BESSER AUFNAHME VON N\u00c4HRSTOFFEN","icon_3":191790,"icon_3_text":"BESSERES WACHSTUM","icon_4":"","icon_4_text":"","video":"https:\/\/youtu.be\/LshaDQvdbQE","second_image":"","product_image_page":"","user_manual":"","new_icon_1":"","new_icon_2":"","new_icon_3":"","new_icon_4":"","grow_guides":"","category":"Stimulator"},"yoast_head":"<!-- This site is optimized with the Yoast SEO Premium plugin v27.5 (Yoast SEO v27.5) - https:\/\/yoast.com\/product\/yoast-seo-premium-wordpress\/ -->\n<title>B\u2019cuzz Root Stimulator \u2013 F\u00fcr starke Wurzeln und gesunde Pflanzen<\/title>\n<meta name=\"description\" content=\"Entdecke den B\u2019cuzz Root Stimulator von Atami \u2013 der ideale Booster f\u00fcr die Wurzelentwicklung deiner Pflanzen. F\u00fcr schnellere Aufnahme von N\u00e4hrstoffen, kr\u00e4ftigeres Wachstum und stabile Ertr\u00e4ge.\" \/>\n<meta name=\"robots\" content=\"index, follow, max-snippet:-1, max-image-preview:large, max-video-preview:-1\" \/>\n<link rel=\"canonical\" href=\"https:\/\/atami.com\/de\/produkt\/bcuzz-root-stimulator\" \/>\n<meta property=\"og:locale\" content=\"de_DE\" \/>\n<meta property=\"og:type\" content=\"article\" \/>\n<meta property=\"og:title\" content=\"B\u2019cuzz Root Stimulator\" \/>\n<meta property=\"og:description\" content=\"Entdecke den B\u2019cuzz Root Stimulator von Atami \u2013 der ideale Booster f\u00fcr die Wurzelentwicklung deiner Pflanzen. F\u00fcr schnellere Aufnahme von N\u00e4hrstoffen, kr\u00e4ftigeres Wachstum und stabile Ertr\u00e4ge.\" \/>\n<meta property=\"og:url\" content=\"https:\/\/atami.com\/de\/produkt\/bcuzz-root-stimulator\" \/>\n<meta property=\"og:site_name\" content=\"Atami\" \/>\n<meta property=\"article:publisher\" content=\"https:\/\/www.facebook.com\/Atami.International\" \/>\n<meta property=\"article:modified_time\" content=\"2026-03-03T10:18:23+00:00\" \/>\n<meta property=\"og:image\" content=\"https:\/\/atami.com\/wp-content\/uploads\/2023\/02\/Bcuzz-Root-Stimulator-product-image.webp\" \/>\n\t<meta property=\"og:image:width\" content=\"1080\" \/>\n\t<meta property=\"og:image:height\" content=\"1080\" \/>\n\t<meta property=\"og:image:type\" content=\"image\/webp\" \/>\n<meta name=\"twitter:card\" content=\"summary_large_image\" \/>\n<meta name=\"twitter:site\" content=\"@AtamiEU\" \/>\n<meta name=\"twitter:label1\" content=\"Gesch\u00e4tzte Lesezeit\" \/>\n\t<meta name=\"twitter:data1\" content=\"1\u00a0Minute\" \/>\n<script type=\"application\/ld+json\" class=\"yoast-schema-graph\">{\"@context\":\"https:\\\/\\\/schema.org\",\"@graph\":[{\"@type\":\"WebPage\",\"@id\":\"https:\\\/\\\/atami.com\\\/de\\\/produkt\\\/bcuzz-root-stimulator\",\"url\":\"https:\\\/\\\/atami.com\\\/de\\\/produkt\\\/bcuzz-root-stimulator\",\"name\":\"B\u2019cuzz Root Stimulator \u2013 F\u00fcr starke Wurzeln und gesunde Pflanzen\",\"isPartOf\":{\"@id\":\"https:\\\/\\\/atami.com\\\/de#website\"},\"primaryImageOfPage\":{\"@id\":\"https:\\\/\\\/atami.com\\\/de\\\/produkt\\\/bcuzz-root-stimulator#primaryimage\"},\"image\":{\"@id\":\"https:\\\/\\\/atami.com\\\/de\\\/produkt\\\/bcuzz-root-stimulator#primaryimage\"},\"thumbnailUrl\":\"https:\\\/\\\/atami.com\\\/wp-content\\\/uploads\\\/2023\\\/02\\\/Bcuzz-Root-Stimulator-product-image.webp\",\"datePublished\":\"2023-02-13T10:05:07+00:00\",\"dateModified\":\"2026-03-03T10:18:23+00:00\",\"description\":\"Entdecke den B\u2019cuzz Root Stimulator von Atami \u2013 der ideale Booster f\u00fcr die Wurzelentwicklung deiner Pflanzen. F\u00fcr schnellere Aufnahme von N\u00e4hrstoffen, kr\u00e4ftigeres Wachstum und stabile Ertr\u00e4ge.\",\"breadcrumb\":{\"@id\":\"https:\\\/\\\/atami.com\\\/de\\\/produkt\\\/bcuzz-root-stimulator#breadcrumb\"},\"inLanguage\":\"de\",\"potentialAction\":[{\"@type\":\"ReadAction\",\"target\":[\"https:\\\/\\\/atami.com\\\/de\\\/produkt\\\/bcuzz-root-stimulator\"]}]},{\"@type\":\"ImageObject\",\"inLanguage\":\"de\",\"@id\":\"https:\\\/\\\/atami.com\\\/de\\\/produkt\\\/bcuzz-root-stimulator#primaryimage\",\"url\":\"https:\\\/\\\/atami.com\\\/wp-content\\\/uploads\\\/2023\\\/02\\\/Bcuzz-Root-Stimulator-product-image.webp\",\"contentUrl\":\"https:\\\/\\\/atami.com\\\/wp-content\\\/uploads\\\/2023\\\/02\\\/Bcuzz-Root-Stimulator-product-image.webp\",\"width\":1080,\"height\":1080,\"caption\":\"Der B\u2019cuzz Root Stimulator sorgt f\u00fcr starke Wurzeln f\u00fcr eine optimale Aufnahme und einen optimalen Transport von Wasser und N\u00e4hrstoffen und verbessert so die Gesundheit und Widerstandskraft der Pflanzen.\"},{\"@type\":\"BreadcrumbList\",\"@id\":\"https:\\\/\\\/atami.com\\\/de\\\/produkt\\\/bcuzz-root-stimulator#breadcrumb\",\"itemListElement\":[{\"@type\":\"ListItem\",\"position\":1,\"name\":\"Home\",\"item\":\"https:\\\/\\\/atami.com\\\/de\"},{\"@type\":\"ListItem\",\"position\":2,\"name\":\"Produkte\",\"item\":\"https:\\\/\\\/atami.com\\\/de\\\/shop\"},{\"@type\":\"ListItem\",\"position\":3,\"name\":\"Marken\",\"item\":\"https:\\\/\\\/atami.com\\\/de\\\/produkt-kategorie\\\/marken\"},{\"@type\":\"ListItem\",\"position\":4,\"name\":\"B'cuzz\",\"item\":\"https:\\\/\\\/atami.com\\\/de\\\/produkt-kategorie\\\/marken\\\/bcuzz-fluessigduenger\"},{\"@type\":\"ListItem\",\"position\":5,\"name\":\"B\u2019cuzz Root Stimulator\"}]},{\"@type\":\"WebSite\",\"@id\":\"https:\\\/\\\/atami.com\\\/de#website\",\"url\":\"https:\\\/\\\/atami.com\\\/de\",\"name\":\"Atami\",\"description\":\"NATURALLY INNOVATING!\",\"publisher\":{\"@id\":\"https:\\\/\\\/atami.com\\\/de#organization\"},\"potentialAction\":[{\"@type\":\"SearchAction\",\"target\":{\"@type\":\"EntryPoint\",\"urlTemplate\":\"https:\\\/\\\/atami.com\\\/de?s={search_term_string}\"},\"query-input\":{\"@type\":\"PropertyValueSpecification\",\"valueRequired\":true,\"valueName\":\"search_term_string\"}}],\"inLanguage\":\"de\"},{\"@type\":\"Organization\",\"@id\":\"https:\\\/\\\/atami.com\\\/de#organization\",\"name\":\"Atami\",\"url\":\"https:\\\/\\\/atami.com\\\/de\",\"logo\":{\"@type\":\"ImageObject\",\"inLanguage\":\"de\",\"@id\":\"https:\\\/\\\/atami.com\\\/de#\\\/schema\\\/logo\\\/image\\\/\",\"url\":\"https:\\\/\\\/atami.com\\\/wp-content\\\/uploads\\\/2026\\\/01\\\/Atami-logo-696x696px.webp\",\"contentUrl\":\"https:\\\/\\\/atami.com\\\/wp-content\\\/uploads\\\/2026\\\/01\\\/Atami-logo-696x696px.webp\",\"width\":696,\"height\":696,\"caption\":\"Atami\"},\"image\":{\"@id\":\"https:\\\/\\\/atami.com\\\/de#\\\/schema\\\/logo\\\/image\\\/\"},\"sameAs\":[\"https:\\\/\\\/www.facebook.com\\\/Atami.International\",\"https:\\\/\\\/x.com\\\/AtamiEU\",\"https:\\\/\\\/www.youtube.com\\\/c\\\/AtamiInternational\",\"https:\\\/\\\/www.instagram.com\\\/atami.international\\\/\"],\"description\":\"ATAMI is a premium plant nutrition & substrate brand founded in 1997 with the mission to make exceptional cultivation achievable for everyone. From legacy to license, we offer a wide variety of innovating award-winning products to let cultivators achieve maximum results in taste & yield.\",\"email\":\"info@mginnovations.es\",\"legalName\":\"Atami\",\"numberOfEmployees\":{\"@type\":\"QuantitativeValue\",\"minValue\":\"11\",\"maxValue\":\"50\"}}]}<\/script>\n<!-- \/ Yoast SEO Premium plugin. -->","yoast_head_json":{"title":"B\u2019cuzz Root Stimulator \u2013 F\u00fcr starke Wurzeln und gesunde Pflanzen","description":"Entdecke den B\u2019cuzz Root Stimulator von Atami \u2013 der ideale Booster f\u00fcr die Wurzelentwicklung deiner Pflanzen. F\u00fcr schnellere Aufnahme von N\u00e4hrstoffen, kr\u00e4ftigeres Wachstum und stabile Ertr\u00e4ge.","robots":{"index":"index","follow":"follow","max-snippet":"max-snippet:-1","max-image-preview":"max-image-preview:large","max-video-preview":"max-video-preview:-1"},"canonical":"https:\/\/atami.com\/de\/produkt\/bcuzz-root-stimulator","og_locale":"de_DE","og_type":"article","og_title":"B\u2019cuzz Root Stimulator","og_description":"Entdecke den B\u2019cuzz Root Stimulator von Atami \u2013 der ideale Booster f\u00fcr die Wurzelentwicklung deiner Pflanzen. F\u00fcr schnellere Aufnahme von N\u00e4hrstoffen, kr\u00e4ftigeres Wachstum und stabile Ertr\u00e4ge.","og_url":"https:\/\/atami.com\/de\/produkt\/bcuzz-root-stimulator","og_site_name":"Atami","article_publisher":"https:\/\/www.facebook.com\/Atami.International","article_modified_time":"2026-03-03T10:18:23+00:00","og_image":[{"width":1080,"height":1080,"url":"https:\/\/atami.com\/wp-content\/uploads\/2023\/02\/Bcuzz-Root-Stimulator-product-image.webp","type":"image\/webp"}],"twitter_card":"summary_large_image","twitter_site":"@AtamiEU","twitter_misc":{"Gesch\u00e4tzte Lesezeit":"1\u00a0Minute"},"schema":{"@context":"https:\/\/schema.org","@graph":[{"@type":"WebPage","@id":"https:\/\/atami.com\/de\/produkt\/bcuzz-root-stimulator","url":"https:\/\/atami.com\/de\/produkt\/bcuzz-root-stimulator","name":"B\u2019cuzz Root Stimulator \u2013 F\u00fcr starke Wurzeln und gesunde Pflanzen","isPartOf":{"@id":"https:\/\/atami.com\/de#website"},"primaryImageOfPage":{"@id":"https:\/\/atami.com\/de\/produkt\/bcuzz-root-stimulator#primaryimage"},"image":{"@id":"https:\/\/atami.com\/de\/produkt\/bcuzz-root-stimulator#primaryimage"},"thumbnailUrl":"https:\/\/atami.com\/wp-content\/uploads\/2023\/02\/Bcuzz-Root-Stimulator-product-image.webp","datePublished":"2023-02-13T10:05:07+00:00","dateModified":"2026-03-03T10:18:23+00:00","description":"Entdecke den B\u2019cuzz Root Stimulator von Atami \u2013 der ideale Booster f\u00fcr die Wurzelentwicklung deiner Pflanzen. F\u00fcr schnellere Aufnahme von N\u00e4hrstoffen, kr\u00e4ftigeres Wachstum und stabile Ertr\u00e4ge.","breadcrumb":{"@id":"https:\/\/atami.com\/de\/produkt\/bcuzz-root-stimulator#breadcrumb"},"inLanguage":"de","potentialAction":[{"@type":"ReadAction","target":["https:\/\/atami.com\/de\/produkt\/bcuzz-root-stimulator"]}]},{"@type":"ImageObject","inLanguage":"de","@id":"https:\/\/atami.com\/de\/produkt\/bcuzz-root-stimulator#primaryimage","url":"https:\/\/atami.com\/wp-content\/uploads\/2023\/02\/Bcuzz-Root-Stimulator-product-image.webp","contentUrl":"https:\/\/atami.com\/wp-content\/uploads\/2023\/02\/Bcuzz-Root-Stimulator-product-image.webp","width":1080,"height":1080,"caption":"Der B\u2019cuzz Root Stimulator sorgt f\u00fcr starke Wurzeln f\u00fcr eine optimale Aufnahme und einen optimalen Transport von Wasser und N\u00e4hrstoffen und verbessert so die Gesundheit und Widerstandskraft der Pflanzen."},{"@type":"BreadcrumbList","@id":"https:\/\/atami.com\/de\/produkt\/bcuzz-root-stimulator#breadcrumb","itemListElement":[{"@type":"ListItem","position":1,"name":"Home","item":"https:\/\/atami.com\/de"},{"@type":"ListItem","position":2,"name":"Produkte","item":"https:\/\/atami.com\/de\/shop"},{"@type":"ListItem","position":3,"name":"Marken","item":"https:\/\/atami.com\/de\/produkt-kategorie\/marken"},{"@type":"ListItem","position":4,"name":"B'cuzz","item":"https:\/\/atami.com\/de\/produkt-kategorie\/marken\/bcuzz-fluessigduenger"},{"@type":"ListItem","position":5,"name":"B\u2019cuzz Root Stimulator"}]},{"@type":"WebSite","@id":"https:\/\/atami.com\/de#website","url":"https:\/\/atami.com\/de","name":"Atami","description":"NATURALLY INNOVATING!","publisher":{"@id":"https:\/\/atami.com\/de#organization"},"potentialAction":[{"@type":"SearchAction","target":{"@type":"EntryPoint","urlTemplate":"https:\/\/atami.com\/de?s={search_term_string}"},"query-input":{"@type":"PropertyValueSpecification","valueRequired":true,"valueName":"search_term_string"}}],"inLanguage":"de"},{"@type":"Organization","@id":"https:\/\/atami.com\/de#organization","name":"Atami","url":"https:\/\/atami.com\/de","logo":{"@type":"ImageObject","inLanguage":"de","@id":"https:\/\/atami.com\/de#\/schema\/logo\/image\/","url":"https:\/\/atami.com\/wp-content\/uploads\/2026\/01\/Atami-logo-696x696px.webp","contentUrl":"https:\/\/atami.com\/wp-content\/uploads\/2026\/01\/Atami-logo-696x696px.webp","width":696,"height":696,"caption":"Atami"},"image":{"@id":"https:\/\/atami.com\/de#\/schema\/logo\/image\/"},"sameAs":["https:\/\/www.facebook.com\/Atami.International","https:\/\/x.com\/AtamiEU","https:\/\/www.youtube.com\/c\/AtamiInternational","https:\/\/www.instagram.com\/atami.international\/"],"description":"ATAMI is a premium plant nutrition & substrate brand founded in 1997 with the mission to make exceptional cultivation achievable for everyone. From legacy to license, we offer a wide variety of innovating award-winning products to let cultivators achieve maximum results in taste & yield.","email":"info@mginnovations.es","legalName":"Atami","numberOfEmployees":{"@type":"QuantitativeValue","minValue":"11","maxValue":"50"}}]}},"_links":{"self":[{"href":"https:\/\/atami.com\/de\/wp-json\/wp\/v2\/product\/21906","targetHints":{"allow":["GET"]}}],"collection":[{"href":"https:\/\/atami.com\/de\/wp-json\/wp\/v2\/product"}],"about":[{"href":"https:\/\/atami.com\/de\/wp-json\/wp\/v2\/types\/product"}],"replies":[{"embeddable":true,"href":"https:\/\/atami.com\/de\/wp-json\/wp\/v2\/comments?post=21906"}],"wp:featuredmedia":[{"embeddable":true,"href":"https:\/\/atami.com\/de\/wp-json\/wp\/v2\/media\/202059"}],"wp:attachment":[{"href":"https:\/\/atami.com\/de\/wp-json\/wp\/v2\/media?parent=21906"}],"wp:term":[{"taxonomy":"product_brand","embeddable":true,"href":"https:\/\/atami.com\/de\/wp-json\/wp\/v2\/product_brand?post=21906"},{"taxonomy":"product_cat","embeddable":true,"href":"https:\/\/atami.com\/de\/wp-json\/wp\/v2\/product_cat?post=21906"},{"taxonomy":"product_tag","embeddable":true,"href":"https:\/\/atami.com\/de\/wp-json\/wp\/v2\/product_tag?post=21906"}],"curies":[{"name":"wp","href":"https:\/\/api.w.org\/{rel}","templated":true}]}}