{"id":21904,"date":"2023-02-13T08:47:45","date_gmt":"2023-02-13T08:47:45","guid":{"rendered":"https:\/\/atami.com\/product\/bcuzz-silic-boost\/"},"modified":"2026-03-03T12:19:27","modified_gmt":"2026-03-03T10:19:27","slug":"bcuzz-silic-boost","status":"publish","type":"product","link":"https:\/\/atami.com\/de\/produkt\/bcuzz-silic-boost","title":{"rendered":"B\u2019CUZZ Silic Boost"},"content":{"rendered":"<p><strong>Silizium (Si) ist eines der am h\u00e4ufigsten im Boden vorkommenden Elemente. Der Gro\u00dfteil davon ist Ihren Pflanzen jedoch nicht zug\u00e4nglich. Das ist bedauerlich, da Silizium eine st\u00e4rkende Wirkung auf Ihre Pflanzen hat und sie weniger anf\u00e4llig f\u00fcr umweltbedingte Stressfaktoren wie Hitze oder Trockenheit macht.<\/strong><\/p>\n<p>&nbsp;<\/p>\n<p>B\u2019cuzz Silic Boost ist ein stabiles Siliziumprodukt in f\u00fcr Pflanzen verf\u00fcgbarer Form. Somit ist es eine hervorragende Erg\u00e4nzung zu Ihrer \u00fcblichen N\u00e4hrstoffgabe.<\/p>\n<p>&nbsp;<\/p>\n<p><strong>BESONDERS GEEIGNET F\u00dcR<\/strong><br \/>\nVerschiedene Gem\u00fcsesorten, Fr\u00fcchte und Kr\u00e4uter wie Gurken, Tomaten, Erdbeeren, Sonnenblumen, Sprossen, Basilikum usw. Die erforderliche Dosierung kann auf die Bed\u00fcrfnisse der jeweiligen Pflanze oder Kultur abgestimmt werden.<\/p>\n<p>&nbsp;<\/p>\n<p><strong>ANWENDUNG<\/strong><br \/>\nVerwenden Sie das Produkt ab Beginn der Wachstumsphase t\u00e4glich, indem Sie es der N\u00e4hrstoffl\u00f6sung hinzuf\u00fcgen. Kann auch in Bew\u00e4sserungssystemen oder als Blattspray verwendet werden.<\/p>\n<p>&nbsp;<\/p>\n<p><strong>DOSIERUNG<\/strong><br \/>\nGeben Sie 0,1 ml B\u2019cuzz Silic Boost pro Liter N\u00e4hrstoffl\u00f6sung hinzu.<\/p>\n<p>&nbsp;<\/p>\n<p><strong>VERF\u00dcGBAR ALS 50 ML, 100 ML, 250 ML, 500 ML, 1 L UND 5 L.<\/strong><\/p>\n","protected":false},"excerpt":{"rendered":"<p>Stabiler Siliziumzusatz<\/p>\n<p>Steigert die Kraft der Pflanzen<\/p>\n","protected":false},"featured_media":202074,"comment_status":"closed","ping_status":"closed","template":"","meta":{"_acf_changed":false,"iawp_total_views":516},"product_brand":[],"product_cat":[194,195],"product_tag":[],"class_list":{"0":"post-21904","1":"product","2":"type-product","3":"status-publish","4":"has-post-thumbnail","6":"product_cat-bcuzz-fluessigduenger","7":"product_cat-booster","9":"first","10":"instock","11":"shipping-taxable","12":"product-type-simple"},"acf":{"short_description":"<p><strong>Silizium (Si) ist eines der am h\u00e4ufigsten im Boden vorkommenden Elemente. Der Gro\u00dfteil davon ist Ihren Pflanzen jedoch nicht zug\u00e4nglich. Das ist bedauerlich, da Silizium eine st\u00e4rkende Wirkung auf Ihre Pflanzen hat und sie weniger anf\u00e4llig f\u00fcr umweltbedingte Stressfaktoren wie Hitze oder Trockenheit macht.<\/strong><\/p>\r\n<p>B\u2019cuzz Silic Boost ist ein stabiles Siliziumprodukt in f\u00fcr Pflanzen verf\u00fcgbarer Form. Somit ist es eine hervorragende Erg\u00e4nzung zu Ihrer \u00fcblichen N\u00e4hrstoffgabe.<\/p>","suitable_for":"<p>Verschiedene Gem\u00fcsesorten, Fr\u00fcchte und Kr\u00e4uter wie Gurken, Tomaten, Erdbeeren, Sonnenblumen, Sprossen, Basilikum usw. Die erforderliche Dosierung kann auf die Bed\u00fcrfnisse der jeweiligen Pflanze oder Kultur abgestimmt werden.<\/p>","application":"<p>Verwenden Sie das Produkt ab Beginn der Wachstumsphase t\u00e4glich, indem Sie es der N\u00e4hrstoffl\u00f6sung hinzuf\u00fcgen. Kann auch in Bew\u00e4sserungssystemen oder als Blattspray verwendet werden.<\/p>","dosage":"<p>Geben Sie 0,1 ml B\u2019cuzz Silic Boost pro Liter N\u00e4hrstoffl\u00f6sung hinzu.<\/p>","npk_ratio":"","available_in":"<p>50 ML, 100 ML, 250 ML, 500 ML, 1 L UND 5 L<\/p>","icon_1":191206,"icon_1_text":"SILIZIUM VERBESSERT DIE FESTIGKEIT DER \u00c4USSEREN BLATTSCHICHT UND DES ST\u00c4NGELS, WODURCH DIE WIDERSTANDSF\u00c4HIGKEIT DER PFLANZE GEGEN KRANKHEITEN UND STRESS ERH\u00d6HT WIRD.","icon_2":191221,"icon_2_text":"SILIZIUM SORGT F\u00dcR ST\u00c4RKERE UND DICKERE ST\u00c4NGEL.","icon_3":191251,"icon_3_text":"SILIZIUM REGULIERT UND VERBESSERT DIE N\u00c4HRSTOFFAUFNAHME.","icon_4":"","icon_4_text":"","video":"https:\/\/youtu.be\/cPlkJs0kEbE","second_image":"","product_image_page":"","user_manual":"","new_icon_1":"","new_icon_2":"","new_icon_3":"","new_icon_4":"","grow_guides":"","category":"Booster"},"yoast_head":"<!-- This site is optimized with the Yoast SEO Premium plugin v27.5 (Yoast SEO v27.5) - https:\/\/yoast.com\/product\/yoast-seo-premium-wordpress\/ -->\n<title>B&#039;cuzz Silic Boost \u2013 Verst\u00e4rke das Wachstum deiner Pflanzen mit Silizium<\/title>\n<meta name=\"description\" content=\"Entdecke B&#039;cuzz Silic Boost, ein hochwirksames Siliziumpr\u00e4parat, das das Wachstum und die St\u00e4rke deiner Pflanzen f\u00f6rdert. Ideal f\u00fcr gesunde Wurzeln und kr\u00e4ftige St\u00e4ngel. Jetzt mehr erfahren!\" \/>\n<meta name=\"robots\" content=\"index, follow, max-snippet:-1, max-image-preview:large, max-video-preview:-1\" \/>\n<link rel=\"canonical\" href=\"https:\/\/atami.com\/de\/produkt\/bcuzz-silic-boost\" \/>\n<meta property=\"og:locale\" content=\"de_DE\" \/>\n<meta property=\"og:type\" content=\"article\" \/>\n<meta property=\"og:title\" content=\"B\u2019CUZZ Silic Boost\" \/>\n<meta property=\"og:description\" content=\"Entdecke B&#039;cuzz Silic Boost, ein hochwirksames Siliziumpr\u00e4parat, das das Wachstum und die St\u00e4rke deiner Pflanzen f\u00f6rdert. Ideal f\u00fcr gesunde Wurzeln und kr\u00e4ftige St\u00e4ngel. Jetzt mehr erfahren!\" \/>\n<meta property=\"og:url\" content=\"https:\/\/atami.com\/de\/produkt\/bcuzz-silic-boost\" \/>\n<meta property=\"og:site_name\" content=\"Atami\" \/>\n<meta property=\"article:publisher\" content=\"https:\/\/www.facebook.com\/Atami.International\" \/>\n<meta property=\"article:modified_time\" content=\"2026-03-03T10:19:27+00:00\" \/>\n<meta property=\"og:image\" content=\"https:\/\/atami.com\/wp-content\/uploads\/2023\/02\/Bcuzz-Silic-Boost-product-image.webp\" \/>\n\t<meta property=\"og:image:width\" content=\"1080\" \/>\n\t<meta property=\"og:image:height\" content=\"1080\" \/>\n\t<meta property=\"og:image:type\" content=\"image\/webp\" \/>\n<meta name=\"twitter:card\" content=\"summary_large_image\" \/>\n<meta name=\"twitter:site\" content=\"@AtamiEU\" \/>\n<meta name=\"twitter:label1\" content=\"Gesch\u00e4tzte Lesezeit\" \/>\n\t<meta name=\"twitter:data1\" content=\"1\u00a0Minute\" \/>\n<script type=\"application\/ld+json\" class=\"yoast-schema-graph\">{\"@context\":\"https:\\\/\\\/schema.org\",\"@graph\":[{\"@type\":\"WebPage\",\"@id\":\"https:\\\/\\\/atami.com\\\/de\\\/produkt\\\/bcuzz-silic-boost\",\"url\":\"https:\\\/\\\/atami.com\\\/de\\\/produkt\\\/bcuzz-silic-boost\",\"name\":\"B'cuzz Silic Boost \u2013 Verst\u00e4rke das Wachstum deiner Pflanzen mit Silizium\",\"isPartOf\":{\"@id\":\"https:\\\/\\\/atami.com\\\/de#website\"},\"primaryImageOfPage\":{\"@id\":\"https:\\\/\\\/atami.com\\\/de\\\/produkt\\\/bcuzz-silic-boost#primaryimage\"},\"image\":{\"@id\":\"https:\\\/\\\/atami.com\\\/de\\\/produkt\\\/bcuzz-silic-boost#primaryimage\"},\"thumbnailUrl\":\"https:\\\/\\\/atami.com\\\/wp-content\\\/uploads\\\/2023\\\/02\\\/Bcuzz-Silic-Boost-product-image.webp\",\"datePublished\":\"2023-02-13T08:47:45+00:00\",\"dateModified\":\"2026-03-03T10:19:27+00:00\",\"description\":\"Entdecke B'cuzz Silic Boost, ein hochwirksames Siliziumpr\u00e4parat, das das Wachstum und die St\u00e4rke deiner Pflanzen f\u00f6rdert. Ideal f\u00fcr gesunde Wurzeln und kr\u00e4ftige St\u00e4ngel. Jetzt mehr erfahren!\",\"breadcrumb\":{\"@id\":\"https:\\\/\\\/atami.com\\\/de\\\/produkt\\\/bcuzz-silic-boost#breadcrumb\"},\"inLanguage\":\"de\",\"potentialAction\":[{\"@type\":\"ReadAction\",\"target\":[\"https:\\\/\\\/atami.com\\\/de\\\/produkt\\\/bcuzz-silic-boost\"]}]},{\"@type\":\"ImageObject\",\"inLanguage\":\"de\",\"@id\":\"https:\\\/\\\/atami.com\\\/de\\\/produkt\\\/bcuzz-silic-boost#primaryimage\",\"url\":\"https:\\\/\\\/atami.com\\\/wp-content\\\/uploads\\\/2023\\\/02\\\/Bcuzz-Silic-Boost-product-image.webp\",\"contentUrl\":\"https:\\\/\\\/atami.com\\\/wp-content\\\/uploads\\\/2023\\\/02\\\/Bcuzz-Silic-Boost-product-image.webp\",\"width\":1080,\"height\":1080,\"caption\":\"B\u2019cuzz Silic Boost liefert pflanzenverf\u00fcgbares Silizium, st\u00e4rkt die Pflanzenstruktur und verbessert die Widerstandsf\u00e4higkeit gegen Hitze und Trockenheit.\"},{\"@type\":\"BreadcrumbList\",\"@id\":\"https:\\\/\\\/atami.com\\\/de\\\/produkt\\\/bcuzz-silic-boost#breadcrumb\",\"itemListElement\":[{\"@type\":\"ListItem\",\"position\":1,\"name\":\"Home\",\"item\":\"https:\\\/\\\/atami.com\\\/de\"},{\"@type\":\"ListItem\",\"position\":2,\"name\":\"Produkte\",\"item\":\"https:\\\/\\\/atami.com\\\/de\\\/shop\"},{\"@type\":\"ListItem\",\"position\":3,\"name\":\"Marken\",\"item\":\"https:\\\/\\\/atami.com\\\/de\\\/produkt-kategorie\\\/marken\"},{\"@type\":\"ListItem\",\"position\":4,\"name\":\"B'cuzz\",\"item\":\"https:\\\/\\\/atami.com\\\/de\\\/produkt-kategorie\\\/marken\\\/bcuzz-fluessigduenger\"},{\"@type\":\"ListItem\",\"position\":5,\"name\":\"B\u2019CUZZ Silic Boost\"}]},{\"@type\":\"WebSite\",\"@id\":\"https:\\\/\\\/atami.com\\\/de#website\",\"url\":\"https:\\\/\\\/atami.com\\\/de\",\"name\":\"Atami\",\"description\":\"NATURALLY INNOVATING!\",\"publisher\":{\"@id\":\"https:\\\/\\\/atami.com\\\/de#organization\"},\"potentialAction\":[{\"@type\":\"SearchAction\",\"target\":{\"@type\":\"EntryPoint\",\"urlTemplate\":\"https:\\\/\\\/atami.com\\\/de?s={search_term_string}\"},\"query-input\":{\"@type\":\"PropertyValueSpecification\",\"valueRequired\":true,\"valueName\":\"search_term_string\"}}],\"inLanguage\":\"de\"},{\"@type\":\"Organization\",\"@id\":\"https:\\\/\\\/atami.com\\\/de#organization\",\"name\":\"Atami\",\"url\":\"https:\\\/\\\/atami.com\\\/de\",\"logo\":{\"@type\":\"ImageObject\",\"inLanguage\":\"de\",\"@id\":\"https:\\\/\\\/atami.com\\\/de#\\\/schema\\\/logo\\\/image\\\/\",\"url\":\"https:\\\/\\\/atami.com\\\/wp-content\\\/uploads\\\/2026\\\/01\\\/Atami-logo-696x696px.webp\",\"contentUrl\":\"https:\\\/\\\/atami.com\\\/wp-content\\\/uploads\\\/2026\\\/01\\\/Atami-logo-696x696px.webp\",\"width\":696,\"height\":696,\"caption\":\"Atami\"},\"image\":{\"@id\":\"https:\\\/\\\/atami.com\\\/de#\\\/schema\\\/logo\\\/image\\\/\"},\"sameAs\":[\"https:\\\/\\\/www.facebook.com\\\/Atami.International\",\"https:\\\/\\\/x.com\\\/AtamiEU\",\"https:\\\/\\\/www.youtube.com\\\/c\\\/AtamiInternational\",\"https:\\\/\\\/www.instagram.com\\\/atami.international\\\/\"],\"description\":\"ATAMI is a premium plant nutrition & substrate brand founded in 1997 with the mission to make exceptional cultivation achievable for everyone. From legacy to license, we offer a wide variety of innovating award-winning products to let cultivators achieve maximum results in taste & yield.\",\"email\":\"info@mginnovations.es\",\"legalName\":\"Atami\",\"numberOfEmployees\":{\"@type\":\"QuantitativeValue\",\"minValue\":\"11\",\"maxValue\":\"50\"}}]}<\/script>\n<!-- \/ Yoast SEO Premium plugin. -->","yoast_head_json":{"title":"B'cuzz Silic Boost \u2013 Verst\u00e4rke das Wachstum deiner Pflanzen mit Silizium","description":"Entdecke B'cuzz Silic Boost, ein hochwirksames Siliziumpr\u00e4parat, das das Wachstum und die St\u00e4rke deiner Pflanzen f\u00f6rdert. Ideal f\u00fcr gesunde Wurzeln und kr\u00e4ftige St\u00e4ngel. Jetzt mehr erfahren!","robots":{"index":"index","follow":"follow","max-snippet":"max-snippet:-1","max-image-preview":"max-image-preview:large","max-video-preview":"max-video-preview:-1"},"canonical":"https:\/\/atami.com\/de\/produkt\/bcuzz-silic-boost","og_locale":"de_DE","og_type":"article","og_title":"B\u2019CUZZ Silic Boost","og_description":"Entdecke B'cuzz Silic Boost, ein hochwirksames Siliziumpr\u00e4parat, das das Wachstum und die St\u00e4rke deiner Pflanzen f\u00f6rdert. Ideal f\u00fcr gesunde Wurzeln und kr\u00e4ftige St\u00e4ngel. Jetzt mehr erfahren!","og_url":"https:\/\/atami.com\/de\/produkt\/bcuzz-silic-boost","og_site_name":"Atami","article_publisher":"https:\/\/www.facebook.com\/Atami.International","article_modified_time":"2026-03-03T10:19:27+00:00","og_image":[{"width":1080,"height":1080,"url":"https:\/\/atami.com\/wp-content\/uploads\/2023\/02\/Bcuzz-Silic-Boost-product-image.webp","type":"image\/webp"}],"twitter_card":"summary_large_image","twitter_site":"@AtamiEU","twitter_misc":{"Gesch\u00e4tzte Lesezeit":"1\u00a0Minute"},"schema":{"@context":"https:\/\/schema.org","@graph":[{"@type":"WebPage","@id":"https:\/\/atami.com\/de\/produkt\/bcuzz-silic-boost","url":"https:\/\/atami.com\/de\/produkt\/bcuzz-silic-boost","name":"B'cuzz Silic Boost \u2013 Verst\u00e4rke das Wachstum deiner Pflanzen mit Silizium","isPartOf":{"@id":"https:\/\/atami.com\/de#website"},"primaryImageOfPage":{"@id":"https:\/\/atami.com\/de\/produkt\/bcuzz-silic-boost#primaryimage"},"image":{"@id":"https:\/\/atami.com\/de\/produkt\/bcuzz-silic-boost#primaryimage"},"thumbnailUrl":"https:\/\/atami.com\/wp-content\/uploads\/2023\/02\/Bcuzz-Silic-Boost-product-image.webp","datePublished":"2023-02-13T08:47:45+00:00","dateModified":"2026-03-03T10:19:27+00:00","description":"Entdecke B'cuzz Silic Boost, ein hochwirksames Siliziumpr\u00e4parat, das das Wachstum und die St\u00e4rke deiner Pflanzen f\u00f6rdert. Ideal f\u00fcr gesunde Wurzeln und kr\u00e4ftige St\u00e4ngel. Jetzt mehr erfahren!","breadcrumb":{"@id":"https:\/\/atami.com\/de\/produkt\/bcuzz-silic-boost#breadcrumb"},"inLanguage":"de","potentialAction":[{"@type":"ReadAction","target":["https:\/\/atami.com\/de\/produkt\/bcuzz-silic-boost"]}]},{"@type":"ImageObject","inLanguage":"de","@id":"https:\/\/atami.com\/de\/produkt\/bcuzz-silic-boost#primaryimage","url":"https:\/\/atami.com\/wp-content\/uploads\/2023\/02\/Bcuzz-Silic-Boost-product-image.webp","contentUrl":"https:\/\/atami.com\/wp-content\/uploads\/2023\/02\/Bcuzz-Silic-Boost-product-image.webp","width":1080,"height":1080,"caption":"B\u2019cuzz Silic Boost liefert pflanzenverf\u00fcgbares Silizium, st\u00e4rkt die Pflanzenstruktur und verbessert die Widerstandsf\u00e4higkeit gegen Hitze und Trockenheit."},{"@type":"BreadcrumbList","@id":"https:\/\/atami.com\/de\/produkt\/bcuzz-silic-boost#breadcrumb","itemListElement":[{"@type":"ListItem","position":1,"name":"Home","item":"https:\/\/atami.com\/de"},{"@type":"ListItem","position":2,"name":"Produkte","item":"https:\/\/atami.com\/de\/shop"},{"@type":"ListItem","position":3,"name":"Marken","item":"https:\/\/atami.com\/de\/produkt-kategorie\/marken"},{"@type":"ListItem","position":4,"name":"B'cuzz","item":"https:\/\/atami.com\/de\/produkt-kategorie\/marken\/bcuzz-fluessigduenger"},{"@type":"ListItem","position":5,"name":"B\u2019CUZZ Silic Boost"}]},{"@type":"WebSite","@id":"https:\/\/atami.com\/de#website","url":"https:\/\/atami.com\/de","name":"Atami","description":"NATURALLY INNOVATING!","publisher":{"@id":"https:\/\/atami.com\/de#organization"},"potentialAction":[{"@type":"SearchAction","target":{"@type":"EntryPoint","urlTemplate":"https:\/\/atami.com\/de?s={search_term_string}"},"query-input":{"@type":"PropertyValueSpecification","valueRequired":true,"valueName":"search_term_string"}}],"inLanguage":"de"},{"@type":"Organization","@id":"https:\/\/atami.com\/de#organization","name":"Atami","url":"https:\/\/atami.com\/de","logo":{"@type":"ImageObject","inLanguage":"de","@id":"https:\/\/atami.com\/de#\/schema\/logo\/image\/","url":"https:\/\/atami.com\/wp-content\/uploads\/2026\/01\/Atami-logo-696x696px.webp","contentUrl":"https:\/\/atami.com\/wp-content\/uploads\/2026\/01\/Atami-logo-696x696px.webp","width":696,"height":696,"caption":"Atami"},"image":{"@id":"https:\/\/atami.com\/de#\/schema\/logo\/image\/"},"sameAs":["https:\/\/www.facebook.com\/Atami.International","https:\/\/x.com\/AtamiEU","https:\/\/www.youtube.com\/c\/AtamiInternational","https:\/\/www.instagram.com\/atami.international\/"],"description":"ATAMI is a premium plant nutrition & substrate brand founded in 1997 with the mission to make exceptional cultivation achievable for everyone. From legacy to license, we offer a wide variety of innovating award-winning products to let cultivators achieve maximum results in taste & yield.","email":"info@mginnovations.es","legalName":"Atami","numberOfEmployees":{"@type":"QuantitativeValue","minValue":"11","maxValue":"50"}}]}},"_links":{"self":[{"href":"https:\/\/atami.com\/de\/wp-json\/wp\/v2\/product\/21904","targetHints":{"allow":["GET"]}}],"collection":[{"href":"https:\/\/atami.com\/de\/wp-json\/wp\/v2\/product"}],"about":[{"href":"https:\/\/atami.com\/de\/wp-json\/wp\/v2\/types\/product"}],"replies":[{"embeddable":true,"href":"https:\/\/atami.com\/de\/wp-json\/wp\/v2\/comments?post=21904"}],"wp:featuredmedia":[{"embeddable":true,"href":"https:\/\/atami.com\/de\/wp-json\/wp\/v2\/media\/202074"}],"wp:attachment":[{"href":"https:\/\/atami.com\/de\/wp-json\/wp\/v2\/media?parent=21904"}],"wp:term":[{"taxonomy":"product_brand","embeddable":true,"href":"https:\/\/atami.com\/de\/wp-json\/wp\/v2\/product_brand?post=21904"},{"taxonomy":"product_cat","embeddable":true,"href":"https:\/\/atami.com\/de\/wp-json\/wp\/v2\/product_cat?post=21904"},{"taxonomy":"product_tag","embeddable":true,"href":"https:\/\/atami.com\/de\/wp-json\/wp\/v2\/product_tag?post=21904"}],"curies":[{"name":"wp","href":"https:\/\/api.w.org\/{rel}","templated":true}]}}