{"id":21903,"date":"2023-02-13T08:30:49","date_gmt":"2023-02-13T08:30:49","guid":{"rendered":"https:\/\/atami.com\/product\/bcuzz-boosters-uni\/"},"modified":"2026-03-03T12:19:56","modified_gmt":"2026-03-03T10:19:56","slug":"bcuzz-boosters-uni","status":"publish","type":"product","link":"https:\/\/atami.com\/de\/produkt\/bcuzz-boosters-uni","title":{"rendered":"B\u2019CUZZ Boosters Uni"},"content":{"rendered":"<p><strong>Vor \u00fcber zwanzig Jahren begannen wir mit der Entwicklung der B\u2019cuzz Boosters. Die Booster bestehen aus zwei wichtigen Komponenten: Einem nat\u00fcrlichen Pflanzenextrakt und einer Mischung aus Stickstoff, Magnesium und Eisen.<\/strong><\/p>\n<p>&nbsp;<\/p>\n<p>Der nat\u00fcrliche Pflanzenextrakt unterst\u00fctzt die physiologischen Prozesse der Pflanze. Ein Umgebungswechsel ist f\u00fcr die meisten Pflanzen ein Schock, der das Wachstum beeintr\u00e4chtigt. B\u2019cuzz Booster Uni ist ein universeller Booster, der daf\u00fcr sorgt, dass der \u00dcbergang der Pflanzen in die Wachstumsphase so reibungslos wie m\u00f6glich verl\u00e4uft.<\/p>\n<p>&nbsp;<\/p>\n<p>Untersch\u00e4tze nicht die Bedeutung der Wachstumsphase \u2013 sie hat erheblichen Einfluss auf den sp\u00e4teren Ertrag. Stickstoff, Magnesium und Eisen sind wichtige Elemente f\u00fcr die Bildung von mehr Chlorophyll. Der Schl\u00fcssel zu einer gesunden, starken Pflanze ist das Chlorophyll-Molek\u00fcl, das Licht absorbiert und Energie in Zucker umwandelt.<\/p>\n<p>&nbsp;<\/p>\n<p>Die Pflanze ben\u00f6tigt diese Energie aus dem Zucker, um die Zelldifferenzierung, die Zellteilung und die Zellausdehnung durchzuf\u00fchren.<\/p>\n<p>&nbsp;<\/p>\n<p><strong>BESONDERS GEEIGNET F\u00dcR<\/strong><br \/>\nVerschiedene Gem\u00fcsesorten, Fr\u00fcchte und Kr\u00e4uter wie Salat, Spinat, Kohl, Gurken, Koriander, Schnittlauch usw. Die erforderliche Dosierung kann auf die Bed\u00fcrfnisse der jeweiligen Pflanze oder Kultur abgestimmt werden.<\/p>\n<p>&nbsp;<\/p>\n<p><strong>ANWENDUNG<\/strong><br \/>\nBeginne in der Wachstumsphase und wende das Mittel t\u00e4glich beim Gie\u00dfen der Pflanze an. Optimale Ergebnisse erzielst Du in Kombination mit dem<span style=\"color: #00ccff;\"> <a style=\"color: #00ccff;\" href=\"https:\/\/atami.com\/de\/produkt\/bcuzz-bloom-stimulator\/\">B\u2019cuzz Bloom Stimulator<\/a><\/span>. Du kannst den B\u2019cuzz Booster Uni problemlos mit jedem beliebigen Grundn\u00e4hrstoff oder Zusatz kombinieren.<\/p>\n<p>&nbsp;<\/p>\n<p><strong>DOSIERUNG<\/strong><br \/>\n0,1\u20130,5 ml pro Liter N\u00e4hrstoffl\u00f6sung<\/p>\n<p>&nbsp;<\/p>\n<p><strong>VERF\u00dcGBAR ALS 100 ML, 1 LITER, 5 LITER<\/strong><\/p>\n","protected":false},"excerpt":{"rendered":"<p>Stressabbauer<\/p>\n<p>Ideal zum Umpflanzen von Pflanzen<\/p>\n","protected":false},"featured_media":202089,"comment_status":"closed","ping_status":"closed","template":"","meta":{"_acf_changed":false,"iawp_total_views":221},"product_brand":[],"product_cat":[194,195],"product_tag":[],"class_list":{"0":"post-21903","1":"product","2":"type-product","3":"status-publish","4":"has-post-thumbnail","6":"product_cat-bcuzz-fluessigduenger","7":"product_cat-booster","9":"first","10":"instock","11":"shipping-taxable","12":"product-type-simple"},"acf":{"short_description":"<p><strong>Vor \u00fcber zwanzig Jahren begannen wir mit der Entwicklung der B\u2019cuzz Boosters. Die Booster bestehen aus zwei wichtigen Komponenten: Einem nat\u00fcrlichen Pflanzenextrakt und einer Mischung aus Stickstoff, Magnesium und Eisen.<\/strong><\/p>\r\n<p>Der nat\u00fcrliche Pflanzenextrakt unterst\u00fctzt die physiologischen Prozesse der Pflanze. Ein Umgebungswechsel ist f\u00fcr die meisten Pflanzen ein Schock, der das Wachstum beeintr\u00e4chtigt. B\u2019cuzz Booster Uni ist ein universeller Booster, der daf\u00fcr sorgt, dass der \u00dcbergang der Pflanzen in die Wachstumsphase so reibungslos wie m\u00f6glich verl\u00e4uft.<\/p>\r\n<p>Untersch\u00e4tze nicht die Bedeutung der Wachstumsphase \u2013 sie hat erheblichen Einfluss auf den sp\u00e4teren Ertrag. Stickstoff, Magnesium und Eisen sind wichtige Elemente f\u00fcr die Bildung von mehr Chlorophyll. Der Schl\u00fcssel zu einer gesunden, starken Pflanze ist das Chlorophyll-Molek\u00fcl, das Licht absorbiert und Energie in Zucker umwandelt.<\/p>\r\n<p>Die Pflanze ben\u00f6tigt diese Energie aus dem Zucker, um die Zelldifferenzierung, die Zellteilung und die Zellausdehnung durchzuf\u00fchren.<\/p>","suitable_for":"<p>Verschiedene Gem\u00fcsesorten, Fr\u00fcchte und Kr\u00e4uter wie Salat, Spinat, Kohl, Gurken, Koriander, Schnittlauch usw. Die erforderliche Dosierung kann auf die Bed\u00fcrfnisse der jeweiligen Pflanze oder Kultur abgestimmt werden.<\/p>","application":"<p>Beginne in der Wachstumsphase und wende das Mittel t\u00e4glich beim Gie\u00dfen der Pflanze an. Optimale Ergebnisse erzielst Du in Kombination mit dem<strong> <a href=\"https:\/\/atami.com\/de\/produkt\/bcuzz-bloom-stimulator\">B\u2019cuzz Bloom Stimulator<\/a><\/strong>. Du kannst den B\u2019cuzz Booster Uni problemlos mit jedem beliebigen Grundn\u00e4hrstoff oder Zusatz kombinieren.<\/p>","dosage":"<p>0,1\u20130,5 ml pro Liter N\u00e4hrstoffl\u00f6sung.<\/p>","npk_ratio":"","available_in":"<p>100 ML, 1 LITER, 5 LITER<\/p>","icon_1":191730,"icon_1_text":"UNTERST\u00dcTZT DIE PFLANZE BEI UMGEBUNGSWECHSELN","icon_2":191745,"icon_2_text":"ENTH\u00c4LT DIE SCHL\u00dcSSELELEMENTE F\u00dcR CHLOROPHYLL","icon_3":191760,"icon_3_text":"KANN PROBLEMLOS MIT ANDEREN N\u00c4HRSTOFFEN S\u00c4MTLICHER ATAMI-PRODUKTREIHEN KOMBINIERT WERDEN. SEHEN SIE SICH ONLINE UNSERE ANBAUPL\u00c4NE AN!","icon_4":"","icon_4_text":"","video":"https:\/\/youtu.be\/oum0HrImeCU","second_image":1091,"product_image_page":24153,"user_manual":"","new_icon_1":"","new_icon_2":"","new_icon_3":"","new_icon_4":"","grow_guides":"","category":"Booster"},"yoast_head":"<!-- This site is optimized with the Yoast SEO Premium plugin v27.5 (Yoast SEO v27.5) - https:\/\/yoast.com\/product\/yoast-seo-premium-wordpress\/ -->\n<title>B\u2019CUZZ Boosters Uni | Ideal zum Umpflanzen von Pflanzen | Atami<\/title>\n<meta name=\"description\" content=\"Vor \u00fcber zwanzig Jahren begannen wir mit der Entwicklung der B\u2019cuzz Boosters. Die Booster bestehen aus zwei wichtigen Komponenten: Einem nat\u00fcrlichen Pflanzenextrakt und einer Mischung aus Stickstoff, Magnesium und Eisen.\" \/>\n<meta name=\"robots\" content=\"index, follow, max-snippet:-1, max-image-preview:large, max-video-preview:-1\" \/>\n<link rel=\"canonical\" href=\"https:\/\/atami.com\/de\/produkt\/bcuzz-boosters-uni\" \/>\n<meta property=\"og:locale\" content=\"de_DE\" \/>\n<meta property=\"og:type\" content=\"article\" \/>\n<meta property=\"og:title\" content=\"B\u2019CUZZ Boosters Uni\" \/>\n<meta property=\"og:description\" content=\"Vor \u00fcber zwanzig Jahren begannen wir mit der Entwicklung der B\u2019cuzz Boosters. Die Booster bestehen aus zwei wichtigen Komponenten: Einem nat\u00fcrlichen Pflanzenextrakt und einer Mischung aus Stickstoff, Magnesium und Eisen.\" \/>\n<meta property=\"og:url\" content=\"https:\/\/atami.com\/de\/produkt\/bcuzz-boosters-uni\" \/>\n<meta property=\"og:site_name\" content=\"Atami\" \/>\n<meta property=\"article:publisher\" content=\"https:\/\/www.facebook.com\/Atami.International\" \/>\n<meta property=\"article:modified_time\" content=\"2026-03-03T10:19:56+00:00\" \/>\n<meta property=\"og:image\" content=\"https:\/\/atami.com\/wp-content\/uploads\/2023\/02\/Bcuzz-Booster-Uni-product-image.webp\" \/>\n\t<meta property=\"og:image:width\" content=\"1080\" \/>\n\t<meta property=\"og:image:height\" content=\"1080\" \/>\n\t<meta property=\"og:image:type\" content=\"image\/webp\" \/>\n<meta name=\"twitter:card\" content=\"summary_large_image\" \/>\n<meta name=\"twitter:site\" content=\"@AtamiEU\" \/>\n<meta name=\"twitter:label1\" content=\"Gesch\u00e4tzte Lesezeit\" \/>\n\t<meta name=\"twitter:data1\" content=\"2\u00a0Minuten\" \/>\n<script type=\"application\/ld+json\" class=\"yoast-schema-graph\">{\"@context\":\"https:\\\/\\\/schema.org\",\"@graph\":[{\"@type\":\"WebPage\",\"@id\":\"https:\\\/\\\/atami.com\\\/de\\\/produkt\\\/bcuzz-boosters-uni\",\"url\":\"https:\\\/\\\/atami.com\\\/de\\\/produkt\\\/bcuzz-boosters-uni\",\"name\":\"B\u2019CUZZ Boosters Uni | Ideal zum Umpflanzen von Pflanzen | Atami\",\"isPartOf\":{\"@id\":\"https:\\\/\\\/atami.com\\\/de#website\"},\"primaryImageOfPage\":{\"@id\":\"https:\\\/\\\/atami.com\\\/de\\\/produkt\\\/bcuzz-boosters-uni#primaryimage\"},\"image\":{\"@id\":\"https:\\\/\\\/atami.com\\\/de\\\/produkt\\\/bcuzz-boosters-uni#primaryimage\"},\"thumbnailUrl\":\"https:\\\/\\\/atami.com\\\/wp-content\\\/uploads\\\/2023\\\/02\\\/Bcuzz-Booster-Uni-product-image.webp\",\"datePublished\":\"2023-02-13T08:30:49+00:00\",\"dateModified\":\"2026-03-03T10:19:56+00:00\",\"description\":\"Vor \u00fcber zwanzig Jahren begannen wir mit der Entwicklung der B\u2019cuzz Boosters. Die Booster bestehen aus zwei wichtigen Komponenten: Einem nat\u00fcrlichen Pflanzenextrakt und einer Mischung aus Stickstoff, Magnesium und Eisen.\",\"breadcrumb\":{\"@id\":\"https:\\\/\\\/atami.com\\\/de\\\/produkt\\\/bcuzz-boosters-uni#breadcrumb\"},\"inLanguage\":\"de\",\"potentialAction\":[{\"@type\":\"ReadAction\",\"target\":[\"https:\\\/\\\/atami.com\\\/de\\\/produkt\\\/bcuzz-boosters-uni\"]}]},{\"@type\":\"ImageObject\",\"inLanguage\":\"de\",\"@id\":\"https:\\\/\\\/atami.com\\\/de\\\/produkt\\\/bcuzz-boosters-uni#primaryimage\",\"url\":\"https:\\\/\\\/atami.com\\\/wp-content\\\/uploads\\\/2023\\\/02\\\/Bcuzz-Booster-Uni-product-image.webp\",\"contentUrl\":\"https:\\\/\\\/atami.com\\\/wp-content\\\/uploads\\\/2023\\\/02\\\/Bcuzz-Booster-Uni-product-image.webp\",\"width\":1080,\"height\":1080,\"caption\":\"B\u2019cuzz Boosters Uni unterst\u00fctzt Pflanzen bei Umweltver\u00e4nderungen, f\u00f6rdert einen reibungslosen \u00dcbergang in die Wachstumsphase und stimuliert die Chlorophyllproduktion f\u00fcr eine gesunde Entwicklung.\"},{\"@type\":\"BreadcrumbList\",\"@id\":\"https:\\\/\\\/atami.com\\\/de\\\/produkt\\\/bcuzz-boosters-uni#breadcrumb\",\"itemListElement\":[{\"@type\":\"ListItem\",\"position\":1,\"name\":\"Home\",\"item\":\"https:\\\/\\\/atami.com\\\/de\"},{\"@type\":\"ListItem\",\"position\":2,\"name\":\"Produkte\",\"item\":\"https:\\\/\\\/atami.com\\\/de\\\/shop\"},{\"@type\":\"ListItem\",\"position\":3,\"name\":\"Marken\",\"item\":\"https:\\\/\\\/atami.com\\\/de\\\/produkt-kategorie\\\/marken\"},{\"@type\":\"ListItem\",\"position\":4,\"name\":\"B'cuzz\",\"item\":\"https:\\\/\\\/atami.com\\\/de\\\/produkt-kategorie\\\/marken\\\/bcuzz-fluessigduenger\"},{\"@type\":\"ListItem\",\"position\":5,\"name\":\"B\u2019CUZZ Boosters Uni\"}]},{\"@type\":\"WebSite\",\"@id\":\"https:\\\/\\\/atami.com\\\/de#website\",\"url\":\"https:\\\/\\\/atami.com\\\/de\",\"name\":\"Atami\",\"description\":\"NATURALLY INNOVATING!\",\"publisher\":{\"@id\":\"https:\\\/\\\/atami.com\\\/de#organization\"},\"potentialAction\":[{\"@type\":\"SearchAction\",\"target\":{\"@type\":\"EntryPoint\",\"urlTemplate\":\"https:\\\/\\\/atami.com\\\/de?s={search_term_string}\"},\"query-input\":{\"@type\":\"PropertyValueSpecification\",\"valueRequired\":true,\"valueName\":\"search_term_string\"}}],\"inLanguage\":\"de\"},{\"@type\":\"Organization\",\"@id\":\"https:\\\/\\\/atami.com\\\/de#organization\",\"name\":\"Atami\",\"url\":\"https:\\\/\\\/atami.com\\\/de\",\"logo\":{\"@type\":\"ImageObject\",\"inLanguage\":\"de\",\"@id\":\"https:\\\/\\\/atami.com\\\/de#\\\/schema\\\/logo\\\/image\\\/\",\"url\":\"https:\\\/\\\/atami.com\\\/wp-content\\\/uploads\\\/2026\\\/01\\\/Atami-logo-696x696px.webp\",\"contentUrl\":\"https:\\\/\\\/atami.com\\\/wp-content\\\/uploads\\\/2026\\\/01\\\/Atami-logo-696x696px.webp\",\"width\":696,\"height\":696,\"caption\":\"Atami\"},\"image\":{\"@id\":\"https:\\\/\\\/atami.com\\\/de#\\\/schema\\\/logo\\\/image\\\/\"},\"sameAs\":[\"https:\\\/\\\/www.facebook.com\\\/Atami.International\",\"https:\\\/\\\/x.com\\\/AtamiEU\",\"https:\\\/\\\/www.youtube.com\\\/c\\\/AtamiInternational\",\"https:\\\/\\\/www.instagram.com\\\/atami.international\\\/\"],\"description\":\"ATAMI is a premium plant nutrition & substrate brand founded in 1997 with the mission to make exceptional cultivation achievable for everyone. From legacy to license, we offer a wide variety of innovating award-winning products to let cultivators achieve maximum results in taste & yield.\",\"email\":\"info@mginnovations.es\",\"legalName\":\"Atami\",\"numberOfEmployees\":{\"@type\":\"QuantitativeValue\",\"minValue\":\"11\",\"maxValue\":\"50\"}}]}<\/script>\n<!-- \/ Yoast SEO Premium plugin. -->","yoast_head_json":{"title":"B\u2019CUZZ Boosters Uni | Ideal zum Umpflanzen von Pflanzen | Atami","description":"Vor \u00fcber zwanzig Jahren begannen wir mit der Entwicklung der B\u2019cuzz Boosters. Die Booster bestehen aus zwei wichtigen Komponenten: Einem nat\u00fcrlichen Pflanzenextrakt und einer Mischung aus Stickstoff, Magnesium und Eisen.","robots":{"index":"index","follow":"follow","max-snippet":"max-snippet:-1","max-image-preview":"max-image-preview:large","max-video-preview":"max-video-preview:-1"},"canonical":"https:\/\/atami.com\/de\/produkt\/bcuzz-boosters-uni","og_locale":"de_DE","og_type":"article","og_title":"B\u2019CUZZ Boosters Uni","og_description":"Vor \u00fcber zwanzig Jahren begannen wir mit der Entwicklung der B\u2019cuzz Boosters. Die Booster bestehen aus zwei wichtigen Komponenten: Einem nat\u00fcrlichen Pflanzenextrakt und einer Mischung aus Stickstoff, Magnesium und Eisen.","og_url":"https:\/\/atami.com\/de\/produkt\/bcuzz-boosters-uni","og_site_name":"Atami","article_publisher":"https:\/\/www.facebook.com\/Atami.International","article_modified_time":"2026-03-03T10:19:56+00:00","og_image":[{"width":1080,"height":1080,"url":"https:\/\/atami.com\/wp-content\/uploads\/2023\/02\/Bcuzz-Booster-Uni-product-image.webp","type":"image\/webp"}],"twitter_card":"summary_large_image","twitter_site":"@AtamiEU","twitter_misc":{"Gesch\u00e4tzte Lesezeit":"2\u00a0Minuten"},"schema":{"@context":"https:\/\/schema.org","@graph":[{"@type":"WebPage","@id":"https:\/\/atami.com\/de\/produkt\/bcuzz-boosters-uni","url":"https:\/\/atami.com\/de\/produkt\/bcuzz-boosters-uni","name":"B\u2019CUZZ Boosters Uni | Ideal zum Umpflanzen von Pflanzen | Atami","isPartOf":{"@id":"https:\/\/atami.com\/de#website"},"primaryImageOfPage":{"@id":"https:\/\/atami.com\/de\/produkt\/bcuzz-boosters-uni#primaryimage"},"image":{"@id":"https:\/\/atami.com\/de\/produkt\/bcuzz-boosters-uni#primaryimage"},"thumbnailUrl":"https:\/\/atami.com\/wp-content\/uploads\/2023\/02\/Bcuzz-Booster-Uni-product-image.webp","datePublished":"2023-02-13T08:30:49+00:00","dateModified":"2026-03-03T10:19:56+00:00","description":"Vor \u00fcber zwanzig Jahren begannen wir mit der Entwicklung der B\u2019cuzz Boosters. Die Booster bestehen aus zwei wichtigen Komponenten: Einem nat\u00fcrlichen Pflanzenextrakt und einer Mischung aus Stickstoff, Magnesium und Eisen.","breadcrumb":{"@id":"https:\/\/atami.com\/de\/produkt\/bcuzz-boosters-uni#breadcrumb"},"inLanguage":"de","potentialAction":[{"@type":"ReadAction","target":["https:\/\/atami.com\/de\/produkt\/bcuzz-boosters-uni"]}]},{"@type":"ImageObject","inLanguage":"de","@id":"https:\/\/atami.com\/de\/produkt\/bcuzz-boosters-uni#primaryimage","url":"https:\/\/atami.com\/wp-content\/uploads\/2023\/02\/Bcuzz-Booster-Uni-product-image.webp","contentUrl":"https:\/\/atami.com\/wp-content\/uploads\/2023\/02\/Bcuzz-Booster-Uni-product-image.webp","width":1080,"height":1080,"caption":"B\u2019cuzz Boosters Uni unterst\u00fctzt Pflanzen bei Umweltver\u00e4nderungen, f\u00f6rdert einen reibungslosen \u00dcbergang in die Wachstumsphase und stimuliert die Chlorophyllproduktion f\u00fcr eine gesunde Entwicklung."},{"@type":"BreadcrumbList","@id":"https:\/\/atami.com\/de\/produkt\/bcuzz-boosters-uni#breadcrumb","itemListElement":[{"@type":"ListItem","position":1,"name":"Home","item":"https:\/\/atami.com\/de"},{"@type":"ListItem","position":2,"name":"Produkte","item":"https:\/\/atami.com\/de\/shop"},{"@type":"ListItem","position":3,"name":"Marken","item":"https:\/\/atami.com\/de\/produkt-kategorie\/marken"},{"@type":"ListItem","position":4,"name":"B'cuzz","item":"https:\/\/atami.com\/de\/produkt-kategorie\/marken\/bcuzz-fluessigduenger"},{"@type":"ListItem","position":5,"name":"B\u2019CUZZ Boosters Uni"}]},{"@type":"WebSite","@id":"https:\/\/atami.com\/de#website","url":"https:\/\/atami.com\/de","name":"Atami","description":"NATURALLY INNOVATING!","publisher":{"@id":"https:\/\/atami.com\/de#organization"},"potentialAction":[{"@type":"SearchAction","target":{"@type":"EntryPoint","urlTemplate":"https:\/\/atami.com\/de?s={search_term_string}"},"query-input":{"@type":"PropertyValueSpecification","valueRequired":true,"valueName":"search_term_string"}}],"inLanguage":"de"},{"@type":"Organization","@id":"https:\/\/atami.com\/de#organization","name":"Atami","url":"https:\/\/atami.com\/de","logo":{"@type":"ImageObject","inLanguage":"de","@id":"https:\/\/atami.com\/de#\/schema\/logo\/image\/","url":"https:\/\/atami.com\/wp-content\/uploads\/2026\/01\/Atami-logo-696x696px.webp","contentUrl":"https:\/\/atami.com\/wp-content\/uploads\/2026\/01\/Atami-logo-696x696px.webp","width":696,"height":696,"caption":"Atami"},"image":{"@id":"https:\/\/atami.com\/de#\/schema\/logo\/image\/"},"sameAs":["https:\/\/www.facebook.com\/Atami.International","https:\/\/x.com\/AtamiEU","https:\/\/www.youtube.com\/c\/AtamiInternational","https:\/\/www.instagram.com\/atami.international\/"],"description":"ATAMI is a premium plant nutrition & substrate brand founded in 1997 with the mission to make exceptional cultivation achievable for everyone. From legacy to license, we offer a wide variety of innovating award-winning products to let cultivators achieve maximum results in taste & yield.","email":"info@mginnovations.es","legalName":"Atami","numberOfEmployees":{"@type":"QuantitativeValue","minValue":"11","maxValue":"50"}}]}},"_links":{"self":[{"href":"https:\/\/atami.com\/de\/wp-json\/wp\/v2\/product\/21903","targetHints":{"allow":["GET"]}}],"collection":[{"href":"https:\/\/atami.com\/de\/wp-json\/wp\/v2\/product"}],"about":[{"href":"https:\/\/atami.com\/de\/wp-json\/wp\/v2\/types\/product"}],"replies":[{"embeddable":true,"href":"https:\/\/atami.com\/de\/wp-json\/wp\/v2\/comments?post=21903"}],"wp:featuredmedia":[{"embeddable":true,"href":"https:\/\/atami.com\/de\/wp-json\/wp\/v2\/media\/202089"}],"wp:attachment":[{"href":"https:\/\/atami.com\/de\/wp-json\/wp\/v2\/media?parent=21903"}],"wp:term":[{"taxonomy":"product_brand","embeddable":true,"href":"https:\/\/atami.com\/de\/wp-json\/wp\/v2\/product_brand?post=21903"},{"taxonomy":"product_cat","embeddable":true,"href":"https:\/\/atami.com\/de\/wp-json\/wp\/v2\/product_cat?post=21903"},{"taxonomy":"product_tag","embeddable":true,"href":"https:\/\/atami.com\/de\/wp-json\/wp\/v2\/product_tag?post=21903"}],"curies":[{"name":"wp","href":"https:\/\/api.w.org\/{rel}","templated":true}]}}