{"id":21898,"date":"2023-02-13T08:05:11","date_gmt":"2023-02-13T08:05:11","guid":{"rendered":"https:\/\/atami.com\/product\/bcuzz-1-component\/"},"modified":"2026-03-03T12:18:02","modified_gmt":"2026-03-03T10:18:02","slug":"bcuzz-1-component","status":"publish","type":"product","link":"https:\/\/atami.com\/de\/produkt\/bcuzz-1-component","title":{"rendered":"B\u2019cuzz 1-component"},"content":{"rendered":"<p><strong>Die universelle Grundn\u00e4hrstoffl\u00f6sung B\u2019cuzz 1-component enth\u00e4lt rotes Eisenchelat, das der Pflanze die maximale Aufnahme der N\u00e4hrstoffe erm\u00f6glicht. Zudem enth\u00e4lt das Produkt keine Ballaststoffe. Das NPK-Verh\u00e4ltnis ergibt eine N\u00e4hrstoffl\u00f6sung, die sich gut mit Boostern und Stimulatoren kombinieren l\u00e4sst. Sie k\u00f6nnen die 1-Komponenten-N\u00e4hrstoffl\u00f6sung w\u00e4hrend des gesamten Wachstumszyklus anwenden.<\/strong><\/p>\n<p>&nbsp;<\/p>\n<p>B\u2019cuzz 1-component enth\u00e4lt kein Kalzium, da kalkhaltiger Boden von Natur aus Kalzium enth\u00e4lt. Au\u00dferdem halten viele Bodenarten und Torf die N\u00e4hrstoffe recht gut zur\u00fcck (dies variiert je nach Bodenart). Einige Sandb\u00f6den weisen einen relativ hohen Anteil an Kalzium (Kalk) auf, werden aber oft von anderen Elementen durchsp\u00fclt. B\u2019cuzz 1-component ist die ideale N\u00e4hrstoffl\u00f6sung, da sie einfach und effizient anzuwenden ist.<\/p>\n<p>&nbsp;<\/p>\n<p><strong>BESONDERS GEEIGNET F\u00dcR<\/strong><br \/>\nB\u2019cuzz 1-component ist ein Universald\u00fcnger, der f\u00fcr verschiedene Gem\u00fcse-, Obst- und Kr\u00e4utersorten geeignet ist, wie z. B. Blumenkohl, Weintrauben und Rosmarin. Das Produkt kann auch f\u00fcr bl\u00fchende Zierpflanzen (z. B. Geranium und Orchideen) verwendet werden. Die erforderliche Dosierung kann auf die Bed\u00fcrfnisse der jeweiligen Pflanze oder Kultur abgestimmt werden.<\/p>\n<p>&nbsp;<\/p>\n<p><strong>ANWENDUNG<\/strong><br \/>\nWurde speziell f\u00fcr kalkhaltige B\u00f6den entwickelt. Leitungs- oder Grundwasser enth\u00e4lt oft h\u00f6here Mengen an Kalzium und Magnesium, weshalb die Verwendung der 1-Komponenten-N\u00e4hrstoffl\u00f6sung eine gute Wahl sein kann. In der 1-Komponenten-N\u00e4hrstoffl\u00f6sung sind etwas mehr Mikron\u00e4hrstoffe enthalten. Dies dient der Unterst\u00fctzung der Pflanzen in etwas n\u00e4hrstoff\u00e4rmeren (sandigen) B\u00f6den. Halbieren Sie die Dosierung zu Beginn des Zyklus. Gie\u00dfen Sie Ihre Pflanze einmal pro Woche nur mit Wasser ohne die 1-Komponenten-N\u00e4hrstoffl\u00f6sung.<\/p>\n<p>&nbsp;<\/p>\n<p><strong>DOSIERUNG<\/strong><br \/>\n5 ml der 1-Komponenten-N\u00e4hrstoffl\u00f6sung pro Liter N\u00e4hrstoffl\u00f6sung<\/p>\n<p>&nbsp;<\/p>\n<p><strong>NPK 2-3-5 W\/W<\/strong><\/p>\n<p>&nbsp;<\/p>\n<p><strong>VERF\u00dcGBAR ALS 1 LITER, 5 LITER UND 10 LITER<\/strong><\/p>\n","protected":false},"excerpt":{"rendered":"<p>Starke und gesunde Pflanzen<\/p>\n","protected":false},"featured_media":202164,"comment_status":"closed","ping_status":"closed","template":"","meta":{"_acf_changed":false,"iawp_total_views":126},"product_brand":[],"product_cat":[194,191],"product_tag":[],"class_list":{"0":"post-21898","1":"product","2":"type-product","3":"status-publish","4":"has-post-thumbnail","6":"product_cat-bcuzz-fluessigduenger","7":"product_cat-grundnahrstoffe","9":"first","10":"instock","11":"shipping-taxable","12":"product-type-simple"},"acf":{"short_description":"<p><strong>Die universelle Grundn\u00e4hrstoffl\u00f6sung B\u2019cuzz 1-component enth\u00e4lt rotes Eisenchelat, das der Pflanze die maximale Aufnahme der N\u00e4hrstoffe erm\u00f6glicht. Zudem enth\u00e4lt das Produkt keine Ballaststoffe. Das NPK-Verh\u00e4ltnis ergibt eine N\u00e4hrstoffl\u00f6sung, die sich gut mit Boostern und Stimulatoren kombinieren l\u00e4sst. Sie k\u00f6nnen die 1-Komponenten-N\u00e4hrstoffl\u00f6sung w\u00e4hrend des gesamten Wachstumszyklus anwenden.<\/strong><\/p>\r\n<p>B\u2019cuzz 1-component enth\u00e4lt kein Kalzium, da kalkhaltiger Boden von Natur aus Kalzium enth\u00e4lt. Au\u00dferdem halten viele Bodenarten und Torf die N\u00e4hrstoffe recht gut zur\u00fcck (dies variiert je nach Bodenart). Einige Sandb\u00f6den weisen einen relativ hohen Anteil an Kalzium (Kalk) auf, werden aber oft von anderen Elementen durchsp\u00fclt. B\u2019cuzz 1-component ist die ideale N\u00e4hrstoffl\u00f6sung, da sie einfach und effizient anzuwenden ist.<\/p>","suitable_for":"<p>B\u2019cuzz 1-component ist ein Universald\u00fcnger, der f\u00fcr verschiedene Gem\u00fcse-, Obst- und Kr\u00e4utersorten geeignet ist, wie z. B. Blumenkohl, Weintrauben und Rosmarin. Das Produkt kann auch f\u00fcr bl\u00fchende Zierpflanzen (z. B. Geranium und Orchideen) verwendet werden. Die erforderliche Dosierung kann auf die Bed\u00fcrfnisse der jeweiligen Pflanze oder Kultur abgestimmt werden.<\/p>","application":"<p>Wurde speziell f\u00fcr kalkhaltige B\u00f6den entwickelt. Leitungs- oder Grundwasser enth\u00e4lt oft h\u00f6here Mengen an Kalzium und Magnesium, weshalb die Verwendung der 1-Komponenten-N\u00e4hrstoffl\u00f6sung eine gute Wahl sein kann. In der 1-Komponenten-N\u00e4hrstoffl\u00f6sung sind etwas mehr Mikron\u00e4hrstoffe enthalten. Dies dient der Unterst\u00fctzung der Pflanzen in etwas n\u00e4hrstoff\u00e4rmeren (sandigen) B\u00f6den. Halbieren Sie die Dosierung zu Beginn des Zyklus. Gie\u00dfen Sie Ihre Pflanze einmal pro Woche nur mit Wasser ohne die 1-Komponenten-N\u00e4hrstoffl\u00f6sung.<\/p>","dosage":"<p>5 ml der 1-Komponenten-N\u00e4hrstoffl\u00f6sung pro Liter N\u00e4hrstoffl\u00f6sung.<\/p>","npk_ratio":"<p>NPK 2-3-5 W\/W<\/p>","available_in":"<p>1 LITER, 5 LITER UND 10 LITER<\/p>","icon_1":191639,"icon_1_text":"ENTWICKELT F\u00dcR VERSCHIEDENE ARTEN VON KALZIUMREICHEN SUBSTRATEN","icon_2":191654,"icon_2_text":"EIN PRODUKT F\u00dcR DEN WACHSTUMSZYKLUS UND DIE BL\u00dcHPHASE","icon_3":191670,"icon_3_text":"AUSGEGLICHENES NPK-VERH\u00c4LTNIS","icon_4":"","icon_4_text":"","video":"","second_image":1017,"product_image_page":24092,"user_manual":"","new_icon_1":"","new_icon_2":"","new_icon_3":"","new_icon_4":"","grow_guides":"","category":"Basisn\u00e4hrstoff"},"yoast_head":"<!-- This site is optimized with the Yoast SEO Premium plugin v27.5 (Yoast SEO v27.5) - https:\/\/yoast.com\/product\/yoast-seo-premium-wordpress\/ -->\n<title>B\u2019cuzz 1-component | Starke und gesunde Pflanzen | Atami<\/title>\n<meta name=\"description\" content=\"Die universelle Grundn\u00e4hrstoffl\u00f6sung B\u2019cuzz 1-component enth\u00e4lt rotes Eisenchelat, das der Pflanze die maximale Aufnahme der N\u00e4hrstoffe erm\u00f6glicht. Zudem enth\u00e4lt das Produkt keine Ballaststoffe. Das NPK-Verh\u00e4ltnis ergibt eine N\u00e4hrstoffl\u00f6sung, die sich gut mit Boostern und Stimulatoren kombinieren l\u00e4sst. Sie k\u00f6nnen die 1-Komponenten-N\u00e4hrstoffl\u00f6sung w\u00e4hrend des gesamten Wachstumszyklus anwenden.\" \/>\n<meta name=\"robots\" content=\"index, follow, max-snippet:-1, max-image-preview:large, max-video-preview:-1\" \/>\n<link rel=\"canonical\" href=\"https:\/\/atami.com\/de\/produkt\/bcuzz-1-component\" \/>\n<meta property=\"og:locale\" content=\"de_DE\" \/>\n<meta property=\"og:type\" content=\"article\" \/>\n<meta property=\"og:title\" content=\"B\u2019cuzz 1-component\" \/>\n<meta property=\"og:description\" content=\"Die universelle Grundn\u00e4hrstoffl\u00f6sung B\u2019cuzz 1-component enth\u00e4lt rotes Eisenchelat, das der Pflanze die maximale Aufnahme der N\u00e4hrstoffe erm\u00f6glicht. Zudem enth\u00e4lt das Produkt keine Ballaststoffe. Das NPK-Verh\u00e4ltnis ergibt eine N\u00e4hrstoffl\u00f6sung, die sich gut mit Boostern und Stimulatoren kombinieren l\u00e4sst. Sie k\u00f6nnen die 1-Komponenten-N\u00e4hrstoffl\u00f6sung w\u00e4hrend des gesamten Wachstumszyklus anwenden.\" \/>\n<meta property=\"og:url\" content=\"https:\/\/atami.com\/de\/produkt\/bcuzz-1-component\" \/>\n<meta property=\"og:site_name\" content=\"Atami\" \/>\n<meta property=\"article:publisher\" content=\"https:\/\/www.facebook.com\/Atami.International\" \/>\n<meta property=\"article:modified_time\" content=\"2026-03-03T10:18:02+00:00\" \/>\n<meta property=\"og:image\" content=\"https:\/\/atami.com\/wp-content\/uploads\/2023\/02\/Bcuzz-1-Component-product-image.webp\" \/>\n\t<meta property=\"og:image:width\" content=\"1080\" \/>\n\t<meta property=\"og:image:height\" content=\"1080\" \/>\n\t<meta property=\"og:image:type\" content=\"image\/webp\" \/>\n<meta name=\"twitter:card\" content=\"summary_large_image\" \/>\n<meta name=\"twitter:site\" content=\"@AtamiEU\" \/>\n<meta name=\"twitter:label1\" content=\"Gesch\u00e4tzte Lesezeit\" \/>\n\t<meta name=\"twitter:data1\" content=\"2\u00a0Minuten\" \/>\n<script type=\"application\/ld+json\" class=\"yoast-schema-graph\">{\"@context\":\"https:\\\/\\\/schema.org\",\"@graph\":[{\"@type\":\"WebPage\",\"@id\":\"https:\\\/\\\/atami.com\\\/de\\\/produkt\\\/bcuzz-1-component\",\"url\":\"https:\\\/\\\/atami.com\\\/de\\\/produkt\\\/bcuzz-1-component\",\"name\":\"B\u2019cuzz 1-component | Starke und gesunde Pflanzen | Atami\",\"isPartOf\":{\"@id\":\"https:\\\/\\\/atami.com\\\/de#website\"},\"primaryImageOfPage\":{\"@id\":\"https:\\\/\\\/atami.com\\\/de\\\/produkt\\\/bcuzz-1-component#primaryimage\"},\"image\":{\"@id\":\"https:\\\/\\\/atami.com\\\/de\\\/produkt\\\/bcuzz-1-component#primaryimage\"},\"thumbnailUrl\":\"https:\\\/\\\/atami.com\\\/wp-content\\\/uploads\\\/2023\\\/02\\\/Bcuzz-1-Component-product-image.webp\",\"datePublished\":\"2023-02-13T08:05:11+00:00\",\"dateModified\":\"2026-03-03T10:18:02+00:00\",\"description\":\"Die universelle Grundn\u00e4hrstoffl\u00f6sung B\u2019cuzz 1-component enth\u00e4lt rotes Eisenchelat, das der Pflanze die maximale Aufnahme der N\u00e4hrstoffe erm\u00f6glicht. Zudem enth\u00e4lt das Produkt keine Ballaststoffe. Das NPK-Verh\u00e4ltnis ergibt eine N\u00e4hrstoffl\u00f6sung, die sich gut mit Boostern und Stimulatoren kombinieren l\u00e4sst. Sie k\u00f6nnen die 1-Komponenten-N\u00e4hrstoffl\u00f6sung w\u00e4hrend des gesamten Wachstumszyklus anwenden.\",\"breadcrumb\":{\"@id\":\"https:\\\/\\\/atami.com\\\/de\\\/produkt\\\/bcuzz-1-component#breadcrumb\"},\"inLanguage\":\"de\",\"potentialAction\":[{\"@type\":\"ReadAction\",\"target\":[\"https:\\\/\\\/atami.com\\\/de\\\/produkt\\\/bcuzz-1-component\"]}]},{\"@type\":\"ImageObject\",\"inLanguage\":\"de\",\"@id\":\"https:\\\/\\\/atami.com\\\/de\\\/produkt\\\/bcuzz-1-component#primaryimage\",\"url\":\"https:\\\/\\\/atami.com\\\/wp-content\\\/uploads\\\/2023\\\/02\\\/Bcuzz-1-Component-product-image.webp\",\"contentUrl\":\"https:\\\/\\\/atami.com\\\/wp-content\\\/uploads\\\/2023\\\/02\\\/Bcuzz-1-Component-product-image.webp\",\"width\":1080,\"height\":1080,\"caption\":\"B\u2019cuzz 1-Component liefert w\u00e4hrend des gesamten Wachstumszyklus essentielle Mineralien und sorgt so f\u00fcr ein stabiles und biologisches Gleichgewicht in verschiedenen Bodentypen.\"},{\"@type\":\"BreadcrumbList\",\"@id\":\"https:\\\/\\\/atami.com\\\/de\\\/produkt\\\/bcuzz-1-component#breadcrumb\",\"itemListElement\":[{\"@type\":\"ListItem\",\"position\":1,\"name\":\"Home\",\"item\":\"https:\\\/\\\/atami.com\\\/de\"},{\"@type\":\"ListItem\",\"position\":2,\"name\":\"Produkte\",\"item\":\"https:\\\/\\\/atami.com\\\/de\\\/shop\"},{\"@type\":\"ListItem\",\"position\":3,\"name\":\"Marken\",\"item\":\"https:\\\/\\\/atami.com\\\/de\\\/produkt-kategorie\\\/marken\"},{\"@type\":\"ListItem\",\"position\":4,\"name\":\"B'cuzz\",\"item\":\"https:\\\/\\\/atami.com\\\/de\\\/produkt-kategorie\\\/marken\\\/bcuzz-fluessigduenger\"},{\"@type\":\"ListItem\",\"position\":5,\"name\":\"B\u2019cuzz 1-component\"}]},{\"@type\":\"WebSite\",\"@id\":\"https:\\\/\\\/atami.com\\\/de#website\",\"url\":\"https:\\\/\\\/atami.com\\\/de\",\"name\":\"Atami\",\"description\":\"NATURALLY INNOVATING!\",\"publisher\":{\"@id\":\"https:\\\/\\\/atami.com\\\/de#organization\"},\"potentialAction\":[{\"@type\":\"SearchAction\",\"target\":{\"@type\":\"EntryPoint\",\"urlTemplate\":\"https:\\\/\\\/atami.com\\\/de?s={search_term_string}\"},\"query-input\":{\"@type\":\"PropertyValueSpecification\",\"valueRequired\":true,\"valueName\":\"search_term_string\"}}],\"inLanguage\":\"de\"},{\"@type\":\"Organization\",\"@id\":\"https:\\\/\\\/atami.com\\\/de#organization\",\"name\":\"Atami\",\"url\":\"https:\\\/\\\/atami.com\\\/de\",\"logo\":{\"@type\":\"ImageObject\",\"inLanguage\":\"de\",\"@id\":\"https:\\\/\\\/atami.com\\\/de#\\\/schema\\\/logo\\\/image\\\/\",\"url\":\"https:\\\/\\\/atami.com\\\/wp-content\\\/uploads\\\/2026\\\/01\\\/Atami-logo-696x696px.webp\",\"contentUrl\":\"https:\\\/\\\/atami.com\\\/wp-content\\\/uploads\\\/2026\\\/01\\\/Atami-logo-696x696px.webp\",\"width\":696,\"height\":696,\"caption\":\"Atami\"},\"image\":{\"@id\":\"https:\\\/\\\/atami.com\\\/de#\\\/schema\\\/logo\\\/image\\\/\"},\"sameAs\":[\"https:\\\/\\\/www.facebook.com\\\/Atami.International\",\"https:\\\/\\\/x.com\\\/AtamiEU\",\"https:\\\/\\\/www.youtube.com\\\/c\\\/AtamiInternational\",\"https:\\\/\\\/www.instagram.com\\\/atami.international\\\/\"],\"description\":\"ATAMI is a premium plant nutrition & substrate brand founded in 1997 with the mission to make exceptional cultivation achievable for everyone. From legacy to license, we offer a wide variety of innovating award-winning products to let cultivators achieve maximum results in taste & yield.\",\"email\":\"info@mginnovations.es\",\"legalName\":\"Atami\",\"numberOfEmployees\":{\"@type\":\"QuantitativeValue\",\"minValue\":\"11\",\"maxValue\":\"50\"}}]}<\/script>\n<!-- \/ Yoast SEO Premium plugin. -->","yoast_head_json":{"title":"B\u2019cuzz 1-component | Starke und gesunde Pflanzen | Atami","description":"Die universelle Grundn\u00e4hrstoffl\u00f6sung B\u2019cuzz 1-component enth\u00e4lt rotes Eisenchelat, das der Pflanze die maximale Aufnahme der N\u00e4hrstoffe erm\u00f6glicht. Zudem enth\u00e4lt das Produkt keine Ballaststoffe. Das NPK-Verh\u00e4ltnis ergibt eine N\u00e4hrstoffl\u00f6sung, die sich gut mit Boostern und Stimulatoren kombinieren l\u00e4sst. Sie k\u00f6nnen die 1-Komponenten-N\u00e4hrstoffl\u00f6sung w\u00e4hrend des gesamten Wachstumszyklus anwenden.","robots":{"index":"index","follow":"follow","max-snippet":"max-snippet:-1","max-image-preview":"max-image-preview:large","max-video-preview":"max-video-preview:-1"},"canonical":"https:\/\/atami.com\/de\/produkt\/bcuzz-1-component","og_locale":"de_DE","og_type":"article","og_title":"B\u2019cuzz 1-component","og_description":"Die universelle Grundn\u00e4hrstoffl\u00f6sung B\u2019cuzz 1-component enth\u00e4lt rotes Eisenchelat, das der Pflanze die maximale Aufnahme der N\u00e4hrstoffe erm\u00f6glicht. Zudem enth\u00e4lt das Produkt keine Ballaststoffe. Das NPK-Verh\u00e4ltnis ergibt eine N\u00e4hrstoffl\u00f6sung, die sich gut mit Boostern und Stimulatoren kombinieren l\u00e4sst. Sie k\u00f6nnen die 1-Komponenten-N\u00e4hrstoffl\u00f6sung w\u00e4hrend des gesamten Wachstumszyklus anwenden.","og_url":"https:\/\/atami.com\/de\/produkt\/bcuzz-1-component","og_site_name":"Atami","article_publisher":"https:\/\/www.facebook.com\/Atami.International","article_modified_time":"2026-03-03T10:18:02+00:00","og_image":[{"width":1080,"height":1080,"url":"https:\/\/atami.com\/wp-content\/uploads\/2023\/02\/Bcuzz-1-Component-product-image.webp","type":"image\/webp"}],"twitter_card":"summary_large_image","twitter_site":"@AtamiEU","twitter_misc":{"Gesch\u00e4tzte Lesezeit":"2\u00a0Minuten"},"schema":{"@context":"https:\/\/schema.org","@graph":[{"@type":"WebPage","@id":"https:\/\/atami.com\/de\/produkt\/bcuzz-1-component","url":"https:\/\/atami.com\/de\/produkt\/bcuzz-1-component","name":"B\u2019cuzz 1-component | Starke und gesunde Pflanzen | Atami","isPartOf":{"@id":"https:\/\/atami.com\/de#website"},"primaryImageOfPage":{"@id":"https:\/\/atami.com\/de\/produkt\/bcuzz-1-component#primaryimage"},"image":{"@id":"https:\/\/atami.com\/de\/produkt\/bcuzz-1-component#primaryimage"},"thumbnailUrl":"https:\/\/atami.com\/wp-content\/uploads\/2023\/02\/Bcuzz-1-Component-product-image.webp","datePublished":"2023-02-13T08:05:11+00:00","dateModified":"2026-03-03T10:18:02+00:00","description":"Die universelle Grundn\u00e4hrstoffl\u00f6sung B\u2019cuzz 1-component enth\u00e4lt rotes Eisenchelat, das der Pflanze die maximale Aufnahme der N\u00e4hrstoffe erm\u00f6glicht. Zudem enth\u00e4lt das Produkt keine Ballaststoffe. Das NPK-Verh\u00e4ltnis ergibt eine N\u00e4hrstoffl\u00f6sung, die sich gut mit Boostern und Stimulatoren kombinieren l\u00e4sst. Sie k\u00f6nnen die 1-Komponenten-N\u00e4hrstoffl\u00f6sung w\u00e4hrend des gesamten Wachstumszyklus anwenden.","breadcrumb":{"@id":"https:\/\/atami.com\/de\/produkt\/bcuzz-1-component#breadcrumb"},"inLanguage":"de","potentialAction":[{"@type":"ReadAction","target":["https:\/\/atami.com\/de\/produkt\/bcuzz-1-component"]}]},{"@type":"ImageObject","inLanguage":"de","@id":"https:\/\/atami.com\/de\/produkt\/bcuzz-1-component#primaryimage","url":"https:\/\/atami.com\/wp-content\/uploads\/2023\/02\/Bcuzz-1-Component-product-image.webp","contentUrl":"https:\/\/atami.com\/wp-content\/uploads\/2023\/02\/Bcuzz-1-Component-product-image.webp","width":1080,"height":1080,"caption":"B\u2019cuzz 1-Component liefert w\u00e4hrend des gesamten Wachstumszyklus essentielle Mineralien und sorgt so f\u00fcr ein stabiles und biologisches Gleichgewicht in verschiedenen Bodentypen."},{"@type":"BreadcrumbList","@id":"https:\/\/atami.com\/de\/produkt\/bcuzz-1-component#breadcrumb","itemListElement":[{"@type":"ListItem","position":1,"name":"Home","item":"https:\/\/atami.com\/de"},{"@type":"ListItem","position":2,"name":"Produkte","item":"https:\/\/atami.com\/de\/shop"},{"@type":"ListItem","position":3,"name":"Marken","item":"https:\/\/atami.com\/de\/produkt-kategorie\/marken"},{"@type":"ListItem","position":4,"name":"B'cuzz","item":"https:\/\/atami.com\/de\/produkt-kategorie\/marken\/bcuzz-fluessigduenger"},{"@type":"ListItem","position":5,"name":"B\u2019cuzz 1-component"}]},{"@type":"WebSite","@id":"https:\/\/atami.com\/de#website","url":"https:\/\/atami.com\/de","name":"Atami","description":"NATURALLY INNOVATING!","publisher":{"@id":"https:\/\/atami.com\/de#organization"},"potentialAction":[{"@type":"SearchAction","target":{"@type":"EntryPoint","urlTemplate":"https:\/\/atami.com\/de?s={search_term_string}"},"query-input":{"@type":"PropertyValueSpecification","valueRequired":true,"valueName":"search_term_string"}}],"inLanguage":"de"},{"@type":"Organization","@id":"https:\/\/atami.com\/de#organization","name":"Atami","url":"https:\/\/atami.com\/de","logo":{"@type":"ImageObject","inLanguage":"de","@id":"https:\/\/atami.com\/de#\/schema\/logo\/image\/","url":"https:\/\/atami.com\/wp-content\/uploads\/2026\/01\/Atami-logo-696x696px.webp","contentUrl":"https:\/\/atami.com\/wp-content\/uploads\/2026\/01\/Atami-logo-696x696px.webp","width":696,"height":696,"caption":"Atami"},"image":{"@id":"https:\/\/atami.com\/de#\/schema\/logo\/image\/"},"sameAs":["https:\/\/www.facebook.com\/Atami.International","https:\/\/x.com\/AtamiEU","https:\/\/www.youtube.com\/c\/AtamiInternational","https:\/\/www.instagram.com\/atami.international\/"],"description":"ATAMI is a premium plant nutrition & substrate brand founded in 1997 with the mission to make exceptional cultivation achievable for everyone. From legacy to license, we offer a wide variety of innovating award-winning products to let cultivators achieve maximum results in taste & yield.","email":"info@mginnovations.es","legalName":"Atami","numberOfEmployees":{"@type":"QuantitativeValue","minValue":"11","maxValue":"50"}}]}},"_links":{"self":[{"href":"https:\/\/atami.com\/de\/wp-json\/wp\/v2\/product\/21898","targetHints":{"allow":["GET"]}}],"collection":[{"href":"https:\/\/atami.com\/de\/wp-json\/wp\/v2\/product"}],"about":[{"href":"https:\/\/atami.com\/de\/wp-json\/wp\/v2\/types\/product"}],"replies":[{"embeddable":true,"href":"https:\/\/atami.com\/de\/wp-json\/wp\/v2\/comments?post=21898"}],"wp:featuredmedia":[{"embeddable":true,"href":"https:\/\/atami.com\/de\/wp-json\/wp\/v2\/media\/202164"}],"wp:attachment":[{"href":"https:\/\/atami.com\/de\/wp-json\/wp\/v2\/media?parent=21898"}],"wp:term":[{"taxonomy":"product_brand","embeddable":true,"href":"https:\/\/atami.com\/de\/wp-json\/wp\/v2\/product_brand?post=21898"},{"taxonomy":"product_cat","embeddable":true,"href":"https:\/\/atami.com\/de\/wp-json\/wp\/v2\/product_cat?post=21898"},{"taxonomy":"product_tag","embeddable":true,"href":"https:\/\/atami.com\/de\/wp-json\/wp\/v2\/product_tag?post=21898"}],"curies":[{"name":"wp","href":"https:\/\/api.w.org\/{rel}","templated":true}]}}