{"id":21896,"date":"2023-02-13T07:55:42","date_gmt":"2023-02-13T07:55:42","guid":{"rendered":"https:\/\/atami.com\/product\/bcuzz-coco-ab\/"},"modified":"2026-03-03T12:17:18","modified_gmt":"2026-03-03T10:17:18","slug":"bcuzz-coco-ab","status":"publish","type":"product","link":"https:\/\/atami.com\/de\/produkt\/bcuzz-coco-ab","title":{"rendered":"B\u2019cuzz Coco A&#038;B"},"content":{"rendered":"<p><strong>B\u2019cuzz Coco A&amp;B enth\u00e4lt Grundn\u00e4hrstoffe und versorgt die (junge) Pflanze mit einer konzentrierten und spezifischen Mischung an Mineralien, die sie ben\u00f6tigt, um sich zu einer starken und gesunden Pflanze zu entwickeln.<\/strong><\/p>\n<p>&nbsp;<\/p>\n<p>B\u2019cuzz Coco A&amp;B kann w\u00e4hrend des gesamten Wachstumszyklus angewendet werden. Kokossubstrate weisen von Natur aus einen hohen Kaliumgehalt auf, der mit der Zeit langsam aus dem Kokostorf freigesetzt wird. Kokostorf ist jedoch von Natur aus sehr arm an Kalzium. Daher ist es wichtig, dass gen\u00fcgend Kalzium zugef\u00fchrt wird. Coco A enth\u00e4lt einen Kalziumgehalt von ca. 4 % W\/W; dies ist mehr als genug Kalzium f\u00fcr unsere hochwertigen kokosbasierten Substrate. Coco B enth\u00e4lt in erster Linie Phosphat und die erforderlichen Mikron\u00e4hrstoffe.<\/p>\n<p>&nbsp;<\/p>\n<p><strong>BESONDERS GEEIGNET F\u00dcR<\/strong><br \/>\nVerschiedene Gem\u00fcsesorten, Fr\u00fcchte und Kr\u00e4uter wie Tomaten, Salbei und Basilikum. Das Produkt kann auch f\u00fcr Zimmer- und Topfpflanzen (z. B. Alokasien, Lavendel) verwendet werden. Die erforderliche Dosierung kann auf die Bed\u00fcrfnisse der jeweiligen Pflanze oder Kultur abgestimmt werden.<\/p>\n<p>&nbsp;<\/p>\n<p><strong>ANWENDUNG<\/strong><br \/>\nDa bestimmte N\u00e4hrstoffe der L\u00f6sung in hohen Konzentrationen chemisch miteinander reagieren, werden die N\u00e4hrstoffe in zwei getrennten Flaschen geliefert, A und B. Die Konzentrate A und B d\u00fcrfen nur in Verbindung mit Wasser miteinander gemischt werden.<\/p>\n<p>&nbsp;<\/p>\n<p><strong>DOSIERUNG<\/strong><br \/>\n1\u20133 ml A und 1\u20133 ml B pro Liter N\u00e4hrstoffl\u00f6sung.<\/p>\n<p>&nbsp;<\/p>\n<p><strong>Coco A: NK 5-5 W\/W<\/strong><br \/>\n<strong>Coco B: PK 4-6 W\/W<\/strong><\/p>\n<p>&nbsp;<\/p>\n<p><strong>VERF\u00dcGBAR ALS 1 LITER, 5 LITER UND 10 LITER<\/strong><\/p>\n","protected":false},"excerpt":{"rendered":"<p>Starke und gesunde Pflanzen<\/p>\n","protected":false},"featured_media":201969,"comment_status":"closed","ping_status":"closed","template":"","meta":{"_acf_changed":false,"iawp_total_views":278},"product_brand":[],"product_cat":[194,191],"product_tag":[],"class_list":{"0":"post-21896","1":"product","2":"type-product","3":"status-publish","4":"has-post-thumbnail","6":"product_cat-bcuzz-fluessigduenger","7":"product_cat-grundnahrstoffe","9":"first","10":"instock","11":"shipping-taxable","12":"product-type-simple"},"acf":{"short_description":"<p><strong>B\u2019cuzz Coco A&amp;B enth\u00e4lt Grundn\u00e4hrstoffe und versorgt die (junge) Pflanze mit einer konzentrierten und spezifischen Mischung an Mineralien, die sie ben\u00f6tigt, um sich zu einer starken und gesunden Pflanze zu entwickeln.<\/strong><\/p>\r\n<p>B\u2019cuzz Coco A&amp;B kann w\u00e4hrend des gesamten Wachstumszyklus angewendet werden. Kokossubstrate weisen von Natur aus einen hohen Kaliumgehalt auf, der mit der Zeit langsam aus dem Kokostorf freigesetzt wird. Kokostorf ist jedoch von Natur aus sehr arm an Kalzium. Daher ist es wichtig, dass gen\u00fcgend Kalzium zugef\u00fchrt wird. Coco A enth\u00e4lt einen Kalziumgehalt von ca. 4 % W\/W; dies ist mehr als genug Kalzium f\u00fcr unsere hochwertigen kokosbasierten Substrate. Coco B enth\u00e4lt in erster Linie Phosphat und die erforderlichen Mikron\u00e4hrstoffe.<\/p>","suitable_for":"<p>Verschiedene Gem\u00fcsesorten, Fr\u00fcchte und Kr\u00e4uter wie Tomaten, Salbei und Basilikum. Das Produkt kann auch f\u00fcr Zimmer- und Topfpflanzen (z. B. Alokasien, Lavendel) verwendet werden. Die erforderliche Dosierung kann auf die Bed\u00fcrfnisse der jeweiligen Pflanze oder Kultur abgestimmt werden.<\/p>","application":"<p>Da bestimmte N\u00e4hrstoffe der L\u00f6sung in hohen Konzentrationen chemisch miteinander reagieren, werden die N\u00e4hrstoffe in zwei getrennten Flaschen geliefert, A und B. Die Konzentrate A und B d\u00fcrfen nur in Verbindung mit Wasser miteinander gemischt werden.<\/p>","dosage":"<p>1\u20133 ml A und 1\u20133 ml B pro Liter N\u00e4hrstoffl\u00f6sung.<\/p>","npk_ratio":"<p>Coco A: NK 5-5 W\/W<\/p>\r\n<p>Coco B: PK 4-6 W\/W<\/p>","available_in":"<p>1 LITER, 5 LITER UND 10 LITER<\/p>","icon_1":191594,"icon_1_text":"STARKE UND GESUNDE PFLANZEN","icon_2":191609,"icon_2_text":"ANWENDBAR W\u00c4HREND DES GESAMTEN WACHSTUMSZYKLUS","icon_3":191624,"icon_3_text":"F\u00dcR KOKOSBASIERTE SUBSTRATE","icon_4":"","icon_4_text":"","video":"","second_image":971,"product_image_page":24062,"user_manual":"","new_icon_1":"","new_icon_2":"","new_icon_3":"","new_icon_4":"","grow_guides":"","category":"Basisn\u00e4hrstoff"},"yoast_head":"<!-- This site is optimized with the Yoast SEO Premium plugin v27.4 (Yoast SEO v27.4) - https:\/\/yoast.com\/product\/yoast-seo-premium-wordpress\/ -->\n<title>Enhance Plant Growth with B&#039;cuzz Coco A&amp;B Nutrients for Coco Substrates<\/title>\n<meta name=\"description\" content=\"B&#039;cuzz Coco A&amp;B is the perfect nutrient solution for your coco substrate. Boost your plants&#039; growth with this specially formulated nutrient mix designed to optimize absorption and improve yields.\" \/>\n<meta name=\"robots\" content=\"index, follow, max-snippet:-1, max-image-preview:large, max-video-preview:-1\" \/>\n<link rel=\"canonical\" href=\"https:\/\/atami.com\/de\/produkt\/bcuzz-coco-ab\" \/>\n<meta property=\"og:locale\" content=\"de_DE\" \/>\n<meta property=\"og:type\" content=\"article\" \/>\n<meta property=\"og:title\" content=\"B\u2019cuzz Coco A&amp;B\" \/>\n<meta property=\"og:description\" content=\"B&#039;cuzz Coco A&amp;B is the perfect nutrient solution for your coco substrate. Boost your plants&#039; growth with this specially formulated nutrient mix designed to optimize absorption and improve yields.\" \/>\n<meta property=\"og:url\" content=\"https:\/\/atami.com\/de\/produkt\/bcuzz-coco-ab\" \/>\n<meta property=\"og:site_name\" content=\"Atami\" \/>\n<meta property=\"article:publisher\" content=\"https:\/\/www.facebook.com\/Atami.International\" \/>\n<meta property=\"article:modified_time\" content=\"2026-03-03T10:17:18+00:00\" \/>\n<meta property=\"og:image\" content=\"https:\/\/atami.com\/wp-content\/uploads\/2023\/02\/Bcuzz-Coco-AB-product-image.webp\" \/>\n\t<meta property=\"og:image:width\" content=\"1080\" \/>\n\t<meta property=\"og:image:height\" content=\"1080\" \/>\n\t<meta property=\"og:image:type\" content=\"image\/webp\" \/>\n<meta name=\"twitter:card\" content=\"summary_large_image\" \/>\n<meta name=\"twitter:site\" content=\"@AtamiEU\" \/>\n<meta name=\"twitter:label1\" content=\"Gesch\u00e4tzte Lesezeit\" \/>\n\t<meta name=\"twitter:data1\" content=\"2\u00a0Minuten\" \/>\n<script type=\"application\/ld+json\" class=\"yoast-schema-graph\">{\"@context\":\"https:\\\/\\\/schema.org\",\"@graph\":[{\"@type\":\"WebPage\",\"@id\":\"https:\\\/\\\/atami.com\\\/de\\\/produkt\\\/bcuzz-coco-ab\",\"url\":\"https:\\\/\\\/atami.com\\\/de\\\/produkt\\\/bcuzz-coco-ab\",\"name\":\"Enhance Plant Growth with B'cuzz Coco A&B Nutrients for Coco Substrates\",\"isPartOf\":{\"@id\":\"https:\\\/\\\/atami.com\\\/de#website\"},\"primaryImageOfPage\":{\"@id\":\"https:\\\/\\\/atami.com\\\/de\\\/produkt\\\/bcuzz-coco-ab#primaryimage\"},\"image\":{\"@id\":\"https:\\\/\\\/atami.com\\\/de\\\/produkt\\\/bcuzz-coco-ab#primaryimage\"},\"thumbnailUrl\":\"https:\\\/\\\/atami.com\\\/wp-content\\\/uploads\\\/2023\\\/02\\\/Bcuzz-Coco-AB-product-image.webp\",\"datePublished\":\"2023-02-13T07:55:42+00:00\",\"dateModified\":\"2026-03-03T10:17:18+00:00\",\"description\":\"B'cuzz Coco A&B is the perfect nutrient solution for your coco substrate. Boost your plants' growth with this specially formulated nutrient mix designed to optimize absorption and improve yields.\",\"breadcrumb\":{\"@id\":\"https:\\\/\\\/atami.com\\\/de\\\/produkt\\\/bcuzz-coco-ab#breadcrumb\"},\"inLanguage\":\"de\",\"potentialAction\":[{\"@type\":\"ReadAction\",\"target\":[\"https:\\\/\\\/atami.com\\\/de\\\/produkt\\\/bcuzz-coco-ab\"]}]},{\"@type\":\"ImageObject\",\"inLanguage\":\"de\",\"@id\":\"https:\\\/\\\/atami.com\\\/de\\\/produkt\\\/bcuzz-coco-ab#primaryimage\",\"url\":\"https:\\\/\\\/atami.com\\\/wp-content\\\/uploads\\\/2023\\\/02\\\/Bcuzz-Coco-AB-product-image.webp\",\"contentUrl\":\"https:\\\/\\\/atami.com\\\/wp-content\\\/uploads\\\/2023\\\/02\\\/Bcuzz-Coco-AB-product-image.webp\",\"width\":1080,\"height\":1080,\"caption\":\"B\u2019cuzz Coco A&B liefert w\u00e4hrend des gesamten Wachstumszyklus essentielle Mineralien und sorgt so f\u00fcr ein stabiles und biologisches Gleichgewicht in Kokossubstraten.\"},{\"@type\":\"BreadcrumbList\",\"@id\":\"https:\\\/\\\/atami.com\\\/de\\\/produkt\\\/bcuzz-coco-ab#breadcrumb\",\"itemListElement\":[{\"@type\":\"ListItem\",\"position\":1,\"name\":\"Home\",\"item\":\"https:\\\/\\\/atami.com\\\/de\"},{\"@type\":\"ListItem\",\"position\":2,\"name\":\"Produkte\",\"item\":\"https:\\\/\\\/atami.com\\\/de\\\/shop\"},{\"@type\":\"ListItem\",\"position\":3,\"name\":\"Marken\",\"item\":\"https:\\\/\\\/atami.com\\\/de\\\/produkt-kategorie\\\/marken\"},{\"@type\":\"ListItem\",\"position\":4,\"name\":\"B'cuzz\",\"item\":\"https:\\\/\\\/atami.com\\\/de\\\/produkt-kategorie\\\/marken\\\/bcuzz-fluessigduenger\"},{\"@type\":\"ListItem\",\"position\":5,\"name\":\"B\u2019cuzz Coco A&#038;B\"}]},{\"@type\":\"WebSite\",\"@id\":\"https:\\\/\\\/atami.com\\\/de#website\",\"url\":\"https:\\\/\\\/atami.com\\\/de\",\"name\":\"Atami\",\"description\":\"NATURALLY INNOVATING!\",\"publisher\":{\"@id\":\"https:\\\/\\\/atami.com\\\/de#organization\"},\"potentialAction\":[{\"@type\":\"SearchAction\",\"target\":{\"@type\":\"EntryPoint\",\"urlTemplate\":\"https:\\\/\\\/atami.com\\\/de?s={search_term_string}\"},\"query-input\":{\"@type\":\"PropertyValueSpecification\",\"valueRequired\":true,\"valueName\":\"search_term_string\"}}],\"inLanguage\":\"de\"},{\"@type\":\"Organization\",\"@id\":\"https:\\\/\\\/atami.com\\\/de#organization\",\"name\":\"Atami\",\"url\":\"https:\\\/\\\/atami.com\\\/de\",\"logo\":{\"@type\":\"ImageObject\",\"inLanguage\":\"de\",\"@id\":\"https:\\\/\\\/atami.com\\\/de#\\\/schema\\\/logo\\\/image\\\/\",\"url\":\"https:\\\/\\\/atami.com\\\/wp-content\\\/uploads\\\/2026\\\/01\\\/Atami-logo-696x696px.webp\",\"contentUrl\":\"https:\\\/\\\/atami.com\\\/wp-content\\\/uploads\\\/2026\\\/01\\\/Atami-logo-696x696px.webp\",\"width\":696,\"height\":696,\"caption\":\"Atami\"},\"image\":{\"@id\":\"https:\\\/\\\/atami.com\\\/de#\\\/schema\\\/logo\\\/image\\\/\"},\"sameAs\":[\"https:\\\/\\\/www.facebook.com\\\/Atami.International\",\"https:\\\/\\\/x.com\\\/AtamiEU\",\"https:\\\/\\\/www.youtube.com\\\/c\\\/AtamiInternational\",\"https:\\\/\\\/www.instagram.com\\\/atami.international\\\/\"],\"description\":\"ATAMI is a premium plant nutrition & substrate brand founded in 1997 with the mission to make exceptional cultivation achievable for everyone. From legacy to license, we offer a wide variety of innovating award-winning products to let cultivators achieve maximum results in taste & yield.\",\"email\":\"info@mginnovations.es\",\"legalName\":\"Atami\",\"numberOfEmployees\":{\"@type\":\"QuantitativeValue\",\"minValue\":\"11\",\"maxValue\":\"50\"}}]}<\/script>\n<!-- \/ Yoast SEO Premium plugin. -->","yoast_head_json":{"title":"Enhance Plant Growth with B'cuzz Coco A&B Nutrients for Coco Substrates","description":"B'cuzz Coco A&B is the perfect nutrient solution for your coco substrate. Boost your plants' growth with this specially formulated nutrient mix designed to optimize absorption and improve yields.","robots":{"index":"index","follow":"follow","max-snippet":"max-snippet:-1","max-image-preview":"max-image-preview:large","max-video-preview":"max-video-preview:-1"},"canonical":"https:\/\/atami.com\/de\/produkt\/bcuzz-coco-ab","og_locale":"de_DE","og_type":"article","og_title":"B\u2019cuzz Coco A&B","og_description":"B'cuzz Coco A&B is the perfect nutrient solution for your coco substrate. Boost your plants' growth with this specially formulated nutrient mix designed to optimize absorption and improve yields.","og_url":"https:\/\/atami.com\/de\/produkt\/bcuzz-coco-ab","og_site_name":"Atami","article_publisher":"https:\/\/www.facebook.com\/Atami.International","article_modified_time":"2026-03-03T10:17:18+00:00","og_image":[{"width":1080,"height":1080,"url":"https:\/\/atami.com\/wp-content\/uploads\/2023\/02\/Bcuzz-Coco-AB-product-image.webp","type":"image\/webp"}],"twitter_card":"summary_large_image","twitter_site":"@AtamiEU","twitter_misc":{"Gesch\u00e4tzte Lesezeit":"2\u00a0Minuten"},"schema":{"@context":"https:\/\/schema.org","@graph":[{"@type":"WebPage","@id":"https:\/\/atami.com\/de\/produkt\/bcuzz-coco-ab","url":"https:\/\/atami.com\/de\/produkt\/bcuzz-coco-ab","name":"Enhance Plant Growth with B'cuzz Coco A&B Nutrients for Coco Substrates","isPartOf":{"@id":"https:\/\/atami.com\/de#website"},"primaryImageOfPage":{"@id":"https:\/\/atami.com\/de\/produkt\/bcuzz-coco-ab#primaryimage"},"image":{"@id":"https:\/\/atami.com\/de\/produkt\/bcuzz-coco-ab#primaryimage"},"thumbnailUrl":"https:\/\/atami.com\/wp-content\/uploads\/2023\/02\/Bcuzz-Coco-AB-product-image.webp","datePublished":"2023-02-13T07:55:42+00:00","dateModified":"2026-03-03T10:17:18+00:00","description":"B'cuzz Coco A&B is the perfect nutrient solution for your coco substrate. Boost your plants' growth with this specially formulated nutrient mix designed to optimize absorption and improve yields.","breadcrumb":{"@id":"https:\/\/atami.com\/de\/produkt\/bcuzz-coco-ab#breadcrumb"},"inLanguage":"de","potentialAction":[{"@type":"ReadAction","target":["https:\/\/atami.com\/de\/produkt\/bcuzz-coco-ab"]}]},{"@type":"ImageObject","inLanguage":"de","@id":"https:\/\/atami.com\/de\/produkt\/bcuzz-coco-ab#primaryimage","url":"https:\/\/atami.com\/wp-content\/uploads\/2023\/02\/Bcuzz-Coco-AB-product-image.webp","contentUrl":"https:\/\/atami.com\/wp-content\/uploads\/2023\/02\/Bcuzz-Coco-AB-product-image.webp","width":1080,"height":1080,"caption":"B\u2019cuzz Coco A&B liefert w\u00e4hrend des gesamten Wachstumszyklus essentielle Mineralien und sorgt so f\u00fcr ein stabiles und biologisches Gleichgewicht in Kokossubstraten."},{"@type":"BreadcrumbList","@id":"https:\/\/atami.com\/de\/produkt\/bcuzz-coco-ab#breadcrumb","itemListElement":[{"@type":"ListItem","position":1,"name":"Home","item":"https:\/\/atami.com\/de"},{"@type":"ListItem","position":2,"name":"Produkte","item":"https:\/\/atami.com\/de\/shop"},{"@type":"ListItem","position":3,"name":"Marken","item":"https:\/\/atami.com\/de\/produkt-kategorie\/marken"},{"@type":"ListItem","position":4,"name":"B'cuzz","item":"https:\/\/atami.com\/de\/produkt-kategorie\/marken\/bcuzz-fluessigduenger"},{"@type":"ListItem","position":5,"name":"B\u2019cuzz Coco A&#038;B"}]},{"@type":"WebSite","@id":"https:\/\/atami.com\/de#website","url":"https:\/\/atami.com\/de","name":"Atami","description":"NATURALLY INNOVATING!","publisher":{"@id":"https:\/\/atami.com\/de#organization"},"potentialAction":[{"@type":"SearchAction","target":{"@type":"EntryPoint","urlTemplate":"https:\/\/atami.com\/de?s={search_term_string}"},"query-input":{"@type":"PropertyValueSpecification","valueRequired":true,"valueName":"search_term_string"}}],"inLanguage":"de"},{"@type":"Organization","@id":"https:\/\/atami.com\/de#organization","name":"Atami","url":"https:\/\/atami.com\/de","logo":{"@type":"ImageObject","inLanguage":"de","@id":"https:\/\/atami.com\/de#\/schema\/logo\/image\/","url":"https:\/\/atami.com\/wp-content\/uploads\/2026\/01\/Atami-logo-696x696px.webp","contentUrl":"https:\/\/atami.com\/wp-content\/uploads\/2026\/01\/Atami-logo-696x696px.webp","width":696,"height":696,"caption":"Atami"},"image":{"@id":"https:\/\/atami.com\/de#\/schema\/logo\/image\/"},"sameAs":["https:\/\/www.facebook.com\/Atami.International","https:\/\/x.com\/AtamiEU","https:\/\/www.youtube.com\/c\/AtamiInternational","https:\/\/www.instagram.com\/atami.international\/"],"description":"ATAMI is a premium plant nutrition & substrate brand founded in 1997 with the mission to make exceptional cultivation achievable for everyone. From legacy to license, we offer a wide variety of innovating award-winning products to let cultivators achieve maximum results in taste & yield.","email":"info@mginnovations.es","legalName":"Atami","numberOfEmployees":{"@type":"QuantitativeValue","minValue":"11","maxValue":"50"}}]}},"_links":{"self":[{"href":"https:\/\/atami.com\/de\/wp-json\/wp\/v2\/product\/21896","targetHints":{"allow":["GET"]}}],"collection":[{"href":"https:\/\/atami.com\/de\/wp-json\/wp\/v2\/product"}],"about":[{"href":"https:\/\/atami.com\/de\/wp-json\/wp\/v2\/types\/product"}],"replies":[{"embeddable":true,"href":"https:\/\/atami.com\/de\/wp-json\/wp\/v2\/comments?post=21896"}],"wp:featuredmedia":[{"embeddable":true,"href":"https:\/\/atami.com\/de\/wp-json\/wp\/v2\/media\/201969"}],"wp:attachment":[{"href":"https:\/\/atami.com\/de\/wp-json\/wp\/v2\/media?parent=21896"}],"wp:term":[{"taxonomy":"product_brand","embeddable":true,"href":"https:\/\/atami.com\/de\/wp-json\/wp\/v2\/product_brand?post=21896"},{"taxonomy":"product_cat","embeddable":true,"href":"https:\/\/atami.com\/de\/wp-json\/wp\/v2\/product_cat?post=21896"},{"taxonomy":"product_tag","embeddable":true,"href":"https:\/\/atami.com\/de\/wp-json\/wp\/v2\/product_tag?post=21896"}],"curies":[{"name":"wp","href":"https:\/\/api.w.org\/{rel}","templated":true}]}}