{"id":21892,"date":"2023-02-10T15:21:44","date_gmt":"2023-02-10T15:21:44","guid":{"rendered":"https:\/\/atami.com\/product\/bcuzz-soil-ab\/"},"modified":"2026-03-03T12:16:58","modified_gmt":"2026-03-03T10:16:58","slug":"bcuzz-soil-ab","status":"publish","type":"product","link":"https:\/\/atami.com\/de\/produkt\/bcuzz-soil-ab","title":{"rendered":"B\u2019cuzz Soil A&#038;B"},"content":{"rendered":"<p><strong>B\u2019cuzz Soil A&amp;B versorgt die (junge) Pflanze mit einer konzentrierten und spezifischen Mischung an Mineralien, die sie ben\u00f6tigt, um sich zu einer starken und gesunden Pflanze zu entwickeln.<\/strong><\/p>\n<p>&nbsp;<\/p>\n<p>B\u2019cuzz Soil A&amp;B ist ein universeller Grundn\u00e4hrstoff, der f\u00fcr ein stabiles und biologisches Gleichgewicht des Substrats sorgt. Das Produkt enth\u00e4lt alle f\u00fcr den gesamten Wachstumszyklus notwendigen N\u00e4hrstoffe und kann f\u00fcr den Anbau von Pflanzen in Innen- und auch Au\u00dfenbereichen verwendet werden. Unser Angebot umfasst verschiedene B\u2019cuzz-Produkte mit universellen Grundn\u00e4hrstoffen f\u00fcr die unterschiedlichen Wachstumsphasen der Pflanze. Man kann jedoch mit der Dosierung der A- und B-N\u00e4hrstoffe experimentieren. In der Wachstumsphase k\u00f6nnen Sie etwas mehr A und in der Bl\u00fchphase etwas mehr B verwenden.<\/p>\n<p>&nbsp;<\/p>\n<p><strong>BESONDERS GEEIGNET F\u00dcR<\/strong><br \/>\nVerschiedene Gem\u00fcsesorten, Fr\u00fcchte und Kr\u00e4uter wie Zucchini, Bohnen und Thymian. Das Produkt kann auch f\u00fcr Zimmer- und Topfpflanzen (z. B. Rittersporn, Ziergr\u00e4ser) verwendet werden. Die erforderliche Dosierung kann auf die Bed\u00fcrfnisse der jeweiligen Pflanze oder Kultur abgestimmt werden.<\/p>\n<p>&nbsp;<\/p>\n<p><strong>ANWENDUNG<\/strong><br \/>\nDa bestimmte N\u00e4hrstoffe der L\u00f6sung in hohen Konzentrationen chemisch miteinander reagieren, werden die N\u00e4hrstoffe in zwei getrennten Flaschen geliefert, A und B. Die Konzentrate A und B d\u00fcrfen nur in Verbindung mit Wasser miteinander gemischt werden.<\/p>\n<p>&nbsp;<\/p>\n<p><strong>DOSIERUNG<\/strong><br \/>\nStark ged\u00fcngter (Blumen-)Kompost: 1\u20133 ml A und B pro Liter N\u00e4hrstoffl\u00f6sung. Leicht ged\u00fcngter (Blumen-)Kompost: 1\u20135 ml A und B pro Liter N\u00e4hrstoffl\u00f6sung.<\/p>\n<p>&nbsp;<\/p>\n<p><strong>Soil A: NK 3-3 W\/W<\/strong><br \/>\n<strong>Soil B: PK 3-4 W\/W<\/strong><\/p>\n<p>&nbsp;<\/p>\n<p><strong>VERF\u00dcGBAR ALS 1 LITER, 5 LITER UND 10 LITER<\/strong><\/p>\n","protected":false},"excerpt":{"rendered":"<p>Starke und gesunde Pflanzen<\/p>\n","protected":false},"featured_media":201954,"comment_status":"closed","ping_status":"closed","template":"","meta":{"_acf_changed":false,"iawp_total_views":374},"product_brand":[],"product_cat":[194,191],"product_tag":[],"class_list":{"0":"post-21892","1":"product","2":"type-product","3":"status-publish","4":"has-post-thumbnail","6":"product_cat-bcuzz-fluessigduenger","7":"product_cat-grundnahrstoffe","9":"first","10":"instock","11":"shipping-taxable","12":"product-type-simple"},"acf":{"short_description":"<p><strong>B\u2019cuzz Soil A&amp;B versorgt die (junge) Pflanze mit einer konzentrierten und spezifischen Mischung an Mineralien, die sie ben\u00f6tigt, um sich zu einer starken und gesunden Pflanze zu entwickeln.<\/strong><\/p>\r\n<p>B\u2019cuzz Soil A&amp;B ist ein universeller Grundn\u00e4hrstoff, der f\u00fcr ein stabiles und biologisches Gleichgewicht des Substrats sorgt. Das Produkt enth\u00e4lt alle f\u00fcr den gesamten Wachstumszyklus notwendigen N\u00e4hrstoffe und kann f\u00fcr den Anbau von Pflanzen in Innen- und auch Au\u00dfenbereichen verwendet werden. Unser Angebot umfasst verschiedene B\u2019cuzz-Produkte mit universellen Grundn\u00e4hrstoffen f\u00fcr die unterschiedlichen Wachstumsphasen der Pflanze. Man kann jedoch mit der Dosierung der A- und B-N\u00e4hrstoffe experimentieren. In der Wachstumsphase k\u00f6nnen Sie etwas mehr A und in der Bl\u00fchphase etwas mehr B verwenden.<\/p>","suitable_for":"<p>Verschiedene Gem\u00fcsesorten, Fr\u00fcchte und Kr\u00e4uter wie Zucchini, Bohnen und Thymian. Das Produkt kann auch f\u00fcr Zimmer- und Topfpflanzen (z. B. Rittersporn, Ziergr\u00e4ser) verwendet werden. Die erforderliche Dosierung kann auf die Bed\u00fcrfnisse der jeweiligen Pflanze oder Kultur abgestimmt werden.<\/p>","application":"<p>Da bestimmte N\u00e4hrstoffe der L\u00f6sung in hohen Konzentrationen chemisch miteinander reagieren, werden die N\u00e4hrstoffe in zwei getrennten Flaschen geliefert, A und B. Die Konzentrate A und B d\u00fcrfen nur in Verbindung mit Wasser miteinander gemischt werden.<\/p>","dosage":"<p>Stark ged\u00fcngter (Blumen-)Kompost: 1\u20133 ml A und B pro Liter N\u00e4hrstoffl\u00f6sung. Leicht ged\u00fcngter (Blumen-)Kompost: 1\u20135 ml A und B pro Liter N\u00e4hrstoffl\u00f6sung.<\/p>","npk_ratio":"<p>Soil A: NK 3-3 W\/W<\/p>\r\n<p>Soil B: PK 3-4 W\/W<\/p>","available_in":"<p>1 LITER, 5 LITER UND 10 LITER<\/p>","icon_1":191404,"icon_1_text":"STARKE UND GESUNDE PFLANZEN","icon_2":191389,"icon_2_text":"ANWENDBAR W\u00c4HREND DES GESAMTEN WACHSTUMSZYKLUS","icon_3":191374,"icon_3_text":"F\u00dcR ERDBASIERTE SUBSTRATE","icon_4":"","icon_4_text":"","video":"","second_image":749,"product_image_page":24002,"user_manual":"","new_icon_1":"","new_icon_2":"","new_icon_3":"","new_icon_4":"","grow_guides":"","category":"Basisn\u00e4hrstoff"},"yoast_head":"<!-- This site is optimized with the Yoast SEO Premium plugin v27.5 (Yoast SEO v27.5) - https:\/\/yoast.com\/product\/yoast-seo-premium-wordpress\/ -->\n<title>B&#039;cuzz Soil A&amp;B \u2013 Der ideale D\u00fcnger f\u00fcr kr\u00e4ftige Pflanzen im Boden<\/title>\n<meta name=\"description\" content=\"Entdecke B&#039;cuzz Soil A&amp;B, den perfekten D\u00fcnger f\u00fcr den Boden. Mit hochwertiger N\u00e4hrstoffformel unterst\u00fctzt er das gesunde Wachstum deiner Pflanzen und sorgt f\u00fcr optimale Bl\u00fctenbildung. Jetzt B&#039;cuzz Soil A&amp;B von Atami kaufen!\" \/>\n<meta name=\"robots\" content=\"index, follow, max-snippet:-1, max-image-preview:large, max-video-preview:-1\" \/>\n<link rel=\"canonical\" href=\"https:\/\/atami.com\/de\/produkt\/bcuzz-soil-ab\" \/>\n<meta property=\"og:locale\" content=\"de_DE\" \/>\n<meta property=\"og:type\" content=\"article\" \/>\n<meta property=\"og:title\" content=\"B\u2019cuzz Soil A&amp;B\" \/>\n<meta property=\"og:description\" content=\"Entdecke B&#039;cuzz Soil A&amp;B, den perfekten D\u00fcnger f\u00fcr den Boden. Mit hochwertiger N\u00e4hrstoffformel unterst\u00fctzt er das gesunde Wachstum deiner Pflanzen und sorgt f\u00fcr optimale Bl\u00fctenbildung. Jetzt B&#039;cuzz Soil A&amp;B von Atami kaufen!\" \/>\n<meta property=\"og:url\" content=\"https:\/\/atami.com\/de\/produkt\/bcuzz-soil-ab\" \/>\n<meta property=\"og:site_name\" content=\"Atami\" \/>\n<meta property=\"article:publisher\" content=\"https:\/\/www.facebook.com\/Atami.International\" \/>\n<meta property=\"article:modified_time\" content=\"2026-03-03T10:16:58+00:00\" \/>\n<meta property=\"og:image\" content=\"https:\/\/atami.com\/wp-content\/uploads\/2023\/02\/Bcuzz-Soil-AB-product-image.webp\" \/>\n\t<meta property=\"og:image:width\" content=\"1080\" \/>\n\t<meta property=\"og:image:height\" content=\"1080\" \/>\n\t<meta property=\"og:image:type\" content=\"image\/webp\" \/>\n<meta name=\"twitter:card\" content=\"summary_large_image\" \/>\n<meta name=\"twitter:site\" content=\"@AtamiEU\" \/>\n<meta name=\"twitter:label1\" content=\"Gesch\u00e4tzte Lesezeit\" \/>\n\t<meta name=\"twitter:data1\" content=\"2\u00a0Minuten\" \/>\n<script type=\"application\/ld+json\" class=\"yoast-schema-graph\">{\"@context\":\"https:\\\/\\\/schema.org\",\"@graph\":[{\"@type\":\"WebPage\",\"@id\":\"https:\\\/\\\/atami.com\\\/de\\\/produkt\\\/bcuzz-soil-ab\",\"url\":\"https:\\\/\\\/atami.com\\\/de\\\/produkt\\\/bcuzz-soil-ab\",\"name\":\"B'cuzz Soil A&B \u2013 Der ideale D\u00fcnger f\u00fcr kr\u00e4ftige Pflanzen im Boden\",\"isPartOf\":{\"@id\":\"https:\\\/\\\/atami.com\\\/de#website\"},\"primaryImageOfPage\":{\"@id\":\"https:\\\/\\\/atami.com\\\/de\\\/produkt\\\/bcuzz-soil-ab#primaryimage\"},\"image\":{\"@id\":\"https:\\\/\\\/atami.com\\\/de\\\/produkt\\\/bcuzz-soil-ab#primaryimage\"},\"thumbnailUrl\":\"https:\\\/\\\/atami.com\\\/wp-content\\\/uploads\\\/2023\\\/02\\\/Bcuzz-Soil-AB-product-image.webp\",\"datePublished\":\"2023-02-10T15:21:44+00:00\",\"dateModified\":\"2026-03-03T10:16:58+00:00\",\"description\":\"Entdecke B'cuzz Soil A&B, den perfekten D\u00fcnger f\u00fcr den Boden. Mit hochwertiger N\u00e4hrstoffformel unterst\u00fctzt er das gesunde Wachstum deiner Pflanzen und sorgt f\u00fcr optimale Bl\u00fctenbildung. Jetzt B'cuzz Soil A&B von Atami kaufen!\",\"breadcrumb\":{\"@id\":\"https:\\\/\\\/atami.com\\\/de\\\/produkt\\\/bcuzz-soil-ab#breadcrumb\"},\"inLanguage\":\"de\",\"potentialAction\":[{\"@type\":\"ReadAction\",\"target\":[\"https:\\\/\\\/atami.com\\\/de\\\/produkt\\\/bcuzz-soil-ab\"]}]},{\"@type\":\"ImageObject\",\"inLanguage\":\"de\",\"@id\":\"https:\\\/\\\/atami.com\\\/de\\\/produkt\\\/bcuzz-soil-ab#primaryimage\",\"url\":\"https:\\\/\\\/atami.com\\\/wp-content\\\/uploads\\\/2023\\\/02\\\/Bcuzz-Soil-AB-product-image.webp\",\"contentUrl\":\"https:\\\/\\\/atami.com\\\/wp-content\\\/uploads\\\/2023\\\/02\\\/Bcuzz-Soil-AB-product-image.webp\",\"width\":1080,\"height\":1080,\"caption\":\"B\u2019cuzz Soil A&B liefert essentielle Mineralien f\u00fcr den gesamten Wachstumszyklus und sorgt so f\u00fcr ein stabiles und biologisches Gleichgewicht in Bodensubstraten.\"},{\"@type\":\"BreadcrumbList\",\"@id\":\"https:\\\/\\\/atami.com\\\/de\\\/produkt\\\/bcuzz-soil-ab#breadcrumb\",\"itemListElement\":[{\"@type\":\"ListItem\",\"position\":1,\"name\":\"Home\",\"item\":\"https:\\\/\\\/atami.com\\\/de\"},{\"@type\":\"ListItem\",\"position\":2,\"name\":\"Produkte\",\"item\":\"https:\\\/\\\/atami.com\\\/de\\\/shop\"},{\"@type\":\"ListItem\",\"position\":3,\"name\":\"Marken\",\"item\":\"https:\\\/\\\/atami.com\\\/de\\\/produkt-kategorie\\\/marken\"},{\"@type\":\"ListItem\",\"position\":4,\"name\":\"B'cuzz\",\"item\":\"https:\\\/\\\/atami.com\\\/de\\\/produkt-kategorie\\\/marken\\\/bcuzz-fluessigduenger\"},{\"@type\":\"ListItem\",\"position\":5,\"name\":\"B\u2019cuzz Soil A&#038;B\"}]},{\"@type\":\"WebSite\",\"@id\":\"https:\\\/\\\/atami.com\\\/de#website\",\"url\":\"https:\\\/\\\/atami.com\\\/de\",\"name\":\"Atami\",\"description\":\"NATURALLY INNOVATING!\",\"publisher\":{\"@id\":\"https:\\\/\\\/atami.com\\\/de#organization\"},\"potentialAction\":[{\"@type\":\"SearchAction\",\"target\":{\"@type\":\"EntryPoint\",\"urlTemplate\":\"https:\\\/\\\/atami.com\\\/de?s={search_term_string}\"},\"query-input\":{\"@type\":\"PropertyValueSpecification\",\"valueRequired\":true,\"valueName\":\"search_term_string\"}}],\"inLanguage\":\"de\"},{\"@type\":\"Organization\",\"@id\":\"https:\\\/\\\/atami.com\\\/de#organization\",\"name\":\"Atami\",\"url\":\"https:\\\/\\\/atami.com\\\/de\",\"logo\":{\"@type\":\"ImageObject\",\"inLanguage\":\"de\",\"@id\":\"https:\\\/\\\/atami.com\\\/de#\\\/schema\\\/logo\\\/image\\\/\",\"url\":\"https:\\\/\\\/atami.com\\\/wp-content\\\/uploads\\\/2026\\\/01\\\/Atami-logo-696x696px.webp\",\"contentUrl\":\"https:\\\/\\\/atami.com\\\/wp-content\\\/uploads\\\/2026\\\/01\\\/Atami-logo-696x696px.webp\",\"width\":696,\"height\":696,\"caption\":\"Atami\"},\"image\":{\"@id\":\"https:\\\/\\\/atami.com\\\/de#\\\/schema\\\/logo\\\/image\\\/\"},\"sameAs\":[\"https:\\\/\\\/www.facebook.com\\\/Atami.International\",\"https:\\\/\\\/x.com\\\/AtamiEU\",\"https:\\\/\\\/www.youtube.com\\\/c\\\/AtamiInternational\",\"https:\\\/\\\/www.instagram.com\\\/atami.international\\\/\"],\"description\":\"ATAMI is a premium plant nutrition & substrate brand founded in 1997 with the mission to make exceptional cultivation achievable for everyone. From legacy to license, we offer a wide variety of innovating award-winning products to let cultivators achieve maximum results in taste & yield.\",\"email\":\"info@mginnovations.es\",\"legalName\":\"Atami\",\"numberOfEmployees\":{\"@type\":\"QuantitativeValue\",\"minValue\":\"11\",\"maxValue\":\"50\"}}]}<\/script>\n<!-- \/ Yoast SEO Premium plugin. -->","yoast_head_json":{"title":"B'cuzz Soil A&B \u2013 Der ideale D\u00fcnger f\u00fcr kr\u00e4ftige Pflanzen im Boden","description":"Entdecke B'cuzz Soil A&B, den perfekten D\u00fcnger f\u00fcr den Boden. Mit hochwertiger N\u00e4hrstoffformel unterst\u00fctzt er das gesunde Wachstum deiner Pflanzen und sorgt f\u00fcr optimale Bl\u00fctenbildung. Jetzt B'cuzz Soil A&B von Atami kaufen!","robots":{"index":"index","follow":"follow","max-snippet":"max-snippet:-1","max-image-preview":"max-image-preview:large","max-video-preview":"max-video-preview:-1"},"canonical":"https:\/\/atami.com\/de\/produkt\/bcuzz-soil-ab","og_locale":"de_DE","og_type":"article","og_title":"B\u2019cuzz Soil A&B","og_description":"Entdecke B'cuzz Soil A&B, den perfekten D\u00fcnger f\u00fcr den Boden. Mit hochwertiger N\u00e4hrstoffformel unterst\u00fctzt er das gesunde Wachstum deiner Pflanzen und sorgt f\u00fcr optimale Bl\u00fctenbildung. Jetzt B'cuzz Soil A&B von Atami kaufen!","og_url":"https:\/\/atami.com\/de\/produkt\/bcuzz-soil-ab","og_site_name":"Atami","article_publisher":"https:\/\/www.facebook.com\/Atami.International","article_modified_time":"2026-03-03T10:16:58+00:00","og_image":[{"width":1080,"height":1080,"url":"https:\/\/atami.com\/wp-content\/uploads\/2023\/02\/Bcuzz-Soil-AB-product-image.webp","type":"image\/webp"}],"twitter_card":"summary_large_image","twitter_site":"@AtamiEU","twitter_misc":{"Gesch\u00e4tzte Lesezeit":"2\u00a0Minuten"},"schema":{"@context":"https:\/\/schema.org","@graph":[{"@type":"WebPage","@id":"https:\/\/atami.com\/de\/produkt\/bcuzz-soil-ab","url":"https:\/\/atami.com\/de\/produkt\/bcuzz-soil-ab","name":"B'cuzz Soil A&B \u2013 Der ideale D\u00fcnger f\u00fcr kr\u00e4ftige Pflanzen im Boden","isPartOf":{"@id":"https:\/\/atami.com\/de#website"},"primaryImageOfPage":{"@id":"https:\/\/atami.com\/de\/produkt\/bcuzz-soil-ab#primaryimage"},"image":{"@id":"https:\/\/atami.com\/de\/produkt\/bcuzz-soil-ab#primaryimage"},"thumbnailUrl":"https:\/\/atami.com\/wp-content\/uploads\/2023\/02\/Bcuzz-Soil-AB-product-image.webp","datePublished":"2023-02-10T15:21:44+00:00","dateModified":"2026-03-03T10:16:58+00:00","description":"Entdecke B'cuzz Soil A&B, den perfekten D\u00fcnger f\u00fcr den Boden. Mit hochwertiger N\u00e4hrstoffformel unterst\u00fctzt er das gesunde Wachstum deiner Pflanzen und sorgt f\u00fcr optimale Bl\u00fctenbildung. Jetzt B'cuzz Soil A&B von Atami kaufen!","breadcrumb":{"@id":"https:\/\/atami.com\/de\/produkt\/bcuzz-soil-ab#breadcrumb"},"inLanguage":"de","potentialAction":[{"@type":"ReadAction","target":["https:\/\/atami.com\/de\/produkt\/bcuzz-soil-ab"]}]},{"@type":"ImageObject","inLanguage":"de","@id":"https:\/\/atami.com\/de\/produkt\/bcuzz-soil-ab#primaryimage","url":"https:\/\/atami.com\/wp-content\/uploads\/2023\/02\/Bcuzz-Soil-AB-product-image.webp","contentUrl":"https:\/\/atami.com\/wp-content\/uploads\/2023\/02\/Bcuzz-Soil-AB-product-image.webp","width":1080,"height":1080,"caption":"B\u2019cuzz Soil A&B liefert essentielle Mineralien f\u00fcr den gesamten Wachstumszyklus und sorgt so f\u00fcr ein stabiles und biologisches Gleichgewicht in Bodensubstraten."},{"@type":"BreadcrumbList","@id":"https:\/\/atami.com\/de\/produkt\/bcuzz-soil-ab#breadcrumb","itemListElement":[{"@type":"ListItem","position":1,"name":"Home","item":"https:\/\/atami.com\/de"},{"@type":"ListItem","position":2,"name":"Produkte","item":"https:\/\/atami.com\/de\/shop"},{"@type":"ListItem","position":3,"name":"Marken","item":"https:\/\/atami.com\/de\/produkt-kategorie\/marken"},{"@type":"ListItem","position":4,"name":"B'cuzz","item":"https:\/\/atami.com\/de\/produkt-kategorie\/marken\/bcuzz-fluessigduenger"},{"@type":"ListItem","position":5,"name":"B\u2019cuzz Soil A&#038;B"}]},{"@type":"WebSite","@id":"https:\/\/atami.com\/de#website","url":"https:\/\/atami.com\/de","name":"Atami","description":"NATURALLY INNOVATING!","publisher":{"@id":"https:\/\/atami.com\/de#organization"},"potentialAction":[{"@type":"SearchAction","target":{"@type":"EntryPoint","urlTemplate":"https:\/\/atami.com\/de?s={search_term_string}"},"query-input":{"@type":"PropertyValueSpecification","valueRequired":true,"valueName":"search_term_string"}}],"inLanguage":"de"},{"@type":"Organization","@id":"https:\/\/atami.com\/de#organization","name":"Atami","url":"https:\/\/atami.com\/de","logo":{"@type":"ImageObject","inLanguage":"de","@id":"https:\/\/atami.com\/de#\/schema\/logo\/image\/","url":"https:\/\/atami.com\/wp-content\/uploads\/2026\/01\/Atami-logo-696x696px.webp","contentUrl":"https:\/\/atami.com\/wp-content\/uploads\/2026\/01\/Atami-logo-696x696px.webp","width":696,"height":696,"caption":"Atami"},"image":{"@id":"https:\/\/atami.com\/de#\/schema\/logo\/image\/"},"sameAs":["https:\/\/www.facebook.com\/Atami.International","https:\/\/x.com\/AtamiEU","https:\/\/www.youtube.com\/c\/AtamiInternational","https:\/\/www.instagram.com\/atami.international\/"],"description":"ATAMI is a premium plant nutrition & substrate brand founded in 1997 with the mission to make exceptional cultivation achievable for everyone. From legacy to license, we offer a wide variety of innovating award-winning products to let cultivators achieve maximum results in taste & yield.","email":"info@mginnovations.es","legalName":"Atami","numberOfEmployees":{"@type":"QuantitativeValue","minValue":"11","maxValue":"50"}}]}},"_links":{"self":[{"href":"https:\/\/atami.com\/de\/wp-json\/wp\/v2\/product\/21892","targetHints":{"allow":["GET"]}}],"collection":[{"href":"https:\/\/atami.com\/de\/wp-json\/wp\/v2\/product"}],"about":[{"href":"https:\/\/atami.com\/de\/wp-json\/wp\/v2\/types\/product"}],"replies":[{"embeddable":true,"href":"https:\/\/atami.com\/de\/wp-json\/wp\/v2\/comments?post=21892"}],"wp:featuredmedia":[{"embeddable":true,"href":"https:\/\/atami.com\/de\/wp-json\/wp\/v2\/media\/201954"}],"wp:attachment":[{"href":"https:\/\/atami.com\/de\/wp-json\/wp\/v2\/media?parent=21892"}],"wp:term":[{"taxonomy":"product_brand","embeddable":true,"href":"https:\/\/atami.com\/de\/wp-json\/wp\/v2\/product_brand?post=21892"},{"taxonomy":"product_cat","embeddable":true,"href":"https:\/\/atami.com\/de\/wp-json\/wp\/v2\/product_cat?post=21892"},{"taxonomy":"product_tag","embeddable":true,"href":"https:\/\/atami.com\/de\/wp-json\/wp\/v2\/product_tag?post=21892"}],"curies":[{"name":"wp","href":"https:\/\/api.w.org\/{rel}","templated":true}]}}