{"id":21890,"date":"2023-02-10T07:45:16","date_gmt":"2023-02-10T07:45:16","guid":{"rendered":"https:\/\/atami.com\/product\/ata-nrg-upgrade\/"},"modified":"2026-03-03T15:09:53","modified_gmt":"2026-03-03T13:09:53","slug":"ata-nrg-upgrade","status":"publish","type":"product","link":"https:\/\/atami.com\/de\/produkt\/ata-nrg-upgrade","title":{"rendered":"ATA NRG Upgrade"},"content":{"rendered":"<p><strong>ATA NRG Upgrade ist ein D\u00fcngemittel f\u00fcr den umweltbewussten Z\u00fcchter, das aus Rohphosphat und Inhaltsstoffen pflanzlichen Ursprungs hergestellt wird. ATA NRG Upgrade enth\u00e4lt reichlich organischen Stickstoff zur Unterst\u00fctzung der wachsenden Pflanze.<\/strong><\/p>\n<p>&nbsp;<\/p>\n<p>Die organischen N\u00e4hrstoffe in ATA NRG Upgrade sind nicht direkt verf\u00fcgbar, sondern sind auf die Freisetzung durch Bodenorganismen angewiesen. Dieser Prozess gew\u00e4hrleistet die langfristige Verf\u00fcgbarkeit von N\u00e4hrstoffen, wann immer Deine Pflanze sie ben\u00f6tigt.<\/p>\n<p>&nbsp;<\/p>\n<p><strong>ATA NRG IST GEEIGNET F\u00dcR<\/strong><br \/>\nVerschiedene Gem\u00fcsesorten, Fr\u00fcchte und Kr\u00e4uter wie \u00c4pfel und Himbeeren. Das Produkt kann auch f\u00fcr Zimmer- und Topfpflanzen (z. B. Alokasien) verwendet werden. Die erforderliche Dosierung kann auf die Bed\u00fcrfnisse der jeweiligen Pflanze oder Kultur abgestimmt werden.<\/p>\n<p>&nbsp;<\/p>\n<p><strong>DOSIERUNG\/ANWENDUNG<\/strong><br \/>\nVermische f\u00fcr die Grundd\u00fcngung 3\u20136 Gramm Upgrade pro Liter Substrat. Verwende beim Mischen von Anzuchterde 1\u20132 Gramm pro Liter Substrat. F\u00fcr eine zus\u00e4tzliche D\u00fcngung: streue 2\u20134 Gramm pro Liter auf Dein Substrat.<\/p>\n<p>&nbsp;<\/p>\n<p><strong>NPK 6-3-4 W\/W<\/strong><\/p>\n<p>&nbsp;<\/p>\n<p><strong>VERF\u00dcGBAR ALS 600 GR., 3Kg und 6 Kg.<\/strong><\/p>\n","protected":false},"excerpt":{"rendered":"<p>Feststoffd\u00fcnger<\/p>\n<p>Substratverbesserer<\/p>\n","protected":false},"featured_media":23912,"comment_status":"closed","ping_status":"closed","template":"","meta":{"_acf_changed":false,"iawp_total_views":79},"product_brand":[],"product_cat":[193,191],"product_tag":[],"class_list":{"0":"post-21890","1":"product","2":"type-product","3":"status-publish","4":"has-post-thumbnail","6":"product_cat-ata-nrg","7":"product_cat-grundnahrstoffe","9":"first","10":"instock","11":"shipping-taxable","12":"product-type-simple"},"acf":{"short_description":"<p><strong>ATA NRG Upgrade ist ein D\u00fcngemittel f\u00fcr den umweltbewussten Z\u00fcchter, das aus Rohphosphat und Inhaltsstoffen pflanzlichen Ursprungs hergestellt wird. ATA NRG Upgrade enth\u00e4lt reichlich organischen Stickstoff zur Unterst\u00fctzung der wachsenden Pflanze.<\/strong><\/p>\r\n<p>Die organischen N\u00e4hrstoffe in ATA NRG Upgrade sind nicht direkt verf\u00fcgbar, sondern sind auf die Freisetzung durch Bodenorganismen angewiesen. Dieser Prozess gew\u00e4hrleistet die langfristige Verf\u00fcgbarkeit von N\u00e4hrstoffen, wann immer Deine Pflanze sie ben\u00f6tigt.<\/p>","suitable_for":"<p>Verschiedene Gem\u00fcsesorten, Fr\u00fcchte und Kr\u00e4uter wie \u00c4pfel und Himbeeren. Das Produkt kann auch f\u00fcr Zimmer- und Topfpflanzen (z. B. Alokasien) verwendet werden. Die erforderliche Dosierung kann auf die Bed\u00fcrfnisse der jeweiligen Pflanze oder Kultur abgestimmt werden.<\/p>","application":"<p>Vermische f\u00fcr die Grundd\u00fcngung 3\u20136 Gramm Upgrade pro Liter Substrat. Verwende beim Mischen von Anzuchterde 1\u20132 Gramm pro Liter Substrat. F\u00fcr eine zus\u00e4tzliche D\u00fcngung: streue 2\u20134 Gramm pro Liter auf Dein Substrat.<\/p>","dosage":"<p>Vermische f\u00fcr die Grundd\u00fcngung 3\u20136 Gramm Upgrade pro Liter Substrat. Verwende beim Mischen von Anzuchterde 1\u20132 Gramm pro Liter Substrat. F\u00fcr eine zus\u00e4tzliche D\u00fcngung: streue 2\u20134 Gramm pro Liter auf Dein Substrat.<\/p>","npk_ratio":"<p>NPK 6-3-4 W\/W<\/p>","available_in":"<p>600 GR., 3Kg und 6 Kg.<\/p>","icon_1":1984,"icon_1_text":"NACH UND NACH VERF\u00dcGBARE N\u00c4HRSTOFFE","icon_2":1988,"icon_2_text":"BACILLUS-BAKTERIEN BESIEDELN DIE WURZELN","icon_3":1992,"icon_3_text":"EIN D\u00dcNGEMITTEL F\u00dcR DEN UMWELTBEWUSSTEN Z\u00dcCHTER, DER SEIN SUBSTRAT VERBESSERN M\u00d6CHTE!","icon_4":"","icon_4_text":"","video":"https:\/\/youtu.be\/8_PsjzHxmPE","second_image":2836,"product_image_page":4091,"user_manual":"","new_icon_1":"","new_icon_2":"","new_icon_3":"","new_icon_4":"","grow_guides":"","category":"Basisn\u00e4hrstoff"},"yoast_head":"<!-- This site is optimized with the Yoast SEO Premium plugin v27.4 (Yoast SEO v27.4) - https:\/\/yoast.com\/product\/yoast-seo-premium-wordpress\/ -->\n<title>ATA NRG Upgrade: Optimiere das Wachstum Deiner Pflanzen effizient<\/title>\n<meta name=\"description\" content=\"Verbessern Sie das Wachstum Ihrer Pflanzen mit ATA NRG Upgrade, einem innovativen N\u00e4hrstoffzusatz, der speziell entwickelt wurde, um die Bl\u00fctenbildung und das Wurzelsystem zu f\u00f6rdern. Steigern Sie Ihre Ertr\u00e4ge und maximieren Sie das Potenzial Ihrer Pflanzen.\" \/>\n<meta name=\"robots\" content=\"index, follow, max-snippet:-1, max-image-preview:large, max-video-preview:-1\" \/>\n<link rel=\"canonical\" href=\"https:\/\/atami.com\/de\/produkt\/ata-nrg-upgrade\" \/>\n<meta property=\"og:locale\" content=\"de_DE\" \/>\n<meta property=\"og:type\" content=\"article\" \/>\n<meta property=\"og:title\" content=\"ATA NRG Upgrade\" \/>\n<meta property=\"og:description\" content=\"Verbessern Sie das Wachstum Ihrer Pflanzen mit ATA NRG Upgrade, einem innovativen N\u00e4hrstoffzusatz, der speziell entwickelt wurde, um die Bl\u00fctenbildung und das Wurzelsystem zu f\u00f6rdern. Steigern Sie Ihre Ertr\u00e4ge und maximieren Sie das Potenzial Ihrer Pflanzen.\" \/>\n<meta property=\"og:url\" content=\"https:\/\/atami.com\/de\/produkt\/ata-nrg-upgrade\" \/>\n<meta property=\"og:site_name\" content=\"Atami\" \/>\n<meta property=\"article:publisher\" content=\"https:\/\/www.facebook.com\/Atami.International\" \/>\n<meta property=\"article:modified_time\" content=\"2026-03-03T13:09:53+00:00\" \/>\n<meta property=\"og:image\" content=\"https:\/\/atami.com\/wp-content\/uploads\/2023\/02\/ATA-NRG-Upgrade-Main-Image.webp\" \/>\n\t<meta property=\"og:image:width\" content=\"1080\" \/>\n\t<meta property=\"og:image:height\" content=\"1080\" \/>\n\t<meta property=\"og:image:type\" content=\"image\/webp\" \/>\n<meta name=\"twitter:card\" content=\"summary_large_image\" \/>\n<meta name=\"twitter:site\" content=\"@AtamiEU\" \/>\n<meta name=\"twitter:label1\" content=\"Gesch\u00e4tzte Lesezeit\" \/>\n\t<meta name=\"twitter:data1\" content=\"1\u00a0Minute\" \/>\n<script type=\"application\/ld+json\" class=\"yoast-schema-graph\">{\"@context\":\"https:\\\/\\\/schema.org\",\"@graph\":[{\"@type\":\"WebPage\",\"@id\":\"https:\\\/\\\/atami.com\\\/de\\\/produkt\\\/ata-nrg-upgrade\",\"url\":\"https:\\\/\\\/atami.com\\\/de\\\/produkt\\\/ata-nrg-upgrade\",\"name\":\"ATA NRG Upgrade: Optimiere das Wachstum Deiner Pflanzen effizient\",\"isPartOf\":{\"@id\":\"https:\\\/\\\/atami.com\\\/de#website\"},\"primaryImageOfPage\":{\"@id\":\"https:\\\/\\\/atami.com\\\/de\\\/produkt\\\/ata-nrg-upgrade#primaryimage\"},\"image\":{\"@id\":\"https:\\\/\\\/atami.com\\\/de\\\/produkt\\\/ata-nrg-upgrade#primaryimage\"},\"thumbnailUrl\":\"https:\\\/\\\/atami.com\\\/wp-content\\\/uploads\\\/2023\\\/02\\\/ATA-NRG-Upgrade-Main-Image.webp\",\"datePublished\":\"2023-02-10T07:45:16+00:00\",\"dateModified\":\"2026-03-03T13:09:53+00:00\",\"description\":\"Verbessern Sie das Wachstum Ihrer Pflanzen mit ATA NRG Upgrade, einem innovativen N\u00e4hrstoffzusatz, der speziell entwickelt wurde, um die Bl\u00fctenbildung und das Wurzelsystem zu f\u00f6rdern. Steigern Sie Ihre Ertr\u00e4ge und maximieren Sie das Potenzial Ihrer Pflanzen.\",\"breadcrumb\":{\"@id\":\"https:\\\/\\\/atami.com\\\/de\\\/produkt\\\/ata-nrg-upgrade#breadcrumb\"},\"inLanguage\":\"de\",\"potentialAction\":[{\"@type\":\"ReadAction\",\"target\":[\"https:\\\/\\\/atami.com\\\/de\\\/produkt\\\/ata-nrg-upgrade\"]}]},{\"@type\":\"ImageObject\",\"inLanguage\":\"de\",\"@id\":\"https:\\\/\\\/atami.com\\\/de\\\/produkt\\\/ata-nrg-upgrade#primaryimage\",\"url\":\"https:\\\/\\\/atami.com\\\/wp-content\\\/uploads\\\/2023\\\/02\\\/ATA-NRG-Upgrade-Main-Image.webp\",\"contentUrl\":\"https:\\\/\\\/atami.com\\\/wp-content\\\/uploads\\\/2023\\\/02\\\/ATA-NRG-Upgrade-Main-Image.webp\",\"width\":1080,\"height\":1080,\"caption\":\"ATA NRG Upgrade reichert Ihr Substrat mit essentiellen N\u00e4hrstoffen an und f\u00f6rdert so eine robuste Pflanzenentwicklung.\"},{\"@type\":\"BreadcrumbList\",\"@id\":\"https:\\\/\\\/atami.com\\\/de\\\/produkt\\\/ata-nrg-upgrade#breadcrumb\",\"itemListElement\":[{\"@type\":\"ListItem\",\"position\":1,\"name\":\"Home\",\"item\":\"https:\\\/\\\/atami.com\\\/de\"},{\"@type\":\"ListItem\",\"position\":2,\"name\":\"Produkte\",\"item\":\"https:\\\/\\\/atami.com\\\/de\\\/shop\"},{\"@type\":\"ListItem\",\"position\":3,\"name\":\"D\u00fcngemittel\",\"item\":\"https:\\\/\\\/atami.com\\\/de\\\/produkt-kategorie\\\/dungemittel\"},{\"@type\":\"ListItem\",\"position\":4,\"name\":\"Grundn\u00e4hrstoffe\",\"item\":\"https:\\\/\\\/atami.com\\\/de\\\/produkt-kategorie\\\/dungemittel\\\/grundnahrstoffe\"},{\"@type\":\"ListItem\",\"position\":5,\"name\":\"ATA NRG Upgrade\"}]},{\"@type\":\"WebSite\",\"@id\":\"https:\\\/\\\/atami.com\\\/de#website\",\"url\":\"https:\\\/\\\/atami.com\\\/de\",\"name\":\"Atami\",\"description\":\"NATURALLY INNOVATING!\",\"publisher\":{\"@id\":\"https:\\\/\\\/atami.com\\\/de#organization\"},\"potentialAction\":[{\"@type\":\"SearchAction\",\"target\":{\"@type\":\"EntryPoint\",\"urlTemplate\":\"https:\\\/\\\/atami.com\\\/de?s={search_term_string}\"},\"query-input\":{\"@type\":\"PropertyValueSpecification\",\"valueRequired\":true,\"valueName\":\"search_term_string\"}}],\"inLanguage\":\"de\"},{\"@type\":\"Organization\",\"@id\":\"https:\\\/\\\/atami.com\\\/de#organization\",\"name\":\"Atami\",\"url\":\"https:\\\/\\\/atami.com\\\/de\",\"logo\":{\"@type\":\"ImageObject\",\"inLanguage\":\"de\",\"@id\":\"https:\\\/\\\/atami.com\\\/de#\\\/schema\\\/logo\\\/image\\\/\",\"url\":\"https:\\\/\\\/atami.com\\\/wp-content\\\/uploads\\\/2026\\\/01\\\/Atami-logo-696x696px.webp\",\"contentUrl\":\"https:\\\/\\\/atami.com\\\/wp-content\\\/uploads\\\/2026\\\/01\\\/Atami-logo-696x696px.webp\",\"width\":696,\"height\":696,\"caption\":\"Atami\"},\"image\":{\"@id\":\"https:\\\/\\\/atami.com\\\/de#\\\/schema\\\/logo\\\/image\\\/\"},\"sameAs\":[\"https:\\\/\\\/www.facebook.com\\\/Atami.International\",\"https:\\\/\\\/x.com\\\/AtamiEU\",\"https:\\\/\\\/www.youtube.com\\\/c\\\/AtamiInternational\",\"https:\\\/\\\/www.instagram.com\\\/atami.international\\\/\"],\"description\":\"ATAMI is a premium plant nutrition & substrate brand founded in 1997 with the mission to make exceptional cultivation achievable for everyone. From legacy to license, we offer a wide variety of innovating award-winning products to let cultivators achieve maximum results in taste & yield.\",\"email\":\"info@mginnovations.es\",\"legalName\":\"Atami\",\"numberOfEmployees\":{\"@type\":\"QuantitativeValue\",\"minValue\":\"11\",\"maxValue\":\"50\"}}]}<\/script>\n<!-- \/ Yoast SEO Premium plugin. -->","yoast_head_json":{"title":"ATA NRG Upgrade: Optimiere das Wachstum Deiner Pflanzen effizient","description":"Verbessern Sie das Wachstum Ihrer Pflanzen mit ATA NRG Upgrade, einem innovativen N\u00e4hrstoffzusatz, der speziell entwickelt wurde, um die Bl\u00fctenbildung und das Wurzelsystem zu f\u00f6rdern. Steigern Sie Ihre Ertr\u00e4ge und maximieren Sie das Potenzial Ihrer Pflanzen.","robots":{"index":"index","follow":"follow","max-snippet":"max-snippet:-1","max-image-preview":"max-image-preview:large","max-video-preview":"max-video-preview:-1"},"canonical":"https:\/\/atami.com\/de\/produkt\/ata-nrg-upgrade","og_locale":"de_DE","og_type":"article","og_title":"ATA NRG Upgrade","og_description":"Verbessern Sie das Wachstum Ihrer Pflanzen mit ATA NRG Upgrade, einem innovativen N\u00e4hrstoffzusatz, der speziell entwickelt wurde, um die Bl\u00fctenbildung und das Wurzelsystem zu f\u00f6rdern. Steigern Sie Ihre Ertr\u00e4ge und maximieren Sie das Potenzial Ihrer Pflanzen.","og_url":"https:\/\/atami.com\/de\/produkt\/ata-nrg-upgrade","og_site_name":"Atami","article_publisher":"https:\/\/www.facebook.com\/Atami.International","article_modified_time":"2026-03-03T13:09:53+00:00","og_image":[{"width":1080,"height":1080,"url":"https:\/\/atami.com\/wp-content\/uploads\/2023\/02\/ATA-NRG-Upgrade-Main-Image.webp","type":"image\/webp"}],"twitter_card":"summary_large_image","twitter_site":"@AtamiEU","twitter_misc":{"Gesch\u00e4tzte Lesezeit":"1\u00a0Minute"},"schema":{"@context":"https:\/\/schema.org","@graph":[{"@type":"WebPage","@id":"https:\/\/atami.com\/de\/produkt\/ata-nrg-upgrade","url":"https:\/\/atami.com\/de\/produkt\/ata-nrg-upgrade","name":"ATA NRG Upgrade: Optimiere das Wachstum Deiner Pflanzen effizient","isPartOf":{"@id":"https:\/\/atami.com\/de#website"},"primaryImageOfPage":{"@id":"https:\/\/atami.com\/de\/produkt\/ata-nrg-upgrade#primaryimage"},"image":{"@id":"https:\/\/atami.com\/de\/produkt\/ata-nrg-upgrade#primaryimage"},"thumbnailUrl":"https:\/\/atami.com\/wp-content\/uploads\/2023\/02\/ATA-NRG-Upgrade-Main-Image.webp","datePublished":"2023-02-10T07:45:16+00:00","dateModified":"2026-03-03T13:09:53+00:00","description":"Verbessern Sie das Wachstum Ihrer Pflanzen mit ATA NRG Upgrade, einem innovativen N\u00e4hrstoffzusatz, der speziell entwickelt wurde, um die Bl\u00fctenbildung und das Wurzelsystem zu f\u00f6rdern. Steigern Sie Ihre Ertr\u00e4ge und maximieren Sie das Potenzial Ihrer Pflanzen.","breadcrumb":{"@id":"https:\/\/atami.com\/de\/produkt\/ata-nrg-upgrade#breadcrumb"},"inLanguage":"de","potentialAction":[{"@type":"ReadAction","target":["https:\/\/atami.com\/de\/produkt\/ata-nrg-upgrade"]}]},{"@type":"ImageObject","inLanguage":"de","@id":"https:\/\/atami.com\/de\/produkt\/ata-nrg-upgrade#primaryimage","url":"https:\/\/atami.com\/wp-content\/uploads\/2023\/02\/ATA-NRG-Upgrade-Main-Image.webp","contentUrl":"https:\/\/atami.com\/wp-content\/uploads\/2023\/02\/ATA-NRG-Upgrade-Main-Image.webp","width":1080,"height":1080,"caption":"ATA NRG Upgrade reichert Ihr Substrat mit essentiellen N\u00e4hrstoffen an und f\u00f6rdert so eine robuste Pflanzenentwicklung."},{"@type":"BreadcrumbList","@id":"https:\/\/atami.com\/de\/produkt\/ata-nrg-upgrade#breadcrumb","itemListElement":[{"@type":"ListItem","position":1,"name":"Home","item":"https:\/\/atami.com\/de"},{"@type":"ListItem","position":2,"name":"Produkte","item":"https:\/\/atami.com\/de\/shop"},{"@type":"ListItem","position":3,"name":"D\u00fcngemittel","item":"https:\/\/atami.com\/de\/produkt-kategorie\/dungemittel"},{"@type":"ListItem","position":4,"name":"Grundn\u00e4hrstoffe","item":"https:\/\/atami.com\/de\/produkt-kategorie\/dungemittel\/grundnahrstoffe"},{"@type":"ListItem","position":5,"name":"ATA NRG Upgrade"}]},{"@type":"WebSite","@id":"https:\/\/atami.com\/de#website","url":"https:\/\/atami.com\/de","name":"Atami","description":"NATURALLY INNOVATING!","publisher":{"@id":"https:\/\/atami.com\/de#organization"},"potentialAction":[{"@type":"SearchAction","target":{"@type":"EntryPoint","urlTemplate":"https:\/\/atami.com\/de?s={search_term_string}"},"query-input":{"@type":"PropertyValueSpecification","valueRequired":true,"valueName":"search_term_string"}}],"inLanguage":"de"},{"@type":"Organization","@id":"https:\/\/atami.com\/de#organization","name":"Atami","url":"https:\/\/atami.com\/de","logo":{"@type":"ImageObject","inLanguage":"de","@id":"https:\/\/atami.com\/de#\/schema\/logo\/image\/","url":"https:\/\/atami.com\/wp-content\/uploads\/2026\/01\/Atami-logo-696x696px.webp","contentUrl":"https:\/\/atami.com\/wp-content\/uploads\/2026\/01\/Atami-logo-696x696px.webp","width":696,"height":696,"caption":"Atami"},"image":{"@id":"https:\/\/atami.com\/de#\/schema\/logo\/image\/"},"sameAs":["https:\/\/www.facebook.com\/Atami.International","https:\/\/x.com\/AtamiEU","https:\/\/www.youtube.com\/c\/AtamiInternational","https:\/\/www.instagram.com\/atami.international\/"],"description":"ATAMI is a premium plant nutrition & substrate brand founded in 1997 with the mission to make exceptional cultivation achievable for everyone. From legacy to license, we offer a wide variety of innovating award-winning products to let cultivators achieve maximum results in taste & yield.","email":"info@mginnovations.es","legalName":"Atami","numberOfEmployees":{"@type":"QuantitativeValue","minValue":"11","maxValue":"50"}}]}},"_links":{"self":[{"href":"https:\/\/atami.com\/de\/wp-json\/wp\/v2\/product\/21890","targetHints":{"allow":["GET"]}}],"collection":[{"href":"https:\/\/atami.com\/de\/wp-json\/wp\/v2\/product"}],"about":[{"href":"https:\/\/atami.com\/de\/wp-json\/wp\/v2\/types\/product"}],"replies":[{"embeddable":true,"href":"https:\/\/atami.com\/de\/wp-json\/wp\/v2\/comments?post=21890"}],"wp:featuredmedia":[{"embeddable":true,"href":"https:\/\/atami.com\/de\/wp-json\/wp\/v2\/media\/23912"}],"wp:attachment":[{"href":"https:\/\/atami.com\/de\/wp-json\/wp\/v2\/media?parent=21890"}],"wp:term":[{"taxonomy":"product_brand","embeddable":true,"href":"https:\/\/atami.com\/de\/wp-json\/wp\/v2\/product_brand?post=21890"},{"taxonomy":"product_cat","embeddable":true,"href":"https:\/\/atami.com\/de\/wp-json\/wp\/v2\/product_cat?post=21890"},{"taxonomy":"product_tag","embeddable":true,"href":"https:\/\/atami.com\/de\/wp-json\/wp\/v2\/product_tag?post=21890"}],"curies":[{"name":"wp","href":"https:\/\/api.w.org\/{rel}","templated":true}]}}