{"id":21888,"date":"2023-02-09T10:59:07","date_gmt":"2023-02-09T10:59:07","guid":{"rendered":"https:\/\/atami.com\/product\/ata-clean\/"},"modified":"2026-03-03T15:03:23","modified_gmt":"2026-03-03T13:03:23","slug":"ata-clean","status":"publish","type":"product","link":"https:\/\/atami.com\/de\/produkt\/ata-clean","title":{"rendered":"ATA Clean"},"content":{"rendered":"<p><strong>ATA Clean ist ein Reinigungsprodukt, das daf\u00fcr sorgt, dass Deine Bew\u00e4sserungsanlage voll funktionsf\u00e4hig bleibt. Es verhindert und entfernt Ablagerungen und macht sie wieder wasserl\u00f6slich, sodass sie leicht mithilfe der Wasserzufuhr ausgeleitet werden k\u00f6nnen.<\/strong><\/p>\n<p>&nbsp;<\/p>\n<p>Obwohl ATA Clean laut Etikett einen relativ hohen PK-Wert hat, wird es nicht als D\u00fcngemittel eingestuft. Da die Dosierung so niedrig ist, haben die N\u00e4hrstoffe im Produkt nur einen geringen Einfluss auf die eigentliche Pflanze.<\/p>\n<p>&nbsp;<\/p>\n<p>Andere D\u00fcngemittel enthalten meist wasserl\u00f6sliche metallische N\u00e4hrstoffe und Ionen wie Eisen, Mangan, Kalzium und Magnesium.<\/p>\n<p>&nbsp;<\/p>\n<p>Diese lagern sich im Laufe der Zeit in der Bew\u00e4sserungsanlage ab. Die Inhaltsstoffe von ATA Clean verbinden sich mit diesen metallischen N\u00e4hrstoffen und brechen die Kristalle und Flocken auf, sodass sie leicht weggesp\u00fclt werden k\u00f6nnen. ATA Clean ist unbedenklich f\u00fcr Pflanzen und die Umwelt.<\/p>\n<p>&nbsp;<\/p>\n<p><strong>BESONDERS GEEIGNET F\u00dcR<\/strong><br \/>\nATA Clean ist ein Universald\u00fcnger, der f\u00fcr verschiedene Obst-, Gem\u00fcse- und Kr\u00e4utersorten sowie Zierpflanzen wie z. B. Rosmarin, Estragon, Flamingoblumen, Brandschopf usw. geeignet ist. Die erforderliche Dosierung kann auf die Bed\u00fcrfnisse der jeweiligen Pflanze oder Kultur abgestimmt werden.<\/p>\n<p>&nbsp;<\/p>\n<p><strong>ANWENDUNG<\/strong><br \/>\nSpeziell f\u00fcr die Verwendung mit Leitungswasser. Geb dieses Produkt pr\u00e4ventiv zu allen N\u00e4hrstoffl\u00f6sungen. Bereite die Grundn\u00e4hrstoffl\u00f6sung vor und korrigiere ggf. den pH-Wert (5,5\u20136,5). Lasse die Grundn\u00e4hrstoffl\u00f6sung eine Weile stehen und gebe dann ATA Clean hinzu. Das Produkt kann sowohl zur Vorbeugung als auch zur Aufl\u00f6sung von Ablagerungen eingesetzt werden.<\/p>\n<p>&nbsp;<\/p>\n<p><strong>DOSIERUNG<\/strong><br \/>\n0,1 ml pro Liter N\u00e4hrstoffl\u00f6sung.<\/p>\n<p>&nbsp;<\/p>\n<p><strong>P-K 18-6 W\/W<\/strong><\/p>\n<p><strong>VERF\u00dcGBAR ALS 250 ML, 1 LITER, 5 LITER UND 10 LITER<\/strong><\/p>\n","protected":false},"excerpt":{"rendered":"<p>Einfache Wartung von Bew\u00e4sserungssystemen<\/p>\n","protected":false},"featured_media":23867,"comment_status":"closed","ping_status":"closed","template":"","meta":{"_acf_changed":false,"iawp_total_views":244},"product_brand":[],"product_cat":[190,192],"product_tag":[],"class_list":{"0":"post-21888","1":"product","2":"type-product","3":"status-publish","4":"has-post-thumbnail","6":"product_cat-ata","7":"product_cat-zusatze","9":"first","10":"instock","11":"shipping-taxable","12":"product-type-simple"},"acf":{"short_description":"<p><strong>ATA Clean ist ein Reinigungsprodukt, das daf\u00fcr sorgt, dass Deine Bew\u00e4sserungsanlage voll funktionsf\u00e4hig bleibt. Es verhindert und entfernt Ablagerungen und macht sie wieder wasserl\u00f6slich, sodass sie leicht mithilfe der Wasserzufuhr ausgeleitet werden k\u00f6nnen.<\/strong><\/p>\r\n<p>Obwohl ATA Clean laut Etikett einen relativ hohen PK-Wert hat, wird es nicht als D\u00fcngemittel eingestuft. Da die Dosierung so niedrig ist, haben die N\u00e4hrstoffe im Produkt nur einen geringen Einfluss auf die eigentliche Pflanze.<\/p>\r\n<p>Andere D\u00fcngemittel enthalten meist wasserl\u00f6sliche metallische N\u00e4hrstoffe und Ionen wie Eisen, Mangan, Kalzium und Magnesium.<\/p>\r\n<p>Diese lagern sich im Laufe der Zeit in der Bew\u00e4sserungsanlage ab. Die Inhaltsstoffe von ATA Clean verbinden sich mit diesen metallischen N\u00e4hrstoffen und brechen die Kristalle und Flocken auf, sodass sie leicht weggesp\u00fclt werden k\u00f6nnen. ATA Clean ist unbedenklich f\u00fcr Pflanzen und die Umwelt.<\/p>","suitable_for":"<p>ATA Clean ist ein Universald\u00fcnger, der f\u00fcr verschiedene Obst-, Gem\u00fcse- und Kr\u00e4utersorten sowie Zierpflanzen wie z. B. Rosmarin, Estragon, Flamingoblumen, Brandschopf usw. geeignet ist. Die erforderliche Dosierung kann auf die Bed\u00fcrfnisse der jeweiligen Pflanze oder Kultur abgestimmt werden.<\/p>","application":"<p>Speziell f\u00fcr die Verwendung mit Leitungswasser. Geb dieses Produkt pr\u00e4ventiv zu allen N\u00e4hrstoffl\u00f6sungen. Bereite die Grundn\u00e4hrstoffl\u00f6sung vor und korrigiere ggf. den pH-Wert (5,5\u20136,5). Lasse die Grundn\u00e4hrstoffl\u00f6sung eine Weile stehen und gebe dann ATA Clean hinzu. Das Produkt kann sowohl zur Vorbeugung als auch zur Aufl\u00f6sung von Ablagerungen eingesetzt werden.<\/p>","dosage":"<p>0,1 ml pro Liter N\u00e4hrstoffl\u00f6sung.<\/p>","npk_ratio":"<p>P-K 18-6 W\/W<\/p>","available_in":"<p>250 ML, 1 LITER, 5 LITER UND 10 LITER<\/p>","icon_1":1840,"icon_1_text":"VERHINDERT UND ENTFERNT ABLAGERUNGEN AUS DER BEW\u00c4SSERUNGSANLAGE","icon_2":1844,"icon_2_text":"EINFACHE WARTUNG DER BEW\u00c4SSERUNGSANLAGE","icon_3":"","icon_3_text":"","icon_4":"","icon_4_text":"","video":"https:\/\/youtu.be\/GXKYeJAG574","second_image":1836,"product_image_page":4065,"user_manual":"","new_icon_1":"","new_icon_2":"","new_icon_3":"","new_icon_4":"","grow_guides":"","category":"Zusatzstoff"},"yoast_head":"<!-- This site is optimized with the Yoast SEO Premium plugin v27.4 (Yoast SEO v27.4) - https:\/\/yoast.com\/product\/yoast-seo-premium-wordpress\/ -->\n<title>ATA Clean \u2013 Effektive Reinigung f\u00fcr Ihr Bew\u00e4sserungssystem<\/title>\n<meta name=\"description\" content=\"Verhindern Sie Ablagerungen und Verstopfungen mit ATA Clean. Halten Sie Ihr Bew\u00e4sserungssystem sauber f\u00fcr eine optimale N\u00e4hrstoffaufnahme Ihrer Pflanzen.\" \/>\n<meta name=\"robots\" content=\"index, follow, max-snippet:-1, max-image-preview:large, max-video-preview:-1\" \/>\n<link rel=\"canonical\" href=\"https:\/\/atami.com\/de\/produkt\/ata-clean\" \/>\n<meta property=\"og:locale\" content=\"de_DE\" \/>\n<meta property=\"og:type\" content=\"article\" \/>\n<meta property=\"og:title\" content=\"ATA Clean\" \/>\n<meta property=\"og:description\" content=\"Verhindern Sie Ablagerungen und Verstopfungen mit ATA Clean. Halten Sie Ihr Bew\u00e4sserungssystem sauber f\u00fcr eine optimale N\u00e4hrstoffaufnahme Ihrer Pflanzen.\" \/>\n<meta property=\"og:url\" content=\"https:\/\/atami.com\/de\/produkt\/ata-clean\" \/>\n<meta property=\"og:site_name\" content=\"Atami\" \/>\n<meta property=\"article:publisher\" content=\"https:\/\/www.facebook.com\/Atami.International\" \/>\n<meta property=\"article:modified_time\" content=\"2026-03-03T13:03:23+00:00\" \/>\n<meta property=\"og:image\" content=\"https:\/\/atami.com\/wp-content\/uploads\/2023\/02\/ATA-Clean-Main-Image.webp\" \/>\n\t<meta property=\"og:image:width\" content=\"1080\" \/>\n\t<meta property=\"og:image:height\" content=\"1080\" \/>\n\t<meta property=\"og:image:type\" content=\"image\/webp\" \/>\n<meta name=\"twitter:card\" content=\"summary_large_image\" \/>\n<meta name=\"twitter:site\" content=\"@AtamiEU\" \/>\n<meta name=\"twitter:label1\" content=\"Gesch\u00e4tzte Lesezeit\" \/>\n\t<meta name=\"twitter:data1\" content=\"2\u00a0Minuten\" \/>\n<script type=\"application\/ld+json\" class=\"yoast-schema-graph\">{\"@context\":\"https:\\\/\\\/schema.org\",\"@graph\":[{\"@type\":\"WebPage\",\"@id\":\"https:\\\/\\\/atami.com\\\/de\\\/produkt\\\/ata-clean\",\"url\":\"https:\\\/\\\/atami.com\\\/de\\\/produkt\\\/ata-clean\",\"name\":\"ATA Clean \u2013 Effektive Reinigung f\u00fcr Ihr Bew\u00e4sserungssystem\",\"isPartOf\":{\"@id\":\"https:\\\/\\\/atami.com\\\/de#website\"},\"primaryImageOfPage\":{\"@id\":\"https:\\\/\\\/atami.com\\\/de\\\/produkt\\\/ata-clean#primaryimage\"},\"image\":{\"@id\":\"https:\\\/\\\/atami.com\\\/de\\\/produkt\\\/ata-clean#primaryimage\"},\"thumbnailUrl\":\"https:\\\/\\\/atami.com\\\/wp-content\\\/uploads\\\/2023\\\/02\\\/ATA-Clean-Main-Image.webp\",\"datePublished\":\"2023-02-09T10:59:07+00:00\",\"dateModified\":\"2026-03-03T13:03:23+00:00\",\"description\":\"Verhindern Sie Ablagerungen und Verstopfungen mit ATA Clean. Halten Sie Ihr Bew\u00e4sserungssystem sauber f\u00fcr eine optimale N\u00e4hrstoffaufnahme Ihrer Pflanzen.\",\"breadcrumb\":{\"@id\":\"https:\\\/\\\/atami.com\\\/de\\\/produkt\\\/ata-clean#breadcrumb\"},\"inLanguage\":\"de\",\"potentialAction\":[{\"@type\":\"ReadAction\",\"target\":[\"https:\\\/\\\/atami.com\\\/de\\\/produkt\\\/ata-clean\"]}]},{\"@type\":\"ImageObject\",\"inLanguage\":\"de\",\"@id\":\"https:\\\/\\\/atami.com\\\/de\\\/produkt\\\/ata-clean#primaryimage\",\"url\":\"https:\\\/\\\/atami.com\\\/wp-content\\\/uploads\\\/2023\\\/02\\\/ATA-Clean-Main-Image.webp\",\"contentUrl\":\"https:\\\/\\\/atami.com\\\/wp-content\\\/uploads\\\/2023\\\/02\\\/ATA-Clean-Main-Image.webp\",\"width\":1080,\"height\":1080,\"caption\":\"ATA Clean stellt sicher, dass Ihr Bew\u00e4sserungssystem voll funktionsf\u00e4hig bleibt, indem es mineralische R\u00fcckst\u00e4nde verhindert und reinigt und es wasserl\u00f6slich macht, sodass es leicht entleert werden kann.\"},{\"@type\":\"BreadcrumbList\",\"@id\":\"https:\\\/\\\/atami.com\\\/de\\\/produkt\\\/ata-clean#breadcrumb\",\"itemListElement\":[{\"@type\":\"ListItem\",\"position\":1,\"name\":\"Home\",\"item\":\"https:\\\/\\\/atami.com\\\/de\"},{\"@type\":\"ListItem\",\"position\":2,\"name\":\"Produkte\",\"item\":\"https:\\\/\\\/atami.com\\\/de\\\/shop\"},{\"@type\":\"ListItem\",\"position\":3,\"name\":\"D\u00fcngemittel\",\"item\":\"https:\\\/\\\/atami.com\\\/de\\\/produkt-kategorie\\\/dungemittel\"},{\"@type\":\"ListItem\",\"position\":4,\"name\":\"Zus\u00e4tze\",\"item\":\"https:\\\/\\\/atami.com\\\/de\\\/produkt-kategorie\\\/dungemittel\\\/zusatze\"},{\"@type\":\"ListItem\",\"position\":5,\"name\":\"ATA Clean\"}]},{\"@type\":\"WebSite\",\"@id\":\"https:\\\/\\\/atami.com\\\/de#website\",\"url\":\"https:\\\/\\\/atami.com\\\/de\",\"name\":\"Atami\",\"description\":\"NATURALLY INNOVATING!\",\"publisher\":{\"@id\":\"https:\\\/\\\/atami.com\\\/de#organization\"},\"potentialAction\":[{\"@type\":\"SearchAction\",\"target\":{\"@type\":\"EntryPoint\",\"urlTemplate\":\"https:\\\/\\\/atami.com\\\/de?s={search_term_string}\"},\"query-input\":{\"@type\":\"PropertyValueSpecification\",\"valueRequired\":true,\"valueName\":\"search_term_string\"}}],\"inLanguage\":\"de\"},{\"@type\":\"Organization\",\"@id\":\"https:\\\/\\\/atami.com\\\/de#organization\",\"name\":\"Atami\",\"url\":\"https:\\\/\\\/atami.com\\\/de\",\"logo\":{\"@type\":\"ImageObject\",\"inLanguage\":\"de\",\"@id\":\"https:\\\/\\\/atami.com\\\/de#\\\/schema\\\/logo\\\/image\\\/\",\"url\":\"https:\\\/\\\/atami.com\\\/wp-content\\\/uploads\\\/2026\\\/01\\\/Atami-logo-696x696px.webp\",\"contentUrl\":\"https:\\\/\\\/atami.com\\\/wp-content\\\/uploads\\\/2026\\\/01\\\/Atami-logo-696x696px.webp\",\"width\":696,\"height\":696,\"caption\":\"Atami\"},\"image\":{\"@id\":\"https:\\\/\\\/atami.com\\\/de#\\\/schema\\\/logo\\\/image\\\/\"},\"sameAs\":[\"https:\\\/\\\/www.facebook.com\\\/Atami.International\",\"https:\\\/\\\/x.com\\\/AtamiEU\",\"https:\\\/\\\/www.youtube.com\\\/c\\\/AtamiInternational\",\"https:\\\/\\\/www.instagram.com\\\/atami.international\\\/\"],\"description\":\"ATAMI is a premium plant nutrition & substrate brand founded in 1997 with the mission to make exceptional cultivation achievable for everyone. From legacy to license, we offer a wide variety of innovating award-winning products to let cultivators achieve maximum results in taste & yield.\",\"email\":\"info@mginnovations.es\",\"legalName\":\"Atami\",\"numberOfEmployees\":{\"@type\":\"QuantitativeValue\",\"minValue\":\"11\",\"maxValue\":\"50\"}}]}<\/script>\n<!-- \/ Yoast SEO Premium plugin. -->","yoast_head_json":{"title":"ATA Clean \u2013 Effektive Reinigung f\u00fcr Ihr Bew\u00e4sserungssystem","description":"Verhindern Sie Ablagerungen und Verstopfungen mit ATA Clean. Halten Sie Ihr Bew\u00e4sserungssystem sauber f\u00fcr eine optimale N\u00e4hrstoffaufnahme Ihrer Pflanzen.","robots":{"index":"index","follow":"follow","max-snippet":"max-snippet:-1","max-image-preview":"max-image-preview:large","max-video-preview":"max-video-preview:-1"},"canonical":"https:\/\/atami.com\/de\/produkt\/ata-clean","og_locale":"de_DE","og_type":"article","og_title":"ATA Clean","og_description":"Verhindern Sie Ablagerungen und Verstopfungen mit ATA Clean. Halten Sie Ihr Bew\u00e4sserungssystem sauber f\u00fcr eine optimale N\u00e4hrstoffaufnahme Ihrer Pflanzen.","og_url":"https:\/\/atami.com\/de\/produkt\/ata-clean","og_site_name":"Atami","article_publisher":"https:\/\/www.facebook.com\/Atami.International","article_modified_time":"2026-03-03T13:03:23+00:00","og_image":[{"width":1080,"height":1080,"url":"https:\/\/atami.com\/wp-content\/uploads\/2023\/02\/ATA-Clean-Main-Image.webp","type":"image\/webp"}],"twitter_card":"summary_large_image","twitter_site":"@AtamiEU","twitter_misc":{"Gesch\u00e4tzte Lesezeit":"2\u00a0Minuten"},"schema":{"@context":"https:\/\/schema.org","@graph":[{"@type":"WebPage","@id":"https:\/\/atami.com\/de\/produkt\/ata-clean","url":"https:\/\/atami.com\/de\/produkt\/ata-clean","name":"ATA Clean \u2013 Effektive Reinigung f\u00fcr Ihr Bew\u00e4sserungssystem","isPartOf":{"@id":"https:\/\/atami.com\/de#website"},"primaryImageOfPage":{"@id":"https:\/\/atami.com\/de\/produkt\/ata-clean#primaryimage"},"image":{"@id":"https:\/\/atami.com\/de\/produkt\/ata-clean#primaryimage"},"thumbnailUrl":"https:\/\/atami.com\/wp-content\/uploads\/2023\/02\/ATA-Clean-Main-Image.webp","datePublished":"2023-02-09T10:59:07+00:00","dateModified":"2026-03-03T13:03:23+00:00","description":"Verhindern Sie Ablagerungen und Verstopfungen mit ATA Clean. Halten Sie Ihr Bew\u00e4sserungssystem sauber f\u00fcr eine optimale N\u00e4hrstoffaufnahme Ihrer Pflanzen.","breadcrumb":{"@id":"https:\/\/atami.com\/de\/produkt\/ata-clean#breadcrumb"},"inLanguage":"de","potentialAction":[{"@type":"ReadAction","target":["https:\/\/atami.com\/de\/produkt\/ata-clean"]}]},{"@type":"ImageObject","inLanguage":"de","@id":"https:\/\/atami.com\/de\/produkt\/ata-clean#primaryimage","url":"https:\/\/atami.com\/wp-content\/uploads\/2023\/02\/ATA-Clean-Main-Image.webp","contentUrl":"https:\/\/atami.com\/wp-content\/uploads\/2023\/02\/ATA-Clean-Main-Image.webp","width":1080,"height":1080,"caption":"ATA Clean stellt sicher, dass Ihr Bew\u00e4sserungssystem voll funktionsf\u00e4hig bleibt, indem es mineralische R\u00fcckst\u00e4nde verhindert und reinigt und es wasserl\u00f6slich macht, sodass es leicht entleert werden kann."},{"@type":"BreadcrumbList","@id":"https:\/\/atami.com\/de\/produkt\/ata-clean#breadcrumb","itemListElement":[{"@type":"ListItem","position":1,"name":"Home","item":"https:\/\/atami.com\/de"},{"@type":"ListItem","position":2,"name":"Produkte","item":"https:\/\/atami.com\/de\/shop"},{"@type":"ListItem","position":3,"name":"D\u00fcngemittel","item":"https:\/\/atami.com\/de\/produkt-kategorie\/dungemittel"},{"@type":"ListItem","position":4,"name":"Zus\u00e4tze","item":"https:\/\/atami.com\/de\/produkt-kategorie\/dungemittel\/zusatze"},{"@type":"ListItem","position":5,"name":"ATA Clean"}]},{"@type":"WebSite","@id":"https:\/\/atami.com\/de#website","url":"https:\/\/atami.com\/de","name":"Atami","description":"NATURALLY INNOVATING!","publisher":{"@id":"https:\/\/atami.com\/de#organization"},"potentialAction":[{"@type":"SearchAction","target":{"@type":"EntryPoint","urlTemplate":"https:\/\/atami.com\/de?s={search_term_string}"},"query-input":{"@type":"PropertyValueSpecification","valueRequired":true,"valueName":"search_term_string"}}],"inLanguage":"de"},{"@type":"Organization","@id":"https:\/\/atami.com\/de#organization","name":"Atami","url":"https:\/\/atami.com\/de","logo":{"@type":"ImageObject","inLanguage":"de","@id":"https:\/\/atami.com\/de#\/schema\/logo\/image\/","url":"https:\/\/atami.com\/wp-content\/uploads\/2026\/01\/Atami-logo-696x696px.webp","contentUrl":"https:\/\/atami.com\/wp-content\/uploads\/2026\/01\/Atami-logo-696x696px.webp","width":696,"height":696,"caption":"Atami"},"image":{"@id":"https:\/\/atami.com\/de#\/schema\/logo\/image\/"},"sameAs":["https:\/\/www.facebook.com\/Atami.International","https:\/\/x.com\/AtamiEU","https:\/\/www.youtube.com\/c\/AtamiInternational","https:\/\/www.instagram.com\/atami.international\/"],"description":"ATAMI is a premium plant nutrition & substrate brand founded in 1997 with the mission to make exceptional cultivation achievable for everyone. From legacy to license, we offer a wide variety of innovating award-winning products to let cultivators achieve maximum results in taste & yield.","email":"info@mginnovations.es","legalName":"Atami","numberOfEmployees":{"@type":"QuantitativeValue","minValue":"11","maxValue":"50"}}]}},"_links":{"self":[{"href":"https:\/\/atami.com\/de\/wp-json\/wp\/v2\/product\/21888","targetHints":{"allow":["GET"]}}],"collection":[{"href":"https:\/\/atami.com\/de\/wp-json\/wp\/v2\/product"}],"about":[{"href":"https:\/\/atami.com\/de\/wp-json\/wp\/v2\/types\/product"}],"replies":[{"embeddable":true,"href":"https:\/\/atami.com\/de\/wp-json\/wp\/v2\/comments?post=21888"}],"wp:featuredmedia":[{"embeddable":true,"href":"https:\/\/atami.com\/de\/wp-json\/wp\/v2\/media\/23867"}],"wp:attachment":[{"href":"https:\/\/atami.com\/de\/wp-json\/wp\/v2\/media?parent=21888"}],"wp:term":[{"taxonomy":"product_brand","embeddable":true,"href":"https:\/\/atami.com\/de\/wp-json\/wp\/v2\/product_brand?post=21888"},{"taxonomy":"product_cat","embeddable":true,"href":"https:\/\/atami.com\/de\/wp-json\/wp\/v2\/product_cat?post=21888"},{"taxonomy":"product_tag","embeddable":true,"href":"https:\/\/atami.com\/de\/wp-json\/wp\/v2\/product_tag?post=21888"}],"curies":[{"name":"wp","href":"https:\/\/api.w.org\/{rel}","templated":true}]}}