{"id":21882,"date":"2023-02-09T10:33:24","date_gmt":"2023-02-09T10:33:24","guid":{"rendered":"https:\/\/atami.com\/product\/ata-atazyme\/"},"modified":"2026-03-03T15:02:55","modified_gmt":"2026-03-03T13:02:55","slug":"ata-atazyme","status":"publish","type":"product","link":"https:\/\/atami.com\/de\/produkt\/ata-atazyme","title":{"rendered":"ATA Atazyme"},"content":{"rendered":"<p><strong>ATA Atazyme ist ein universelles NPK-freies Mittel zur Bodenverbesserung auf Basis von Enzymen. Die Zugabe zur N\u00e4hrstoffl\u00f6sung ver\u00e4ndert deren EC-Werte nur minimal. Enzyme dienen als Katalysatoren und spielen somit eine Rolle bei (bio)chemischen Reaktionen, indem sie diese beschleunigen und\/oder erst erm\u00f6glichen.<\/strong><\/p>\n<p>&nbsp;<\/p>\n<p>ATA Atazyme sorgt daf\u00fcr, dass altes und abgestorbenes Wurzelmaterial im Substrat zersetzt wird. Dadurch wird einerseits sichergestellt, dass hochwertige Mineralien und Zucker f\u00fcr das Erdreich verf\u00fcgbar werden, andererseits wird der Boden luftiger, weil das Wurzelmaterial \u201eaufger\u00e4umt\u201c ist. Ein gut bel\u00fcftetes Substrat sorgt f\u00fcr eine bessere Wurzelentwicklung und damit f\u00fcr eine bessere Widerstandsf\u00e4higkeit der Pflanze gegen Krankheiten und Pilze.<\/p>\n<p>&nbsp;<\/p>\n<p><strong>BESONDERS GEEIGNET F\u00dcR<\/strong><br \/>\nVerschiedene Gem\u00fcsesorten, Fr\u00fcchte und Kr\u00e4uter wie Bohnen, Thymian, Oregano, Basilikum, Rettichsprossen, Sauerampfersprossen usw. Die erforderliche Dosierung kann auf die Bed\u00fcrfnisse der jeweiligen Pflanze oder Kultur abgestimmt werden.<\/p>\n<p>&nbsp;<\/p>\n<p><strong>ANWENDUNG<\/strong><br \/>\nGeeignet als Erg\u00e4nzung zur regul\u00e4ren N\u00e4hrstoffversorgung f\u00fcr den Anbau in Erde, Hydrokultur &amp; Kokoserde. Sollte am besten einmal w\u00f6chentlich w\u00e4hrend der Wachstums- und Bl\u00fchphase angewendet werden. Au\u00dferdem sehr effektiv f\u00fcr die (teilweise) Wiederverwendung des Substrats.<\/p>\n<p>&nbsp;<\/p>\n<p><strong>DOSIERUNG<\/strong><br \/>\n2 ml pro Liter Wasser\/N\u00e4hrstoffl\u00f6sung<\/p>\n<p>&nbsp;<\/p>\n<p><strong>VERF\u00dcGBAR ALS 1 LITER, 5 LITER UND 10 LITER<\/strong><\/p>\n","protected":false},"excerpt":{"rendered":"<p>Bodenverbessernder Zusatz<\/p>\n","protected":false},"featured_media":23852,"comment_status":"closed","ping_status":"closed","template":"","meta":{"_acf_changed":false,"iawp_total_views":270},"product_brand":[],"product_cat":[190,192],"product_tag":[],"class_list":{"0":"post-21882","1":"product","2":"type-product","3":"status-publish","4":"has-post-thumbnail","6":"product_cat-ata","7":"product_cat-zusatze","9":"first","10":"instock","11":"shipping-taxable","12":"product-type-simple"},"acf":{"short_description":"<p><strong>ATA Atazyme ist ein universelles NPK-freies Mittel zur Bodenverbesserung auf Basis von Enzymen. Die Zugabe zur N\u00e4hrstoffl\u00f6sung ver\u00e4ndert deren EC-Werte nur minimal. Enzyme dienen als Katalysatoren und spielen somit eine Rolle bei (bio)chemischen Reaktionen, indem sie diese beschleunigen und\/oder erst erm\u00f6glichen.<\/strong><\/p>\r\n<p>ATA Atazyme sorgt daf\u00fcr, dass altes und abgestorbenes Wurzelmaterial im Substrat zersetzt wird. Dadurch wird einerseits sichergestellt, dass hochwertige Mineralien und Zucker f\u00fcr das Erdreich verf\u00fcgbar werden, andererseits wird der Boden luftiger, weil das Wurzelmaterial \u201eaufger\u00e4umt\u201c ist. Ein gut bel\u00fcftetes Substrat sorgt f\u00fcr eine bessere Wurzelentwicklung und damit f\u00fcr eine bessere Widerstandsf\u00e4higkeit der Pflanze gegen Krankheiten und Pilze.<\/p>","suitable_for":"<p>Verschiedene Gem\u00fcsesorten, Fr\u00fcchte und Kr\u00e4uter wie Bohnen, Thymian, Oregano, Basilikum, Rettichsprossen, Sauerampfersprossen usw. Die erforderliche Dosierung kann auf die Bed\u00fcrfnisse der jeweiligen Pflanze oder Kultur abgestimmt werden.<\/p>","application":"<p>Geeignet als Erg\u00e4nzung zur regul\u00e4ren N\u00e4hrstoffversorgung f\u00fcr den Anbau in Erde, Hydrokultur &amp; Kokoserde. Sollte am besten einmal w\u00f6chentlich w\u00e4hrend der Wachstums- und Bl\u00fchphase angewendet werden. Au\u00dferdem sehr effektiv f\u00fcr die (teilweise) Wiederverwendung des Substrats.<\/p>","dosage":"<p>2 ml pro Liter Wasser\/N\u00e4hrstoffl\u00f6sung.<\/p>","npk_ratio":"","available_in":"<p>1 LITER, 5 LITER UND 10 LITER<\/p>","icon_1":1808,"icon_1_text":"VERBESSERT DAS BODENLEBEN","icon_2":1812,"icon_2_text":"ZERSETZT ABGESTORBENES WURZELMATERIAL","icon_3":1816,"icon_3_text":"SORGT F\u00dcR BESSERE BEL\u00dcFTUNG DES SUBSTRATS","icon_4":"","icon_4_text":"","video":"https:\/\/youtu.be\/i-WDHPUGGqs","second_image":1804,"product_image_page":4075,"user_manual":"","new_icon_1":"","new_icon_2":"","new_icon_3":"","new_icon_4":"","grow_guides":"","category":"Zusatzstoff"},"yoast_head":"<!-- This site is optimized with the Yoast SEO Premium plugin v27.4 (Yoast SEO v27.4) - https:\/\/yoast.com\/product\/yoast-seo-premium-wordpress\/ -->\n<title>Atazyme: Effektives Enzymmittel f\u00fcr Gesundes Pflanzenwachstum<\/title>\n<meta name=\"description\" content=\"Atazyme ist der ideale Enzymzusatz f\u00fcr gesunde Pflanzenwurzeln. Verbessern Sie die N\u00e4hrstoffaufnahme und st\u00e4rken Sie das Wachstum Ihrer Pflanzen mit dieser leistungsstarken Formel.\" \/>\n<meta name=\"robots\" content=\"index, follow, max-snippet:-1, max-image-preview:large, max-video-preview:-1\" \/>\n<link rel=\"canonical\" href=\"https:\/\/atami.com\/de\/produkt\/ata-atazyme\" \/>\n<meta property=\"og:locale\" content=\"de_DE\" \/>\n<meta property=\"og:type\" content=\"article\" \/>\n<meta property=\"og:title\" content=\"ATA Atazyme\" \/>\n<meta property=\"og:description\" content=\"Atazyme ist der ideale Enzymzusatz f\u00fcr gesunde Pflanzenwurzeln. Verbessern Sie die N\u00e4hrstoffaufnahme und st\u00e4rken Sie das Wachstum Ihrer Pflanzen mit dieser leistungsstarken Formel.\" \/>\n<meta property=\"og:url\" content=\"https:\/\/atami.com\/de\/produkt\/ata-atazyme\" \/>\n<meta property=\"og:site_name\" content=\"Atami\" \/>\n<meta property=\"article:publisher\" content=\"https:\/\/www.facebook.com\/Atami.International\" \/>\n<meta property=\"article:modified_time\" content=\"2026-03-03T13:02:55+00:00\" \/>\n<meta property=\"og:image\" content=\"https:\/\/atami.com\/wp-content\/uploads\/2023\/02\/ATAzyme-Main-Image.webp\" \/>\n\t<meta property=\"og:image:width\" content=\"1080\" \/>\n\t<meta property=\"og:image:height\" content=\"1080\" \/>\n\t<meta property=\"og:image:type\" content=\"image\/webp\" \/>\n<meta name=\"twitter:card\" content=\"summary_large_image\" \/>\n<meta name=\"twitter:site\" content=\"@AtamiEU\" \/>\n<meta name=\"twitter:label1\" content=\"Gesch\u00e4tzte Lesezeit\" \/>\n\t<meta name=\"twitter:data1\" content=\"1\u00a0Minute\" \/>\n<script type=\"application\/ld+json\" class=\"yoast-schema-graph\">{\"@context\":\"https:\\\/\\\/schema.org\",\"@graph\":[{\"@type\":\"WebPage\",\"@id\":\"https:\\\/\\\/atami.com\\\/de\\\/produkt\\\/ata-atazyme\",\"url\":\"https:\\\/\\\/atami.com\\\/de\\\/produkt\\\/ata-atazyme\",\"name\":\"Atazyme: Effektives Enzymmittel f\u00fcr Gesundes Pflanzenwachstum\",\"isPartOf\":{\"@id\":\"https:\\\/\\\/atami.com\\\/de#website\"},\"primaryImageOfPage\":{\"@id\":\"https:\\\/\\\/atami.com\\\/de\\\/produkt\\\/ata-atazyme#primaryimage\"},\"image\":{\"@id\":\"https:\\\/\\\/atami.com\\\/de\\\/produkt\\\/ata-atazyme#primaryimage\"},\"thumbnailUrl\":\"https:\\\/\\\/atami.com\\\/wp-content\\\/uploads\\\/2023\\\/02\\\/ATAzyme-Main-Image.webp\",\"datePublished\":\"2023-02-09T10:33:24+00:00\",\"dateModified\":\"2026-03-03T13:02:55+00:00\",\"description\":\"Atazyme ist der ideale Enzymzusatz f\u00fcr gesunde Pflanzenwurzeln. Verbessern Sie die N\u00e4hrstoffaufnahme und st\u00e4rken Sie das Wachstum Ihrer Pflanzen mit dieser leistungsstarken Formel.\",\"breadcrumb\":{\"@id\":\"https:\\\/\\\/atami.com\\\/de\\\/produkt\\\/ata-atazyme#breadcrumb\"},\"inLanguage\":\"de\",\"potentialAction\":[{\"@type\":\"ReadAction\",\"target\":[\"https:\\\/\\\/atami.com\\\/de\\\/produkt\\\/ata-atazyme\"]}]},{\"@type\":\"ImageObject\",\"inLanguage\":\"de\",\"@id\":\"https:\\\/\\\/atami.com\\\/de\\\/produkt\\\/ata-atazyme#primaryimage\",\"url\":\"https:\\\/\\\/atami.com\\\/wp-content\\\/uploads\\\/2023\\\/02\\\/ATAzyme-Main-Image.webp\",\"contentUrl\":\"https:\\\/\\\/atami.com\\\/wp-content\\\/uploads\\\/2023\\\/02\\\/ATAzyme-Main-Image.webp\",\"width\":1080,\"height\":1080,\"caption\":\"ATA Atazyme beschleunigt den Abbau abgestorbenen Wurzelmaterials und gibt wertvolle Mineralien und Zucker an den Boden ab.\"},{\"@type\":\"BreadcrumbList\",\"@id\":\"https:\\\/\\\/atami.com\\\/de\\\/produkt\\\/ata-atazyme#breadcrumb\",\"itemListElement\":[{\"@type\":\"ListItem\",\"position\":1,\"name\":\"Home\",\"item\":\"https:\\\/\\\/atami.com\\\/de\"},{\"@type\":\"ListItem\",\"position\":2,\"name\":\"Produkte\",\"item\":\"https:\\\/\\\/atami.com\\\/de\\\/shop\"},{\"@type\":\"ListItem\",\"position\":3,\"name\":\"D\u00fcngemittel\",\"item\":\"https:\\\/\\\/atami.com\\\/de\\\/produkt-kategorie\\\/dungemittel\"},{\"@type\":\"ListItem\",\"position\":4,\"name\":\"Zus\u00e4tze\",\"item\":\"https:\\\/\\\/atami.com\\\/de\\\/produkt-kategorie\\\/dungemittel\\\/zusatze\"},{\"@type\":\"ListItem\",\"position\":5,\"name\":\"ATA Atazyme\"}]},{\"@type\":\"WebSite\",\"@id\":\"https:\\\/\\\/atami.com\\\/de#website\",\"url\":\"https:\\\/\\\/atami.com\\\/de\",\"name\":\"Atami\",\"description\":\"NATURALLY INNOVATING!\",\"publisher\":{\"@id\":\"https:\\\/\\\/atami.com\\\/de#organization\"},\"potentialAction\":[{\"@type\":\"SearchAction\",\"target\":{\"@type\":\"EntryPoint\",\"urlTemplate\":\"https:\\\/\\\/atami.com\\\/de?s={search_term_string}\"},\"query-input\":{\"@type\":\"PropertyValueSpecification\",\"valueRequired\":true,\"valueName\":\"search_term_string\"}}],\"inLanguage\":\"de\"},{\"@type\":\"Organization\",\"@id\":\"https:\\\/\\\/atami.com\\\/de#organization\",\"name\":\"Atami\",\"url\":\"https:\\\/\\\/atami.com\\\/de\",\"logo\":{\"@type\":\"ImageObject\",\"inLanguage\":\"de\",\"@id\":\"https:\\\/\\\/atami.com\\\/de#\\\/schema\\\/logo\\\/image\\\/\",\"url\":\"https:\\\/\\\/atami.com\\\/wp-content\\\/uploads\\\/2026\\\/01\\\/Atami-logo-696x696px.webp\",\"contentUrl\":\"https:\\\/\\\/atami.com\\\/wp-content\\\/uploads\\\/2026\\\/01\\\/Atami-logo-696x696px.webp\",\"width\":696,\"height\":696,\"caption\":\"Atami\"},\"image\":{\"@id\":\"https:\\\/\\\/atami.com\\\/de#\\\/schema\\\/logo\\\/image\\\/\"},\"sameAs\":[\"https:\\\/\\\/www.facebook.com\\\/Atami.International\",\"https:\\\/\\\/x.com\\\/AtamiEU\",\"https:\\\/\\\/www.youtube.com\\\/c\\\/AtamiInternational\",\"https:\\\/\\\/www.instagram.com\\\/atami.international\\\/\"],\"description\":\"ATAMI is a premium plant nutrition & substrate brand founded in 1997 with the mission to make exceptional cultivation achievable for everyone. From legacy to license, we offer a wide variety of innovating award-winning products to let cultivators achieve maximum results in taste & yield.\",\"email\":\"info@mginnovations.es\",\"legalName\":\"Atami\",\"numberOfEmployees\":{\"@type\":\"QuantitativeValue\",\"minValue\":\"11\",\"maxValue\":\"50\"}}]}<\/script>\n<!-- \/ Yoast SEO Premium plugin. -->","yoast_head_json":{"title":"Atazyme: Effektives Enzymmittel f\u00fcr Gesundes Pflanzenwachstum","description":"Atazyme ist der ideale Enzymzusatz f\u00fcr gesunde Pflanzenwurzeln. Verbessern Sie die N\u00e4hrstoffaufnahme und st\u00e4rken Sie das Wachstum Ihrer Pflanzen mit dieser leistungsstarken Formel.","robots":{"index":"index","follow":"follow","max-snippet":"max-snippet:-1","max-image-preview":"max-image-preview:large","max-video-preview":"max-video-preview:-1"},"canonical":"https:\/\/atami.com\/de\/produkt\/ata-atazyme","og_locale":"de_DE","og_type":"article","og_title":"ATA Atazyme","og_description":"Atazyme ist der ideale Enzymzusatz f\u00fcr gesunde Pflanzenwurzeln. Verbessern Sie die N\u00e4hrstoffaufnahme und st\u00e4rken Sie das Wachstum Ihrer Pflanzen mit dieser leistungsstarken Formel.","og_url":"https:\/\/atami.com\/de\/produkt\/ata-atazyme","og_site_name":"Atami","article_publisher":"https:\/\/www.facebook.com\/Atami.International","article_modified_time":"2026-03-03T13:02:55+00:00","og_image":[{"width":1080,"height":1080,"url":"https:\/\/atami.com\/wp-content\/uploads\/2023\/02\/ATAzyme-Main-Image.webp","type":"image\/webp"}],"twitter_card":"summary_large_image","twitter_site":"@AtamiEU","twitter_misc":{"Gesch\u00e4tzte Lesezeit":"1\u00a0Minute"},"schema":{"@context":"https:\/\/schema.org","@graph":[{"@type":"WebPage","@id":"https:\/\/atami.com\/de\/produkt\/ata-atazyme","url":"https:\/\/atami.com\/de\/produkt\/ata-atazyme","name":"Atazyme: Effektives Enzymmittel f\u00fcr Gesundes Pflanzenwachstum","isPartOf":{"@id":"https:\/\/atami.com\/de#website"},"primaryImageOfPage":{"@id":"https:\/\/atami.com\/de\/produkt\/ata-atazyme#primaryimage"},"image":{"@id":"https:\/\/atami.com\/de\/produkt\/ata-atazyme#primaryimage"},"thumbnailUrl":"https:\/\/atami.com\/wp-content\/uploads\/2023\/02\/ATAzyme-Main-Image.webp","datePublished":"2023-02-09T10:33:24+00:00","dateModified":"2026-03-03T13:02:55+00:00","description":"Atazyme ist der ideale Enzymzusatz f\u00fcr gesunde Pflanzenwurzeln. Verbessern Sie die N\u00e4hrstoffaufnahme und st\u00e4rken Sie das Wachstum Ihrer Pflanzen mit dieser leistungsstarken Formel.","breadcrumb":{"@id":"https:\/\/atami.com\/de\/produkt\/ata-atazyme#breadcrumb"},"inLanguage":"de","potentialAction":[{"@type":"ReadAction","target":["https:\/\/atami.com\/de\/produkt\/ata-atazyme"]}]},{"@type":"ImageObject","inLanguage":"de","@id":"https:\/\/atami.com\/de\/produkt\/ata-atazyme#primaryimage","url":"https:\/\/atami.com\/wp-content\/uploads\/2023\/02\/ATAzyme-Main-Image.webp","contentUrl":"https:\/\/atami.com\/wp-content\/uploads\/2023\/02\/ATAzyme-Main-Image.webp","width":1080,"height":1080,"caption":"ATA Atazyme beschleunigt den Abbau abgestorbenen Wurzelmaterials und gibt wertvolle Mineralien und Zucker an den Boden ab."},{"@type":"BreadcrumbList","@id":"https:\/\/atami.com\/de\/produkt\/ata-atazyme#breadcrumb","itemListElement":[{"@type":"ListItem","position":1,"name":"Home","item":"https:\/\/atami.com\/de"},{"@type":"ListItem","position":2,"name":"Produkte","item":"https:\/\/atami.com\/de\/shop"},{"@type":"ListItem","position":3,"name":"D\u00fcngemittel","item":"https:\/\/atami.com\/de\/produkt-kategorie\/dungemittel"},{"@type":"ListItem","position":4,"name":"Zus\u00e4tze","item":"https:\/\/atami.com\/de\/produkt-kategorie\/dungemittel\/zusatze"},{"@type":"ListItem","position":5,"name":"ATA Atazyme"}]},{"@type":"WebSite","@id":"https:\/\/atami.com\/de#website","url":"https:\/\/atami.com\/de","name":"Atami","description":"NATURALLY INNOVATING!","publisher":{"@id":"https:\/\/atami.com\/de#organization"},"potentialAction":[{"@type":"SearchAction","target":{"@type":"EntryPoint","urlTemplate":"https:\/\/atami.com\/de?s={search_term_string}"},"query-input":{"@type":"PropertyValueSpecification","valueRequired":true,"valueName":"search_term_string"}}],"inLanguage":"de"},{"@type":"Organization","@id":"https:\/\/atami.com\/de#organization","name":"Atami","url":"https:\/\/atami.com\/de","logo":{"@type":"ImageObject","inLanguage":"de","@id":"https:\/\/atami.com\/de#\/schema\/logo\/image\/","url":"https:\/\/atami.com\/wp-content\/uploads\/2026\/01\/Atami-logo-696x696px.webp","contentUrl":"https:\/\/atami.com\/wp-content\/uploads\/2026\/01\/Atami-logo-696x696px.webp","width":696,"height":696,"caption":"Atami"},"image":{"@id":"https:\/\/atami.com\/de#\/schema\/logo\/image\/"},"sameAs":["https:\/\/www.facebook.com\/Atami.International","https:\/\/x.com\/AtamiEU","https:\/\/www.youtube.com\/c\/AtamiInternational","https:\/\/www.instagram.com\/atami.international\/"],"description":"ATAMI is a premium plant nutrition & substrate brand founded in 1997 with the mission to make exceptional cultivation achievable for everyone. From legacy to license, we offer a wide variety of innovating award-winning products to let cultivators achieve maximum results in taste & yield.","email":"info@mginnovations.es","legalName":"Atami","numberOfEmployees":{"@type":"QuantitativeValue","minValue":"11","maxValue":"50"}}]}},"_links":{"self":[{"href":"https:\/\/atami.com\/de\/wp-json\/wp\/v2\/product\/21882","targetHints":{"allow":["GET"]}}],"collection":[{"href":"https:\/\/atami.com\/de\/wp-json\/wp\/v2\/product"}],"about":[{"href":"https:\/\/atami.com\/de\/wp-json\/wp\/v2\/types\/product"}],"replies":[{"embeddable":true,"href":"https:\/\/atami.com\/de\/wp-json\/wp\/v2\/comments?post=21882"}],"wp:featuredmedia":[{"embeddable":true,"href":"https:\/\/atami.com\/de\/wp-json\/wp\/v2\/media\/23852"}],"wp:attachment":[{"href":"https:\/\/atami.com\/de\/wp-json\/wp\/v2\/media?parent=21882"}],"wp:term":[{"taxonomy":"product_brand","embeddable":true,"href":"https:\/\/atami.com\/de\/wp-json\/wp\/v2\/product_brand?post=21882"},{"taxonomy":"product_cat","embeddable":true,"href":"https:\/\/atami.com\/de\/wp-json\/wp\/v2\/product_cat?post=21882"},{"taxonomy":"product_tag","embeddable":true,"href":"https:\/\/atami.com\/de\/wp-json\/wp\/v2\/product_tag?post=21882"}],"curies":[{"name":"wp","href":"https:\/\/api.w.org\/{rel}","templated":true}]}}