{"id":21880,"date":"2023-02-09T10:22:15","date_gmt":"2023-02-09T10:22:15","guid":{"rendered":"https:\/\/atami.com\/product\/ata-calmag\/"},"modified":"2026-03-03T15:02:33","modified_gmt":"2026-03-03T13:02:33","slug":"ata-calmag","status":"publish","type":"product","link":"https:\/\/atami.com\/de\/produkt\/ata-calmag","title":{"rendered":"ATA Calmag"},"content":{"rendered":"<p><strong>Ein professioneller und schnell wirksamer Zusatz, der auf allen Arten von Substraten angewendet werden kann. ATA Calmag ist eine N\u00e4hrstoffmischung, die Deine Pflanzen mit dem zus\u00e4tzlichen Kalzium und Magnesium versorgt, das sie ben\u00f6tigen.<\/strong><\/p>\n<p>&nbsp;<\/p>\n<p>Diese sekund\u00e4ren N\u00e4hrstoffe sind f\u00fcr ein optimales Wachstum unentbehrlich, da sie eine wesentliche Rolle bei der Bildung von Zellw\u00e4nden und der Absorption von Lichtenergie spielen. ATA Calmag ist ideal f\u00fcr die Kultivierung mit weichem oder demineralisiertem Wasser. Au\u00dferdem ist es eine hervorragende Erg\u00e4nzung Deiner regul\u00e4ren D\u00fcngerzufuhr.<\/p>\n<p>&nbsp;<\/p>\n<p><strong>BESONDERS GEEIGNET F\u00dcR<\/strong><br \/>\nVerschiedene Gem\u00fcsesorten, Fr\u00fcchte und Kr\u00e4uter wie Tomaten, Zucchini, Paprika, Erdbeeren, Kohl usw. Die erforderliche Dosierung kann auf die Bed\u00fcrfnisse der jeweiligen Pflanze oder Kultur abgestimmt werden.<\/p>\n<p>&nbsp;<\/p>\n<p><strong>ANWENDUNG<\/strong><br \/>\nVerwende ATA Calmag zur Anreicherung von kalzium- und magnesiumarmem Wasser oder als Zusatz zu Deinem regul\u00e4ren D\u00fcngemittel. Verwende Wasser mit Raumtemperatur (21 \u00b0C), um optimale Ergebnisse zu erzielen.<\/p>\n<p>&nbsp;<\/p>\n<p><strong>DOSIERUNG<\/strong><br \/>\nVerwende 0,1\u20131 ml Calmag pro Liter N\u00e4hrstoffl\u00f6sung.<\/p>\n<p>&nbsp;<\/p>\n<p><strong>N 6 W\/W<\/strong><\/p>\n<p>&nbsp;<\/p>\n<p><strong>VERF\u00dcGBAR ALS 250 ML, 1 LITER UND 5 LITER<\/strong><\/p>\n","protected":false},"excerpt":{"rendered":"<p>Kalzium- und Magnesiumzusatz mit Eisen<\/p>\n<p>Sorgt f\u00fcr beschleunigtes und kraftvolles Wachstum<\/p>\n","protected":false},"featured_media":202649,"comment_status":"closed","ping_status":"closed","template":"","meta":{"_acf_changed":false,"iawp_total_views":392},"product_brand":[],"product_cat":[190,192],"product_tag":[],"class_list":{"0":"post-21880","1":"product","2":"type-product","3":"status-publish","4":"has-post-thumbnail","6":"product_cat-ata","7":"product_cat-zusatze","9":"first","10":"instock","11":"shipping-taxable","12":"product-type-simple"},"acf":{"short_description":"<p><strong>Ein professioneller und schnell wirksamer Zusatz, der auf allen Arten von Substraten angewendet werden kann. ATA Calmag ist eine N\u00e4hrstoffmischung, die Deine Pflanzen mit dem zus\u00e4tzlichen Kalzium und Magnesium versorgt, das sie ben\u00f6tigen.<\/strong><\/p>\r\n<p>Diese sekund\u00e4ren N\u00e4hrstoffe sind f\u00fcr ein optimales Wachstum unentbehrlich, da sie eine wesentliche Rolle bei der Bildung von Zellw\u00e4nden und der Absorption von Lichtenergie spielen. ATA Calmag ist ideal f\u00fcr die Kultivierung mit weichem oder demineralisiertem Wasser. Au\u00dferdem ist es eine hervorragende Erg\u00e4nzung Deiner regul\u00e4ren D\u00fcngerzufuhr.<\/p>","suitable_for":"<p>Verschiedene Gem\u00fcsesorten, Fr\u00fcchte und Kr\u00e4uter wie Tomaten, Zucchini, Paprika, Erdbeeren, Kohl usw. Die erforderliche Dosierung kann auf die Bed\u00fcrfnisse der jeweiligen Pflanze oder Kultur abgestimmt werden.<\/p>","application":"<p>Verwende ATA Calmag zur Anreicherung von kalzium- und magnesiumarmem Wasser oder als Zusatz zu Deinem regul\u00e4ren D\u00fcngemittel. Verwende Wasser mit Raumtemperatur (21 \u00b0C), um optimale Ergebnisse zu erzielen.<\/p>","dosage":"<p>Verwende 0,1\u20131 ml Calmag pro Liter N\u00e4hrstoffl\u00f6sung.<\/p>","npk_ratio":"<p>N 6 W\/W<\/p>","available_in":"<p>250 ML, 1 LITER UND 5 LITER<\/p>","icon_1":1754,"icon_1_text":"MEHR KALZIUM, ST\u00c4RKERE ZELLW\u00c4NDE, MEHR WIEDERSTANDSF\u00c4HIGKEIT! MEHR MAGNESIUM, MEHR CHLOROPHYLL, MEHR ENERGIE!","icon_2":1758,"icon_2_text":"VERST\u00c4RKTE N\u00c4HRSTOFFAUFNAHME","icon_3":1762,"icon_3_text":"STIMULIERT HOCHWERTIGERE BL\u00dcTEN","icon_4":"","icon_4_text":"","video":"https:\/\/youtu.be\/V4EWJjN_eIE","second_image":1750,"product_image_page":4061,"user_manual":"","new_icon_1":"","new_icon_2":"","new_icon_3":"","new_icon_4":"","grow_guides":"","category":"Zusatzstoff"},"yoast_head":"<!-- This site is optimized with the Yoast SEO Premium plugin v27.4 (Yoast SEO v27.4) - https:\/\/yoast.com\/product\/yoast-seo-premium-wordpress\/ -->\n<title>ATA Calmag: Optimale Calcium- und Magnesiumversorgung f\u00fcr gesunde Pflanzen<\/title>\n<meta name=\"description\" content=\"ATA Calmag von Atami bietet die perfekte Kombination aus Calcium und Magnesium, um Mangelerscheinungen zu vermeiden und das Wachstum Ihrer Pflanzen zu f\u00f6rdern. Ideal f\u00fcr eine starke und gesunde Pflanzenentwicklung.\" \/>\n<meta name=\"robots\" content=\"index, follow, max-snippet:-1, max-image-preview:large, max-video-preview:-1\" \/>\n<link rel=\"canonical\" href=\"https:\/\/atami.com\/de\/produkt\/ata-calmag\" \/>\n<meta property=\"og:locale\" content=\"de_DE\" \/>\n<meta property=\"og:type\" content=\"article\" \/>\n<meta property=\"og:title\" content=\"ATA Calmag\" \/>\n<meta property=\"og:description\" content=\"ATA Calmag von Atami bietet die perfekte Kombination aus Calcium und Magnesium, um Mangelerscheinungen zu vermeiden und das Wachstum Ihrer Pflanzen zu f\u00f6rdern. Ideal f\u00fcr eine starke und gesunde Pflanzenentwicklung.\" \/>\n<meta property=\"og:url\" content=\"https:\/\/atami.com\/de\/produkt\/ata-calmag\" \/>\n<meta property=\"og:site_name\" content=\"Atami\" \/>\n<meta property=\"article:publisher\" content=\"https:\/\/www.facebook.com\/Atami.International\" \/>\n<meta property=\"article:modified_time\" content=\"2026-03-03T13:02:33+00:00\" \/>\n<meta property=\"og:image\" content=\"https:\/\/atami.com\/wp-content\/uploads\/2025\/01\/ATA-Calmag-product-image-DE-1.webp\" \/>\n\t<meta property=\"og:image:width\" content=\"1080\" \/>\n\t<meta property=\"og:image:height\" content=\"1080\" \/>\n\t<meta property=\"og:image:type\" content=\"image\/webp\" \/>\n<meta name=\"twitter:card\" content=\"summary_large_image\" \/>\n<meta name=\"twitter:site\" content=\"@AtamiEU\" \/>\n<meta name=\"twitter:label1\" content=\"Gesch\u00e4tzte Lesezeit\" \/>\n\t<meta name=\"twitter:data1\" content=\"1\u00a0Minute\" \/>\n<script type=\"application\/ld+json\" class=\"yoast-schema-graph\">{\"@context\":\"https:\\\/\\\/schema.org\",\"@graph\":[{\"@type\":\"WebPage\",\"@id\":\"https:\\\/\\\/atami.com\\\/de\\\/produkt\\\/ata-calmag\",\"url\":\"https:\\\/\\\/atami.com\\\/de\\\/produkt\\\/ata-calmag\",\"name\":\"ATA Calmag: Optimale Calcium- und Magnesiumversorgung f\u00fcr gesunde Pflanzen\",\"isPartOf\":{\"@id\":\"https:\\\/\\\/atami.com\\\/de#website\"},\"primaryImageOfPage\":{\"@id\":\"https:\\\/\\\/atami.com\\\/de\\\/produkt\\\/ata-calmag#primaryimage\"},\"image\":{\"@id\":\"https:\\\/\\\/atami.com\\\/de\\\/produkt\\\/ata-calmag#primaryimage\"},\"thumbnailUrl\":\"https:\\\/\\\/atami.com\\\/wp-content\\\/uploads\\\/2025\\\/01\\\/ATA-Calmag-product-image-DE-1.webp\",\"datePublished\":\"2023-02-09T10:22:15+00:00\",\"dateModified\":\"2026-03-03T13:02:33+00:00\",\"description\":\"ATA Calmag von Atami bietet die perfekte Kombination aus Calcium und Magnesium, um Mangelerscheinungen zu vermeiden und das Wachstum Ihrer Pflanzen zu f\u00f6rdern. Ideal f\u00fcr eine starke und gesunde Pflanzenentwicklung.\",\"breadcrumb\":{\"@id\":\"https:\\\/\\\/atami.com\\\/de\\\/produkt\\\/ata-calmag#breadcrumb\"},\"inLanguage\":\"de\",\"potentialAction\":[{\"@type\":\"ReadAction\",\"target\":[\"https:\\\/\\\/atami.com\\\/de\\\/produkt\\\/ata-calmag\"]}]},{\"@type\":\"ImageObject\",\"inLanguage\":\"de\",\"@id\":\"https:\\\/\\\/atami.com\\\/de\\\/produkt\\\/ata-calmag#primaryimage\",\"url\":\"https:\\\/\\\/atami.com\\\/wp-content\\\/uploads\\\/2025\\\/01\\\/ATA-Calmag-product-image-DE-1.webp\",\"contentUrl\":\"https:\\\/\\\/atami.com\\\/wp-content\\\/uploads\\\/2025\\\/01\\\/ATA-Calmag-product-image-DE-1.webp\",\"width\":1080,\"height\":1080,\"caption\":\"ATA Calmag liefert zus\u00e4tzliches Kalzium und Magnesium, um die Pflanzenstruktur zu st\u00e4rken und die N\u00e4hrstoffaufnahme zu verbessern.\"},{\"@type\":\"BreadcrumbList\",\"@id\":\"https:\\\/\\\/atami.com\\\/de\\\/produkt\\\/ata-calmag#breadcrumb\",\"itemListElement\":[{\"@type\":\"ListItem\",\"position\":1,\"name\":\"Home\",\"item\":\"https:\\\/\\\/atami.com\\\/de\"},{\"@type\":\"ListItem\",\"position\":2,\"name\":\"Produkte\",\"item\":\"https:\\\/\\\/atami.com\\\/de\\\/shop\"},{\"@type\":\"ListItem\",\"position\":3,\"name\":\"D\u00fcngemittel\",\"item\":\"https:\\\/\\\/atami.com\\\/de\\\/produkt-kategorie\\\/dungemittel\"},{\"@type\":\"ListItem\",\"position\":4,\"name\":\"Zus\u00e4tze\",\"item\":\"https:\\\/\\\/atami.com\\\/de\\\/produkt-kategorie\\\/dungemittel\\\/zusatze\"},{\"@type\":\"ListItem\",\"position\":5,\"name\":\"ATA Calmag\"}]},{\"@type\":\"WebSite\",\"@id\":\"https:\\\/\\\/atami.com\\\/de#website\",\"url\":\"https:\\\/\\\/atami.com\\\/de\",\"name\":\"Atami\",\"description\":\"NATURALLY INNOVATING!\",\"publisher\":{\"@id\":\"https:\\\/\\\/atami.com\\\/de#organization\"},\"potentialAction\":[{\"@type\":\"SearchAction\",\"target\":{\"@type\":\"EntryPoint\",\"urlTemplate\":\"https:\\\/\\\/atami.com\\\/de?s={search_term_string}\"},\"query-input\":{\"@type\":\"PropertyValueSpecification\",\"valueRequired\":true,\"valueName\":\"search_term_string\"}}],\"inLanguage\":\"de\"},{\"@type\":\"Organization\",\"@id\":\"https:\\\/\\\/atami.com\\\/de#organization\",\"name\":\"Atami\",\"url\":\"https:\\\/\\\/atami.com\\\/de\",\"logo\":{\"@type\":\"ImageObject\",\"inLanguage\":\"de\",\"@id\":\"https:\\\/\\\/atami.com\\\/de#\\\/schema\\\/logo\\\/image\\\/\",\"url\":\"https:\\\/\\\/atami.com\\\/wp-content\\\/uploads\\\/2026\\\/01\\\/Atami-logo-696x696px.webp\",\"contentUrl\":\"https:\\\/\\\/atami.com\\\/wp-content\\\/uploads\\\/2026\\\/01\\\/Atami-logo-696x696px.webp\",\"width\":696,\"height\":696,\"caption\":\"Atami\"},\"image\":{\"@id\":\"https:\\\/\\\/atami.com\\\/de#\\\/schema\\\/logo\\\/image\\\/\"},\"sameAs\":[\"https:\\\/\\\/www.facebook.com\\\/Atami.International\",\"https:\\\/\\\/x.com\\\/AtamiEU\",\"https:\\\/\\\/www.youtube.com\\\/c\\\/AtamiInternational\",\"https:\\\/\\\/www.instagram.com\\\/atami.international\\\/\"],\"description\":\"ATAMI is a premium plant nutrition & substrate brand founded in 1997 with the mission to make exceptional cultivation achievable for everyone. From legacy to license, we offer a wide variety of innovating award-winning products to let cultivators achieve maximum results in taste & yield.\",\"email\":\"info@mginnovations.es\",\"legalName\":\"Atami\",\"numberOfEmployees\":{\"@type\":\"QuantitativeValue\",\"minValue\":\"11\",\"maxValue\":\"50\"}}]}<\/script>\n<!-- \/ Yoast SEO Premium plugin. -->","yoast_head_json":{"title":"ATA Calmag: Optimale Calcium- und Magnesiumversorgung f\u00fcr gesunde Pflanzen","description":"ATA Calmag von Atami bietet die perfekte Kombination aus Calcium und Magnesium, um Mangelerscheinungen zu vermeiden und das Wachstum Ihrer Pflanzen zu f\u00f6rdern. Ideal f\u00fcr eine starke und gesunde Pflanzenentwicklung.","robots":{"index":"index","follow":"follow","max-snippet":"max-snippet:-1","max-image-preview":"max-image-preview:large","max-video-preview":"max-video-preview:-1"},"canonical":"https:\/\/atami.com\/de\/produkt\/ata-calmag","og_locale":"de_DE","og_type":"article","og_title":"ATA Calmag","og_description":"ATA Calmag von Atami bietet die perfekte Kombination aus Calcium und Magnesium, um Mangelerscheinungen zu vermeiden und das Wachstum Ihrer Pflanzen zu f\u00f6rdern. Ideal f\u00fcr eine starke und gesunde Pflanzenentwicklung.","og_url":"https:\/\/atami.com\/de\/produkt\/ata-calmag","og_site_name":"Atami","article_publisher":"https:\/\/www.facebook.com\/Atami.International","article_modified_time":"2026-03-03T13:02:33+00:00","og_image":[{"width":1080,"height":1080,"url":"https:\/\/atami.com\/wp-content\/uploads\/2025\/01\/ATA-Calmag-product-image-DE-1.webp","type":"image\/webp"}],"twitter_card":"summary_large_image","twitter_site":"@AtamiEU","twitter_misc":{"Gesch\u00e4tzte Lesezeit":"1\u00a0Minute"},"schema":{"@context":"https:\/\/schema.org","@graph":[{"@type":"WebPage","@id":"https:\/\/atami.com\/de\/produkt\/ata-calmag","url":"https:\/\/atami.com\/de\/produkt\/ata-calmag","name":"ATA Calmag: Optimale Calcium- und Magnesiumversorgung f\u00fcr gesunde Pflanzen","isPartOf":{"@id":"https:\/\/atami.com\/de#website"},"primaryImageOfPage":{"@id":"https:\/\/atami.com\/de\/produkt\/ata-calmag#primaryimage"},"image":{"@id":"https:\/\/atami.com\/de\/produkt\/ata-calmag#primaryimage"},"thumbnailUrl":"https:\/\/atami.com\/wp-content\/uploads\/2025\/01\/ATA-Calmag-product-image-DE-1.webp","datePublished":"2023-02-09T10:22:15+00:00","dateModified":"2026-03-03T13:02:33+00:00","description":"ATA Calmag von Atami bietet die perfekte Kombination aus Calcium und Magnesium, um Mangelerscheinungen zu vermeiden und das Wachstum Ihrer Pflanzen zu f\u00f6rdern. Ideal f\u00fcr eine starke und gesunde Pflanzenentwicklung.","breadcrumb":{"@id":"https:\/\/atami.com\/de\/produkt\/ata-calmag#breadcrumb"},"inLanguage":"de","potentialAction":[{"@type":"ReadAction","target":["https:\/\/atami.com\/de\/produkt\/ata-calmag"]}]},{"@type":"ImageObject","inLanguage":"de","@id":"https:\/\/atami.com\/de\/produkt\/ata-calmag#primaryimage","url":"https:\/\/atami.com\/wp-content\/uploads\/2025\/01\/ATA-Calmag-product-image-DE-1.webp","contentUrl":"https:\/\/atami.com\/wp-content\/uploads\/2025\/01\/ATA-Calmag-product-image-DE-1.webp","width":1080,"height":1080,"caption":"ATA Calmag liefert zus\u00e4tzliches Kalzium und Magnesium, um die Pflanzenstruktur zu st\u00e4rken und die N\u00e4hrstoffaufnahme zu verbessern."},{"@type":"BreadcrumbList","@id":"https:\/\/atami.com\/de\/produkt\/ata-calmag#breadcrumb","itemListElement":[{"@type":"ListItem","position":1,"name":"Home","item":"https:\/\/atami.com\/de"},{"@type":"ListItem","position":2,"name":"Produkte","item":"https:\/\/atami.com\/de\/shop"},{"@type":"ListItem","position":3,"name":"D\u00fcngemittel","item":"https:\/\/atami.com\/de\/produkt-kategorie\/dungemittel"},{"@type":"ListItem","position":4,"name":"Zus\u00e4tze","item":"https:\/\/atami.com\/de\/produkt-kategorie\/dungemittel\/zusatze"},{"@type":"ListItem","position":5,"name":"ATA Calmag"}]},{"@type":"WebSite","@id":"https:\/\/atami.com\/de#website","url":"https:\/\/atami.com\/de","name":"Atami","description":"NATURALLY INNOVATING!","publisher":{"@id":"https:\/\/atami.com\/de#organization"},"potentialAction":[{"@type":"SearchAction","target":{"@type":"EntryPoint","urlTemplate":"https:\/\/atami.com\/de?s={search_term_string}"},"query-input":{"@type":"PropertyValueSpecification","valueRequired":true,"valueName":"search_term_string"}}],"inLanguage":"de"},{"@type":"Organization","@id":"https:\/\/atami.com\/de#organization","name":"Atami","url":"https:\/\/atami.com\/de","logo":{"@type":"ImageObject","inLanguage":"de","@id":"https:\/\/atami.com\/de#\/schema\/logo\/image\/","url":"https:\/\/atami.com\/wp-content\/uploads\/2026\/01\/Atami-logo-696x696px.webp","contentUrl":"https:\/\/atami.com\/wp-content\/uploads\/2026\/01\/Atami-logo-696x696px.webp","width":696,"height":696,"caption":"Atami"},"image":{"@id":"https:\/\/atami.com\/de#\/schema\/logo\/image\/"},"sameAs":["https:\/\/www.facebook.com\/Atami.International","https:\/\/x.com\/AtamiEU","https:\/\/www.youtube.com\/c\/AtamiInternational","https:\/\/www.instagram.com\/atami.international\/"],"description":"ATAMI is a premium plant nutrition & substrate brand founded in 1997 with the mission to make exceptional cultivation achievable for everyone. From legacy to license, we offer a wide variety of innovating award-winning products to let cultivators achieve maximum results in taste & yield.","email":"info@mginnovations.es","legalName":"Atami","numberOfEmployees":{"@type":"QuantitativeValue","minValue":"11","maxValue":"50"}}]}},"_links":{"self":[{"href":"https:\/\/atami.com\/de\/wp-json\/wp\/v2\/product\/21880","targetHints":{"allow":["GET"]}}],"collection":[{"href":"https:\/\/atami.com\/de\/wp-json\/wp\/v2\/product"}],"about":[{"href":"https:\/\/atami.com\/de\/wp-json\/wp\/v2\/types\/product"}],"replies":[{"embeddable":true,"href":"https:\/\/atami.com\/de\/wp-json\/wp\/v2\/comments?post=21880"}],"wp:featuredmedia":[{"embeddable":true,"href":"https:\/\/atami.com\/de\/wp-json\/wp\/v2\/media\/202649"}],"wp:attachment":[{"href":"https:\/\/atami.com\/de\/wp-json\/wp\/v2\/media?parent=21880"}],"wp:term":[{"taxonomy":"product_brand","embeddable":true,"href":"https:\/\/atami.com\/de\/wp-json\/wp\/v2\/product_brand?post=21880"},{"taxonomy":"product_cat","embeddable":true,"href":"https:\/\/atami.com\/de\/wp-json\/wp\/v2\/product_cat?post=21880"},{"taxonomy":"product_tag","embeddable":true,"href":"https:\/\/atami.com\/de\/wp-json\/wp\/v2\/product_tag?post=21880"}],"curies":[{"name":"wp","href":"https:\/\/api.w.org\/{rel}","templated":true}]}}