{"id":21875,"date":"2023-02-09T10:11:59","date_gmt":"2023-02-09T10:11:59","guid":{"rendered":"https:\/\/atami.com\/product\/ata-pk-13-14\/"},"modified":"2026-03-03T15:01:25","modified_gmt":"2026-03-03T13:01:25","slug":"ata-pk-13-14","status":"publish","type":"product","link":"https:\/\/atami.com\/de\/produkt\/ata-pk-13-14","title":{"rendered":"ATA PK 13-14"},"content":{"rendered":"<p><strong>ATA PK13-14 ist ein universeller Pflanzenzusatz, der w\u00e4hrend der Bl\u00fchphase der Pflanze zusammen mit den Grundn\u00e4hrstoffen dem Wasser zugesetzt werden kann. Die Inhaltsstoffe Phosphor und Kalium sind von gro\u00dfer Bedeutung, da die Pflanze w\u00e4hrend der Bl\u00fchphase einen erh\u00f6hten Bedarf an diesen Grundn\u00e4hrstoffen hat.<\/strong><\/p>\n<p>&nbsp;<\/p>\n<p>Phosphor ist w\u00e4hrend der Bl\u00fchphase von Bedeutung f\u00fcr die Speicherung und den Transport von Energie aus dem Sonnenlicht, das w\u00e4hrend der Photosynthese aufgefangen wird. Phosphor unterst\u00fctzt die Verteilung dieser Energie in der gesamten Pflanze. Kalium ist an zahlreichen Prozessen bei der Bildung von Bl\u00fcten und schmackhaften Fr\u00fcchten beteiligt, wie z. B. dem Transport von Zucker und Enzymen f\u00fcr die St\u00e4rkeproduktion.<\/p>\n<p>&nbsp;<\/p>\n<p><strong>BESONDERS GEEIGNET F\u00dcR<\/strong><br \/>\nATA PK 13-14 ist ein Universald\u00fcnger, der f\u00fcr verschiedene Obst-, Gem\u00fcse- und Kr\u00e4utersorten wie z. B. Paprika, Chilis und Blaubeeren geeignet ist. Das Produkt kann auch f\u00fcr bl\u00fchende Zierpflanzen (z. B. Begonien, Sommerflieder) verwendet werden. Die erforderliche Dosierung kann auf die Bed\u00fcrfnisse der jeweiligen Pflanze oder Kultur abgestimmt werden.<\/p>\n<p>&nbsp;<\/p>\n<p><strong>ANWENDUNG<\/strong><br \/>\nGeeignet als zus\u00e4tzliche Erg\u00e4nzung zur regul\u00e4ren NPK-N\u00e4hrstoffversorgung f\u00fcr den Anbau in Erde, Hydrokultur &amp; Kokoserde. F\u00fcgen Sie die in N\u00e4hrstoffl\u00f6sung der ersten Woche der Bl\u00fchphase hinzu. Erh\u00f6hen Sie die Dosierung langsam, damit sich die Pflanzen daran gew\u00f6hnen k\u00f6nnen und optimale Ergebnisse erzielt werden. Kann t\u00e4glich f\u00fcr die Bew\u00e4sserung der Pflanzen w\u00e4hrend der Bl\u00fchphase verwendet werden. In der letzten Woche vor der Ernte muss das Substrat mit Wasser und Enzymen durchgesp\u00fclt werden.<\/p>\n<p>&nbsp;<\/p>\n<p><strong>DOSIERUNG<\/strong><br \/>\nErh\u00f6hen Sie langsam die Dosierung von 0,25\u20131,5 ml pro Liter N\u00e4hrstoffl\u00f6sung\/Wasser.<\/p>\n<p>&nbsp;<\/p>\n<p><strong>PK 13-14 W\/W<\/strong><\/p>\n<p>&nbsp;<\/p>\n<p><strong>VERF\u00dcGBAR ALS 1 LITER, 5 LITER, 10 LITER<\/strong><\/p>\n","protected":false},"excerpt":{"rendered":"<p>N\u00e4hrstoffe f\u00fcr den goldenen Schnitt<\/p>\n<p>Bl\u00fch- und Bl\u00fctephase<\/p>\n","protected":false},"featured_media":23822,"comment_status":"closed","ping_status":"closed","template":"","meta":{"_acf_changed":false,"iawp_total_views":182},"product_brand":[],"product_cat":[190,192],"product_tag":[],"class_list":{"0":"post-21875","1":"product","2":"type-product","3":"status-publish","4":"has-post-thumbnail","6":"product_cat-ata","7":"product_cat-zusatze","9":"first","10":"instock","11":"shipping-taxable","12":"product-type-simple"},"acf":{"short_description":"<p><strong>ATA PK13-14 ist ein universeller Pflanzenzusatz, der w\u00e4hrend der Bl\u00fchphase der Pflanze zusammen mit den Grundn\u00e4hrstoffen dem Wasser zugesetzt werden kann. Die Inhaltsstoffe Phosphor und Kalium sind von gro\u00dfer Bedeutung, da die Pflanze w\u00e4hrend der Bl\u00fchphase einen erh\u00f6hten Bedarf an diesen Grundn\u00e4hrstoffen hat.<\/strong><\/p>\r\n<p>Phosphor ist w\u00e4hrend der Bl\u00fchphase von Bedeutung f\u00fcr die Speicherung und den Transport von Energie aus dem Sonnenlicht, das w\u00e4hrend der Photosynthese aufgefangen wird. Phosphor unterst\u00fctzt die Verteilung dieser Energie in der gesamten Pflanze. Kalium ist an zahlreichen Prozessen bei der Bildung von Bl\u00fcten und schmackhaften Fr\u00fcchten beteiligt, wie z. B. dem Transport von Zucker und Enzymen f\u00fcr die St\u00e4rkeproduktion.<\/p>","suitable_for":"<p>ATA PK 13-14 ist ein Universald\u00fcnger, der f\u00fcr verschiedene Obst-, Gem\u00fcse- und Kr\u00e4utersorten wie z. B. Paprika, Chilis und Blaubeeren geeignet ist. Das Produkt kann auch f\u00fcr bl\u00fchende Zierpflanzen (z. B. Begonien, Sommerflieder) verwendet werden. Die erforderliche Dosierung kann auf die Bed\u00fcrfnisse der jeweiligen Pflanze oder Kultur abgestimmt werden.<\/p>","application":"<p>Geeignet als zus\u00e4tzliche Erg\u00e4nzung zur regul\u00e4ren NPK-N\u00e4hrstoffversorgung f\u00fcr den Anbau in Erde, Hydrokultur &amp; Kokoserde. F\u00fcgen Sie die in N\u00e4hrstoffl\u00f6sung der ersten Woche der Bl\u00fchphase hinzu. Erh\u00f6hen Sie die Dosierung langsam, damit sich die Pflanzen daran gew\u00f6hnen k\u00f6nnen und optimale Ergebnisse erzielt werden. Kann t\u00e4glich f\u00fcr die Bew\u00e4sserung der Pflanzen w\u00e4hrend der Bl\u00fchphase verwendet werden. In der letzten Woche vor der Ernte muss das Substrat mit Wasser und Enzymen durchgesp\u00fclt werden.<\/p>","dosage":"<p>Erh\u00f6hen Sie langsam die Dosierung von 0,25\u20131,5 ml pro Liter N\u00e4hrstoffl\u00f6sung\/Wasser.<\/p>","npk_ratio":"<p>PK 13-14 W\/W<\/p>","available_in":"<p>1 LITER, 5 LITER, 10 LITER<\/p>","icon_1":1719,"icon_1_text":"DAS PERFEKTE VERH\u00c4LTNIS VON PHOSPHOR UND KALIUM","icon_2":1723,"icon_2_text":"GROSSE UND KOMPAKTE BL\u00dcTEN UND FR\u00dcCHTE","icon_3":1727,"icon_3_text":"REGT DIE FRUCHTBILDUNG AN","icon_4":"","icon_4_text":"","video":"https:\/\/youtu.be\/5LDZgjDxKZM","second_image":1715,"product_image_page":4057,"user_manual":"","new_icon_1":"","new_icon_2":"","new_icon_3":"","new_icon_4":"","grow_guides":"","category":"Zusatzstoff"},"yoast_head":"<!-- This site is optimized with the Yoast SEO Premium plugin v27.5 (Yoast SEO v27.5) - https:\/\/yoast.com\/product\/yoast-seo-premium-wordpress\/ -->\n<title>ATA PK 13-14: Der ultimative Booster f\u00fcr deine Bl\u00fctephase<\/title>\n<meta name=\"description\" content=\"Steigere den Ertrag und die Qualit\u00e4t deiner Pflanzen mit ATA PK 13-14. Der perfekte Bl\u00fctebooster f\u00fcr alle Pflanzenarten \u2013 entdecke die Vorteile f\u00fcr dein Wachstum.\" \/>\n<meta name=\"robots\" content=\"index, follow, max-snippet:-1, max-image-preview:large, max-video-preview:-1\" \/>\n<link rel=\"canonical\" href=\"https:\/\/atami.com\/de\/produkt\/ata-pk-13-14\" \/>\n<meta property=\"og:locale\" content=\"de_DE\" \/>\n<meta property=\"og:type\" content=\"article\" \/>\n<meta property=\"og:title\" content=\"ATA PK 13-14\" \/>\n<meta property=\"og:description\" content=\"Steigere den Ertrag und die Qualit\u00e4t deiner Pflanzen mit ATA PK 13-14. Der perfekte Bl\u00fctebooster f\u00fcr alle Pflanzenarten \u2013 entdecke die Vorteile f\u00fcr dein Wachstum.\" \/>\n<meta property=\"og:url\" content=\"https:\/\/atami.com\/de\/produkt\/ata-pk-13-14\" \/>\n<meta property=\"og:site_name\" content=\"Atami\" \/>\n<meta property=\"article:publisher\" content=\"https:\/\/www.facebook.com\/Atami.International\" \/>\n<meta property=\"article:modified_time\" content=\"2026-03-03T13:01:25+00:00\" \/>\n<meta property=\"og:image\" content=\"https:\/\/atami.com\/wp-content\/uploads\/2023\/02\/PK-13-14-Main-Image.webp\" \/>\n\t<meta property=\"og:image:width\" content=\"1080\" \/>\n\t<meta property=\"og:image:height\" content=\"1080\" \/>\n\t<meta property=\"og:image:type\" content=\"image\/webp\" \/>\n<meta name=\"twitter:card\" content=\"summary_large_image\" \/>\n<meta name=\"twitter:site\" content=\"@AtamiEU\" \/>\n<meta name=\"twitter:label1\" content=\"Gesch\u00e4tzte Lesezeit\" \/>\n\t<meta name=\"twitter:data1\" content=\"2\u00a0Minuten\" \/>\n<script type=\"application\/ld+json\" class=\"yoast-schema-graph\">{\"@context\":\"https:\\\/\\\/schema.org\",\"@graph\":[{\"@type\":\"WebPage\",\"@id\":\"https:\\\/\\\/atami.com\\\/de\\\/produkt\\\/ata-pk-13-14\",\"url\":\"https:\\\/\\\/atami.com\\\/de\\\/produkt\\\/ata-pk-13-14\",\"name\":\"ATA PK 13-14: Der ultimative Booster f\u00fcr deine Bl\u00fctephase\",\"isPartOf\":{\"@id\":\"https:\\\/\\\/atami.com\\\/de#website\"},\"primaryImageOfPage\":{\"@id\":\"https:\\\/\\\/atami.com\\\/de\\\/produkt\\\/ata-pk-13-14#primaryimage\"},\"image\":{\"@id\":\"https:\\\/\\\/atami.com\\\/de\\\/produkt\\\/ata-pk-13-14#primaryimage\"},\"thumbnailUrl\":\"https:\\\/\\\/atami.com\\\/wp-content\\\/uploads\\\/2023\\\/02\\\/PK-13-14-Main-Image.webp\",\"datePublished\":\"2023-02-09T10:11:59+00:00\",\"dateModified\":\"2026-03-03T13:01:25+00:00\",\"description\":\"Steigere den Ertrag und die Qualit\u00e4t deiner Pflanzen mit ATA PK 13-14. Der perfekte Bl\u00fctebooster f\u00fcr alle Pflanzenarten \u2013 entdecke die Vorteile f\u00fcr dein Wachstum.\",\"breadcrumb\":{\"@id\":\"https:\\\/\\\/atami.com\\\/de\\\/produkt\\\/ata-pk-13-14#breadcrumb\"},\"inLanguage\":\"de\",\"potentialAction\":[{\"@type\":\"ReadAction\",\"target\":[\"https:\\\/\\\/atami.com\\\/de\\\/produkt\\\/ata-pk-13-14\"]}]},{\"@type\":\"ImageObject\",\"inLanguage\":\"de\",\"@id\":\"https:\\\/\\\/atami.com\\\/de\\\/produkt\\\/ata-pk-13-14#primaryimage\",\"url\":\"https:\\\/\\\/atami.com\\\/wp-content\\\/uploads\\\/2023\\\/02\\\/PK-13-14-Main-Image.webp\",\"contentUrl\":\"https:\\\/\\\/atami.com\\\/wp-content\\\/uploads\\\/2023\\\/02\\\/PK-13-14-Main-Image.webp\",\"width\":1080,\"height\":1080,\"caption\":\"ATA PK 13-14 liefert w\u00e4hrend der Bl\u00fctephase essentiellen Phosphor und Kalium, f\u00f6rdert die Energieverteilung und unterst\u00fctzt die Bildung von Bl\u00fcten und aromatischen Fr\u00fcchten.\"},{\"@type\":\"BreadcrumbList\",\"@id\":\"https:\\\/\\\/atami.com\\\/de\\\/produkt\\\/ata-pk-13-14#breadcrumb\",\"itemListElement\":[{\"@type\":\"ListItem\",\"position\":1,\"name\":\"Home\",\"item\":\"https:\\\/\\\/atami.com\\\/de\"},{\"@type\":\"ListItem\",\"position\":2,\"name\":\"Produkte\",\"item\":\"https:\\\/\\\/atami.com\\\/de\\\/shop\"},{\"@type\":\"ListItem\",\"position\":3,\"name\":\"D\u00fcngemittel\",\"item\":\"https:\\\/\\\/atami.com\\\/de\\\/produkt-kategorie\\\/dungemittel\"},{\"@type\":\"ListItem\",\"position\":4,\"name\":\"Zus\u00e4tze\",\"item\":\"https:\\\/\\\/atami.com\\\/de\\\/produkt-kategorie\\\/dungemittel\\\/zusatze\"},{\"@type\":\"ListItem\",\"position\":5,\"name\":\"ATA PK 13-14\"}]},{\"@type\":\"WebSite\",\"@id\":\"https:\\\/\\\/atami.com\\\/de#website\",\"url\":\"https:\\\/\\\/atami.com\\\/de\",\"name\":\"Atami\",\"description\":\"NATURALLY INNOVATING!\",\"publisher\":{\"@id\":\"https:\\\/\\\/atami.com\\\/de#organization\"},\"potentialAction\":[{\"@type\":\"SearchAction\",\"target\":{\"@type\":\"EntryPoint\",\"urlTemplate\":\"https:\\\/\\\/atami.com\\\/de?s={search_term_string}\"},\"query-input\":{\"@type\":\"PropertyValueSpecification\",\"valueRequired\":true,\"valueName\":\"search_term_string\"}}],\"inLanguage\":\"de\"},{\"@type\":\"Organization\",\"@id\":\"https:\\\/\\\/atami.com\\\/de#organization\",\"name\":\"Atami\",\"url\":\"https:\\\/\\\/atami.com\\\/de\",\"logo\":{\"@type\":\"ImageObject\",\"inLanguage\":\"de\",\"@id\":\"https:\\\/\\\/atami.com\\\/de#\\\/schema\\\/logo\\\/image\\\/\",\"url\":\"https:\\\/\\\/atami.com\\\/wp-content\\\/uploads\\\/2026\\\/01\\\/Atami-logo-696x696px.webp\",\"contentUrl\":\"https:\\\/\\\/atami.com\\\/wp-content\\\/uploads\\\/2026\\\/01\\\/Atami-logo-696x696px.webp\",\"width\":696,\"height\":696,\"caption\":\"Atami\"},\"image\":{\"@id\":\"https:\\\/\\\/atami.com\\\/de#\\\/schema\\\/logo\\\/image\\\/\"},\"sameAs\":[\"https:\\\/\\\/www.facebook.com\\\/Atami.International\",\"https:\\\/\\\/x.com\\\/AtamiEU\",\"https:\\\/\\\/www.youtube.com\\\/c\\\/AtamiInternational\",\"https:\\\/\\\/www.instagram.com\\\/atami.international\\\/\"],\"description\":\"ATAMI is a premium plant nutrition & substrate brand founded in 1997 with the mission to make exceptional cultivation achievable for everyone. From legacy to license, we offer a wide variety of innovating award-winning products to let cultivators achieve maximum results in taste & yield.\",\"email\":\"info@mginnovations.es\",\"legalName\":\"Atami\",\"numberOfEmployees\":{\"@type\":\"QuantitativeValue\",\"minValue\":\"11\",\"maxValue\":\"50\"}}]}<\/script>\n<!-- \/ Yoast SEO Premium plugin. -->","yoast_head_json":{"title":"ATA PK 13-14: Der ultimative Booster f\u00fcr deine Bl\u00fctephase","description":"Steigere den Ertrag und die Qualit\u00e4t deiner Pflanzen mit ATA PK 13-14. Der perfekte Bl\u00fctebooster f\u00fcr alle Pflanzenarten \u2013 entdecke die Vorteile f\u00fcr dein Wachstum.","robots":{"index":"index","follow":"follow","max-snippet":"max-snippet:-1","max-image-preview":"max-image-preview:large","max-video-preview":"max-video-preview:-1"},"canonical":"https:\/\/atami.com\/de\/produkt\/ata-pk-13-14","og_locale":"de_DE","og_type":"article","og_title":"ATA PK 13-14","og_description":"Steigere den Ertrag und die Qualit\u00e4t deiner Pflanzen mit ATA PK 13-14. Der perfekte Bl\u00fctebooster f\u00fcr alle Pflanzenarten \u2013 entdecke die Vorteile f\u00fcr dein Wachstum.","og_url":"https:\/\/atami.com\/de\/produkt\/ata-pk-13-14","og_site_name":"Atami","article_publisher":"https:\/\/www.facebook.com\/Atami.International","article_modified_time":"2026-03-03T13:01:25+00:00","og_image":[{"width":1080,"height":1080,"url":"https:\/\/atami.com\/wp-content\/uploads\/2023\/02\/PK-13-14-Main-Image.webp","type":"image\/webp"}],"twitter_card":"summary_large_image","twitter_site":"@AtamiEU","twitter_misc":{"Gesch\u00e4tzte Lesezeit":"2\u00a0Minuten"},"schema":{"@context":"https:\/\/schema.org","@graph":[{"@type":"WebPage","@id":"https:\/\/atami.com\/de\/produkt\/ata-pk-13-14","url":"https:\/\/atami.com\/de\/produkt\/ata-pk-13-14","name":"ATA PK 13-14: Der ultimative Booster f\u00fcr deine Bl\u00fctephase","isPartOf":{"@id":"https:\/\/atami.com\/de#website"},"primaryImageOfPage":{"@id":"https:\/\/atami.com\/de\/produkt\/ata-pk-13-14#primaryimage"},"image":{"@id":"https:\/\/atami.com\/de\/produkt\/ata-pk-13-14#primaryimage"},"thumbnailUrl":"https:\/\/atami.com\/wp-content\/uploads\/2023\/02\/PK-13-14-Main-Image.webp","datePublished":"2023-02-09T10:11:59+00:00","dateModified":"2026-03-03T13:01:25+00:00","description":"Steigere den Ertrag und die Qualit\u00e4t deiner Pflanzen mit ATA PK 13-14. Der perfekte Bl\u00fctebooster f\u00fcr alle Pflanzenarten \u2013 entdecke die Vorteile f\u00fcr dein Wachstum.","breadcrumb":{"@id":"https:\/\/atami.com\/de\/produkt\/ata-pk-13-14#breadcrumb"},"inLanguage":"de","potentialAction":[{"@type":"ReadAction","target":["https:\/\/atami.com\/de\/produkt\/ata-pk-13-14"]}]},{"@type":"ImageObject","inLanguage":"de","@id":"https:\/\/atami.com\/de\/produkt\/ata-pk-13-14#primaryimage","url":"https:\/\/atami.com\/wp-content\/uploads\/2023\/02\/PK-13-14-Main-Image.webp","contentUrl":"https:\/\/atami.com\/wp-content\/uploads\/2023\/02\/PK-13-14-Main-Image.webp","width":1080,"height":1080,"caption":"ATA PK 13-14 liefert w\u00e4hrend der Bl\u00fctephase essentiellen Phosphor und Kalium, f\u00f6rdert die Energieverteilung und unterst\u00fctzt die Bildung von Bl\u00fcten und aromatischen Fr\u00fcchten."},{"@type":"BreadcrumbList","@id":"https:\/\/atami.com\/de\/produkt\/ata-pk-13-14#breadcrumb","itemListElement":[{"@type":"ListItem","position":1,"name":"Home","item":"https:\/\/atami.com\/de"},{"@type":"ListItem","position":2,"name":"Produkte","item":"https:\/\/atami.com\/de\/shop"},{"@type":"ListItem","position":3,"name":"D\u00fcngemittel","item":"https:\/\/atami.com\/de\/produkt-kategorie\/dungemittel"},{"@type":"ListItem","position":4,"name":"Zus\u00e4tze","item":"https:\/\/atami.com\/de\/produkt-kategorie\/dungemittel\/zusatze"},{"@type":"ListItem","position":5,"name":"ATA PK 13-14"}]},{"@type":"WebSite","@id":"https:\/\/atami.com\/de#website","url":"https:\/\/atami.com\/de","name":"Atami","description":"NATURALLY INNOVATING!","publisher":{"@id":"https:\/\/atami.com\/de#organization"},"potentialAction":[{"@type":"SearchAction","target":{"@type":"EntryPoint","urlTemplate":"https:\/\/atami.com\/de?s={search_term_string}"},"query-input":{"@type":"PropertyValueSpecification","valueRequired":true,"valueName":"search_term_string"}}],"inLanguage":"de"},{"@type":"Organization","@id":"https:\/\/atami.com\/de#organization","name":"Atami","url":"https:\/\/atami.com\/de","logo":{"@type":"ImageObject","inLanguage":"de","@id":"https:\/\/atami.com\/de#\/schema\/logo\/image\/","url":"https:\/\/atami.com\/wp-content\/uploads\/2026\/01\/Atami-logo-696x696px.webp","contentUrl":"https:\/\/atami.com\/wp-content\/uploads\/2026\/01\/Atami-logo-696x696px.webp","width":696,"height":696,"caption":"Atami"},"image":{"@id":"https:\/\/atami.com\/de#\/schema\/logo\/image\/"},"sameAs":["https:\/\/www.facebook.com\/Atami.International","https:\/\/x.com\/AtamiEU","https:\/\/www.youtube.com\/c\/AtamiInternational","https:\/\/www.instagram.com\/atami.international\/"],"description":"ATAMI is a premium plant nutrition & substrate brand founded in 1997 with the mission to make exceptional cultivation achievable for everyone. From legacy to license, we offer a wide variety of innovating award-winning products to let cultivators achieve maximum results in taste & yield.","email":"info@mginnovations.es","legalName":"Atami","numberOfEmployees":{"@type":"QuantitativeValue","minValue":"11","maxValue":"50"}}]}},"_links":{"self":[{"href":"https:\/\/atami.com\/de\/wp-json\/wp\/v2\/product\/21875","targetHints":{"allow":["GET"]}}],"collection":[{"href":"https:\/\/atami.com\/de\/wp-json\/wp\/v2\/product"}],"about":[{"href":"https:\/\/atami.com\/de\/wp-json\/wp\/v2\/types\/product"}],"replies":[{"embeddable":true,"href":"https:\/\/atami.com\/de\/wp-json\/wp\/v2\/comments?post=21875"}],"wp:featuredmedia":[{"embeddable":true,"href":"https:\/\/atami.com\/de\/wp-json\/wp\/v2\/media\/23822"}],"wp:attachment":[{"href":"https:\/\/atami.com\/de\/wp-json\/wp\/v2\/media?parent=21875"}],"wp:term":[{"taxonomy":"product_brand","embeddable":true,"href":"https:\/\/atami.com\/de\/wp-json\/wp\/v2\/product_brand?post=21875"},{"taxonomy":"product_cat","embeddable":true,"href":"https:\/\/atami.com\/de\/wp-json\/wp\/v2\/product_cat?post=21875"},{"taxonomy":"product_tag","embeddable":true,"href":"https:\/\/atami.com\/de\/wp-json\/wp\/v2\/product_tag?post=21875"}],"curies":[{"name":"wp","href":"https:\/\/api.w.org\/{rel}","templated":true}]}}