{"id":21873,"date":"2023-02-08T13:25:05","date_gmt":"2023-02-08T13:25:05","guid":{"rendered":"https:\/\/atami.com\/product\/ata-xl\/"},"modified":"2026-03-03T15:02:12","modified_gmt":"2026-03-03T13:02:12","slug":"ata-xl","status":"publish","type":"product","link":"https:\/\/atami.com\/de\/produkt\/ata-xl","title":{"rendered":"ATA-XL"},"content":{"rendered":"<p><strong>ATA-XL ist ein ganz spezielles Produkt: dieser kombinierte Stimulator f\u00fcr die Wachstums- und Bl\u00fchphase ist einzigartig auf dem Markt. Dieses Universalprodukt besteht aus Pflanzenextrakten, Humins\u00e4uren und mineralischem PK, wodurch die Pflanze sowohl in der Wachstums- als auch in der Bl\u00fchphase optimal mit N\u00e4hrstoffen versorgt wird.<\/strong><\/p>\n<p>&nbsp;<\/p>\n<p>Die Humins\u00e4uren in ATA-XL haben eine chelatbildende Wirkung, wodurch sie f\u00fcr die Pflanze besser absorbierbar sind. Diese S\u00e4uren haben auch eine stimulierende Wirkung auf die Wurzelhaare und verbessern die F\u00e4higkeit der Wurzeln, N\u00e4hrstoffe aufzunehmen. Eine gut abgestimmte Dosierung der prim\u00e4ren PK-N\u00e4hrstoffe ist ideal, um die Bl\u00fchphase einzuleiten, da diese Elemente f\u00fcr die Speicherung und den Transport von Energie verantwortlich sind und die Gr\u00f6\u00dfe der Bl\u00fcten und Fr\u00fcchte steigern.<\/p>\n<p>&nbsp;<\/p>\n<p><strong>BESONDERS GEEIGNET F\u00dcR<\/strong><br \/>\nATA-XL ist ein Universald\u00fcnger, der f\u00fcr verschiedene Obst-, Gem\u00fcse- und Kr\u00e4utersorten wie z. B. Blaubeeren, Himbeeren und Erdbeeren geeignet ist. Das Produkt kann auch f\u00fcr bl\u00fchende Zierpflanzen (z. B. Orchideen, Flamingoblumen) verwendet werden. Die erforderliche Dosierung kann auf die Bed\u00fcrfnisse der jeweiligen Pflanze oder Kultur abgestimmt werden.<\/p>\n<p>&nbsp;<\/p>\n<p><strong>ANWENDUNG<\/strong><br \/>\nDas Produkt kann w\u00e4hrend des gesamten Zyklus nach der Wurzelbildung verwendet werden. Zusatz zur regul\u00e4ren NPK-N\u00e4hrstoffversorgung. Geeignet f\u00fcr Erde, Hydrokultur &amp; Kokoserde.<\/p>\n<p>&nbsp;<\/p>\n<p><strong>DOSIERUNG<\/strong><br \/>\n1 ml pro Liter N\u00e4hrstoffl\u00f6sung oder Wasser<\/p>\n<p>&nbsp;<\/p>\n<p><strong>PK 2-2 W\/W<\/strong><\/p>\n<p>&nbsp;<\/p>\n<p><strong>VERF\u00dcGBAR ALS 1 LITER, 5 LITER UND 10 LITER<\/strong><\/p>\n","protected":false},"excerpt":{"rendered":"<p>Wachstums- und Bl\u00fctenstimulator<\/p>\n<p>Starke Wurzeln und mehr Volumen bei Bl\u00fcten und Fr\u00fcchten<\/p>\n","protected":false},"featured_media":23807,"comment_status":"closed","ping_status":"closed","template":"","meta":{"_acf_changed":false,"iawp_total_views":117},"product_brand":[],"product_cat":[190,188],"product_tag":[],"class_list":{"0":"post-21873","1":"product","2":"type-product","3":"status-publish","4":"has-post-thumbnail","6":"product_cat-ata","7":"product_cat-stimulatoren","9":"first","10":"instock","11":"shipping-taxable","12":"product-type-simple"},"acf":{"short_description":"<p><strong>ATA-XL ist ein ganz spezielles Produkt: dieser kombinierte Stimulator f\u00fcr die Wachstums- und Bl\u00fchphase ist einzigartig auf dem Markt. Dieses Universalprodukt besteht aus Pflanzenextrakten, Humins\u00e4uren und mineralischem PK, wodurch die Pflanze sowohl in der Wachstums- als auch in der Bl\u00fchphase optimal mit N\u00e4hrstoffen versorgt wird.<\/strong><\/p>\r\n<p>Die Humins\u00e4uren in ATA-XL haben eine chelatbildende Wirkung, wodurch sie f\u00fcr die Pflanze besser absorbierbar sind. Diese S\u00e4uren haben auch eine stimulierende Wirkung auf die Wurzelhaare und verbessern die F\u00e4higkeit der Wurzeln, N\u00e4hrstoffe aufzunehmen. Eine gut abgestimmte Dosierung der prim\u00e4ren PK-N\u00e4hrstoffe ist ideal, um die Bl\u00fchphase einzuleiten, da diese Elemente f\u00fcr die Speicherung und den Transport von Energie verantwortlich sind und die Gr\u00f6\u00dfe der Bl\u00fcten und Fr\u00fcchte steigern.<\/p>","suitable_for":"<p>ATA-XL ist ein Universald\u00fcnger, der f\u00fcr verschiedene Obst-, Gem\u00fcse- und Kr\u00e4utersorten wie z. B. Blaubeeren, Himbeeren und Erdbeeren geeignet ist. Das Produkt kann auch f\u00fcr bl\u00fchende Zierpflanzen (z. B. Orchideen, Flamingoblumen) verwendet werden. Die erforderliche Dosierung kann auf die Bed\u00fcrfnisse der jeweiligen Pflanze oder Kultur abgestimmt werden.<\/p>","application":"<p>Das Produkt kann w\u00e4hrend des gesamten Zyklus nach der Wurzelbildung verwendet werden. Zusatz zur regul\u00e4ren NPK-N\u00e4hrstoffversorgung. Geeignet f\u00fcr Erde, Hydrokultur &amp; Kokoserde.<\/p>","dosage":"<p>1 ml pro Liter N\u00e4hrstoffl\u00f6sung oder Wasser.<\/p>","npk_ratio":"<p>PK 2-2 W\/W<\/p>","available_in":"<p>1 LITER, 5 LITER UND 10 LITER<\/p>","icon_1":1680,"icon_1_text":"KOMBINIERTER STIMULATOR F\u00dcR WACHSTUM UND BL\u00dcHPHASE","icon_2":1684,"icon_2_text":"STIMULIERT DIE WURZELHAARE F\u00dcR STARKE WURZELN: ENTH\u00c4LT HUMINS\u00c4UREN, DIE ES DER PFLANZE ERLEICHTERN, N\u00c4HRSTOFFE AUFZUNEHMEN!","icon_3":1688,"icon_3_text":"GR\u00d6SSERE BL\u00dcTEN UND FR\u00dcCHTE","icon_4":"","icon_4_text":"","video":"https:\/\/youtu.be\/EneYy12PWzg","second_image":1675,"product_image_page":4053,"user_manual":"","new_icon_1":"","new_icon_2":"","new_icon_3":"","new_icon_4":"","grow_guides":"","category":"Stimulator"},"yoast_head":"<!-- This site is optimized with the Yoast SEO Premium plugin v27.5 (Yoast SEO v27.5) - https:\/\/yoast.com\/product\/yoast-seo-premium-wordpress\/ -->\n<title>ATA-XL \u2013 Der leistungsstarke Booster f\u00fcr Bl\u00fcte und Wurzelwachstum<\/title>\n<meta name=\"description\" content=\"Bringen Sie Ihre Pflanzen auf das n\u00e4chste Level mit ATA-XL! Der kraftvolle Wurzel- und Bl\u00fctestimulator f\u00f6rdert gesunde Wurzeln und explosive Bl\u00fctenbildung \u2013 ideal f\u00fcr jede Wachstumsphase.\" \/>\n<meta name=\"robots\" content=\"index, follow, max-snippet:-1, max-image-preview:large, max-video-preview:-1\" \/>\n<link rel=\"canonical\" href=\"https:\/\/atami.com\/de\/produkt\/ata-xl\" \/>\n<meta property=\"og:locale\" content=\"de_DE\" \/>\n<meta property=\"og:type\" content=\"article\" \/>\n<meta property=\"og:title\" content=\"ATA-XL\" \/>\n<meta property=\"og:description\" content=\"Bringen Sie Ihre Pflanzen auf das n\u00e4chste Level mit ATA-XL! Der kraftvolle Wurzel- und Bl\u00fctestimulator f\u00f6rdert gesunde Wurzeln und explosive Bl\u00fctenbildung \u2013 ideal f\u00fcr jede Wachstumsphase.\" \/>\n<meta property=\"og:url\" content=\"https:\/\/atami.com\/de\/produkt\/ata-xl\" \/>\n<meta property=\"og:site_name\" content=\"Atami\" \/>\n<meta property=\"article:publisher\" content=\"https:\/\/www.facebook.com\/Atami.International\" \/>\n<meta property=\"article:modified_time\" content=\"2026-03-03T13:02:12+00:00\" \/>\n<meta property=\"og:image\" content=\"https:\/\/atami.com\/wp-content\/uploads\/2023\/02\/ATA-XL-Main-Image.webp\" \/>\n\t<meta property=\"og:image:width\" content=\"1080\" \/>\n\t<meta property=\"og:image:height\" content=\"1080\" \/>\n\t<meta property=\"og:image:type\" content=\"image\/webp\" \/>\n<meta name=\"twitter:card\" content=\"summary_large_image\" \/>\n<meta name=\"twitter:site\" content=\"@AtamiEU\" \/>\n<meta name=\"twitter:label1\" content=\"Gesch\u00e4tzte Lesezeit\" \/>\n\t<meta name=\"twitter:data1\" content=\"2\u00a0Minuten\" \/>\n<script type=\"application\/ld+json\" class=\"yoast-schema-graph\">{\"@context\":\"https:\\\/\\\/schema.org\",\"@graph\":[{\"@type\":\"WebPage\",\"@id\":\"https:\\\/\\\/atami.com\\\/de\\\/produkt\\\/ata-xl\",\"url\":\"https:\\\/\\\/atami.com\\\/de\\\/produkt\\\/ata-xl\",\"name\":\"ATA-XL \u2013 Der leistungsstarke Booster f\u00fcr Bl\u00fcte und Wurzelwachstum\",\"isPartOf\":{\"@id\":\"https:\\\/\\\/atami.com\\\/de#website\"},\"primaryImageOfPage\":{\"@id\":\"https:\\\/\\\/atami.com\\\/de\\\/produkt\\\/ata-xl#primaryimage\"},\"image\":{\"@id\":\"https:\\\/\\\/atami.com\\\/de\\\/produkt\\\/ata-xl#primaryimage\"},\"thumbnailUrl\":\"https:\\\/\\\/atami.com\\\/wp-content\\\/uploads\\\/2023\\\/02\\\/ATA-XL-Main-Image.webp\",\"datePublished\":\"2023-02-08T13:25:05+00:00\",\"dateModified\":\"2026-03-03T13:02:12+00:00\",\"description\":\"Bringen Sie Ihre Pflanzen auf das n\u00e4chste Level mit ATA-XL! Der kraftvolle Wurzel- und Bl\u00fctestimulator f\u00f6rdert gesunde Wurzeln und explosive Bl\u00fctenbildung \u2013 ideal f\u00fcr jede Wachstumsphase.\",\"breadcrumb\":{\"@id\":\"https:\\\/\\\/atami.com\\\/de\\\/produkt\\\/ata-xl#breadcrumb\"},\"inLanguage\":\"de\",\"potentialAction\":[{\"@type\":\"ReadAction\",\"target\":[\"https:\\\/\\\/atami.com\\\/de\\\/produkt\\\/ata-xl\"]}]},{\"@type\":\"ImageObject\",\"inLanguage\":\"de\",\"@id\":\"https:\\\/\\\/atami.com\\\/de\\\/produkt\\\/ata-xl#primaryimage\",\"url\":\"https:\\\/\\\/atami.com\\\/wp-content\\\/uploads\\\/2023\\\/02\\\/ATA-XL-Main-Image.webp\",\"contentUrl\":\"https:\\\/\\\/atami.com\\\/wp-content\\\/uploads\\\/2023\\\/02\\\/ATA-XL-Main-Image.webp\",\"width\":1080,\"height\":1080,\"caption\":\"ATA-XL f\u00f6rdert starke Wurzeln und erh\u00f6ht das Bl\u00fcten- und Fruchtvolumen durch seine einzigartige Mischung aus nat\u00fcrlichen Inhaltsstoffen.\"},{\"@type\":\"BreadcrumbList\",\"@id\":\"https:\\\/\\\/atami.com\\\/de\\\/produkt\\\/ata-xl#breadcrumb\",\"itemListElement\":[{\"@type\":\"ListItem\",\"position\":1,\"name\":\"Home\",\"item\":\"https:\\\/\\\/atami.com\\\/de\"},{\"@type\":\"ListItem\",\"position\":2,\"name\":\"Produkte\",\"item\":\"https:\\\/\\\/atami.com\\\/de\\\/shop\"},{\"@type\":\"ListItem\",\"position\":3,\"name\":\"D\u00fcngemittel\",\"item\":\"https:\\\/\\\/atami.com\\\/de\\\/produkt-kategorie\\\/dungemittel\"},{\"@type\":\"ListItem\",\"position\":4,\"name\":\"Stimulatoren\",\"item\":\"https:\\\/\\\/atami.com\\\/de\\\/produkt-kategorie\\\/dungemittel\\\/stimulatoren\"},{\"@type\":\"ListItem\",\"position\":5,\"name\":\"ATA-XL\"}]},{\"@type\":\"WebSite\",\"@id\":\"https:\\\/\\\/atami.com\\\/de#website\",\"url\":\"https:\\\/\\\/atami.com\\\/de\",\"name\":\"Atami\",\"description\":\"NATURALLY INNOVATING!\",\"publisher\":{\"@id\":\"https:\\\/\\\/atami.com\\\/de#organization\"},\"potentialAction\":[{\"@type\":\"SearchAction\",\"target\":{\"@type\":\"EntryPoint\",\"urlTemplate\":\"https:\\\/\\\/atami.com\\\/de?s={search_term_string}\"},\"query-input\":{\"@type\":\"PropertyValueSpecification\",\"valueRequired\":true,\"valueName\":\"search_term_string\"}}],\"inLanguage\":\"de\"},{\"@type\":\"Organization\",\"@id\":\"https:\\\/\\\/atami.com\\\/de#organization\",\"name\":\"Atami\",\"url\":\"https:\\\/\\\/atami.com\\\/de\",\"logo\":{\"@type\":\"ImageObject\",\"inLanguage\":\"de\",\"@id\":\"https:\\\/\\\/atami.com\\\/de#\\\/schema\\\/logo\\\/image\\\/\",\"url\":\"https:\\\/\\\/atami.com\\\/wp-content\\\/uploads\\\/2026\\\/01\\\/Atami-logo-696x696px.webp\",\"contentUrl\":\"https:\\\/\\\/atami.com\\\/wp-content\\\/uploads\\\/2026\\\/01\\\/Atami-logo-696x696px.webp\",\"width\":696,\"height\":696,\"caption\":\"Atami\"},\"image\":{\"@id\":\"https:\\\/\\\/atami.com\\\/de#\\\/schema\\\/logo\\\/image\\\/\"},\"sameAs\":[\"https:\\\/\\\/www.facebook.com\\\/Atami.International\",\"https:\\\/\\\/x.com\\\/AtamiEU\",\"https:\\\/\\\/www.youtube.com\\\/c\\\/AtamiInternational\",\"https:\\\/\\\/www.instagram.com\\\/atami.international\\\/\"],\"description\":\"ATAMI is a premium plant nutrition & substrate brand founded in 1997 with the mission to make exceptional cultivation achievable for everyone. From legacy to license, we offer a wide variety of innovating award-winning products to let cultivators achieve maximum results in taste & yield.\",\"email\":\"info@mginnovations.es\",\"legalName\":\"Atami\",\"numberOfEmployees\":{\"@type\":\"QuantitativeValue\",\"minValue\":\"11\",\"maxValue\":\"50\"}}]}<\/script>\n<!-- \/ Yoast SEO Premium plugin. -->","yoast_head_json":{"title":"ATA-XL \u2013 Der leistungsstarke Booster f\u00fcr Bl\u00fcte und Wurzelwachstum","description":"Bringen Sie Ihre Pflanzen auf das n\u00e4chste Level mit ATA-XL! Der kraftvolle Wurzel- und Bl\u00fctestimulator f\u00f6rdert gesunde Wurzeln und explosive Bl\u00fctenbildung \u2013 ideal f\u00fcr jede Wachstumsphase.","robots":{"index":"index","follow":"follow","max-snippet":"max-snippet:-1","max-image-preview":"max-image-preview:large","max-video-preview":"max-video-preview:-1"},"canonical":"https:\/\/atami.com\/de\/produkt\/ata-xl","og_locale":"de_DE","og_type":"article","og_title":"ATA-XL","og_description":"Bringen Sie Ihre Pflanzen auf das n\u00e4chste Level mit ATA-XL! Der kraftvolle Wurzel- und Bl\u00fctestimulator f\u00f6rdert gesunde Wurzeln und explosive Bl\u00fctenbildung \u2013 ideal f\u00fcr jede Wachstumsphase.","og_url":"https:\/\/atami.com\/de\/produkt\/ata-xl","og_site_name":"Atami","article_publisher":"https:\/\/www.facebook.com\/Atami.International","article_modified_time":"2026-03-03T13:02:12+00:00","og_image":[{"width":1080,"height":1080,"url":"https:\/\/atami.com\/wp-content\/uploads\/2023\/02\/ATA-XL-Main-Image.webp","type":"image\/webp"}],"twitter_card":"summary_large_image","twitter_site":"@AtamiEU","twitter_misc":{"Gesch\u00e4tzte Lesezeit":"2\u00a0Minuten"},"schema":{"@context":"https:\/\/schema.org","@graph":[{"@type":"WebPage","@id":"https:\/\/atami.com\/de\/produkt\/ata-xl","url":"https:\/\/atami.com\/de\/produkt\/ata-xl","name":"ATA-XL \u2013 Der leistungsstarke Booster f\u00fcr Bl\u00fcte und Wurzelwachstum","isPartOf":{"@id":"https:\/\/atami.com\/de#website"},"primaryImageOfPage":{"@id":"https:\/\/atami.com\/de\/produkt\/ata-xl#primaryimage"},"image":{"@id":"https:\/\/atami.com\/de\/produkt\/ata-xl#primaryimage"},"thumbnailUrl":"https:\/\/atami.com\/wp-content\/uploads\/2023\/02\/ATA-XL-Main-Image.webp","datePublished":"2023-02-08T13:25:05+00:00","dateModified":"2026-03-03T13:02:12+00:00","description":"Bringen Sie Ihre Pflanzen auf das n\u00e4chste Level mit ATA-XL! Der kraftvolle Wurzel- und Bl\u00fctestimulator f\u00f6rdert gesunde Wurzeln und explosive Bl\u00fctenbildung \u2013 ideal f\u00fcr jede Wachstumsphase.","breadcrumb":{"@id":"https:\/\/atami.com\/de\/produkt\/ata-xl#breadcrumb"},"inLanguage":"de","potentialAction":[{"@type":"ReadAction","target":["https:\/\/atami.com\/de\/produkt\/ata-xl"]}]},{"@type":"ImageObject","inLanguage":"de","@id":"https:\/\/atami.com\/de\/produkt\/ata-xl#primaryimage","url":"https:\/\/atami.com\/wp-content\/uploads\/2023\/02\/ATA-XL-Main-Image.webp","contentUrl":"https:\/\/atami.com\/wp-content\/uploads\/2023\/02\/ATA-XL-Main-Image.webp","width":1080,"height":1080,"caption":"ATA-XL f\u00f6rdert starke Wurzeln und erh\u00f6ht das Bl\u00fcten- und Fruchtvolumen durch seine einzigartige Mischung aus nat\u00fcrlichen Inhaltsstoffen."},{"@type":"BreadcrumbList","@id":"https:\/\/atami.com\/de\/produkt\/ata-xl#breadcrumb","itemListElement":[{"@type":"ListItem","position":1,"name":"Home","item":"https:\/\/atami.com\/de"},{"@type":"ListItem","position":2,"name":"Produkte","item":"https:\/\/atami.com\/de\/shop"},{"@type":"ListItem","position":3,"name":"D\u00fcngemittel","item":"https:\/\/atami.com\/de\/produkt-kategorie\/dungemittel"},{"@type":"ListItem","position":4,"name":"Stimulatoren","item":"https:\/\/atami.com\/de\/produkt-kategorie\/dungemittel\/stimulatoren"},{"@type":"ListItem","position":5,"name":"ATA-XL"}]},{"@type":"WebSite","@id":"https:\/\/atami.com\/de#website","url":"https:\/\/atami.com\/de","name":"Atami","description":"NATURALLY INNOVATING!","publisher":{"@id":"https:\/\/atami.com\/de#organization"},"potentialAction":[{"@type":"SearchAction","target":{"@type":"EntryPoint","urlTemplate":"https:\/\/atami.com\/de?s={search_term_string}"},"query-input":{"@type":"PropertyValueSpecification","valueRequired":true,"valueName":"search_term_string"}}],"inLanguage":"de"},{"@type":"Organization","@id":"https:\/\/atami.com\/de#organization","name":"Atami","url":"https:\/\/atami.com\/de","logo":{"@type":"ImageObject","inLanguage":"de","@id":"https:\/\/atami.com\/de#\/schema\/logo\/image\/","url":"https:\/\/atami.com\/wp-content\/uploads\/2026\/01\/Atami-logo-696x696px.webp","contentUrl":"https:\/\/atami.com\/wp-content\/uploads\/2026\/01\/Atami-logo-696x696px.webp","width":696,"height":696,"caption":"Atami"},"image":{"@id":"https:\/\/atami.com\/de#\/schema\/logo\/image\/"},"sameAs":["https:\/\/www.facebook.com\/Atami.International","https:\/\/x.com\/AtamiEU","https:\/\/www.youtube.com\/c\/AtamiInternational","https:\/\/www.instagram.com\/atami.international\/"],"description":"ATAMI is a premium plant nutrition & substrate brand founded in 1997 with the mission to make exceptional cultivation achievable for everyone. From legacy to license, we offer a wide variety of innovating award-winning products to let cultivators achieve maximum results in taste & yield.","email":"info@mginnovations.es","legalName":"Atami","numberOfEmployees":{"@type":"QuantitativeValue","minValue":"11","maxValue":"50"}}]}},"_links":{"self":[{"href":"https:\/\/atami.com\/de\/wp-json\/wp\/v2\/product\/21873","targetHints":{"allow":["GET"]}}],"collection":[{"href":"https:\/\/atami.com\/de\/wp-json\/wp\/v2\/product"}],"about":[{"href":"https:\/\/atami.com\/de\/wp-json\/wp\/v2\/types\/product"}],"replies":[{"embeddable":true,"href":"https:\/\/atami.com\/de\/wp-json\/wp\/v2\/comments?post=21873"}],"wp:featuredmedia":[{"embeddable":true,"href":"https:\/\/atami.com\/de\/wp-json\/wp\/v2\/media\/23807"}],"wp:attachment":[{"href":"https:\/\/atami.com\/de\/wp-json\/wp\/v2\/media?parent=21873"}],"wp:term":[{"taxonomy":"product_brand","embeddable":true,"href":"https:\/\/atami.com\/de\/wp-json\/wp\/v2\/product_brand?post=21873"},{"taxonomy":"product_cat","embeddable":true,"href":"https:\/\/atami.com\/de\/wp-json\/wp\/v2\/product_cat?post=21873"},{"taxonomy":"product_tag","embeddable":true,"href":"https:\/\/atami.com\/de\/wp-json\/wp\/v2\/product_tag?post=21873"}],"curies":[{"name":"wp","href":"https:\/\/api.w.org\/{rel}","templated":true}]}}