{"id":21871,"date":"2023-02-08T13:17:19","date_gmt":"2023-02-08T13:17:19","guid":{"rendered":"https:\/\/atami.com\/product\/ata-rootfast\/"},"modified":"2026-03-03T15:01:48","modified_gmt":"2026-03-03T13:01:48","slug":"ata-rootfast","status":"publish","type":"product","link":"https:\/\/atami.com\/de\/produkt\/ata-rootfast","title":{"rendered":"ATA Rootfast"},"content":{"rendered":"<p><strong>ATA Rootfast ist ein universeller Wurzelstimulator und besonders wichtig f\u00fcr eine gute und gesunde Entwicklung der Pflanze. Enth\u00e4lt im Gegensatz zu den meisten Wurzelstimulatoren ausgewogene NPK-Werte und einen hohen Anteil an Phosphor.<\/strong><\/p>\n<p>&nbsp;<\/p>\n<p>Dank ATA Rootfast kann die Pflanze mehr, gr\u00f6\u00dfere und st\u00e4rkere Wurzeln entwickeln. Dies ist w\u00e4hrend der ersten Wochen des Lebens der Pflanze besonders wichtig. Je mehr sich die Wurzeln verzweigen und je effektiver sie wachsen, desto widerstandsf\u00e4higer wird die Pflanze gegen Krankheiten und sch\u00e4dlichen Pilzbefall.<\/p>\n<p>&nbsp;<\/p>\n<p>Ein gr\u00f6\u00dferes Wurzelsystem hilft der Pflanze dabei, mehr Zellen zu bilden und s\u00e4mtliche N\u00e4hrstoffe leichter zu absorbieren. Wenn Dein Substrat nur wenig Phosphat enth\u00e4lt, passt die Pflanze ihr Wurzelsystem an und w\u00e4chst oberfl\u00e4chlicher. Dies f\u00fchrt letztendlich zu einem niedrigeren Ertrag. Bei Verwendung von ATA Rootfast passiert dies nicht.<\/p>\n<p>&nbsp;<\/p>\n<p><strong>BESONDERS GEEIGNET F\u00dcR<\/strong><br \/>\nATA Rootfast ist ein Universald\u00fcnger, der f\u00fcr verschiedene Obst-, Gem\u00fcse- und Kr\u00e4utersorten sowie Zierpflanzen wie z. B. Kartoffeln und S\u00fc\u00dfkartoffeln geeignet ist. Das Produkt kann auch f\u00fcr bl\u00fchende Zierpflanzen (z. B. Chrysanthemen, Tulpen, Traubenhyazinthen) verwendet werden. Die erforderliche Dosierung kann auf die Bed\u00fcrfnisse der jeweiligen Pflanze oder Kultur abgestimmt werden.<\/p>\n<p>&nbsp;<\/p>\n<p><strong>ANWENDUNG<\/strong><br \/>\nVerwende das Mittel in den Wochen 1 und 2 t\u00e4glich bei jedem Bew\u00e4sserungszyklus der Pflanze.<\/p>\n<p>&nbsp;<\/p>\n<p><strong>DOSIERUNG<\/strong><br \/>\n1 ml pro Liter Wasser\/N\u00e4hrstoffl\u00f6sung.<\/p>\n<p>&nbsp;<\/p>\n<p><strong>P 5 W\/W<\/strong><\/p>\n<p>&nbsp;<\/p>\n<p><strong>VERF\u00dcGBAR ALS 1<\/strong><strong>00 ML, 250 ML, 500 ML, 1 LITER, 5 LITER.<\/strong><\/p>\n","protected":false},"excerpt":{"rendered":"<p>Wurzelstimulator<\/p>\n<p>Starke und gut entwickelte Wurzeln<\/p>\n","protected":false},"featured_media":23777,"comment_status":"closed","ping_status":"closed","template":"","meta":{"_acf_changed":false,"iawp_total_views":94},"product_brand":[],"product_cat":[190,188],"product_tag":[],"class_list":{"0":"post-21871","1":"product","2":"type-product","3":"status-publish","4":"has-post-thumbnail","6":"product_cat-ata","7":"product_cat-stimulatoren","9":"first","10":"instock","11":"shipping-taxable","12":"product-type-simple"},"acf":{"short_description":"<p><strong>ATA Rootfast ist ein universeller Wurzelstimulator und besonders wichtig f\u00fcr eine gute und gesunde Entwicklung der Pflanze. Enth\u00e4lt im Gegensatz zu den meisten Wurzelstimulatoren ausgewogene NPK-Werte und einen hohen Anteil an Phosphor.<\/strong><\/p>\r\n<p>Dank ATA Rootfast kann die Pflanze mehr, gr\u00f6\u00dfere und st\u00e4rkere Wurzeln entwickeln. Dies ist w\u00e4hrend der ersten Wochen des Lebens der Pflanze besonders wichtig. Je mehr sich die Wurzeln verzweigen und je effektiver sie wachsen, desto widerstandsf\u00e4higer wird die Pflanze gegen Krankheiten und sch\u00e4dlichen Pilzbefall.<\/p>\r\n<p>Ein gr\u00f6\u00dferes Wurzelsystem hilft der Pflanze dabei, mehr Zellen zu bilden und s\u00e4mtliche N\u00e4hrstoffe leichter zu absorbieren. Wenn Dein Substrat nur wenig Phosphat enth\u00e4lt, passt die Pflanze ihr Wurzelsystem an und w\u00e4chst oberfl\u00e4chlicher. Dies f\u00fchrt letztendlich zu einem niedrigeren Ertrag. Bei Verwendung von ATA Rootfast passiert dies nicht.<\/p>","suitable_for":"<p>ATA Rootfast ist ein Universald\u00fcnger, der f\u00fcr verschiedene Obst-, Gem\u00fcse- und Kr\u00e4utersorten sowie Zierpflanzen wie z. B. Kartoffeln und S\u00fc\u00dfkartoffeln geeignet ist. Das Produkt kann auch f\u00fcr bl\u00fchende Zierpflanzen (z. B. Chrysanthemen, Tulpen, Traubenhyazinthen) verwendet werden. Die erforderliche Dosierung kann auf die Bed\u00fcrfnisse der jeweiligen Pflanze oder Kultur abgestimmt werden.<\/p>","application":"<p>Verwende das Mittel in den Wochen 1 und 2 t\u00e4glich bei jedem Bew\u00e4sserungszyklus der Pflanze.<\/p>","dosage":"<p>1 ml pro Liter Wasser\/N\u00e4hrstoffl\u00f6sung.<\/p>","npk_ratio":"<p>P 5 W\/W<\/p>","available_in":"<p>100 ML, 250 ML, 500 ML, 1 LITER, 5 LITER<\/p>","icon_1":1647,"icon_1_text":"HOHER PHOSPHOR-GEHALT","icon_2":1651,"icon_2_text":"VERBESSERT DIE WIDERSTANDSF\u00c4HIGKEIT GEGEN KRANKHEITEN UND SCHADPILZE","icon_3":1655,"icon_3_text":"STARKE, GESUNDE WURZELN","icon_4":"","icon_4_text":"","video":"https:\/\/youtu.be\/qCtdHSqcFoc","second_image":1643,"product_image_page":4049,"user_manual":"","new_icon_1":"","new_icon_2":"","new_icon_3":"","new_icon_4":"","grow_guides":"","category":"Stimulator"},"yoast_head":"<!-- This site is optimized with the Yoast SEO Premium plugin v27.5 (Yoast SEO v27.5) - https:\/\/yoast.com\/product\/yoast-seo-premium-wordpress\/ -->\n<title>ATA Rootfast \u2013 F\u00f6rdern Sie kr\u00e4ftige Wurzeln f\u00fcr gesunde Pflanzen<\/title>\n<meta name=\"description\" content=\"Verbessern Sie das Wurzelwachstum Ihrer Pflanzen mit ATA Rootfast. Dieses spezielle Wurzelstimulator-Produkt sorgt f\u00fcr kr\u00e4ftige Wurzeln und eine gesunde Pflanze.\" \/>\n<meta name=\"robots\" content=\"index, follow, max-snippet:-1, max-image-preview:large, max-video-preview:-1\" \/>\n<link rel=\"canonical\" href=\"https:\/\/atami.com\/de\/produkt\/ata-rootfast\" \/>\n<meta property=\"og:locale\" content=\"de_DE\" \/>\n<meta property=\"og:type\" content=\"article\" \/>\n<meta property=\"og:title\" content=\"ATA Rootfast\" \/>\n<meta property=\"og:description\" content=\"Verbessern Sie das Wurzelwachstum Ihrer Pflanzen mit ATA Rootfast. Dieses spezielle Wurzelstimulator-Produkt sorgt f\u00fcr kr\u00e4ftige Wurzeln und eine gesunde Pflanze.\" \/>\n<meta property=\"og:url\" content=\"https:\/\/atami.com\/de\/produkt\/ata-rootfast\" \/>\n<meta property=\"og:site_name\" content=\"Atami\" \/>\n<meta property=\"article:publisher\" content=\"https:\/\/www.facebook.com\/Atami.International\" \/>\n<meta property=\"article:modified_time\" content=\"2026-03-03T13:01:48+00:00\" \/>\n<meta property=\"og:image\" content=\"https:\/\/atami.com\/wp-content\/uploads\/2023\/02\/ATA-Rootfast-Main-Image.webp\" \/>\n\t<meta property=\"og:image:width\" content=\"1080\" \/>\n\t<meta property=\"og:image:height\" content=\"1080\" \/>\n\t<meta property=\"og:image:type\" content=\"image\/webp\" \/>\n<meta name=\"twitter:card\" content=\"summary_large_image\" \/>\n<meta name=\"twitter:site\" content=\"@AtamiEU\" \/>\n<meta name=\"twitter:label1\" content=\"Gesch\u00e4tzte Lesezeit\" \/>\n\t<meta name=\"twitter:data1\" content=\"2\u00a0Minuten\" \/>\n<script type=\"application\/ld+json\" class=\"yoast-schema-graph\">{\"@context\":\"https:\\\/\\\/schema.org\",\"@graph\":[{\"@type\":\"WebPage\",\"@id\":\"https:\\\/\\\/atami.com\\\/de\\\/produkt\\\/ata-rootfast\",\"url\":\"https:\\\/\\\/atami.com\\\/de\\\/produkt\\\/ata-rootfast\",\"name\":\"ATA Rootfast \u2013 F\u00f6rdern Sie kr\u00e4ftige Wurzeln f\u00fcr gesunde Pflanzen\",\"isPartOf\":{\"@id\":\"https:\\\/\\\/atami.com\\\/de#website\"},\"primaryImageOfPage\":{\"@id\":\"https:\\\/\\\/atami.com\\\/de\\\/produkt\\\/ata-rootfast#primaryimage\"},\"image\":{\"@id\":\"https:\\\/\\\/atami.com\\\/de\\\/produkt\\\/ata-rootfast#primaryimage\"},\"thumbnailUrl\":\"https:\\\/\\\/atami.com\\\/wp-content\\\/uploads\\\/2023\\\/02\\\/ATA-Rootfast-Main-Image.webp\",\"datePublished\":\"2023-02-08T13:17:19+00:00\",\"dateModified\":\"2026-03-03T13:01:48+00:00\",\"description\":\"Verbessern Sie das Wurzelwachstum Ihrer Pflanzen mit ATA Rootfast. Dieses spezielle Wurzelstimulator-Produkt sorgt f\u00fcr kr\u00e4ftige Wurzeln und eine gesunde Pflanze.\",\"breadcrumb\":{\"@id\":\"https:\\\/\\\/atami.com\\\/de\\\/produkt\\\/ata-rootfast#breadcrumb\"},\"inLanguage\":\"de\",\"potentialAction\":[{\"@type\":\"ReadAction\",\"target\":[\"https:\\\/\\\/atami.com\\\/de\\\/produkt\\\/ata-rootfast\"]}]},{\"@type\":\"ImageObject\",\"inLanguage\":\"de\",\"@id\":\"https:\\\/\\\/atami.com\\\/de\\\/produkt\\\/ata-rootfast#primaryimage\",\"url\":\"https:\\\/\\\/atami.com\\\/wp-content\\\/uploads\\\/2023\\\/02\\\/ATA-Rootfast-Main-Image.webp\",\"contentUrl\":\"https:\\\/\\\/atami.com\\\/wp-content\\\/uploads\\\/2023\\\/02\\\/ATA-Rootfast-Main-Image.webp\",\"width\":1080,\"height\":1080,\"caption\":\"ATA Rootfast verbessert die Wurzelverzweigung und -st\u00e4rke und erh\u00f6ht so die Widerstandsf\u00e4higkeit der Pflanzen gegen Krankheiten und sch\u00e4dliche Pilze.\"},{\"@type\":\"BreadcrumbList\",\"@id\":\"https:\\\/\\\/atami.com\\\/de\\\/produkt\\\/ata-rootfast#breadcrumb\",\"itemListElement\":[{\"@type\":\"ListItem\",\"position\":1,\"name\":\"Home\",\"item\":\"https:\\\/\\\/atami.com\\\/de\"},{\"@type\":\"ListItem\",\"position\":2,\"name\":\"Produkte\",\"item\":\"https:\\\/\\\/atami.com\\\/de\\\/shop\"},{\"@type\":\"ListItem\",\"position\":3,\"name\":\"D\u00fcngemittel\",\"item\":\"https:\\\/\\\/atami.com\\\/de\\\/produkt-kategorie\\\/dungemittel\"},{\"@type\":\"ListItem\",\"position\":4,\"name\":\"Stimulatoren\",\"item\":\"https:\\\/\\\/atami.com\\\/de\\\/produkt-kategorie\\\/dungemittel\\\/stimulatoren\"},{\"@type\":\"ListItem\",\"position\":5,\"name\":\"ATA Rootfast\"}]},{\"@type\":\"WebSite\",\"@id\":\"https:\\\/\\\/atami.com\\\/de#website\",\"url\":\"https:\\\/\\\/atami.com\\\/de\",\"name\":\"Atami\",\"description\":\"NATURALLY INNOVATING!\",\"publisher\":{\"@id\":\"https:\\\/\\\/atami.com\\\/de#organization\"},\"potentialAction\":[{\"@type\":\"SearchAction\",\"target\":{\"@type\":\"EntryPoint\",\"urlTemplate\":\"https:\\\/\\\/atami.com\\\/de?s={search_term_string}\"},\"query-input\":{\"@type\":\"PropertyValueSpecification\",\"valueRequired\":true,\"valueName\":\"search_term_string\"}}],\"inLanguage\":\"de\"},{\"@type\":\"Organization\",\"@id\":\"https:\\\/\\\/atami.com\\\/de#organization\",\"name\":\"Atami\",\"url\":\"https:\\\/\\\/atami.com\\\/de\",\"logo\":{\"@type\":\"ImageObject\",\"inLanguage\":\"de\",\"@id\":\"https:\\\/\\\/atami.com\\\/de#\\\/schema\\\/logo\\\/image\\\/\",\"url\":\"https:\\\/\\\/atami.com\\\/wp-content\\\/uploads\\\/2026\\\/01\\\/Atami-logo-696x696px.webp\",\"contentUrl\":\"https:\\\/\\\/atami.com\\\/wp-content\\\/uploads\\\/2026\\\/01\\\/Atami-logo-696x696px.webp\",\"width\":696,\"height\":696,\"caption\":\"Atami\"},\"image\":{\"@id\":\"https:\\\/\\\/atami.com\\\/de#\\\/schema\\\/logo\\\/image\\\/\"},\"sameAs\":[\"https:\\\/\\\/www.facebook.com\\\/Atami.International\",\"https:\\\/\\\/x.com\\\/AtamiEU\",\"https:\\\/\\\/www.youtube.com\\\/c\\\/AtamiInternational\",\"https:\\\/\\\/www.instagram.com\\\/atami.international\\\/\"],\"description\":\"ATAMI is a premium plant nutrition & substrate brand founded in 1997 with the mission to make exceptional cultivation achievable for everyone. From legacy to license, we offer a wide variety of innovating award-winning products to let cultivators achieve maximum results in taste & yield.\",\"email\":\"info@mginnovations.es\",\"legalName\":\"Atami\",\"numberOfEmployees\":{\"@type\":\"QuantitativeValue\",\"minValue\":\"11\",\"maxValue\":\"50\"}}]}<\/script>\n<!-- \/ Yoast SEO Premium plugin. -->","yoast_head_json":{"title":"ATA Rootfast \u2013 F\u00f6rdern Sie kr\u00e4ftige Wurzeln f\u00fcr gesunde Pflanzen","description":"Verbessern Sie das Wurzelwachstum Ihrer Pflanzen mit ATA Rootfast. Dieses spezielle Wurzelstimulator-Produkt sorgt f\u00fcr kr\u00e4ftige Wurzeln und eine gesunde Pflanze.","robots":{"index":"index","follow":"follow","max-snippet":"max-snippet:-1","max-image-preview":"max-image-preview:large","max-video-preview":"max-video-preview:-1"},"canonical":"https:\/\/atami.com\/de\/produkt\/ata-rootfast","og_locale":"de_DE","og_type":"article","og_title":"ATA Rootfast","og_description":"Verbessern Sie das Wurzelwachstum Ihrer Pflanzen mit ATA Rootfast. Dieses spezielle Wurzelstimulator-Produkt sorgt f\u00fcr kr\u00e4ftige Wurzeln und eine gesunde Pflanze.","og_url":"https:\/\/atami.com\/de\/produkt\/ata-rootfast","og_site_name":"Atami","article_publisher":"https:\/\/www.facebook.com\/Atami.International","article_modified_time":"2026-03-03T13:01:48+00:00","og_image":[{"width":1080,"height":1080,"url":"https:\/\/atami.com\/wp-content\/uploads\/2023\/02\/ATA-Rootfast-Main-Image.webp","type":"image\/webp"}],"twitter_card":"summary_large_image","twitter_site":"@AtamiEU","twitter_misc":{"Gesch\u00e4tzte Lesezeit":"2\u00a0Minuten"},"schema":{"@context":"https:\/\/schema.org","@graph":[{"@type":"WebPage","@id":"https:\/\/atami.com\/de\/produkt\/ata-rootfast","url":"https:\/\/atami.com\/de\/produkt\/ata-rootfast","name":"ATA Rootfast \u2013 F\u00f6rdern Sie kr\u00e4ftige Wurzeln f\u00fcr gesunde Pflanzen","isPartOf":{"@id":"https:\/\/atami.com\/de#website"},"primaryImageOfPage":{"@id":"https:\/\/atami.com\/de\/produkt\/ata-rootfast#primaryimage"},"image":{"@id":"https:\/\/atami.com\/de\/produkt\/ata-rootfast#primaryimage"},"thumbnailUrl":"https:\/\/atami.com\/wp-content\/uploads\/2023\/02\/ATA-Rootfast-Main-Image.webp","datePublished":"2023-02-08T13:17:19+00:00","dateModified":"2026-03-03T13:01:48+00:00","description":"Verbessern Sie das Wurzelwachstum Ihrer Pflanzen mit ATA Rootfast. Dieses spezielle Wurzelstimulator-Produkt sorgt f\u00fcr kr\u00e4ftige Wurzeln und eine gesunde Pflanze.","breadcrumb":{"@id":"https:\/\/atami.com\/de\/produkt\/ata-rootfast#breadcrumb"},"inLanguage":"de","potentialAction":[{"@type":"ReadAction","target":["https:\/\/atami.com\/de\/produkt\/ata-rootfast"]}]},{"@type":"ImageObject","inLanguage":"de","@id":"https:\/\/atami.com\/de\/produkt\/ata-rootfast#primaryimage","url":"https:\/\/atami.com\/wp-content\/uploads\/2023\/02\/ATA-Rootfast-Main-Image.webp","contentUrl":"https:\/\/atami.com\/wp-content\/uploads\/2023\/02\/ATA-Rootfast-Main-Image.webp","width":1080,"height":1080,"caption":"ATA Rootfast verbessert die Wurzelverzweigung und -st\u00e4rke und erh\u00f6ht so die Widerstandsf\u00e4higkeit der Pflanzen gegen Krankheiten und sch\u00e4dliche Pilze."},{"@type":"BreadcrumbList","@id":"https:\/\/atami.com\/de\/produkt\/ata-rootfast#breadcrumb","itemListElement":[{"@type":"ListItem","position":1,"name":"Home","item":"https:\/\/atami.com\/de"},{"@type":"ListItem","position":2,"name":"Produkte","item":"https:\/\/atami.com\/de\/shop"},{"@type":"ListItem","position":3,"name":"D\u00fcngemittel","item":"https:\/\/atami.com\/de\/produkt-kategorie\/dungemittel"},{"@type":"ListItem","position":4,"name":"Stimulatoren","item":"https:\/\/atami.com\/de\/produkt-kategorie\/dungemittel\/stimulatoren"},{"@type":"ListItem","position":5,"name":"ATA Rootfast"}]},{"@type":"WebSite","@id":"https:\/\/atami.com\/de#website","url":"https:\/\/atami.com\/de","name":"Atami","description":"NATURALLY INNOVATING!","publisher":{"@id":"https:\/\/atami.com\/de#organization"},"potentialAction":[{"@type":"SearchAction","target":{"@type":"EntryPoint","urlTemplate":"https:\/\/atami.com\/de?s={search_term_string}"},"query-input":{"@type":"PropertyValueSpecification","valueRequired":true,"valueName":"search_term_string"}}],"inLanguage":"de"},{"@type":"Organization","@id":"https:\/\/atami.com\/de#organization","name":"Atami","url":"https:\/\/atami.com\/de","logo":{"@type":"ImageObject","inLanguage":"de","@id":"https:\/\/atami.com\/de#\/schema\/logo\/image\/","url":"https:\/\/atami.com\/wp-content\/uploads\/2026\/01\/Atami-logo-696x696px.webp","contentUrl":"https:\/\/atami.com\/wp-content\/uploads\/2026\/01\/Atami-logo-696x696px.webp","width":696,"height":696,"caption":"Atami"},"image":{"@id":"https:\/\/atami.com\/de#\/schema\/logo\/image\/"},"sameAs":["https:\/\/www.facebook.com\/Atami.International","https:\/\/x.com\/AtamiEU","https:\/\/www.youtube.com\/c\/AtamiInternational","https:\/\/www.instagram.com\/atami.international\/"],"description":"ATAMI is a premium plant nutrition & substrate brand founded in 1997 with the mission to make exceptional cultivation achievable for everyone. From legacy to license, we offer a wide variety of innovating award-winning products to let cultivators achieve maximum results in taste & yield.","email":"info@mginnovations.es","legalName":"Atami","numberOfEmployees":{"@type":"QuantitativeValue","minValue":"11","maxValue":"50"}}]}},"_links":{"self":[{"href":"https:\/\/atami.com\/de\/wp-json\/wp\/v2\/product\/21871","targetHints":{"allow":["GET"]}}],"collection":[{"href":"https:\/\/atami.com\/de\/wp-json\/wp\/v2\/product"}],"about":[{"href":"https:\/\/atami.com\/de\/wp-json\/wp\/v2\/types\/product"}],"replies":[{"embeddable":true,"href":"https:\/\/atami.com\/de\/wp-json\/wp\/v2\/comments?post=21871"}],"wp:featuredmedia":[{"embeddable":true,"href":"https:\/\/atami.com\/de\/wp-json\/wp\/v2\/media\/23777"}],"wp:attachment":[{"href":"https:\/\/atami.com\/de\/wp-json\/wp\/v2\/media?parent=21871"}],"wp:term":[{"taxonomy":"product_brand","embeddable":true,"href":"https:\/\/atami.com\/de\/wp-json\/wp\/v2\/product_brand?post=21871"},{"taxonomy":"product_cat","embeddable":true,"href":"https:\/\/atami.com\/de\/wp-json\/wp\/v2\/product_cat?post=21871"},{"taxonomy":"product_tag","embeddable":true,"href":"https:\/\/atami.com\/de\/wp-json\/wp\/v2\/product_tag?post=21871"}],"curies":[{"name":"wp","href":"https:\/\/api.w.org\/{rel}","templated":true}]}}