{"id":21867,"date":"2023-02-07T14:34:34","date_gmt":"2023-02-07T14:34:34","guid":{"rendered":"https:\/\/atami.com\/product\/ata-terra-leaves\/"},"modified":"2026-03-03T15:00:46","modified_gmt":"2026-03-03T13:00:46","slug":"ata-terra-leaves","status":"publish","type":"product","link":"https:\/\/atami.com\/de\/produkt\/ata-terra-leaves","title":{"rendered":"ATA Terra Leaves"},"content":{"rendered":"<p><strong>ATA Terra Leaves ist ein universeller Grundn\u00e4hrstoff, der w\u00e4hrend des Wachstumszyklus der Pflanze angewendet wird und speziell f\u00fcr den Anbau in Erde formuliert ist. Deshalb wurde diesem Pflanzend\u00fcnger kein Kalzium zugesetzt, da dieses bereits von Natur aus ausreichend in Erdsubstraten vorhanden ist.<\/strong><\/p>\n<p>&nbsp;<\/p>\n<p>Da Erde neben Kalzium von Natur aus viele N\u00e4hrstoffe enth\u00e4lt und auch in einem gewissen Ma\u00df in der Lage ist, N\u00e4hrstoffe zu binden, wurden die NPK-Werte in ATA Terra Leaves relativ niedrig gehalten, um eine m\u00f6gliche \u00dcberd\u00fcngung zu verhindern. ATA Terra Leaves unterst\u00fctzt die Pflanze beim Ausbilden von starken, vitalen \u00c4sten und l\u00e4sst die Pflanze stetig gr\u00f6\u00dfer werden. Es stimuliert die Bildung von Chlorophyll.<\/p>\n<p>&nbsp;<\/p>\n<p><strong>BESONDERS GEEIGNET F\u00dcR<\/strong><br \/>\nVerschiedene Gem\u00fcsesorten, Fr\u00fcchte und Kr\u00e4uter wie Spinat, Salbei und Blattsalat. Das Produkt kann auch f\u00fcr Zimmer- und Topfpflanzen (z. B. Hortensien, Heidekrautstr\u00e4ucher usw.) verwendet werden. Die erforderliche Dosierung kann auf die Bed\u00fcrfnisse der jeweiligen Pflanze oder Kultur abgestimmt werden.<\/p>\n<p>&nbsp;<\/p>\n<p><strong>ANWENDUNG<\/strong><br \/>\nDirekt wasserl\u00f6slich und leicht von der Pflanze absorbierbar. Besonders geeignet f\u00fcr leicht kalkhaltige (Topf-)Erde.<\/p>\n<p>&nbsp;<\/p>\n<p><strong>DOSIERUNG<\/strong><br \/>\n1\u20135 ml pro Liter N\u00e4hrstoffl\u00f6sung\/Wasser. Geeignet f\u00fcr alle Bew\u00e4sserungssysteme.<\/p>\n<p>&nbsp;<\/p>\n<p><strong>NPK 2-1-3 W\/W<\/strong><\/p>\n<p>&nbsp;<\/p>\n<p><strong>VERF\u00dcGBAR ALS 250 ML, 1 LITER, 5 LITER UND 10 LITER<\/strong><\/p>\n","protected":false},"excerpt":{"rendered":"<p>Wachstumsphase<\/p>\n<p>Boden<\/p>\n","protected":false},"featured_media":23690,"comment_status":"closed","ping_status":"closed","template":"","meta":{"_acf_changed":false,"iawp_total_views":176},"product_brand":[],"product_cat":[190,191],"product_tag":[],"class_list":{"0":"post-21867","1":"product","2":"type-product","3":"status-publish","4":"has-post-thumbnail","6":"product_cat-ata","7":"product_cat-grundnahrstoffe","9":"first","10":"instock","11":"shipping-taxable","12":"product-type-simple"},"acf":{"short_description":"<p><strong>ATA Terra Leaves ist ein universeller Grundn\u00e4hrstoff, der w\u00e4hrend des Wachstumszyklus der Pflanze angewendet wird und speziell f\u00fcr den Anbau in Erde formuliert ist. Deshalb wurde diesem Pflanzend\u00fcnger kein Kalzium zugesetzt, da dieses bereits von Natur aus ausreichend in Erdsubstraten vorhanden ist.<\/strong><\/p>\r\n<p>Da Erde neben Kalzium von Natur aus viele N\u00e4hrstoffe enth\u00e4lt und auch in einem gewissen Ma\u00df in der Lage ist, N\u00e4hrstoffe zu binden, wurden die NPK-Werte in ATA Terra Leaves relativ niedrig gehalten, um eine m\u00f6gliche \u00dcberd\u00fcngung zu verhindern. ATA Terra Leaves unterst\u00fctzt die Pflanze beim Ausbilden von starken, vitalen \u00c4sten und l\u00e4sst die Pflanze stetig gr\u00f6\u00dfer werden. Es stimuliert die Bildung von Chlorophyll.<\/p>","suitable_for":"<p>Verschiedene Gem\u00fcsesorten, Fr\u00fcchte und Kr\u00e4uter wie Spinat, Salbei und Blattsalat. Das Produkt kann auch f\u00fcr Zimmer- und Topfpflanzen (z. B. Hortensien, Heidekrautstr\u00e4ucher usw.) verwendet werden. Die erforderliche Dosierung kann auf die Bed\u00fcrfnisse der jeweiligen Pflanze oder Kultur abgestimmt werden.<\/p>","application":"<p>Direkt wasserl\u00f6slich und leicht von der Pflanze absorbierbar. Besonders geeignet f\u00fcr leicht kalkhaltige (Topf-)Erde.<\/p>","dosage":"<p>1\u20135 ml pro Liter N\u00e4hrstoffl\u00f6sung\/Wasser. Geeignet f\u00fcr alle Bew\u00e4sserungssysteme.<\/p>","npk_ratio":"<p>NPK 2-1-3 W\/W<\/p>","available_in":"<p>250 ML, 1 LITER, 5 LITER UND 10 LITER<\/p>","icon_1":1356,"icon_1_text":"STIMULIERT DIE BILDUNG VON CHLOROPHYLL","icon_2":1360,"icon_2_text":"GARANTIERT OPTIMALES WACHSTUM","icon_3":1364,"icon_3_text":"GEEIGNET F\u00dcR ALLE BEW\u00c4SSERUNGSSYSTEME","icon_4":"","icon_4_text":"","video":"","second_image":1346,"product_image_page":4028,"user_manual":"","new_icon_1":"","new_icon_2":"","new_icon_3":"","new_icon_4":"","grow_guides":"","category":"Basisn\u00e4hrstoff"},"yoast_head":"<!-- This site is optimized with the Yoast SEO Premium plugin v27.5 (Yoast SEO v27.5) - https:\/\/yoast.com\/product\/yoast-seo-premium-wordpress\/ -->\n<title>ATA Terra Leaves \u2013 Der perfekte D\u00fcnger f\u00fcr gesunde Pflanzen<\/title>\n<meta name=\"description\" content=\"ATA Terra Leaves ist der ideale D\u00fcnger f\u00fcr kr\u00e4ftige, gr\u00fcne Pflanzen. Entdecken Sie die Vorteile dieses hochwertigen Produkts und wie es das Wachstum Ihrer Pflanzen unterst\u00fctzt.\" \/>\n<meta name=\"robots\" content=\"index, follow, max-snippet:-1, max-image-preview:large, max-video-preview:-1\" \/>\n<link rel=\"canonical\" href=\"https:\/\/atami.com\/de\/produkt\/ata-terra-leaves\" \/>\n<meta property=\"og:locale\" content=\"de_DE\" \/>\n<meta property=\"og:type\" content=\"article\" \/>\n<meta property=\"og:title\" content=\"ATA Terra Leaves\" \/>\n<meta property=\"og:description\" content=\"ATA Terra Leaves ist der ideale D\u00fcnger f\u00fcr kr\u00e4ftige, gr\u00fcne Pflanzen. Entdecken Sie die Vorteile dieses hochwertigen Produkts und wie es das Wachstum Ihrer Pflanzen unterst\u00fctzt.\" \/>\n<meta property=\"og:url\" content=\"https:\/\/atami.com\/de\/produkt\/ata-terra-leaves\" \/>\n<meta property=\"og:site_name\" content=\"Atami\" \/>\n<meta property=\"article:publisher\" content=\"https:\/\/www.facebook.com\/Atami.International\" \/>\n<meta property=\"article:modified_time\" content=\"2026-03-03T13:00:46+00:00\" \/>\n<meta property=\"og:image\" content=\"https:\/\/atami.com\/wp-content\/uploads\/2023\/02\/ATA-Terra-Leaves-Main-Image.webp\" \/>\n\t<meta property=\"og:image:width\" content=\"1080\" \/>\n\t<meta property=\"og:image:height\" content=\"1080\" \/>\n\t<meta property=\"og:image:type\" content=\"image\/webp\" \/>\n<meta name=\"twitter:card\" content=\"summary_large_image\" \/>\n<meta name=\"twitter:site\" content=\"@AtamiEU\" \/>\n<meta name=\"twitter:label1\" content=\"Gesch\u00e4tzte Lesezeit\" \/>\n\t<meta name=\"twitter:data1\" content=\"2\u00a0Minuten\" \/>\n<script type=\"application\/ld+json\" class=\"yoast-schema-graph\">{\"@context\":\"https:\\\/\\\/schema.org\",\"@graph\":[{\"@type\":\"WebPage\",\"@id\":\"https:\\\/\\\/atami.com\\\/de\\\/produkt\\\/ata-terra-leaves\",\"url\":\"https:\\\/\\\/atami.com\\\/de\\\/produkt\\\/ata-terra-leaves\",\"name\":\"ATA Terra Leaves \u2013 Der perfekte D\u00fcnger f\u00fcr gesunde Pflanzen\",\"isPartOf\":{\"@id\":\"https:\\\/\\\/atami.com\\\/de#website\"},\"primaryImageOfPage\":{\"@id\":\"https:\\\/\\\/atami.com\\\/de\\\/produkt\\\/ata-terra-leaves#primaryimage\"},\"image\":{\"@id\":\"https:\\\/\\\/atami.com\\\/de\\\/produkt\\\/ata-terra-leaves#primaryimage\"},\"thumbnailUrl\":\"https:\\\/\\\/atami.com\\\/wp-content\\\/uploads\\\/2023\\\/02\\\/ATA-Terra-Leaves-Main-Image.webp\",\"datePublished\":\"2023-02-07T14:34:34+00:00\",\"dateModified\":\"2026-03-03T13:00:46+00:00\",\"description\":\"ATA Terra Leaves ist der ideale D\u00fcnger f\u00fcr kr\u00e4ftige, gr\u00fcne Pflanzen. Entdecken Sie die Vorteile dieses hochwertigen Produkts und wie es das Wachstum Ihrer Pflanzen unterst\u00fctzt.\",\"breadcrumb\":{\"@id\":\"https:\\\/\\\/atami.com\\\/de\\\/produkt\\\/ata-terra-leaves#breadcrumb\"},\"inLanguage\":\"de\",\"potentialAction\":[{\"@type\":\"ReadAction\",\"target\":[\"https:\\\/\\\/atami.com\\\/de\\\/produkt\\\/ata-terra-leaves\"]}]},{\"@type\":\"ImageObject\",\"inLanguage\":\"de\",\"@id\":\"https:\\\/\\\/atami.com\\\/de\\\/produkt\\\/ata-terra-leaves#primaryimage\",\"url\":\"https:\\\/\\\/atami.com\\\/wp-content\\\/uploads\\\/2023\\\/02\\\/ATA-Terra-Leaves-Main-Image.webp\",\"contentUrl\":\"https:\\\/\\\/atami.com\\\/wp-content\\\/uploads\\\/2023\\\/02\\\/ATA-Terra-Leaves-Main-Image.webp\",\"width\":1080,\"height\":1080,\"caption\":\"ATA Terra Leaves stimuliert die Produktion von Chlorophyll und f\u00f6rdert so starke, vitale Zweige und ein stetiges Pflanzenwachstum.\"},{\"@type\":\"BreadcrumbList\",\"@id\":\"https:\\\/\\\/atami.com\\\/de\\\/produkt\\\/ata-terra-leaves#breadcrumb\",\"itemListElement\":[{\"@type\":\"ListItem\",\"position\":1,\"name\":\"Home\",\"item\":\"https:\\\/\\\/atami.com\\\/de\"},{\"@type\":\"ListItem\",\"position\":2,\"name\":\"Produkte\",\"item\":\"https:\\\/\\\/atami.com\\\/de\\\/shop\"},{\"@type\":\"ListItem\",\"position\":3,\"name\":\"D\u00fcngemittel\",\"item\":\"https:\\\/\\\/atami.com\\\/de\\\/produkt-kategorie\\\/dungemittel\"},{\"@type\":\"ListItem\",\"position\":4,\"name\":\"Grundn\u00e4hrstoffe\",\"item\":\"https:\\\/\\\/atami.com\\\/de\\\/produkt-kategorie\\\/dungemittel\\\/grundnahrstoffe\"},{\"@type\":\"ListItem\",\"position\":5,\"name\":\"ATA Terra Leaves\"}]},{\"@type\":\"WebSite\",\"@id\":\"https:\\\/\\\/atami.com\\\/de#website\",\"url\":\"https:\\\/\\\/atami.com\\\/de\",\"name\":\"Atami\",\"description\":\"NATURALLY INNOVATING!\",\"publisher\":{\"@id\":\"https:\\\/\\\/atami.com\\\/de#organization\"},\"potentialAction\":[{\"@type\":\"SearchAction\",\"target\":{\"@type\":\"EntryPoint\",\"urlTemplate\":\"https:\\\/\\\/atami.com\\\/de?s={search_term_string}\"},\"query-input\":{\"@type\":\"PropertyValueSpecification\",\"valueRequired\":true,\"valueName\":\"search_term_string\"}}],\"inLanguage\":\"de\"},{\"@type\":\"Organization\",\"@id\":\"https:\\\/\\\/atami.com\\\/de#organization\",\"name\":\"Atami\",\"url\":\"https:\\\/\\\/atami.com\\\/de\",\"logo\":{\"@type\":\"ImageObject\",\"inLanguage\":\"de\",\"@id\":\"https:\\\/\\\/atami.com\\\/de#\\\/schema\\\/logo\\\/image\\\/\",\"url\":\"https:\\\/\\\/atami.com\\\/wp-content\\\/uploads\\\/2026\\\/01\\\/Atami-logo-696x696px.webp\",\"contentUrl\":\"https:\\\/\\\/atami.com\\\/wp-content\\\/uploads\\\/2026\\\/01\\\/Atami-logo-696x696px.webp\",\"width\":696,\"height\":696,\"caption\":\"Atami\"},\"image\":{\"@id\":\"https:\\\/\\\/atami.com\\\/de#\\\/schema\\\/logo\\\/image\\\/\"},\"sameAs\":[\"https:\\\/\\\/www.facebook.com\\\/Atami.International\",\"https:\\\/\\\/x.com\\\/AtamiEU\",\"https:\\\/\\\/www.youtube.com\\\/c\\\/AtamiInternational\",\"https:\\\/\\\/www.instagram.com\\\/atami.international\\\/\"],\"description\":\"ATAMI is a premium plant nutrition & substrate brand founded in 1997 with the mission to make exceptional cultivation achievable for everyone. From legacy to license, we offer a wide variety of innovating award-winning products to let cultivators achieve maximum results in taste & yield.\",\"email\":\"info@mginnovations.es\",\"legalName\":\"Atami\",\"numberOfEmployees\":{\"@type\":\"QuantitativeValue\",\"minValue\":\"11\",\"maxValue\":\"50\"}}]}<\/script>\n<!-- \/ Yoast SEO Premium plugin. -->","yoast_head_json":{"title":"ATA Terra Leaves \u2013 Der perfekte D\u00fcnger f\u00fcr gesunde Pflanzen","description":"ATA Terra Leaves ist der ideale D\u00fcnger f\u00fcr kr\u00e4ftige, gr\u00fcne Pflanzen. Entdecken Sie die Vorteile dieses hochwertigen Produkts und wie es das Wachstum Ihrer Pflanzen unterst\u00fctzt.","robots":{"index":"index","follow":"follow","max-snippet":"max-snippet:-1","max-image-preview":"max-image-preview:large","max-video-preview":"max-video-preview:-1"},"canonical":"https:\/\/atami.com\/de\/produkt\/ata-terra-leaves","og_locale":"de_DE","og_type":"article","og_title":"ATA Terra Leaves","og_description":"ATA Terra Leaves ist der ideale D\u00fcnger f\u00fcr kr\u00e4ftige, gr\u00fcne Pflanzen. Entdecken Sie die Vorteile dieses hochwertigen Produkts und wie es das Wachstum Ihrer Pflanzen unterst\u00fctzt.","og_url":"https:\/\/atami.com\/de\/produkt\/ata-terra-leaves","og_site_name":"Atami","article_publisher":"https:\/\/www.facebook.com\/Atami.International","article_modified_time":"2026-03-03T13:00:46+00:00","og_image":[{"width":1080,"height":1080,"url":"https:\/\/atami.com\/wp-content\/uploads\/2023\/02\/ATA-Terra-Leaves-Main-Image.webp","type":"image\/webp"}],"twitter_card":"summary_large_image","twitter_site":"@AtamiEU","twitter_misc":{"Gesch\u00e4tzte Lesezeit":"2\u00a0Minuten"},"schema":{"@context":"https:\/\/schema.org","@graph":[{"@type":"WebPage","@id":"https:\/\/atami.com\/de\/produkt\/ata-terra-leaves","url":"https:\/\/atami.com\/de\/produkt\/ata-terra-leaves","name":"ATA Terra Leaves \u2013 Der perfekte D\u00fcnger f\u00fcr gesunde Pflanzen","isPartOf":{"@id":"https:\/\/atami.com\/de#website"},"primaryImageOfPage":{"@id":"https:\/\/atami.com\/de\/produkt\/ata-terra-leaves#primaryimage"},"image":{"@id":"https:\/\/atami.com\/de\/produkt\/ata-terra-leaves#primaryimage"},"thumbnailUrl":"https:\/\/atami.com\/wp-content\/uploads\/2023\/02\/ATA-Terra-Leaves-Main-Image.webp","datePublished":"2023-02-07T14:34:34+00:00","dateModified":"2026-03-03T13:00:46+00:00","description":"ATA Terra Leaves ist der ideale D\u00fcnger f\u00fcr kr\u00e4ftige, gr\u00fcne Pflanzen. Entdecken Sie die Vorteile dieses hochwertigen Produkts und wie es das Wachstum Ihrer Pflanzen unterst\u00fctzt.","breadcrumb":{"@id":"https:\/\/atami.com\/de\/produkt\/ata-terra-leaves#breadcrumb"},"inLanguage":"de","potentialAction":[{"@type":"ReadAction","target":["https:\/\/atami.com\/de\/produkt\/ata-terra-leaves"]}]},{"@type":"ImageObject","inLanguage":"de","@id":"https:\/\/atami.com\/de\/produkt\/ata-terra-leaves#primaryimage","url":"https:\/\/atami.com\/wp-content\/uploads\/2023\/02\/ATA-Terra-Leaves-Main-Image.webp","contentUrl":"https:\/\/atami.com\/wp-content\/uploads\/2023\/02\/ATA-Terra-Leaves-Main-Image.webp","width":1080,"height":1080,"caption":"ATA Terra Leaves stimuliert die Produktion von Chlorophyll und f\u00f6rdert so starke, vitale Zweige und ein stetiges Pflanzenwachstum."},{"@type":"BreadcrumbList","@id":"https:\/\/atami.com\/de\/produkt\/ata-terra-leaves#breadcrumb","itemListElement":[{"@type":"ListItem","position":1,"name":"Home","item":"https:\/\/atami.com\/de"},{"@type":"ListItem","position":2,"name":"Produkte","item":"https:\/\/atami.com\/de\/shop"},{"@type":"ListItem","position":3,"name":"D\u00fcngemittel","item":"https:\/\/atami.com\/de\/produkt-kategorie\/dungemittel"},{"@type":"ListItem","position":4,"name":"Grundn\u00e4hrstoffe","item":"https:\/\/atami.com\/de\/produkt-kategorie\/dungemittel\/grundnahrstoffe"},{"@type":"ListItem","position":5,"name":"ATA Terra Leaves"}]},{"@type":"WebSite","@id":"https:\/\/atami.com\/de#website","url":"https:\/\/atami.com\/de","name":"Atami","description":"NATURALLY INNOVATING!","publisher":{"@id":"https:\/\/atami.com\/de#organization"},"potentialAction":[{"@type":"SearchAction","target":{"@type":"EntryPoint","urlTemplate":"https:\/\/atami.com\/de?s={search_term_string}"},"query-input":{"@type":"PropertyValueSpecification","valueRequired":true,"valueName":"search_term_string"}}],"inLanguage":"de"},{"@type":"Organization","@id":"https:\/\/atami.com\/de#organization","name":"Atami","url":"https:\/\/atami.com\/de","logo":{"@type":"ImageObject","inLanguage":"de","@id":"https:\/\/atami.com\/de#\/schema\/logo\/image\/","url":"https:\/\/atami.com\/wp-content\/uploads\/2026\/01\/Atami-logo-696x696px.webp","contentUrl":"https:\/\/atami.com\/wp-content\/uploads\/2026\/01\/Atami-logo-696x696px.webp","width":696,"height":696,"caption":"Atami"},"image":{"@id":"https:\/\/atami.com\/de#\/schema\/logo\/image\/"},"sameAs":["https:\/\/www.facebook.com\/Atami.International","https:\/\/x.com\/AtamiEU","https:\/\/www.youtube.com\/c\/AtamiInternational","https:\/\/www.instagram.com\/atami.international\/"],"description":"ATAMI is a premium plant nutrition & substrate brand founded in 1997 with the mission to make exceptional cultivation achievable for everyone. From legacy to license, we offer a wide variety of innovating award-winning products to let cultivators achieve maximum results in taste & yield.","email":"info@mginnovations.es","legalName":"Atami","numberOfEmployees":{"@type":"QuantitativeValue","minValue":"11","maxValue":"50"}}]}},"_links":{"self":[{"href":"https:\/\/atami.com\/de\/wp-json\/wp\/v2\/product\/21867","targetHints":{"allow":["GET"]}}],"collection":[{"href":"https:\/\/atami.com\/de\/wp-json\/wp\/v2\/product"}],"about":[{"href":"https:\/\/atami.com\/de\/wp-json\/wp\/v2\/types\/product"}],"replies":[{"embeddable":true,"href":"https:\/\/atami.com\/de\/wp-json\/wp\/v2\/comments?post=21867"}],"wp:featuredmedia":[{"embeddable":true,"href":"https:\/\/atami.com\/de\/wp-json\/wp\/v2\/media\/23690"}],"wp:attachment":[{"href":"https:\/\/atami.com\/de\/wp-json\/wp\/v2\/media?parent=21867"}],"wp:term":[{"taxonomy":"product_brand","embeddable":true,"href":"https:\/\/atami.com\/de\/wp-json\/wp\/v2\/product_brand?post=21867"},{"taxonomy":"product_cat","embeddable":true,"href":"https:\/\/atami.com\/de\/wp-json\/wp\/v2\/product_cat?post=21867"},{"taxonomy":"product_tag","embeddable":true,"href":"https:\/\/atami.com\/de\/wp-json\/wp\/v2\/product_tag?post=21867"}],"curies":[{"name":"wp","href":"https:\/\/api.w.org\/{rel}","templated":true}]}}