{"id":21865,"date":"2023-02-07T13:56:28","date_gmt":"2023-02-07T13:56:28","guid":{"rendered":"https:\/\/atami.com\/product\/bi-bloombastic\/"},"modified":"2026-03-03T10:57:13","modified_gmt":"2026-03-03T08:57:13","slug":"bi-bloombastic","status":"publish","type":"product","link":"https:\/\/atami.com\/de\/produkt\/bi-bloombastic","title":{"rendered":"Bi-Bloombastic"},"content":{"rendered":"<p><strong>Bloombastic mit einem \u201agr\u00fcnen\u2018 Touch! Bi-Bloombastic verbessert den Geschmack und beschleunigt die Bl\u00fctenbildung \u2013 zudem enth\u00e4lt es organische Stoffe. Es ist ein hochkonzentrierter Komplett Bl\u00fchstimulator f\u00fcr umweltbewusste Z\u00fcchter.<\/strong><\/p>\n<p>&nbsp;<\/p>\n<p><strong>Es wirkt als Stimulator, H\u00e4rtungsmittel, Geschmacksverst\u00e4rker und Aktivierungsmittel f\u00fcr verschiedene enzymatische Prozesse. Die D\u00fcngemittel in Bi-Bloombastic unterst\u00fctzen die Mikroorganismen w\u00e4hrend der Bl\u00fchphase. Dies sorgt f\u00fcr ein gesundes Wurzelsystem und letztendlich f\u00fcr einen guten Ertrag!<\/strong><\/p>\n<p>&nbsp;<\/p>\n<p>Bi-Bloombastic kann mit Grundn\u00e4hrstoffen und anderen Zus\u00e4tzen kombiniert werden. Du musst jedoch, wie auch bei allen anderen Mitteln, auf den EC-Wert Deiner N\u00e4hrstoffl\u00f6sung achten. Dieses Produkt enth\u00e4lt eine hohe Konzentration an P, K und Eisen, wird aber aufgrund seiner organischen Beschaffenheit von Mikroorganismen besser verstoffwechselt als Minerald\u00fcnger.<\/p>\n<p>&nbsp;<\/p>\n<p>Bi-Bloombastic steigert nicht nur die allgemeine Bl\u00fchkraft, sondern auch die Fruchtgr\u00f6\u00dfe und den Ertrag. Zusammenfassend l\u00e4sst sich sagen, dass es sich um ein \u00e4u\u00dferst vielseitiges Produkt mit vielen verschiedenen Eigenschaften und Vorteilen handelt.<\/p>\n<p>&nbsp;<\/p>\n<p><strong>Bi &#8211; BLOOMBASTIC IST GEEIGNET F\u00dcR:<\/strong><br \/>\nVerschiedene Gem\u00fcse- und Obstsorten, wie z. B. Chilischoten, Erdbeeren und Blaubeeren. Das Produkt kann auch f\u00fcr bl\u00fchende Zierpflanzen (z. B. Orchideen, Veilchen) verwendet werden. Geeignet f\u00fcr den Anbau in Hydrokulturen, Kokoserde und Erde.<\/p>\n<p>&nbsp;<\/p>\n<p><strong>ANWENDUNG<\/strong><br \/>\nKann in den letzten 4 bis 6 Wochen der Bl\u00fchphase als Zusatz zu den regul\u00e4ren N\u00e4hrstoffen verwendet werden. Wenn Du ein Bew\u00e4sserungssystem verwenden, kann Bi-Bloombastic nur manuell \u00fcber eine Gie\u00dfkanne ausgebracht werden. Andernfalls besteht die Gefahr des Verstopfens der Leitungen.<\/p>\n<p>&nbsp;<\/p>\n<p><strong>DOSIERUNG<\/strong><br \/>\n1 bis 2 ml pro Liter Wasser<\/p>\n<p>&nbsp;<\/p>\n<p><strong>PK 8-12 W\/W<\/strong><\/p>\n<p>&nbsp;<\/p>\n<p><strong>VERF\u00dcGBAR ALS 50 ML, 100 ML, 250 ML, 500 ML, 1 L UND 5 L<\/strong><\/p>\n","protected":false},"excerpt":{"rendered":"<p>All-in-One Bl\u00fctenzusatz<\/p>\n<p>&#8218;Green Twist&#8216;<\/p>\n","protected":false},"featured_media":202149,"comment_status":"closed","ping_status":"closed","template":"","meta":{"_acf_changed":false,"iawp_total_views":206},"product_brand":[],"product_cat":[187,192],"product_tag":[],"class_list":{"0":"post-21865","1":"product","2":"type-product","3":"status-publish","4":"has-post-thumbnail","6":"product_cat-bastics","7":"product_cat-zusatze","9":"first","10":"instock","11":"shipping-taxable","12":"product-type-simple"},"acf":{"short_description":"<p><strong>Bloombastic mit einem \u201agr\u00fcnen\u2018 Touch! Bi-Bloombastic verbessert den Geschmack und beschleunigt die Bl\u00fctenbildung \u2013 zudem enth\u00e4lt es organische Stoffe. Es ist ein hochkonzentrierter Komplett Bl\u00fchstimulator f\u00fcr umweltbewusste Z\u00fcchter.<\/strong><\/p>\r\n<p><strong>Es wirkt als Stimulator, H\u00e4rtungsmittel, Geschmacksverst\u00e4rker und Aktivierungsmittel f\u00fcr verschiedene enzymatische Prozesse. Die D\u00fcngemittel in Bi-Bloombastic unterst\u00fctzen die Mikroorganismen w\u00e4hrend der Bl\u00fchphase. Dies sorgt f\u00fcr ein gesundes Wurzelsystem und letztendlich f\u00fcr einen guten Ertrag!<\/strong><\/p>\r\n<p>Bi-Bloombastic kann mit Grundn\u00e4hrstoffen und anderen Zus\u00e4tzen kombiniert werden. Du musst jedoch, wie auch bei allen anderen Mitteln, auf den EC-Wert Deiner N\u00e4hrstoffl\u00f6sung achten. Dieses Produkt enth\u00e4lt eine hohe Konzentration an P, K und Eisen, wird aber aufgrund seiner organischen Beschaffenheit von Mikroorganismen besser verstoffwechselt als Minerald\u00fcnger.<\/p>\r\n<p>Bi-Bloombastic steigert nicht nur die allgemeine Bl\u00fchkraft, sondern auch die Fruchtgr\u00f6\u00dfe und den Ertrag. Zusammenfassend l\u00e4sst sich sagen, dass es sich um ein \u00e4u\u00dferst vielseitiges Produkt mit vielen verschiedenen Eigenschaften und Vorteilen handelt.<\/p>","suitable_for":"<p>Verschiedene Gem\u00fcse- und Obstsorten, wie z. B. Chilischoten, Erdbeeren und Blaubeeren. Das Produkt kann auch f\u00fcr bl\u00fchende Zierpflanzen (z. B. Orchideen, Veilchen) verwendet werden. Geeignet f\u00fcr den Anbau in Hydrokulturen, Kokoserde und Erde.<\/p>","application":"<p>Kann in den letzten 4 bis 6 Wochen der Bl\u00fchphase als Zusatz zu den regul\u00e4ren N\u00e4hrstoffen verwendet werden. Wenn Du ein Bew\u00e4sserungssystem verwenden, kann Bi-Bloombastic nur manuell \u00fcber eine Gie\u00dfkanne ausgebracht werden. Andernfalls besteht die Gefahr des Verstopfens der Leitungen.<\/p>","dosage":"<p>1 bis 2 ml pro Liter Wasser<\/p>","npk_ratio":"<p>PK 8-12 W\/W<\/p>","available_in":"<p>50 ML, 100 ML, 250 ML, 500 ML, 1 L UND 5 L<\/p>","icon_1":191359,"icon_1_text":"REICH AN MIKROORGANISMEN","icon_2":513,"icon_2_text":"EINE QUALITATIV HOCHWERTIGE MISCHUNG AUS BIO-MINERALIEN UND BIO-STIMULATOREN","icon_3":595,"icon_3_text":"STEIGERT DEN ZUCKERGEHALT, DAS GEWICHT & DIE DUFTINTENSIT\u00c4T!","icon_4":599,"icon_4_text":"MASSIVE STEIGERUNG DES ZUCKERGEHALTS & DER BL\u00dcTENBILDUNG","video":"https:\/\/youtu.be\/EVvWXd6rmFM","second_image":647,"product_image_page":637,"user_manual":"","new_icon_1":196926,"new_icon_2":196806,"new_icon_3":196821,"new_icon_4":196836,"grow_guides":"","category":"Zusatzstoff"},"yoast_head":"<!-- This site is optimized with the Yoast SEO Premium plugin v27.4 (Yoast SEO v27.4) - https:\/\/yoast.com\/product\/yoast-seo-premium-wordpress\/ -->\n<title>Bi-Bloombastic \u2013 Optimale Bl\u00fcte f\u00fcr Ihre Pflanzen<\/title>\n<meta name=\"description\" content=\"Steigern Sie die Bl\u00fctenproduktion Ihrer Pflanzen mit Bi-Bloombastic. Dieses hochwertige Pflanzenfutter sorgt f\u00fcr dichte, kr\u00e4ftige Bl\u00fcten und verbessert die Ertr\u00e4ge. Ideal f\u00fcr alle, die das Beste aus ihrer Ernte herausholen wollen!\" \/>\n<meta name=\"robots\" content=\"index, follow, max-snippet:-1, max-image-preview:large, max-video-preview:-1\" \/>\n<link rel=\"canonical\" href=\"https:\/\/atami.com\/de\/produkt\/bi-bloombastic\" \/>\n<meta property=\"og:locale\" content=\"de_DE\" \/>\n<meta property=\"og:type\" content=\"article\" \/>\n<meta property=\"og:title\" content=\"Bi-Bloombastic\" \/>\n<meta property=\"og:description\" content=\"Steigern Sie die Bl\u00fctenproduktion Ihrer Pflanzen mit Bi-Bloombastic. Dieses hochwertige Pflanzenfutter sorgt f\u00fcr dichte, kr\u00e4ftige Bl\u00fcten und verbessert die Ertr\u00e4ge. Ideal f\u00fcr alle, die das Beste aus ihrer Ernte herausholen wollen!\" \/>\n<meta property=\"og:url\" content=\"https:\/\/atami.com\/de\/produkt\/bi-bloombastic\" \/>\n<meta property=\"og:site_name\" content=\"Atami\" \/>\n<meta property=\"article:publisher\" content=\"https:\/\/www.facebook.com\/Atami.International\" \/>\n<meta property=\"article:modified_time\" content=\"2026-03-03T08:57:13+00:00\" \/>\n<meta property=\"og:image\" content=\"https:\/\/atami.com\/wp-content\/uploads\/2023\/02\/Bi-Bloombastic-product-image.webp\" \/>\n\t<meta property=\"og:image:width\" content=\"1080\" \/>\n\t<meta property=\"og:image:height\" content=\"1080\" \/>\n\t<meta property=\"og:image:type\" content=\"image\/webp\" \/>\n<meta name=\"twitter:card\" content=\"summary_large_image\" \/>\n<meta name=\"twitter:site\" content=\"@AtamiEU\" \/>\n<meta name=\"twitter:label1\" content=\"Gesch\u00e4tzte Lesezeit\" \/>\n\t<meta name=\"twitter:data1\" content=\"2\u00a0Minuten\" \/>\n<script type=\"application\/ld+json\" class=\"yoast-schema-graph\">{\"@context\":\"https:\\\/\\\/schema.org\",\"@graph\":[{\"@type\":\"WebPage\",\"@id\":\"https:\\\/\\\/atami.com\\\/de\\\/produkt\\\/bi-bloombastic\",\"url\":\"https:\\\/\\\/atami.com\\\/de\\\/produkt\\\/bi-bloombastic\",\"name\":\"Bi-Bloombastic \u2013 Optimale Bl\u00fcte f\u00fcr Ihre Pflanzen\",\"isPartOf\":{\"@id\":\"https:\\\/\\\/atami.com\\\/de#website\"},\"primaryImageOfPage\":{\"@id\":\"https:\\\/\\\/atami.com\\\/de\\\/produkt\\\/bi-bloombastic#primaryimage\"},\"image\":{\"@id\":\"https:\\\/\\\/atami.com\\\/de\\\/produkt\\\/bi-bloombastic#primaryimage\"},\"thumbnailUrl\":\"https:\\\/\\\/atami.com\\\/wp-content\\\/uploads\\\/2023\\\/02\\\/Bi-Bloombastic-product-image.webp\",\"datePublished\":\"2023-02-07T13:56:28+00:00\",\"dateModified\":\"2026-03-03T08:57:13+00:00\",\"description\":\"Steigern Sie die Bl\u00fctenproduktion Ihrer Pflanzen mit Bi-Bloombastic. Dieses hochwertige Pflanzenfutter sorgt f\u00fcr dichte, kr\u00e4ftige Bl\u00fcten und verbessert die Ertr\u00e4ge. Ideal f\u00fcr alle, die das Beste aus ihrer Ernte herausholen wollen!\",\"breadcrumb\":{\"@id\":\"https:\\\/\\\/atami.com\\\/de\\\/produkt\\\/bi-bloombastic#breadcrumb\"},\"inLanguage\":\"de\",\"potentialAction\":[{\"@type\":\"ReadAction\",\"target\":[\"https:\\\/\\\/atami.com\\\/de\\\/produkt\\\/bi-bloombastic\"]}]},{\"@type\":\"ImageObject\",\"inLanguage\":\"de\",\"@id\":\"https:\\\/\\\/atami.com\\\/de\\\/produkt\\\/bi-bloombastic#primaryimage\",\"url\":\"https:\\\/\\\/atami.com\\\/wp-content\\\/uploads\\\/2023\\\/02\\\/Bi-Bloombastic-product-image.webp\",\"contentUrl\":\"https:\\\/\\\/atami.com\\\/wp-content\\\/uploads\\\/2023\\\/02\\\/Bi-Bloombastic-product-image.webp\",\"width\":1080,\"height\":1080,\"caption\":\"Bi-Bloombastic bietet eine hochwertige Mischung aus Biomineralien und Biostimulanzien, die eine kr\u00e4ftige Bl\u00fcte und einen verbesserten Geschmack f\u00f6rdert.\"},{\"@type\":\"BreadcrumbList\",\"@id\":\"https:\\\/\\\/atami.com\\\/de\\\/produkt\\\/bi-bloombastic#breadcrumb\",\"itemListElement\":[{\"@type\":\"ListItem\",\"position\":1,\"name\":\"Home\",\"item\":\"https:\\\/\\\/atami.com\\\/de\"},{\"@type\":\"ListItem\",\"position\":2,\"name\":\"Produkte\",\"item\":\"https:\\\/\\\/atami.com\\\/de\\\/shop\"},{\"@type\":\"ListItem\",\"position\":3,\"name\":\"Marken\",\"item\":\"https:\\\/\\\/atami.com\\\/de\\\/produkt-kategorie\\\/marken\"},{\"@type\":\"ListItem\",\"position\":4,\"name\":\"Bastics\",\"item\":\"https:\\\/\\\/atami.com\\\/de\\\/produkt-kategorie\\\/marken\\\/bastics\"},{\"@type\":\"ListItem\",\"position\":5,\"name\":\"Bi-Bloombastic\"}]},{\"@type\":\"WebSite\",\"@id\":\"https:\\\/\\\/atami.com\\\/de#website\",\"url\":\"https:\\\/\\\/atami.com\\\/de\",\"name\":\"Atami\",\"description\":\"NATURALLY INNOVATING!\",\"publisher\":{\"@id\":\"https:\\\/\\\/atami.com\\\/de#organization\"},\"potentialAction\":[{\"@type\":\"SearchAction\",\"target\":{\"@type\":\"EntryPoint\",\"urlTemplate\":\"https:\\\/\\\/atami.com\\\/de?s={search_term_string}\"},\"query-input\":{\"@type\":\"PropertyValueSpecification\",\"valueRequired\":true,\"valueName\":\"search_term_string\"}}],\"inLanguage\":\"de\"},{\"@type\":\"Organization\",\"@id\":\"https:\\\/\\\/atami.com\\\/de#organization\",\"name\":\"Atami\",\"url\":\"https:\\\/\\\/atami.com\\\/de\",\"logo\":{\"@type\":\"ImageObject\",\"inLanguage\":\"de\",\"@id\":\"https:\\\/\\\/atami.com\\\/de#\\\/schema\\\/logo\\\/image\\\/\",\"url\":\"https:\\\/\\\/atami.com\\\/wp-content\\\/uploads\\\/2026\\\/01\\\/Atami-logo-696x696px.webp\",\"contentUrl\":\"https:\\\/\\\/atami.com\\\/wp-content\\\/uploads\\\/2026\\\/01\\\/Atami-logo-696x696px.webp\",\"width\":696,\"height\":696,\"caption\":\"Atami\"},\"image\":{\"@id\":\"https:\\\/\\\/atami.com\\\/de#\\\/schema\\\/logo\\\/image\\\/\"},\"sameAs\":[\"https:\\\/\\\/www.facebook.com\\\/Atami.International\",\"https:\\\/\\\/x.com\\\/AtamiEU\",\"https:\\\/\\\/www.youtube.com\\\/c\\\/AtamiInternational\",\"https:\\\/\\\/www.instagram.com\\\/atami.international\\\/\"],\"description\":\"ATAMI is a premium plant nutrition & substrate brand founded in 1997 with the mission to make exceptional cultivation achievable for everyone. From legacy to license, we offer a wide variety of innovating award-winning products to let cultivators achieve maximum results in taste & yield.\",\"email\":\"info@mginnovations.es\",\"legalName\":\"Atami\",\"numberOfEmployees\":{\"@type\":\"QuantitativeValue\",\"minValue\":\"11\",\"maxValue\":\"50\"}}]}<\/script>\n<!-- \/ Yoast SEO Premium plugin. -->","yoast_head_json":{"title":"Bi-Bloombastic \u2013 Optimale Bl\u00fcte f\u00fcr Ihre Pflanzen","description":"Steigern Sie die Bl\u00fctenproduktion Ihrer Pflanzen mit Bi-Bloombastic. Dieses hochwertige Pflanzenfutter sorgt f\u00fcr dichte, kr\u00e4ftige Bl\u00fcten und verbessert die Ertr\u00e4ge. Ideal f\u00fcr alle, die das Beste aus ihrer Ernte herausholen wollen!","robots":{"index":"index","follow":"follow","max-snippet":"max-snippet:-1","max-image-preview":"max-image-preview:large","max-video-preview":"max-video-preview:-1"},"canonical":"https:\/\/atami.com\/de\/produkt\/bi-bloombastic","og_locale":"de_DE","og_type":"article","og_title":"Bi-Bloombastic","og_description":"Steigern Sie die Bl\u00fctenproduktion Ihrer Pflanzen mit Bi-Bloombastic. Dieses hochwertige Pflanzenfutter sorgt f\u00fcr dichte, kr\u00e4ftige Bl\u00fcten und verbessert die Ertr\u00e4ge. Ideal f\u00fcr alle, die das Beste aus ihrer Ernte herausholen wollen!","og_url":"https:\/\/atami.com\/de\/produkt\/bi-bloombastic","og_site_name":"Atami","article_publisher":"https:\/\/www.facebook.com\/Atami.International","article_modified_time":"2026-03-03T08:57:13+00:00","og_image":[{"width":1080,"height":1080,"url":"https:\/\/atami.com\/wp-content\/uploads\/2023\/02\/Bi-Bloombastic-product-image.webp","type":"image\/webp"}],"twitter_card":"summary_large_image","twitter_site":"@AtamiEU","twitter_misc":{"Gesch\u00e4tzte Lesezeit":"2\u00a0Minuten"},"schema":{"@context":"https:\/\/schema.org","@graph":[{"@type":"WebPage","@id":"https:\/\/atami.com\/de\/produkt\/bi-bloombastic","url":"https:\/\/atami.com\/de\/produkt\/bi-bloombastic","name":"Bi-Bloombastic \u2013 Optimale Bl\u00fcte f\u00fcr Ihre Pflanzen","isPartOf":{"@id":"https:\/\/atami.com\/de#website"},"primaryImageOfPage":{"@id":"https:\/\/atami.com\/de\/produkt\/bi-bloombastic#primaryimage"},"image":{"@id":"https:\/\/atami.com\/de\/produkt\/bi-bloombastic#primaryimage"},"thumbnailUrl":"https:\/\/atami.com\/wp-content\/uploads\/2023\/02\/Bi-Bloombastic-product-image.webp","datePublished":"2023-02-07T13:56:28+00:00","dateModified":"2026-03-03T08:57:13+00:00","description":"Steigern Sie die Bl\u00fctenproduktion Ihrer Pflanzen mit Bi-Bloombastic. Dieses hochwertige Pflanzenfutter sorgt f\u00fcr dichte, kr\u00e4ftige Bl\u00fcten und verbessert die Ertr\u00e4ge. Ideal f\u00fcr alle, die das Beste aus ihrer Ernte herausholen wollen!","breadcrumb":{"@id":"https:\/\/atami.com\/de\/produkt\/bi-bloombastic#breadcrumb"},"inLanguage":"de","potentialAction":[{"@type":"ReadAction","target":["https:\/\/atami.com\/de\/produkt\/bi-bloombastic"]}]},{"@type":"ImageObject","inLanguage":"de","@id":"https:\/\/atami.com\/de\/produkt\/bi-bloombastic#primaryimage","url":"https:\/\/atami.com\/wp-content\/uploads\/2023\/02\/Bi-Bloombastic-product-image.webp","contentUrl":"https:\/\/atami.com\/wp-content\/uploads\/2023\/02\/Bi-Bloombastic-product-image.webp","width":1080,"height":1080,"caption":"Bi-Bloombastic bietet eine hochwertige Mischung aus Biomineralien und Biostimulanzien, die eine kr\u00e4ftige Bl\u00fcte und einen verbesserten Geschmack f\u00f6rdert."},{"@type":"BreadcrumbList","@id":"https:\/\/atami.com\/de\/produkt\/bi-bloombastic#breadcrumb","itemListElement":[{"@type":"ListItem","position":1,"name":"Home","item":"https:\/\/atami.com\/de"},{"@type":"ListItem","position":2,"name":"Produkte","item":"https:\/\/atami.com\/de\/shop"},{"@type":"ListItem","position":3,"name":"Marken","item":"https:\/\/atami.com\/de\/produkt-kategorie\/marken"},{"@type":"ListItem","position":4,"name":"Bastics","item":"https:\/\/atami.com\/de\/produkt-kategorie\/marken\/bastics"},{"@type":"ListItem","position":5,"name":"Bi-Bloombastic"}]},{"@type":"WebSite","@id":"https:\/\/atami.com\/de#website","url":"https:\/\/atami.com\/de","name":"Atami","description":"NATURALLY INNOVATING!","publisher":{"@id":"https:\/\/atami.com\/de#organization"},"potentialAction":[{"@type":"SearchAction","target":{"@type":"EntryPoint","urlTemplate":"https:\/\/atami.com\/de?s={search_term_string}"},"query-input":{"@type":"PropertyValueSpecification","valueRequired":true,"valueName":"search_term_string"}}],"inLanguage":"de"},{"@type":"Organization","@id":"https:\/\/atami.com\/de#organization","name":"Atami","url":"https:\/\/atami.com\/de","logo":{"@type":"ImageObject","inLanguage":"de","@id":"https:\/\/atami.com\/de#\/schema\/logo\/image\/","url":"https:\/\/atami.com\/wp-content\/uploads\/2026\/01\/Atami-logo-696x696px.webp","contentUrl":"https:\/\/atami.com\/wp-content\/uploads\/2026\/01\/Atami-logo-696x696px.webp","width":696,"height":696,"caption":"Atami"},"image":{"@id":"https:\/\/atami.com\/de#\/schema\/logo\/image\/"},"sameAs":["https:\/\/www.facebook.com\/Atami.International","https:\/\/x.com\/AtamiEU","https:\/\/www.youtube.com\/c\/AtamiInternational","https:\/\/www.instagram.com\/atami.international\/"],"description":"ATAMI is a premium plant nutrition & substrate brand founded in 1997 with the mission to make exceptional cultivation achievable for everyone. From legacy to license, we offer a wide variety of innovating award-winning products to let cultivators achieve maximum results in taste & yield.","email":"info@mginnovations.es","legalName":"Atami","numberOfEmployees":{"@type":"QuantitativeValue","minValue":"11","maxValue":"50"}}]}},"_links":{"self":[{"href":"https:\/\/atami.com\/de\/wp-json\/wp\/v2\/product\/21865","targetHints":{"allow":["GET"]}}],"collection":[{"href":"https:\/\/atami.com\/de\/wp-json\/wp\/v2\/product"}],"about":[{"href":"https:\/\/atami.com\/de\/wp-json\/wp\/v2\/types\/product"}],"replies":[{"embeddable":true,"href":"https:\/\/atami.com\/de\/wp-json\/wp\/v2\/comments?post=21865"}],"wp:featuredmedia":[{"embeddable":true,"href":"https:\/\/atami.com\/de\/wp-json\/wp\/v2\/media\/202149"}],"wp:attachment":[{"href":"https:\/\/atami.com\/de\/wp-json\/wp\/v2\/media?parent=21865"}],"wp:term":[{"taxonomy":"product_brand","embeddable":true,"href":"https:\/\/atami.com\/de\/wp-json\/wp\/v2\/product_brand?post=21865"},{"taxonomy":"product_cat","embeddable":true,"href":"https:\/\/atami.com\/de\/wp-json\/wp\/v2\/product_cat?post=21865"},{"taxonomy":"product_tag","embeddable":true,"href":"https:\/\/atami.com\/de\/wp-json\/wp\/v2\/product_tag?post=21865"}],"curies":[{"name":"wp","href":"https:\/\/api.w.org\/{rel}","templated":true}]}}