{"id":21863,"date":"2023-02-07T13:09:39","date_gmt":"2023-02-07T13:09:39","guid":{"rendered":"https:\/\/atami.com\/product\/rootbastic\/"},"modified":"2026-03-03T10:56:34","modified_gmt":"2026-03-03T08:56:34","slug":"rootbastic","status":"publish","type":"product","link":"https:\/\/atami.com\/de\/produkt\/rootbastic","title":{"rendered":"Rootbastic"},"content":{"rendered":"<p><strong>Rootbastic regt das Wurzelwachstum an und zeichnet sich durch seine hohe Konzentration an Stickstoff (N), Phosphor (P) und Kalium (K) sowie seinen hohen Gehalt an Spurenelementen aus. Die Mineralstoffe, ein Pflanzenextrakt und Aminos\u00e4uren sind in hohen Konzentrationen enthalten.<\/strong><\/p>\n<p>&nbsp;<\/p>\n<p>Rootbastic enth\u00e4lt f\u00fcr ein Wurzelwachstum-Stimulationsmittel eine recht hohe Menge an NPK. Phosphor ist hierbei jedoch am wichtigsten. Phosphor ist das Element, das den Transport und die Speicherung von Energie gew\u00e4hrleistet und ein wichtiger Bestandteil der Bauelemente von Zellen und DNA ist.<\/p>\n<p>&nbsp;<\/p>\n<p><strong>GEEIGNET F\u00dcR<\/strong><br \/>\nRootbastic ist ein Universald\u00fcnger, der f\u00fcr verschiedene Obst-, Gem\u00fcse- und Kr\u00e4utersorten wie z. B. K\u00fcrbisse, Zucchini, Gurken, Kartoffeln, Radieschen usw. geeignet ist. Erfahrene Z\u00fcchter k\u00f6nnen die erforderliche Dosierung pro Pflanze anhand der NPK-Werte errechnen.<\/p>\n<p>&nbsp;<\/p>\n<p><strong>ANWENDUNG<\/strong><br \/>\nWende das Mittel in den ersten 3 Wochen der Wachstumsphase der Pflanze an. Sch\u00fcttle die Flasche vor der Verwendung. Die Gabe von Spurenelementen ist in den ersten Wachstumsphasen unerl\u00e4sslich f\u00fcr die Wurzelentwicklung der Pflanze. Geeignet f\u00fcr den Anbau in Hydrokulturen, Kokoserde und Erde.<\/p>\n<p>&nbsp;<\/p>\n<p><strong>DOSIERUNG<\/strong><br \/>\n0,1\u20130,3 ml pro Liter N\u00e4hrstoffl\u00f6sung.<br \/>\nSteigert den EC-Wert der Grundn\u00e4hrstoffl\u00f6sung.<\/p>\n<p>&nbsp;<\/p>\n<p><strong>NPK 4-14-4 W\/W<\/strong><\/p>\n<p>&nbsp;<\/p>\n<p><strong>VERF\u00dcGBAR ALS 50 ML, 100 ML, 250 ML, 500 ML, 1 L UND 5 L<\/strong><\/p>\n","protected":false},"excerpt":{"rendered":"<p>Hochkonzentrierter NPK-Wurzelstimulator<\/p>\n","protected":false},"featured_media":202104,"comment_status":"closed","ping_status":"closed","template":"","meta":{"_acf_changed":false,"iawp_total_views":256},"product_brand":[],"product_cat":[187,192],"product_tag":[],"class_list":{"0":"post-21863","1":"product","2":"type-product","3":"status-publish","4":"has-post-thumbnail","6":"product_cat-bastics","7":"product_cat-zusatze","9":"first","10":"instock","11":"shipping-taxable","12":"product-type-simple"},"acf":{"short_description":"<p><strong>Rootbastic regt das Wurzelwachstum an und zeichnet sich durch seine hohe Konzentration an Stickstoff (N), Phosphor (P) und Kalium (K) sowie seinen hohen Gehalt an Spurenelementen aus. Die Mineralstoffe, ein Pflanzenextrakt und Aminos\u00e4uren sind in hohen Konzentrationen enthalten.<\/strong><\/p>\r\n<p>Rootbastic enth\u00e4lt f\u00fcr ein Wurzelwachstum-Stimulationsmittel eine recht hohe Menge an NPK. Phosphor ist hierbei jedoch am wichtigsten. Phosphor ist das Element, das den Transport und die Speicherung von Energie gew\u00e4hrleistet und ein wichtiger Bestandteil der Bauelemente von Zellen und DNA ist.<\/p>","suitable_for":"<p>Rootbastic ist ein Universald\u00fcnger, der f\u00fcr verschiedene Obst-, Gem\u00fcse- und Kr\u00e4utersorten wie z. B. K\u00fcrbisse, Zucchini, Gurken, Kartoffeln, Radieschen usw. geeignet ist. Erfahrene Z\u00fcchter k\u00f6nnen die erforderliche Dosierung pro Pflanze anhand der NPK-Werte errechnen.<\/p>","application":"<p>Wende das Mittel in den ersten 3 Wochen der Wachstumsphase der Pflanze an. Sch\u00fcttle die Flasche vor der Verwendung. Die Gabe von Spurenelementen ist in den ersten Wachstumsphasen unerl\u00e4sslich f\u00fcr die Wurzelentwicklung der Pflanze. Geeignet f\u00fcr den Anbau in Hydrokulturen, Kokoserde und Erde.<\/p>","dosage":"<p>0,1\u20130,3 ml pro Liter N\u00e4hrstoffl\u00f6sung.<\/p>\r\n<p>Steigert den EC-Wert der Grundn\u00e4hrstoffl\u00f6sung.<\/p>","npk_ratio":"<p>NPK 4-14-4 W\/W<\/p>","available_in":"<p>50 ML, 100 ML, 250 ML, 500 ML, 1250 ML<\/p>","icon_1":191266,"icon_1_text":"SCH\u00dcTZT VOR UMWELTBELASTUNGEN","icon_2":513,"icon_2_text":"EINE EINZIGARTIGE KOMBINATION AUS HOHEM NPK-GEHALT, BIO-STIMULATOREN UND BIO-MINERALIEN","icon_3":191284,"icon_3_text":"\u00c4USSERST WIRKSAM IN DEN ERSTEN 3 WOCHEN DER WACHSTUMSPHASE!","icon_4":191299,"icon_4_text":"STEIGERT DIE WIDERSTANDSF\u00c4HIGKEIT GEGEN WURZELKRANKHEITEN!","video":"https:\/\/youtu.be\/goCGTpVKCnQ","second_image":"","product_image_page":"","user_manual":"","new_icon_1":196881,"new_icon_2":196806,"new_icon_3":196896,"new_icon_4":196911,"grow_guides":"","category":"Zusatzstoff"},"yoast_head":"<!-- This site is optimized with the Yoast SEO Premium plugin v27.5 (Yoast SEO v27.5) - https:\/\/yoast.com\/product\/yoast-seo-premium-wordpress\/ -->\n<title>Rootbastic: St\u00e4rkung der Wurzeln f\u00fcr ges\u00fcndere Pflanzen<\/title>\n<meta name=\"description\" content=\"Rootbastic ist ein leistungsstarker Wurzelstimulator, der das Wurzelwachstum f\u00f6rdert und f\u00fcr gesunde, kr\u00e4ftige Pflanzen sorgt. Ideal f\u00fcr alle Wachstumsphasen, von der Keimung bis zur Bl\u00fcte. Holen Sie das Beste aus Ihren Pflanzen heraus.\" \/>\n<meta name=\"robots\" content=\"index, follow, max-snippet:-1, max-image-preview:large, max-video-preview:-1\" \/>\n<link rel=\"canonical\" href=\"https:\/\/atami.com\/de\/produkt\/rootbastic\" \/>\n<meta property=\"og:locale\" content=\"de_DE\" \/>\n<meta property=\"og:type\" content=\"article\" \/>\n<meta property=\"og:title\" content=\"Rootbastic\" \/>\n<meta property=\"og:description\" content=\"Rootbastic ist ein leistungsstarker Wurzelstimulator, der das Wurzelwachstum f\u00f6rdert und f\u00fcr gesunde, kr\u00e4ftige Pflanzen sorgt. Ideal f\u00fcr alle Wachstumsphasen, von der Keimung bis zur Bl\u00fcte. Holen Sie das Beste aus Ihren Pflanzen heraus.\" \/>\n<meta property=\"og:url\" content=\"https:\/\/atami.com\/de\/produkt\/rootbastic\" \/>\n<meta property=\"og:site_name\" content=\"Atami\" \/>\n<meta property=\"article:publisher\" content=\"https:\/\/www.facebook.com\/Atami.International\" \/>\n<meta property=\"article:modified_time\" content=\"2026-03-03T08:56:34+00:00\" \/>\n<meta property=\"og:image\" content=\"https:\/\/atami.com\/wp-content\/uploads\/2023\/02\/Rootbastic-product-image.webp\" \/>\n\t<meta property=\"og:image:width\" content=\"1080\" \/>\n\t<meta property=\"og:image:height\" content=\"1080\" \/>\n\t<meta property=\"og:image:type\" content=\"image\/webp\" \/>\n<meta name=\"twitter:card\" content=\"summary_large_image\" \/>\n<meta name=\"twitter:site\" content=\"@AtamiEU\" \/>\n<meta name=\"twitter:label1\" content=\"Gesch\u00e4tzte Lesezeit\" \/>\n\t<meta name=\"twitter:data1\" content=\"2\u00a0Minuten\" \/>\n<script type=\"application\/ld+json\" class=\"yoast-schema-graph\">{\"@context\":\"https:\\\/\\\/schema.org\",\"@graph\":[{\"@type\":\"WebPage\",\"@id\":\"https:\\\/\\\/atami.com\\\/de\\\/produkt\\\/rootbastic\",\"url\":\"https:\\\/\\\/atami.com\\\/de\\\/produkt\\\/rootbastic\",\"name\":\"Rootbastic: St\u00e4rkung der Wurzeln f\u00fcr ges\u00fcndere Pflanzen\",\"isPartOf\":{\"@id\":\"https:\\\/\\\/atami.com\\\/de#website\"},\"primaryImageOfPage\":{\"@id\":\"https:\\\/\\\/atami.com\\\/de\\\/produkt\\\/rootbastic#primaryimage\"},\"image\":{\"@id\":\"https:\\\/\\\/atami.com\\\/de\\\/produkt\\\/rootbastic#primaryimage\"},\"thumbnailUrl\":\"https:\\\/\\\/atami.com\\\/wp-content\\\/uploads\\\/2023\\\/02\\\/Rootbastic-product-image.webp\",\"datePublished\":\"2023-02-07T13:09:39+00:00\",\"dateModified\":\"2026-03-03T08:56:34+00:00\",\"description\":\"Rootbastic ist ein leistungsstarker Wurzelstimulator, der das Wurzelwachstum f\u00f6rdert und f\u00fcr gesunde, kr\u00e4ftige Pflanzen sorgt. Ideal f\u00fcr alle Wachstumsphasen, von der Keimung bis zur Bl\u00fcte. Holen Sie das Beste aus Ihren Pflanzen heraus.\",\"breadcrumb\":{\"@id\":\"https:\\\/\\\/atami.com\\\/de\\\/produkt\\\/rootbastic#breadcrumb\"},\"inLanguage\":\"de\",\"potentialAction\":[{\"@type\":\"ReadAction\",\"target\":[\"https:\\\/\\\/atami.com\\\/de\\\/produkt\\\/rootbastic\"]}]},{\"@type\":\"ImageObject\",\"inLanguage\":\"de\",\"@id\":\"https:\\\/\\\/atami.com\\\/de\\\/produkt\\\/rootbastic#primaryimage\",\"url\":\"https:\\\/\\\/atami.com\\\/wp-content\\\/uploads\\\/2023\\\/02\\\/Rootbastic-product-image.webp\",\"contentUrl\":\"https:\\\/\\\/atami.com\\\/wp-content\\\/uploads\\\/2023\\\/02\\\/Rootbastic-product-image.webp\",\"width\":1080,\"height\":1080,\"caption\":\"Rootbastic liefert eine wirksame Mischung aus N\u00e4hrstoffen und Spurenelementen, um ein kr\u00e4ftiges Wurzelwachstum zu f\u00f6rdern.\"},{\"@type\":\"BreadcrumbList\",\"@id\":\"https:\\\/\\\/atami.com\\\/de\\\/produkt\\\/rootbastic#breadcrumb\",\"itemListElement\":[{\"@type\":\"ListItem\",\"position\":1,\"name\":\"Home\",\"item\":\"https:\\\/\\\/atami.com\\\/de\"},{\"@type\":\"ListItem\",\"position\":2,\"name\":\"Produkte\",\"item\":\"https:\\\/\\\/atami.com\\\/de\\\/shop\"},{\"@type\":\"ListItem\",\"position\":3,\"name\":\"Marken\",\"item\":\"https:\\\/\\\/atami.com\\\/de\\\/produkt-kategorie\\\/marken\"},{\"@type\":\"ListItem\",\"position\":4,\"name\":\"Bastics\",\"item\":\"https:\\\/\\\/atami.com\\\/de\\\/produkt-kategorie\\\/marken\\\/bastics\"},{\"@type\":\"ListItem\",\"position\":5,\"name\":\"Rootbastic\"}]},{\"@type\":\"WebSite\",\"@id\":\"https:\\\/\\\/atami.com\\\/de#website\",\"url\":\"https:\\\/\\\/atami.com\\\/de\",\"name\":\"Atami\",\"description\":\"NATURALLY INNOVATING!\",\"publisher\":{\"@id\":\"https:\\\/\\\/atami.com\\\/de#organization\"},\"potentialAction\":[{\"@type\":\"SearchAction\",\"target\":{\"@type\":\"EntryPoint\",\"urlTemplate\":\"https:\\\/\\\/atami.com\\\/de?s={search_term_string}\"},\"query-input\":{\"@type\":\"PropertyValueSpecification\",\"valueRequired\":true,\"valueName\":\"search_term_string\"}}],\"inLanguage\":\"de\"},{\"@type\":\"Organization\",\"@id\":\"https:\\\/\\\/atami.com\\\/de#organization\",\"name\":\"Atami\",\"url\":\"https:\\\/\\\/atami.com\\\/de\",\"logo\":{\"@type\":\"ImageObject\",\"inLanguage\":\"de\",\"@id\":\"https:\\\/\\\/atami.com\\\/de#\\\/schema\\\/logo\\\/image\\\/\",\"url\":\"https:\\\/\\\/atami.com\\\/wp-content\\\/uploads\\\/2026\\\/01\\\/Atami-logo-696x696px.webp\",\"contentUrl\":\"https:\\\/\\\/atami.com\\\/wp-content\\\/uploads\\\/2026\\\/01\\\/Atami-logo-696x696px.webp\",\"width\":696,\"height\":696,\"caption\":\"Atami\"},\"image\":{\"@id\":\"https:\\\/\\\/atami.com\\\/de#\\\/schema\\\/logo\\\/image\\\/\"},\"sameAs\":[\"https:\\\/\\\/www.facebook.com\\\/Atami.International\",\"https:\\\/\\\/x.com\\\/AtamiEU\",\"https:\\\/\\\/www.youtube.com\\\/c\\\/AtamiInternational\",\"https:\\\/\\\/www.instagram.com\\\/atami.international\\\/\"],\"description\":\"ATAMI is a premium plant nutrition & substrate brand founded in 1997 with the mission to make exceptional cultivation achievable for everyone. From legacy to license, we offer a wide variety of innovating award-winning products to let cultivators achieve maximum results in taste & yield.\",\"email\":\"info@mginnovations.es\",\"legalName\":\"Atami\",\"numberOfEmployees\":{\"@type\":\"QuantitativeValue\",\"minValue\":\"11\",\"maxValue\":\"50\"}}]}<\/script>\n<!-- \/ Yoast SEO Premium plugin. -->","yoast_head_json":{"title":"Rootbastic: St\u00e4rkung der Wurzeln f\u00fcr ges\u00fcndere Pflanzen","description":"Rootbastic ist ein leistungsstarker Wurzelstimulator, der das Wurzelwachstum f\u00f6rdert und f\u00fcr gesunde, kr\u00e4ftige Pflanzen sorgt. Ideal f\u00fcr alle Wachstumsphasen, von der Keimung bis zur Bl\u00fcte. Holen Sie das Beste aus Ihren Pflanzen heraus.","robots":{"index":"index","follow":"follow","max-snippet":"max-snippet:-1","max-image-preview":"max-image-preview:large","max-video-preview":"max-video-preview:-1"},"canonical":"https:\/\/atami.com\/de\/produkt\/rootbastic","og_locale":"de_DE","og_type":"article","og_title":"Rootbastic","og_description":"Rootbastic ist ein leistungsstarker Wurzelstimulator, der das Wurzelwachstum f\u00f6rdert und f\u00fcr gesunde, kr\u00e4ftige Pflanzen sorgt. Ideal f\u00fcr alle Wachstumsphasen, von der Keimung bis zur Bl\u00fcte. Holen Sie das Beste aus Ihren Pflanzen heraus.","og_url":"https:\/\/atami.com\/de\/produkt\/rootbastic","og_site_name":"Atami","article_publisher":"https:\/\/www.facebook.com\/Atami.International","article_modified_time":"2026-03-03T08:56:34+00:00","og_image":[{"width":1080,"height":1080,"url":"https:\/\/atami.com\/wp-content\/uploads\/2023\/02\/Rootbastic-product-image.webp","type":"image\/webp"}],"twitter_card":"summary_large_image","twitter_site":"@AtamiEU","twitter_misc":{"Gesch\u00e4tzte Lesezeit":"2\u00a0Minuten"},"schema":{"@context":"https:\/\/schema.org","@graph":[{"@type":"WebPage","@id":"https:\/\/atami.com\/de\/produkt\/rootbastic","url":"https:\/\/atami.com\/de\/produkt\/rootbastic","name":"Rootbastic: St\u00e4rkung der Wurzeln f\u00fcr ges\u00fcndere Pflanzen","isPartOf":{"@id":"https:\/\/atami.com\/de#website"},"primaryImageOfPage":{"@id":"https:\/\/atami.com\/de\/produkt\/rootbastic#primaryimage"},"image":{"@id":"https:\/\/atami.com\/de\/produkt\/rootbastic#primaryimage"},"thumbnailUrl":"https:\/\/atami.com\/wp-content\/uploads\/2023\/02\/Rootbastic-product-image.webp","datePublished":"2023-02-07T13:09:39+00:00","dateModified":"2026-03-03T08:56:34+00:00","description":"Rootbastic ist ein leistungsstarker Wurzelstimulator, der das Wurzelwachstum f\u00f6rdert und f\u00fcr gesunde, kr\u00e4ftige Pflanzen sorgt. Ideal f\u00fcr alle Wachstumsphasen, von der Keimung bis zur Bl\u00fcte. Holen Sie das Beste aus Ihren Pflanzen heraus.","breadcrumb":{"@id":"https:\/\/atami.com\/de\/produkt\/rootbastic#breadcrumb"},"inLanguage":"de","potentialAction":[{"@type":"ReadAction","target":["https:\/\/atami.com\/de\/produkt\/rootbastic"]}]},{"@type":"ImageObject","inLanguage":"de","@id":"https:\/\/atami.com\/de\/produkt\/rootbastic#primaryimage","url":"https:\/\/atami.com\/wp-content\/uploads\/2023\/02\/Rootbastic-product-image.webp","contentUrl":"https:\/\/atami.com\/wp-content\/uploads\/2023\/02\/Rootbastic-product-image.webp","width":1080,"height":1080,"caption":"Rootbastic liefert eine wirksame Mischung aus N\u00e4hrstoffen und Spurenelementen, um ein kr\u00e4ftiges Wurzelwachstum zu f\u00f6rdern."},{"@type":"BreadcrumbList","@id":"https:\/\/atami.com\/de\/produkt\/rootbastic#breadcrumb","itemListElement":[{"@type":"ListItem","position":1,"name":"Home","item":"https:\/\/atami.com\/de"},{"@type":"ListItem","position":2,"name":"Produkte","item":"https:\/\/atami.com\/de\/shop"},{"@type":"ListItem","position":3,"name":"Marken","item":"https:\/\/atami.com\/de\/produkt-kategorie\/marken"},{"@type":"ListItem","position":4,"name":"Bastics","item":"https:\/\/atami.com\/de\/produkt-kategorie\/marken\/bastics"},{"@type":"ListItem","position":5,"name":"Rootbastic"}]},{"@type":"WebSite","@id":"https:\/\/atami.com\/de#website","url":"https:\/\/atami.com\/de","name":"Atami","description":"NATURALLY INNOVATING!","publisher":{"@id":"https:\/\/atami.com\/de#organization"},"potentialAction":[{"@type":"SearchAction","target":{"@type":"EntryPoint","urlTemplate":"https:\/\/atami.com\/de?s={search_term_string}"},"query-input":{"@type":"PropertyValueSpecification","valueRequired":true,"valueName":"search_term_string"}}],"inLanguage":"de"},{"@type":"Organization","@id":"https:\/\/atami.com\/de#organization","name":"Atami","url":"https:\/\/atami.com\/de","logo":{"@type":"ImageObject","inLanguage":"de","@id":"https:\/\/atami.com\/de#\/schema\/logo\/image\/","url":"https:\/\/atami.com\/wp-content\/uploads\/2026\/01\/Atami-logo-696x696px.webp","contentUrl":"https:\/\/atami.com\/wp-content\/uploads\/2026\/01\/Atami-logo-696x696px.webp","width":696,"height":696,"caption":"Atami"},"image":{"@id":"https:\/\/atami.com\/de#\/schema\/logo\/image\/"},"sameAs":["https:\/\/www.facebook.com\/Atami.International","https:\/\/x.com\/AtamiEU","https:\/\/www.youtube.com\/c\/AtamiInternational","https:\/\/www.instagram.com\/atami.international\/"],"description":"ATAMI is a premium plant nutrition & substrate brand founded in 1997 with the mission to make exceptional cultivation achievable for everyone. From legacy to license, we offer a wide variety of innovating award-winning products to let cultivators achieve maximum results in taste & yield.","email":"info@mginnovations.es","legalName":"Atami","numberOfEmployees":{"@type":"QuantitativeValue","minValue":"11","maxValue":"50"}}]}},"_links":{"self":[{"href":"https:\/\/atami.com\/de\/wp-json\/wp\/v2\/product\/21863","targetHints":{"allow":["GET"]}}],"collection":[{"href":"https:\/\/atami.com\/de\/wp-json\/wp\/v2\/product"}],"about":[{"href":"https:\/\/atami.com\/de\/wp-json\/wp\/v2\/types\/product"}],"replies":[{"embeddable":true,"href":"https:\/\/atami.com\/de\/wp-json\/wp\/v2\/comments?post=21863"}],"wp:featuredmedia":[{"embeddable":true,"href":"https:\/\/atami.com\/de\/wp-json\/wp\/v2\/media\/202104"}],"wp:attachment":[{"href":"https:\/\/atami.com\/de\/wp-json\/wp\/v2\/media?parent=21863"}],"wp:term":[{"taxonomy":"product_brand","embeddable":true,"href":"https:\/\/atami.com\/de\/wp-json\/wp\/v2\/product_brand?post=21863"},{"taxonomy":"product_cat","embeddable":true,"href":"https:\/\/atami.com\/de\/wp-json\/wp\/v2\/product_cat?post=21863"},{"taxonomy":"product_tag","embeddable":true,"href":"https:\/\/atami.com\/de\/wp-json\/wp\/v2\/product_tag?post=21863"}],"curies":[{"name":"wp","href":"https:\/\/api.w.org\/{rel}","templated":true}]}}