{"id":21861,"date":"2023-02-06T13:16:50","date_gmt":"2023-02-06T13:16:50","guid":{"rendered":"https:\/\/atami.com\/product\/bloombastic\/"},"modified":"2026-03-03T10:55:38","modified_gmt":"2026-03-03T08:55:38","slug":"bloombastic","status":"publish","type":"product","link":"https:\/\/atami.com\/de\/produkt\/bloombastic","title":{"rendered":"Bloombastic"},"content":{"rendered":"<p><strong>Bloombastic, das universelle Bl\u00fchmittel, wirkt als Stimulator, H\u00e4rter, Geschmacksverst\u00e4rker und als Aktivator f\u00fcr verschiedene enzymatische Prozesse. Es ist eine mit internationalen Preisen ausgezeichnete, hochwertige Mischung aus verschiedenen Mineralien und organischen Verbindungen.<\/strong><\/p>\n<p>&nbsp;<\/p>\n<p>Im Vergleich zu anderen fl\u00fcssigen Bl\u00fchmitteln enth\u00e4lt Bloombastic \u00fcber 50% mehr Bio-Mineralien (Phosphor und Kalium), f\u00fcr deren Gewinnung keinerlei Ballaststoffe (Natrium und Chlor) verwendet wurden. Bloombastic wirkt zudem in mehreren Bereichen enzymatisch und somit pr\u00e4ventiv gegen Umweltbelastungen und f\u00f6rdert die Erholung der Pflanze.<\/p>\n<p>&nbsp;<\/p>\n<p>Bloombastic erh\u00f6ht den Zuckergehalt Deiner Pflanzen und verbessert somit das Gewicht und den Duft. Dank der starken Steigerung der Zucker- und Bl\u00fctenbildung sorgt Bloombastic f\u00fcr gro\u00dfe, dichte, s\u00fc\u00df duftende Bl\u00fcten. Die Kombination dieser Eigenschaften erm\u00f6glicht es Bloombastic, verschiedene andere Produkte zu ersetzen.<\/p>\n<p>&nbsp;<\/p>\n<p><strong>BLOOMBASTIC IST F\u00dcR FOLGENDE PFLANZEN GEEIGNET:<\/strong><\/p>\n<p>Bloombastic ist ein Universald\u00fcnger, der f\u00fcr verschiedene Gem\u00fcse, Obst und Kr\u00e4utersorten geeignet ist, wie z. B. Chilischoten, Erdbeeren und Blaubeeren. Das Produkt kann auch f\u00fcr bl\u00fchende Zierpflanzen (z. B. Orchideen, Veilchen) verwendet werden.<\/p>\n<p>&nbsp;<\/p>\n<p>Erfahrene Z\u00fcchter k\u00f6nnen die erforderliche Dosierung pro Pflanze anhand der NPK-Werte errechnen. Geeignet f\u00fcr den Anbau in Hydrokulturen, Kokoserde und Erde.<\/p>\n<p>&nbsp;<\/p>\n<p><strong>ANWENDUNG VON BLOOMBASTIC<\/strong><\/p>\n<p>Wende das Produkt in den letzten 4 bis 6 Wochen der Bl\u00fch- und Reifephase in Kombination mit den Grundn\u00e4hrstoffen an. Bloombastic kann mit jedem Substrat verwendet werden und ist f\u00fcr alle Bew\u00e4sserungssysteme geeignet.<\/p>\n<p>&nbsp;<\/p>\n<p>Die Anwendung von Bloombastic in Kombination mit einem Produkt wie z. B. <a href=\"https:\/\/atami.com\/de\/produkt\/bcuzz-bloom-stimulator\/\"><strong>B\u2019cuzz Bloom Stimulator<\/strong><\/a> ist eine gro\u00dfartige M\u00f6glichkeit f\u00fcr Z\u00fcchter, die bl\u00fctenstimulierende Wirkung weiter zu steigern.<\/p>\n<p>&nbsp;<\/p>\n<p>Kann mit Grundn\u00e4hrstoffen kombiniert werden. Achte auf den EC-Wert Deiner N\u00e4hrstoffl\u00f6sung. Die Kombination von Bloombastic mit einem (anderen) PK-D\u00fcnger ist nicht nur unn\u00f6tig, sondern auch potenziell riskant, da die Gefahr einer \u00dcberd\u00fcngung besteht.<\/p>\n<p>&nbsp;<\/p>\n<p><strong>DOSIERUNG<\/strong><\/p>\n<p>0,5\u20131,0 ml pro Liter N\u00e4hrstoffl\u00f6sung.<br \/>\nSteigert den EC-Wert Deiner Grundn\u00e4hrstoffl\u00f6sung.<\/p>\n<p>&nbsp;<\/p>\n<p><strong>PK 14-15 W\/W<\/strong><\/p>\n<p>&nbsp;<\/p>\n<p><strong>VERF\u00dcGBAR ALS 50 ML, 100 ML, 250 ML, 325 ML, 1250 ML, 5,5 L, 10 L<\/strong><\/p>\n","protected":false},"excerpt":{"rendered":"<p>All-in-One Bl\u00fctenzusatz<\/p>\n","protected":false},"featured_media":202119,"comment_status":"closed","ping_status":"closed","template":"","meta":{"_acf_changed":false,"iawp_total_views":1404},"product_brand":[],"product_cat":[187,192],"product_tag":[],"class_list":{"0":"post-21861","1":"product","2":"type-product","3":"status-publish","4":"has-post-thumbnail","6":"product_cat-bastics","7":"product_cat-zusatze","9":"first","10":"instock","11":"shipping-taxable","12":"purchasable","13":"product-type-simple"},"acf":{"short_description":"<p><strong>Bloombastic, das universelle Bl\u00fchmittel, wirkt als Stimulator, H\u00e4rter, Geschmacksverst\u00e4rker und als Aktivator f\u00fcr verschiedene enzymatische Prozesse. Es ist eine mit internationalen Preisen ausgezeichnete, hochwertige Mischung aus verschiedenen Mineralien und organischen Verbindungen.<\/strong><\/p>\r\n<p>Im Vergleich zu anderen fl\u00fcssigen Bl\u00fchmitteln enth\u00e4lt Bloombastic \u00fcber 50% mehr Bio-Mineralien (Phosphor und Kalium), f\u00fcr deren Gewinnung keinerlei Ballaststoffe (Natrium und Chlor) verwendet wurden. Bloombastic wirkt zudem in mehreren Bereichen enzymatisch und somit pr\u00e4ventiv gegen Umweltbelastungen und f\u00f6rdert die Erholung der Pflanze.<\/p>\r\n<p>Bloombastic erh\u00f6ht den Zuckergehalt Deiner Pflanzen und verbessert somit das Gewicht und den Duft. Dank der starken Steigerung der Zucker- und Bl\u00fctenbildung sorgt Bloombastic f\u00fcr gro\u00dfe, dichte, s\u00fc\u00df duftende Bl\u00fcten. Die Kombination dieser Eigenschaften erm\u00f6glicht es Bloombastic, verschiedene andere Produkte zu ersetzen.<\/p>","suitable_for":"<p>Bloombastic ist ein Universald\u00fcnger, der f\u00fcr verschiedene Gem\u00fcse, Obst und Kr\u00e4utersorten geeignet ist, wie z. B. Chilischoten, Erdbeeren und Blaubeeren. Das Produkt kann auch f\u00fcr bl\u00fchende Zierpflanzen (z. B. Orchideen, Veilchen) verwendet werden.<\/p>\r\n<p>Erfahrene Z\u00fcchter k\u00f6nnen die erforderliche Dosierung pro Pflanze anhand der NPK-Werte errechnen. Geeignet f\u00fcr den Anbau in Hydrokulturen, Kokoserde und Erde.<\/p>","application":"<p>Wende das Produkt in den letzten 4 bis 6 Wochen der Bl\u00fch- und Reifephase in Kombination mit den Grundn\u00e4hrstoffen an. Bloombastic kann mit jedem Substrat verwendet werden und ist f\u00fcr alle Bew\u00e4sserungssysteme geeignet.<\/p>\r\n<p>Die Anwendung von Bloombastic in Kombination mit einem Produkt wie z. B. <a href=\"https:\/\/atami.com\/de\/produkt\/bcuzz-bloom-stimulator\"><strong>B\u2019cuzz Bloom Stimulator<\/strong><\/a> ist eine gro\u00dfartige M\u00f6glichkeit f\u00fcr Z\u00fcchter, die bl\u00fctenstimulierende Wirkung weiter zu steigern.<\/p>\r\n<p>Kann mit Grundn\u00e4hrstoffen kombiniert werden. Achte auf den EC-Wert Deiner N\u00e4hrstoffl\u00f6sung. Die Kombination von Bloombastic mit einem (anderen) PK-D\u00fcnger ist nicht nur unn\u00f6tig, sondern auch potenziell riskant, da die Gefahr einer \u00dcberd\u00fcngung besteht.<\/p>","dosage":"<p>0,5\u20131,0 ml pro Liter N\u00e4hrstoffl\u00f6sung.<\/p>\r\n<p>Steigert den EC-Wert Deiner Grundn\u00e4hrstoffl\u00f6sung.<\/p>","npk_ratio":"<p>PK 14-15 W\/W<\/p>","available_in":"<p>50 ML, 100 ML, 250 ML, 325 ML, 1250 ML, 5,5 L, 10 L<\/p>","icon_1":587,"icon_1_text":"ENTH\u00c4LT \u00dcBER 50 % MEHR PHOSPHOR UND KALIUM ALS ANDERE AUF DEM MARKT ERH\u00c4LTLICHE FL\u00dcSSIGE BL\u00dcHMITTEL","icon_2":513,"icon_2_text":"EINE QUALITATIV HOCHWERTIGE MISCHUNG AUS BIO-MINERALIEN UND BIO-STIMULATOREN","icon_3":595,"icon_3_text":"STEIGERT DEN ZUCKERGEHALT, DAS GEWICHT & DIE DUFTINTENSIT\u00c4T!","icon_4":599,"icon_4_text":"MASSIVE STEIGERUNG DES ZUCKERGEHALTS & DER BL\u00dcTENBILDUNG","video":"https:\/\/youtu.be\/FIgtkOLSafU","second_image":10868,"product_image_page":4347,"user_manual":"","new_icon_1":196791,"new_icon_2":196806,"new_icon_3":196821,"new_icon_4":196836,"grow_guides":"","category":"Zusatzstoff"},"yoast_head":"<!-- This site is optimized with the Yoast SEO Premium plugin v27.5 (Yoast SEO v27.5) - https:\/\/yoast.com\/product\/yoast-seo-premium-wordpress\/ -->\n<title>Bloombastic \u2013 Der ultimative Bl\u00fctenstimulator f\u00fcr eine reiche Ernte<\/title>\n<meta name=\"description\" content=\"Entfesseln Sie das volle Potenzial Ihrer Pflanzen mit Bloombastic! Dieser leistungsstarke Bl\u00fctenstimulator sorgt f\u00fcr kr\u00e4ftige, gesunde Pflanzen und beeindruckende Ertr\u00e4ge. Ideal f\u00fcr alle Z\u00fcchter, die nach Spitzenleistungen suchen. Jetzt kaufen!\" \/>\n<meta name=\"robots\" content=\"index, follow, max-snippet:-1, max-image-preview:large, max-video-preview:-1\" \/>\n<link rel=\"canonical\" href=\"https:\/\/atami.com\/de\/produkt\/bloombastic\" \/>\n<meta property=\"og:locale\" content=\"de_DE\" \/>\n<meta property=\"og:type\" content=\"article\" \/>\n<meta property=\"og:title\" content=\"Bloombastic\" \/>\n<meta property=\"og:description\" content=\"Entfesseln Sie das volle Potenzial Ihrer Pflanzen mit Bloombastic! Dieser leistungsstarke Bl\u00fctenstimulator sorgt f\u00fcr kr\u00e4ftige, gesunde Pflanzen und beeindruckende Ertr\u00e4ge. Ideal f\u00fcr alle Z\u00fcchter, die nach Spitzenleistungen suchen. Jetzt kaufen!\" \/>\n<meta property=\"og:url\" content=\"https:\/\/atami.com\/de\/produkt\/bloombastic\" \/>\n<meta property=\"og:site_name\" content=\"Atami\" \/>\n<meta property=\"article:publisher\" content=\"https:\/\/www.facebook.com\/Atami.International\" \/>\n<meta property=\"article:modified_time\" content=\"2026-03-03T08:55:38+00:00\" \/>\n<meta property=\"og:image\" content=\"https:\/\/atami.com\/wp-content\/uploads\/2023\/02\/Bloombastic-product-image.webp\" \/>\n\t<meta property=\"og:image:width\" content=\"1080\" \/>\n\t<meta property=\"og:image:height\" content=\"1080\" \/>\n\t<meta property=\"og:image:type\" content=\"image\/webp\" \/>\n<meta name=\"twitter:card\" content=\"summary_large_image\" \/>\n<meta name=\"twitter:site\" content=\"@AtamiEU\" \/>\n<meta name=\"twitter:label1\" content=\"Gesch\u00e4tzte Lesezeit\" \/>\n\t<meta name=\"twitter:data1\" content=\"2\u00a0Minuten\" \/>\n<script type=\"application\/ld+json\" class=\"yoast-schema-graph\">{\"@context\":\"https:\\\/\\\/schema.org\",\"@graph\":[{\"@type\":\"WebPage\",\"@id\":\"https:\\\/\\\/atami.com\\\/de\\\/produkt\\\/bloombastic\",\"url\":\"https:\\\/\\\/atami.com\\\/de\\\/produkt\\\/bloombastic\",\"name\":\"Bloombastic \u2013 Der ultimative Bl\u00fctenstimulator f\u00fcr eine reiche Ernte\",\"isPartOf\":{\"@id\":\"https:\\\/\\\/atami.com\\\/de#website\"},\"primaryImageOfPage\":{\"@id\":\"https:\\\/\\\/atami.com\\\/de\\\/produkt\\\/bloombastic#primaryimage\"},\"image\":{\"@id\":\"https:\\\/\\\/atami.com\\\/de\\\/produkt\\\/bloombastic#primaryimage\"},\"thumbnailUrl\":\"https:\\\/\\\/atami.com\\\/wp-content\\\/uploads\\\/2023\\\/02\\\/Bloombastic-product-image.webp\",\"datePublished\":\"2023-02-06T13:16:50+00:00\",\"dateModified\":\"2026-03-03T08:55:38+00:00\",\"description\":\"Entfesseln Sie das volle Potenzial Ihrer Pflanzen mit Bloombastic! Dieser leistungsstarke Bl\u00fctenstimulator sorgt f\u00fcr kr\u00e4ftige, gesunde Pflanzen und beeindruckende Ertr\u00e4ge. Ideal f\u00fcr alle Z\u00fcchter, die nach Spitzenleistungen suchen. Jetzt kaufen!\",\"breadcrumb\":{\"@id\":\"https:\\\/\\\/atami.com\\\/de\\\/produkt\\\/bloombastic#breadcrumb\"},\"inLanguage\":\"de\",\"potentialAction\":[{\"@type\":\"ReadAction\",\"target\":[\"https:\\\/\\\/atami.com\\\/de\\\/produkt\\\/bloombastic\"]}]},{\"@type\":\"ImageObject\",\"inLanguage\":\"de\",\"@id\":\"https:\\\/\\\/atami.com\\\/de\\\/produkt\\\/bloombastic#primaryimage\",\"url\":\"https:\\\/\\\/atami.com\\\/wp-content\\\/uploads\\\/2023\\\/02\\\/Bloombastic-product-image.webp\",\"contentUrl\":\"https:\\\/\\\/atami.com\\\/wp-content\\\/uploads\\\/2023\\\/02\\\/Bloombastic-product-image.webp\",\"width\":1080,\"height\":1080,\"caption\":\"Bloombastic bietet einen hochwertigen Cocktail aus Mineralien und organischen Verbindungen, um die Bl\u00fctenproduktion und den Geschmack zu verbessern.\"},{\"@type\":\"BreadcrumbList\",\"@id\":\"https:\\\/\\\/atami.com\\\/de\\\/produkt\\\/bloombastic#breadcrumb\",\"itemListElement\":[{\"@type\":\"ListItem\",\"position\":1,\"name\":\"Home\",\"item\":\"https:\\\/\\\/atami.com\\\/de\"},{\"@type\":\"ListItem\",\"position\":2,\"name\":\"Produkte\",\"item\":\"https:\\\/\\\/atami.com\\\/de\\\/shop\"},{\"@type\":\"ListItem\",\"position\":3,\"name\":\"Marken\",\"item\":\"https:\\\/\\\/atami.com\\\/de\\\/produkt-kategorie\\\/marken\"},{\"@type\":\"ListItem\",\"position\":4,\"name\":\"Bastics\",\"item\":\"https:\\\/\\\/atami.com\\\/de\\\/produkt-kategorie\\\/marken\\\/bastics\"},{\"@type\":\"ListItem\",\"position\":5,\"name\":\"Bloombastic\"}]},{\"@type\":\"WebSite\",\"@id\":\"https:\\\/\\\/atami.com\\\/de#website\",\"url\":\"https:\\\/\\\/atami.com\\\/de\",\"name\":\"Atami\",\"description\":\"NATURALLY INNOVATING!\",\"publisher\":{\"@id\":\"https:\\\/\\\/atami.com\\\/de#organization\"},\"potentialAction\":[{\"@type\":\"SearchAction\",\"target\":{\"@type\":\"EntryPoint\",\"urlTemplate\":\"https:\\\/\\\/atami.com\\\/de?s={search_term_string}\"},\"query-input\":{\"@type\":\"PropertyValueSpecification\",\"valueRequired\":true,\"valueName\":\"search_term_string\"}}],\"inLanguage\":\"de\"},{\"@type\":\"Organization\",\"@id\":\"https:\\\/\\\/atami.com\\\/de#organization\",\"name\":\"Atami\",\"url\":\"https:\\\/\\\/atami.com\\\/de\",\"logo\":{\"@type\":\"ImageObject\",\"inLanguage\":\"de\",\"@id\":\"https:\\\/\\\/atami.com\\\/de#\\\/schema\\\/logo\\\/image\\\/\",\"url\":\"https:\\\/\\\/atami.com\\\/wp-content\\\/uploads\\\/2026\\\/01\\\/Atami-logo-696x696px.webp\",\"contentUrl\":\"https:\\\/\\\/atami.com\\\/wp-content\\\/uploads\\\/2026\\\/01\\\/Atami-logo-696x696px.webp\",\"width\":696,\"height\":696,\"caption\":\"Atami\"},\"image\":{\"@id\":\"https:\\\/\\\/atami.com\\\/de#\\\/schema\\\/logo\\\/image\\\/\"},\"sameAs\":[\"https:\\\/\\\/www.facebook.com\\\/Atami.International\",\"https:\\\/\\\/x.com\\\/AtamiEU\",\"https:\\\/\\\/www.youtube.com\\\/c\\\/AtamiInternational\",\"https:\\\/\\\/www.instagram.com\\\/atami.international\\\/\"],\"description\":\"ATAMI is a premium plant nutrition & substrate brand founded in 1997 with the mission to make exceptional cultivation achievable for everyone. From legacy to license, we offer a wide variety of innovating award-winning products to let cultivators achieve maximum results in taste & yield.\",\"email\":\"info@mginnovations.es\",\"legalName\":\"Atami\",\"numberOfEmployees\":{\"@type\":\"QuantitativeValue\",\"minValue\":\"11\",\"maxValue\":\"50\"}}]}<\/script>\n<!-- \/ Yoast SEO Premium plugin. -->","yoast_head_json":{"title":"Bloombastic \u2013 Der ultimative Bl\u00fctenstimulator f\u00fcr eine reiche Ernte","description":"Entfesseln Sie das volle Potenzial Ihrer Pflanzen mit Bloombastic! Dieser leistungsstarke Bl\u00fctenstimulator sorgt f\u00fcr kr\u00e4ftige, gesunde Pflanzen und beeindruckende Ertr\u00e4ge. Ideal f\u00fcr alle Z\u00fcchter, die nach Spitzenleistungen suchen. Jetzt kaufen!","robots":{"index":"index","follow":"follow","max-snippet":"max-snippet:-1","max-image-preview":"max-image-preview:large","max-video-preview":"max-video-preview:-1"},"canonical":"https:\/\/atami.com\/de\/produkt\/bloombastic","og_locale":"de_DE","og_type":"article","og_title":"Bloombastic","og_description":"Entfesseln Sie das volle Potenzial Ihrer Pflanzen mit Bloombastic! Dieser leistungsstarke Bl\u00fctenstimulator sorgt f\u00fcr kr\u00e4ftige, gesunde Pflanzen und beeindruckende Ertr\u00e4ge. Ideal f\u00fcr alle Z\u00fcchter, die nach Spitzenleistungen suchen. Jetzt kaufen!","og_url":"https:\/\/atami.com\/de\/produkt\/bloombastic","og_site_name":"Atami","article_publisher":"https:\/\/www.facebook.com\/Atami.International","article_modified_time":"2026-03-03T08:55:38+00:00","og_image":[{"width":1080,"height":1080,"url":"https:\/\/atami.com\/wp-content\/uploads\/2023\/02\/Bloombastic-product-image.webp","type":"image\/webp"}],"twitter_card":"summary_large_image","twitter_site":"@AtamiEU","twitter_misc":{"Gesch\u00e4tzte Lesezeit":"2\u00a0Minuten"},"schema":{"@context":"https:\/\/schema.org","@graph":[{"@type":"WebPage","@id":"https:\/\/atami.com\/de\/produkt\/bloombastic","url":"https:\/\/atami.com\/de\/produkt\/bloombastic","name":"Bloombastic \u2013 Der ultimative Bl\u00fctenstimulator f\u00fcr eine reiche Ernte","isPartOf":{"@id":"https:\/\/atami.com\/de#website"},"primaryImageOfPage":{"@id":"https:\/\/atami.com\/de\/produkt\/bloombastic#primaryimage"},"image":{"@id":"https:\/\/atami.com\/de\/produkt\/bloombastic#primaryimage"},"thumbnailUrl":"https:\/\/atami.com\/wp-content\/uploads\/2023\/02\/Bloombastic-product-image.webp","datePublished":"2023-02-06T13:16:50+00:00","dateModified":"2026-03-03T08:55:38+00:00","description":"Entfesseln Sie das volle Potenzial Ihrer Pflanzen mit Bloombastic! Dieser leistungsstarke Bl\u00fctenstimulator sorgt f\u00fcr kr\u00e4ftige, gesunde Pflanzen und beeindruckende Ertr\u00e4ge. Ideal f\u00fcr alle Z\u00fcchter, die nach Spitzenleistungen suchen. Jetzt kaufen!","breadcrumb":{"@id":"https:\/\/atami.com\/de\/produkt\/bloombastic#breadcrumb"},"inLanguage":"de","potentialAction":[{"@type":"ReadAction","target":["https:\/\/atami.com\/de\/produkt\/bloombastic"]}]},{"@type":"ImageObject","inLanguage":"de","@id":"https:\/\/atami.com\/de\/produkt\/bloombastic#primaryimage","url":"https:\/\/atami.com\/wp-content\/uploads\/2023\/02\/Bloombastic-product-image.webp","contentUrl":"https:\/\/atami.com\/wp-content\/uploads\/2023\/02\/Bloombastic-product-image.webp","width":1080,"height":1080,"caption":"Bloombastic bietet einen hochwertigen Cocktail aus Mineralien und organischen Verbindungen, um die Bl\u00fctenproduktion und den Geschmack zu verbessern."},{"@type":"BreadcrumbList","@id":"https:\/\/atami.com\/de\/produkt\/bloombastic#breadcrumb","itemListElement":[{"@type":"ListItem","position":1,"name":"Home","item":"https:\/\/atami.com\/de"},{"@type":"ListItem","position":2,"name":"Produkte","item":"https:\/\/atami.com\/de\/shop"},{"@type":"ListItem","position":3,"name":"Marken","item":"https:\/\/atami.com\/de\/produkt-kategorie\/marken"},{"@type":"ListItem","position":4,"name":"Bastics","item":"https:\/\/atami.com\/de\/produkt-kategorie\/marken\/bastics"},{"@type":"ListItem","position":5,"name":"Bloombastic"}]},{"@type":"WebSite","@id":"https:\/\/atami.com\/de#website","url":"https:\/\/atami.com\/de","name":"Atami","description":"NATURALLY INNOVATING!","publisher":{"@id":"https:\/\/atami.com\/de#organization"},"potentialAction":[{"@type":"SearchAction","target":{"@type":"EntryPoint","urlTemplate":"https:\/\/atami.com\/de?s={search_term_string}"},"query-input":{"@type":"PropertyValueSpecification","valueRequired":true,"valueName":"search_term_string"}}],"inLanguage":"de"},{"@type":"Organization","@id":"https:\/\/atami.com\/de#organization","name":"Atami","url":"https:\/\/atami.com\/de","logo":{"@type":"ImageObject","inLanguage":"de","@id":"https:\/\/atami.com\/de#\/schema\/logo\/image\/","url":"https:\/\/atami.com\/wp-content\/uploads\/2026\/01\/Atami-logo-696x696px.webp","contentUrl":"https:\/\/atami.com\/wp-content\/uploads\/2026\/01\/Atami-logo-696x696px.webp","width":696,"height":696,"caption":"Atami"},"image":{"@id":"https:\/\/atami.com\/de#\/schema\/logo\/image\/"},"sameAs":["https:\/\/www.facebook.com\/Atami.International","https:\/\/x.com\/AtamiEU","https:\/\/www.youtube.com\/c\/AtamiInternational","https:\/\/www.instagram.com\/atami.international\/"],"description":"ATAMI is a premium plant nutrition & substrate brand founded in 1997 with the mission to make exceptional cultivation achievable for everyone. From legacy to license, we offer a wide variety of innovating award-winning products to let cultivators achieve maximum results in taste & yield.","email":"info@mginnovations.es","legalName":"Atami","numberOfEmployees":{"@type":"QuantitativeValue","minValue":"11","maxValue":"50"}}]}},"_links":{"self":[{"href":"https:\/\/atami.com\/de\/wp-json\/wp\/v2\/product\/21861","targetHints":{"allow":["GET"]}}],"collection":[{"href":"https:\/\/atami.com\/de\/wp-json\/wp\/v2\/product"}],"about":[{"href":"https:\/\/atami.com\/de\/wp-json\/wp\/v2\/types\/product"}],"replies":[{"embeddable":true,"href":"https:\/\/atami.com\/de\/wp-json\/wp\/v2\/comments?post=21861"}],"wp:featuredmedia":[{"embeddable":true,"href":"https:\/\/atami.com\/de\/wp-json\/wp\/v2\/media\/202119"}],"wp:attachment":[{"href":"https:\/\/atami.com\/de\/wp-json\/wp\/v2\/media?parent=21861"}],"wp:term":[{"taxonomy":"product_brand","embeddable":true,"href":"https:\/\/atami.com\/de\/wp-json\/wp\/v2\/product_brand?post=21861"},{"taxonomy":"product_cat","embeddable":true,"href":"https:\/\/atami.com\/de\/wp-json\/wp\/v2\/product_cat?post=21861"},{"taxonomy":"product_tag","embeddable":true,"href":"https:\/\/atami.com\/de\/wp-json\/wp\/v2\/product_tag?post=21861"}],"curies":[{"name":"wp","href":"https:\/\/api.w.org\/{rel}","templated":true}]}}