{"id":211888,"date":"2023-02-08T10:42:06","date_gmt":"2023-02-08T10:42:06","guid":{"rendered":"https:\/\/atami.com\/product\/ata-awa-max-ab"},"modified":"2026-03-03T15:04:46","modified_gmt":"2026-03-03T13:04:46","slug":"ata-awa-max-ab","status":"publish","type":"product","link":"https:\/\/atami.com\/de\/produkt\/ata-awa-max-ab","title":{"rendered":"ATA Awa Max A&#038;B"},"content":{"rendered":"<p><strong>ATA Awa Max ist ein universeller Grundn\u00e4hrstoff, der speziell f\u00fcr den Anbau in Hydrokultursystemen entwickelt wurde und die Pflanze mit den wichtigsten NPK-N\u00e4hrstoffen versorgt. Diese sind perfekt auf die Bl\u00fctephase abgestimmt.<\/strong><\/p>\n<p>&nbsp;<\/p>\n<p>Dank der pH-regulierenden Eigenschaften von ATA Awa Max sind kaum Anpassungen oder Zusatzstoffe erforderlich, sodass die Pflanze viel schneller und effizienter bl\u00fcht.<\/p>\n<p>&nbsp;<\/p>\n<p>Die N\u00e4hrl\u00f6sung kann mehrmals verwendet werden.<\/p>\n<p>&nbsp;<\/p>\n<p><strong>ATA AWA MAX IST GEEIGNET F\u00dcR:<\/strong><\/p>\n<p>ATA Awa Max A&amp;B ist ein Universal-N\u00e4hrstoff, der f\u00fcr verschiedene Obst-, Gem\u00fcse- und Kr\u00e4utersorten wie Auberginen, Salbei und Basilikum geeignet ist. Er kann auch f\u00fcr Zimmer- und Topfpflanzen (z. B. Anthurium, Lavendel, Gerbera, Pilea) verwendet werden. Die erforderliche Dosierung kann entsprechend den Bed\u00fcrfnissen der einzelnen Pflanzen oder Kulturen dosiert werden.<\/p>\n<p>&nbsp;<\/p>\n<p><strong>ANWENDUNG<\/strong><\/p>\n<p>Da bestimmte Bestandteile von ATA Awa Max in einer konzentrierten L\u00f6sung miteinander reagieren, werden die Komponenten A und B in separaten Flaschen geliefert. Diese beiden Grundn\u00e4hrstoffe d\u00fcrfen nur in einer verd\u00fcnnten L\u00f6sung miteinander kombiniert werden. Die Konzentrate A und B d\u00fcrfen nur in Verbindung mit Wasser miteinander gemischt werden. Verwenden Sie f\u00fcr optimale Ergebnisse Wasser mit Raumtemperatur (21 \u00b0C).<\/p>\n<p>&nbsp;<\/p>\n<p><strong>DOSIERUNG<\/strong><\/p>\n<p>1 \u2013 4 ml A und 1 \u2013 4 ml B pro Liter Wasser.<\/p>\n<p>&nbsp;<\/p>\n<p><strong>ATA Awa Max A: NK 3-6 W\/W<\/strong><\/p>\n<p><strong>ATA Awa Max B: PK 5-3 W\/W<\/strong><\/p>\n<p>&nbsp;<\/p>\n<p><strong>ERH\u00c4LTLICH IN 250 ML, 1 LITER, 5 LITER, 10 LITER<\/strong><\/p>\n","protected":false},"excerpt":{"rendered":"<p>Bl\u00fctephase<\/p>\n<p>Hydro<\/p>\n","protected":false},"featured_media":23741,"comment_status":"closed","ping_status":"closed","template":"","meta":{"_acf_changed":false,"iawp_total_views":10},"product_brand":[],"product_cat":[190,191],"product_tag":[],"class_list":{"0":"post-211888","1":"product","2":"type-product","3":"status-publish","4":"has-post-thumbnail","6":"product_cat-ata","7":"product_cat-grundnahrstoffe","9":"first","10":"instock","11":"shipping-taxable","12":"product-type-simple"},"acf":{"short_description":"<p><strong>ATA Awa Max ist ein universeller Grundn\u00e4hrstoff, der speziell f\u00fcr den Anbau in Hydrokultursystemen entwickelt wurde und die Pflanze mit den wichtigsten NPK-N\u00e4hrstoffen versorgt. Diese sind perfekt auf die Bl\u00fctephase abgestimmt.<\/strong><\/p>\r\n<p>Dank der pH-regulierenden Eigenschaften von ATA Awa Max sind kaum Anpassungen oder Zusatzstoffe erforderlich, sodass die Pflanze viel schneller und effizienter bl\u00fcht.<\/p>\r\n<p>Die N\u00e4hrl\u00f6sung kann mehrmals verwendet werden.<\/p>","suitable_for":"<p>ATA Awa Max A&amp;B ist ein Universal-N\u00e4hrstoff, der f\u00fcr verschiedene Obst-, Gem\u00fcse- und Kr\u00e4utersorten wie Auberginen, Salbei und Basilikum geeignet ist. Er kann auch f\u00fcr Zimmer- und Topfpflanzen (z. B. Anthurium, Lavendel, Gerbera, Pilea) verwendet werden. Die erforderliche Dosierung kann entsprechend den Bed\u00fcrfnissen der einzelnen Pflanzen oder Kulturen dosiert werden.<\/p>","application":"<p>Da bestimmte Bestandteile von ATA Awa Max in einer konzentrierten L\u00f6sung miteinander reagieren, werden die Komponenten A und B in separaten Flaschen geliefert. Diese beiden Grundn\u00e4hrstoffe d\u00fcrfen nur in einer verd\u00fcnnten L\u00f6sung miteinander kombiniert werden. Die Konzentrate A und B d\u00fcrfen nur in Verbindung mit Wasser miteinander gemischt werden. Verwenden Sie f\u00fcr optimale Ergebnisse Wasser mit Raumtemperatur (21 \u00b0C).<\/p>","dosage":"<p>1 \u2013 4 ml A und 1 \u2013 4 ml B pro Liter Wasser.<\/p>","npk_ratio":"<p>ATA Awa Max A: NK 3-6 W\/W<\/p>\r\n<p>ATA Awa Max B: PK 5-3 W\/W<\/p>","available_in":"<p>ERH\u00c4LTLICH IN 250 ML, 1 LITER, 5 LITER, 10 LITER<\/p>","icon_1":1567,"icon_1_text":"STIMULIERT DIE PRODUKTION VON CHLOROPHYLL","icon_2":1571,"icon_2_text":"ENTH\u00c4LT NPK","icon_3":1575,"icon_3_text":"F\u00dcR ALLE BEW\u00c4SSERUNGSSYSTEME GEEIGNET","icon_4":"","icon_4_text":"","video":"","second_image":"","product_image_page":"","user_manual":"","new_icon_1":"","new_icon_2":"","new_icon_3":"","new_icon_4":"","grow_guides":"","category":"Basisn\u00e4hrstoff"},"yoast_head":"<!-- This site is optimized with the Yoast SEO Premium plugin v27.4 (Yoast SEO v27.4) - https:\/\/yoast.com\/product\/yoast-seo-premium-wordpress\/ -->\n<title>ATA Awa Max A&amp;B | Atami<\/title>\n<meta name=\"robots\" content=\"index, follow, max-snippet:-1, max-image-preview:large, max-video-preview:-1\" \/>\n<link rel=\"canonical\" href=\"https:\/\/atami.com\/de\/produkt\/ata-awa-max-ab\" \/>\n<meta property=\"og:locale\" content=\"de_DE\" \/>\n<meta property=\"og:type\" content=\"article\" \/>\n<meta property=\"og:title\" content=\"ATA Awa Max A&amp;B\" \/>\n<meta property=\"og:description\" content=\"Bl\u00fctephase Hydro\" \/>\n<meta property=\"og:url\" content=\"https:\/\/atami.com\/de\/produkt\/ata-awa-max-ab\" \/>\n<meta property=\"og:site_name\" content=\"Atami\" \/>\n<meta property=\"article:publisher\" content=\"https:\/\/www.facebook.com\/Atami.International\" \/>\n<meta property=\"article:modified_time\" content=\"2026-03-03T13:04:46+00:00\" \/>\n<meta property=\"og:image\" content=\"https:\/\/atami.com\/wp-content\/uploads\/2023\/02\/ATA-Awa-Max-Main-Image.webp\" \/>\n\t<meta property=\"og:image:width\" content=\"1080\" \/>\n\t<meta property=\"og:image:height\" content=\"1080\" \/>\n\t<meta property=\"og:image:type\" content=\"image\/webp\" \/>\n<meta name=\"twitter:card\" content=\"summary_large_image\" \/>\n<meta name=\"twitter:site\" content=\"@AtamiEU\" \/>\n<meta name=\"twitter:label1\" content=\"Gesch\u00e4tzte Lesezeit\" \/>\n\t<meta name=\"twitter:data1\" content=\"2\u00a0Minuten\" \/>\n<script type=\"application\/ld+json\" class=\"yoast-schema-graph\">{\"@context\":\"https:\\\/\\\/schema.org\",\"@graph\":[{\"@type\":\"WebPage\",\"@id\":\"https:\\\/\\\/atami.com\\\/de\\\/produkt\\\/ata-awa-max-ab\",\"url\":\"https:\\\/\\\/atami.com\\\/de\\\/produkt\\\/ata-awa-max-ab\",\"name\":\"ATA Awa Max A&B | Atami\",\"isPartOf\":{\"@id\":\"https:\\\/\\\/atami.com\\\/de#website\"},\"primaryImageOfPage\":{\"@id\":\"https:\\\/\\\/atami.com\\\/de\\\/produkt\\\/ata-awa-max-ab#primaryimage\"},\"image\":{\"@id\":\"https:\\\/\\\/atami.com\\\/de\\\/produkt\\\/ata-awa-max-ab#primaryimage\"},\"thumbnailUrl\":\"https:\\\/\\\/atami.com\\\/wp-content\\\/uploads\\\/2023\\\/02\\\/ATA-Awa-Max-Main-Image.webp\",\"datePublished\":\"2023-02-08T10:42:06+00:00\",\"dateModified\":\"2026-03-03T13:04:46+00:00\",\"breadcrumb\":{\"@id\":\"https:\\\/\\\/atami.com\\\/de\\\/produkt\\\/ata-awa-max-ab#breadcrumb\"},\"inLanguage\":\"de\",\"potentialAction\":[{\"@type\":\"ReadAction\",\"target\":[\"https:\\\/\\\/atami.com\\\/de\\\/produkt\\\/ata-awa-max-ab\"]}]},{\"@type\":\"ImageObject\",\"inLanguage\":\"de\",\"@id\":\"https:\\\/\\\/atami.com\\\/de\\\/produkt\\\/ata-awa-max-ab#primaryimage\",\"url\":\"https:\\\/\\\/atami.com\\\/wp-content\\\/uploads\\\/2023\\\/02\\\/ATA-Awa-Max-Main-Image.webp\",\"contentUrl\":\"https:\\\/\\\/atami.com\\\/wp-content\\\/uploads\\\/2023\\\/02\\\/ATA-Awa-Max-Main-Image.webp\",\"width\":1080,\"height\":1080,\"caption\":\"ATA Awa Max A&B liefert essentielle NPK-N\u00e4hrstoffe mit pH-regulierenden Eigenschaften und f\u00f6rdert so eine optimale Bl\u00fcte in Hydrokultursystemen.\"},{\"@type\":\"BreadcrumbList\",\"@id\":\"https:\\\/\\\/atami.com\\\/de\\\/produkt\\\/ata-awa-max-ab#breadcrumb\",\"itemListElement\":[{\"@type\":\"ListItem\",\"position\":1,\"name\":\"Home\",\"item\":\"https:\\\/\\\/atami.com\\\/de\"},{\"@type\":\"ListItem\",\"position\":2,\"name\":\"Produkte\",\"item\":\"https:\\\/\\\/atami.com\\\/de\\\/shop\"},{\"@type\":\"ListItem\",\"position\":3,\"name\":\"D\u00fcngemittel\",\"item\":\"https:\\\/\\\/atami.com\\\/de\\\/produkt-kategorie\\\/dungemittel\"},{\"@type\":\"ListItem\",\"position\":4,\"name\":\"Grundn\u00e4hrstoffe\",\"item\":\"https:\\\/\\\/atami.com\\\/de\\\/produkt-kategorie\\\/dungemittel\\\/grundnahrstoffe\"},{\"@type\":\"ListItem\",\"position\":5,\"name\":\"ATA Awa Max A&#038;B\"}]},{\"@type\":\"WebSite\",\"@id\":\"https:\\\/\\\/atami.com\\\/de#website\",\"url\":\"https:\\\/\\\/atami.com\\\/de\",\"name\":\"Atami\",\"description\":\"NATURALLY INNOVATING!\",\"publisher\":{\"@id\":\"https:\\\/\\\/atami.com\\\/de#organization\"},\"potentialAction\":[{\"@type\":\"SearchAction\",\"target\":{\"@type\":\"EntryPoint\",\"urlTemplate\":\"https:\\\/\\\/atami.com\\\/de?s={search_term_string}\"},\"query-input\":{\"@type\":\"PropertyValueSpecification\",\"valueRequired\":true,\"valueName\":\"search_term_string\"}}],\"inLanguage\":\"de\"},{\"@type\":\"Organization\",\"@id\":\"https:\\\/\\\/atami.com\\\/de#organization\",\"name\":\"Atami\",\"url\":\"https:\\\/\\\/atami.com\\\/de\",\"logo\":{\"@type\":\"ImageObject\",\"inLanguage\":\"de\",\"@id\":\"https:\\\/\\\/atami.com\\\/de#\\\/schema\\\/logo\\\/image\\\/\",\"url\":\"https:\\\/\\\/atami.com\\\/wp-content\\\/uploads\\\/2026\\\/01\\\/Atami-logo-696x696px.webp\",\"contentUrl\":\"https:\\\/\\\/atami.com\\\/wp-content\\\/uploads\\\/2026\\\/01\\\/Atami-logo-696x696px.webp\",\"width\":696,\"height\":696,\"caption\":\"Atami\"},\"image\":{\"@id\":\"https:\\\/\\\/atami.com\\\/de#\\\/schema\\\/logo\\\/image\\\/\"},\"sameAs\":[\"https:\\\/\\\/www.facebook.com\\\/Atami.International\",\"https:\\\/\\\/x.com\\\/AtamiEU\",\"https:\\\/\\\/www.youtube.com\\\/c\\\/AtamiInternational\",\"https:\\\/\\\/www.instagram.com\\\/atami.international\\\/\"],\"description\":\"ATAMI is a premium plant nutrition & substrate brand founded in 1997 with the mission to make exceptional cultivation achievable for everyone. From legacy to license, we offer a wide variety of innovating award-winning products to let cultivators achieve maximum results in taste & yield.\",\"email\":\"info@mginnovations.es\",\"legalName\":\"Atami\",\"numberOfEmployees\":{\"@type\":\"QuantitativeValue\",\"minValue\":\"11\",\"maxValue\":\"50\"}}]}<\/script>\n<!-- \/ Yoast SEO Premium plugin. -->","yoast_head_json":{"title":"ATA Awa Max A&B | Atami","robots":{"index":"index","follow":"follow","max-snippet":"max-snippet:-1","max-image-preview":"max-image-preview:large","max-video-preview":"max-video-preview:-1"},"canonical":"https:\/\/atami.com\/de\/produkt\/ata-awa-max-ab","og_locale":"de_DE","og_type":"article","og_title":"ATA Awa Max A&B","og_description":"Bl\u00fctephase Hydro","og_url":"https:\/\/atami.com\/de\/produkt\/ata-awa-max-ab","og_site_name":"Atami","article_publisher":"https:\/\/www.facebook.com\/Atami.International","article_modified_time":"2026-03-03T13:04:46+00:00","og_image":[{"width":1080,"height":1080,"url":"https:\/\/atami.com\/wp-content\/uploads\/2023\/02\/ATA-Awa-Max-Main-Image.webp","type":"image\/webp"}],"twitter_card":"summary_large_image","twitter_site":"@AtamiEU","twitter_misc":{"Gesch\u00e4tzte Lesezeit":"2\u00a0Minuten"},"schema":{"@context":"https:\/\/schema.org","@graph":[{"@type":"WebPage","@id":"https:\/\/atami.com\/de\/produkt\/ata-awa-max-ab","url":"https:\/\/atami.com\/de\/produkt\/ata-awa-max-ab","name":"ATA Awa Max A&B | Atami","isPartOf":{"@id":"https:\/\/atami.com\/de#website"},"primaryImageOfPage":{"@id":"https:\/\/atami.com\/de\/produkt\/ata-awa-max-ab#primaryimage"},"image":{"@id":"https:\/\/atami.com\/de\/produkt\/ata-awa-max-ab#primaryimage"},"thumbnailUrl":"https:\/\/atami.com\/wp-content\/uploads\/2023\/02\/ATA-Awa-Max-Main-Image.webp","datePublished":"2023-02-08T10:42:06+00:00","dateModified":"2026-03-03T13:04:46+00:00","breadcrumb":{"@id":"https:\/\/atami.com\/de\/produkt\/ata-awa-max-ab#breadcrumb"},"inLanguage":"de","potentialAction":[{"@type":"ReadAction","target":["https:\/\/atami.com\/de\/produkt\/ata-awa-max-ab"]}]},{"@type":"ImageObject","inLanguage":"de","@id":"https:\/\/atami.com\/de\/produkt\/ata-awa-max-ab#primaryimage","url":"https:\/\/atami.com\/wp-content\/uploads\/2023\/02\/ATA-Awa-Max-Main-Image.webp","contentUrl":"https:\/\/atami.com\/wp-content\/uploads\/2023\/02\/ATA-Awa-Max-Main-Image.webp","width":1080,"height":1080,"caption":"ATA Awa Max A&B liefert essentielle NPK-N\u00e4hrstoffe mit pH-regulierenden Eigenschaften und f\u00f6rdert so eine optimale Bl\u00fcte in Hydrokultursystemen."},{"@type":"BreadcrumbList","@id":"https:\/\/atami.com\/de\/produkt\/ata-awa-max-ab#breadcrumb","itemListElement":[{"@type":"ListItem","position":1,"name":"Home","item":"https:\/\/atami.com\/de"},{"@type":"ListItem","position":2,"name":"Produkte","item":"https:\/\/atami.com\/de\/shop"},{"@type":"ListItem","position":3,"name":"D\u00fcngemittel","item":"https:\/\/atami.com\/de\/produkt-kategorie\/dungemittel"},{"@type":"ListItem","position":4,"name":"Grundn\u00e4hrstoffe","item":"https:\/\/atami.com\/de\/produkt-kategorie\/dungemittel\/grundnahrstoffe"},{"@type":"ListItem","position":5,"name":"ATA Awa Max A&#038;B"}]},{"@type":"WebSite","@id":"https:\/\/atami.com\/de#website","url":"https:\/\/atami.com\/de","name":"Atami","description":"NATURALLY INNOVATING!","publisher":{"@id":"https:\/\/atami.com\/de#organization"},"potentialAction":[{"@type":"SearchAction","target":{"@type":"EntryPoint","urlTemplate":"https:\/\/atami.com\/de?s={search_term_string}"},"query-input":{"@type":"PropertyValueSpecification","valueRequired":true,"valueName":"search_term_string"}}],"inLanguage":"de"},{"@type":"Organization","@id":"https:\/\/atami.com\/de#organization","name":"Atami","url":"https:\/\/atami.com\/de","logo":{"@type":"ImageObject","inLanguage":"de","@id":"https:\/\/atami.com\/de#\/schema\/logo\/image\/","url":"https:\/\/atami.com\/wp-content\/uploads\/2026\/01\/Atami-logo-696x696px.webp","contentUrl":"https:\/\/atami.com\/wp-content\/uploads\/2026\/01\/Atami-logo-696x696px.webp","width":696,"height":696,"caption":"Atami"},"image":{"@id":"https:\/\/atami.com\/de#\/schema\/logo\/image\/"},"sameAs":["https:\/\/www.facebook.com\/Atami.International","https:\/\/x.com\/AtamiEU","https:\/\/www.youtube.com\/c\/AtamiInternational","https:\/\/www.instagram.com\/atami.international\/"],"description":"ATAMI is a premium plant nutrition & substrate brand founded in 1997 with the mission to make exceptional cultivation achievable for everyone. From legacy to license, we offer a wide variety of innovating award-winning products to let cultivators achieve maximum results in taste & yield.","email":"info@mginnovations.es","legalName":"Atami","numberOfEmployees":{"@type":"QuantitativeValue","minValue":"11","maxValue":"50"}}]}},"_links":{"self":[{"href":"https:\/\/atami.com\/de\/wp-json\/wp\/v2\/product\/211888","targetHints":{"allow":["GET"]}}],"collection":[{"href":"https:\/\/atami.com\/de\/wp-json\/wp\/v2\/product"}],"about":[{"href":"https:\/\/atami.com\/de\/wp-json\/wp\/v2\/types\/product"}],"replies":[{"embeddable":true,"href":"https:\/\/atami.com\/de\/wp-json\/wp\/v2\/comments?post=211888"}],"wp:featuredmedia":[{"embeddable":true,"href":"https:\/\/atami.com\/de\/wp-json\/wp\/v2\/media\/23741"}],"wp:attachment":[{"href":"https:\/\/atami.com\/de\/wp-json\/wp\/v2\/media?parent=211888"}],"wp:term":[{"taxonomy":"product_brand","embeddable":true,"href":"https:\/\/atami.com\/de\/wp-json\/wp\/v2\/product_brand?post=211888"},{"taxonomy":"product_cat","embeddable":true,"href":"https:\/\/atami.com\/de\/wp-json\/wp\/v2\/product_cat?post=211888"},{"taxonomy":"product_tag","embeddable":true,"href":"https:\/\/atami.com\/de\/wp-json\/wp\/v2\/product_tag?post=211888"}],"curies":[{"name":"wp","href":"https:\/\/api.w.org\/{rel}","templated":true}]}}