{"id":211883,"date":"2023-02-08T10:14:38","date_gmt":"2023-02-08T10:14:38","guid":{"rendered":"https:\/\/atami.com\/product\/ata-awa-leaves-ab"},"modified":"2026-03-03T15:04:19","modified_gmt":"2026-03-03T13:04:19","slug":"ata-awa-leaves-ab","status":"publish","type":"product","link":"https:\/\/atami.com\/de\/produkt\/ata-awa-leaves-ab","title":{"rendered":"ATA Awa Leaves A&#038;B"},"content":{"rendered":"<p><strong>ATA Awa Leaves A&amp;B ist ein universeller Grundn\u00e4hrstoff, der die Pflanze mit den prim\u00e4ren NPK-N\u00e4hrstoffen versorgt, die w\u00e4hrend des Wachstumszyklus der Pflanze ben\u00f6tigt werden. Diese universelle Grundn\u00e4hrstoffl\u00f6sung kann bei Bedarf mit einer Reihe von Mikron\u00e4hrstoffen erg\u00e4nzt werden.<\/strong><\/p>\n<p>&nbsp;<\/p>\n<p>Der Grundn\u00e4hrstoff ATA Awa Leaves wird w\u00e4hrend des Wachstumszyklus der Pflanze verwendet und wurde f\u00fcr den Anbau in Hydrokultursystemen entwickelt. Dieser N\u00e4hrstoff hat pH-regulierende Eigenschaften, sodass die pH-Werte kaum angepasst werden m\u00fcssen, was zu einem schnelleren und effizienteren Wachstum der Pflanze f\u00fchrt. Die komplexe Formel von ATA Awa Leaves A&amp;B garantiert eine optimale N\u00e4hrl\u00f6sung w\u00e4hrend der gesamten Wachstumsperiode.<\/p>\n<p>&nbsp;<\/p>\n<p><strong>ATA AWA LEAVES IST GEEIGNET F\u00dcR:<\/strong><br \/>\nATA Awa Leaves A&amp;B ist ein universeller N\u00e4hrstoff, der f\u00fcr verschiedene Obst-, Gem\u00fcse- und Kr\u00e4utersorten wie Salat, Tomaten und Salbei sowie f\u00fcr Zierpflanzen geeignet ist. Er kann auch f\u00fcr Zimmer- und Topfpflanzen (z. B. Ficus, Dracaena usw.) verwendet werden. Die erforderliche Dosierung kann entsprechend den Bed\u00fcrfnissen der jeweiligen Pflanze oder Kultur gemessen werden.<\/p>\n<p>&nbsp;<\/p>\n<p><strong>ANWENDUNG<\/strong><br \/>\nATA Awa Leaves A und B werden in zwei separaten Flaschen geliefert. Diese beiden Grundn\u00e4hrstoffe k\u00f6nnen nur in einer verd\u00fcnnten L\u00f6sung kombiniert werden. Durch die Wiederverwendung des N\u00e4hrwassers nimmt die Pflanze denselben N\u00e4hrstoff mehrmals auf.<\/p>\n<p>&nbsp;<\/p>\n<p><strong>DOSIERUNG<\/strong><br \/>\n1 \u2013 4 ml A und 1 \u2013 4 ml B pro Liter Wasser.<\/p>\n<p>&nbsp;<\/p>\n<p><strong>ATA LEAVES A: NK 5-3 W\/W<\/strong><br \/>\n<strong>ATA LEAVES B: PK 3-3 W\/W<\/strong><\/p>\n<p>&nbsp;<\/p>\n<p><strong>ERH\u00c4LTLICH IN 250 ML, 1 LITER, 5 LITER, 10 LITER.<\/strong><\/p>\n","protected":false},"excerpt":{"rendered":"<p>Wachstumsphase<\/p>\n<p>Hydro<\/p>\n","protected":false},"featured_media":23726,"comment_status":"closed","ping_status":"closed","template":"","meta":{"_acf_changed":false,"iawp_total_views":10},"product_brand":[],"product_cat":[190,191],"product_tag":[],"class_list":{"0":"post-211883","1":"product","2":"type-product","3":"status-publish","4":"has-post-thumbnail","6":"product_cat-ata","7":"product_cat-grundnahrstoffe","9":"first","10":"instock","11":"shipping-taxable","12":"product-type-simple"},"acf":{"short_description":"<p><strong>ATA Awa Leaves A&amp;B ist ein universeller Grundn\u00e4hrstoff, der die Pflanze mit den prim\u00e4ren NPK-N\u00e4hrstoffen versorgt, die w\u00e4hrend des Wachstumszyklus der Pflanze ben\u00f6tigt werden. Diese universelle Grundn\u00e4hrstoffl\u00f6sung kann bei Bedarf mit einer Reihe von Mikron\u00e4hrstoffen erg\u00e4nzt werden.<\/strong><\/p>\r\n<p>Der Grundn\u00e4hrstoff ATA Awa Leaves wird w\u00e4hrend des Wachstumszyklus der Pflanze verwendet und wurde f\u00fcr den Anbau in Hydrokultursystemen entwickelt. Dieser N\u00e4hrstoff hat pH-regulierende Eigenschaften, sodass die pH-Werte kaum angepasst werden m\u00fcssen, was zu einem schnelleren und effizienteren Wachstum der Pflanze f\u00fchrt. Die komplexe Formel von ATA Awa Leaves A&amp;B garantiert eine optimale N\u00e4hrl\u00f6sung w\u00e4hrend der gesamten Wachstumsperiode.<\/p>","suitable_for":"<p>ATA Awa Leaves A&amp;B ist ein universeller N\u00e4hrstoff, der f\u00fcr verschiedene Obst-, Gem\u00fcse- und Kr\u00e4utersorten wie Salat, Tomaten und Salbei sowie f\u00fcr Zierpflanzen geeignet ist. Er kann auch f\u00fcr Zimmer- und Topfpflanzen (z. B. Ficus, Dracaena usw.) verwendet werden. Die erforderliche Dosierung kann entsprechend den Bed\u00fcrfnissen der jeweiligen Pflanze oder Kultur gemessen werden.<\/p>","application":"<p>ATA Awa Leaves A und B werden in zwei separaten Flaschen geliefert. Diese beiden Grundn\u00e4hrstoffe k\u00f6nnen nur in einer verd\u00fcnnten L\u00f6sung kombiniert werden. Durch die Wiederverwendung des N\u00e4hrwassers nimmt die Pflanze denselben N\u00e4hrstoff mehrmals auf.<\/p>","dosage":"<p>1 \u2013 4 ml A und 1 \u2013 4 ml B pro Liter Wasser.<\/p>","npk_ratio":"<p>ATA LEAVES A: NK 5-3 W\/W<\/p>\r\n<p>ATA LEAVES B: PK 3-3 W\/W<\/p>","available_in":"<p>ERH\u00c4LTLICH IN 250 ML, 1 LITER, 5 LITER, 10 LITER.<\/p>","icon_1":1529,"icon_1_text":"STIMULIERT DIE PRODUKTION VON CHLOROPHYLL","icon_2":1533,"icon_2_text":"GARANTIERT OPTIMALES WACHSTUM","icon_3":1537,"icon_3_text":"F\u00dcR ALLE BEW\u00c4SSERUNGSSYSTEME GEEIGNET","icon_4":"","icon_4_text":"","video":"","second_image":"","product_image_page":"","user_manual":"","new_icon_1":"","new_icon_2":"","new_icon_3":"","new_icon_4":"","grow_guides":"","category":"Basisn\u00e4hrstoff"},"yoast_head":"<!-- This site is optimized with the Yoast SEO Premium plugin v27.4 (Yoast SEO v27.4) - https:\/\/yoast.com\/product\/yoast-seo-premium-wordpress\/ -->\n<title>ATA Awa Leaves A&amp;B | Atami<\/title>\n<meta name=\"robots\" content=\"index, follow, max-snippet:-1, max-image-preview:large, max-video-preview:-1\" \/>\n<link rel=\"canonical\" href=\"https:\/\/atami.com\/de\/produkt\/ata-awa-leaves-ab\" \/>\n<meta property=\"og:locale\" content=\"de_DE\" \/>\n<meta property=\"og:type\" content=\"article\" \/>\n<meta property=\"og:title\" content=\"ATA Awa Leaves A&amp;B\" \/>\n<meta property=\"og:description\" content=\"Wachstumsphase Hydro\" \/>\n<meta property=\"og:url\" content=\"https:\/\/atami.com\/de\/produkt\/ata-awa-leaves-ab\" \/>\n<meta property=\"og:site_name\" content=\"Atami\" \/>\n<meta property=\"article:publisher\" content=\"https:\/\/www.facebook.com\/Atami.International\" \/>\n<meta property=\"article:modified_time\" content=\"2026-03-03T13:04:19+00:00\" \/>\n<meta property=\"og:image\" content=\"https:\/\/atami.com\/wp-content\/uploads\/2023\/02\/ATA-Awa-Leaves-Main-Image.webp\" \/>\n\t<meta property=\"og:image:width\" content=\"1080\" \/>\n\t<meta property=\"og:image:height\" content=\"1080\" \/>\n\t<meta property=\"og:image:type\" content=\"image\/webp\" \/>\n<meta name=\"twitter:card\" content=\"summary_large_image\" \/>\n<meta name=\"twitter:site\" content=\"@AtamiEU\" \/>\n<meta name=\"twitter:label1\" content=\"Gesch\u00e4tzte Lesezeit\" \/>\n\t<meta name=\"twitter:data1\" content=\"2\u00a0Minuten\" \/>\n<script type=\"application\/ld+json\" class=\"yoast-schema-graph\">{\"@context\":\"https:\\\/\\\/schema.org\",\"@graph\":[{\"@type\":\"WebPage\",\"@id\":\"https:\\\/\\\/atami.com\\\/de\\\/produkt\\\/ata-awa-leaves-ab\",\"url\":\"https:\\\/\\\/atami.com\\\/de\\\/produkt\\\/ata-awa-leaves-ab\",\"name\":\"ATA Awa Leaves A&B | Atami\",\"isPartOf\":{\"@id\":\"https:\\\/\\\/atami.com\\\/de#website\"},\"primaryImageOfPage\":{\"@id\":\"https:\\\/\\\/atami.com\\\/de\\\/produkt\\\/ata-awa-leaves-ab#primaryimage\"},\"image\":{\"@id\":\"https:\\\/\\\/atami.com\\\/de\\\/produkt\\\/ata-awa-leaves-ab#primaryimage\"},\"thumbnailUrl\":\"https:\\\/\\\/atami.com\\\/wp-content\\\/uploads\\\/2023\\\/02\\\/ATA-Awa-Leaves-Main-Image.webp\",\"datePublished\":\"2023-02-08T10:14:38+00:00\",\"dateModified\":\"2026-03-03T13:04:19+00:00\",\"breadcrumb\":{\"@id\":\"https:\\\/\\\/atami.com\\\/de\\\/produkt\\\/ata-awa-leaves-ab#breadcrumb\"},\"inLanguage\":\"de\",\"potentialAction\":[{\"@type\":\"ReadAction\",\"target\":[\"https:\\\/\\\/atami.com\\\/de\\\/produkt\\\/ata-awa-leaves-ab\"]}]},{\"@type\":\"ImageObject\",\"inLanguage\":\"de\",\"@id\":\"https:\\\/\\\/atami.com\\\/de\\\/produkt\\\/ata-awa-leaves-ab#primaryimage\",\"url\":\"https:\\\/\\\/atami.com\\\/wp-content\\\/uploads\\\/2023\\\/02\\\/ATA-Awa-Leaves-Main-Image.webp\",\"contentUrl\":\"https:\\\/\\\/atami.com\\\/wp-content\\\/uploads\\\/2023\\\/02\\\/ATA-Awa-Leaves-Main-Image.webp\",\"width\":1080,\"height\":1080,\"caption\":\"ATA Awa Leaves A&B liefert essentielle NPK-N\u00e4hrstoffe mit pH-regulierenden Eigenschaften und f\u00f6rdert so ein optimales Pflanzenwachstum in Hydrokultursystemen.\"},{\"@type\":\"BreadcrumbList\",\"@id\":\"https:\\\/\\\/atami.com\\\/de\\\/produkt\\\/ata-awa-leaves-ab#breadcrumb\",\"itemListElement\":[{\"@type\":\"ListItem\",\"position\":1,\"name\":\"Home\",\"item\":\"https:\\\/\\\/atami.com\\\/de\"},{\"@type\":\"ListItem\",\"position\":2,\"name\":\"Produkte\",\"item\":\"https:\\\/\\\/atami.com\\\/de\\\/shop\"},{\"@type\":\"ListItem\",\"position\":3,\"name\":\"D\u00fcngemittel\",\"item\":\"https:\\\/\\\/atami.com\\\/de\\\/produkt-kategorie\\\/dungemittel\"},{\"@type\":\"ListItem\",\"position\":4,\"name\":\"Grundn\u00e4hrstoffe\",\"item\":\"https:\\\/\\\/atami.com\\\/de\\\/produkt-kategorie\\\/dungemittel\\\/grundnahrstoffe\"},{\"@type\":\"ListItem\",\"position\":5,\"name\":\"ATA Awa Leaves A&#038;B\"}]},{\"@type\":\"WebSite\",\"@id\":\"https:\\\/\\\/atami.com\\\/de#website\",\"url\":\"https:\\\/\\\/atami.com\\\/de\",\"name\":\"Atami\",\"description\":\"NATURALLY INNOVATING!\",\"publisher\":{\"@id\":\"https:\\\/\\\/atami.com\\\/de#organization\"},\"potentialAction\":[{\"@type\":\"SearchAction\",\"target\":{\"@type\":\"EntryPoint\",\"urlTemplate\":\"https:\\\/\\\/atami.com\\\/de?s={search_term_string}\"},\"query-input\":{\"@type\":\"PropertyValueSpecification\",\"valueRequired\":true,\"valueName\":\"search_term_string\"}}],\"inLanguage\":\"de\"},{\"@type\":\"Organization\",\"@id\":\"https:\\\/\\\/atami.com\\\/de#organization\",\"name\":\"Atami\",\"url\":\"https:\\\/\\\/atami.com\\\/de\",\"logo\":{\"@type\":\"ImageObject\",\"inLanguage\":\"de\",\"@id\":\"https:\\\/\\\/atami.com\\\/de#\\\/schema\\\/logo\\\/image\\\/\",\"url\":\"https:\\\/\\\/atami.com\\\/wp-content\\\/uploads\\\/2026\\\/01\\\/Atami-logo-696x696px.webp\",\"contentUrl\":\"https:\\\/\\\/atami.com\\\/wp-content\\\/uploads\\\/2026\\\/01\\\/Atami-logo-696x696px.webp\",\"width\":696,\"height\":696,\"caption\":\"Atami\"},\"image\":{\"@id\":\"https:\\\/\\\/atami.com\\\/de#\\\/schema\\\/logo\\\/image\\\/\"},\"sameAs\":[\"https:\\\/\\\/www.facebook.com\\\/Atami.International\",\"https:\\\/\\\/x.com\\\/AtamiEU\",\"https:\\\/\\\/www.youtube.com\\\/c\\\/AtamiInternational\",\"https:\\\/\\\/www.instagram.com\\\/atami.international\\\/\"],\"description\":\"ATAMI is a premium plant nutrition & substrate brand founded in 1997 with the mission to make exceptional cultivation achievable for everyone. From legacy to license, we offer a wide variety of innovating award-winning products to let cultivators achieve maximum results in taste & yield.\",\"email\":\"info@mginnovations.es\",\"legalName\":\"Atami\",\"numberOfEmployees\":{\"@type\":\"QuantitativeValue\",\"minValue\":\"11\",\"maxValue\":\"50\"}}]}<\/script>\n<!-- \/ Yoast SEO Premium plugin. -->","yoast_head_json":{"title":"ATA Awa Leaves A&B | Atami","robots":{"index":"index","follow":"follow","max-snippet":"max-snippet:-1","max-image-preview":"max-image-preview:large","max-video-preview":"max-video-preview:-1"},"canonical":"https:\/\/atami.com\/de\/produkt\/ata-awa-leaves-ab","og_locale":"de_DE","og_type":"article","og_title":"ATA Awa Leaves A&B","og_description":"Wachstumsphase Hydro","og_url":"https:\/\/atami.com\/de\/produkt\/ata-awa-leaves-ab","og_site_name":"Atami","article_publisher":"https:\/\/www.facebook.com\/Atami.International","article_modified_time":"2026-03-03T13:04:19+00:00","og_image":[{"width":1080,"height":1080,"url":"https:\/\/atami.com\/wp-content\/uploads\/2023\/02\/ATA-Awa-Leaves-Main-Image.webp","type":"image\/webp"}],"twitter_card":"summary_large_image","twitter_site":"@AtamiEU","twitter_misc":{"Gesch\u00e4tzte Lesezeit":"2\u00a0Minuten"},"schema":{"@context":"https:\/\/schema.org","@graph":[{"@type":"WebPage","@id":"https:\/\/atami.com\/de\/produkt\/ata-awa-leaves-ab","url":"https:\/\/atami.com\/de\/produkt\/ata-awa-leaves-ab","name":"ATA Awa Leaves A&B | Atami","isPartOf":{"@id":"https:\/\/atami.com\/de#website"},"primaryImageOfPage":{"@id":"https:\/\/atami.com\/de\/produkt\/ata-awa-leaves-ab#primaryimage"},"image":{"@id":"https:\/\/atami.com\/de\/produkt\/ata-awa-leaves-ab#primaryimage"},"thumbnailUrl":"https:\/\/atami.com\/wp-content\/uploads\/2023\/02\/ATA-Awa-Leaves-Main-Image.webp","datePublished":"2023-02-08T10:14:38+00:00","dateModified":"2026-03-03T13:04:19+00:00","breadcrumb":{"@id":"https:\/\/atami.com\/de\/produkt\/ata-awa-leaves-ab#breadcrumb"},"inLanguage":"de","potentialAction":[{"@type":"ReadAction","target":["https:\/\/atami.com\/de\/produkt\/ata-awa-leaves-ab"]}]},{"@type":"ImageObject","inLanguage":"de","@id":"https:\/\/atami.com\/de\/produkt\/ata-awa-leaves-ab#primaryimage","url":"https:\/\/atami.com\/wp-content\/uploads\/2023\/02\/ATA-Awa-Leaves-Main-Image.webp","contentUrl":"https:\/\/atami.com\/wp-content\/uploads\/2023\/02\/ATA-Awa-Leaves-Main-Image.webp","width":1080,"height":1080,"caption":"ATA Awa Leaves A&B liefert essentielle NPK-N\u00e4hrstoffe mit pH-regulierenden Eigenschaften und f\u00f6rdert so ein optimales Pflanzenwachstum in Hydrokultursystemen."},{"@type":"BreadcrumbList","@id":"https:\/\/atami.com\/de\/produkt\/ata-awa-leaves-ab#breadcrumb","itemListElement":[{"@type":"ListItem","position":1,"name":"Home","item":"https:\/\/atami.com\/de"},{"@type":"ListItem","position":2,"name":"Produkte","item":"https:\/\/atami.com\/de\/shop"},{"@type":"ListItem","position":3,"name":"D\u00fcngemittel","item":"https:\/\/atami.com\/de\/produkt-kategorie\/dungemittel"},{"@type":"ListItem","position":4,"name":"Grundn\u00e4hrstoffe","item":"https:\/\/atami.com\/de\/produkt-kategorie\/dungemittel\/grundnahrstoffe"},{"@type":"ListItem","position":5,"name":"ATA Awa Leaves A&#038;B"}]},{"@type":"WebSite","@id":"https:\/\/atami.com\/de#website","url":"https:\/\/atami.com\/de","name":"Atami","description":"NATURALLY INNOVATING!","publisher":{"@id":"https:\/\/atami.com\/de#organization"},"potentialAction":[{"@type":"SearchAction","target":{"@type":"EntryPoint","urlTemplate":"https:\/\/atami.com\/de?s={search_term_string}"},"query-input":{"@type":"PropertyValueSpecification","valueRequired":true,"valueName":"search_term_string"}}],"inLanguage":"de"},{"@type":"Organization","@id":"https:\/\/atami.com\/de#organization","name":"Atami","url":"https:\/\/atami.com\/de","logo":{"@type":"ImageObject","inLanguage":"de","@id":"https:\/\/atami.com\/de#\/schema\/logo\/image\/","url":"https:\/\/atami.com\/wp-content\/uploads\/2026\/01\/Atami-logo-696x696px.webp","contentUrl":"https:\/\/atami.com\/wp-content\/uploads\/2026\/01\/Atami-logo-696x696px.webp","width":696,"height":696,"caption":"Atami"},"image":{"@id":"https:\/\/atami.com\/de#\/schema\/logo\/image\/"},"sameAs":["https:\/\/www.facebook.com\/Atami.International","https:\/\/x.com\/AtamiEU","https:\/\/www.youtube.com\/c\/AtamiInternational","https:\/\/www.instagram.com\/atami.international\/"],"description":"ATAMI is a premium plant nutrition & substrate brand founded in 1997 with the mission to make exceptional cultivation achievable for everyone. From legacy to license, we offer a wide variety of innovating award-winning products to let cultivators achieve maximum results in taste & yield.","email":"info@mginnovations.es","legalName":"Atami","numberOfEmployees":{"@type":"QuantitativeValue","minValue":"11","maxValue":"50"}}]}},"_links":{"self":[{"href":"https:\/\/atami.com\/de\/wp-json\/wp\/v2\/product\/211883","targetHints":{"allow":["GET"]}}],"collection":[{"href":"https:\/\/atami.com\/de\/wp-json\/wp\/v2\/product"}],"about":[{"href":"https:\/\/atami.com\/de\/wp-json\/wp\/v2\/types\/product"}],"replies":[{"embeddable":true,"href":"https:\/\/atami.com\/de\/wp-json\/wp\/v2\/comments?post=211883"}],"wp:featuredmedia":[{"embeddable":true,"href":"https:\/\/atami.com\/de\/wp-json\/wp\/v2\/media\/23726"}],"wp:attachment":[{"href":"https:\/\/atami.com\/de\/wp-json\/wp\/v2\/media?parent=211883"}],"wp:term":[{"taxonomy":"product_brand","embeddable":true,"href":"https:\/\/atami.com\/de\/wp-json\/wp\/v2\/product_brand?post=211883"},{"taxonomy":"product_cat","embeddable":true,"href":"https:\/\/atami.com\/de\/wp-json\/wp\/v2\/product_cat?post=211883"},{"taxonomy":"product_tag","embeddable":true,"href":"https:\/\/atami.com\/de\/wp-json\/wp\/v2\/product_tag?post=211883"}],"curies":[{"name":"wp","href":"https:\/\/api.w.org\/{rel}","templated":true}]}}